{"id":5012,"date":"2024-05-29T17:27:58","date_gmt":"2024-05-29T15:27:58","guid":{"rendered":"https:\/\/ekre.it\/complete-company-information\/"},"modified":"2024-05-29T17:31:19","modified_gmt":"2024-05-29T15:31:19","slug":"donnees-completes-de-la-societe","status":"publish","type":"page","link":"https:\/\/ekre.it\/fr\/donnees-completes-de-la-societe\/","title":{"rendered":"Donnees completes de la societe"},"content":{"rendered":"<ul>\n<li>Comprof Milano S.r.l.<\/li>\n<li>Num\u00e9ro de T.V.A. : IT07479001211<\/li>\n<li>Si\u00e8gle social: P.zza S. Maria degli Angeli a Pizzofalcone 1, Napoli (Na) 80132<\/li>\n<li>Si\u00e8ge d\u2019exploitation: Cis di Nola Isola 8, lotto 8024, 80035 Nola (Na)<\/li>\n<li>Service du Registre du Commerce et des Soci\u00e9t\u00e9s: Napoli<\/li>\n<li>Num\u00e9ro d\u2019inscription au registre des entreprises: 07479001211<\/li>\n<li>Capital social lib\u00e9r\u00e9: \u20ac 100.000,00<\/li>\n<li>Adresse de courrier \u00e9lectronique certifi\u00e9: \u00a0<a href=\"mailto:comprofmilano@legalmail.it\">comprofmilano@legalmail.it<\/a><\/li>\n<\/ul>\n","protected":false},"excerpt":{"rendered":"<p>Comprof Milano S.r.l. Num\u00e9ro de T.V.A. : IT07479001211 Si\u00e8gle social: P.zza S. Maria degli Angeli a Pizzofalcone 1, Napoli (Na) 80132 Si\u00e8ge d\u2019exploitation: Cis di Nola Isola 8, lotto 8024, 80035 Nola (Na) Service du Registre du Commerce et des Soci\u00e9t\u00e9s: Napoli Num\u00e9ro d\u2019inscription au registre des entreprises: 07479001211 Capital social lib\u00e9r\u00e9: \u20ac 100.000,00 Adresse&hellip;<\/p>\n","protected":false},"author":1,"featured_media":0,"parent":0,"menu_order":0,"comment_status":"closed","ping_status":"closed","template":"","meta":{"footnotes":""},"class_list":["post-5012","page","type-page","status-publish","hentry","description-off"],"yoast_head":"<!-- This site is optimized with the Yoast SEO plugin v26.7 - https:\/\/yoast.com\/wordpress\/plugins\/seo\/ -->\n<title>Donnees completes de la societe - Ekre - Be Natural<\/title>\n<meta name=\"robots\" content=\"index, follow, max-snippet:-1, max-image-preview:large, max-video-preview:-1\" \/>\n<link rel=\"canonical\" href=\"https:\/\/ekre.it\/fr\/donnees-completes-de-la-societe\/\" \/>\n<meta property=\"og:locale\" content=\"fr_FR\" \/>\n<meta property=\"og:type\" content=\"article\" \/>\n<meta property=\"og:title\" content=\"Donnees completes de la societe - Ekre - Be Natural\" \/>\n<meta property=\"og:description\" content=\"Comprof Milano S.r.l. Num\u00e9ro de T.V.A. : IT07479001211 Si\u00e8gle social: P.zza S. Maria degli Angeli a Pizzofalcone 1, Napoli (Na) 80132 Si\u00e8ge d\u2019exploitation: Cis di Nola Isola 8, lotto 8024, 80035 Nola (Na) Service du Registre du Commerce et des Soci\u00e9t\u00e9s: Napoli Num\u00e9ro d\u2019inscription au registre des entreprises: 07479001211 Capital social lib\u00e9r\u00e9: \u20ac 100.000,00 Adresse&hellip;\" \/>\n<meta property=\"og:url\" content=\"https:\/\/ekre.it\/fr\/donnees-completes-de-la-societe\/\" \/>\n<meta property=\"og:site_name\" content=\"Ekre - Be Natural\" \/>\n<meta property=\"article:modified_time\" content=\"2024-05-29T15:31:19+00:00\" \/>\n<meta name=\"twitter:card\" content=\"summary_large_image\" \/>\n<meta name=\"twitter:label1\" content=\"Dur\u00e9e de lecture estim\u00e9e\" \/>\n\t<meta name=\"twitter:data1\" content=\"1 minute\" \/>\n<script type=\"application\/ld+json\" class=\"yoast-schema-graph\">{\"@context\":\"https:\/\/schema.org\",\"@graph\":[{\"@type\":\"WebPage\",\"@id\":\"https:\/\/ekre.it\/fr\/donnees-completes-de-la-societe\/\",\"url\":\"https:\/\/ekre.it\/fr\/donnees-completes-de-la-societe\/\",\"name\":\"Donnees completes de la societe - Ekre - Be Natural\",\"isPartOf\":{\"@id\":\"https:\/\/ekre.it\/fr\/#website\"},\"datePublished\":\"2024-05-29T15:27:58+00:00\",\"dateModified\":\"2024-05-29T15:31:19+00:00\",\"breadcrumb\":{\"@id\":\"https:\/\/ekre.it\/fr\/donnees-completes-de-la-societe\/#breadcrumb\"},\"inLanguage\":\"fr-FR\",\"potentialAction\":[{\"@type\":\"ReadAction\",\"target\":[\"https:\/\/ekre.it\/fr\/donnees-completes-de-la-societe\/\"]}]},{\"@type\":\"BreadcrumbList\",\"@id\":\"https:\/\/ekre.it\/fr\/donnees-completes-de-la-societe\/#breadcrumb\",\"itemListElement\":[{\"@type\":\"ListItem\",\"position\":1,\"name\":\"Home\",\"item\":\"https:\/\/ekre.it\/fr\/home\/\"},{\"@type\":\"ListItem\",\"position\":2,\"name\":\"Donnees completes de la societe\"}]},{\"@type\":\"WebSite\",\"@id\":\"https:\/\/ekre.it\/fr\/#website\",\"url\":\"https:\/\/ekre.it\/fr\/\",\"name\":\"Ekre - Be Natural\",\"description\":\"\",\"potentialAction\":[{\"@type\":\"SearchAction\",\"target\":{\"@type\":\"EntryPoint\",\"urlTemplate\":\"https:\/\/ekre.it\/fr\/?s={search_term_string}\"},\"query-input\":{\"@type\":\"PropertyValueSpecification\",\"valueRequired\":true,\"valueName\":\"search_term_string\"}}],\"inLanguage\":\"fr-FR\"}]}<\/script>\n<!-- \/ Yoast SEO plugin. -->","yoast_head_json":{"title":"Donnees completes de la societe - Ekre - Be Natural","robots":{"index":"index","follow":"follow","max-snippet":"max-snippet:-1","max-image-preview":"max-image-preview:large","max-video-preview":"max-video-preview:-1"},"canonical":"https:\/\/ekre.it\/fr\/donnees-completes-de-la-societe\/","og_locale":"fr_FR","og_type":"article","og_title":"Donnees completes de la societe - Ekre - Be Natural","og_description":"Comprof Milano S.r.l. Num\u00e9ro de T.V.A. : IT07479001211 Si\u00e8gle social: P.zza S. Maria degli Angeli a Pizzofalcone 1, Napoli (Na) 80132 Si\u00e8ge d\u2019exploitation: Cis di Nola Isola 8, lotto 8024, 80035 Nola (Na) Service du Registre du Commerce et des Soci\u00e9t\u00e9s: Napoli Num\u00e9ro d\u2019inscription au registre des entreprises: 07479001211 Capital social lib\u00e9r\u00e9: \u20ac 100.000,00 Adresse&hellip;","og_url":"https:\/\/ekre.it\/fr\/donnees-completes-de-la-societe\/","og_site_name":"Ekre - Be Natural","article_modified_time":"2024-05-29T15:31:19+00:00","twitter_card":"summary_large_image","twitter_misc":{"Dur\u00e9e de lecture estim\u00e9e":"1 minute"},"schema":{"@context":"https:\/\/schema.org","@graph":[{"@type":"WebPage","@id":"https:\/\/ekre.it\/fr\/donnees-completes-de-la-societe\/","url":"https:\/\/ekre.it\/fr\/donnees-completes-de-la-societe\/","name":"Donnees completes de la societe - Ekre - Be Natural","isPartOf":{"@id":"https:\/\/ekre.it\/fr\/#website"},"datePublished":"2024-05-29T15:27:58+00:00","dateModified":"2024-05-29T15:31:19+00:00","breadcrumb":{"@id":"https:\/\/ekre.it\/fr\/donnees-completes-de-la-societe\/#breadcrumb"},"inLanguage":"fr-FR","potentialAction":[{"@type":"ReadAction","target":["https:\/\/ekre.it\/fr\/donnees-completes-de-la-societe\/"]}]},{"@type":"BreadcrumbList","@id":"https:\/\/ekre.it\/fr\/donnees-completes-de-la-societe\/#breadcrumb","itemListElement":[{"@type":"ListItem","position":1,"name":"Home","item":"https:\/\/ekre.it\/fr\/home\/"},{"@type":"ListItem","position":2,"name":"Donnees completes de la societe"}]},{"@type":"WebSite","@id":"https:\/\/ekre.it\/fr\/#website","url":"https:\/\/ekre.it\/fr\/","name":"Ekre - Be Natural","description":"","potentialAction":[{"@type":"SearchAction","target":{"@type":"EntryPoint","urlTemplate":"https:\/\/ekre.it\/fr\/?s={search_term_string}"},"query-input":{"@type":"PropertyValueSpecification","valueRequired":true,"valueName":"search_term_string"}}],"inLanguage":"fr-FR"}]}},"_links":{"self":[{"href":"https:\/\/ekre.it\/fr\/wp-json\/wp\/v2\/pages\/5012","targetHints":{"allow":["GET"]}}],"collection":[{"href":"https:\/\/ekre.it\/fr\/wp-json\/wp\/v2\/pages"}],"about":[{"href":"https:\/\/ekre.it\/fr\/wp-json\/wp\/v2\/types\/page"}],"author":[{"embeddable":true,"href":"https:\/\/ekre.it\/fr\/wp-json\/wp\/v2\/users\/1"}],"replies":[{"embeddable":true,"href":"https:\/\/ekre.it\/fr\/wp-json\/wp\/v2\/comments?post=5012"}],"version-history":[{"count":0,"href":"https:\/\/ekre.it\/fr\/wp-json\/wp\/v2\/pages\/5012\/revisions"}],"wp:attachment":[{"href":"https:\/\/ekre.it\/fr\/wp-json\/wp\/v2\/media?parent=5012"}],"curies":[{"name":"wp","href":"https:\/\/api.w.org\/{rel}","templated":true}]}}