{"id":6703,"date":"2024-05-09T10:29:34","date_gmt":"2024-05-09T08:29:34","guid":{"rendered":"https:\/\/ekre.it\/be-natural\/"},"modified":"2024-07-08T15:44:55","modified_gmt":"2024-07-08T13:44:55","slug":"be-natural","status":"publish","type":"page","link":"https:\/\/ekre.it\/fr\/be-natural\/","title":{"rendered":"Be Natural"},"content":{"rendered":"<div class=\"wpb-content-wrapper\">[vc_row margin_top=&#8221;0px&#8221; margin_bottom=&#8221;0px&#8221; full_width_row=&#8221;true&#8221; padding_left=&#8221;0px&#8221; padding_right=&#8221;0px&#8221; css=&#8221;.vc_custom_1718349303767{margin-bottom: 0px !important;}&#8221;][vc_column el_class=&#8221;ewa-max-height&#8221;][vc_raw_html css=&#8221;&#8221;]JTNDZGl2JTIwY2xhc3MlM0QlMjJvLWhpZGRlbiUyMiUzRSU1QmFubm91bmNlciUyMGlkJTNEJTIyNjI0MSUyMiU1RCUzQyUyRmRpdiUzRQ==[\/vc_raw_html][\/vc_column][\/vc_row][vc_row][vc_column]\n\t\t\t<!-- START Be Natural REVOLUTION SLIDER 6.7.38 --><p class=\"rs-p-wp-fix\"><\/p>\n\t\t\t<rs-module-wrap id=\"rev_slider_6_1_wrapper\" data-source=\"gallery\" style=\"visibility:hidden;background:transparent;padding:0;margin:0px auto;margin-top:0;margin-bottom:0;\">\n\t\t\t\t<rs-module id=\"rev_slider_6_1\" style=\"\" data-version=\"6.7.38\">\n\t\t\t\t\t<rs-slides style=\"overflow: hidden; position: absolute;\">\n\t\t\t\t\t\t<rs-slide style=\"position: absolute;\" data-key=\"rs-21\" data-title=\"Slide\" data-in=\"o:0;\" data-out=\"a:false;\">\n\t\t\t\t\t\t\t<img decoding=\"async\" src=\"\/\/ekre.it\/wp-content\/plugins\/revslider\/sr6\/assets\/assets\/dummy.png\" alt=\"\" title=\"img_hero_be_natural\" width=\"2560\" height=\"590\" class=\"rev-slidebg tp-rs-img rs-lazyload\" data-lazyload=\"\/\/ekre.it\/wp-content\/uploads\/2024\/06\/img_hero_be_natural.jpg\" data-no-retina>\n<!--\n\t\t\t\t\t\t\t--><rs-layer\n\t\t\t\t\t\t\t\tid=\"slider-6-slide-21-layer-0\" \n\t\t\t\t\t\t\t\tdata-type=\"text\"\n\t\t\t\t\t\t\t\tdata-color=\"#333333\"\n\t\t\t\t\t\t\t\tdata-rsp_ch=\"on\"\n\t\t\t\t\t\t\t\tdata-xy=\"x:c;yo:126px,120px,124px,68px;\"\n\t\t\t\t\t\t\t\tdata-text=\"w:normal;s:35,35,30,30;l:25,13,9,28;a:center;\"\n\t\t\t\t\t\t\t\tdata-dim=\"w:auto,auto,auto,344px;\"\n\t\t\t\t\t\t\t\tdata-frame_999=\"o:0;st:w;\"\n\t\t\t\t\t\t\t\tstyle=\"z-index:5;font-family:'Courier Prime';\"\n\t\t\t\t\t\t\t>LA PHILOSOPHIE DE LA CLEAN BEAUTY \n\t\t\t\t\t\t\t<\/rs-layer><!--\n\n\t\t\t\t\t\t\t--><rs-layer\n\t\t\t\t\t\t\t\tid=\"slider-6-slide-21-layer-1\" \n\t\t\t\t\t\t\t\tdata-type=\"text\"\n\t\t\t\t\t\t\t\tdata-color=\"#333333\"\n\t\t\t\t\t\t\t\tdata-rsp_ch=\"on\"\n\t\t\t\t\t\t\t\tdata-xy=\"x:c;xo:0,0,0,-3px;yo:185px,170px,163px,136px;\"\n\t\t\t\t\t\t\t\tdata-text=\"w:normal;s:16;l:25,25,25,25;a:center;\"\n\t\t\t\t\t\t\t\tdata-dim=\"w:902px,766px,605px,391px;\"\n\t\t\t\t\t\t\t\tdata-frame_999=\"o:0;st:w;\"\n\t\t\t\t\t\t\t\tstyle=\"z-index:6;font-family:'Open Sans';\"\n\t\t\t\t\t\t\t>Nous avons choisi la voie de l'\u00e9quilibre avec la nature, le <b>respect de la communaut\u00e9 et une consommation consciente<\/b>. Par notre engagement, nous diffusons le concept de clean-beauty, c'est-\u00e0-dire une beaut\u00e9 transparente et responsable, pour devenir l'alli\u00e9 \u00ab durable \u00bb des coiffeurs et la bonne alternative professionnelle pour ceux qui veulent prendre soin d'eux-m\u00eames, en <b>respectant les autres formes de vie<\/b>. \n\t\t\t\t\t\t\t<\/rs-layer><!--\n-->\t\t\t\t\t<\/rs-slide>\n\t\t\t\t\t<\/rs-slides>\n\t\t\t\t<\/rs-module>\n\t\t\t\t<script>\n\t\t\t\t\tsetREVStartSize({c: 'rev_slider_6_1',rl:[1240,1024,778,480],el:[400,400,400,400],gw:[1920,1024,778,480],gh:[400,400,400,400],type:'standard',justify:'',layout:'fullwidth',mh:\"0\"});if (window.RS_MODULES!==undefined && window.RS_MODULES.modules!==undefined && window.RS_MODULES.modules[\"revslider61\"]!==undefined) {window.RS_MODULES.modules[\"revslider61\"].once = false;window.revapi6 = undefined;if (window.RS_MODULES.checkMinimal!==undefined) window.RS_MODULES.checkMinimal()}\n\t\t\t\t<\/script>\n\t\t\t<\/rs-module-wrap>\n\t\t\t<!-- END REVOLUTION SLIDER -->\n[\/vc_column][\/vc_row][vc_row full_width_row=&#8221;true&#8221;][vc_column offset=&#8221;vc_hidden-sm vc_hidden-xs&#8221;][vc_empty_space height=&#8221;50px&#8221;][vc_row_inner][vc_column_inner width=&#8221;1\/2&#8243; css=&#8221;.vc_custom_1718370493551{background-image: url(https:\/\/ekre.it\/wp-content\/uploads\/2024\/06\/be_natural_vegan_sfondo.jpg?id=6565) !important;background-position: center !important;background-repeat: no-repeat !important;background-size: cover !important;}&#8221;][vc_single_image image=&#8221;6574&#8243; img_size=&#8221;full&#8221; alignment=&#8221;center&#8221; css=&#8221;.vc_custom_1718370791696{padding-top: 15% !important;padding-bottom: 15% !important;}&#8221;][\/vc_column_inner][vc_column_inner width=&#8221;1\/12&#8243;][\/vc_column_inner][vc_column_inner width=&#8221;1\/3&#8243;][vc_column_text css=&#8221;.vc_custom_1718891978677{padding-top: 10% !important;}&#8221;]\n<h1>LA CERTIFICATION V\u00c9GANOK<\/h1>\n<p>V\u00c9GANOK est une certification de d\u00e9finition des produits v\u00e9g\u00e9taliens.<\/p>\n<p>V\u00c9GANOK est synonyme de produits <strong>\u00ab\u00a0cruelty free\u00a0\u00bb<\/strong>, c&#8217;est-\u00e0-dire \u00ab\u00a0sans maltraitance animale\u00a0\u00bb, et donc qui <strong>n&#8217;ont pas caus\u00e9 de souffrance au moindre \u00eatre vivant<\/strong>.<\/p>\n<h2>UN CHOIX ESSENTIEL POUR L\u2019AVENIR DE NOTRE CIVILISATION.<\/h2>\n<p>Il n\u2019y a pas que le produit fini qui <strong>ne doit pas \u00eatre test\u00e9 sur les animaux<\/strong>. Le produit doit \u00e9galement l\u2019\u00eatre, \u00e0 <strong>tous les stades de sa cr\u00e9ation<\/strong>, et donc <strong>tous les composants et substances<\/strong> qu\u2019il contient. Nos produits <strong>ne contiennent pas de <\/strong>substances d&#8217;origine animale, <strong>ne sont pas le fruit de l&#8217;<\/strong>exploitation animale et <strong>ne sont pas test\u00e9s <\/strong>sur les animaux.[\/vc_column_text][vc_column_text css=&#8221;&#8221;]\n<h2>BE THE CHANGE. GO VEGAN.<\/h2>\n[\/vc_column_text][\/vc_column_inner][vc_column_inner width=&#8221;1\/12&#8243;][\/vc_column_inner][\/vc_row_inner][\/vc_column][\/vc_row][vc_row full_width_row=&#8221;true&#8221;][vc_column offset=&#8221;vc_hidden-lg vc_hidden-md&#8221;][vc_empty_space height=&#8221;50px&#8221;][vc_row_inner][vc_column_inner css=&#8221;.vc_custom_1718370493551{background-image: url(https:\/\/ekre.it\/wp-content\/uploads\/2024\/06\/be_natural_vegan_sfondo.jpg?id=6565) !important;background-position: center !important;background-repeat: no-repeat !important;background-size: cover !important;}&#8221;][vc_single_image image=&#8221;6574&#8243; img_size=&#8221;full&#8221; alignment=&#8221;center&#8221; css=&#8221;.vc_custom_1718370791696{padding-top: 15% !important;padding-bottom: 15% !important;}&#8221;][\/vc_column_inner][\/vc_row_inner][vc_row_inner css=&#8221;.vc_custom_1718800853980{margin-right: 10px !important;margin-left: 10px !important;}&#8221;][vc_column_inner][vc_column_text css=&#8221;.vc_custom_1718892030095{padding-top: 10% !important;}&#8221;]\n<h1 style=\"text-align: center;\">LA CERTIFICATION V\u00c9GANOK<\/h1>\n<p style=\"text-align: center;\">V\u00c9GANOK est une certification de d\u00e9finition des produits v\u00e9g\u00e9taliens.<\/p>\n<p style=\"text-align: center;\">V\u00c9GANOK est synonyme de produits <strong>\u00ab\u00a0cruelty free\u00a0\u00bb<\/strong>, c&#8217;est-\u00e0-dire \u00ab\u00a0sans maltraitance animale\u00a0\u00bb, et donc qui <strong>n&#8217;ont pas caus\u00e9 de souffrance au moindre \u00eatre vivant<\/strong>.<\/p>\n<p style=\"text-align: center;\">UNA SCELTA ESSENZIALE<\/p>\n<h2 style=\"text-align: center;\">UN CHOIX ESSENTIEL POUR L\u2019AVENIR DE NOTRE CIVILISATION.<\/h2>\n<p style=\"text-align: center;\">Il n\u2019y a pas que le produit fini qui <strong>ne doit pas \u00eatre test\u00e9 sur les animaux<\/strong>. Le produit doit \u00e9galement l\u2019\u00eatre, \u00e0 <strong>tous les stades de sa cr\u00e9ation<\/strong>, et donc <strong>tous les composants et substances<\/strong> qu\u2019il contient. Nos produits <strong>ne contiennent pas de <\/strong>substances d&#8217;origine animale, <strong>ne sont pas le fruit de l&#8217;<\/strong>exploitation animale et <strong>ne sont pas test\u00e9s <\/strong>sur les animaux.<\/p>\n[\/vc_column_text][vc_column_text css=&#8221;&#8221;]\n<h2 style=\"text-align: center;\">BE THE CHANGE. GO VEGAN.<\/h2>\n[\/vc_column_text][\/vc_column_inner][\/vc_row_inner][\/vc_column][\/vc_row][vc_row][vc_column][vc_empty_space height=&#8221;50px&#8221;][\/vc_column][\/vc_row][vc_row type=&#8221;vc_default&#8221; full_width=&#8221;stretch_row_content&#8221; full_width_row=&#8221;true&#8221; css=&#8221;.vc_custom_1718801285705{background-image: url(https:\/\/ekre.it\/wp-content\/uploads\/2024\/06\/sfondo-riga-be_natural.png?id=6624) !important;background-position: 0 0 !important;background-repeat: repeat !important;}&#8221;][vc_column offset=&#8221;vc_hidden-sm vc_hidden-xs&#8221;][vc_empty_space height=&#8221;50px&#8221;][vc_row_inner gap=&#8221;20&#8243;][vc_column_inner width=&#8221;1\/5&#8243;][\/vc_column_inner][vc_column_inner width=&#8221;1\/5&#8243; css=&#8221;.vc_custom_1718783786895{background-color: #ffffff !important;border-color: #0f0f0f !important;}&#8221;][vc_column_text css=&#8221;.vc_custom_1718892052045{margin-top: 10% !important;margin-right: 10% !important;margin-bottom: 17% !important;margin-left: 10% !important;}&#8221;]\n<h2><span style=\"font-weight: 400;\">RESPECT<\/span><\/h2>\n<p>Nous entendons d\u00e9velopper des formules qui respectent non seulement les cheveux, mais aussi <strong>chaque forme de vie<\/strong> car <strong>nous croyons \u00e0 l&#8217;impact <\/strong>de nos actions.[\/vc_column_text][\/vc_column_inner][vc_column_inner width=&#8221;1\/5&#8243; css=&#8221;.vc_custom_1718782732098{background-color: #ffffff !important;}&#8221;][vc_column_text css=&#8221;.vc_custom_1718892068945{margin-top: 10% !important;margin-right: 10% !important;margin-bottom: 10% !important;margin-left: 10% !important;}&#8221;]\n<h2><span style=\"font-weight: 400;\">DIVERSIT\u00c9<\/span><\/h2>\n<p>Nous observons tout, <strong>sans pr\u00e9jug\u00e9s<\/strong>, et <strong>valorisons la diversit\u00e9<\/strong>, nous sommes ouverts \u00e0 toute forme d\u2019inspiration et de nouvelles id\u00e9es qui peuvent nous mener \u00e0 une production et une consommation plus conscientes.[\/vc_column_text][\/vc_column_inner][vc_column_inner width=&#8221;1\/5&#8243; css=&#8221;.vc_custom_1718783703824{background-color: #ffffff !important;}&#8221;][vc_column_text css=&#8221;.vc_custom_1718892086862{margin-top: 10% !important;margin-right: 10% !important;margin-bottom: 10% !important;margin-left: 10% !important;}&#8221;]\n<h2><span style=\"font-weight: 400;\">\u00c9QUILIBRE<\/span><\/h2>\n<p>Nous sommes convaincus que chacun de nos gestes doit viser \u00e0 atteindre une <strong>harmonie parfaite avec nous-m\u00eames et avec les autres formes de vie<\/strong>. Pour cette raison, nous s\u00e9lectionnons uniquement des principes actifs v\u00e9gans.[\/vc_column_text][\/vc_column_inner][vc_column_inner width=&#8221;1\/5&#8243;][\/vc_column_inner][\/vc_row_inner][vc_empty_space height=&#8221;50px&#8221;][\/vc_column][\/vc_row][vc_row type=&#8221;vc_default&#8221; full_width=&#8221;stretch_row_content&#8221; full_width_row=&#8221;true&#8221; css=&#8221;.vc_custom_1718802156886{background-image: url(https:\/\/ekre.it\/wp-content\/uploads\/2024\/06\/sfondo_mobile.png?id=6674) !important;background-position: center !important;background-repeat: no-repeat !important;background-size: cover !important;}&#8221;][vc_column offset=&#8221;vc_hidden-lg vc_hidden-md&#8221;][vc_empty_space height=&#8221;50px&#8221;][vc_row_inner gap=&#8221;20&#8243;][vc_column_inner][vc_column_text css=&#8221;.vc_custom_1718892105730{margin-top: 10% !important;margin-right: 10% !important;margin-bottom: 10% !important;margin-left: 10% !important;padding-top: 10% !important;padding-right: 10% !important;padding-bottom: 10% !important;padding-left: 10% !important;background-color: #ffffff !important;}&#8221;]\n<h2><span style=\"font-weight: 400;\">RESPECT<\/span><\/h2>\n<p>Nous entendons d\u00e9velopper des formules qui respectent non seulement les cheveux, mais aussi <strong>chaque forme de vie<\/strong> car <strong>nous croyons \u00e0 l&#8217;impact <\/strong>de nos actions.[\/vc_column_text][vc_column_text css=&#8221;.vc_custom_1718892124931{margin-top: 10% !important;margin-right: 10% !important;margin-bottom: 10% !important;margin-left: 10% !important;padding-top: 10% !important;padding-right: 10% !important;padding-bottom: 10% !important;padding-left: 10% !important;background-color: #ffffff !important;}&#8221;]\n<h2><span style=\"font-weight: 400;\">DIVERSIT\u00c9<\/span><\/h2>\n<p>Nous observons tout, <strong>sans pr\u00e9jug\u00e9s<\/strong>, et <strong>valorisons la diversit\u00e9<\/strong>, nous sommes ouverts \u00e0 toute forme d\u2019inspiration et de nouvelles id\u00e9es qui peuvent nous mener \u00e0 une production et une consommation plus conscientes.[\/vc_column_text][vc_column_text css=&#8221;.vc_custom_1718892141197{margin-top: 10% !important;margin-right: 10% !important;margin-bottom: 10% !important;margin-left: 10% !important;padding-top: 10% !important;padding-right: 10% !important;padding-bottom: 10% !important;padding-left: 10% !important;background-color: #ffffff !important;}&#8221;]\n<h2><span style=\"font-weight: 400;\">\u00c9QUILIBRE<\/span><\/h2>\n<p>Nous sommes convaincus que chacun de nos gestes doit viser \u00e0 atteindre une <strong>harmonie parfaite avec nous-m\u00eames et avec les autres formes de vie<\/strong>. Pour cette raison, nous s\u00e9lectionnons uniquement des principes actifs v\u00e9gans.[\/vc_column_text][\/vc_column_inner][\/vc_row_inner][vc_empty_space height=&#8221;50px&#8221;][\/vc_column][\/vc_row]\n<\/div>","protected":false},"excerpt":{"rendered":"<p>[vc_row margin_top=&#8221;0px&#8221; margin_bottom=&#8221;0px&#8221; full_width_row=&#8221;true&#8221; padding_left=&#8221;0px&#8221; padding_right=&#8221;0px&#8221; css=&#8221;.vc_custom_1718349303767{margin-bottom: 0px !important;}&#8221;][vc_column el_class=&#8221;ewa-max-height&#8221;][vc_raw_html css=&#8221;&#8221;]JTNDZGl2JTIwY2xhc3MlM0QlMjJvLWhpZGRlbiUyMiUzRSU1QmFubm91bmNlciUyMGlkJTNEJTIyNjI0MSUyMiU1RCUzQyUyRmRpdiUzRQ==[\/vc_raw_html][\/vc_column][\/vc_row][vc_row][vc_column][\/vc_column][\/vc_row][vc_row full_width_row=&#8221;true&#8221;][vc_column offset=&#8221;vc_hidden-sm vc_hidden-xs&#8221;][vc_empty_space height=&#8221;50px&#8221;][vc_row_inner][vc_column_inner width=&#8221;1\/2&#8243; css=&#8221;.vc_custom_1718370493551{background-image: url(https:\/\/ekre.it\/wp-content\/uploads\/2024\/06\/be_natural_vegan_sfondo.jpg?id=6565) !important;background-position: center !important;background-repeat: no-repeat !important;background-size: cover !important;}&#8221;][vc_single_image image=&#8221;6574&#8243; img_size=&#8221;full&#8221; alignment=&#8221;center&#8221; css=&#8221;.vc_custom_1718370791696{padding-top: 15% !important;padding-bottom: 15% !important;}&#8221;][\/vc_column_inner][vc_column_inner width=&#8221;1\/12&#8243;][\/vc_column_inner][vc_column_inner width=&#8221;1\/3&#8243;][vc_column_text css=&#8221;.vc_custom_1718891978677{padding-top: 10% !important;}&#8221;] LA CERTIFICATION V\u00c9GANOK V\u00c9GANOK est une certification de d\u00e9finition des produits v\u00e9g\u00e9taliens. V\u00c9GANOK est synonyme de produits&hellip;<\/p>\n","protected":false},"author":1,"featured_media":0,"parent":0,"menu_order":0,"comment_status":"closed","ping_status":"closed","template":"","meta":{"footnotes":""},"class_list":["post-6703","page","type-page","status-publish","hentry","description-off"],"yoast_head":"<!-- This site is optimized with the Yoast SEO plugin v26.7 - https:\/\/yoast.com\/wordpress\/plugins\/seo\/ -->\n<title>Be Natural - Ekre - Be Natural<\/title>\n<meta name=\"robots\" content=\"index, follow, max-snippet:-1, max-image-preview:large, max-video-preview:-1\" \/>\n<link rel=\"canonical\" href=\"https:\/\/ekre.it\/fr\/be-natural\/\" \/>\n<meta property=\"og:locale\" content=\"fr_FR\" \/>\n<meta property=\"og:type\" content=\"article\" \/>\n<meta property=\"og:title\" content=\"Be Natural - Ekre - Be Natural\" \/>\n<meta property=\"og:description\" content=\"[vc_row margin_top=&#8221;0px&#8221; margin_bottom=&#8221;0px&#8221; full_width_row=&#8221;true&#8221; padding_left=&#8221;0px&#8221; padding_right=&#8221;0px&#8221; css=&#8221;.vc_custom_1718349303767{margin-bottom: 0px !important;}&#8221;][vc_column el_class=&#8221;ewa-max-height&#8221;][vc_raw_html css=&#8221;&#8221;]JTNDZGl2JTIwY2xhc3MlM0QlMjJvLWhpZGRlbiUyMiUzRSU1QmFubm91bmNlciUyMGlkJTNEJTIyNjI0MSUyMiU1RCUzQyUyRmRpdiUzRQ==[\/vc_raw_html][\/vc_column][\/vc_row][vc_row][vc_column][\/vc_column][\/vc_row][vc_row full_width_row=&#8221;true&#8221;][vc_column offset=&#8221;vc_hidden-sm vc_hidden-xs&#8221;][vc_empty_space height=&#8221;50px&#8221;][vc_row_inner][vc_column_inner width=&#8221;1\/2&#8243; css=&#8221;.vc_custom_1718370493551{background-image: url(https:\/\/ekre.it\/wp-content\/uploads\/2024\/06\/be_natural_vegan_sfondo.jpg?id=6565) !important;background-position: center !important;background-repeat: no-repeat !important;background-size: cover !important;}&#8221;][vc_single_image image=&#8221;6574&#8243; img_size=&#8221;full&#8221; alignment=&#8221;center&#8221; css=&#8221;.vc_custom_1718370791696{padding-top: 15% !important;padding-bottom: 15% !important;}&#8221;][\/vc_column_inner][vc_column_inner width=&#8221;1\/12&#8243;][\/vc_column_inner][vc_column_inner width=&#8221;1\/3&#8243;][vc_column_text css=&#8221;.vc_custom_1718891978677{padding-top: 10% !important;}&#8221;] LA CERTIFICATION V\u00c9GANOK V\u00c9GANOK est une certification de d\u00e9finition des produits v\u00e9g\u00e9taliens. V\u00c9GANOK est synonyme de produits&hellip;\" \/>\n<meta property=\"og:url\" content=\"https:\/\/ekre.it\/fr\/be-natural\/\" \/>\n<meta property=\"og:site_name\" content=\"Ekre - Be Natural\" \/>\n<meta property=\"article:modified_time\" content=\"2024-07-08T13:44:55+00:00\" \/>\n<meta name=\"twitter:card\" content=\"summary_large_image\" \/>\n<meta name=\"twitter:label1\" content=\"Dur\u00e9e de lecture estim\u00e9e\" \/>\n\t<meta name=\"twitter:data1\" content=\"4 minutes\" \/>\n<script type=\"application\/ld+json\" class=\"yoast-schema-graph\">{\"@context\":\"https:\/\/schema.org\",\"@graph\":[{\"@type\":\"WebPage\",\"@id\":\"https:\/\/ekre.it\/fr\/be-natural\/\",\"url\":\"https:\/\/ekre.it\/fr\/be-natural\/\",\"name\":\"Be Natural - Ekre - Be Natural\",\"isPartOf\":{\"@id\":\"https:\/\/ekre.it\/fr\/#website\"},\"datePublished\":\"2024-05-09T08:29:34+00:00\",\"dateModified\":\"2024-07-08T13:44:55+00:00\",\"breadcrumb\":{\"@id\":\"https:\/\/ekre.it\/fr\/be-natural\/#breadcrumb\"},\"inLanguage\":\"fr-FR\",\"potentialAction\":[{\"@type\":\"ReadAction\",\"target\":[\"https:\/\/ekre.it\/fr\/be-natural\/\"]}]},{\"@type\":\"BreadcrumbList\",\"@id\":\"https:\/\/ekre.it\/fr\/be-natural\/#breadcrumb\",\"itemListElement\":[{\"@type\":\"ListItem\",\"position\":1,\"name\":\"Home\",\"item\":\"https:\/\/ekre.it\/fr\/home\/\"},{\"@type\":\"ListItem\",\"position\":2,\"name\":\"Be Natural\"}]},{\"@type\":\"WebSite\",\"@id\":\"https:\/\/ekre.it\/fr\/#website\",\"url\":\"https:\/\/ekre.it\/fr\/\",\"name\":\"Ekre - Be Natural\",\"description\":\"\",\"potentialAction\":[{\"@type\":\"SearchAction\",\"target\":{\"@type\":\"EntryPoint\",\"urlTemplate\":\"https:\/\/ekre.it\/fr\/?s={search_term_string}\"},\"query-input\":{\"@type\":\"PropertyValueSpecification\",\"valueRequired\":true,\"valueName\":\"search_term_string\"}}],\"inLanguage\":\"fr-FR\"}]}<\/script>\n<!-- \/ Yoast SEO plugin. -->","yoast_head_json":{"title":"Be Natural - Ekre - Be Natural","robots":{"index":"index","follow":"follow","max-snippet":"max-snippet:-1","max-image-preview":"max-image-preview:large","max-video-preview":"max-video-preview:-1"},"canonical":"https:\/\/ekre.it\/fr\/be-natural\/","og_locale":"fr_FR","og_type":"article","og_title":"Be Natural - Ekre - Be Natural","og_description":"[vc_row margin_top=&#8221;0px&#8221; margin_bottom=&#8221;0px&#8221; full_width_row=&#8221;true&#8221; padding_left=&#8221;0px&#8221; padding_right=&#8221;0px&#8221; css=&#8221;.vc_custom_1718349303767{margin-bottom: 0px !important;}&#8221;][vc_column el_class=&#8221;ewa-max-height&#8221;][vc_raw_html css=&#8221;&#8221;]JTNDZGl2JTIwY2xhc3MlM0QlMjJvLWhpZGRlbiUyMiUzRSU1QmFubm91bmNlciUyMGlkJTNEJTIyNjI0MSUyMiU1RCUzQyUyRmRpdiUzRQ==[\/vc_raw_html][\/vc_column][\/vc_row][vc_row][vc_column][\/vc_column][\/vc_row][vc_row full_width_row=&#8221;true&#8221;][vc_column offset=&#8221;vc_hidden-sm vc_hidden-xs&#8221;][vc_empty_space height=&#8221;50px&#8221;][vc_row_inner][vc_column_inner width=&#8221;1\/2&#8243; css=&#8221;.vc_custom_1718370493551{background-image: url(https:\/\/ekre.it\/wp-content\/uploads\/2024\/06\/be_natural_vegan_sfondo.jpg?id=6565) !important;background-position: center !important;background-repeat: no-repeat !important;background-size: cover !important;}&#8221;][vc_single_image image=&#8221;6574&#8243; img_size=&#8221;full&#8221; alignment=&#8221;center&#8221; css=&#8221;.vc_custom_1718370791696{padding-top: 15% !important;padding-bottom: 15% !important;}&#8221;][\/vc_column_inner][vc_column_inner width=&#8221;1\/12&#8243;][\/vc_column_inner][vc_column_inner width=&#8221;1\/3&#8243;][vc_column_text css=&#8221;.vc_custom_1718891978677{padding-top: 10% !important;}&#8221;] LA CERTIFICATION V\u00c9GANOK V\u00c9GANOK est une certification de d\u00e9finition des produits v\u00e9g\u00e9taliens. V\u00c9GANOK est synonyme de produits&hellip;","og_url":"https:\/\/ekre.it\/fr\/be-natural\/","og_site_name":"Ekre - Be Natural","article_modified_time":"2024-07-08T13:44:55+00:00","twitter_card":"summary_large_image","twitter_misc":{"Dur\u00e9e de lecture estim\u00e9e":"4 minutes"},"schema":{"@context":"https:\/\/schema.org","@graph":[{"@type":"WebPage","@id":"https:\/\/ekre.it\/fr\/be-natural\/","url":"https:\/\/ekre.it\/fr\/be-natural\/","name":"Be Natural - Ekre - Be Natural","isPartOf":{"@id":"https:\/\/ekre.it\/fr\/#website"},"datePublished":"2024-05-09T08:29:34+00:00","dateModified":"2024-07-08T13:44:55+00:00","breadcrumb":{"@id":"https:\/\/ekre.it\/fr\/be-natural\/#breadcrumb"},"inLanguage":"fr-FR","potentialAction":[{"@type":"ReadAction","target":["https:\/\/ekre.it\/fr\/be-natural\/"]}]},{"@type":"BreadcrumbList","@id":"https:\/\/ekre.it\/fr\/be-natural\/#breadcrumb","itemListElement":[{"@type":"ListItem","position":1,"name":"Home","item":"https:\/\/ekre.it\/fr\/home\/"},{"@type":"ListItem","position":2,"name":"Be Natural"}]},{"@type":"WebSite","@id":"https:\/\/ekre.it\/fr\/#website","url":"https:\/\/ekre.it\/fr\/","name":"Ekre - Be Natural","description":"","potentialAction":[{"@type":"SearchAction","target":{"@type":"EntryPoint","urlTemplate":"https:\/\/ekre.it\/fr\/?s={search_term_string}"},"query-input":{"@type":"PropertyValueSpecification","valueRequired":true,"valueName":"search_term_string"}}],"inLanguage":"fr-FR"}]}},"_links":{"self":[{"href":"https:\/\/ekre.it\/fr\/wp-json\/wp\/v2\/pages\/6703","targetHints":{"allow":["GET"]}}],"collection":[{"href":"https:\/\/ekre.it\/fr\/wp-json\/wp\/v2\/pages"}],"about":[{"href":"https:\/\/ekre.it\/fr\/wp-json\/wp\/v2\/types\/page"}],"author":[{"embeddable":true,"href":"https:\/\/ekre.it\/fr\/wp-json\/wp\/v2\/users\/1"}],"replies":[{"embeddable":true,"href":"https:\/\/ekre.it\/fr\/wp-json\/wp\/v2\/comments?post=6703"}],"version-history":[{"count":0,"href":"https:\/\/ekre.it\/fr\/wp-json\/wp\/v2\/pages\/6703\/revisions"}],"wp:attachment":[{"href":"https:\/\/ekre.it\/fr\/wp-json\/wp\/v2\/media?parent=6703"}],"curies":[{"name":"wp","href":"https:\/\/api.w.org\/{rel}","templated":true}]}}