{"id":5735,"date":"2024-05-22T16:56:54","date_gmt":"2024-05-22T14:56:54","guid":{"rendered":"https:\/\/ekre.it\/prodotto\/hairwave-lotion-ondulante-pour-cheveux-normaux\/"},"modified":"2024-05-31T16:35:30","modified_gmt":"2024-05-31T14:35:30","slug":"hairwave-lotion-ondulante-pour-cheveux-normaux","status":"publish","type":"product","link":"https:\/\/ekre.it\/fr\/prodotto\/hairwave-lotion-ondulante-pour-cheveux-normaux\/","title":{"rendered":"HairWave &#8211; Lotion ondulante pour cheveux normaux"},"content":{"rendered":"<div class=\"wpb-content-wrapper\">[vc_row el_class=&#8221;bordo_benefici&#8221;][vc_column][vc_column_text css=&#8221;&#8221;]\n<h2 style=\"text-align: left;\"> Avantages<\/h2>\n<ul>\n<li><span style=\"font-weight: 400;\">Con\u00e7u pour <\/span><b>cheveux normaux<\/b><\/li>\n<li><span style=\"font-weight: 400;\">Garantit une <\/span><b>ondulation parfaite<\/b><span style=\"font-weight: 400;\"> et durable<\/span><\/li>\n<li><span style=\"font-weight: 400;\">Conf\u00e8re du <\/span><b>volume<\/b><span style=\"font-weight: 400;\"> aux cheveux<\/span><\/li>\n<li><span style=\"font-weight: 400;\">Laisse les <\/span><b>cheveux souples et soutenus<\/b><\/li>\n<\/ul>\n[\/vc_column_text][\/vc_column][\/vc_row][vc_row][vc_column][vc_empty_space height=&#8221;80px&#8221;][\/vc_column][\/vc_row][vc_row][vc_column][vc_column_text css=&#8221;&#8221;]\n<h2 style=\"text-align: center;\">Produits en vedette<\/h2>\n[\/vc_column_text]<style type=\"text\/css\" data-type=\"the7_shortcodes-inline-css\">.products-carousel-shortcode.products-carousel-shortcode-id-5f8dd6559b392aa046cfd3076f9f0da9 .owl-nav a {\n  width: 36px;\n  height: 36px;\n  border-radius: 500px;\n}\n.dt-arrow-border-on.products-carousel-shortcode.products-carousel-shortcode-id-5f8dd6559b392aa046cfd3076f9f0da9 .owl-nav a:not(:hover):before {\n  border-width: 0px;\n}\n.dt-arrow-hover-border-on.products-carousel-shortcode.products-carousel-shortcode-id-5f8dd6559b392aa046cfd3076f9f0da9 .owl-nav a:hover:after {\n  border-width: 0px;\n}\n.products-carousel-shortcode.products-carousel-shortcode-id-5f8dd6559b392aa046cfd3076f9f0da9 .owl-nav a.owl-prev {\n  top: 50%;\n  transform: translateY(calc(-50% + 0px));\n  left: -43px;\n}\n@media all and (-ms-high-contrast: none) {\n  .products-carousel-shortcode.products-carousel-shortcode-id-5f8dd6559b392aa046cfd3076f9f0da9 .owl-nav a.owl-prev {\n    transform: translateY(-50%);\n    margin-top: 0px;\n  }\n}\n.products-carousel-shortcode.products-carousel-shortcode-id-5f8dd6559b392aa046cfd3076f9f0da9 .owl-nav a.owl-prev i {\n  padding: 0px 0px 0px 0px;\n}\n.products-carousel-shortcode.products-carousel-shortcode-id-5f8dd6559b392aa046cfd3076f9f0da9 .owl-nav a.owl-next {\n  top: 50%;\n  transform: translateY(calc(-50% + 0px));\n  right: -43px;\n}\n@media all and (-ms-high-contrast: none) {\n  .products-carousel-shortcode.products-carousel-shortcode-id-5f8dd6559b392aa046cfd3076f9f0da9 .owl-nav a.owl-next {\n    transform: translateY(-50%);\n    margin-top: 0px;\n  }\n}\n.products-carousel-shortcode.products-carousel-shortcode-id-5f8dd6559b392aa046cfd3076f9f0da9 .owl-nav a.owl-next i {\n  padding: 0px 0px 0px 0px;\n}\n.products-carousel-shortcode.products-carousel-shortcode-id-5f8dd6559b392aa046cfd3076f9f0da9 .owl-nav i {\n  font-size: 18px;\n}\n.products-carousel-shortcode.products-carousel-shortcode-id-5f8dd6559b392aa046cfd3076f9f0da9 .owl-nav a:not(:hover) i,\n.products-carousel-shortcode.products-carousel-shortcode-id-5f8dd6559b392aa046cfd3076f9f0da9 .owl-nav a:not(:hover) i:before {\n  color: #ffffff;\n  background: none;\n}\n.products-carousel-shortcode.products-carousel-shortcode-id-5f8dd6559b392aa046cfd3076f9f0da9 .owl-nav a:hover i,\n.products-carousel-shortcode.products-carousel-shortcode-id-5f8dd6559b392aa046cfd3076f9f0da9 .owl-nav a:hover i:before {\n  color: rgba(255,255,255,0.75);\n  background: none;\n}\n.products-carousel-shortcode.products-carousel-shortcode-id-5f8dd6559b392aa046cfd3076f9f0da9 .owl-dots {\n  top: calc(100% + 20px);\n  left: 50%;\n  transform: translateX(calc(-50% + 0px));\n}\n@media all and (-ms-high-contrast: none) {\n  .products-carousel-shortcode.products-carousel-shortcode-id-5f8dd6559b392aa046cfd3076f9f0da9 .owl-dots {\n    transform: translateX(-50%);\n    margin-left: 0px;\n  }\n}\n.products-carousel-shortcode.products-carousel-shortcode-id-5f8dd6559b392aa046cfd3076f9f0da9 .owl-dot {\n  width: 10px;\n  height: 10px;\n  margin: 0 8px;\n}\n.bullets-scale-up.products-carousel-shortcode.products-carousel-shortcode-id-5f8dd6559b392aa046cfd3076f9f0da9 .owl-dot:not(.active):not(:hover) span {\n  background: #dbd6cc;\n}\n.bullets-scale-up.products-carousel-shortcode.products-carousel-shortcode-id-5f8dd6559b392aa046cfd3076f9f0da9 .owl-dot:not(.active):hover span,\n.bullets-scale-up.products-carousel-shortcode.products-carousel-shortcode-id-5f8dd6559b392aa046cfd3076f9f0da9 .owl-dot.active span {\n  background: #8d847a;\n}\n.bullets-stroke.products-carousel-shortcode.products-carousel-shortcode-id-5f8dd6559b392aa046cfd3076f9f0da9 .owl-dot:not(.active):not(:hover) span {\n  background: #dbd6cc;\n}\n.bullets-stroke.products-carousel-shortcode.products-carousel-shortcode-id-5f8dd6559b392aa046cfd3076f9f0da9 .owl-dot:not(.active):hover span {\n  background: #8d847a;\n}\n.bullets-stroke.products-carousel-shortcode.products-carousel-shortcode-id-5f8dd6559b392aa046cfd3076f9f0da9 .owl-dot.active span {\n  box-shadow: 0 0 0 2px #8d847a;\n}\n.bullets-fill-in.products-carousel-shortcode.products-carousel-shortcode-id-5f8dd6559b392aa046cfd3076f9f0da9 .owl-dot:not(.active):not(:hover) span {\n  box-shadow: inset 0 0 0 2px #dbd6cc;\n}\n.bullets-fill-in.products-carousel-shortcode.products-carousel-shortcode-id-5f8dd6559b392aa046cfd3076f9f0da9 .owl-dot:not(.active):hover span {\n  box-shadow: inset 0 0 0 2px #8d847a;\n}\n.bullets-fill-in.products-carousel-shortcode.products-carousel-shortcode-id-5f8dd6559b392aa046cfd3076f9f0da9 .owl-dot.active span {\n  box-shadow: inset 0 0 0 20px #8d847a;\n}\n.bullets-small-dot-stroke.products-carousel-shortcode.products-carousel-shortcode-id-5f8dd6559b392aa046cfd3076f9f0da9 .owl-dot:not(.active):not(:hover) span {\n  background: #dbd6cc;\n}\n.bullets-small-dot-stroke.products-carousel-shortcode.products-carousel-shortcode-id-5f8dd6559b392aa046cfd3076f9f0da9 .owl-dot:not(.active):hover span,\n.bullets-small-dot-stroke.products-carousel-shortcode.products-carousel-shortcode-id-5f8dd6559b392aa046cfd3076f9f0da9 .owl-dot.active span {\n  background: #8d847a;\n}\n.bullets-small-dot-stroke.products-carousel-shortcode.products-carousel-shortcode-id-5f8dd6559b392aa046cfd3076f9f0da9 .owl-dot.active {\n  box-shadow: 0 0 0 2px #8d847a;\n}\n.bullets-ubax.products-carousel-shortcode.products-carousel-shortcode-id-5f8dd6559b392aa046cfd3076f9f0da9 .owl-dot span {\n  background: #dbd6cc;\n}\n.bullets-ubax.products-carousel-shortcode.products-carousel-shortcode-id-5f8dd6559b392aa046cfd3076f9f0da9 .owl-dot.active span {\n  border-color: #8d847a;\n}\n.bullets-ubax.products-carousel-shortcode.products-carousel-shortcode-id-5f8dd6559b392aa046cfd3076f9f0da9 .owl-dot:not(.active):hover span {\n  background: #8d847a;\n}\n.bullets-etefu.products-carousel-shortcode.products-carousel-shortcode-id-5f8dd6559b392aa046cfd3076f9f0da9 .owl-dot span {\n  background: #dbd6cc;\n}\n.bullets-etefu.products-carousel-shortcode.products-carousel-shortcode-id-5f8dd6559b392aa046cfd3076f9f0da9 .owl-dot:not(.active):hover span {\n  background: #8d847a;\n}\n.bullets-etefu.products-carousel-shortcode.products-carousel-shortcode-id-5f8dd6559b392aa046cfd3076f9f0da9 .owl-dot span:before {\n  background: #8d847a;\n}\n.accent-gradient .bullets-etefu.products-carousel-shortcode.products-carousel-shortcode-id-5f8dd6559b392aa046cfd3076f9f0da9 .owl-dot span:before {\n  background: #8d847a;\n}\n@media screen and (max-width: 778px) {\n  .products-carousel-shortcode.products-carousel-shortcode-id-5f8dd6559b392aa046cfd3076f9f0da9.hide-arrows .owl-nav a {\n    display: none;\n  }\n}\n@media screen and (max-width: 778px) {\n  .products-carousel-shortcode.products-carousel-shortcode-id-5f8dd6559b392aa046cfd3076f9f0da9.reposition-arrows .owl-nav .owl-prev {\n    top: 50%;\n    transform: translateY(calc(-50% + 0px));\n    left: 10px;\n  }\n  .products-carousel-shortcode.products-carousel-shortcode-id-5f8dd6559b392aa046cfd3076f9f0da9.reposition-arrows .owl-nav .owl-next {\n    top: 50%;\n    transform: translateY(calc(-50% + 0px));\n    right: 10px;\n  }\n}\n@media screen and (max-width: 778px) and all and (-ms-high-contrast: none) {\n  .products-carousel-shortcode.products-carousel-shortcode-id-5f8dd6559b392aa046cfd3076f9f0da9.reposition-arrows .owl-nav .owl-prev {\n    transform: translateY(-50%);\n    margin-top: 0px;\n  }\n}\n@media screen and (max-width: 778px) and all and (-ms-high-contrast: none) {\n  .products-carousel-shortcode.products-carousel-shortcode-id-5f8dd6559b392aa046cfd3076f9f0da9.reposition-arrows .owl-nav .owl-next {\n    transform: translateY(-50%);\n    margin-top: 0px;\n  }\n}<\/style><div class=\"owl-carousel products-carousel-shortcode dt-owl-carousel-call products-carousel-shortcode-id-5f8dd6559b392aa046cfd3076f9f0da9 cart-btn-below-img bullets-ubax reposition-arrows arrows-bg-on dt-arrow-border-on dt-arrow-hover-border-on disable-arrows-hover-bg arrows-hover-bg-on  wc-img-hover hide-description hide-rating bordo_prodotti_correlati\" data-scroll-mode=\"1\" data-wide-col-num=\"4\" data-col-num=\"3\" data-laptop-col=\"3\" data-h-tablet-columns-num=\"3\" data-v-tablet-columns-num=\"2\" data-phone-columns-num=\"1\" data-auto-height=\"true\" data-col-gap=\"30\" data-stage-padding=\"0\" data-speed=\"600\" data-autoplay=\"false\" data-autoplay_speed=\"6000\" data-arrows=\"false\" data-bullet=\"true\" data-next-icon=\"icon-ar-017-r\" data-prev-icon=\"icon-ar-017-l\"><article class=\"post post-5727 product type-product status-publish has-post-thumbnail product_cat-hairwave-fr description-off first instock shipping-taxable product-type-simple\" ><figure class=\"woocom-project\">\n\t<div class=\"woo-buttons-on-img\">\n\n\t\t<a href=\"https:\/\/ekre.it\/fr\/prodotto\/hairwave-lotion-neutralisante\/\" class=\"alignnone layzr-bg\"><img loading=\"lazy\" decoding=\"async\" width=\"300\" height=\"300\" src=\"data:image\/svg+xml;charset=utf-8,%3Csvg xmlns%3D&#039;http%3A%2F%2Fwww.w3.org%2F2000%2Fsvg&#039; viewBox%3D&#039;0 0 300 300&#039;%2F%3E\" class=\"attachment-woocommerce_thumbnail size-woocommerce_thumbnail owl-lazy-load preload-me\" alt=\"HairWave - Lotion neutralisante\" data-src=\"https:\/\/ekre.it\/wp-content\/uploads\/2024\/05\/41019_ekre_hair_wave_neutralizer_1000ml-1-1-300x300.png\" data-srcset=\"https:\/\/ekre.it\/wp-content\/uploads\/2024\/05\/41019_ekre_hair_wave_neutralizer_1000ml-1-1-300x300.png 300w, https:\/\/ekre.it\/wp-content\/uploads\/2024\/05\/41019_ekre_hair_wave_neutralizer_1000ml-1-1-200x200.png 200w, https:\/\/ekre.it\/wp-content\/uploads\/2024\/05\/41019_ekre_hair_wave_neutralizer_1000ml-1-1-150x150.png 150w, https:\/\/ekre.it\/wp-content\/uploads\/2024\/05\/41019_ekre_hair_wave_neutralizer_1000ml-1-1.png 600w\" \/><\/a>\n\t<\/div>\n\t<figcaption class=\"woocom-list-content\">\n\n\t\t<div class=\"woo-buttons\"><a href=\"https:\/\/ekre.it\/fr\/prodotto\/hairwave-lotion-neutralisante\/\" aria-describedby=\"woocommerce_loop_add_to_cart_link_describedby_5727\" data-quantity=\"1\" class=\"product_type_simple ajax_add_to_cart\" data-product_id=\"5727\" data-product_sku=\"\" aria-label=\"En savoir plus sur &ldquo;HairWave - Lotion neutralisante&rdquo;\" rel=\"nofollow\" data-success_message=\"\">Lire la suite<\/a>\t<span id=\"woocommerce_loop_add_to_cart_link_describedby_5727\" class=\"screen-reader-text\">\n\t\t\t<\/span>\n<\/div>\n\t<\/figcaption>\n<\/figure>\n<\/article><article class=\"post post-5731 product type-product status-publish has-post-thumbnail product_cat-hairwave-fr description-off  instock shipping-taxable product-type-simple\" ><figure class=\"woocom-project\">\n\t<div class=\"woo-buttons-on-img\">\n\n\t\t<a href=\"https:\/\/ekre.it\/fr\/prodotto\/hairwave-lotion-ondulante-pour-cheveux-colores\/\" class=\"alignnone layzr-bg\"><img loading=\"lazy\" decoding=\"async\" width=\"300\" height=\"300\" src=\"data:image\/svg+xml;charset=utf-8,%3Csvg xmlns%3D&#039;http%3A%2F%2Fwww.w3.org%2F2000%2Fsvg&#039; viewBox%3D&#039;0 0 300 300&#039;%2F%3E\" class=\"attachment-woocommerce_thumbnail size-woocommerce_thumbnail owl-lazy-load preload-me\" alt=\"HairWave - Lotion ondulante pour cheveux color\u00e9s\" data-src=\"https:\/\/ekre.it\/wp-content\/uploads\/2024\/05\/41018_ekre_hair_wave_waving_lotion_2_500ml-1-300x300.png\" data-srcset=\"https:\/\/ekre.it\/wp-content\/uploads\/2024\/05\/41018_ekre_hair_wave_waving_lotion_2_500ml-1-300x300.png 300w, https:\/\/ekre.it\/wp-content\/uploads\/2024\/05\/41018_ekre_hair_wave_waving_lotion_2_500ml-1-200x200.png 200w, https:\/\/ekre.it\/wp-content\/uploads\/2024\/05\/41018_ekre_hair_wave_waving_lotion_2_500ml-1-150x150.png 150w, https:\/\/ekre.it\/wp-content\/uploads\/2024\/05\/41018_ekre_hair_wave_waving_lotion_2_500ml-1.png 600w\" \/><\/a>\n\t<\/div>\n\t<figcaption class=\"woocom-list-content\">\n\n\t\t<div class=\"woo-buttons\"><a href=\"https:\/\/ekre.it\/fr\/prodotto\/hairwave-lotion-ondulante-pour-cheveux-colores\/\" aria-describedby=\"woocommerce_loop_add_to_cart_link_describedby_5731\" data-quantity=\"1\" class=\"product_type_simple ajax_add_to_cart\" data-product_id=\"5731\" data-product_sku=\"\" aria-label=\"En savoir plus sur &ldquo;HairWave - Lotion ondulante pour cheveux color\u00e9s&rdquo;\" rel=\"nofollow\" data-success_message=\"\">Lire la suite<\/a>\t<span id=\"woocommerce_loop_add_to_cart_link_describedby_5731\" class=\"screen-reader-text\">\n\t\t\t<\/span>\n<\/div>\n\t<\/figcaption>\n<\/figure>\n<\/article><\/div>[\/vc_column][\/vc_row]\n<\/div>","protected":false},"excerpt":{"rendered":"<p><span style=\"font-weight: 400;\">La lotion ondulante HairWave pour cheveux normaux est indiqu\u00e9e pour toutes les clientes qui souhaitent des boucles ou frisottis, quel que soit le type : souples et soutenus, serr\u00e9s et d\u00e9finis ou avec effet de vagues. <\/span><span style=\"font-weight: 400;\">La formule sans ammoniaque et acide thioglycolique garantit aux cheveux une protection maximale et agit d\u00e9licatement sur la fibre capillaire, pour proposer des permanentes en toute s\u00e9curit\u00e9.<\/span><\/p>\n<p><b>Certifi\u00e9 VEGANOK, ce produit ne comporte aucun ingr\u00e9dient d&#8217;origine animale et refl\u00e8te enti\u00e8rement les valeurs \u00e9thiques v\u00e9ganes.<\/b><\/p>\n<p><span style=\"font-weight: 400;\">Usage professionnel\u00a0<\/span><\/p>\n<p><span style=\"font-weight: 400;\">500 ml<\/span><\/p>\n<p><img loading=\"lazy\" decoding=\"async\" class=\"alignnone size-full wp-image-5185\" src=\"https:\/\/ekre.it\/wp-content\/uploads\/2021\/06\/vegan_3.png\" alt=\"\" width=\"60\" height=\"68\" \/><\/p>\n","protected":false},"featured_media":2659,"template":"","meta":[],"product_brand":[],"product_cat":[914],"product_tag":[],"class_list":{"0":"post-5735","1":"product","2":"type-product","3":"status-publish","4":"has-post-thumbnail","6":"product_cat-hairwave-fr","7":"description-off","9":"","10":"instock","11":"shipping-taxable","12":"product-type-simple"},"yoast_head":"<!-- This site is optimized with the Yoast SEO plugin v26.7 - https:\/\/yoast.com\/wordpress\/plugins\/seo\/ -->\n<title>HairWave - Lotion ondulante pour cheveux normaux - Ekre - Be Natural<\/title>\n<meta name=\"robots\" content=\"index, follow, max-snippet:-1, max-image-preview:large, max-video-preview:-1\" \/>\n<link rel=\"canonical\" href=\"https:\/\/ekre.it\/fr\/prodotto\/hairwave-lotion-ondulante-pour-cheveux-normaux\/\" \/>\n<meta property=\"og:locale\" content=\"fr_FR\" \/>\n<meta property=\"og:type\" content=\"article\" \/>\n<meta property=\"og:title\" content=\"HairWave - Lotion ondulante pour cheveux normaux - Ekre - Be Natural\" \/>\n<meta property=\"og:description\" content=\"La lotion ondulante HairWave pour cheveux normaux est indiqu\u00e9e pour toutes les clientes qui souhaitent des boucles ou frisottis, quel que soit le type : souples et soutenus, serr\u00e9s et d\u00e9finis ou avec effet de vagues. La formule sans ammoniaque et acide thioglycolique garantit aux cheveux une protection maximale et agit d\u00e9licatement sur la fibre capillaire, pour proposer des permanentes en toute s\u00e9curit\u00e9.  Certifi\u00e9 VEGANOK, ce produit ne comporte aucun ingr\u00e9dient d&#039;origine animale et refl\u00e8te enti\u00e8rement les valeurs \u00e9thiques v\u00e9ganes.  Usage professionnel\u00a0  500 ml\" \/>\n<meta property=\"og:url\" content=\"https:\/\/ekre.it\/fr\/prodotto\/hairwave-lotion-ondulante-pour-cheveux-normaux\/\" \/>\n<meta property=\"og:site_name\" content=\"Ekre - Be Natural\" \/>\n<meta property=\"article:modified_time\" content=\"2024-05-31T14:35:30+00:00\" \/>\n<meta property=\"og:image\" content=\"https:\/\/ekre.it\/wp-content\/uploads\/2024\/05\/41017_ekre_hair_wave_waving_lotion_1_500ml-1-1.png\" \/>\n\t<meta property=\"og:image:width\" content=\"600\" \/>\n\t<meta property=\"og:image:height\" content=\"600\" \/>\n\t<meta property=\"og:image:type\" content=\"image\/png\" \/>\n<meta name=\"twitter:card\" content=\"summary_large_image\" \/>\n<meta name=\"twitter:label1\" content=\"Dur\u00e9e de lecture estim\u00e9e\" \/>\n\t<meta name=\"twitter:data1\" content=\"1 minute\" \/>\n<script type=\"application\/ld+json\" class=\"yoast-schema-graph\">{\"@context\":\"https:\/\/schema.org\",\"@graph\":[{\"@type\":\"WebPage\",\"@id\":\"https:\/\/ekre.it\/fr\/prodotto\/hairwave-lotion-ondulante-pour-cheveux-normaux\/\",\"url\":\"https:\/\/ekre.it\/fr\/prodotto\/hairwave-lotion-ondulante-pour-cheveux-normaux\/\",\"name\":\"HairWave - Lotion ondulante pour cheveux normaux - Ekre - Be Natural\",\"isPartOf\":{\"@id\":\"https:\/\/ekre.it\/fr\/#website\"},\"primaryImageOfPage\":{\"@id\":\"https:\/\/ekre.it\/fr\/prodotto\/hairwave-lotion-ondulante-pour-cheveux-normaux\/#primaryimage\"},\"image\":{\"@id\":\"https:\/\/ekre.it\/fr\/prodotto\/hairwave-lotion-ondulante-pour-cheveux-normaux\/#primaryimage\"},\"thumbnailUrl\":\"https:\/\/ekre.it\/wp-content\/uploads\/2024\/05\/41017_ekre_hair_wave_waving_lotion_1_500ml-1-1.png\",\"datePublished\":\"2024-05-22T14:56:54+00:00\",\"dateModified\":\"2024-05-31T14:35:30+00:00\",\"breadcrumb\":{\"@id\":\"https:\/\/ekre.it\/fr\/prodotto\/hairwave-lotion-ondulante-pour-cheveux-normaux\/#breadcrumb\"},\"inLanguage\":\"fr-FR\",\"potentialAction\":[{\"@type\":\"ReadAction\",\"target\":[\"https:\/\/ekre.it\/fr\/prodotto\/hairwave-lotion-ondulante-pour-cheveux-normaux\/\"]}]},{\"@type\":\"ImageObject\",\"inLanguage\":\"fr-FR\",\"@id\":\"https:\/\/ekre.it\/fr\/prodotto\/hairwave-lotion-ondulante-pour-cheveux-normaux\/#primaryimage\",\"url\":\"https:\/\/ekre.it\/wp-content\/uploads\/2024\/05\/41017_ekre_hair_wave_waving_lotion_1_500ml-1-1.png\",\"contentUrl\":\"https:\/\/ekre.it\/wp-content\/uploads\/2024\/05\/41017_ekre_hair_wave_waving_lotion_1_500ml-1-1.png\",\"width\":600,\"height\":600},{\"@type\":\"BreadcrumbList\",\"@id\":\"https:\/\/ekre.it\/fr\/prodotto\/hairwave-lotion-ondulante-pour-cheveux-normaux\/#breadcrumb\",\"itemListElement\":[{\"@type\":\"ListItem\",\"position\":1,\"name\":\"Home\",\"item\":\"https:\/\/ekre.it\/fr\/home\/\"},{\"@type\":\"ListItem\",\"position\":2,\"name\":\"Produits\",\"item\":\"https:\/\/ekre.it\/fr\/shop\/\"},{\"@type\":\"ListItem\",\"position\":3,\"name\":\"HairWave &#8211; Lotion ondulante pour cheveux normaux\"}]},{\"@type\":\"WebSite\",\"@id\":\"https:\/\/ekre.it\/fr\/#website\",\"url\":\"https:\/\/ekre.it\/fr\/\",\"name\":\"Ekre - Be Natural\",\"description\":\"\",\"potentialAction\":[{\"@type\":\"SearchAction\",\"target\":{\"@type\":\"EntryPoint\",\"urlTemplate\":\"https:\/\/ekre.it\/fr\/?s={search_term_string}\"},\"query-input\":{\"@type\":\"PropertyValueSpecification\",\"valueRequired\":true,\"valueName\":\"search_term_string\"}}],\"inLanguage\":\"fr-FR\"}]}<\/script>\n<!-- \/ Yoast SEO plugin. -->","yoast_head_json":{"title":"HairWave - Lotion ondulante pour cheveux normaux - Ekre - Be Natural","robots":{"index":"index","follow":"follow","max-snippet":"max-snippet:-1","max-image-preview":"max-image-preview:large","max-video-preview":"max-video-preview:-1"},"canonical":"https:\/\/ekre.it\/fr\/prodotto\/hairwave-lotion-ondulante-pour-cheveux-normaux\/","og_locale":"fr_FR","og_type":"article","og_title":"HairWave - Lotion ondulante pour cheveux normaux - Ekre - Be Natural","og_description":"La lotion ondulante HairWave pour cheveux normaux est indiqu\u00e9e pour toutes les clientes qui souhaitent des boucles ou frisottis, quel que soit le type : souples et soutenus, serr\u00e9s et d\u00e9finis ou avec effet de vagues. La formule sans ammoniaque et acide thioglycolique garantit aux cheveux une protection maximale et agit d\u00e9licatement sur la fibre capillaire, pour proposer des permanentes en toute s\u00e9curit\u00e9.  Certifi\u00e9 VEGANOK, ce produit ne comporte aucun ingr\u00e9dient d'origine animale et refl\u00e8te enti\u00e8rement les valeurs \u00e9thiques v\u00e9ganes.  Usage professionnel\u00a0  500 ml","og_url":"https:\/\/ekre.it\/fr\/prodotto\/hairwave-lotion-ondulante-pour-cheveux-normaux\/","og_site_name":"Ekre - Be Natural","article_modified_time":"2024-05-31T14:35:30+00:00","og_image":[{"width":600,"height":600,"url":"https:\/\/ekre.it\/wp-content\/uploads\/2024\/05\/41017_ekre_hair_wave_waving_lotion_1_500ml-1-1.png","type":"image\/png"}],"twitter_card":"summary_large_image","twitter_misc":{"Dur\u00e9e de lecture estim\u00e9e":"1 minute"},"schema":{"@context":"https:\/\/schema.org","@graph":[{"@type":"WebPage","@id":"https:\/\/ekre.it\/fr\/prodotto\/hairwave-lotion-ondulante-pour-cheveux-normaux\/","url":"https:\/\/ekre.it\/fr\/prodotto\/hairwave-lotion-ondulante-pour-cheveux-normaux\/","name":"HairWave - Lotion ondulante pour cheveux normaux - Ekre - Be Natural","isPartOf":{"@id":"https:\/\/ekre.it\/fr\/#website"},"primaryImageOfPage":{"@id":"https:\/\/ekre.it\/fr\/prodotto\/hairwave-lotion-ondulante-pour-cheveux-normaux\/#primaryimage"},"image":{"@id":"https:\/\/ekre.it\/fr\/prodotto\/hairwave-lotion-ondulante-pour-cheveux-normaux\/#primaryimage"},"thumbnailUrl":"https:\/\/ekre.it\/wp-content\/uploads\/2024\/05\/41017_ekre_hair_wave_waving_lotion_1_500ml-1-1.png","datePublished":"2024-05-22T14:56:54+00:00","dateModified":"2024-05-31T14:35:30+00:00","breadcrumb":{"@id":"https:\/\/ekre.it\/fr\/prodotto\/hairwave-lotion-ondulante-pour-cheveux-normaux\/#breadcrumb"},"inLanguage":"fr-FR","potentialAction":[{"@type":"ReadAction","target":["https:\/\/ekre.it\/fr\/prodotto\/hairwave-lotion-ondulante-pour-cheveux-normaux\/"]}]},{"@type":"ImageObject","inLanguage":"fr-FR","@id":"https:\/\/ekre.it\/fr\/prodotto\/hairwave-lotion-ondulante-pour-cheveux-normaux\/#primaryimage","url":"https:\/\/ekre.it\/wp-content\/uploads\/2024\/05\/41017_ekre_hair_wave_waving_lotion_1_500ml-1-1.png","contentUrl":"https:\/\/ekre.it\/wp-content\/uploads\/2024\/05\/41017_ekre_hair_wave_waving_lotion_1_500ml-1-1.png","width":600,"height":600},{"@type":"BreadcrumbList","@id":"https:\/\/ekre.it\/fr\/prodotto\/hairwave-lotion-ondulante-pour-cheveux-normaux\/#breadcrumb","itemListElement":[{"@type":"ListItem","position":1,"name":"Home","item":"https:\/\/ekre.it\/fr\/home\/"},{"@type":"ListItem","position":2,"name":"Produits","item":"https:\/\/ekre.it\/fr\/shop\/"},{"@type":"ListItem","position":3,"name":"HairWave &#8211; Lotion ondulante pour cheveux normaux"}]},{"@type":"WebSite","@id":"https:\/\/ekre.it\/fr\/#website","url":"https:\/\/ekre.it\/fr\/","name":"Ekre - Be Natural","description":"","potentialAction":[{"@type":"SearchAction","target":{"@type":"EntryPoint","urlTemplate":"https:\/\/ekre.it\/fr\/?s={search_term_string}"},"query-input":{"@type":"PropertyValueSpecification","valueRequired":true,"valueName":"search_term_string"}}],"inLanguage":"fr-FR"}]}},"_links":{"self":[{"href":"https:\/\/ekre.it\/fr\/wp-json\/wp\/v2\/product\/5735","targetHints":{"allow":["GET"]}}],"collection":[{"href":"https:\/\/ekre.it\/fr\/wp-json\/wp\/v2\/product"}],"about":[{"href":"https:\/\/ekre.it\/fr\/wp-json\/wp\/v2\/types\/product"}],"wp:featuredmedia":[{"embeddable":true,"href":"https:\/\/ekre.it\/fr\/wp-json\/wp\/v2\/media\/2659"}],"wp:attachment":[{"href":"https:\/\/ekre.it\/fr\/wp-json\/wp\/v2\/media?parent=5735"}],"wp:term":[{"taxonomy":"product_brand","embeddable":true,"href":"https:\/\/ekre.it\/fr\/wp-json\/wp\/v2\/product_brand?post=5735"},{"taxonomy":"product_cat","embeddable":true,"href":"https:\/\/ekre.it\/fr\/wp-json\/wp\/v2\/product_cat?post=5735"},{"taxonomy":"product_tag","embeddable":true,"href":"https:\/\/ekre.it\/fr\/wp-json\/wp\/v2\/product_tag?post=5735"}],"curies":[{"name":"wp","href":"https:\/\/api.w.org\/{rel}","templated":true}]}}