{"id":5743,"date":"2024-05-22T16:55:47","date_gmt":"2024-05-22T14:55:47","guid":{"rendered":"https:\/\/ekre.it\/prodotto\/lumino-huile-illuminante\/"},"modified":"2024-05-31T16:50:17","modified_gmt":"2024-05-31T14:50:17","slug":"lumino-huile-illuminante","status":"publish","type":"product","link":"https:\/\/ekre.it\/fr\/prodotto\/lumino-huile-illuminante\/","title":{"rendered":"Lumin\u00f2 &#8211; Huile Illuminante"},"content":{"rendered":"<div class=\"wpb-content-wrapper\">[vc_row el_class=&#8221;bordo_benefici&#8221;][vc_column][vc_column_text css=&#8221;&#8221;]\n<h2 style=\"text-align: left;\">Avantages<\/h2>\n<ul>\n<li class=\"p1\"><span class=\"s1\">Produit certifi\u00e9 Veganok<\/span><\/li>\n<li class=\"p1\">Conf\u00e8re force, \u00e9clat et tonicit\u00e9 aux cheveux<\/li>\n<li class=\"p1\">N&#8217;alourdit pas<\/li>\n<li class=\"p1\">Facilite la mise en forme et le brushing<\/li>\n<\/ul>\n[\/vc_column_text][\/vc_column][\/vc_row][vc_row][vc_column][vc_empty_space height=&#8221;80px&#8221;][\/vc_column][\/vc_row][vc_row][vc_column][vc_column_text css=&#8221;&#8221;]\n<h2 style=\"text-align: center;\">Produits en vedette<\/h2>\n[\/vc_column_text]<style type=\"text\/css\" data-type=\"the7_shortcodes-inline-css\">.products-carousel-shortcode.products-carousel-shortcode-id-579f5de1b07a4a33f37de5dc04da82ce .owl-nav a {\n  width: 36px;\n  height: 36px;\n  border-radius: 500px;\n}\n.dt-arrow-border-on.products-carousel-shortcode.products-carousel-shortcode-id-579f5de1b07a4a33f37de5dc04da82ce .owl-nav a:not(:hover):before {\n  border-width: 0px;\n}\n.dt-arrow-hover-border-on.products-carousel-shortcode.products-carousel-shortcode-id-579f5de1b07a4a33f37de5dc04da82ce .owl-nav a:hover:after {\n  border-width: 0px;\n}\n.products-carousel-shortcode.products-carousel-shortcode-id-579f5de1b07a4a33f37de5dc04da82ce .owl-nav a.owl-prev {\n  top: 50%;\n  transform: translateY(calc(-50% + 0px));\n  left: -43px;\n}\n@media all and (-ms-high-contrast: none) {\n  .products-carousel-shortcode.products-carousel-shortcode-id-579f5de1b07a4a33f37de5dc04da82ce .owl-nav a.owl-prev {\n    transform: translateY(-50%);\n    margin-top: 0px;\n  }\n}\n.products-carousel-shortcode.products-carousel-shortcode-id-579f5de1b07a4a33f37de5dc04da82ce .owl-nav a.owl-prev i {\n  padding: 0px 0px 0px 0px;\n}\n.products-carousel-shortcode.products-carousel-shortcode-id-579f5de1b07a4a33f37de5dc04da82ce .owl-nav a.owl-next {\n  top: 50%;\n  transform: translateY(calc(-50% + 0px));\n  right: -43px;\n}\n@media all and (-ms-high-contrast: none) {\n  .products-carousel-shortcode.products-carousel-shortcode-id-579f5de1b07a4a33f37de5dc04da82ce .owl-nav a.owl-next {\n    transform: translateY(-50%);\n    margin-top: 0px;\n  }\n}\n.products-carousel-shortcode.products-carousel-shortcode-id-579f5de1b07a4a33f37de5dc04da82ce .owl-nav a.owl-next i {\n  padding: 0px 0px 0px 0px;\n}\n.products-carousel-shortcode.products-carousel-shortcode-id-579f5de1b07a4a33f37de5dc04da82ce .owl-nav i {\n  font-size: 18px;\n}\n.products-carousel-shortcode.products-carousel-shortcode-id-579f5de1b07a4a33f37de5dc04da82ce .owl-nav a:not(:hover) i,\n.products-carousel-shortcode.products-carousel-shortcode-id-579f5de1b07a4a33f37de5dc04da82ce .owl-nav a:not(:hover) i:before {\n  color: #ffffff;\n  background: none;\n}\n.products-carousel-shortcode.products-carousel-shortcode-id-579f5de1b07a4a33f37de5dc04da82ce .owl-nav a:hover i,\n.products-carousel-shortcode.products-carousel-shortcode-id-579f5de1b07a4a33f37de5dc04da82ce .owl-nav a:hover i:before {\n  color: rgba(255,255,255,0.75);\n  background: none;\n}\n.products-carousel-shortcode.products-carousel-shortcode-id-579f5de1b07a4a33f37de5dc04da82ce .owl-dots {\n  top: calc(100% + 20px);\n  left: 50%;\n  transform: translateX(calc(-50% + 0px));\n}\n@media all and (-ms-high-contrast: none) {\n  .products-carousel-shortcode.products-carousel-shortcode-id-579f5de1b07a4a33f37de5dc04da82ce .owl-dots {\n    transform: translateX(-50%);\n    margin-left: 0px;\n  }\n}\n.products-carousel-shortcode.products-carousel-shortcode-id-579f5de1b07a4a33f37de5dc04da82ce .owl-dot {\n  width: 10px;\n  height: 10px;\n  margin: 0 8px;\n}\n.bullets-scale-up.products-carousel-shortcode.products-carousel-shortcode-id-579f5de1b07a4a33f37de5dc04da82ce .owl-dot:not(.active):not(:hover) span {\n  background: #dbd6cc;\n}\n.bullets-scale-up.products-carousel-shortcode.products-carousel-shortcode-id-579f5de1b07a4a33f37de5dc04da82ce .owl-dot:not(.active):hover span,\n.bullets-scale-up.products-carousel-shortcode.products-carousel-shortcode-id-579f5de1b07a4a33f37de5dc04da82ce .owl-dot.active span {\n  background: #8d847a;\n}\n.bullets-stroke.products-carousel-shortcode.products-carousel-shortcode-id-579f5de1b07a4a33f37de5dc04da82ce .owl-dot:not(.active):not(:hover) span {\n  background: #dbd6cc;\n}\n.bullets-stroke.products-carousel-shortcode.products-carousel-shortcode-id-579f5de1b07a4a33f37de5dc04da82ce .owl-dot:not(.active):hover span {\n  background: #8d847a;\n}\n.bullets-stroke.products-carousel-shortcode.products-carousel-shortcode-id-579f5de1b07a4a33f37de5dc04da82ce .owl-dot.active span {\n  box-shadow: 0 0 0 2px #8d847a;\n}\n.bullets-fill-in.products-carousel-shortcode.products-carousel-shortcode-id-579f5de1b07a4a33f37de5dc04da82ce .owl-dot:not(.active):not(:hover) span {\n  box-shadow: inset 0 0 0 2px #dbd6cc;\n}\n.bullets-fill-in.products-carousel-shortcode.products-carousel-shortcode-id-579f5de1b07a4a33f37de5dc04da82ce .owl-dot:not(.active):hover span {\n  box-shadow: inset 0 0 0 2px #8d847a;\n}\n.bullets-fill-in.products-carousel-shortcode.products-carousel-shortcode-id-579f5de1b07a4a33f37de5dc04da82ce .owl-dot.active span {\n  box-shadow: inset 0 0 0 20px #8d847a;\n}\n.bullets-small-dot-stroke.products-carousel-shortcode.products-carousel-shortcode-id-579f5de1b07a4a33f37de5dc04da82ce .owl-dot:not(.active):not(:hover) span {\n  background: #dbd6cc;\n}\n.bullets-small-dot-stroke.products-carousel-shortcode.products-carousel-shortcode-id-579f5de1b07a4a33f37de5dc04da82ce .owl-dot:not(.active):hover span,\n.bullets-small-dot-stroke.products-carousel-shortcode.products-carousel-shortcode-id-579f5de1b07a4a33f37de5dc04da82ce .owl-dot.active span {\n  background: #8d847a;\n}\n.bullets-small-dot-stroke.products-carousel-shortcode.products-carousel-shortcode-id-579f5de1b07a4a33f37de5dc04da82ce .owl-dot.active {\n  box-shadow: 0 0 0 2px #8d847a;\n}\n.bullets-ubax.products-carousel-shortcode.products-carousel-shortcode-id-579f5de1b07a4a33f37de5dc04da82ce .owl-dot span {\n  background: #dbd6cc;\n}\n.bullets-ubax.products-carousel-shortcode.products-carousel-shortcode-id-579f5de1b07a4a33f37de5dc04da82ce .owl-dot.active span {\n  border-color: #8d847a;\n}\n.bullets-ubax.products-carousel-shortcode.products-carousel-shortcode-id-579f5de1b07a4a33f37de5dc04da82ce .owl-dot:not(.active):hover span {\n  background: #8d847a;\n}\n.bullets-etefu.products-carousel-shortcode.products-carousel-shortcode-id-579f5de1b07a4a33f37de5dc04da82ce .owl-dot span {\n  background: #dbd6cc;\n}\n.bullets-etefu.products-carousel-shortcode.products-carousel-shortcode-id-579f5de1b07a4a33f37de5dc04da82ce .owl-dot:not(.active):hover span {\n  background: #8d847a;\n}\n.bullets-etefu.products-carousel-shortcode.products-carousel-shortcode-id-579f5de1b07a4a33f37de5dc04da82ce .owl-dot span:before {\n  background: #8d847a;\n}\n.accent-gradient .bullets-etefu.products-carousel-shortcode.products-carousel-shortcode-id-579f5de1b07a4a33f37de5dc04da82ce .owl-dot span:before {\n  background: #8d847a;\n}\n@media screen and (max-width: 778px) {\n  .products-carousel-shortcode.products-carousel-shortcode-id-579f5de1b07a4a33f37de5dc04da82ce.hide-arrows .owl-nav a {\n    display: none;\n  }\n}\n@media screen and (max-width: 778px) {\n  .products-carousel-shortcode.products-carousel-shortcode-id-579f5de1b07a4a33f37de5dc04da82ce.reposition-arrows .owl-nav .owl-prev {\n    top: 50%;\n    transform: translateY(calc(-50% + 0px));\n    left: 10px;\n  }\n  .products-carousel-shortcode.products-carousel-shortcode-id-579f5de1b07a4a33f37de5dc04da82ce.reposition-arrows .owl-nav .owl-next {\n    top: 50%;\n    transform: translateY(calc(-50% + 0px));\n    right: 10px;\n  }\n}\n@media screen and (max-width: 778px) and all and (-ms-high-contrast: none) {\n  .products-carousel-shortcode.products-carousel-shortcode-id-579f5de1b07a4a33f37de5dc04da82ce.reposition-arrows .owl-nav .owl-prev {\n    transform: translateY(-50%);\n    margin-top: 0px;\n  }\n}\n@media screen and (max-width: 778px) and all and (-ms-high-contrast: none) {\n  .products-carousel-shortcode.products-carousel-shortcode-id-579f5de1b07a4a33f37de5dc04da82ce.reposition-arrows .owl-nav .owl-next {\n    transform: translateY(-50%);\n    margin-top: 0px;\n  }\n}<\/style><div class=\"owl-carousel products-carousel-shortcode dt-owl-carousel-call products-carousel-shortcode-id-579f5de1b07a4a33f37de5dc04da82ce cart-btn-below-img bullets-ubax reposition-arrows arrows-bg-on dt-arrow-border-on dt-arrow-hover-border-on disable-arrows-hover-bg arrows-hover-bg-on  wc-img-hover hide-description hide-rating bordo_prodotti_correlati\" data-scroll-mode=\"1\" data-wide-col-num=\"4\" data-col-num=\"3\" data-laptop-col=\"3\" data-h-tablet-columns-num=\"3\" data-v-tablet-columns-num=\"2\" data-phone-columns-num=\"1\" data-auto-height=\"true\" data-col-gap=\"30\" data-stage-padding=\"0\" data-speed=\"600\" data-autoplay=\"false\" data-autoplay_speed=\"6000\" data-arrows=\"false\" data-bullet=\"true\" data-next-icon=\"icon-ar-017-r\" data-prev-icon=\"icon-ar-017-l\"><article class=\"post post-5711 product type-product status-publish has-post-thumbnail product_cat-lumino-fr product_cat-soins description-off first instock shipping-taxable product-type-simple\" ><figure class=\"woocom-project\">\n\t<div class=\"woo-buttons-on-img\">\n\n\t\t<a href=\"https:\/\/ekre.it\/fr\/prodotto\/lumino-masque-spray-intensif-10-effets\/\" class=\"alignnone layzr-bg\"><img loading=\"lazy\" decoding=\"async\" width=\"300\" height=\"300\" src=\"data:image\/svg+xml;charset=utf-8,%3Csvg xmlns%3D&#039;http%3A%2F%2Fwww.w3.org%2F2000%2Fsvg&#039; viewBox%3D&#039;0 0 300 300&#039;%2F%3E\" class=\"attachment-woocommerce_thumbnail size-woocommerce_thumbnail owl-lazy-load preload-me\" alt=\"Lumin\u00f2 - Masque spray intensif 10\u00a0effets\" data-src=\"https:\/\/ekre.it\/wp-content\/uploads\/2024\/05\/45039_ekre_lumino_10_effect_intensive_spray_mask_30ml-1-300x300.png\" data-srcset=\"https:\/\/ekre.it\/wp-content\/uploads\/2024\/05\/45039_ekre_lumino_10_effect_intensive_spray_mask_30ml-1-300x300.png 300w, https:\/\/ekre.it\/wp-content\/uploads\/2024\/05\/45039_ekre_lumino_10_effect_intensive_spray_mask_30ml-1-200x200.png 200w, https:\/\/ekre.it\/wp-content\/uploads\/2024\/05\/45039_ekre_lumino_10_effect_intensive_spray_mask_30ml-1-600x600.png 600w, https:\/\/ekre.it\/wp-content\/uploads\/2024\/05\/45039_ekre_lumino_10_effect_intensive_spray_mask_30ml-1-150x150.png 150w, https:\/\/ekre.it\/wp-content\/uploads\/2024\/05\/45039_ekre_lumino_10_effect_intensive_spray_mask_30ml-1-768x768.png 768w, https:\/\/ekre.it\/wp-content\/uploads\/2024\/05\/45039_ekre_lumino_10_effect_intensive_spray_mask_30ml-1.png 800w\" \/><\/a>\n\t<\/div>\n\t<figcaption class=\"woocom-list-content\">\n\n\t\t<div class=\"woo-buttons\"><a href=\"https:\/\/ekre.it\/fr\/prodotto\/lumino-masque-spray-intensif-10-effets\/\" aria-describedby=\"woocommerce_loop_add_to_cart_link_describedby_5711\" data-quantity=\"1\" class=\"product_type_simple ajax_add_to_cart\" data-product_id=\"5711\" data-product_sku=\"\" aria-label=\"En savoir plus sur &ldquo;Lumin\u00f2 - Masque spray intensif 10\u00a0effets&rdquo;\" rel=\"nofollow\" data-success_message=\"\">Lire la suite<\/a>\t<span id=\"woocommerce_loop_add_to_cart_link_describedby_5711\" class=\"screen-reader-text\">\n\t\t\t<\/span>\n<\/div>\n\t<\/figcaption>\n<\/figure>\n<\/article><article class=\"post post-5739 product type-product status-publish has-post-thumbnail product_cat-lumino-fr product_cat-soins description-off  instock shipping-taxable product-type-simple\" ><figure class=\"woocom-project\">\n\t<div class=\"woo-buttons-on-img\">\n\n\t\t<a href=\"https:\/\/ekre.it\/fr\/prodotto\/lumino-masque-spray-intensif-10-effets-2\/\" class=\"alignnone layzr-bg\"><img loading=\"lazy\" decoding=\"async\" width=\"300\" height=\"300\" src=\"data:image\/svg+xml;charset=utf-8,%3Csvg xmlns%3D&#039;http%3A%2F%2Fwww.w3.org%2F2000%2Fsvg&#039; viewBox%3D&#039;0 0 300 300&#039;%2F%3E\" class=\"attachment-woocommerce_thumbnail size-woocommerce_thumbnail owl-lazy-load preload-me\" alt=\"Lumin\u00f2 - Masque spray intensif 10\u00a0effets\" data-src=\"https:\/\/ekre.it\/wp-content\/uploads\/2024\/05\/42063_ekre_treatment_lumino_10_effect_spray_mask_200ml-1-300x300.png\" data-srcset=\"https:\/\/ekre.it\/wp-content\/uploads\/2024\/05\/42063_ekre_treatment_lumino_10_effect_spray_mask_200ml-1-300x300.png 300w, https:\/\/ekre.it\/wp-content\/uploads\/2024\/05\/42063_ekre_treatment_lumino_10_effect_spray_mask_200ml-1-200x200.png 200w, https:\/\/ekre.it\/wp-content\/uploads\/2024\/05\/42063_ekre_treatment_lumino_10_effect_spray_mask_200ml-1-150x150.png 150w, https:\/\/ekre.it\/wp-content\/uploads\/2024\/05\/42063_ekre_treatment_lumino_10_effect_spray_mask_200ml-1.png 600w\" \/><\/a>\n\t<\/div>\n\t<figcaption class=\"woocom-list-content\">\n\n\t\t<div class=\"woo-buttons\"><a href=\"https:\/\/ekre.it\/fr\/prodotto\/lumino-masque-spray-intensif-10-effets-2\/\" aria-describedby=\"woocommerce_loop_add_to_cart_link_describedby_5739\" data-quantity=\"1\" class=\"product_type_simple ajax_add_to_cart\" data-product_id=\"5739\" data-product_sku=\"\" aria-label=\"En savoir plus sur &ldquo;Lumin\u00f2 - Masque spray intensif 10\u00a0effets&rdquo;\" rel=\"nofollow\" data-success_message=\"\">Lire la suite<\/a>\t<span id=\"woocommerce_loop_add_to_cart_link_describedby_5739\" class=\"screen-reader-text\">\n\t\t\t<\/span>\n<\/div>\n\t<\/figcaption>\n<\/figure>\n<\/article><article class=\"post post-5747 product type-product status-publish has-post-thumbnail product_cat-lumino-fr product_cat-soins description-off  instock shipping-taxable product-type-simple\" ><figure class=\"woocom-project\">\n\t<div class=\"woo-buttons-on-img\">\n\n\t\t<a href=\"https:\/\/ekre.it\/fr\/prodotto\/lumino-masque-illuminant\/\" class=\"alignnone layzr-bg\"><img loading=\"lazy\" decoding=\"async\" width=\"300\" height=\"300\" src=\"data:image\/svg+xml;charset=utf-8,%3Csvg xmlns%3D&#039;http%3A%2F%2Fwww.w3.org%2F2000%2Fsvg&#039; viewBox%3D&#039;0 0 300 300&#039;%2F%3E\" class=\"attachment-woocommerce_thumbnail size-woocommerce_thumbnail owl-lazy-load preload-me\" alt=\"Lumin\u00f2 - Masque Illuminant\" data-src=\"https:\/\/ekre.it\/wp-content\/uploads\/2024\/05\/42061_ekre_lumino_mask_250ml-1-300x300.png\" data-srcset=\"https:\/\/ekre.it\/wp-content\/uploads\/2024\/05\/42061_ekre_lumino_mask_250ml-1-300x300.png 300w, https:\/\/ekre.it\/wp-content\/uploads\/2024\/05\/42061_ekre_lumino_mask_250ml-1-200x200.png 200w, https:\/\/ekre.it\/wp-content\/uploads\/2024\/05\/42061_ekre_lumino_mask_250ml-1-150x150.png 150w, https:\/\/ekre.it\/wp-content\/uploads\/2024\/05\/42061_ekre_lumino_mask_250ml-1.png 600w\" \/><\/a>\n\t<\/div>\n\t<figcaption class=\"woocom-list-content\">\n\n\t\t<div class=\"woo-buttons\"><a href=\"https:\/\/ekre.it\/fr\/prodotto\/lumino-masque-illuminant\/\" aria-describedby=\"woocommerce_loop_add_to_cart_link_describedby_5747\" data-quantity=\"1\" class=\"product_type_simple ajax_add_to_cart\" data-product_id=\"5747\" data-product_sku=\"\" aria-label=\"En savoir plus sur &ldquo;Lumin\u00f2 - Masque Illuminant&rdquo;\" rel=\"nofollow\" data-success_message=\"\">Lire la suite<\/a>\t<span id=\"woocommerce_loop_add_to_cart_link_describedby_5747\" class=\"screen-reader-text\">\n\t\t\t<\/span>\n<\/div>\n\t<\/figcaption>\n<\/figure>\n<\/article><article class=\"post post-5751 product type-product status-publish has-post-thumbnail product_cat-lumino-fr product_cat-soins description-off last instock shipping-taxable product-type-simple\" ><figure class=\"woocom-project\">\n\t<div class=\"woo-buttons-on-img\">\n\n\t\t<a href=\"https:\/\/ekre.it\/fr\/prodotto\/lumino-shampoing-illuminant\/\" class=\"alignnone layzr-bg\"><img loading=\"lazy\" decoding=\"async\" width=\"300\" height=\"300\" src=\"data:image\/svg+xml;charset=utf-8,%3Csvg xmlns%3D&#039;http%3A%2F%2Fwww.w3.org%2F2000%2Fsvg&#039; viewBox%3D&#039;0 0 300 300&#039;%2F%3E\" class=\"attachment-woocommerce_thumbnail size-woocommerce_thumbnail owl-lazy-load preload-me\" alt=\"Lumin\u00f2 - Shampoing Illuminant\" data-src=\"https:\/\/ekre.it\/wp-content\/uploads\/2024\/05\/42060_ekre_lumino_shampoo_500ml-1-300x300.png\" data-srcset=\"https:\/\/ekre.it\/wp-content\/uploads\/2024\/05\/42060_ekre_lumino_shampoo_500ml-1-300x300.png 300w, https:\/\/ekre.it\/wp-content\/uploads\/2024\/05\/42060_ekre_lumino_shampoo_500ml-1-200x200.png 200w, https:\/\/ekre.it\/wp-content\/uploads\/2024\/05\/42060_ekre_lumino_shampoo_500ml-1-150x150.png 150w, https:\/\/ekre.it\/wp-content\/uploads\/2024\/05\/42060_ekre_lumino_shampoo_500ml-1.png 600w\" \/><\/a>\n\t<\/div>\n\t<figcaption class=\"woocom-list-content\">\n\n\t\t<div class=\"woo-buttons\"><a href=\"https:\/\/ekre.it\/fr\/prodotto\/lumino-shampoing-illuminant\/\" aria-describedby=\"woocommerce_loop_add_to_cart_link_describedby_5751\" data-quantity=\"1\" class=\"product_type_simple ajax_add_to_cart\" data-product_id=\"5751\" data-product_sku=\"\" aria-label=\"En savoir plus sur &ldquo;Lumin\u00f2 - Shampoing Illuminant&rdquo;\" rel=\"nofollow\" data-success_message=\"\">Lire la suite<\/a>\t<span id=\"woocommerce_loop_add_to_cart_link_describedby_5751\" class=\"screen-reader-text\">\n\t\t\t<\/span>\n<\/div>\n\t<\/figcaption>\n<\/figure>\n<\/article><\/div>[\/vc_column][\/vc_row]\n<\/div>","protected":false},"excerpt":{"rendered":"<p class=\"p1\"><span class=\"s1\">Lumin\u00f2 est une huile illuminante <b>sans rin\u00e7age<\/b> qui illumine et apporte de la souplesse aux cheveux. Sa formule \u00e0 l&#8217;huile d&#8217;argan et \u00e0 la k\u00e9ratine v\u00e9g\u00e9tale <b>nourrit instantan\u00e9ment et r\u00e9pare \u00e0 long terme<\/b>, en am\u00e9liorant<b> l&#8217;\u00e9clat et la vitalit\u00e9 du cheveu.<\/b><\/span><\/p>\n<p class=\"p3\"><span class=\"s1\"><b>Certifi\u00e9 VEGANOK, <\/b>ce produit<b> ne comporte aucun ingr\u00e9dient d&#8217;origine animale et refl\u00e8te enti\u00e8rement les valeurs \u00e9thiques v\u00e9ganes.<\/b><\/span><\/p>\n<p class=\"p5\">100 ml<\/p>\n<p><img loading=\"lazy\" decoding=\"async\" class=\"alignnone size-full wp-image-5185\" src=\"https:\/\/ekre.it\/wp-content\/uploads\/2021\/06\/vegan_3.png\" alt=\"\" width=\"60\" height=\"68\" \/><\/p>\n","protected":false},"featured_media":2649,"template":"","meta":[],"product_brand":[],"product_cat":[966,922],"product_tag":[],"class_list":{"0":"post-5743","1":"product","2":"type-product","3":"status-publish","4":"has-post-thumbnail","6":"product_cat-lumino-fr","7":"product_cat-soins","8":"description-off","10":"first","11":"instock","12":"shipping-taxable","13":"product-type-simple"},"yoast_head":"<!-- This site is optimized with the Yoast SEO plugin v26.7 - https:\/\/yoast.com\/wordpress\/plugins\/seo\/ -->\n<title>Lumin\u00f2 - Huile Illuminante - Ekre - Be Natural<\/title>\n<meta name=\"robots\" content=\"index, follow, max-snippet:-1, max-image-preview:large, max-video-preview:-1\" \/>\n<link rel=\"canonical\" href=\"https:\/\/ekre.it\/fr\/prodotto\/lumino-huile-illuminante\/\" \/>\n<meta property=\"og:locale\" content=\"fr_FR\" \/>\n<meta property=\"og:type\" content=\"article\" \/>\n<meta property=\"og:title\" content=\"Lumin\u00f2 - Huile Illuminante - Ekre - Be Natural\" \/>\n<meta property=\"og:description\" content=\"Lumin\u00f2 est une huile illuminante sans rin\u00e7age qui illumine et apporte de la souplesse aux cheveux. Sa formule \u00e0 l&#039;huile d&#039;argan et \u00e0 la k\u00e9ratine v\u00e9g\u00e9tale nourrit instantan\u00e9ment et r\u00e9pare \u00e0 long terme, en am\u00e9liorant l&#039;\u00e9clat et la vitalit\u00e9 du cheveu. Certifi\u00e9 VEGANOK, ce produit ne comporte aucun ingr\u00e9dient d&#039;origine animale et refl\u00e8te enti\u00e8rement les valeurs \u00e9thiques v\u00e9ganes. 100 ml\" \/>\n<meta property=\"og:url\" content=\"https:\/\/ekre.it\/fr\/prodotto\/lumino-huile-illuminante\/\" \/>\n<meta property=\"og:site_name\" content=\"Ekre - Be Natural\" \/>\n<meta property=\"article:modified_time\" content=\"2024-05-31T14:50:17+00:00\" \/>\n<meta property=\"og:image\" content=\"https:\/\/ekre.it\/wp-content\/uploads\/2024\/05\/42062_ekre_lumino_oil_150ml-1.png\" \/>\n\t<meta property=\"og:image:width\" content=\"600\" \/>\n\t<meta property=\"og:image:height\" content=\"600\" \/>\n\t<meta property=\"og:image:type\" content=\"image\/png\" \/>\n<meta name=\"twitter:card\" content=\"summary_large_image\" \/>\n<meta name=\"twitter:label1\" content=\"Dur\u00e9e de lecture estim\u00e9e\" \/>\n\t<meta name=\"twitter:data1\" content=\"1 minute\" \/>\n<script type=\"application\/ld+json\" class=\"yoast-schema-graph\">{\"@context\":\"https:\/\/schema.org\",\"@graph\":[{\"@type\":\"WebPage\",\"@id\":\"https:\/\/ekre.it\/fr\/prodotto\/lumino-huile-illuminante\/\",\"url\":\"https:\/\/ekre.it\/fr\/prodotto\/lumino-huile-illuminante\/\",\"name\":\"Lumin\u00f2 - Huile Illuminante - Ekre - Be Natural\",\"isPartOf\":{\"@id\":\"https:\/\/ekre.it\/fr\/#website\"},\"primaryImageOfPage\":{\"@id\":\"https:\/\/ekre.it\/fr\/prodotto\/lumino-huile-illuminante\/#primaryimage\"},\"image\":{\"@id\":\"https:\/\/ekre.it\/fr\/prodotto\/lumino-huile-illuminante\/#primaryimage\"},\"thumbnailUrl\":\"https:\/\/ekre.it\/wp-content\/uploads\/2024\/05\/42062_ekre_lumino_oil_150ml-1.png\",\"datePublished\":\"2024-05-22T14:55:47+00:00\",\"dateModified\":\"2024-05-31T14:50:17+00:00\",\"breadcrumb\":{\"@id\":\"https:\/\/ekre.it\/fr\/prodotto\/lumino-huile-illuminante\/#breadcrumb\"},\"inLanguage\":\"fr-FR\",\"potentialAction\":[{\"@type\":\"ReadAction\",\"target\":[\"https:\/\/ekre.it\/fr\/prodotto\/lumino-huile-illuminante\/\"]}]},{\"@type\":\"ImageObject\",\"inLanguage\":\"fr-FR\",\"@id\":\"https:\/\/ekre.it\/fr\/prodotto\/lumino-huile-illuminante\/#primaryimage\",\"url\":\"https:\/\/ekre.it\/wp-content\/uploads\/2024\/05\/42062_ekre_lumino_oil_150ml-1.png\",\"contentUrl\":\"https:\/\/ekre.it\/wp-content\/uploads\/2024\/05\/42062_ekre_lumino_oil_150ml-1.png\",\"width\":600,\"height\":600},{\"@type\":\"BreadcrumbList\",\"@id\":\"https:\/\/ekre.it\/fr\/prodotto\/lumino-huile-illuminante\/#breadcrumb\",\"itemListElement\":[{\"@type\":\"ListItem\",\"position\":1,\"name\":\"Home\",\"item\":\"https:\/\/ekre.it\/fr\/home\/\"},{\"@type\":\"ListItem\",\"position\":2,\"name\":\"Produits\",\"item\":\"https:\/\/ekre.it\/fr\/shop\/\"},{\"@type\":\"ListItem\",\"position\":3,\"name\":\"Lumin\u00f2 &#8211; Huile Illuminante\"}]},{\"@type\":\"WebSite\",\"@id\":\"https:\/\/ekre.it\/fr\/#website\",\"url\":\"https:\/\/ekre.it\/fr\/\",\"name\":\"Ekre - Be Natural\",\"description\":\"\",\"potentialAction\":[{\"@type\":\"SearchAction\",\"target\":{\"@type\":\"EntryPoint\",\"urlTemplate\":\"https:\/\/ekre.it\/fr\/?s={search_term_string}\"},\"query-input\":{\"@type\":\"PropertyValueSpecification\",\"valueRequired\":true,\"valueName\":\"search_term_string\"}}],\"inLanguage\":\"fr-FR\"}]}<\/script>\n<!-- \/ Yoast SEO plugin. -->","yoast_head_json":{"title":"Lumin\u00f2 - Huile Illuminante - Ekre - Be Natural","robots":{"index":"index","follow":"follow","max-snippet":"max-snippet:-1","max-image-preview":"max-image-preview:large","max-video-preview":"max-video-preview:-1"},"canonical":"https:\/\/ekre.it\/fr\/prodotto\/lumino-huile-illuminante\/","og_locale":"fr_FR","og_type":"article","og_title":"Lumin\u00f2 - Huile Illuminante - Ekre - Be Natural","og_description":"Lumin\u00f2 est une huile illuminante sans rin\u00e7age qui illumine et apporte de la souplesse aux cheveux. Sa formule \u00e0 l'huile d'argan et \u00e0 la k\u00e9ratine v\u00e9g\u00e9tale nourrit instantan\u00e9ment et r\u00e9pare \u00e0 long terme, en am\u00e9liorant l'\u00e9clat et la vitalit\u00e9 du cheveu. Certifi\u00e9 VEGANOK, ce produit ne comporte aucun ingr\u00e9dient d'origine animale et refl\u00e8te enti\u00e8rement les valeurs \u00e9thiques v\u00e9ganes. 100 ml","og_url":"https:\/\/ekre.it\/fr\/prodotto\/lumino-huile-illuminante\/","og_site_name":"Ekre - Be Natural","article_modified_time":"2024-05-31T14:50:17+00:00","og_image":[{"width":600,"height":600,"url":"https:\/\/ekre.it\/wp-content\/uploads\/2024\/05\/42062_ekre_lumino_oil_150ml-1.png","type":"image\/png"}],"twitter_card":"summary_large_image","twitter_misc":{"Dur\u00e9e de lecture estim\u00e9e":"1 minute"},"schema":{"@context":"https:\/\/schema.org","@graph":[{"@type":"WebPage","@id":"https:\/\/ekre.it\/fr\/prodotto\/lumino-huile-illuminante\/","url":"https:\/\/ekre.it\/fr\/prodotto\/lumino-huile-illuminante\/","name":"Lumin\u00f2 - Huile Illuminante - Ekre - Be Natural","isPartOf":{"@id":"https:\/\/ekre.it\/fr\/#website"},"primaryImageOfPage":{"@id":"https:\/\/ekre.it\/fr\/prodotto\/lumino-huile-illuminante\/#primaryimage"},"image":{"@id":"https:\/\/ekre.it\/fr\/prodotto\/lumino-huile-illuminante\/#primaryimage"},"thumbnailUrl":"https:\/\/ekre.it\/wp-content\/uploads\/2024\/05\/42062_ekre_lumino_oil_150ml-1.png","datePublished":"2024-05-22T14:55:47+00:00","dateModified":"2024-05-31T14:50:17+00:00","breadcrumb":{"@id":"https:\/\/ekre.it\/fr\/prodotto\/lumino-huile-illuminante\/#breadcrumb"},"inLanguage":"fr-FR","potentialAction":[{"@type":"ReadAction","target":["https:\/\/ekre.it\/fr\/prodotto\/lumino-huile-illuminante\/"]}]},{"@type":"ImageObject","inLanguage":"fr-FR","@id":"https:\/\/ekre.it\/fr\/prodotto\/lumino-huile-illuminante\/#primaryimage","url":"https:\/\/ekre.it\/wp-content\/uploads\/2024\/05\/42062_ekre_lumino_oil_150ml-1.png","contentUrl":"https:\/\/ekre.it\/wp-content\/uploads\/2024\/05\/42062_ekre_lumino_oil_150ml-1.png","width":600,"height":600},{"@type":"BreadcrumbList","@id":"https:\/\/ekre.it\/fr\/prodotto\/lumino-huile-illuminante\/#breadcrumb","itemListElement":[{"@type":"ListItem","position":1,"name":"Home","item":"https:\/\/ekre.it\/fr\/home\/"},{"@type":"ListItem","position":2,"name":"Produits","item":"https:\/\/ekre.it\/fr\/shop\/"},{"@type":"ListItem","position":3,"name":"Lumin\u00f2 &#8211; Huile Illuminante"}]},{"@type":"WebSite","@id":"https:\/\/ekre.it\/fr\/#website","url":"https:\/\/ekre.it\/fr\/","name":"Ekre - Be Natural","description":"","potentialAction":[{"@type":"SearchAction","target":{"@type":"EntryPoint","urlTemplate":"https:\/\/ekre.it\/fr\/?s={search_term_string}"},"query-input":{"@type":"PropertyValueSpecification","valueRequired":true,"valueName":"search_term_string"}}],"inLanguage":"fr-FR"}]}},"_links":{"self":[{"href":"https:\/\/ekre.it\/fr\/wp-json\/wp\/v2\/product\/5743","targetHints":{"allow":["GET"]}}],"collection":[{"href":"https:\/\/ekre.it\/fr\/wp-json\/wp\/v2\/product"}],"about":[{"href":"https:\/\/ekre.it\/fr\/wp-json\/wp\/v2\/types\/product"}],"wp:featuredmedia":[{"embeddable":true,"href":"https:\/\/ekre.it\/fr\/wp-json\/wp\/v2\/media\/2649"}],"wp:attachment":[{"href":"https:\/\/ekre.it\/fr\/wp-json\/wp\/v2\/media?parent=5743"}],"wp:term":[{"taxonomy":"product_brand","embeddable":true,"href":"https:\/\/ekre.it\/fr\/wp-json\/wp\/v2\/product_brand?post=5743"},{"taxonomy":"product_cat","embeddable":true,"href":"https:\/\/ekre.it\/fr\/wp-json\/wp\/v2\/product_cat?post=5743"},{"taxonomy":"product_tag","embeddable":true,"href":"https:\/\/ekre.it\/fr\/wp-json\/wp\/v2\/product_tag?post=5743"}],"curies":[{"name":"wp","href":"https:\/\/api.w.org\/{rel}","templated":true}]}}