{"id":5755,"date":"2024-05-22T16:54:14","date_gmt":"2024-05-22T14:54:14","guid":{"rendered":"https:\/\/ekre.it\/prodotto\/nature-shampooing-protecteur-de-couleur\/"},"modified":"2024-05-31T17:13:09","modified_gmt":"2024-05-31T15:13:09","slug":"nature-shampooing-protecteur-de-couleur","status":"publish","type":"product","link":"https:\/\/ekre.it\/fr\/prodotto\/nature-shampooing-protecteur-de-couleur\/","title":{"rendered":"Natur\u00e9 &#8211; Shampooing protecteur de couleur"},"content":{"rendered":"<div class=\"wpb-content-wrapper\">[vc_row el_class=&#8221;bordo_benefici&#8221;][vc_column][vc_column_text css=&#8221;&#8221;]\n<h2 style=\"text-align: left;\">Avantages<\/h2>\n<ul>\n<li>Prolonge l&#8217;intensit\u00e9 de la couleur dans le temps<\/li>\n<li>Prot\u00e8ge la couleur<\/li>\n<li>Nettoie en douceur<\/li>\n<li>Enrichi en extrait de pr\u00eale et de marronnier d&#8217;Inde<\/li>\n<\/ul>\n[\/vc_column_text][\/vc_column][\/vc_row][vc_row][vc_column][vc_empty_space height=&#8221;80px&#8221;][\/vc_column][\/vc_row][vc_row][vc_column][vc_column_text css=&#8221;&#8221;]\n<h2 style=\"text-align: center;\">Produits en vedette<\/h2>\n[\/vc_column_text]<style type=\"text\/css\" data-type=\"the7_shortcodes-inline-css\">.products-carousel-shortcode.products-carousel-shortcode-id-1901580f45fb9b41c36909f6f9a0a4a6 .owl-nav a {\n  width: 36px;\n  height: 36px;\n  border-radius: 500px;\n}\n.dt-arrow-border-on.products-carousel-shortcode.products-carousel-shortcode-id-1901580f45fb9b41c36909f6f9a0a4a6 .owl-nav a:not(:hover):before {\n  border-width: 0px;\n}\n.dt-arrow-hover-border-on.products-carousel-shortcode.products-carousel-shortcode-id-1901580f45fb9b41c36909f6f9a0a4a6 .owl-nav a:hover:after {\n  border-width: 0px;\n}\n.products-carousel-shortcode.products-carousel-shortcode-id-1901580f45fb9b41c36909f6f9a0a4a6 .owl-nav a.owl-prev {\n  top: 50%;\n  transform: translateY(calc(-50% + 0px));\n  left: -43px;\n}\n@media all and (-ms-high-contrast: none) {\n  .products-carousel-shortcode.products-carousel-shortcode-id-1901580f45fb9b41c36909f6f9a0a4a6 .owl-nav a.owl-prev {\n    transform: translateY(-50%);\n    margin-top: 0px;\n  }\n}\n.products-carousel-shortcode.products-carousel-shortcode-id-1901580f45fb9b41c36909f6f9a0a4a6 .owl-nav a.owl-prev i {\n  padding: 0px 0px 0px 0px;\n}\n.products-carousel-shortcode.products-carousel-shortcode-id-1901580f45fb9b41c36909f6f9a0a4a6 .owl-nav a.owl-next {\n  top: 50%;\n  transform: translateY(calc(-50% + 0px));\n  right: -43px;\n}\n@media all and (-ms-high-contrast: none) {\n  .products-carousel-shortcode.products-carousel-shortcode-id-1901580f45fb9b41c36909f6f9a0a4a6 .owl-nav a.owl-next {\n    transform: translateY(-50%);\n    margin-top: 0px;\n  }\n}\n.products-carousel-shortcode.products-carousel-shortcode-id-1901580f45fb9b41c36909f6f9a0a4a6 .owl-nav a.owl-next i {\n  padding: 0px 0px 0px 0px;\n}\n.products-carousel-shortcode.products-carousel-shortcode-id-1901580f45fb9b41c36909f6f9a0a4a6 .owl-nav i {\n  font-size: 18px;\n}\n.products-carousel-shortcode.products-carousel-shortcode-id-1901580f45fb9b41c36909f6f9a0a4a6 .owl-nav a:not(:hover) i,\n.products-carousel-shortcode.products-carousel-shortcode-id-1901580f45fb9b41c36909f6f9a0a4a6 .owl-nav a:not(:hover) i:before {\n  color: #ffffff;\n  background: none;\n}\n.products-carousel-shortcode.products-carousel-shortcode-id-1901580f45fb9b41c36909f6f9a0a4a6 .owl-nav a:hover i,\n.products-carousel-shortcode.products-carousel-shortcode-id-1901580f45fb9b41c36909f6f9a0a4a6 .owl-nav a:hover i:before {\n  color: rgba(255,255,255,0.75);\n  background: none;\n}\n.products-carousel-shortcode.products-carousel-shortcode-id-1901580f45fb9b41c36909f6f9a0a4a6 .owl-dots {\n  top: calc(100% + 20px);\n  left: 50%;\n  transform: translateX(calc(-50% + 0px));\n}\n@media all and (-ms-high-contrast: none) {\n  .products-carousel-shortcode.products-carousel-shortcode-id-1901580f45fb9b41c36909f6f9a0a4a6 .owl-dots {\n    transform: translateX(-50%);\n    margin-left: 0px;\n  }\n}\n.products-carousel-shortcode.products-carousel-shortcode-id-1901580f45fb9b41c36909f6f9a0a4a6 .owl-dot {\n  width: 10px;\n  height: 10px;\n  margin: 0 8px;\n}\n.bullets-scale-up.products-carousel-shortcode.products-carousel-shortcode-id-1901580f45fb9b41c36909f6f9a0a4a6 .owl-dot:not(.active):not(:hover) span {\n  background: #dbd6cc;\n}\n.bullets-scale-up.products-carousel-shortcode.products-carousel-shortcode-id-1901580f45fb9b41c36909f6f9a0a4a6 .owl-dot:not(.active):hover span,\n.bullets-scale-up.products-carousel-shortcode.products-carousel-shortcode-id-1901580f45fb9b41c36909f6f9a0a4a6 .owl-dot.active span {\n  background: #8d847a;\n}\n.bullets-stroke.products-carousel-shortcode.products-carousel-shortcode-id-1901580f45fb9b41c36909f6f9a0a4a6 .owl-dot:not(.active):not(:hover) span {\n  background: #dbd6cc;\n}\n.bullets-stroke.products-carousel-shortcode.products-carousel-shortcode-id-1901580f45fb9b41c36909f6f9a0a4a6 .owl-dot:not(.active):hover span {\n  background: #8d847a;\n}\n.bullets-stroke.products-carousel-shortcode.products-carousel-shortcode-id-1901580f45fb9b41c36909f6f9a0a4a6 .owl-dot.active span {\n  box-shadow: 0 0 0 2px #8d847a;\n}\n.bullets-fill-in.products-carousel-shortcode.products-carousel-shortcode-id-1901580f45fb9b41c36909f6f9a0a4a6 .owl-dot:not(.active):not(:hover) span {\n  box-shadow: inset 0 0 0 2px #dbd6cc;\n}\n.bullets-fill-in.products-carousel-shortcode.products-carousel-shortcode-id-1901580f45fb9b41c36909f6f9a0a4a6 .owl-dot:not(.active):hover span {\n  box-shadow: inset 0 0 0 2px #8d847a;\n}\n.bullets-fill-in.products-carousel-shortcode.products-carousel-shortcode-id-1901580f45fb9b41c36909f6f9a0a4a6 .owl-dot.active span {\n  box-shadow: inset 0 0 0 20px #8d847a;\n}\n.bullets-small-dot-stroke.products-carousel-shortcode.products-carousel-shortcode-id-1901580f45fb9b41c36909f6f9a0a4a6 .owl-dot:not(.active):not(:hover) span {\n  background: #dbd6cc;\n}\n.bullets-small-dot-stroke.products-carousel-shortcode.products-carousel-shortcode-id-1901580f45fb9b41c36909f6f9a0a4a6 .owl-dot:not(.active):hover span,\n.bullets-small-dot-stroke.products-carousel-shortcode.products-carousel-shortcode-id-1901580f45fb9b41c36909f6f9a0a4a6 .owl-dot.active span {\n  background: #8d847a;\n}\n.bullets-small-dot-stroke.products-carousel-shortcode.products-carousel-shortcode-id-1901580f45fb9b41c36909f6f9a0a4a6 .owl-dot.active {\n  box-shadow: 0 0 0 2px #8d847a;\n}\n.bullets-ubax.products-carousel-shortcode.products-carousel-shortcode-id-1901580f45fb9b41c36909f6f9a0a4a6 .owl-dot span {\n  background: #dbd6cc;\n}\n.bullets-ubax.products-carousel-shortcode.products-carousel-shortcode-id-1901580f45fb9b41c36909f6f9a0a4a6 .owl-dot.active span {\n  border-color: #8d847a;\n}\n.bullets-ubax.products-carousel-shortcode.products-carousel-shortcode-id-1901580f45fb9b41c36909f6f9a0a4a6 .owl-dot:not(.active):hover span {\n  background: #8d847a;\n}\n.bullets-etefu.products-carousel-shortcode.products-carousel-shortcode-id-1901580f45fb9b41c36909f6f9a0a4a6 .owl-dot span {\n  background: #dbd6cc;\n}\n.bullets-etefu.products-carousel-shortcode.products-carousel-shortcode-id-1901580f45fb9b41c36909f6f9a0a4a6 .owl-dot:not(.active):hover span {\n  background: #8d847a;\n}\n.bullets-etefu.products-carousel-shortcode.products-carousel-shortcode-id-1901580f45fb9b41c36909f6f9a0a4a6 .owl-dot span:before {\n  background: #8d847a;\n}\n.accent-gradient .bullets-etefu.products-carousel-shortcode.products-carousel-shortcode-id-1901580f45fb9b41c36909f6f9a0a4a6 .owl-dot span:before {\n  background: #8d847a;\n}\n@media screen and (max-width: 778px) {\n  .products-carousel-shortcode.products-carousel-shortcode-id-1901580f45fb9b41c36909f6f9a0a4a6.hide-arrows .owl-nav a {\n    display: none;\n  }\n}\n@media screen and (max-width: 778px) {\n  .products-carousel-shortcode.products-carousel-shortcode-id-1901580f45fb9b41c36909f6f9a0a4a6.reposition-arrows .owl-nav .owl-prev {\n    top: 50%;\n    transform: translateY(calc(-50% + 0px));\n    left: 10px;\n  }\n  .products-carousel-shortcode.products-carousel-shortcode-id-1901580f45fb9b41c36909f6f9a0a4a6.reposition-arrows .owl-nav .owl-next {\n    top: 50%;\n    transform: translateY(calc(-50% + 0px));\n    right: 10px;\n  }\n}\n@media screen and (max-width: 778px) and all and (-ms-high-contrast: none) {\n  .products-carousel-shortcode.products-carousel-shortcode-id-1901580f45fb9b41c36909f6f9a0a4a6.reposition-arrows .owl-nav .owl-prev {\n    transform: translateY(-50%);\n    margin-top: 0px;\n  }\n}\n@media screen and (max-width: 778px) and all and (-ms-high-contrast: none) {\n  .products-carousel-shortcode.products-carousel-shortcode-id-1901580f45fb9b41c36909f6f9a0a4a6.reposition-arrows .owl-nav .owl-next {\n    transform: translateY(-50%);\n    margin-top: 0px;\n  }\n}<\/style><div class=\"owl-carousel products-carousel-shortcode dt-owl-carousel-call products-carousel-shortcode-id-1901580f45fb9b41c36909f6f9a0a4a6 cart-btn-below-img bullets-ubax reposition-arrows arrows-bg-on dt-arrow-border-on dt-arrow-hover-border-on disable-arrows-hover-bg arrows-hover-bg-on  wc-img-hover hide-description hide-rating bordo_prodotti_correlati\" data-scroll-mode=\"1\" data-wide-col-num=\"4\" data-col-num=\"3\" data-laptop-col=\"3\" data-h-tablet-columns-num=\"3\" data-v-tablet-columns-num=\"2\" data-phone-columns-num=\"1\" data-auto-height=\"true\" data-col-gap=\"30\" data-stage-padding=\"0\" data-speed=\"600\" data-autoplay=\"false\" data-autoplay_speed=\"6000\" data-arrows=\"false\" data-bullet=\"true\" data-next-icon=\"icon-ar-017-r\" data-prev-icon=\"icon-ar-017-l\"><article class=\"post post-5715 product type-product status-publish has-post-thumbnail product_cat-nature-fr product_cat-soins description-off first instock shipping-taxable product-type-simple\" ><figure class=\"woocom-project\">\n\t<div class=\"woo-buttons-on-img\">\n\n\t\t<a href=\"https:\/\/ekre.it\/fr\/prodotto\/nature-masque-protecteur-de-couleur\/\" class=\"alignnone layzr-bg\"><img loading=\"lazy\" decoding=\"async\" width=\"300\" height=\"300\" src=\"data:image\/svg+xml;charset=utf-8,%3Csvg xmlns%3D&#039;http%3A%2F%2Fwww.w3.org%2F2000%2Fsvg&#039; viewBox%3D&#039;0 0 300 300&#039;%2F%3E\" class=\"attachment-woocommerce_thumbnail size-woocommerce_thumbnail owl-lazy-load preload-me\" alt=\"Natur\u00e9 - Masque protecteur de couleur\" data-src=\"https:\/\/ekre.it\/wp-content\/uploads\/2024\/05\/42031_ekre_nature_protection_mask_equiseto_1000ml-300x300.png\" data-srcset=\"https:\/\/ekre.it\/wp-content\/uploads\/2024\/05\/42031_ekre_nature_protection_mask_equiseto_1000ml-300x300.png 300w, https:\/\/ekre.it\/wp-content\/uploads\/2024\/05\/42031_ekre_nature_protection_mask_equiseto_1000ml-150x150.png 150w, https:\/\/ekre.it\/wp-content\/uploads\/2024\/05\/42031_ekre_nature_protection_mask_equiseto_1000ml-768x768.png 768w, https:\/\/ekre.it\/wp-content\/uploads\/2024\/05\/42031_ekre_nature_protection_mask_equiseto_1000ml-600x600.png 600w, https:\/\/ekre.it\/wp-content\/uploads\/2024\/05\/42031_ekre_nature_protection_mask_equiseto_1000ml-200x200.png 200w, https:\/\/ekre.it\/wp-content\/uploads\/2024\/05\/42031_ekre_nature_protection_mask_equiseto_1000ml.png 800w\" \/><\/a>\n\t<\/div>\n\t<figcaption class=\"woocom-list-content\">\n\n\t\t<div class=\"woo-buttons\"><a href=\"https:\/\/ekre.it\/fr\/prodotto\/nature-masque-protecteur-de-couleur\/\" aria-describedby=\"woocommerce_loop_add_to_cart_link_describedby_5715\" data-quantity=\"1\" class=\"product_type_simple ajax_add_to_cart\" data-product_id=\"5715\" data-product_sku=\"\" aria-label=\"En savoir plus sur &ldquo;Natur\u00e9 - Masque protecteur de couleur&rdquo;\" rel=\"nofollow\" data-success_message=\"\">Lire la suite<\/a>\t<span id=\"woocommerce_loop_add_to_cart_link_describedby_5715\" class=\"screen-reader-text\">\n\t\t\t<\/span>\n<\/div>\n\t<\/figcaption>\n<\/figure>\n<\/article><article class=\"post post-5989 product type-product status-publish has-post-thumbnail product_cat-nature-fr product_cat-soins description-off  instock shipping-taxable product-type-simple\" ><figure class=\"woocom-project\">\n\t<div class=\"woo-buttons-on-img\">\n\n\t\t<a href=\"https:\/\/ekre.it\/fr\/prodotto\/nature-cristaux-liquides\/\" class=\"alignnone layzr-bg\"><img loading=\"lazy\" decoding=\"async\" width=\"300\" height=\"300\" src=\"data:image\/svg+xml;charset=utf-8,%3Csvg xmlns%3D&#039;http%3A%2F%2Fwww.w3.org%2F2000%2Fsvg&#039; viewBox%3D&#039;0 0 300 300&#039;%2F%3E\" class=\"attachment-woocommerce_thumbnail size-woocommerce_thumbnail owl-lazy-load preload-me\" alt=\"Natur\u00e9 - Cristaux liquides\" data-src=\"https:\/\/ekre.it\/wp-content\/uploads\/2024\/05\/42028_ekre_iquid_crystals_flax-seeds_100ml-1-300x300.png\" data-srcset=\"https:\/\/ekre.it\/wp-content\/uploads\/2024\/05\/42028_ekre_iquid_crystals_flax-seeds_100ml-1-300x300.png 300w, https:\/\/ekre.it\/wp-content\/uploads\/2024\/05\/42028_ekre_iquid_crystals_flax-seeds_100ml-1-200x200.png 200w, https:\/\/ekre.it\/wp-content\/uploads\/2024\/05\/42028_ekre_iquid_crystals_flax-seeds_100ml-1-150x150.png 150w, https:\/\/ekre.it\/wp-content\/uploads\/2024\/05\/42028_ekre_iquid_crystals_flax-seeds_100ml-1.png 600w\" \/><\/a>\n\t<\/div>\n\t<figcaption class=\"woocom-list-content\">\n\n\t\t<div class=\"woo-buttons\"><a href=\"https:\/\/ekre.it\/fr\/prodotto\/nature-cristaux-liquides\/\" aria-describedby=\"woocommerce_loop_add_to_cart_link_describedby_5989\" data-quantity=\"1\" class=\"product_type_simple ajax_add_to_cart\" data-product_id=\"5989\" data-product_sku=\"\" aria-label=\"En savoir plus sur &ldquo;Natur\u00e9 - Cristaux liquides&rdquo;\" rel=\"nofollow\" data-success_message=\"\">Lire la suite<\/a>\t<span id=\"woocommerce_loop_add_to_cart_link_describedby_5989\" class=\"screen-reader-text\">\n\t\t\t<\/span>\n<\/div>\n\t<\/figcaption>\n<\/figure>\n<\/article><article class=\"post post-5997 product type-product status-publish has-post-thumbnail product_cat-nature-fr product_cat-soins description-off  instock shipping-taxable product-type-simple\" ><figure class=\"woocom-project\">\n\t<div class=\"woo-buttons-on-img\">\n\n\t\t<a href=\"https:\/\/ekre.it\/fr\/prodotto\/nature-huile-mineralisante\/\" class=\"alignnone layzr-bg\"><img loading=\"lazy\" decoding=\"async\" width=\"300\" height=\"300\" src=\"data:image\/svg+xml;charset=utf-8,%3Csvg xmlns%3D&#039;http%3A%2F%2Fwww.w3.org%2F2000%2Fsvg&#039; viewBox%3D&#039;0 0 300 300&#039;%2F%3E\" class=\"attachment-woocommerce_thumbnail size-woocommerce_thumbnail owl-lazy-load preload-me\" alt=\"Natur\u00e9 \u2013 Huile min\u00e9ralisante\" data-src=\"https:\/\/ekre.it\/wp-content\/uploads\/2024\/05\/42076_ekre_nature_mineralizing_oil-300x300.png\" data-srcset=\"https:\/\/ekre.it\/wp-content\/uploads\/2024\/05\/42076_ekre_nature_mineralizing_oil-300x300.png 300w, https:\/\/ekre.it\/wp-content\/uploads\/2024\/05\/42076_ekre_nature_mineralizing_oil-150x150.png 150w, https:\/\/ekre.it\/wp-content\/uploads\/2024\/05\/42076_ekre_nature_mineralizing_oil-768x768.png 768w, https:\/\/ekre.it\/wp-content\/uploads\/2024\/05\/42076_ekre_nature_mineralizing_oil-600x600.png 600w, https:\/\/ekre.it\/wp-content\/uploads\/2024\/05\/42076_ekre_nature_mineralizing_oil-200x200.png 200w, https:\/\/ekre.it\/wp-content\/uploads\/2024\/05\/42076_ekre_nature_mineralizing_oil.png 800w\" \/><\/a>\n\t<\/div>\n\t<figcaption class=\"woocom-list-content\">\n\n\t\t<div class=\"woo-buttons\"><a href=\"https:\/\/ekre.it\/fr\/prodotto\/nature-huile-mineralisante\/\" aria-describedby=\"woocommerce_loop_add_to_cart_link_describedby_5997\" data-quantity=\"1\" class=\"product_type_simple ajax_add_to_cart\" data-product_id=\"5997\" data-product_sku=\"\" aria-label=\"En savoir plus sur &ldquo;Natur\u00e9 \u2013 Huile min\u00e9ralisante&rdquo;\" rel=\"nofollow\" data-success_message=\"\">Lire la suite<\/a>\t<span id=\"woocommerce_loop_add_to_cart_link_describedby_5997\" class=\"screen-reader-text\">\n\t\t\t<\/span>\n<\/div>\n\t<\/figcaption>\n<\/figure>\n<\/article><\/div>[\/vc_column][\/vc_row]\n<\/div>","protected":false},"excerpt":{"rendered":"<p>Un alli\u00e9 dans la protection de la couleur cosm\u00e9tique : le <strong>shampooing Natur\u00e9 prot\u00e8ge et apporte de la lumi\u00e8re<\/strong>, en donnant de l&#8217;\u00e9clat aux <strong>cheveux color\u00e9s<\/strong>.<\/p>\n<p>Id\u00e9al pour un nettoyage en douceur, il apporte de la <strong>profondeur \u00e0 la couleur<\/strong>, en prolongeant son intensit\u00e9 et sa brillance dans le temps. Gr\u00e2ce \u00e0 sa formule \u00e0 l&#8217;extrait de <strong>Pr\u00eale et Marronnier d&#8217;Inde<\/strong>, le shampooing protecteur de couleur Natur\u00e9 est une excellente <strong>d\u00e9fense contre la photo-oxydation <\/strong>de la couleur des cheveux.<\/p>\n<p>Usage professionnel<\/p>\n<p class=\"p3\"><span class=\"s1\"><b>Certifi\u00e9 VEGANOK,\u00a0<\/b>ce produit<b>\u00a0ne comporte aucun ingr\u00e9dient d\u2019origine animale et refl\u00e8te enti\u00e8rement les valeurs \u00e9thiques v\u00e9ganes.<\/b><\/span><\/p>\n<p>Format 1000 ml<\/p>\n<p><img loading=\"lazy\" decoding=\"async\" class=\"alignnone size-full wp-image-5185\" src=\"https:\/\/ekre.it\/wp-content\/uploads\/2021\/06\/vegan_3.png\" alt=\"\" width=\"60\" height=\"68\" \/><\/p>\n","protected":false},"featured_media":2634,"template":"","meta":[],"product_brand":[],"product_cat":[970,922],"product_tag":[],"class_list":{"0":"post-5755","1":"product","2":"type-product","3":"status-publish","4":"has-post-thumbnail","6":"product_cat-nature-fr","7":"product_cat-soins","8":"description-off","10":"last","11":"instock","12":"shipping-taxable","13":"product-type-simple"},"yoast_head":"<!-- This site is optimized with the Yoast SEO plugin v26.7 - https:\/\/yoast.com\/wordpress\/plugins\/seo\/ -->\n<title>Natur\u00e9 - Shampooing protecteur de couleur - Ekre - Be Natural<\/title>\n<meta name=\"robots\" content=\"index, follow, max-snippet:-1, max-image-preview:large, max-video-preview:-1\" \/>\n<link rel=\"canonical\" href=\"https:\/\/ekre.it\/fr\/prodotto\/nature-shampooing-protecteur-de-couleur\/\" \/>\n<meta property=\"og:locale\" content=\"fr_FR\" \/>\n<meta property=\"og:type\" content=\"article\" \/>\n<meta property=\"og:title\" content=\"Natur\u00e9 - Shampooing protecteur de couleur - Ekre - Be Natural\" \/>\n<meta property=\"og:description\" content=\"Un alli\u00e9 dans la protection de la couleur cosm\u00e9tique : le shampooing Natur\u00e9 prot\u00e8ge et apporte de la lumi\u00e8re, en donnant de l&#039;\u00e9clat aux cheveux color\u00e9s.  Id\u00e9al pour un nettoyage en douceur, il apporte de la profondeur \u00e0 la couleur, en prolongeant son intensit\u00e9 et sa brillance dans le temps. Gr\u00e2ce \u00e0 sa formule \u00e0 l&#039;extrait de Pr\u00eale et Marronnier d&#039;Inde, le shampooing protecteur de couleur Natur\u00e9 est une excellente d\u00e9fense contre la photo-oxydation de la couleur des cheveux.  Usage professionnel Certifi\u00e9 VEGANOK,\u00a0ce produit\u00a0ne comporte aucun ingr\u00e9dient d\u2019origine animale et refl\u00e8te enti\u00e8rement les valeurs \u00e9thiques v\u00e9ganes. Format 1000 ml\" \/>\n<meta property=\"og:url\" content=\"https:\/\/ekre.it\/fr\/prodotto\/nature-shampooing-protecteur-de-couleur\/\" \/>\n<meta property=\"og:site_name\" content=\"Ekre - Be Natural\" \/>\n<meta property=\"article:modified_time\" content=\"2024-05-31T15:13:09+00:00\" \/>\n<meta property=\"og:image\" content=\"https:\/\/ekre.it\/wp-content\/uploads\/2024\/05\/42040_ekre_nature_specific_shampoo_equiesto_ippocastano_1000ml-1.png\" \/>\n\t<meta property=\"og:image:width\" content=\"600\" \/>\n\t<meta property=\"og:image:height\" content=\"600\" \/>\n\t<meta property=\"og:image:type\" content=\"image\/png\" \/>\n<meta name=\"twitter:card\" content=\"summary_large_image\" \/>\n<meta name=\"twitter:label1\" content=\"Dur\u00e9e de lecture estim\u00e9e\" \/>\n\t<meta name=\"twitter:data1\" content=\"1 minute\" \/>\n<script type=\"application\/ld+json\" class=\"yoast-schema-graph\">{\"@context\":\"https:\/\/schema.org\",\"@graph\":[{\"@type\":\"WebPage\",\"@id\":\"https:\/\/ekre.it\/fr\/prodotto\/nature-shampooing-protecteur-de-couleur\/\",\"url\":\"https:\/\/ekre.it\/fr\/prodotto\/nature-shampooing-protecteur-de-couleur\/\",\"name\":\"Natur\u00e9 - Shampooing protecteur de couleur - Ekre - Be Natural\",\"isPartOf\":{\"@id\":\"https:\/\/ekre.it\/fr\/#website\"},\"primaryImageOfPage\":{\"@id\":\"https:\/\/ekre.it\/fr\/prodotto\/nature-shampooing-protecteur-de-couleur\/#primaryimage\"},\"image\":{\"@id\":\"https:\/\/ekre.it\/fr\/prodotto\/nature-shampooing-protecteur-de-couleur\/#primaryimage\"},\"thumbnailUrl\":\"https:\/\/ekre.it\/wp-content\/uploads\/2024\/05\/42040_ekre_nature_specific_shampoo_equiesto_ippocastano_1000ml-1.png\",\"datePublished\":\"2024-05-22T14:54:14+00:00\",\"dateModified\":\"2024-05-31T15:13:09+00:00\",\"breadcrumb\":{\"@id\":\"https:\/\/ekre.it\/fr\/prodotto\/nature-shampooing-protecteur-de-couleur\/#breadcrumb\"},\"inLanguage\":\"fr-FR\",\"potentialAction\":[{\"@type\":\"ReadAction\",\"target\":[\"https:\/\/ekre.it\/fr\/prodotto\/nature-shampooing-protecteur-de-couleur\/\"]}]},{\"@type\":\"ImageObject\",\"inLanguage\":\"fr-FR\",\"@id\":\"https:\/\/ekre.it\/fr\/prodotto\/nature-shampooing-protecteur-de-couleur\/#primaryimage\",\"url\":\"https:\/\/ekre.it\/wp-content\/uploads\/2024\/05\/42040_ekre_nature_specific_shampoo_equiesto_ippocastano_1000ml-1.png\",\"contentUrl\":\"https:\/\/ekre.it\/wp-content\/uploads\/2024\/05\/42040_ekre_nature_specific_shampoo_equiesto_ippocastano_1000ml-1.png\",\"width\":600,\"height\":600},{\"@type\":\"BreadcrumbList\",\"@id\":\"https:\/\/ekre.it\/fr\/prodotto\/nature-shampooing-protecteur-de-couleur\/#breadcrumb\",\"itemListElement\":[{\"@type\":\"ListItem\",\"position\":1,\"name\":\"Home\",\"item\":\"https:\/\/ekre.it\/fr\/home\/\"},{\"@type\":\"ListItem\",\"position\":2,\"name\":\"Produits\",\"item\":\"https:\/\/ekre.it\/fr\/shop\/\"},{\"@type\":\"ListItem\",\"position\":3,\"name\":\"Natur\u00e9 &#8211; Shampooing protecteur de couleur\"}]},{\"@type\":\"WebSite\",\"@id\":\"https:\/\/ekre.it\/fr\/#website\",\"url\":\"https:\/\/ekre.it\/fr\/\",\"name\":\"Ekre - Be Natural\",\"description\":\"\",\"potentialAction\":[{\"@type\":\"SearchAction\",\"target\":{\"@type\":\"EntryPoint\",\"urlTemplate\":\"https:\/\/ekre.it\/fr\/?s={search_term_string}\"},\"query-input\":{\"@type\":\"PropertyValueSpecification\",\"valueRequired\":true,\"valueName\":\"search_term_string\"}}],\"inLanguage\":\"fr-FR\"}]}<\/script>\n<!-- \/ Yoast SEO plugin. -->","yoast_head_json":{"title":"Natur\u00e9 - Shampooing protecteur de couleur - Ekre - Be Natural","robots":{"index":"index","follow":"follow","max-snippet":"max-snippet:-1","max-image-preview":"max-image-preview:large","max-video-preview":"max-video-preview:-1"},"canonical":"https:\/\/ekre.it\/fr\/prodotto\/nature-shampooing-protecteur-de-couleur\/","og_locale":"fr_FR","og_type":"article","og_title":"Natur\u00e9 - Shampooing protecteur de couleur - Ekre - Be Natural","og_description":"Un alli\u00e9 dans la protection de la couleur cosm\u00e9tique : le shampooing Natur\u00e9 prot\u00e8ge et apporte de la lumi\u00e8re, en donnant de l'\u00e9clat aux cheveux color\u00e9s.  Id\u00e9al pour un nettoyage en douceur, il apporte de la profondeur \u00e0 la couleur, en prolongeant son intensit\u00e9 et sa brillance dans le temps. Gr\u00e2ce \u00e0 sa formule \u00e0 l'extrait de Pr\u00eale et Marronnier d'Inde, le shampooing protecteur de couleur Natur\u00e9 est une excellente d\u00e9fense contre la photo-oxydation de la couleur des cheveux.  Usage professionnel Certifi\u00e9 VEGANOK,\u00a0ce produit\u00a0ne comporte aucun ingr\u00e9dient d\u2019origine animale et refl\u00e8te enti\u00e8rement les valeurs \u00e9thiques v\u00e9ganes. Format 1000 ml","og_url":"https:\/\/ekre.it\/fr\/prodotto\/nature-shampooing-protecteur-de-couleur\/","og_site_name":"Ekre - Be Natural","article_modified_time":"2024-05-31T15:13:09+00:00","og_image":[{"width":600,"height":600,"url":"https:\/\/ekre.it\/wp-content\/uploads\/2024\/05\/42040_ekre_nature_specific_shampoo_equiesto_ippocastano_1000ml-1.png","type":"image\/png"}],"twitter_card":"summary_large_image","twitter_misc":{"Dur\u00e9e de lecture estim\u00e9e":"1 minute"},"schema":{"@context":"https:\/\/schema.org","@graph":[{"@type":"WebPage","@id":"https:\/\/ekre.it\/fr\/prodotto\/nature-shampooing-protecteur-de-couleur\/","url":"https:\/\/ekre.it\/fr\/prodotto\/nature-shampooing-protecteur-de-couleur\/","name":"Natur\u00e9 - Shampooing protecteur de couleur - Ekre - Be Natural","isPartOf":{"@id":"https:\/\/ekre.it\/fr\/#website"},"primaryImageOfPage":{"@id":"https:\/\/ekre.it\/fr\/prodotto\/nature-shampooing-protecteur-de-couleur\/#primaryimage"},"image":{"@id":"https:\/\/ekre.it\/fr\/prodotto\/nature-shampooing-protecteur-de-couleur\/#primaryimage"},"thumbnailUrl":"https:\/\/ekre.it\/wp-content\/uploads\/2024\/05\/42040_ekre_nature_specific_shampoo_equiesto_ippocastano_1000ml-1.png","datePublished":"2024-05-22T14:54:14+00:00","dateModified":"2024-05-31T15:13:09+00:00","breadcrumb":{"@id":"https:\/\/ekre.it\/fr\/prodotto\/nature-shampooing-protecteur-de-couleur\/#breadcrumb"},"inLanguage":"fr-FR","potentialAction":[{"@type":"ReadAction","target":["https:\/\/ekre.it\/fr\/prodotto\/nature-shampooing-protecteur-de-couleur\/"]}]},{"@type":"ImageObject","inLanguage":"fr-FR","@id":"https:\/\/ekre.it\/fr\/prodotto\/nature-shampooing-protecteur-de-couleur\/#primaryimage","url":"https:\/\/ekre.it\/wp-content\/uploads\/2024\/05\/42040_ekre_nature_specific_shampoo_equiesto_ippocastano_1000ml-1.png","contentUrl":"https:\/\/ekre.it\/wp-content\/uploads\/2024\/05\/42040_ekre_nature_specific_shampoo_equiesto_ippocastano_1000ml-1.png","width":600,"height":600},{"@type":"BreadcrumbList","@id":"https:\/\/ekre.it\/fr\/prodotto\/nature-shampooing-protecteur-de-couleur\/#breadcrumb","itemListElement":[{"@type":"ListItem","position":1,"name":"Home","item":"https:\/\/ekre.it\/fr\/home\/"},{"@type":"ListItem","position":2,"name":"Produits","item":"https:\/\/ekre.it\/fr\/shop\/"},{"@type":"ListItem","position":3,"name":"Natur\u00e9 &#8211; Shampooing protecteur de couleur"}]},{"@type":"WebSite","@id":"https:\/\/ekre.it\/fr\/#website","url":"https:\/\/ekre.it\/fr\/","name":"Ekre - Be Natural","description":"","potentialAction":[{"@type":"SearchAction","target":{"@type":"EntryPoint","urlTemplate":"https:\/\/ekre.it\/fr\/?s={search_term_string}"},"query-input":{"@type":"PropertyValueSpecification","valueRequired":true,"valueName":"search_term_string"}}],"inLanguage":"fr-FR"}]}},"_links":{"self":[{"href":"https:\/\/ekre.it\/fr\/wp-json\/wp\/v2\/product\/5755","targetHints":{"allow":["GET"]}}],"collection":[{"href":"https:\/\/ekre.it\/fr\/wp-json\/wp\/v2\/product"}],"about":[{"href":"https:\/\/ekre.it\/fr\/wp-json\/wp\/v2\/types\/product"}],"wp:featuredmedia":[{"embeddable":true,"href":"https:\/\/ekre.it\/fr\/wp-json\/wp\/v2\/media\/2634"}],"wp:attachment":[{"href":"https:\/\/ekre.it\/fr\/wp-json\/wp\/v2\/media?parent=5755"}],"wp:term":[{"taxonomy":"product_brand","embeddable":true,"href":"https:\/\/ekre.it\/fr\/wp-json\/wp\/v2\/product_brand?post=5755"},{"taxonomy":"product_cat","embeddable":true,"href":"https:\/\/ekre.it\/fr\/wp-json\/wp\/v2\/product_cat?post=5755"},{"taxonomy":"product_tag","embeddable":true,"href":"https:\/\/ekre.it\/fr\/wp-json\/wp\/v2\/product_tag?post=5755"}],"curies":[{"name":"wp","href":"https:\/\/api.w.org\/{rel}","templated":true}]}}