{"id":5759,"date":"2024-05-22T16:54:13","date_gmt":"2024-05-22T14:54:13","guid":{"rendered":"https:\/\/ekre.it\/prodotto\/nature-baume-usage-frequent\/"},"modified":"2024-05-31T17:18:18","modified_gmt":"2024-05-31T15:18:18","slug":"nature-baume-usage-frequent","status":"publish","type":"product","link":"https:\/\/ekre.it\/fr\/prodotto\/nature-baume-usage-frequent\/","title":{"rendered":"Natur\u00e9 &#8211; Baume usage fr\u00e9quent"},"content":{"rendered":"<div class=\"wpb-content-wrapper\">[vc_row el_class=&#8221;bordo_benefici&#8221;][vc_column][vc_column_text css=&#8221;&#8221;]\n<h2 style=\"text-align: left;\"> Avantages <\/h2>\n<ul>\n<li>Hydrate et d\u00e9m\u00eale les cheveux<\/li>\n<li>Formule d\u00e9licate, id\u00e9ale pour un usage fr\u00e9quent<\/li>\n<li>Enrichi en extrait d\u2019amande et de graines de lin<\/li>\n<\/ul>\n[\/vc_column_text][\/vc_column][\/vc_row][vc_row][vc_column][vc_empty_space height=&#8221;80px&#8221;][\/vc_column][\/vc_row][vc_row][vc_column][vc_column_text css=&#8221;&#8221;]\n<h2 style=\"text-align: center;\">Produits en vedette<\/h2>\n<p>&nbsp;[\/vc_column_text]<style type=\"text\/css\" data-type=\"the7_shortcodes-inline-css\">.products-carousel-shortcode.products-carousel-shortcode-id-098ee05487f2dc09fce81f96a606aa61 .owl-nav a {\n  width: 36px;\n  height: 36px;\n  border-radius: 500px;\n}\n.dt-arrow-border-on.products-carousel-shortcode.products-carousel-shortcode-id-098ee05487f2dc09fce81f96a606aa61 .owl-nav a:not(:hover):before {\n  border-width: 0px;\n}\n.dt-arrow-hover-border-on.products-carousel-shortcode.products-carousel-shortcode-id-098ee05487f2dc09fce81f96a606aa61 .owl-nav a:hover:after {\n  border-width: 0px;\n}\n.products-carousel-shortcode.products-carousel-shortcode-id-098ee05487f2dc09fce81f96a606aa61 .owl-nav a.owl-prev {\n  top: 50%;\n  transform: translateY(calc(-50% + 0px));\n  left: -43px;\n}\n@media all and (-ms-high-contrast: none) {\n  .products-carousel-shortcode.products-carousel-shortcode-id-098ee05487f2dc09fce81f96a606aa61 .owl-nav a.owl-prev {\n    transform: translateY(-50%);\n    margin-top: 0px;\n  }\n}\n.products-carousel-shortcode.products-carousel-shortcode-id-098ee05487f2dc09fce81f96a606aa61 .owl-nav a.owl-prev i {\n  padding: 0px 0px 0px 0px;\n}\n.products-carousel-shortcode.products-carousel-shortcode-id-098ee05487f2dc09fce81f96a606aa61 .owl-nav a.owl-next {\n  top: 50%;\n  transform: translateY(calc(-50% + 0px));\n  right: -43px;\n}\n@media all and (-ms-high-contrast: none) {\n  .products-carousel-shortcode.products-carousel-shortcode-id-098ee05487f2dc09fce81f96a606aa61 .owl-nav a.owl-next {\n    transform: translateY(-50%);\n    margin-top: 0px;\n  }\n}\n.products-carousel-shortcode.products-carousel-shortcode-id-098ee05487f2dc09fce81f96a606aa61 .owl-nav a.owl-next i {\n  padding: 0px 0px 0px 0px;\n}\n.products-carousel-shortcode.products-carousel-shortcode-id-098ee05487f2dc09fce81f96a606aa61 .owl-nav i {\n  font-size: 18px;\n}\n.products-carousel-shortcode.products-carousel-shortcode-id-098ee05487f2dc09fce81f96a606aa61 .owl-nav a:not(:hover) i,\n.products-carousel-shortcode.products-carousel-shortcode-id-098ee05487f2dc09fce81f96a606aa61 .owl-nav a:not(:hover) i:before {\n  color: #ffffff;\n  background: none;\n}\n.products-carousel-shortcode.products-carousel-shortcode-id-098ee05487f2dc09fce81f96a606aa61 .owl-nav a:hover i,\n.products-carousel-shortcode.products-carousel-shortcode-id-098ee05487f2dc09fce81f96a606aa61 .owl-nav a:hover i:before {\n  color: rgba(255,255,255,0.75);\n  background: none;\n}\n.products-carousel-shortcode.products-carousel-shortcode-id-098ee05487f2dc09fce81f96a606aa61 .owl-dots {\n  top: calc(100% + 20px);\n  left: 50%;\n  transform: translateX(calc(-50% + 0px));\n}\n@media all and (-ms-high-contrast: none) {\n  .products-carousel-shortcode.products-carousel-shortcode-id-098ee05487f2dc09fce81f96a606aa61 .owl-dots {\n    transform: translateX(-50%);\n    margin-left: 0px;\n  }\n}\n.products-carousel-shortcode.products-carousel-shortcode-id-098ee05487f2dc09fce81f96a606aa61 .owl-dot {\n  width: 10px;\n  height: 10px;\n  margin: 0 8px;\n}\n.bullets-scale-up.products-carousel-shortcode.products-carousel-shortcode-id-098ee05487f2dc09fce81f96a606aa61 .owl-dot:not(.active):not(:hover) span {\n  background: #dbd6cc;\n}\n.bullets-scale-up.products-carousel-shortcode.products-carousel-shortcode-id-098ee05487f2dc09fce81f96a606aa61 .owl-dot:not(.active):hover span,\n.bullets-scale-up.products-carousel-shortcode.products-carousel-shortcode-id-098ee05487f2dc09fce81f96a606aa61 .owl-dot.active span {\n  background: #8d847a;\n}\n.bullets-stroke.products-carousel-shortcode.products-carousel-shortcode-id-098ee05487f2dc09fce81f96a606aa61 .owl-dot:not(.active):not(:hover) span {\n  background: #dbd6cc;\n}\n.bullets-stroke.products-carousel-shortcode.products-carousel-shortcode-id-098ee05487f2dc09fce81f96a606aa61 .owl-dot:not(.active):hover span {\n  background: #8d847a;\n}\n.bullets-stroke.products-carousel-shortcode.products-carousel-shortcode-id-098ee05487f2dc09fce81f96a606aa61 .owl-dot.active span {\n  box-shadow: 0 0 0 2px #8d847a;\n}\n.bullets-fill-in.products-carousel-shortcode.products-carousel-shortcode-id-098ee05487f2dc09fce81f96a606aa61 .owl-dot:not(.active):not(:hover) span {\n  box-shadow: inset 0 0 0 2px #dbd6cc;\n}\n.bullets-fill-in.products-carousel-shortcode.products-carousel-shortcode-id-098ee05487f2dc09fce81f96a606aa61 .owl-dot:not(.active):hover span {\n  box-shadow: inset 0 0 0 2px #8d847a;\n}\n.bullets-fill-in.products-carousel-shortcode.products-carousel-shortcode-id-098ee05487f2dc09fce81f96a606aa61 .owl-dot.active span {\n  box-shadow: inset 0 0 0 20px #8d847a;\n}\n.bullets-small-dot-stroke.products-carousel-shortcode.products-carousel-shortcode-id-098ee05487f2dc09fce81f96a606aa61 .owl-dot:not(.active):not(:hover) span {\n  background: #dbd6cc;\n}\n.bullets-small-dot-stroke.products-carousel-shortcode.products-carousel-shortcode-id-098ee05487f2dc09fce81f96a606aa61 .owl-dot:not(.active):hover span,\n.bullets-small-dot-stroke.products-carousel-shortcode.products-carousel-shortcode-id-098ee05487f2dc09fce81f96a606aa61 .owl-dot.active span {\n  background: #8d847a;\n}\n.bullets-small-dot-stroke.products-carousel-shortcode.products-carousel-shortcode-id-098ee05487f2dc09fce81f96a606aa61 .owl-dot.active {\n  box-shadow: 0 0 0 2px #8d847a;\n}\n.bullets-ubax.products-carousel-shortcode.products-carousel-shortcode-id-098ee05487f2dc09fce81f96a606aa61 .owl-dot span {\n  background: #dbd6cc;\n}\n.bullets-ubax.products-carousel-shortcode.products-carousel-shortcode-id-098ee05487f2dc09fce81f96a606aa61 .owl-dot.active span {\n  border-color: #8d847a;\n}\n.bullets-ubax.products-carousel-shortcode.products-carousel-shortcode-id-098ee05487f2dc09fce81f96a606aa61 .owl-dot:not(.active):hover span {\n  background: #8d847a;\n}\n.bullets-etefu.products-carousel-shortcode.products-carousel-shortcode-id-098ee05487f2dc09fce81f96a606aa61 .owl-dot span {\n  background: #dbd6cc;\n}\n.bullets-etefu.products-carousel-shortcode.products-carousel-shortcode-id-098ee05487f2dc09fce81f96a606aa61 .owl-dot:not(.active):hover span {\n  background: #8d847a;\n}\n.bullets-etefu.products-carousel-shortcode.products-carousel-shortcode-id-098ee05487f2dc09fce81f96a606aa61 .owl-dot span:before {\n  background: #8d847a;\n}\n.accent-gradient .bullets-etefu.products-carousel-shortcode.products-carousel-shortcode-id-098ee05487f2dc09fce81f96a606aa61 .owl-dot span:before {\n  background: #8d847a;\n}\n@media screen and (max-width: 778px) {\n  .products-carousel-shortcode.products-carousel-shortcode-id-098ee05487f2dc09fce81f96a606aa61.hide-arrows .owl-nav a {\n    display: none;\n  }\n}\n@media screen and (max-width: 778px) {\n  .products-carousel-shortcode.products-carousel-shortcode-id-098ee05487f2dc09fce81f96a606aa61.reposition-arrows .owl-nav .owl-prev {\n    top: 50%;\n    transform: translateY(calc(-50% + 0px));\n    left: 10px;\n  }\n  .products-carousel-shortcode.products-carousel-shortcode-id-098ee05487f2dc09fce81f96a606aa61.reposition-arrows .owl-nav .owl-next {\n    top: 50%;\n    transform: translateY(calc(-50% + 0px));\n    right: 10px;\n  }\n}\n@media screen and (max-width: 778px) and all and (-ms-high-contrast: none) {\n  .products-carousel-shortcode.products-carousel-shortcode-id-098ee05487f2dc09fce81f96a606aa61.reposition-arrows .owl-nav .owl-prev {\n    transform: translateY(-50%);\n    margin-top: 0px;\n  }\n}\n@media screen and (max-width: 778px) and all and (-ms-high-contrast: none) {\n  .products-carousel-shortcode.products-carousel-shortcode-id-098ee05487f2dc09fce81f96a606aa61.reposition-arrows .owl-nav .owl-next {\n    transform: translateY(-50%);\n    margin-top: 0px;\n  }\n}<\/style><div class=\"owl-carousel products-carousel-shortcode dt-owl-carousel-call products-carousel-shortcode-id-098ee05487f2dc09fce81f96a606aa61 cart-btn-below-img bullets-ubax reposition-arrows arrows-bg-on dt-arrow-border-on dt-arrow-hover-border-on disable-arrows-hover-bg arrows-hover-bg-on  wc-img-hover hide-description hide-rating bordo_prodotti_correlati\" data-scroll-mode=\"1\" data-wide-col-num=\"4\" data-col-num=\"3\" data-laptop-col=\"3\" data-h-tablet-columns-num=\"3\" data-v-tablet-columns-num=\"2\" data-phone-columns-num=\"1\" data-auto-height=\"true\" data-col-gap=\"30\" data-stage-padding=\"0\" data-speed=\"600\" data-autoplay=\"false\" data-autoplay_speed=\"6000\" data-arrows=\"false\" data-bullet=\"true\" data-next-icon=\"icon-ar-017-r\" data-prev-icon=\"icon-ar-017-l\"><article class=\"post post-5763 product type-product status-publish has-post-thumbnail product_cat-nature-fr product_cat-soins description-off first instock shipping-taxable product-type-simple\" ><figure class=\"woocom-project\">\n\t<div class=\"woo-buttons-on-img\">\n\n\t\t<a href=\"https:\/\/ekre.it\/fr\/prodotto\/nature-shampooing-usage-frequent\/\" class=\"alignnone layzr-bg\"><img loading=\"lazy\" decoding=\"async\" width=\"300\" height=\"300\" src=\"data:image\/svg+xml;charset=utf-8,%3Csvg xmlns%3D&#039;http%3A%2F%2Fwww.w3.org%2F2000%2Fsvg&#039; viewBox%3D&#039;0 0 300 300&#039;%2F%3E\" class=\"attachment-woocommerce_thumbnail size-woocommerce_thumbnail owl-lazy-load preload-me\" alt=\"Natur\u00e9 - Shampooing usage fr\u00e9quent\" data-src=\"https:\/\/ekre.it\/wp-content\/uploads\/2024\/05\/42058_ekre_nature_shampoo_frequent_use_mandorla_semidilino_1000ml-1-300x300.png\" data-srcset=\"https:\/\/ekre.it\/wp-content\/uploads\/2024\/05\/42058_ekre_nature_shampoo_frequent_use_mandorla_semidilino_1000ml-1-300x300.png 300w, https:\/\/ekre.it\/wp-content\/uploads\/2024\/05\/42058_ekre_nature_shampoo_frequent_use_mandorla_semidilino_1000ml-1-200x200.png 200w, https:\/\/ekre.it\/wp-content\/uploads\/2024\/05\/42058_ekre_nature_shampoo_frequent_use_mandorla_semidilino_1000ml-1-150x150.png 150w, https:\/\/ekre.it\/wp-content\/uploads\/2024\/05\/42058_ekre_nature_shampoo_frequent_use_mandorla_semidilino_1000ml-1.png 600w\" \/><\/a>\n\t<\/div>\n\t<figcaption class=\"woocom-list-content\">\n\n\t\t<div class=\"woo-buttons\"><a href=\"https:\/\/ekre.it\/fr\/prodotto\/nature-shampooing-usage-frequent\/\" aria-describedby=\"woocommerce_loop_add_to_cart_link_describedby_5763\" data-quantity=\"1\" class=\"product_type_simple ajax_add_to_cart\" data-product_id=\"5763\" data-product_sku=\"\" aria-label=\"En savoir plus sur &ldquo;Natur\u00e9 - Shampooing usage fr\u00e9quent&rdquo;\" rel=\"nofollow\" data-success_message=\"\">Lire la suite<\/a>\t<span id=\"woocommerce_loop_add_to_cart_link_describedby_5763\" class=\"screen-reader-text\">\n\t\t\t<\/span>\n<\/div>\n\t<\/figcaption>\n<\/figure>\n<\/article><article class=\"post post-6005 product type-product status-publish has-post-thumbnail product_cat-nature-fr product_cat-soins description-off  instock shipping-taxable product-type-simple\" ><figure class=\"woocom-project\">\n\t<div class=\"woo-buttons-on-img\">\n\n\t\t<a href=\"https:\/\/ekre.it\/fr\/prodotto\/nature-oil-non-oil\/\" class=\"alignnone layzr-bg\"><img loading=\"lazy\" decoding=\"async\" width=\"300\" height=\"300\" src=\"data:image\/svg+xml;charset=utf-8,%3Csvg xmlns%3D&#039;http%3A%2F%2Fwww.w3.org%2F2000%2Fsvg&#039; viewBox%3D&#039;0 0 300 300&#039;%2F%3E\" class=\"attachment-woocommerce_thumbnail size-woocommerce_thumbnail owl-lazy-load preload-me\" alt=\"Natur\u00e9 \u2013 Oil non oil\" data-src=\"https:\/\/ekre.it\/wp-content\/uploads\/2024\/05\/42034_ekre_nature_oil_non_oil_250ml-1-300x300.png\" data-srcset=\"https:\/\/ekre.it\/wp-content\/uploads\/2024\/05\/42034_ekre_nature_oil_non_oil_250ml-1-300x300.png 300w, https:\/\/ekre.it\/wp-content\/uploads\/2024\/05\/42034_ekre_nature_oil_non_oil_250ml-1-200x200.png 200w, https:\/\/ekre.it\/wp-content\/uploads\/2024\/05\/42034_ekre_nature_oil_non_oil_250ml-1-600x600.png 600w, https:\/\/ekre.it\/wp-content\/uploads\/2024\/05\/42034_ekre_nature_oil_non_oil_250ml-1-150x150.png 150w, https:\/\/ekre.it\/wp-content\/uploads\/2024\/05\/42034_ekre_nature_oil_non_oil_250ml-1-768x768.png 768w, https:\/\/ekre.it\/wp-content\/uploads\/2024\/05\/42034_ekre_nature_oil_non_oil_250ml-1.png 800w\" \/><\/a>\n\t<\/div>\n\t<figcaption class=\"woocom-list-content\">\n\n\t\t<div class=\"woo-buttons\"><a href=\"https:\/\/ekre.it\/fr\/prodotto\/nature-oil-non-oil\/\" aria-describedby=\"woocommerce_loop_add_to_cart_link_describedby_6005\" data-quantity=\"1\" class=\"product_type_simple ajax_add_to_cart\" data-product_id=\"6005\" data-product_sku=\"\" aria-label=\"En savoir plus sur &ldquo;Natur\u00e9 \u2013 Oil non oil&rdquo;\" rel=\"nofollow\" data-success_message=\"\">Lire la suite<\/a>\t<span id=\"woocommerce_loop_add_to_cart_link_describedby_6005\" class=\"screen-reader-text\">\n\t\t\t<\/span>\n<\/div>\n\t<\/figcaption>\n<\/figure>\n<\/article><\/div>[\/vc_column][\/vc_row]\n<\/div>","protected":false},"excerpt":{"rendered":"<p>Convient aux <strong>cheveux normaux et secs<\/strong>, <strong>l&#8217;apr\u00e8s-shampooing Natur\u00e9 <\/strong>est un produit \u00e0 la formule d\u00e9licate, id\u00e9al pour un usage fr\u00e9quent.<\/p>\n<p>Enrichi en <strong>extrait d\u2019amande et de graines de lin<\/strong>, actifs \u00e0 la multiaction protectrice, hydratante et nourrissante, <strong>il r\u00e9duit les n\u0153uds et rend les cheveux doux <\/strong>et brillants. La formule sp\u00e9ciale <strong>d\u00e9m\u00ealante et revitalisante <\/strong>de l&#8217;apr\u00e8s-shampooing facilite le coiffage et d\u00e9m\u00eale efficacement <strong>les cheveux<\/strong>.<\/p>\n<p>Usage professionnel<\/p>\n<p><b>Certifi\u00e9 VEGANOK,\u00a0<\/b>ce produit<b>\u00a0ne comporte aucun ingr\u00e9dient d\u2019origine animale et refl\u00e8te enti\u00e8rement les valeurs \u00e9thiques v\u00e9ganes.<\/b><\/p>\n<p>Format 1000 ml<\/p>\n<p><img loading=\"lazy\" decoding=\"async\" class=\"alignnone size-full wp-image-5185\" src=\"https:\/\/ekre.it\/wp-content\/uploads\/2021\/06\/vegan_3.png\" alt=\"\" width=\"60\" height=\"68\" \/><\/p>\n","protected":false},"featured_media":2629,"template":"","meta":[],"product_brand":[],"product_cat":[970,922],"product_tag":[],"class_list":{"0":"post-5759","1":"product","2":"type-product","3":"status-publish","4":"has-post-thumbnail","6":"product_cat-nature-fr","7":"product_cat-soins","8":"description-off","10":"","11":"instock","12":"shipping-taxable","13":"product-type-simple"},"yoast_head":"<!-- This site is optimized with the Yoast SEO plugin v26.7 - https:\/\/yoast.com\/wordpress\/plugins\/seo\/ -->\n<title>Natur\u00e9 - Baume usage fr\u00e9quent - Ekre - Be Natural<\/title>\n<meta name=\"robots\" content=\"index, follow, max-snippet:-1, max-image-preview:large, max-video-preview:-1\" \/>\n<link rel=\"canonical\" href=\"https:\/\/ekre.it\/fr\/prodotto\/nature-baume-usage-frequent\/\" \/>\n<meta property=\"og:locale\" content=\"fr_FR\" \/>\n<meta property=\"og:type\" content=\"article\" \/>\n<meta property=\"og:title\" content=\"Natur\u00e9 - Baume usage fr\u00e9quent - Ekre - Be Natural\" \/>\n<meta property=\"og:description\" content=\"Convient aux cheveux normaux et secs, l&#039;apr\u00e8s-shampooing Natur\u00e9 est un produit \u00e0 la formule d\u00e9licate, id\u00e9al pour un usage fr\u00e9quent.  Enrichi en extrait d\u2019amande et de graines de lin, actifs \u00e0 la multiaction protectrice, hydratante et nourrissante, il r\u00e9duit les n\u0153uds et rend les cheveux doux et brillants. La formule sp\u00e9ciale d\u00e9m\u00ealante et revitalisante de l&#039;apr\u00e8s-shampooing facilite le coiffage et d\u00e9m\u00eale efficacement les cheveux.  Usage professionnel  Certifi\u00e9 VEGANOK,\u00a0ce produit\u00a0ne comporte aucun ingr\u00e9dient d\u2019origine animale et refl\u00e8te enti\u00e8rement les valeurs \u00e9thiques v\u00e9ganes.  Format 1000 ml\" \/>\n<meta property=\"og:url\" content=\"https:\/\/ekre.it\/fr\/prodotto\/nature-baume-usage-frequent\/\" \/>\n<meta property=\"og:site_name\" content=\"Ekre - Be Natural\" \/>\n<meta property=\"article:modified_time\" content=\"2024-05-31T15:18:18+00:00\" \/>\n<meta property=\"og:image\" content=\"https:\/\/ekre.it\/wp-content\/uploads\/2024\/05\/42059_ekre_nature_conditioner_frequent_use_mandorla_semidilino_1000ml-1.png\" \/>\n\t<meta property=\"og:image:width\" content=\"600\" \/>\n\t<meta property=\"og:image:height\" content=\"600\" \/>\n\t<meta property=\"og:image:type\" content=\"image\/png\" \/>\n<meta name=\"twitter:card\" content=\"summary_large_image\" \/>\n<meta name=\"twitter:label1\" content=\"Dur\u00e9e de lecture estim\u00e9e\" \/>\n\t<meta name=\"twitter:data1\" content=\"1 minute\" \/>\n<script type=\"application\/ld+json\" class=\"yoast-schema-graph\">{\"@context\":\"https:\/\/schema.org\",\"@graph\":[{\"@type\":\"WebPage\",\"@id\":\"https:\/\/ekre.it\/fr\/prodotto\/nature-baume-usage-frequent\/\",\"url\":\"https:\/\/ekre.it\/fr\/prodotto\/nature-baume-usage-frequent\/\",\"name\":\"Natur\u00e9 - Baume usage fr\u00e9quent - Ekre - Be Natural\",\"isPartOf\":{\"@id\":\"https:\/\/ekre.it\/fr\/#website\"},\"primaryImageOfPage\":{\"@id\":\"https:\/\/ekre.it\/fr\/prodotto\/nature-baume-usage-frequent\/#primaryimage\"},\"image\":{\"@id\":\"https:\/\/ekre.it\/fr\/prodotto\/nature-baume-usage-frequent\/#primaryimage\"},\"thumbnailUrl\":\"https:\/\/ekre.it\/wp-content\/uploads\/2024\/05\/42059_ekre_nature_conditioner_frequent_use_mandorla_semidilino_1000ml-1.png\",\"datePublished\":\"2024-05-22T14:54:13+00:00\",\"dateModified\":\"2024-05-31T15:18:18+00:00\",\"breadcrumb\":{\"@id\":\"https:\/\/ekre.it\/fr\/prodotto\/nature-baume-usage-frequent\/#breadcrumb\"},\"inLanguage\":\"fr-FR\",\"potentialAction\":[{\"@type\":\"ReadAction\",\"target\":[\"https:\/\/ekre.it\/fr\/prodotto\/nature-baume-usage-frequent\/\"]}]},{\"@type\":\"ImageObject\",\"inLanguage\":\"fr-FR\",\"@id\":\"https:\/\/ekre.it\/fr\/prodotto\/nature-baume-usage-frequent\/#primaryimage\",\"url\":\"https:\/\/ekre.it\/wp-content\/uploads\/2024\/05\/42059_ekre_nature_conditioner_frequent_use_mandorla_semidilino_1000ml-1.png\",\"contentUrl\":\"https:\/\/ekre.it\/wp-content\/uploads\/2024\/05\/42059_ekre_nature_conditioner_frequent_use_mandorla_semidilino_1000ml-1.png\",\"width\":600,\"height\":600},{\"@type\":\"BreadcrumbList\",\"@id\":\"https:\/\/ekre.it\/fr\/prodotto\/nature-baume-usage-frequent\/#breadcrumb\",\"itemListElement\":[{\"@type\":\"ListItem\",\"position\":1,\"name\":\"Home\",\"item\":\"https:\/\/ekre.it\/fr\/home\/\"},{\"@type\":\"ListItem\",\"position\":2,\"name\":\"Produits\",\"item\":\"https:\/\/ekre.it\/fr\/shop\/\"},{\"@type\":\"ListItem\",\"position\":3,\"name\":\"Natur\u00e9 &#8211; Baume usage fr\u00e9quent\"}]},{\"@type\":\"WebSite\",\"@id\":\"https:\/\/ekre.it\/fr\/#website\",\"url\":\"https:\/\/ekre.it\/fr\/\",\"name\":\"Ekre - Be Natural\",\"description\":\"\",\"potentialAction\":[{\"@type\":\"SearchAction\",\"target\":{\"@type\":\"EntryPoint\",\"urlTemplate\":\"https:\/\/ekre.it\/fr\/?s={search_term_string}\"},\"query-input\":{\"@type\":\"PropertyValueSpecification\",\"valueRequired\":true,\"valueName\":\"search_term_string\"}}],\"inLanguage\":\"fr-FR\"}]}<\/script>\n<!-- \/ Yoast SEO plugin. -->","yoast_head_json":{"title":"Natur\u00e9 - Baume usage fr\u00e9quent - Ekre - Be Natural","robots":{"index":"index","follow":"follow","max-snippet":"max-snippet:-1","max-image-preview":"max-image-preview:large","max-video-preview":"max-video-preview:-1"},"canonical":"https:\/\/ekre.it\/fr\/prodotto\/nature-baume-usage-frequent\/","og_locale":"fr_FR","og_type":"article","og_title":"Natur\u00e9 - Baume usage fr\u00e9quent - Ekre - Be Natural","og_description":"Convient aux cheveux normaux et secs, l'apr\u00e8s-shampooing Natur\u00e9 est un produit \u00e0 la formule d\u00e9licate, id\u00e9al pour un usage fr\u00e9quent.  Enrichi en extrait d\u2019amande et de graines de lin, actifs \u00e0 la multiaction protectrice, hydratante et nourrissante, il r\u00e9duit les n\u0153uds et rend les cheveux doux et brillants. La formule sp\u00e9ciale d\u00e9m\u00ealante et revitalisante de l'apr\u00e8s-shampooing facilite le coiffage et d\u00e9m\u00eale efficacement les cheveux.  Usage professionnel  Certifi\u00e9 VEGANOK,\u00a0ce produit\u00a0ne comporte aucun ingr\u00e9dient d\u2019origine animale et refl\u00e8te enti\u00e8rement les valeurs \u00e9thiques v\u00e9ganes.  Format 1000 ml","og_url":"https:\/\/ekre.it\/fr\/prodotto\/nature-baume-usage-frequent\/","og_site_name":"Ekre - Be Natural","article_modified_time":"2024-05-31T15:18:18+00:00","og_image":[{"width":600,"height":600,"url":"https:\/\/ekre.it\/wp-content\/uploads\/2024\/05\/42059_ekre_nature_conditioner_frequent_use_mandorla_semidilino_1000ml-1.png","type":"image\/png"}],"twitter_card":"summary_large_image","twitter_misc":{"Dur\u00e9e de lecture estim\u00e9e":"1 minute"},"schema":{"@context":"https:\/\/schema.org","@graph":[{"@type":"WebPage","@id":"https:\/\/ekre.it\/fr\/prodotto\/nature-baume-usage-frequent\/","url":"https:\/\/ekre.it\/fr\/prodotto\/nature-baume-usage-frequent\/","name":"Natur\u00e9 - Baume usage fr\u00e9quent - Ekre - Be Natural","isPartOf":{"@id":"https:\/\/ekre.it\/fr\/#website"},"primaryImageOfPage":{"@id":"https:\/\/ekre.it\/fr\/prodotto\/nature-baume-usage-frequent\/#primaryimage"},"image":{"@id":"https:\/\/ekre.it\/fr\/prodotto\/nature-baume-usage-frequent\/#primaryimage"},"thumbnailUrl":"https:\/\/ekre.it\/wp-content\/uploads\/2024\/05\/42059_ekre_nature_conditioner_frequent_use_mandorla_semidilino_1000ml-1.png","datePublished":"2024-05-22T14:54:13+00:00","dateModified":"2024-05-31T15:18:18+00:00","breadcrumb":{"@id":"https:\/\/ekre.it\/fr\/prodotto\/nature-baume-usage-frequent\/#breadcrumb"},"inLanguage":"fr-FR","potentialAction":[{"@type":"ReadAction","target":["https:\/\/ekre.it\/fr\/prodotto\/nature-baume-usage-frequent\/"]}]},{"@type":"ImageObject","inLanguage":"fr-FR","@id":"https:\/\/ekre.it\/fr\/prodotto\/nature-baume-usage-frequent\/#primaryimage","url":"https:\/\/ekre.it\/wp-content\/uploads\/2024\/05\/42059_ekre_nature_conditioner_frequent_use_mandorla_semidilino_1000ml-1.png","contentUrl":"https:\/\/ekre.it\/wp-content\/uploads\/2024\/05\/42059_ekre_nature_conditioner_frequent_use_mandorla_semidilino_1000ml-1.png","width":600,"height":600},{"@type":"BreadcrumbList","@id":"https:\/\/ekre.it\/fr\/prodotto\/nature-baume-usage-frequent\/#breadcrumb","itemListElement":[{"@type":"ListItem","position":1,"name":"Home","item":"https:\/\/ekre.it\/fr\/home\/"},{"@type":"ListItem","position":2,"name":"Produits","item":"https:\/\/ekre.it\/fr\/shop\/"},{"@type":"ListItem","position":3,"name":"Natur\u00e9 &#8211; Baume usage fr\u00e9quent"}]},{"@type":"WebSite","@id":"https:\/\/ekre.it\/fr\/#website","url":"https:\/\/ekre.it\/fr\/","name":"Ekre - Be Natural","description":"","potentialAction":[{"@type":"SearchAction","target":{"@type":"EntryPoint","urlTemplate":"https:\/\/ekre.it\/fr\/?s={search_term_string}"},"query-input":{"@type":"PropertyValueSpecification","valueRequired":true,"valueName":"search_term_string"}}],"inLanguage":"fr-FR"}]}},"_links":{"self":[{"href":"https:\/\/ekre.it\/fr\/wp-json\/wp\/v2\/product\/5759","targetHints":{"allow":["GET"]}}],"collection":[{"href":"https:\/\/ekre.it\/fr\/wp-json\/wp\/v2\/product"}],"about":[{"href":"https:\/\/ekre.it\/fr\/wp-json\/wp\/v2\/types\/product"}],"wp:featuredmedia":[{"embeddable":true,"href":"https:\/\/ekre.it\/fr\/wp-json\/wp\/v2\/media\/2629"}],"wp:attachment":[{"href":"https:\/\/ekre.it\/fr\/wp-json\/wp\/v2\/media?parent=5759"}],"wp:term":[{"taxonomy":"product_brand","embeddable":true,"href":"https:\/\/ekre.it\/fr\/wp-json\/wp\/v2\/product_brand?post=5759"},{"taxonomy":"product_cat","embeddable":true,"href":"https:\/\/ekre.it\/fr\/wp-json\/wp\/v2\/product_cat?post=5759"},{"taxonomy":"product_tag","embeddable":true,"href":"https:\/\/ekre.it\/fr\/wp-json\/wp\/v2\/product_tag?post=5759"}],"curies":[{"name":"wp","href":"https:\/\/api.w.org\/{rel}","templated":true}]}}