{"id":5807,"date":"2024-05-22T16:48:34","date_gmt":"2024-05-22T14:48:34","guid":{"rendered":"https:\/\/ekre.it\/prodotto\/decor-poudre-decolorante-a-action-anti-jaune\/"},"modified":"2024-06-03T10:11:45","modified_gmt":"2024-06-03T08:11:45","slug":"decor-poudre-decolorante-a-action-anti-jaune","status":"publish","type":"product","link":"https:\/\/ekre.it\/fr\/prodotto\/decor-poudre-decolorante-a-action-anti-jaune\/","title":{"rendered":"Decor \u2013 Poudre d\u00e9colorante \u00e0 action anti-jaune"},"content":{"rendered":"<div class=\"wpb-content-wrapper\">[vc_row el_class=&#8221;bordo_benefici&#8221;][vc_column][vc_column_text css=&#8221;&#8221;]\n<h2 style=\"text-align: left;\">Avantages<\/h2>\n<ul>\n<li>Id\u00e9ale pour des <strong>d\u00e9colorations rapides et intenses<\/strong><\/li>\n<li>Garantit des d\u00e9colorations <strong>jusqu\u2019\u00e0 7\/8 tons<\/strong><\/li>\n<li>Id\u00e9ale pour toutes les techniques de <strong>d\u00e9coloration sur cheveux naturels et color\u00e9s<\/strong><\/li>\n<\/ul>\n[\/vc_column_text][\/vc_column][\/vc_row][vc_row][vc_column][vc_empty_space height=&#8221;80px&#8221;][\/vc_column][\/vc_row][vc_row][vc_column][vc_column_text css=&#8221;&#8221;]\n<h2 style=\"text-align: center;\">Produits en vedette<\/h2>\n[\/vc_column_text]<style type=\"text\/css\" data-type=\"the7_shortcodes-inline-css\">.products-carousel-shortcode.products-carousel-shortcode-id-529858b0b76535b354158218434c4e67 .owl-nav a {\n  width: 36px;\n  height: 36px;\n  border-radius: 500px;\n}\n.dt-arrow-border-on.products-carousel-shortcode.products-carousel-shortcode-id-529858b0b76535b354158218434c4e67 .owl-nav a:not(:hover):before {\n  border-width: 0px;\n}\n.dt-arrow-hover-border-on.products-carousel-shortcode.products-carousel-shortcode-id-529858b0b76535b354158218434c4e67 .owl-nav a:hover:after {\n  border-width: 0px;\n}\n.products-carousel-shortcode.products-carousel-shortcode-id-529858b0b76535b354158218434c4e67 .owl-nav a.owl-prev {\n  top: 50%;\n  transform: translateY(calc(-50% + 0px));\n  left: -43px;\n}\n@media all and (-ms-high-contrast: none) {\n  .products-carousel-shortcode.products-carousel-shortcode-id-529858b0b76535b354158218434c4e67 .owl-nav a.owl-prev {\n    transform: translateY(-50%);\n    margin-top: 0px;\n  }\n}\n.products-carousel-shortcode.products-carousel-shortcode-id-529858b0b76535b354158218434c4e67 .owl-nav a.owl-prev i {\n  padding: 0px 0px 0px 0px;\n}\n.products-carousel-shortcode.products-carousel-shortcode-id-529858b0b76535b354158218434c4e67 .owl-nav a.owl-next {\n  top: 50%;\n  transform: translateY(calc(-50% + 0px));\n  right: -43px;\n}\n@media all and (-ms-high-contrast: none) {\n  .products-carousel-shortcode.products-carousel-shortcode-id-529858b0b76535b354158218434c4e67 .owl-nav a.owl-next {\n    transform: translateY(-50%);\n    margin-top: 0px;\n  }\n}\n.products-carousel-shortcode.products-carousel-shortcode-id-529858b0b76535b354158218434c4e67 .owl-nav a.owl-next i {\n  padding: 0px 0px 0px 0px;\n}\n.products-carousel-shortcode.products-carousel-shortcode-id-529858b0b76535b354158218434c4e67 .owl-nav i {\n  font-size: 18px;\n}\n.products-carousel-shortcode.products-carousel-shortcode-id-529858b0b76535b354158218434c4e67 .owl-nav a:not(:hover) i,\n.products-carousel-shortcode.products-carousel-shortcode-id-529858b0b76535b354158218434c4e67 .owl-nav a:not(:hover) i:before {\n  color: #ffffff;\n  background: none;\n}\n.products-carousel-shortcode.products-carousel-shortcode-id-529858b0b76535b354158218434c4e67 .owl-nav a:hover i,\n.products-carousel-shortcode.products-carousel-shortcode-id-529858b0b76535b354158218434c4e67 .owl-nav a:hover i:before {\n  color: rgba(255,255,255,0.75);\n  background: none;\n}\n.products-carousel-shortcode.products-carousel-shortcode-id-529858b0b76535b354158218434c4e67 .owl-dots {\n  top: calc(100% + 20px);\n  left: 50%;\n  transform: translateX(calc(-50% + 0px));\n}\n@media all and (-ms-high-contrast: none) {\n  .products-carousel-shortcode.products-carousel-shortcode-id-529858b0b76535b354158218434c4e67 .owl-dots {\n    transform: translateX(-50%);\n    margin-left: 0px;\n  }\n}\n.products-carousel-shortcode.products-carousel-shortcode-id-529858b0b76535b354158218434c4e67 .owl-dot {\n  width: 10px;\n  height: 10px;\n  margin: 0 8px;\n}\n.bullets-scale-up.products-carousel-shortcode.products-carousel-shortcode-id-529858b0b76535b354158218434c4e67 .owl-dot:not(.active):not(:hover) span {\n  background: #dbd6cc;\n}\n.bullets-scale-up.products-carousel-shortcode.products-carousel-shortcode-id-529858b0b76535b354158218434c4e67 .owl-dot:not(.active):hover span,\n.bullets-scale-up.products-carousel-shortcode.products-carousel-shortcode-id-529858b0b76535b354158218434c4e67 .owl-dot.active span {\n  background: #8d847a;\n}\n.bullets-stroke.products-carousel-shortcode.products-carousel-shortcode-id-529858b0b76535b354158218434c4e67 .owl-dot:not(.active):not(:hover) span {\n  background: #dbd6cc;\n}\n.bullets-stroke.products-carousel-shortcode.products-carousel-shortcode-id-529858b0b76535b354158218434c4e67 .owl-dot:not(.active):hover span {\n  background: #8d847a;\n}\n.bullets-stroke.products-carousel-shortcode.products-carousel-shortcode-id-529858b0b76535b354158218434c4e67 .owl-dot.active span {\n  box-shadow: 0 0 0 2px #8d847a;\n}\n.bullets-fill-in.products-carousel-shortcode.products-carousel-shortcode-id-529858b0b76535b354158218434c4e67 .owl-dot:not(.active):not(:hover) span {\n  box-shadow: inset 0 0 0 2px #dbd6cc;\n}\n.bullets-fill-in.products-carousel-shortcode.products-carousel-shortcode-id-529858b0b76535b354158218434c4e67 .owl-dot:not(.active):hover span {\n  box-shadow: inset 0 0 0 2px #8d847a;\n}\n.bullets-fill-in.products-carousel-shortcode.products-carousel-shortcode-id-529858b0b76535b354158218434c4e67 .owl-dot.active span {\n  box-shadow: inset 0 0 0 20px #8d847a;\n}\n.bullets-small-dot-stroke.products-carousel-shortcode.products-carousel-shortcode-id-529858b0b76535b354158218434c4e67 .owl-dot:not(.active):not(:hover) span {\n  background: #dbd6cc;\n}\n.bullets-small-dot-stroke.products-carousel-shortcode.products-carousel-shortcode-id-529858b0b76535b354158218434c4e67 .owl-dot:not(.active):hover span,\n.bullets-small-dot-stroke.products-carousel-shortcode.products-carousel-shortcode-id-529858b0b76535b354158218434c4e67 .owl-dot.active span {\n  background: #8d847a;\n}\n.bullets-small-dot-stroke.products-carousel-shortcode.products-carousel-shortcode-id-529858b0b76535b354158218434c4e67 .owl-dot.active {\n  box-shadow: 0 0 0 2px #8d847a;\n}\n.bullets-ubax.products-carousel-shortcode.products-carousel-shortcode-id-529858b0b76535b354158218434c4e67 .owl-dot span {\n  background: #dbd6cc;\n}\n.bullets-ubax.products-carousel-shortcode.products-carousel-shortcode-id-529858b0b76535b354158218434c4e67 .owl-dot.active span {\n  border-color: #8d847a;\n}\n.bullets-ubax.products-carousel-shortcode.products-carousel-shortcode-id-529858b0b76535b354158218434c4e67 .owl-dot:not(.active):hover span {\n  background: #8d847a;\n}\n.bullets-etefu.products-carousel-shortcode.products-carousel-shortcode-id-529858b0b76535b354158218434c4e67 .owl-dot span {\n  background: #dbd6cc;\n}\n.bullets-etefu.products-carousel-shortcode.products-carousel-shortcode-id-529858b0b76535b354158218434c4e67 .owl-dot:not(.active):hover span {\n  background: #8d847a;\n}\n.bullets-etefu.products-carousel-shortcode.products-carousel-shortcode-id-529858b0b76535b354158218434c4e67 .owl-dot span:before {\n  background: #8d847a;\n}\n.accent-gradient .bullets-etefu.products-carousel-shortcode.products-carousel-shortcode-id-529858b0b76535b354158218434c4e67 .owl-dot span:before {\n  background: #8d847a;\n}\n@media screen and (max-width: 778px) {\n  .products-carousel-shortcode.products-carousel-shortcode-id-529858b0b76535b354158218434c4e67.hide-arrows .owl-nav a {\n    display: none;\n  }\n}\n@media screen and (max-width: 778px) {\n  .products-carousel-shortcode.products-carousel-shortcode-id-529858b0b76535b354158218434c4e67.reposition-arrows .owl-nav .owl-prev {\n    top: 50%;\n    transform: translateY(calc(-50% + 0px));\n    left: 10px;\n  }\n  .products-carousel-shortcode.products-carousel-shortcode-id-529858b0b76535b354158218434c4e67.reposition-arrows .owl-nav .owl-next {\n    top: 50%;\n    transform: translateY(calc(-50% + 0px));\n    right: 10px;\n  }\n}\n@media screen and (max-width: 778px) and all and (-ms-high-contrast: none) {\n  .products-carousel-shortcode.products-carousel-shortcode-id-529858b0b76535b354158218434c4e67.reposition-arrows .owl-nav .owl-prev {\n    transform: translateY(-50%);\n    margin-top: 0px;\n  }\n}\n@media screen and (max-width: 778px) and all and (-ms-high-contrast: none) {\n  .products-carousel-shortcode.products-carousel-shortcode-id-529858b0b76535b354158218434c4e67.reposition-arrows .owl-nav .owl-next {\n    transform: translateY(-50%);\n    margin-top: 0px;\n  }\n}<\/style><div class=\"owl-carousel products-carousel-shortcode dt-owl-carousel-call products-carousel-shortcode-id-529858b0b76535b354158218434c4e67 cart-btn-below-img bullets-ubax reposition-arrows arrows-bg-on dt-arrow-border-on dt-arrow-hover-border-on disable-arrows-hover-bg arrows-hover-bg-on  wc-img-hover hide-description hide-rating bordo_prodotti_correlati\" data-scroll-mode=\"1\" data-wide-col-num=\"4\" data-col-num=\"3\" data-laptop-col=\"3\" data-h-tablet-columns-num=\"3\" data-v-tablet-columns-num=\"2\" data-phone-columns-num=\"1\" data-auto-height=\"true\" data-col-gap=\"30\" data-stage-padding=\"0\" data-speed=\"600\" data-autoplay=\"false\" data-autoplay_speed=\"6000\" data-arrows=\"false\" data-bullet=\"true\" data-next-icon=\"icon-ar-017-r\" data-prev-icon=\"icon-ar-017-l\"><article class=\"post post-5924 product type-product status-publish has-post-thumbnail product_cat-decoloration product_cat-produits-techniques description-off first instock shipping-taxable product-type-simple\" ><figure class=\"woocom-project\">\n\t<div class=\"woo-buttons-on-img\">\n\n\t\t<a href=\"https:\/\/ekre.it\/fr\/prodotto\/decor-decolorant-en-poudre-blanche-box-24-pieces\/\" class=\"alignnone layzr-bg\"><img loading=\"lazy\" decoding=\"async\" width=\"300\" height=\"300\" src=\"data:image\/svg+xml;charset=utf-8,%3Csvg xmlns%3D&#039;http%3A%2F%2Fwww.w3.org%2F2000%2Fsvg&#039; viewBox%3D&#039;0 0 300 300&#039;%2F%3E\" class=\"attachment-woocommerce_thumbnail size-woocommerce_thumbnail owl-lazy-load preload-me\" alt=\"Decor - D\u00e9colorant en poudre blanche box 24 pi\u00e8ces\" data-src=\"https:\/\/ekre.it\/wp-content\/uploads\/2024\/05\/41009_ekre_basic_decor_rapid_bleaching_powder-1-300x300.png\" data-srcset=\"https:\/\/ekre.it\/wp-content\/uploads\/2024\/05\/41009_ekre_basic_decor_rapid_bleaching_powder-1-300x300.png 300w, https:\/\/ekre.it\/wp-content\/uploads\/2024\/05\/41009_ekre_basic_decor_rapid_bleaching_powder-1-200x200.png 200w, https:\/\/ekre.it\/wp-content\/uploads\/2024\/05\/41009_ekre_basic_decor_rapid_bleaching_powder-1-150x150.png 150w, https:\/\/ekre.it\/wp-content\/uploads\/2024\/05\/41009_ekre_basic_decor_rapid_bleaching_powder-1.png 600w\" \/><\/a>\n\t<\/div>\n\t<figcaption class=\"woocom-list-content\">\n\n\t\t<div class=\"woo-buttons\"><a href=\"https:\/\/ekre.it\/fr\/prodotto\/decor-decolorant-en-poudre-blanche-box-24-pieces\/\" aria-describedby=\"woocommerce_loop_add_to_cart_link_describedby_5924\" data-quantity=\"1\" class=\"product_type_simple ajax_add_to_cart\" data-product_id=\"5924\" data-product_sku=\"\" aria-label=\"En savoir plus sur &ldquo;Decor - D\u00e9colorant en poudre blanche box 24 pi\u00e8ces&rdquo;\" rel=\"nofollow\" data-success_message=\"\">Lire la suite<\/a>\t<span id=\"woocommerce_loop_add_to_cart_link_describedby_5924\" class=\"screen-reader-text\">\n\t\t\t<\/span>\n<\/div>\n\t<\/figcaption>\n<\/figure>\n<\/article><article class=\"post post-5928 product type-product status-publish has-post-thumbnail product_cat-decoloration product_cat-produits-techniques description-off  instock shipping-taxable product-type-simple\" ><figure class=\"woocom-project\">\n\t<div class=\"woo-buttons-on-img\">\n\n\t\t<a href=\"https:\/\/ekre.it\/fr\/prodotto\/decor-poudre-decolorante-compacte-bleue\/\" class=\"alignnone layzr-bg\"><img loading=\"lazy\" decoding=\"async\" width=\"300\" height=\"300\" src=\"data:image\/svg+xml;charset=utf-8,%3Csvg xmlns%3D&#039;http%3A%2F%2Fwww.w3.org%2F2000%2Fsvg&#039; viewBox%3D&#039;0 0 300 300&#039;%2F%3E\" class=\"attachment-woocommerce_thumbnail size-woocommerce_thumbnail owl-lazy-load preload-me\" alt=\"Decor \u2013 Poudre d\u00e9colorante compacte bleue\" data-src=\"https:\/\/ekre.it\/wp-content\/uploads\/2024\/05\/41021_ekre_decor_bleaching_powder_blue_500g-1-300x300.png\" data-srcset=\"https:\/\/ekre.it\/wp-content\/uploads\/2024\/05\/41021_ekre_decor_bleaching_powder_blue_500g-1-300x300.png 300w, https:\/\/ekre.it\/wp-content\/uploads\/2024\/05\/41021_ekre_decor_bleaching_powder_blue_500g-1-200x200.png 200w, https:\/\/ekre.it\/wp-content\/uploads\/2024\/05\/41021_ekre_decor_bleaching_powder_blue_500g-1-600x600.png 600w, https:\/\/ekre.it\/wp-content\/uploads\/2024\/05\/41021_ekre_decor_bleaching_powder_blue_500g-1-150x150.png 150w, https:\/\/ekre.it\/wp-content\/uploads\/2024\/05\/41021_ekre_decor_bleaching_powder_blue_500g-1-768x768.png 768w, https:\/\/ekre.it\/wp-content\/uploads\/2024\/05\/41021_ekre_decor_bleaching_powder_blue_500g-1.png 800w\" \/><\/a>\n\t<\/div>\n\t<figcaption class=\"woocom-list-content\">\n\n\t\t<div class=\"woo-buttons\"><a href=\"https:\/\/ekre.it\/fr\/prodotto\/decor-poudre-decolorante-compacte-bleue\/\" aria-describedby=\"woocommerce_loop_add_to_cart_link_describedby_5928\" data-quantity=\"1\" class=\"product_type_simple ajax_add_to_cart\" data-product_id=\"5928\" data-product_sku=\"\" aria-label=\"En savoir plus sur &ldquo;Decor \u2013 Poudre d\u00e9colorante compacte bleue&rdquo;\" rel=\"nofollow\" data-success_message=\"\">Lire la suite<\/a>\t<span id=\"woocommerce_loop_add_to_cart_link_describedby_5928\" class=\"screen-reader-text\">\n\t\t\t<\/span>\n<\/div>\n\t<\/figcaption>\n<\/figure>\n<\/article><\/div>[\/vc_column][\/vc_row]\n<\/div>","protected":false},"excerpt":{"rendered":"<p>Decor <strong>poudre d\u00e9colorante \u00e0 action anti-jaunissement<\/strong>, indispensable pour toute technique de d\u00e9coloration. Id\u00e9ale pour des d\u00e9colorations rapides, intenses et progressives <strong>jusqu\u2019\u00e0 7\/8 tons<\/strong>.\u00a0 Particuli\u00e8rement adapt\u00e9e aux cheveux naturels et color\u00e9s, elle est enrichie de <strong>pigments bleus qui neutralisent <\/strong>les <strong>nuances jaun\u00e2tres <\/strong>inesth\u00e9tiques, typiques des cheveux d\u00e9color\u00e9s.<\/p>\n<p>Elle garantit un r\u00e9sultat professionnel, gr\u00e2ce \u00e0 son haut <strong>pouvoir \u00e9claircissant <\/strong>tout en respectant pleinement le bien-\u00eatre du coiffeur et de la cliente.\u00a0Pour bien utiliser ce produit, nous vous conseillons de lire attentivement les avertissements et le mode d\u2019emploi indiqu\u00e9s sur le produit.<\/p>\n<p>Usage professionnel<\/p>\n<p>Format 500 g<\/p>\n","protected":false},"featured_media":2539,"template":"","meta":[],"product_brand":[],"product_cat":[910,906],"product_tag":[],"class_list":{"0":"post-5807","1":"product","2":"type-product","3":"status-publish","4":"has-post-thumbnail","6":"product_cat-decoloration","7":"product_cat-produits-techniques","8":"description-off","10":"","11":"instock","12":"shipping-taxable","13":"product-type-simple"},"yoast_head":"<!-- This site is optimized with the Yoast SEO plugin v26.7 - https:\/\/yoast.com\/wordpress\/plugins\/seo\/ -->\n<title>Decor \u2013 Poudre d\u00e9colorante \u00e0 action anti-jaune - Ekre - Be Natural<\/title>\n<meta name=\"robots\" content=\"index, follow, max-snippet:-1, max-image-preview:large, max-video-preview:-1\" \/>\n<link rel=\"canonical\" href=\"https:\/\/ekre.it\/fr\/prodotto\/decor-poudre-decolorante-a-action-anti-jaune\/\" \/>\n<meta property=\"og:locale\" content=\"fr_FR\" \/>\n<meta property=\"og:type\" content=\"article\" \/>\n<meta property=\"og:title\" content=\"Decor \u2013 Poudre d\u00e9colorante \u00e0 action anti-jaune - Ekre - Be Natural\" \/>\n<meta property=\"og:description\" content=\"Decor poudre d\u00e9colorante \u00e0 action anti-jaunissement, indispensable pour toute technique de d\u00e9coloration. Id\u00e9ale pour des d\u00e9colorations rapides, intenses et progressives jusqu\u2019\u00e0 7\/8 tons.\u00a0 Particuli\u00e8rement adapt\u00e9e aux cheveux naturels et color\u00e9s, elle est enrichie de pigments bleus qui neutralisent les nuances jaun\u00e2tres inesth\u00e9tiques, typiques des cheveux d\u00e9color\u00e9s.  Elle garantit un r\u00e9sultat professionnel, gr\u00e2ce \u00e0 son haut pouvoir \u00e9claircissant tout en respectant pleinement le bien-\u00eatre du coiffeur et de la cliente.\u00a0Pour bien utiliser ce produit, nous vous conseillons de lire attentivement les avertissements et le mode d\u2019emploi indiqu\u00e9s sur le produit.  Usage professionnel  Format 500 g\" \/>\n<meta property=\"og:url\" content=\"https:\/\/ekre.it\/fr\/prodotto\/decor-poudre-decolorante-a-action-anti-jaune\/\" \/>\n<meta property=\"og:site_name\" content=\"Ekre - Be Natural\" \/>\n<meta property=\"article:modified_time\" content=\"2024-06-03T08:11:45+00:00\" \/>\n<meta property=\"og:image\" content=\"https:\/\/ekre.it\/wp-content\/uploads\/2024\/05\/ekre_basic_decor_bleaching_powder_500g-1.png\" \/>\n\t<meta property=\"og:image:width\" content=\"600\" \/>\n\t<meta property=\"og:image:height\" content=\"600\" \/>\n\t<meta property=\"og:image:type\" content=\"image\/png\" \/>\n<meta name=\"twitter:card\" content=\"summary_large_image\" \/>\n<meta name=\"twitter:label1\" content=\"Dur\u00e9e de lecture estim\u00e9e\" \/>\n\t<meta name=\"twitter:data1\" content=\"1 minute\" \/>\n<script type=\"application\/ld+json\" class=\"yoast-schema-graph\">{\"@context\":\"https:\/\/schema.org\",\"@graph\":[{\"@type\":\"WebPage\",\"@id\":\"https:\/\/ekre.it\/fr\/prodotto\/decor-poudre-decolorante-a-action-anti-jaune\/\",\"url\":\"https:\/\/ekre.it\/fr\/prodotto\/decor-poudre-decolorante-a-action-anti-jaune\/\",\"name\":\"Decor \u2013 Poudre d\u00e9colorante \u00e0 action anti-jaune - Ekre - Be Natural\",\"isPartOf\":{\"@id\":\"https:\/\/ekre.it\/fr\/#website\"},\"primaryImageOfPage\":{\"@id\":\"https:\/\/ekre.it\/fr\/prodotto\/decor-poudre-decolorante-a-action-anti-jaune\/#primaryimage\"},\"image\":{\"@id\":\"https:\/\/ekre.it\/fr\/prodotto\/decor-poudre-decolorante-a-action-anti-jaune\/#primaryimage\"},\"thumbnailUrl\":\"https:\/\/ekre.it\/wp-content\/uploads\/2024\/05\/ekre_basic_decor_bleaching_powder_500g-1.png\",\"datePublished\":\"2024-05-22T14:48:34+00:00\",\"dateModified\":\"2024-06-03T08:11:45+00:00\",\"breadcrumb\":{\"@id\":\"https:\/\/ekre.it\/fr\/prodotto\/decor-poudre-decolorante-a-action-anti-jaune\/#breadcrumb\"},\"inLanguage\":\"fr-FR\",\"potentialAction\":[{\"@type\":\"ReadAction\",\"target\":[\"https:\/\/ekre.it\/fr\/prodotto\/decor-poudre-decolorante-a-action-anti-jaune\/\"]}]},{\"@type\":\"ImageObject\",\"inLanguage\":\"fr-FR\",\"@id\":\"https:\/\/ekre.it\/fr\/prodotto\/decor-poudre-decolorante-a-action-anti-jaune\/#primaryimage\",\"url\":\"https:\/\/ekre.it\/wp-content\/uploads\/2024\/05\/ekre_basic_decor_bleaching_powder_500g-1.png\",\"contentUrl\":\"https:\/\/ekre.it\/wp-content\/uploads\/2024\/05\/ekre_basic_decor_bleaching_powder_500g-1.png\",\"width\":600,\"height\":600},{\"@type\":\"BreadcrumbList\",\"@id\":\"https:\/\/ekre.it\/fr\/prodotto\/decor-poudre-decolorante-a-action-anti-jaune\/#breadcrumb\",\"itemListElement\":[{\"@type\":\"ListItem\",\"position\":1,\"name\":\"Home\",\"item\":\"https:\/\/ekre.it\/fr\/home\/\"},{\"@type\":\"ListItem\",\"position\":2,\"name\":\"Produits\",\"item\":\"https:\/\/ekre.it\/fr\/shop\/\"},{\"@type\":\"ListItem\",\"position\":3,\"name\":\"Decor \u2013 Poudre d\u00e9colorante \u00e0 action anti-jaune\"}]},{\"@type\":\"WebSite\",\"@id\":\"https:\/\/ekre.it\/fr\/#website\",\"url\":\"https:\/\/ekre.it\/fr\/\",\"name\":\"Ekre - Be Natural\",\"description\":\"\",\"potentialAction\":[{\"@type\":\"SearchAction\",\"target\":{\"@type\":\"EntryPoint\",\"urlTemplate\":\"https:\/\/ekre.it\/fr\/?s={search_term_string}\"},\"query-input\":{\"@type\":\"PropertyValueSpecification\",\"valueRequired\":true,\"valueName\":\"search_term_string\"}}],\"inLanguage\":\"fr-FR\"}]}<\/script>\n<!-- \/ Yoast SEO plugin. -->","yoast_head_json":{"title":"Decor \u2013 Poudre d\u00e9colorante \u00e0 action anti-jaune - Ekre - Be Natural","robots":{"index":"index","follow":"follow","max-snippet":"max-snippet:-1","max-image-preview":"max-image-preview:large","max-video-preview":"max-video-preview:-1"},"canonical":"https:\/\/ekre.it\/fr\/prodotto\/decor-poudre-decolorante-a-action-anti-jaune\/","og_locale":"fr_FR","og_type":"article","og_title":"Decor \u2013 Poudre d\u00e9colorante \u00e0 action anti-jaune - Ekre - Be Natural","og_description":"Decor poudre d\u00e9colorante \u00e0 action anti-jaunissement, indispensable pour toute technique de d\u00e9coloration. Id\u00e9ale pour des d\u00e9colorations rapides, intenses et progressives jusqu\u2019\u00e0 7\/8 tons.\u00a0 Particuli\u00e8rement adapt\u00e9e aux cheveux naturels et color\u00e9s, elle est enrichie de pigments bleus qui neutralisent les nuances jaun\u00e2tres inesth\u00e9tiques, typiques des cheveux d\u00e9color\u00e9s.  Elle garantit un r\u00e9sultat professionnel, gr\u00e2ce \u00e0 son haut pouvoir \u00e9claircissant tout en respectant pleinement le bien-\u00eatre du coiffeur et de la cliente.\u00a0Pour bien utiliser ce produit, nous vous conseillons de lire attentivement les avertissements et le mode d\u2019emploi indiqu\u00e9s sur le produit.  Usage professionnel  Format 500 g","og_url":"https:\/\/ekre.it\/fr\/prodotto\/decor-poudre-decolorante-a-action-anti-jaune\/","og_site_name":"Ekre - Be Natural","article_modified_time":"2024-06-03T08:11:45+00:00","og_image":[{"width":600,"height":600,"url":"https:\/\/ekre.it\/wp-content\/uploads\/2024\/05\/ekre_basic_decor_bleaching_powder_500g-1.png","type":"image\/png"}],"twitter_card":"summary_large_image","twitter_misc":{"Dur\u00e9e de lecture estim\u00e9e":"1 minute"},"schema":{"@context":"https:\/\/schema.org","@graph":[{"@type":"WebPage","@id":"https:\/\/ekre.it\/fr\/prodotto\/decor-poudre-decolorante-a-action-anti-jaune\/","url":"https:\/\/ekre.it\/fr\/prodotto\/decor-poudre-decolorante-a-action-anti-jaune\/","name":"Decor \u2013 Poudre d\u00e9colorante \u00e0 action anti-jaune - Ekre - Be Natural","isPartOf":{"@id":"https:\/\/ekre.it\/fr\/#website"},"primaryImageOfPage":{"@id":"https:\/\/ekre.it\/fr\/prodotto\/decor-poudre-decolorante-a-action-anti-jaune\/#primaryimage"},"image":{"@id":"https:\/\/ekre.it\/fr\/prodotto\/decor-poudre-decolorante-a-action-anti-jaune\/#primaryimage"},"thumbnailUrl":"https:\/\/ekre.it\/wp-content\/uploads\/2024\/05\/ekre_basic_decor_bleaching_powder_500g-1.png","datePublished":"2024-05-22T14:48:34+00:00","dateModified":"2024-06-03T08:11:45+00:00","breadcrumb":{"@id":"https:\/\/ekre.it\/fr\/prodotto\/decor-poudre-decolorante-a-action-anti-jaune\/#breadcrumb"},"inLanguage":"fr-FR","potentialAction":[{"@type":"ReadAction","target":["https:\/\/ekre.it\/fr\/prodotto\/decor-poudre-decolorante-a-action-anti-jaune\/"]}]},{"@type":"ImageObject","inLanguage":"fr-FR","@id":"https:\/\/ekre.it\/fr\/prodotto\/decor-poudre-decolorante-a-action-anti-jaune\/#primaryimage","url":"https:\/\/ekre.it\/wp-content\/uploads\/2024\/05\/ekre_basic_decor_bleaching_powder_500g-1.png","contentUrl":"https:\/\/ekre.it\/wp-content\/uploads\/2024\/05\/ekre_basic_decor_bleaching_powder_500g-1.png","width":600,"height":600},{"@type":"BreadcrumbList","@id":"https:\/\/ekre.it\/fr\/prodotto\/decor-poudre-decolorante-a-action-anti-jaune\/#breadcrumb","itemListElement":[{"@type":"ListItem","position":1,"name":"Home","item":"https:\/\/ekre.it\/fr\/home\/"},{"@type":"ListItem","position":2,"name":"Produits","item":"https:\/\/ekre.it\/fr\/shop\/"},{"@type":"ListItem","position":3,"name":"Decor \u2013 Poudre d\u00e9colorante \u00e0 action anti-jaune"}]},{"@type":"WebSite","@id":"https:\/\/ekre.it\/fr\/#website","url":"https:\/\/ekre.it\/fr\/","name":"Ekre - Be Natural","description":"","potentialAction":[{"@type":"SearchAction","target":{"@type":"EntryPoint","urlTemplate":"https:\/\/ekre.it\/fr\/?s={search_term_string}"},"query-input":{"@type":"PropertyValueSpecification","valueRequired":true,"valueName":"search_term_string"}}],"inLanguage":"fr-FR"}]}},"_links":{"self":[{"href":"https:\/\/ekre.it\/fr\/wp-json\/wp\/v2\/product\/5807","targetHints":{"allow":["GET"]}}],"collection":[{"href":"https:\/\/ekre.it\/fr\/wp-json\/wp\/v2\/product"}],"about":[{"href":"https:\/\/ekre.it\/fr\/wp-json\/wp\/v2\/types\/product"}],"wp:featuredmedia":[{"embeddable":true,"href":"https:\/\/ekre.it\/fr\/wp-json\/wp\/v2\/media\/2539"}],"wp:attachment":[{"href":"https:\/\/ekre.it\/fr\/wp-json\/wp\/v2\/media?parent=5807"}],"wp:term":[{"taxonomy":"product_brand","embeddable":true,"href":"https:\/\/ekre.it\/fr\/wp-json\/wp\/v2\/product_brand?post=5807"},{"taxonomy":"product_cat","embeddable":true,"href":"https:\/\/ekre.it\/fr\/wp-json\/wp\/v2\/product_cat?post=5807"},{"taxonomy":"product_tag","embeddable":true,"href":"https:\/\/ekre.it\/fr\/wp-json\/wp\/v2\/product_tag?post=5807"}],"curies":[{"name":"wp","href":"https:\/\/api.w.org\/{rel}","templated":true}]}}