{"id":5892,"date":"2024-05-22T16:41:57","date_gmt":"2024-05-22T14:41:57","guid":{"rendered":"https:\/\/ekre.it\/prodotto\/life-silver-shampooing-ravivant-anti-jaunissement\/"},"modified":"2024-06-03T14:56:27","modified_gmt":"2024-06-03T12:56:27","slug":"life-silver-shampooing-ravivant-anti-jaunissement","status":"publish","type":"product","link":"https:\/\/ekre.it\/fr\/prodotto\/life-silver-shampooing-ravivant-anti-jaunissement\/","title":{"rendered":"Life.Silver \u2013 Shampooing ravivant anti-jaunissement"},"content":{"rendered":"<div class=\"wpb-content-wrapper\">[vc_row el_class=&#8221;bordo_benefici&#8221;][vc_column][vc_column_text css=&#8221;&#8221;]\n<h2 style=\"text-align: left;\">Avantages<\/h2>\n<ul>\n<li>\u00c9limine les <strong>tons jaunes<\/strong> des cheveux blancs, d\u00e9color\u00e9s et avec des m\u00e8ches<\/li>\n<li><strong>Ravive les reflets<\/strong> de la chevelure naturelle et trait\u00e9e<\/li>\n<li>Garantit un <strong>nettoyage doux et uniforme<\/strong><\/li>\n<li>Rend les cheveux <strong>brillants et pleins de vie<\/strong><\/li>\n<li>Caract\u00e9ris\u00e9 par une consistance <strong>cr\u00e9meuse et dense<\/strong><\/li>\n<\/ul>\n[\/vc_column_text][\/vc_column][\/vc_row][vc_row][vc_column][vc_empty_space height=&#8221;80px&#8221;][\/vc_column][\/vc_row][vc_row][vc_column][vc_column_text css=&#8221;&#8221;]\n<h2 style=\"text-align: center;\">Produits en vedette<\/h2>\n<p>&nbsp;[\/vc_column_text]<style type=\"text\/css\" data-type=\"the7_shortcodes-inline-css\">.products-carousel-shortcode.products-carousel-shortcode-id-56d05712d9df34192243c029a7ac92b3 .owl-nav a {\n  width: 36px;\n  height: 36px;\n  border-radius: 500px;\n}\n.dt-arrow-border-on.products-carousel-shortcode.products-carousel-shortcode-id-56d05712d9df34192243c029a7ac92b3 .owl-nav a:not(:hover):before {\n  border-width: 0px;\n}\n.dt-arrow-hover-border-on.products-carousel-shortcode.products-carousel-shortcode-id-56d05712d9df34192243c029a7ac92b3 .owl-nav a:hover:after {\n  border-width: 0px;\n}\n.products-carousel-shortcode.products-carousel-shortcode-id-56d05712d9df34192243c029a7ac92b3 .owl-nav a.owl-prev {\n  top: 50%;\n  transform: translateY(calc(-50% + 0px));\n  left: -43px;\n}\n@media all and (-ms-high-contrast: none) {\n  .products-carousel-shortcode.products-carousel-shortcode-id-56d05712d9df34192243c029a7ac92b3 .owl-nav a.owl-prev {\n    transform: translateY(-50%);\n    margin-top: 0px;\n  }\n}\n.products-carousel-shortcode.products-carousel-shortcode-id-56d05712d9df34192243c029a7ac92b3 .owl-nav a.owl-prev i {\n  padding: 0px 0px 0px 0px;\n}\n.products-carousel-shortcode.products-carousel-shortcode-id-56d05712d9df34192243c029a7ac92b3 .owl-nav a.owl-next {\n  top: 50%;\n  transform: translateY(calc(-50% + 0px));\n  right: -43px;\n}\n@media all and (-ms-high-contrast: none) {\n  .products-carousel-shortcode.products-carousel-shortcode-id-56d05712d9df34192243c029a7ac92b3 .owl-nav a.owl-next {\n    transform: translateY(-50%);\n    margin-top: 0px;\n  }\n}\n.products-carousel-shortcode.products-carousel-shortcode-id-56d05712d9df34192243c029a7ac92b3 .owl-nav a.owl-next i {\n  padding: 0px 0px 0px 0px;\n}\n.products-carousel-shortcode.products-carousel-shortcode-id-56d05712d9df34192243c029a7ac92b3 .owl-nav i {\n  font-size: 18px;\n}\n.products-carousel-shortcode.products-carousel-shortcode-id-56d05712d9df34192243c029a7ac92b3 .owl-nav a:not(:hover) i,\n.products-carousel-shortcode.products-carousel-shortcode-id-56d05712d9df34192243c029a7ac92b3 .owl-nav a:not(:hover) i:before {\n  color: #ffffff;\n  background: none;\n}\n.products-carousel-shortcode.products-carousel-shortcode-id-56d05712d9df34192243c029a7ac92b3 .owl-nav a:hover i,\n.products-carousel-shortcode.products-carousel-shortcode-id-56d05712d9df34192243c029a7ac92b3 .owl-nav a:hover i:before {\n  color: rgba(255,255,255,0.75);\n  background: none;\n}\n.products-carousel-shortcode.products-carousel-shortcode-id-56d05712d9df34192243c029a7ac92b3 .owl-dots {\n  top: calc(100% + 20px);\n  left: 50%;\n  transform: translateX(calc(-50% + 0px));\n}\n@media all and (-ms-high-contrast: none) {\n  .products-carousel-shortcode.products-carousel-shortcode-id-56d05712d9df34192243c029a7ac92b3 .owl-dots {\n    transform: translateX(-50%);\n    margin-left: 0px;\n  }\n}\n.products-carousel-shortcode.products-carousel-shortcode-id-56d05712d9df34192243c029a7ac92b3 .owl-dot {\n  width: 10px;\n  height: 10px;\n  margin: 0 8px;\n}\n.bullets-scale-up.products-carousel-shortcode.products-carousel-shortcode-id-56d05712d9df34192243c029a7ac92b3 .owl-dot:not(.active):not(:hover) span {\n  background: #dbd6cc;\n}\n.bullets-scale-up.products-carousel-shortcode.products-carousel-shortcode-id-56d05712d9df34192243c029a7ac92b3 .owl-dot:not(.active):hover span,\n.bullets-scale-up.products-carousel-shortcode.products-carousel-shortcode-id-56d05712d9df34192243c029a7ac92b3 .owl-dot.active span {\n  background: #8d847a;\n}\n.bullets-stroke.products-carousel-shortcode.products-carousel-shortcode-id-56d05712d9df34192243c029a7ac92b3 .owl-dot:not(.active):not(:hover) span {\n  background: #dbd6cc;\n}\n.bullets-stroke.products-carousel-shortcode.products-carousel-shortcode-id-56d05712d9df34192243c029a7ac92b3 .owl-dot:not(.active):hover span {\n  background: #8d847a;\n}\n.bullets-stroke.products-carousel-shortcode.products-carousel-shortcode-id-56d05712d9df34192243c029a7ac92b3 .owl-dot.active span {\n  box-shadow: 0 0 0 2px #8d847a;\n}\n.bullets-fill-in.products-carousel-shortcode.products-carousel-shortcode-id-56d05712d9df34192243c029a7ac92b3 .owl-dot:not(.active):not(:hover) span {\n  box-shadow: inset 0 0 0 2px #dbd6cc;\n}\n.bullets-fill-in.products-carousel-shortcode.products-carousel-shortcode-id-56d05712d9df34192243c029a7ac92b3 .owl-dot:not(.active):hover span {\n  box-shadow: inset 0 0 0 2px #8d847a;\n}\n.bullets-fill-in.products-carousel-shortcode.products-carousel-shortcode-id-56d05712d9df34192243c029a7ac92b3 .owl-dot.active span {\n  box-shadow: inset 0 0 0 20px #8d847a;\n}\n.bullets-small-dot-stroke.products-carousel-shortcode.products-carousel-shortcode-id-56d05712d9df34192243c029a7ac92b3 .owl-dot:not(.active):not(:hover) span {\n  background: #dbd6cc;\n}\n.bullets-small-dot-stroke.products-carousel-shortcode.products-carousel-shortcode-id-56d05712d9df34192243c029a7ac92b3 .owl-dot:not(.active):hover span,\n.bullets-small-dot-stroke.products-carousel-shortcode.products-carousel-shortcode-id-56d05712d9df34192243c029a7ac92b3 .owl-dot.active span {\n  background: #8d847a;\n}\n.bullets-small-dot-stroke.products-carousel-shortcode.products-carousel-shortcode-id-56d05712d9df34192243c029a7ac92b3 .owl-dot.active {\n  box-shadow: 0 0 0 2px #8d847a;\n}\n.bullets-ubax.products-carousel-shortcode.products-carousel-shortcode-id-56d05712d9df34192243c029a7ac92b3 .owl-dot span {\n  background: #dbd6cc;\n}\n.bullets-ubax.products-carousel-shortcode.products-carousel-shortcode-id-56d05712d9df34192243c029a7ac92b3 .owl-dot.active span {\n  border-color: #8d847a;\n}\n.bullets-ubax.products-carousel-shortcode.products-carousel-shortcode-id-56d05712d9df34192243c029a7ac92b3 .owl-dot:not(.active):hover span {\n  background: #8d847a;\n}\n.bullets-etefu.products-carousel-shortcode.products-carousel-shortcode-id-56d05712d9df34192243c029a7ac92b3 .owl-dot span {\n  background: #dbd6cc;\n}\n.bullets-etefu.products-carousel-shortcode.products-carousel-shortcode-id-56d05712d9df34192243c029a7ac92b3 .owl-dot:not(.active):hover span {\n  background: #8d847a;\n}\n.bullets-etefu.products-carousel-shortcode.products-carousel-shortcode-id-56d05712d9df34192243c029a7ac92b3 .owl-dot span:before {\n  background: #8d847a;\n}\n.accent-gradient .bullets-etefu.products-carousel-shortcode.products-carousel-shortcode-id-56d05712d9df34192243c029a7ac92b3 .owl-dot span:before {\n  background: #8d847a;\n}\n@media screen and (max-width: 778px) {\n  .products-carousel-shortcode.products-carousel-shortcode-id-56d05712d9df34192243c029a7ac92b3.hide-arrows .owl-nav a {\n    display: none;\n  }\n}\n@media screen and (max-width: 778px) {\n  .products-carousel-shortcode.products-carousel-shortcode-id-56d05712d9df34192243c029a7ac92b3.reposition-arrows .owl-nav .owl-prev {\n    top: 50%;\n    transform: translateY(calc(-50% + 0px));\n    left: 10px;\n  }\n  .products-carousel-shortcode.products-carousel-shortcode-id-56d05712d9df34192243c029a7ac92b3.reposition-arrows .owl-nav .owl-next {\n    top: 50%;\n    transform: translateY(calc(-50% + 0px));\n    right: 10px;\n  }\n}\n@media screen and (max-width: 778px) and all and (-ms-high-contrast: none) {\n  .products-carousel-shortcode.products-carousel-shortcode-id-56d05712d9df34192243c029a7ac92b3.reposition-arrows .owl-nav .owl-prev {\n    transform: translateY(-50%);\n    margin-top: 0px;\n  }\n}\n@media screen and (max-width: 778px) and all and (-ms-high-contrast: none) {\n  .products-carousel-shortcode.products-carousel-shortcode-id-56d05712d9df34192243c029a7ac92b3.reposition-arrows .owl-nav .owl-next {\n    transform: translateY(-50%);\n    margin-top: 0px;\n  }\n}<\/style><div class=\"owl-carousel products-carousel-shortcode dt-owl-carousel-call products-carousel-shortcode-id-56d05712d9df34192243c029a7ac92b3 cart-btn-below-img bullets-ubax reposition-arrows arrows-bg-on dt-arrow-border-on dt-arrow-hover-border-on disable-arrows-hover-bg arrows-hover-bg-on  wc-img-hover hide-description hide-rating bordo_prodotti_correlati\" data-scroll-mode=\"1\" data-wide-col-num=\"4\" data-col-num=\"3\" data-laptop-col=\"3\" data-h-tablet-columns-num=\"3\" data-v-tablet-columns-num=\"2\" data-phone-columns-num=\"1\" data-auto-height=\"true\" data-col-gap=\"30\" data-stage-padding=\"0\" data-speed=\"600\" data-autoplay=\"false\" data-autoplay_speed=\"6000\" data-arrows=\"false\" data-bullet=\"true\" data-next-icon=\"icon-ar-017-r\" data-prev-icon=\"icon-ar-017-l\"><article class=\"post post-5823 product type-product status-publish has-post-thumbnail product_cat-life-silver-cheveux-gris-et-traites product_cat-soins description-off first instock shipping-taxable product-type-simple\" ><figure class=\"woocom-project\">\n\t<div class=\"woo-buttons-on-img\">\n\n\t\t<a href=\"https:\/\/ekre.it\/fr\/prodotto\/life-silver-masque-ravivant-anti-jaunissement\/\" class=\"alignnone layzr-bg\"><img loading=\"lazy\" decoding=\"async\" width=\"300\" height=\"300\" src=\"data:image\/svg+xml;charset=utf-8,%3Csvg xmlns%3D&#039;http%3A%2F%2Fwww.w3.org%2F2000%2Fsvg&#039; viewBox%3D&#039;0 0 300 300&#039;%2F%3E\" class=\"attachment-woocommerce_thumbnail size-woocommerce_thumbnail owl-lazy-load preload-me\" alt=\"Life.Silver - Masque ravivant anti-jaunissement\" data-src=\"https:\/\/ekre.it\/wp-content\/uploads\/2024\/05\/42053_ekre_life_silver_reviving_mask_antiyellow_500ml-1-300x300.png\" data-srcset=\"https:\/\/ekre.it\/wp-content\/uploads\/2024\/05\/42053_ekre_life_silver_reviving_mask_antiyellow_500ml-1-300x300.png 300w, https:\/\/ekre.it\/wp-content\/uploads\/2024\/05\/42053_ekre_life_silver_reviving_mask_antiyellow_500ml-1-200x200.png 200w, https:\/\/ekre.it\/wp-content\/uploads\/2024\/05\/42053_ekre_life_silver_reviving_mask_antiyellow_500ml-1-600x600.png 600w, https:\/\/ekre.it\/wp-content\/uploads\/2024\/05\/42053_ekre_life_silver_reviving_mask_antiyellow_500ml-1-150x150.png 150w, https:\/\/ekre.it\/wp-content\/uploads\/2024\/05\/42053_ekre_life_silver_reviving_mask_antiyellow_500ml-1-768x768.png 768w, https:\/\/ekre.it\/wp-content\/uploads\/2024\/05\/42053_ekre_life_silver_reviving_mask_antiyellow_500ml-1.png 800w\" \/><\/a>\n\t<\/div>\n\t<figcaption class=\"woocom-list-content\">\n\n\t\t<div class=\"woo-buttons\"><a href=\"https:\/\/ekre.it\/fr\/prodotto\/life-silver-masque-ravivant-anti-jaunissement\/\" aria-describedby=\"woocommerce_loop_add_to_cart_link_describedby_5823\" data-quantity=\"1\" class=\"product_type_simple ajax_add_to_cart\" data-product_id=\"5823\" data-product_sku=\"\" aria-label=\"En savoir plus sur &ldquo;Life.Silver - Masque ravivant anti-jaunissement&rdquo;\" rel=\"nofollow\" data-success_message=\"\">Lire la suite<\/a>\t<span id=\"woocommerce_loop_add_to_cart_link_describedby_5823\" class=\"screen-reader-text\">\n\t\t\t<\/span>\n<\/div>\n\t<\/figcaption>\n<\/figure>\n<\/article><\/div>[\/vc_column][\/vc_row]\n<\/div>","protected":false},"excerpt":{"rendered":"<p><strong>Life.Silver<\/strong> est le <strong>shampooing anti-jaunissement<\/strong> con\u00e7u pour neutraliser la tendance des cheveux blancs et gris \u00e0 jaunir et pour raviver l&#8217;\u00e9clat des cheveux d\u00e9color\u00e9s et avec des m\u00e8ches. Avec sa formule d\u00e9licate, il nettoie et rend les cheveux doux et lumineux.<\/p>\n<p>Caract\u00e9ris\u00e9 par une texture dense et cr\u00e9meuse, le shampooing Ekre r\u00e9alise une action hautement cosm\u00e9tique qui revitalise les cheveux trait\u00e9s, en les r\u00e9g\u00e9n\u00e9rant en profondeur. Lumineux, nourri et riche en reflets brillants et durables, le cheveu est renouvel\u00e9, facile \u00e0 coiffer et hydrat\u00e9. Appliquez la bonne quantit\u00e9 de produit et r\u00e9partissez-la uniform\u00e9ment avec un pinceau. Massez d\u00e9licatement et laissez agir quelques minutes. Rincez \u00e0 l&#8217;eau ti\u00e8de.<\/p>\n<p>Usage professionnel<\/p>\n<p>Format 500 ml<\/p>\n<p><b>Certifi\u00e9 VEGANOK, <\/b><span style=\"font-weight: 400;\">ce produit<\/span><b> ne comporte aucun ingr\u00e9dient d&#8217;origine animale et refl\u00e8te enti\u00e8rement les valeurs \u00e9thiques v\u00e9ganes.<\/b><br \/>\n<img loading=\"lazy\" decoding=\"async\" class=\"alignnone size-full wp-image-5185\" src=\"https:\/\/ekre.it\/wp-content\/uploads\/2021\/06\/vegan_3.png\" alt=\"\" width=\"60\" height=\"68\" \/><\/p>\n","protected":false},"featured_media":2383,"template":"","meta":[],"product_brand":[],"product_cat":[958,922],"product_tag":[],"class_list":{"0":"post-5892","1":"product","2":"type-product","3":"status-publish","4":"has-post-thumbnail","6":"product_cat-life-silver-cheveux-gris-et-traites","7":"product_cat-soins","8":"description-off","10":"","11":"instock","12":"shipping-taxable","13":"product-type-simple"},"yoast_head":"<!-- This site is optimized with the Yoast SEO plugin v26.7 - https:\/\/yoast.com\/wordpress\/plugins\/seo\/ -->\n<title>Life.Silver \u2013 Shampooing ravivant anti-jaunissement - Ekre - Be Natural<\/title>\n<meta name=\"robots\" content=\"index, follow, max-snippet:-1, max-image-preview:large, max-video-preview:-1\" \/>\n<link rel=\"canonical\" href=\"https:\/\/ekre.it\/fr\/prodotto\/life-silver-shampooing-ravivant-anti-jaunissement\/\" \/>\n<meta property=\"og:locale\" content=\"fr_FR\" \/>\n<meta property=\"og:type\" content=\"article\" \/>\n<meta property=\"og:title\" content=\"Life.Silver \u2013 Shampooing ravivant anti-jaunissement - Ekre - Be Natural\" \/>\n<meta property=\"og:description\" content=\"Life.Silver est le shampooing anti-jaunissement con\u00e7u pour neutraliser la tendance des cheveux blancs et gris \u00e0 jaunir et pour raviver l&#039;\u00e9clat des cheveux d\u00e9color\u00e9s et avec des m\u00e8ches. Avec sa formule d\u00e9licate, il nettoie et rend les cheveux doux et lumineux.  Caract\u00e9ris\u00e9 par une texture dense et cr\u00e9meuse, le shampooing Ekre r\u00e9alise une action hautement cosm\u00e9tique qui revitalise les cheveux trait\u00e9s, en les r\u00e9g\u00e9n\u00e9rant en profondeur. Lumineux, nourri et riche en reflets brillants et durables, le cheveu est renouvel\u00e9, facile \u00e0 coiffer et hydrat\u00e9. Appliquez la bonne quantit\u00e9 de produit et r\u00e9partissez-la uniform\u00e9ment avec un pinceau. Massez d\u00e9licatement et laissez agir quelques minutes. Rincez \u00e0 l&#039;eau ti\u00e8de.  Usage professionnel  Format 500 ml  Certifi\u00e9 VEGANOK, ce produit ne comporte aucun ingr\u00e9dient d&#039;origine animale et refl\u00e8te enti\u00e8rement les valeurs \u00e9thiques v\u00e9ganes.\" \/>\n<meta property=\"og:url\" content=\"https:\/\/ekre.it\/fr\/prodotto\/life-silver-shampooing-ravivant-anti-jaunissement\/\" \/>\n<meta property=\"og:site_name\" content=\"Ekre - Be Natural\" \/>\n<meta property=\"article:modified_time\" content=\"2024-06-03T12:56:27+00:00\" \/>\n<meta property=\"og:image\" content=\"https:\/\/ekre.it\/wp-content\/uploads\/2024\/05\/40122_ekre_life_silver_shampoo_500ml-1.png\" \/>\n\t<meta property=\"og:image:width\" content=\"800\" \/>\n\t<meta property=\"og:image:height\" content=\"800\" \/>\n\t<meta property=\"og:image:type\" content=\"image\/png\" \/>\n<meta name=\"twitter:card\" content=\"summary_large_image\" \/>\n<meta name=\"twitter:label1\" content=\"Dur\u00e9e de lecture estim\u00e9e\" \/>\n\t<meta name=\"twitter:data1\" content=\"1 minute\" \/>\n<script type=\"application\/ld+json\" class=\"yoast-schema-graph\">{\"@context\":\"https:\/\/schema.org\",\"@graph\":[{\"@type\":\"WebPage\",\"@id\":\"https:\/\/ekre.it\/fr\/prodotto\/life-silver-shampooing-ravivant-anti-jaunissement\/\",\"url\":\"https:\/\/ekre.it\/fr\/prodotto\/life-silver-shampooing-ravivant-anti-jaunissement\/\",\"name\":\"Life.Silver \u2013 Shampooing ravivant anti-jaunissement - Ekre - Be Natural\",\"isPartOf\":{\"@id\":\"https:\/\/ekre.it\/fr\/#website\"},\"primaryImageOfPage\":{\"@id\":\"https:\/\/ekre.it\/fr\/prodotto\/life-silver-shampooing-ravivant-anti-jaunissement\/#primaryimage\"},\"image\":{\"@id\":\"https:\/\/ekre.it\/fr\/prodotto\/life-silver-shampooing-ravivant-anti-jaunissement\/#primaryimage\"},\"thumbnailUrl\":\"https:\/\/ekre.it\/wp-content\/uploads\/2024\/05\/40122_ekre_life_silver_shampoo_500ml-1.png\",\"datePublished\":\"2024-05-22T14:41:57+00:00\",\"dateModified\":\"2024-06-03T12:56:27+00:00\",\"breadcrumb\":{\"@id\":\"https:\/\/ekre.it\/fr\/prodotto\/life-silver-shampooing-ravivant-anti-jaunissement\/#breadcrumb\"},\"inLanguage\":\"fr-FR\",\"potentialAction\":[{\"@type\":\"ReadAction\",\"target\":[\"https:\/\/ekre.it\/fr\/prodotto\/life-silver-shampooing-ravivant-anti-jaunissement\/\"]}]},{\"@type\":\"ImageObject\",\"inLanguage\":\"fr-FR\",\"@id\":\"https:\/\/ekre.it\/fr\/prodotto\/life-silver-shampooing-ravivant-anti-jaunissement\/#primaryimage\",\"url\":\"https:\/\/ekre.it\/wp-content\/uploads\/2024\/05\/40122_ekre_life_silver_shampoo_500ml-1.png\",\"contentUrl\":\"https:\/\/ekre.it\/wp-content\/uploads\/2024\/05\/40122_ekre_life_silver_shampoo_500ml-1.png\",\"width\":800,\"height\":800},{\"@type\":\"BreadcrumbList\",\"@id\":\"https:\/\/ekre.it\/fr\/prodotto\/life-silver-shampooing-ravivant-anti-jaunissement\/#breadcrumb\",\"itemListElement\":[{\"@type\":\"ListItem\",\"position\":1,\"name\":\"Home\",\"item\":\"https:\/\/ekre.it\/fr\/home\/\"},{\"@type\":\"ListItem\",\"position\":2,\"name\":\"Produits\",\"item\":\"https:\/\/ekre.it\/fr\/shop\/\"},{\"@type\":\"ListItem\",\"position\":3,\"name\":\"Life.Silver \u2013 Shampooing ravivant anti-jaunissement\"}]},{\"@type\":\"WebSite\",\"@id\":\"https:\/\/ekre.it\/fr\/#website\",\"url\":\"https:\/\/ekre.it\/fr\/\",\"name\":\"Ekre - Be Natural\",\"description\":\"\",\"potentialAction\":[{\"@type\":\"SearchAction\",\"target\":{\"@type\":\"EntryPoint\",\"urlTemplate\":\"https:\/\/ekre.it\/fr\/?s={search_term_string}\"},\"query-input\":{\"@type\":\"PropertyValueSpecification\",\"valueRequired\":true,\"valueName\":\"search_term_string\"}}],\"inLanguage\":\"fr-FR\"}]}<\/script>\n<!-- \/ Yoast SEO plugin. -->","yoast_head_json":{"title":"Life.Silver \u2013 Shampooing ravivant anti-jaunissement - Ekre - Be Natural","robots":{"index":"index","follow":"follow","max-snippet":"max-snippet:-1","max-image-preview":"max-image-preview:large","max-video-preview":"max-video-preview:-1"},"canonical":"https:\/\/ekre.it\/fr\/prodotto\/life-silver-shampooing-ravivant-anti-jaunissement\/","og_locale":"fr_FR","og_type":"article","og_title":"Life.Silver \u2013 Shampooing ravivant anti-jaunissement - Ekre - Be Natural","og_description":"Life.Silver est le shampooing anti-jaunissement con\u00e7u pour neutraliser la tendance des cheveux blancs et gris \u00e0 jaunir et pour raviver l'\u00e9clat des cheveux d\u00e9color\u00e9s et avec des m\u00e8ches. Avec sa formule d\u00e9licate, il nettoie et rend les cheveux doux et lumineux.  Caract\u00e9ris\u00e9 par une texture dense et cr\u00e9meuse, le shampooing Ekre r\u00e9alise une action hautement cosm\u00e9tique qui revitalise les cheveux trait\u00e9s, en les r\u00e9g\u00e9n\u00e9rant en profondeur. Lumineux, nourri et riche en reflets brillants et durables, le cheveu est renouvel\u00e9, facile \u00e0 coiffer et hydrat\u00e9. Appliquez la bonne quantit\u00e9 de produit et r\u00e9partissez-la uniform\u00e9ment avec un pinceau. Massez d\u00e9licatement et laissez agir quelques minutes. Rincez \u00e0 l'eau ti\u00e8de.  Usage professionnel  Format 500 ml  Certifi\u00e9 VEGANOK, ce produit ne comporte aucun ingr\u00e9dient d'origine animale et refl\u00e8te enti\u00e8rement les valeurs \u00e9thiques v\u00e9ganes.","og_url":"https:\/\/ekre.it\/fr\/prodotto\/life-silver-shampooing-ravivant-anti-jaunissement\/","og_site_name":"Ekre - Be Natural","article_modified_time":"2024-06-03T12:56:27+00:00","og_image":[{"width":800,"height":800,"url":"https:\/\/ekre.it\/wp-content\/uploads\/2024\/05\/40122_ekre_life_silver_shampoo_500ml-1.png","type":"image\/png"}],"twitter_card":"summary_large_image","twitter_misc":{"Dur\u00e9e de lecture estim\u00e9e":"1 minute"},"schema":{"@context":"https:\/\/schema.org","@graph":[{"@type":"WebPage","@id":"https:\/\/ekre.it\/fr\/prodotto\/life-silver-shampooing-ravivant-anti-jaunissement\/","url":"https:\/\/ekre.it\/fr\/prodotto\/life-silver-shampooing-ravivant-anti-jaunissement\/","name":"Life.Silver \u2013 Shampooing ravivant anti-jaunissement - Ekre - Be Natural","isPartOf":{"@id":"https:\/\/ekre.it\/fr\/#website"},"primaryImageOfPage":{"@id":"https:\/\/ekre.it\/fr\/prodotto\/life-silver-shampooing-ravivant-anti-jaunissement\/#primaryimage"},"image":{"@id":"https:\/\/ekre.it\/fr\/prodotto\/life-silver-shampooing-ravivant-anti-jaunissement\/#primaryimage"},"thumbnailUrl":"https:\/\/ekre.it\/wp-content\/uploads\/2024\/05\/40122_ekre_life_silver_shampoo_500ml-1.png","datePublished":"2024-05-22T14:41:57+00:00","dateModified":"2024-06-03T12:56:27+00:00","breadcrumb":{"@id":"https:\/\/ekre.it\/fr\/prodotto\/life-silver-shampooing-ravivant-anti-jaunissement\/#breadcrumb"},"inLanguage":"fr-FR","potentialAction":[{"@type":"ReadAction","target":["https:\/\/ekre.it\/fr\/prodotto\/life-silver-shampooing-ravivant-anti-jaunissement\/"]}]},{"@type":"ImageObject","inLanguage":"fr-FR","@id":"https:\/\/ekre.it\/fr\/prodotto\/life-silver-shampooing-ravivant-anti-jaunissement\/#primaryimage","url":"https:\/\/ekre.it\/wp-content\/uploads\/2024\/05\/40122_ekre_life_silver_shampoo_500ml-1.png","contentUrl":"https:\/\/ekre.it\/wp-content\/uploads\/2024\/05\/40122_ekre_life_silver_shampoo_500ml-1.png","width":800,"height":800},{"@type":"BreadcrumbList","@id":"https:\/\/ekre.it\/fr\/prodotto\/life-silver-shampooing-ravivant-anti-jaunissement\/#breadcrumb","itemListElement":[{"@type":"ListItem","position":1,"name":"Home","item":"https:\/\/ekre.it\/fr\/home\/"},{"@type":"ListItem","position":2,"name":"Produits","item":"https:\/\/ekre.it\/fr\/shop\/"},{"@type":"ListItem","position":3,"name":"Life.Silver \u2013 Shampooing ravivant anti-jaunissement"}]},{"@type":"WebSite","@id":"https:\/\/ekre.it\/fr\/#website","url":"https:\/\/ekre.it\/fr\/","name":"Ekre - Be Natural","description":"","potentialAction":[{"@type":"SearchAction","target":{"@type":"EntryPoint","urlTemplate":"https:\/\/ekre.it\/fr\/?s={search_term_string}"},"query-input":{"@type":"PropertyValueSpecification","valueRequired":true,"valueName":"search_term_string"}}],"inLanguage":"fr-FR"}]}},"_links":{"self":[{"href":"https:\/\/ekre.it\/fr\/wp-json\/wp\/v2\/product\/5892","targetHints":{"allow":["GET"]}}],"collection":[{"href":"https:\/\/ekre.it\/fr\/wp-json\/wp\/v2\/product"}],"about":[{"href":"https:\/\/ekre.it\/fr\/wp-json\/wp\/v2\/types\/product"}],"wp:featuredmedia":[{"embeddable":true,"href":"https:\/\/ekre.it\/fr\/wp-json\/wp\/v2\/media\/2383"}],"wp:attachment":[{"href":"https:\/\/ekre.it\/fr\/wp-json\/wp\/v2\/media?parent=5892"}],"wp:term":[{"taxonomy":"product_brand","embeddable":true,"href":"https:\/\/ekre.it\/fr\/wp-json\/wp\/v2\/product_brand?post=5892"},{"taxonomy":"product_cat","embeddable":true,"href":"https:\/\/ekre.it\/fr\/wp-json\/wp\/v2\/product_cat?post=5892"},{"taxonomy":"product_tag","embeddable":true,"href":"https:\/\/ekre.it\/fr\/wp-json\/wp\/v2\/product_tag?post=5892"}],"curies":[{"name":"wp","href":"https:\/\/api.w.org\/{rel}","templated":true}]}}