{"id":5896,"date":"2024-05-22T16:41:56","date_gmt":"2024-05-22T14:41:56","guid":{"rendered":"https:\/\/ekre.it\/prodotto\/color-wipe-detachant-epidermique-universel\/"},"modified":"2024-06-03T15:09:15","modified_gmt":"2024-06-03T13:09:15","slug":"color-wipe-detachant-epidermique-universel","status":"publish","type":"product","link":"https:\/\/ekre.it\/fr\/prodotto\/color-wipe-detachant-epidermique-universel\/","title":{"rendered":"Color.wipe &#8211; D\u00e9tachant \u00e9pidermique universel"},"content":{"rendered":"<div class=\"wpb-content-wrapper\">[vc_row el_class=&#8221;bordo_benefici&#8221;][vc_column][vc_column_text css=&#8221;&#8221;]\n<h2 style=\"text-align: left;\">Avantages<\/h2>\n<ul>\n<li>\u00c9limine les <strong>r\u00e9sidus de couleur<\/strong><\/li>\n<li><strong>Hydrate<\/strong> en profondeur la peau<\/li>\n<li><strong>Purifie en profondeur<\/strong> sans laisser de traces<\/li>\n<li>Formule enrichie en <strong>Om\u00e9ga 9 et en Vitamines E<\/strong><\/li>\n<li>Pr\u00e9serve le <strong>bien-\u00eatre du cuir chevelu<\/strong><\/li>\n<\/ul>\n[\/vc_column_text][\/vc_column][\/vc_row][vc_row][vc_column][vc_empty_space height=&#8221;80px&#8221;][\/vc_column][\/vc_row][vc_row][vc_column][vc_column_text css=&#8221;&#8221;]\n<h2 style=\"text-align: center;\">Produits en vedette<\/h2>\n[\/vc_column_text]<style type=\"text\/css\" data-type=\"the7_shortcodes-inline-css\">.products-carousel-shortcode.products-carousel-shortcode-id-917d212748cf76ec3f4dc5dd2de701c3 .owl-nav a {\n  width: 36px;\n  height: 36px;\n  border-radius: 500px;\n}\n.dt-arrow-border-on.products-carousel-shortcode.products-carousel-shortcode-id-917d212748cf76ec3f4dc5dd2de701c3 .owl-nav a:not(:hover):before {\n  border-width: 0px;\n}\n.dt-arrow-hover-border-on.products-carousel-shortcode.products-carousel-shortcode-id-917d212748cf76ec3f4dc5dd2de701c3 .owl-nav a:hover:after {\n  border-width: 0px;\n}\n.products-carousel-shortcode.products-carousel-shortcode-id-917d212748cf76ec3f4dc5dd2de701c3 .owl-nav a.owl-prev {\n  top: 50%;\n  transform: translateY(calc(-50% + 0px));\n  left: -43px;\n}\n@media all and (-ms-high-contrast: none) {\n  .products-carousel-shortcode.products-carousel-shortcode-id-917d212748cf76ec3f4dc5dd2de701c3 .owl-nav a.owl-prev {\n    transform: translateY(-50%);\n    margin-top: 0px;\n  }\n}\n.products-carousel-shortcode.products-carousel-shortcode-id-917d212748cf76ec3f4dc5dd2de701c3 .owl-nav a.owl-prev i {\n  padding: 0px 0px 0px 0px;\n}\n.products-carousel-shortcode.products-carousel-shortcode-id-917d212748cf76ec3f4dc5dd2de701c3 .owl-nav a.owl-next {\n  top: 50%;\n  transform: translateY(calc(-50% + 0px));\n  right: -43px;\n}\n@media all and (-ms-high-contrast: none) {\n  .products-carousel-shortcode.products-carousel-shortcode-id-917d212748cf76ec3f4dc5dd2de701c3 .owl-nav a.owl-next {\n    transform: translateY(-50%);\n    margin-top: 0px;\n  }\n}\n.products-carousel-shortcode.products-carousel-shortcode-id-917d212748cf76ec3f4dc5dd2de701c3 .owl-nav a.owl-next i {\n  padding: 0px 0px 0px 0px;\n}\n.products-carousel-shortcode.products-carousel-shortcode-id-917d212748cf76ec3f4dc5dd2de701c3 .owl-nav i {\n  font-size: 18px;\n}\n.products-carousel-shortcode.products-carousel-shortcode-id-917d212748cf76ec3f4dc5dd2de701c3 .owl-nav a:not(:hover) i,\n.products-carousel-shortcode.products-carousel-shortcode-id-917d212748cf76ec3f4dc5dd2de701c3 .owl-nav a:not(:hover) i:before {\n  color: #ffffff;\n  background: none;\n}\n.products-carousel-shortcode.products-carousel-shortcode-id-917d212748cf76ec3f4dc5dd2de701c3 .owl-nav a:hover i,\n.products-carousel-shortcode.products-carousel-shortcode-id-917d212748cf76ec3f4dc5dd2de701c3 .owl-nav a:hover i:before {\n  color: rgba(255,255,255,0.75);\n  background: none;\n}\n.products-carousel-shortcode.products-carousel-shortcode-id-917d212748cf76ec3f4dc5dd2de701c3 .owl-dots {\n  top: calc(100% + 20px);\n  left: 50%;\n  transform: translateX(calc(-50% + 0px));\n}\n@media all and (-ms-high-contrast: none) {\n  .products-carousel-shortcode.products-carousel-shortcode-id-917d212748cf76ec3f4dc5dd2de701c3 .owl-dots {\n    transform: translateX(-50%);\n    margin-left: 0px;\n  }\n}\n.products-carousel-shortcode.products-carousel-shortcode-id-917d212748cf76ec3f4dc5dd2de701c3 .owl-dot {\n  width: 10px;\n  height: 10px;\n  margin: 0 8px;\n}\n.bullets-scale-up.products-carousel-shortcode.products-carousel-shortcode-id-917d212748cf76ec3f4dc5dd2de701c3 .owl-dot:not(.active):not(:hover) span {\n  background: #dbd6cc;\n}\n.bullets-scale-up.products-carousel-shortcode.products-carousel-shortcode-id-917d212748cf76ec3f4dc5dd2de701c3 .owl-dot:not(.active):hover span,\n.bullets-scale-up.products-carousel-shortcode.products-carousel-shortcode-id-917d212748cf76ec3f4dc5dd2de701c3 .owl-dot.active span {\n  background: #8d847a;\n}\n.bullets-stroke.products-carousel-shortcode.products-carousel-shortcode-id-917d212748cf76ec3f4dc5dd2de701c3 .owl-dot:not(.active):not(:hover) span {\n  background: #dbd6cc;\n}\n.bullets-stroke.products-carousel-shortcode.products-carousel-shortcode-id-917d212748cf76ec3f4dc5dd2de701c3 .owl-dot:not(.active):hover span {\n  background: #8d847a;\n}\n.bullets-stroke.products-carousel-shortcode.products-carousel-shortcode-id-917d212748cf76ec3f4dc5dd2de701c3 .owl-dot.active span {\n  box-shadow: 0 0 0 2px #8d847a;\n}\n.bullets-fill-in.products-carousel-shortcode.products-carousel-shortcode-id-917d212748cf76ec3f4dc5dd2de701c3 .owl-dot:not(.active):not(:hover) span {\n  box-shadow: inset 0 0 0 2px #dbd6cc;\n}\n.bullets-fill-in.products-carousel-shortcode.products-carousel-shortcode-id-917d212748cf76ec3f4dc5dd2de701c3 .owl-dot:not(.active):hover span {\n  box-shadow: inset 0 0 0 2px #8d847a;\n}\n.bullets-fill-in.products-carousel-shortcode.products-carousel-shortcode-id-917d212748cf76ec3f4dc5dd2de701c3 .owl-dot.active span {\n  box-shadow: inset 0 0 0 20px #8d847a;\n}\n.bullets-small-dot-stroke.products-carousel-shortcode.products-carousel-shortcode-id-917d212748cf76ec3f4dc5dd2de701c3 .owl-dot:not(.active):not(:hover) span {\n  background: #dbd6cc;\n}\n.bullets-small-dot-stroke.products-carousel-shortcode.products-carousel-shortcode-id-917d212748cf76ec3f4dc5dd2de701c3 .owl-dot:not(.active):hover span,\n.bullets-small-dot-stroke.products-carousel-shortcode.products-carousel-shortcode-id-917d212748cf76ec3f4dc5dd2de701c3 .owl-dot.active span {\n  background: #8d847a;\n}\n.bullets-small-dot-stroke.products-carousel-shortcode.products-carousel-shortcode-id-917d212748cf76ec3f4dc5dd2de701c3 .owl-dot.active {\n  box-shadow: 0 0 0 2px #8d847a;\n}\n.bullets-ubax.products-carousel-shortcode.products-carousel-shortcode-id-917d212748cf76ec3f4dc5dd2de701c3 .owl-dot span {\n  background: #dbd6cc;\n}\n.bullets-ubax.products-carousel-shortcode.products-carousel-shortcode-id-917d212748cf76ec3f4dc5dd2de701c3 .owl-dot.active span {\n  border-color: #8d847a;\n}\n.bullets-ubax.products-carousel-shortcode.products-carousel-shortcode-id-917d212748cf76ec3f4dc5dd2de701c3 .owl-dot:not(.active):hover span {\n  background: #8d847a;\n}\n.bullets-etefu.products-carousel-shortcode.products-carousel-shortcode-id-917d212748cf76ec3f4dc5dd2de701c3 .owl-dot span {\n  background: #dbd6cc;\n}\n.bullets-etefu.products-carousel-shortcode.products-carousel-shortcode-id-917d212748cf76ec3f4dc5dd2de701c3 .owl-dot:not(.active):hover span {\n  background: #8d847a;\n}\n.bullets-etefu.products-carousel-shortcode.products-carousel-shortcode-id-917d212748cf76ec3f4dc5dd2de701c3 .owl-dot span:before {\n  background: #8d847a;\n}\n.accent-gradient .bullets-etefu.products-carousel-shortcode.products-carousel-shortcode-id-917d212748cf76ec3f4dc5dd2de701c3 .owl-dot span:before {\n  background: #8d847a;\n}\n@media screen and (max-width: 778px) {\n  .products-carousel-shortcode.products-carousel-shortcode-id-917d212748cf76ec3f4dc5dd2de701c3.hide-arrows .owl-nav a {\n    display: none;\n  }\n}\n@media screen and (max-width: 778px) {\n  .products-carousel-shortcode.products-carousel-shortcode-id-917d212748cf76ec3f4dc5dd2de701c3.reposition-arrows .owl-nav .owl-prev {\n    top: 50%;\n    transform: translateY(calc(-50% + 0px));\n    left: 10px;\n  }\n  .products-carousel-shortcode.products-carousel-shortcode-id-917d212748cf76ec3f4dc5dd2de701c3.reposition-arrows .owl-nav .owl-next {\n    top: 50%;\n    transform: translateY(calc(-50% + 0px));\n    right: 10px;\n  }\n}\n@media screen and (max-width: 778px) and all and (-ms-high-contrast: none) {\n  .products-carousel-shortcode.products-carousel-shortcode-id-917d212748cf76ec3f4dc5dd2de701c3.reposition-arrows .owl-nav .owl-prev {\n    transform: translateY(-50%);\n    margin-top: 0px;\n  }\n}\n@media screen and (max-width: 778px) and all and (-ms-high-contrast: none) {\n  .products-carousel-shortcode.products-carousel-shortcode-id-917d212748cf76ec3f4dc5dd2de701c3.reposition-arrows .owl-nav .owl-next {\n    transform: translateY(-50%);\n    margin-top: 0px;\n  }\n}<\/style><div class=\"owl-carousel products-carousel-shortcode dt-owl-carousel-call products-carousel-shortcode-id-917d212748cf76ec3f4dc5dd2de701c3 cart-btn-below-img bullets-ubax reposition-arrows arrows-bg-on dt-arrow-border-on dt-arrow-hover-border-on disable-arrows-hover-bg arrows-hover-bg-on  wc-img-hover hide-description hide-rating bordo_prodotti_correlati\" data-scroll-mode=\"1\" data-wide-col-num=\"4\" data-col-num=\"3\" data-laptop-col=\"3\" data-h-tablet-columns-num=\"3\" data-v-tablet-columns-num=\"2\" data-phone-columns-num=\"1\" data-auto-height=\"true\" data-col-gap=\"30\" data-stage-padding=\"0\" data-speed=\"600\" data-autoplay=\"false\" data-autoplay_speed=\"6000\" data-arrows=\"false\" data-bullet=\"true\" data-next-icon=\"icon-ar-017-r\" data-prev-icon=\"icon-ar-017-l\"><article class=\"post post-5807 product type-product status-publish has-post-thumbnail product_cat-decoloration product_cat-produits-techniques description-off first instock shipping-taxable product-type-simple\" ><figure class=\"woocom-project\">\n\t<div class=\"woo-buttons-on-img\">\n\n\t\t<a href=\"https:\/\/ekre.it\/fr\/prodotto\/decor-poudre-decolorante-a-action-anti-jaune\/\" class=\"alignnone layzr-bg\"><img loading=\"lazy\" decoding=\"async\" width=\"300\" height=\"300\" src=\"data:image\/svg+xml;charset=utf-8,%3Csvg xmlns%3D&#039;http%3A%2F%2Fwww.w3.org%2F2000%2Fsvg&#039; viewBox%3D&#039;0 0 300 300&#039;%2F%3E\" class=\"attachment-woocommerce_thumbnail size-woocommerce_thumbnail owl-lazy-load preload-me\" alt=\"Decor \u2013 Poudre d\u00e9colorante \u00e0 action anti-jaune\" data-src=\"https:\/\/ekre.it\/wp-content\/uploads\/2024\/05\/ekre_basic_decor_bleaching_powder_500g-1-300x300.png\" data-srcset=\"https:\/\/ekre.it\/wp-content\/uploads\/2024\/05\/ekre_basic_decor_bleaching_powder_500g-1-300x300.png 300w, https:\/\/ekre.it\/wp-content\/uploads\/2024\/05\/ekre_basic_decor_bleaching_powder_500g-1-200x200.png 200w, https:\/\/ekre.it\/wp-content\/uploads\/2024\/05\/ekre_basic_decor_bleaching_powder_500g-1-150x150.png 150w, https:\/\/ekre.it\/wp-content\/uploads\/2024\/05\/ekre_basic_decor_bleaching_powder_500g-1.png 600w\" \/><\/a>\n\t<\/div>\n\t<figcaption class=\"woocom-list-content\">\n\n\t\t<div class=\"woo-buttons\"><a href=\"https:\/\/ekre.it\/fr\/prodotto\/decor-poudre-decolorante-a-action-anti-jaune\/\" aria-describedby=\"woocommerce_loop_add_to_cart_link_describedby_5807\" data-quantity=\"1\" class=\"product_type_simple ajax_add_to_cart\" data-product_id=\"5807\" data-product_sku=\"\" aria-label=\"En savoir plus sur &ldquo;Decor \u2013 Poudre d\u00e9colorante \u00e0 action anti-jaune&rdquo;\" rel=\"nofollow\" data-success_message=\"\">Lire la suite<\/a>\t<span id=\"woocommerce_loop_add_to_cart_link_describedby_5807\" class=\"screen-reader-text\">\n\t\t\t<\/span>\n<\/div>\n\t<\/figcaption>\n<\/figure>\n<\/article><article class=\"post post-5924 product type-product status-publish has-post-thumbnail product_cat-decoloration product_cat-produits-techniques description-off  instock shipping-taxable product-type-simple\" ><figure class=\"woocom-project\">\n\t<div class=\"woo-buttons-on-img\">\n\n\t\t<a href=\"https:\/\/ekre.it\/fr\/prodotto\/decor-decolorant-en-poudre-blanche-box-24-pieces\/\" class=\"alignnone layzr-bg\"><img loading=\"lazy\" decoding=\"async\" width=\"300\" height=\"300\" src=\"data:image\/svg+xml;charset=utf-8,%3Csvg xmlns%3D&#039;http%3A%2F%2Fwww.w3.org%2F2000%2Fsvg&#039; viewBox%3D&#039;0 0 300 300&#039;%2F%3E\" class=\"attachment-woocommerce_thumbnail size-woocommerce_thumbnail owl-lazy-load preload-me\" alt=\"Decor - D\u00e9colorant en poudre blanche box 24 pi\u00e8ces\" data-src=\"https:\/\/ekre.it\/wp-content\/uploads\/2024\/05\/41009_ekre_basic_decor_rapid_bleaching_powder-1-300x300.png\" data-srcset=\"https:\/\/ekre.it\/wp-content\/uploads\/2024\/05\/41009_ekre_basic_decor_rapid_bleaching_powder-1-300x300.png 300w, https:\/\/ekre.it\/wp-content\/uploads\/2024\/05\/41009_ekre_basic_decor_rapid_bleaching_powder-1-200x200.png 200w, https:\/\/ekre.it\/wp-content\/uploads\/2024\/05\/41009_ekre_basic_decor_rapid_bleaching_powder-1-150x150.png 150w, https:\/\/ekre.it\/wp-content\/uploads\/2024\/05\/41009_ekre_basic_decor_rapid_bleaching_powder-1.png 600w\" \/><\/a>\n\t<\/div>\n\t<figcaption class=\"woocom-list-content\">\n\n\t\t<div class=\"woo-buttons\"><a href=\"https:\/\/ekre.it\/fr\/prodotto\/decor-decolorant-en-poudre-blanche-box-24-pieces\/\" aria-describedby=\"woocommerce_loop_add_to_cart_link_describedby_5924\" data-quantity=\"1\" class=\"product_type_simple ajax_add_to_cart\" data-product_id=\"5924\" data-product_sku=\"\" aria-label=\"En savoir plus sur &ldquo;Decor - D\u00e9colorant en poudre blanche box 24 pi\u00e8ces&rdquo;\" rel=\"nofollow\" data-success_message=\"\">Lire la suite<\/a>\t<span id=\"woocommerce_loop_add_to_cart_link_describedby_5924\" class=\"screen-reader-text\">\n\t\t\t<\/span>\n<\/div>\n\t<\/figcaption>\n<\/figure>\n<\/article><article class=\"post post-5928 product type-product status-publish has-post-thumbnail product_cat-decoloration product_cat-produits-techniques description-off  instock shipping-taxable product-type-simple\" ><figure class=\"woocom-project\">\n\t<div class=\"woo-buttons-on-img\">\n\n\t\t<a href=\"https:\/\/ekre.it\/fr\/prodotto\/decor-poudre-decolorante-compacte-bleue\/\" class=\"alignnone layzr-bg\"><img loading=\"lazy\" decoding=\"async\" width=\"300\" height=\"300\" src=\"data:image\/svg+xml;charset=utf-8,%3Csvg xmlns%3D&#039;http%3A%2F%2Fwww.w3.org%2F2000%2Fsvg&#039; viewBox%3D&#039;0 0 300 300&#039;%2F%3E\" class=\"attachment-woocommerce_thumbnail size-woocommerce_thumbnail owl-lazy-load preload-me\" alt=\"Decor \u2013 Poudre d\u00e9colorante compacte bleue\" data-src=\"https:\/\/ekre.it\/wp-content\/uploads\/2024\/05\/41021_ekre_decor_bleaching_powder_blue_500g-1-300x300.png\" data-srcset=\"https:\/\/ekre.it\/wp-content\/uploads\/2024\/05\/41021_ekre_decor_bleaching_powder_blue_500g-1-300x300.png 300w, https:\/\/ekre.it\/wp-content\/uploads\/2024\/05\/41021_ekre_decor_bleaching_powder_blue_500g-1-200x200.png 200w, https:\/\/ekre.it\/wp-content\/uploads\/2024\/05\/41021_ekre_decor_bleaching_powder_blue_500g-1-600x600.png 600w, https:\/\/ekre.it\/wp-content\/uploads\/2024\/05\/41021_ekre_decor_bleaching_powder_blue_500g-1-150x150.png 150w, https:\/\/ekre.it\/wp-content\/uploads\/2024\/05\/41021_ekre_decor_bleaching_powder_blue_500g-1-768x768.png 768w, https:\/\/ekre.it\/wp-content\/uploads\/2024\/05\/41021_ekre_decor_bleaching_powder_blue_500g-1.png 800w\" \/><\/a>\n\t<\/div>\n\t<figcaption class=\"woocom-list-content\">\n\n\t\t<div class=\"woo-buttons\"><a href=\"https:\/\/ekre.it\/fr\/prodotto\/decor-poudre-decolorante-compacte-bleue\/\" aria-describedby=\"woocommerce_loop_add_to_cart_link_describedby_5928\" data-quantity=\"1\" class=\"product_type_simple ajax_add_to_cart\" data-product_id=\"5928\" data-product_sku=\"\" aria-label=\"En savoir plus sur &ldquo;Decor \u2013 Poudre d\u00e9colorante compacte bleue&rdquo;\" rel=\"nofollow\" data-success_message=\"\">Lire la suite<\/a>\t<span id=\"woocommerce_loop_add_to_cart_link_describedby_5928\" class=\"screen-reader-text\">\n\t\t\t<\/span>\n<\/div>\n\t<\/figcaption>\n<\/figure>\n<\/article><\/div>[\/vc_column][\/vc_row]\n<\/div>","protected":false},"excerpt":{"rendered":"<p><strong>Ekre<\/strong> d\u00e9tachant \u00e9pidermique universel, cr\u00e9\u00e9 pour enlever d\u00e9licatement tout r\u00e9sidu de couleur apr\u00e8s la coloration. L&#8217;action nettoyante intense s&#8217;accompagne d&#8217;une <strong>fonction nourrissante et purifiante<\/strong> mise en place par les principes actifs qui caract\u00e9risent la formule.<\/p>\n<p>L&#8217;om\u00e9ga 9 renforce la fonction nettoyante du cuir chevelu et pr\u00e9serve l&#8217;<strong>\u00e9lasticit\u00e9 naturelle<\/strong> de la peau, en \u00e9liminant tout risque d&#8217;irritation. Le d\u00e9tachant \u00e9pidermique universel Ekre est \u00e9galement enrichi en vitamine E, un hydratant qui \u00e9quilibre la couche d&#8217;humidit\u00e9 naturelle de la peau. Il combine des <strong>propri\u00e9t\u00e9s d\u00e9tachantes <\/strong>surprenantes qui \u00e9liminent parfaitement toute trace de couleur, avec des <strong>qualit\u00e9s \u00e9mollientes<\/strong>, qui favorisent le bien-\u00eatre du cuir chevelu pendant le nettoyage.<\/p>\n<p>Usage professionnel<\/p>\n<p>Flacon 200 ml<\/p>\n","protected":false},"featured_media":2377,"template":"","meta":[],"product_brand":[],"product_cat":[918,906],"product_tag":[],"class_list":{"0":"post-5896","1":"product","2":"type-product","3":"status-publish","4":"has-post-thumbnail","6":"product_cat-oxydation","7":"product_cat-produits-techniques","8":"description-off","10":"last","11":"instock","12":"shipping-taxable","13":"product-type-simple"},"yoast_head":"<!-- This site is optimized with the Yoast SEO plugin v26.7 - https:\/\/yoast.com\/wordpress\/plugins\/seo\/ -->\n<title>Color.wipe - D\u00e9tachant \u00e9pidermique universel - Ekre - Be Natural<\/title>\n<meta name=\"robots\" content=\"index, follow, max-snippet:-1, max-image-preview:large, max-video-preview:-1\" \/>\n<link rel=\"canonical\" href=\"https:\/\/ekre.it\/fr\/prodotto\/color-wipe-detachant-epidermique-universel\/\" \/>\n<meta property=\"og:locale\" content=\"fr_FR\" \/>\n<meta property=\"og:type\" content=\"article\" \/>\n<meta property=\"og:title\" content=\"Color.wipe - D\u00e9tachant \u00e9pidermique universel - Ekre - Be Natural\" \/>\n<meta property=\"og:description\" content=\"Ekre d\u00e9tachant \u00e9pidermique universel, cr\u00e9\u00e9 pour enlever d\u00e9licatement tout r\u00e9sidu de couleur apr\u00e8s la coloration. L&#039;action nettoyante intense s&#039;accompagne d&#039;une fonction nourrissante et purifiante mise en place par les principes actifs qui caract\u00e9risent la formule.  L&#039;om\u00e9ga 9 renforce la fonction nettoyante du cuir chevelu et pr\u00e9serve l&#039;\u00e9lasticit\u00e9 naturelle de la peau, en \u00e9liminant tout risque d&#039;irritation. Le d\u00e9tachant \u00e9pidermique universel Ekre est \u00e9galement enrichi en vitamine E, un hydratant qui \u00e9quilibre la couche d&#039;humidit\u00e9 naturelle de la peau. Il combine des propri\u00e9t\u00e9s d\u00e9tachantes surprenantes qui \u00e9liminent parfaitement toute trace de couleur, avec des qualit\u00e9s \u00e9mollientes, qui favorisent le bien-\u00eatre du cuir chevelu pendant le nettoyage.  Usage professionnel  Flacon 200 ml\" \/>\n<meta property=\"og:url\" content=\"https:\/\/ekre.it\/fr\/prodotto\/color-wipe-detachant-epidermique-universel\/\" \/>\n<meta property=\"og:site_name\" content=\"Ekre - Be Natural\" \/>\n<meta property=\"article:modified_time\" content=\"2024-06-03T13:09:15+00:00\" \/>\n<meta property=\"og:image\" content=\"https:\/\/ekre.it\/wp-content\/uploads\/2024\/05\/ekre_basic_color_wipe_200ml-1.png\" \/>\n\t<meta property=\"og:image:width\" content=\"600\" \/>\n\t<meta property=\"og:image:height\" content=\"600\" \/>\n\t<meta property=\"og:image:type\" content=\"image\/png\" \/>\n<meta name=\"twitter:card\" content=\"summary_large_image\" \/>\n<meta name=\"twitter:label1\" content=\"Dur\u00e9e de lecture estim\u00e9e\" \/>\n\t<meta name=\"twitter:data1\" content=\"1 minute\" \/>\n<script type=\"application\/ld+json\" class=\"yoast-schema-graph\">{\"@context\":\"https:\/\/schema.org\",\"@graph\":[{\"@type\":\"WebPage\",\"@id\":\"https:\/\/ekre.it\/fr\/prodotto\/color-wipe-detachant-epidermique-universel\/\",\"url\":\"https:\/\/ekre.it\/fr\/prodotto\/color-wipe-detachant-epidermique-universel\/\",\"name\":\"Color.wipe - D\u00e9tachant \u00e9pidermique universel - Ekre - Be Natural\",\"isPartOf\":{\"@id\":\"https:\/\/ekre.it\/fr\/#website\"},\"primaryImageOfPage\":{\"@id\":\"https:\/\/ekre.it\/fr\/prodotto\/color-wipe-detachant-epidermique-universel\/#primaryimage\"},\"image\":{\"@id\":\"https:\/\/ekre.it\/fr\/prodotto\/color-wipe-detachant-epidermique-universel\/#primaryimage\"},\"thumbnailUrl\":\"https:\/\/ekre.it\/wp-content\/uploads\/2024\/05\/ekre_basic_color_wipe_200ml-1.png\",\"datePublished\":\"2024-05-22T14:41:56+00:00\",\"dateModified\":\"2024-06-03T13:09:15+00:00\",\"breadcrumb\":{\"@id\":\"https:\/\/ekre.it\/fr\/prodotto\/color-wipe-detachant-epidermique-universel\/#breadcrumb\"},\"inLanguage\":\"fr-FR\",\"potentialAction\":[{\"@type\":\"ReadAction\",\"target\":[\"https:\/\/ekre.it\/fr\/prodotto\/color-wipe-detachant-epidermique-universel\/\"]}]},{\"@type\":\"ImageObject\",\"inLanguage\":\"fr-FR\",\"@id\":\"https:\/\/ekre.it\/fr\/prodotto\/color-wipe-detachant-epidermique-universel\/#primaryimage\",\"url\":\"https:\/\/ekre.it\/wp-content\/uploads\/2024\/05\/ekre_basic_color_wipe_200ml-1.png\",\"contentUrl\":\"https:\/\/ekre.it\/wp-content\/uploads\/2024\/05\/ekre_basic_color_wipe_200ml-1.png\",\"width\":600,\"height\":600},{\"@type\":\"BreadcrumbList\",\"@id\":\"https:\/\/ekre.it\/fr\/prodotto\/color-wipe-detachant-epidermique-universel\/#breadcrumb\",\"itemListElement\":[{\"@type\":\"ListItem\",\"position\":1,\"name\":\"Home\",\"item\":\"https:\/\/ekre.it\/fr\/home\/\"},{\"@type\":\"ListItem\",\"position\":2,\"name\":\"Produits\",\"item\":\"https:\/\/ekre.it\/fr\/shop\/\"},{\"@type\":\"ListItem\",\"position\":3,\"name\":\"Color.wipe &#8211; D\u00e9tachant \u00e9pidermique universel\"}]},{\"@type\":\"WebSite\",\"@id\":\"https:\/\/ekre.it\/fr\/#website\",\"url\":\"https:\/\/ekre.it\/fr\/\",\"name\":\"Ekre - Be Natural\",\"description\":\"\",\"potentialAction\":[{\"@type\":\"SearchAction\",\"target\":{\"@type\":\"EntryPoint\",\"urlTemplate\":\"https:\/\/ekre.it\/fr\/?s={search_term_string}\"},\"query-input\":{\"@type\":\"PropertyValueSpecification\",\"valueRequired\":true,\"valueName\":\"search_term_string\"}}],\"inLanguage\":\"fr-FR\"}]}<\/script>\n<!-- \/ Yoast SEO plugin. -->","yoast_head_json":{"title":"Color.wipe - D\u00e9tachant \u00e9pidermique universel - Ekre - Be Natural","robots":{"index":"index","follow":"follow","max-snippet":"max-snippet:-1","max-image-preview":"max-image-preview:large","max-video-preview":"max-video-preview:-1"},"canonical":"https:\/\/ekre.it\/fr\/prodotto\/color-wipe-detachant-epidermique-universel\/","og_locale":"fr_FR","og_type":"article","og_title":"Color.wipe - D\u00e9tachant \u00e9pidermique universel - Ekre - Be Natural","og_description":"Ekre d\u00e9tachant \u00e9pidermique universel, cr\u00e9\u00e9 pour enlever d\u00e9licatement tout r\u00e9sidu de couleur apr\u00e8s la coloration. L'action nettoyante intense s'accompagne d'une fonction nourrissante et purifiante mise en place par les principes actifs qui caract\u00e9risent la formule.  L'om\u00e9ga 9 renforce la fonction nettoyante du cuir chevelu et pr\u00e9serve l'\u00e9lasticit\u00e9 naturelle de la peau, en \u00e9liminant tout risque d'irritation. Le d\u00e9tachant \u00e9pidermique universel Ekre est \u00e9galement enrichi en vitamine E, un hydratant qui \u00e9quilibre la couche d'humidit\u00e9 naturelle de la peau. Il combine des propri\u00e9t\u00e9s d\u00e9tachantes surprenantes qui \u00e9liminent parfaitement toute trace de couleur, avec des qualit\u00e9s \u00e9mollientes, qui favorisent le bien-\u00eatre du cuir chevelu pendant le nettoyage.  Usage professionnel  Flacon 200 ml","og_url":"https:\/\/ekre.it\/fr\/prodotto\/color-wipe-detachant-epidermique-universel\/","og_site_name":"Ekre - Be Natural","article_modified_time":"2024-06-03T13:09:15+00:00","og_image":[{"width":600,"height":600,"url":"https:\/\/ekre.it\/wp-content\/uploads\/2024\/05\/ekre_basic_color_wipe_200ml-1.png","type":"image\/png"}],"twitter_card":"summary_large_image","twitter_misc":{"Dur\u00e9e de lecture estim\u00e9e":"1 minute"},"schema":{"@context":"https:\/\/schema.org","@graph":[{"@type":"WebPage","@id":"https:\/\/ekre.it\/fr\/prodotto\/color-wipe-detachant-epidermique-universel\/","url":"https:\/\/ekre.it\/fr\/prodotto\/color-wipe-detachant-epidermique-universel\/","name":"Color.wipe - D\u00e9tachant \u00e9pidermique universel - Ekre - Be Natural","isPartOf":{"@id":"https:\/\/ekre.it\/fr\/#website"},"primaryImageOfPage":{"@id":"https:\/\/ekre.it\/fr\/prodotto\/color-wipe-detachant-epidermique-universel\/#primaryimage"},"image":{"@id":"https:\/\/ekre.it\/fr\/prodotto\/color-wipe-detachant-epidermique-universel\/#primaryimage"},"thumbnailUrl":"https:\/\/ekre.it\/wp-content\/uploads\/2024\/05\/ekre_basic_color_wipe_200ml-1.png","datePublished":"2024-05-22T14:41:56+00:00","dateModified":"2024-06-03T13:09:15+00:00","breadcrumb":{"@id":"https:\/\/ekre.it\/fr\/prodotto\/color-wipe-detachant-epidermique-universel\/#breadcrumb"},"inLanguage":"fr-FR","potentialAction":[{"@type":"ReadAction","target":["https:\/\/ekre.it\/fr\/prodotto\/color-wipe-detachant-epidermique-universel\/"]}]},{"@type":"ImageObject","inLanguage":"fr-FR","@id":"https:\/\/ekre.it\/fr\/prodotto\/color-wipe-detachant-epidermique-universel\/#primaryimage","url":"https:\/\/ekre.it\/wp-content\/uploads\/2024\/05\/ekre_basic_color_wipe_200ml-1.png","contentUrl":"https:\/\/ekre.it\/wp-content\/uploads\/2024\/05\/ekre_basic_color_wipe_200ml-1.png","width":600,"height":600},{"@type":"BreadcrumbList","@id":"https:\/\/ekre.it\/fr\/prodotto\/color-wipe-detachant-epidermique-universel\/#breadcrumb","itemListElement":[{"@type":"ListItem","position":1,"name":"Home","item":"https:\/\/ekre.it\/fr\/home\/"},{"@type":"ListItem","position":2,"name":"Produits","item":"https:\/\/ekre.it\/fr\/shop\/"},{"@type":"ListItem","position":3,"name":"Color.wipe &#8211; D\u00e9tachant \u00e9pidermique universel"}]},{"@type":"WebSite","@id":"https:\/\/ekre.it\/fr\/#website","url":"https:\/\/ekre.it\/fr\/","name":"Ekre - Be Natural","description":"","potentialAction":[{"@type":"SearchAction","target":{"@type":"EntryPoint","urlTemplate":"https:\/\/ekre.it\/fr\/?s={search_term_string}"},"query-input":{"@type":"PropertyValueSpecification","valueRequired":true,"valueName":"search_term_string"}}],"inLanguage":"fr-FR"}]}},"_links":{"self":[{"href":"https:\/\/ekre.it\/fr\/wp-json\/wp\/v2\/product\/5896","targetHints":{"allow":["GET"]}}],"collection":[{"href":"https:\/\/ekre.it\/fr\/wp-json\/wp\/v2\/product"}],"about":[{"href":"https:\/\/ekre.it\/fr\/wp-json\/wp\/v2\/types\/product"}],"wp:featuredmedia":[{"embeddable":true,"href":"https:\/\/ekre.it\/fr\/wp-json\/wp\/v2\/media\/2377"}],"wp:attachment":[{"href":"https:\/\/ekre.it\/fr\/wp-json\/wp\/v2\/media?parent=5896"}],"wp:term":[{"taxonomy":"product_brand","embeddable":true,"href":"https:\/\/ekre.it\/fr\/wp-json\/wp\/v2\/product_brand?post=5896"},{"taxonomy":"product_cat","embeddable":true,"href":"https:\/\/ekre.it\/fr\/wp-json\/wp\/v2\/product_cat?post=5896"},{"taxonomy":"product_tag","embeddable":true,"href":"https:\/\/ekre.it\/fr\/wp-json\/wp\/v2\/product_tag?post=5896"}],"curies":[{"name":"wp","href":"https:\/\/api.w.org\/{rel}","templated":true}]}}