{"id":5941,"date":"2024-05-22T16:40:27","date_gmt":"2024-05-22T14:40:27","guid":{"rendered":"https:\/\/ekre.it\/prodotto\/tex-up-pomade-pate-modelante\/"},"modified":"2024-08-02T14:16:19","modified_gmt":"2024-08-02T12:16:19","slug":"tex-up-pomade-pate-modelante","status":"publish","type":"product","link":"https:\/\/ekre.it\/fr\/prodotto\/tex-up-pomade-pate-modelante\/","title":{"rendered":"Tex up pomade &#8211; P\u00e2te modelante"},"content":{"rendered":"<div class=\"wpb-content-wrapper\">[vc_row el_class=&#8221;bordo_benefici&#8221;][vc_column][vc_column_text css=&#8221;&#8221;]\n<h2 style=\"text-align: left;\">Avantages<\/h2>\n<ul>\n<li>Indiqu\u00e9e pour <strong>sculpter et fa\u00e7onner<\/strong> la chevelure<\/li>\n<li>Construit et cr\u00e9e <strong>tous les styles<\/strong><\/li>\n<li><strong>N\u2019alourdit<\/strong> pas les cheveux<\/li>\n<li><strong>Fixe la coiffure<\/strong> souhait\u00e9e<\/li>\n<li>Apporte de la<strong> tenue et de la forme<\/strong><\/li>\n<\/ul>\n[\/vc_column_text][\/vc_column][\/vc_row][vc_row][vc_column][vc_empty_space height=&#8221;80px&#8221;][\/vc_column][\/vc_row][vc_row][vc_column][vc_column_text css=&#8221;&#8221;]\n<h2 style=\"text-align: center;\">Produits en vedette<\/h2>\n[\/vc_column_text]<style type=\"text\/css\" data-type=\"the7_shortcodes-inline-css\">.products-carousel-shortcode.products-carousel-shortcode-id-81b45daccafa9b72cbad27898fb52efd.owl-carousel .owl-nav div {\n  width: 36px;\n  height: 36px;\n  border-radius: 500px;\n}\n.dt-arrow-border-on.products-carousel-shortcode.products-carousel-shortcode-id-81b45daccafa9b72cbad27898fb52efd.owl-carousel .owl-nav div:not(:hover):before {\n  border-width: 0px;\n}\n.dt-arrow-hover-border-on.products-carousel-shortcode.products-carousel-shortcode-id-81b45daccafa9b72cbad27898fb52efd.owl-carousel .owl-nav div:hover:after {\n  border-width: 0px;\n}\n.products-carousel-shortcode.products-carousel-shortcode-id-81b45daccafa9b72cbad27898fb52efd.owl-carousel .owl-nav div.owl-prev {\n  top: 50%;\n  transform: translateY(calc(-50% + 0px));\n  left: -43px;\n}\n@media all and (-ms-high-contrast: none) {\n  .products-carousel-shortcode.products-carousel-shortcode-id-81b45daccafa9b72cbad27898fb52efd.owl-carousel .owl-nav div.owl-prev {\n    transform: translateY(-50%);\n    margin-top: 0px;\n  }\n}\n.products-carousel-shortcode.products-carousel-shortcode-id-81b45daccafa9b72cbad27898fb52efd.owl-carousel .owl-nav div.owl-prev i {\n  padding: 0px 0px 0px 0px;\n}\n.products-carousel-shortcode.products-carousel-shortcode-id-81b45daccafa9b72cbad27898fb52efd.owl-carousel .owl-nav div.owl-next {\n  top: 50%;\n  transform: translateY(calc(-50% + 0px));\n  right: -43px;\n}\n@media all and (-ms-high-contrast: none) {\n  .products-carousel-shortcode.products-carousel-shortcode-id-81b45daccafa9b72cbad27898fb52efd.owl-carousel .owl-nav div.owl-next {\n    transform: translateY(-50%);\n    margin-top: 0px;\n  }\n}\n.products-carousel-shortcode.products-carousel-shortcode-id-81b45daccafa9b72cbad27898fb52efd.owl-carousel .owl-nav div.owl-next i {\n  padding: 0px 0px 0px 0px;\n}\n.products-carousel-shortcode.products-carousel-shortcode-id-81b45daccafa9b72cbad27898fb52efd.owl-carousel .owl-nav i {\n  font-size: 18px;\n}\n.products-carousel-shortcode.products-carousel-shortcode-id-81b45daccafa9b72cbad27898fb52efd.owl-carousel .owl-nav div:not(:hover) i,\n.products-carousel-shortcode.products-carousel-shortcode-id-81b45daccafa9b72cbad27898fb52efd.owl-carousel .owl-nav div:not(:hover) i:before {\n  color: #ffffff;\n  background: none;\n}\n.products-carousel-shortcode.products-carousel-shortcode-id-81b45daccafa9b72cbad27898fb52efd.owl-carousel .owl-nav div:hover i,\n.products-carousel-shortcode.products-carousel-shortcode-id-81b45daccafa9b72cbad27898fb52efd.owl-carousel .owl-nav div:hover i:before {\n  color: rgba(255,255,255,0.75);\n  background: none;\n}\n.products-carousel-shortcode.products-carousel-shortcode-id-81b45daccafa9b72cbad27898fb52efd .owl-dots {\n  top: calc(100% + 20px);\n  left: 50%;\n  transform: translateX(calc(-50% + 0px));\n}\n@media all and (-ms-high-contrast: none) {\n  .products-carousel-shortcode.products-carousel-shortcode-id-81b45daccafa9b72cbad27898fb52efd .owl-dots {\n    transform: translateX(-50%);\n    margin-left: 0px;\n  }\n}\n.products-carousel-shortcode.products-carousel-shortcode-id-81b45daccafa9b72cbad27898fb52efd .owl-dot {\n  width: 10px;\n  height: 10px;\n  margin: 0 8px;\n}\n.bullets-scale-up.products-carousel-shortcode.products-carousel-shortcode-id-81b45daccafa9b72cbad27898fb52efd .owl-dot:not(.active):not(:hover) span {\n  background: #dbd6cc;\n}\n.bullets-scale-up.products-carousel-shortcode.products-carousel-shortcode-id-81b45daccafa9b72cbad27898fb52efd .owl-dot:not(.active):hover span,\n.bullets-scale-up.products-carousel-shortcode.products-carousel-shortcode-id-81b45daccafa9b72cbad27898fb52efd .owl-dot.active span {\n  background: #8d847a;\n}\n.bullets-stroke.products-carousel-shortcode.products-carousel-shortcode-id-81b45daccafa9b72cbad27898fb52efd .owl-dot:not(.active):not(:hover) span {\n  background: #dbd6cc;\n}\n.bullets-stroke.products-carousel-shortcode.products-carousel-shortcode-id-81b45daccafa9b72cbad27898fb52efd .owl-dot:not(.active):hover span {\n  background: #8d847a;\n}\n.bullets-stroke.products-carousel-shortcode.products-carousel-shortcode-id-81b45daccafa9b72cbad27898fb52efd .owl-dot.active span {\n  box-shadow: 0 0 0 2px #8d847a;\n}\n.bullets-fill-in.products-carousel-shortcode.products-carousel-shortcode-id-81b45daccafa9b72cbad27898fb52efd .owl-dot:not(.active):not(:hover) span {\n  box-shadow: inset 0 0 0 2px #dbd6cc;\n}\n.bullets-fill-in.products-carousel-shortcode.products-carousel-shortcode-id-81b45daccafa9b72cbad27898fb52efd .owl-dot:not(.active):hover span {\n  box-shadow: inset 0 0 0 2px #8d847a;\n}\n.bullets-fill-in.products-carousel-shortcode.products-carousel-shortcode-id-81b45daccafa9b72cbad27898fb52efd .owl-dot.active span {\n  box-shadow: inset 0 0 0 20px #8d847a;\n}\n.bullets-small-dot-stroke.products-carousel-shortcode.products-carousel-shortcode-id-81b45daccafa9b72cbad27898fb52efd .owl-dot:not(.active):not(:hover) span {\n  background: #dbd6cc;\n}\n.bullets-small-dot-stroke.products-carousel-shortcode.products-carousel-shortcode-id-81b45daccafa9b72cbad27898fb52efd .owl-dot:not(.active):hover span,\n.bullets-small-dot-stroke.products-carousel-shortcode.products-carousel-shortcode-id-81b45daccafa9b72cbad27898fb52efd .owl-dot.active span {\n  background: #8d847a;\n}\n.bullets-small-dot-stroke.products-carousel-shortcode.products-carousel-shortcode-id-81b45daccafa9b72cbad27898fb52efd .owl-dot.active {\n  box-shadow: 0 0 0 2px #8d847a;\n}\n.bullets-ubax.products-carousel-shortcode.products-carousel-shortcode-id-81b45daccafa9b72cbad27898fb52efd .owl-dot span {\n  background: #dbd6cc;\n}\n.bullets-ubax.products-carousel-shortcode.products-carousel-shortcode-id-81b45daccafa9b72cbad27898fb52efd .owl-dot.active span {\n  border-color: #8d847a;\n}\n.bullets-ubax.products-carousel-shortcode.products-carousel-shortcode-id-81b45daccafa9b72cbad27898fb52efd .owl-dot:not(.active):hover span {\n  background: #8d847a;\n}\n.bullets-etefu.products-carousel-shortcode.products-carousel-shortcode-id-81b45daccafa9b72cbad27898fb52efd .owl-dot span {\n  background: #dbd6cc;\n}\n.bullets-etefu.products-carousel-shortcode.products-carousel-shortcode-id-81b45daccafa9b72cbad27898fb52efd .owl-dot:not(.active):hover span {\n  background: #8d847a;\n}\n.bullets-etefu.products-carousel-shortcode.products-carousel-shortcode-id-81b45daccafa9b72cbad27898fb52efd .owl-dot span:before {\n  background: #8d847a;\n}\n.accent-gradient .bullets-etefu.products-carousel-shortcode.products-carousel-shortcode-id-81b45daccafa9b72cbad27898fb52efd .owl-dot span:before {\n  background: #8d847a;\n}\n@media screen and (max-width: 778px) {\n  .products-carousel-shortcode.products-carousel-shortcode-id-81b45daccafa9b72cbad27898fb52efd.hide-arrows .owl-nav a {\n    display: none;\n  }\n}\n@media screen and (max-width: 778px) {\n  .products-carousel-shortcode.products-carousel-shortcode-id-81b45daccafa9b72cbad27898fb52efd.reposition-arrows .owl-nav .owl-prev {\n    top: 50%;\n    transform: translateY(calc(-50% + 0px));\n    left: 10px;\n  }\n  .products-carousel-shortcode.products-carousel-shortcode-id-81b45daccafa9b72cbad27898fb52efd.reposition-arrows .owl-nav .owl-next {\n    top: 50%;\n    transform: translateY(calc(-50% + 0px));\n    right: 10px;\n  }\n}\n@media screen and (max-width: 778px) and all and (-ms-high-contrast: none) {\n  .products-carousel-shortcode.products-carousel-shortcode-id-81b45daccafa9b72cbad27898fb52efd.reposition-arrows .owl-nav .owl-prev {\n    transform: translateY(-50%);\n    margin-top: 0px;\n  }\n}\n@media screen and (max-width: 778px) and all and (-ms-high-contrast: none) {\n  .products-carousel-shortcode.products-carousel-shortcode-id-81b45daccafa9b72cbad27898fb52efd.reposition-arrows .owl-nav .owl-next {\n    transform: translateY(-50%);\n    margin-top: 0px;\n  }\n}<\/style><div class=\"owl-carousel products-carousel-shortcode dt-owl-carousel-call products-carousel-shortcode-id-81b45daccafa9b72cbad27898fb52efd cart-btn-below-img bullets-ubax reposition-arrows arrows-bg-on dt-arrow-border-on dt-arrow-hover-border-on disable-arrows-hover-bg arrows-hover-bg-on  wc-img-hover hide-description hide-rating bordo_prodotti_correlati\" data-scroll-mode=\"1\" data-wide-col-num=\"4\" data-col-num=\"3\" data-laptop-col=\"3\" data-h-tablet-columns-num=\"3\" data-v-tablet-columns-num=\"2\" data-phone-columns-num=\"1\" data-auto-height=\"true\" data-col-gap=\"30\" data-stage-padding=\"0\" data-speed=\"600\" data-autoplay=\"false\" data-autoplay_speed=\"6000\" data-arrows=\"false\" data-bullet=\"true\" data-next-icon=\"icon-ar-017-r\" data-prev-icon=\"icon-ar-017-l\"><article class=\"post post-5933 product type-product status-publish has-post-thumbnail product_cat-styling-finishing-fr description-off first instock shipping-taxable product-type-simple\" ><figure class=\"woocom-project\">\n\t<div class=\"woo-buttons-on-img\">\n\n\t\t<a href=\"https:\/\/ekre.it\/fr\/prodotto\/deep-curl-creme-fixation-boucles\/\" class=\"alignnone layzr-bg\"><img loading=\"lazy\" decoding=\"async\" width=\"300\" height=\"300\" src=\"data:image\/svg+xml;charset=utf-8,%3Csvg xmlns%3D&#039;http%3A%2F%2Fwww.w3.org%2F2000%2Fsvg&#039; viewBox%3D&#039;0 0 300 300&#039;%2F%3E\" class=\"attachment-woocommerce_thumbnail size-woocommerce_thumbnail owl-lazy-load preload-me\" alt=\"Deep curl - Creme fixation boucles\" data-src=\"https:\/\/ekre.it\/wp-content\/uploads\/2024\/05\/43003_ekre_project_deep_curl_100ml-2-300x300.png\" data-srcset=\"https:\/\/ekre.it\/wp-content\/uploads\/2024\/05\/43003_ekre_project_deep_curl_100ml-2-300x300.png 300w, https:\/\/ekre.it\/wp-content\/uploads\/2024\/05\/43003_ekre_project_deep_curl_100ml-2-150x150.png 150w, https:\/\/ekre.it\/wp-content\/uploads\/2024\/05\/43003_ekre_project_deep_curl_100ml-2-768x768.png 768w, https:\/\/ekre.it\/wp-content\/uploads\/2024\/05\/43003_ekre_project_deep_curl_100ml-2-600x600.png 600w, https:\/\/ekre.it\/wp-content\/uploads\/2024\/05\/43003_ekre_project_deep_curl_100ml-2-200x200.png 200w, https:\/\/ekre.it\/wp-content\/uploads\/2024\/05\/43003_ekre_project_deep_curl_100ml-2.png 800w\" \/><\/a>\n\t<\/div>\n\t<figcaption class=\"woocom-list-content\">\n\n\t\t<div class=\"woo-buttons\"><a href=\"https:\/\/ekre.it\/fr\/prodotto\/deep-curl-creme-fixation-boucles\/\" aria-describedby=\"woocommerce_loop_add_to_cart_link_describedby_5933\" data-quantity=\"1\" class=\"product_type_simple ajax_add_to_cart\" data-product_id=\"5933\" data-product_sku=\"\" aria-label=\"En savoir plus sur &ldquo;Deep curl - Creme fixation boucles&rdquo;\" rel=\"nofollow\" data-success_message=\"\">Lire la suite<\/a>\t<span id=\"woocommerce_loop_add_to_cart_link_describedby_5933\" class=\"screen-reader-text\">\n\t\t\t<\/span>\n<\/div>\n\t<\/figcaption>\n<\/figure>\n<\/article><article class=\"post post-5949 product type-product status-publish has-post-thumbnail product_cat-styling-finishing-fr description-off  instock shipping-taxable product-type-simple\" ><figure class=\"woocom-project\">\n\t<div class=\"woo-buttons-on-img\">\n\n\t\t<a href=\"https:\/\/ekre.it\/fr\/prodotto\/crazy-matt-cire-a-effet-opaque\/\" class=\"alignnone layzr-bg\"><img loading=\"lazy\" decoding=\"async\" width=\"300\" height=\"300\" src=\"data:image\/svg+xml;charset=utf-8,%3Csvg xmlns%3D&#039;http%3A%2F%2Fwww.w3.org%2F2000%2Fsvg&#039; viewBox%3D&#039;0 0 300 300&#039;%2F%3E\" class=\"attachment-woocommerce_thumbnail size-woocommerce_thumbnail owl-lazy-load preload-me\" alt=\"Crazy matt - Cire \u00e0 effet opaque\" data-src=\"https:\/\/ekre.it\/wp-content\/uploads\/2024\/08\/43004_ekre_project_matt_crazy_matt_wax_90ml-300x300.png\" data-srcset=\"https:\/\/ekre.it\/wp-content\/uploads\/2024\/08\/43004_ekre_project_matt_crazy_matt_wax_90ml-300x300.png 300w, https:\/\/ekre.it\/wp-content\/uploads\/2024\/08\/43004_ekre_project_matt_crazy_matt_wax_90ml-150x150.png 150w, https:\/\/ekre.it\/wp-content\/uploads\/2024\/08\/43004_ekre_project_matt_crazy_matt_wax_90ml-768x768.png 768w, https:\/\/ekre.it\/wp-content\/uploads\/2024\/08\/43004_ekre_project_matt_crazy_matt_wax_90ml-600x600.png 600w, https:\/\/ekre.it\/wp-content\/uploads\/2024\/08\/43004_ekre_project_matt_crazy_matt_wax_90ml-200x200.png 200w, https:\/\/ekre.it\/wp-content\/uploads\/2024\/08\/43004_ekre_project_matt_crazy_matt_wax_90ml.png 800w\" \/><\/a>\n\t<\/div>\n\t<figcaption class=\"woocom-list-content\">\n\n\t\t<div class=\"woo-buttons\"><a href=\"https:\/\/ekre.it\/fr\/prodotto\/crazy-matt-cire-a-effet-opaque\/\" aria-describedby=\"woocommerce_loop_add_to_cart_link_describedby_5949\" data-quantity=\"1\" class=\"product_type_simple ajax_add_to_cart\" data-product_id=\"5949\" data-product_sku=\"\" aria-label=\"En savoir plus sur &ldquo;Crazy matt - Cire \u00e0 effet opaque&rdquo;\" rel=\"nofollow\" data-success_message=\"\">Lire la suite<\/a>\t<span id=\"woocommerce_loop_add_to_cart_link_describedby_5949\" class=\"screen-reader-text\">\n\t\t\t<\/span>\n<\/div>\n\t<\/figcaption>\n<\/figure>\n<\/article><article class=\"post post-5957 product type-product status-publish has-post-thumbnail product_cat-styling-finishing-fr description-off  instock shipping-taxable product-type-simple\" ><figure class=\"woocom-project\">\n\t<div class=\"woo-buttons-on-img\">\n\n\t\t<a href=\"https:\/\/ekre.it\/fr\/prodotto\/brilliance-gloss-spray-brillance\/\" class=\"alignnone layzr-bg\"><img loading=\"lazy\" decoding=\"async\" width=\"300\" height=\"300\" src=\"data:image\/svg+xml;charset=utf-8,%3Csvg xmlns%3D&#039;http%3A%2F%2Fwww.w3.org%2F2000%2Fsvg&#039; viewBox%3D&#039;0 0 300 300&#039;%2F%3E\" class=\"attachment-woocommerce_thumbnail size-woocommerce_thumbnail owl-lazy-load preload-me\" alt=\"Brilliance - Spray brillance\" data-src=\"https:\/\/ekre.it\/wp-content\/uploads\/2024\/07\/43000_ekre_project_brillance_gloss_300ml-300x300.png\" data-srcset=\"https:\/\/ekre.it\/wp-content\/uploads\/2024\/07\/43000_ekre_project_brillance_gloss_300ml-300x300.png 300w, https:\/\/ekre.it\/wp-content\/uploads\/2024\/07\/43000_ekre_project_brillance_gloss_300ml-150x150.png 150w, https:\/\/ekre.it\/wp-content\/uploads\/2024\/07\/43000_ekre_project_brillance_gloss_300ml-768x768.png 768w, https:\/\/ekre.it\/wp-content\/uploads\/2024\/07\/43000_ekre_project_brillance_gloss_300ml-600x600.png 600w, https:\/\/ekre.it\/wp-content\/uploads\/2024\/07\/43000_ekre_project_brillance_gloss_300ml-200x200.png 200w, https:\/\/ekre.it\/wp-content\/uploads\/2024\/07\/43000_ekre_project_brillance_gloss_300ml.png 800w\" \/><\/a>\n\t<\/div>\n\t<figcaption class=\"woocom-list-content\">\n\n\t\t<div class=\"woo-buttons\"><a href=\"https:\/\/ekre.it\/fr\/prodotto\/brilliance-gloss-spray-brillance\/\" aria-describedby=\"woocommerce_loop_add_to_cart_link_describedby_5957\" data-quantity=\"1\" class=\"product_type_simple ajax_add_to_cart\" data-product_id=\"5957\" data-product_sku=\"\" aria-label=\"En savoir plus sur &ldquo;Brilliance - Spray brillance&rdquo;\" rel=\"nofollow\" data-success_message=\"\">Lire la suite<\/a>\t<span id=\"woocommerce_loop_add_to_cart_link_describedby_5957\" class=\"screen-reader-text\">\n\t\t\t<\/span>\n<\/div>\n\t<\/figcaption>\n<\/figure>\n<\/article><\/div>[\/vc_column][\/vc_row]\n<\/div>","protected":false},"excerpt":{"rendered":"<p><strong>Project <\/strong>Tex up pomade est une p\u00e2te modelante \u00e0 effet toile d\u2019araign\u00e9e, indiqu\u00e9e pour <strong>sculpter, modeler et d\u00e9finir<\/strong> l&#8217;aspect du cheveu. Id\u00e9ale pour les coupes courtes, elle est utile pour construire et recr\u00e9er tous les styles et pour r\u00e9aliser des looks \u00e0 effet \u00e9volutif.<\/p>\n<p>Convient pour cr\u00e9er les <strong>coiffures les plus cr\u00e9atives<\/strong>, elle donne un effet extra-cool en quelques gestes : sans alourdir les cheveux, elle fixe le coiffage d\u00e9sir\u00e9 et cr\u00e9e la tenue et la forme. Pour un style d\u00e9coiff\u00e9 et froiss\u00e9, la p\u00e2te modelante Ekre s\u2019applique sur<strong> chaque m\u00e8che<\/strong> en cr\u00e9ant un r\u00e9sultat mat et en effectuant une action intensive et cibl\u00e9e sur le look choisi.<\/p>\n<p>Format 100 ml<\/p>\n<p><b>Certifi\u00e9 VEGANOK,\u00a0<\/b>ce produit<b>\u00a0ne comporte aucun ingr\u00e9dient d\u2019origine animale et refl\u00e8te enti\u00e8rement les valeurs \u00e9thiques v\u00e9ganes.<\/b><br \/>\n<img loading=\"lazy\" decoding=\"async\" class=\"alignnone size-full wp-image-5185\" src=\"https:\/\/ekre.it\/wp-content\/uploads\/2021\/06\/vegan_3.png\" alt=\"\" width=\"60\" height=\"68\" \/><\/p>\n","protected":false},"featured_media":6997,"template":"","meta":[],"product_brand":[],"product_cat":[902],"product_tag":[],"class_list":{"0":"post-5941","1":"product","2":"type-product","3":"status-publish","4":"has-post-thumbnail","6":"product_cat-styling-finishing-fr","7":"description-off","9":"last","10":"instock","11":"shipping-taxable","12":"product-type-simple"},"yoast_head":"<!-- This site is optimized with the Yoast SEO plugin v26.7 - https:\/\/yoast.com\/wordpress\/plugins\/seo\/ -->\n<title>Tex up pomade - P\u00e2te modelante - Ekre - Be Natural<\/title>\n<meta name=\"robots\" content=\"index, follow, max-snippet:-1, max-image-preview:large, max-video-preview:-1\" \/>\n<link rel=\"canonical\" href=\"https:\/\/ekre.it\/fr\/prodotto\/tex-up-pomade-pate-modelante\/\" \/>\n<meta property=\"og:locale\" content=\"fr_FR\" \/>\n<meta property=\"og:type\" content=\"article\" \/>\n<meta property=\"og:title\" content=\"Tex up pomade - P\u00e2te modelante - Ekre - Be Natural\" \/>\n<meta property=\"og:description\" content=\"Project Tex up pomade est une p\u00e2te modelante \u00e0 effet toile d\u2019araign\u00e9e, indiqu\u00e9e pour sculpter, modeler et d\u00e9finir l&#039;aspect du cheveu. Id\u00e9ale pour les coupes courtes, elle est utile pour construire et recr\u00e9er tous les styles et pour r\u00e9aliser des looks \u00e0 effet \u00e9volutif.  Convient pour cr\u00e9er les coiffures les plus cr\u00e9atives, elle donne un effet extra-cool en quelques gestes : sans alourdir les cheveux, elle fixe le coiffage d\u00e9sir\u00e9 et cr\u00e9e la tenue et la forme. Pour un style d\u00e9coiff\u00e9 et froiss\u00e9, la p\u00e2te modelante Ekre s\u2019applique sur chaque m\u00e8che en cr\u00e9ant un r\u00e9sultat mat et en effectuant une action intensive et cibl\u00e9e sur le look choisi.  Format 100 ml  Certifi\u00e9 VEGANOK,\u00a0ce produit\u00a0ne comporte aucun ingr\u00e9dient d\u2019origine animale et refl\u00e8te enti\u00e8rement les valeurs \u00e9thiques v\u00e9ganes.\" \/>\n<meta property=\"og:url\" content=\"https:\/\/ekre.it\/fr\/prodotto\/tex-up-pomade-pate-modelante\/\" \/>\n<meta property=\"og:site_name\" content=\"Ekre - Be Natural\" \/>\n<meta property=\"article:modified_time\" content=\"2024-08-02T12:16:19+00:00\" \/>\n<meta property=\"og:image\" content=\"https:\/\/ekre.it\/wp-content\/uploads\/2024\/07\/43014_ekre_project_tex_up_pomade_100ml.png\" \/>\n\t<meta property=\"og:image:width\" content=\"800\" \/>\n\t<meta property=\"og:image:height\" content=\"800\" \/>\n\t<meta property=\"og:image:type\" content=\"image\/png\" \/>\n<meta name=\"twitter:card\" content=\"summary_large_image\" \/>\n<meta name=\"twitter:label1\" content=\"Dur\u00e9e de lecture estim\u00e9e\" \/>\n\t<meta name=\"twitter:data1\" content=\"1 minute\" \/>\n<script type=\"application\/ld+json\" class=\"yoast-schema-graph\">{\"@context\":\"https:\/\/schema.org\",\"@graph\":[{\"@type\":\"WebPage\",\"@id\":\"https:\/\/ekre.it\/fr\/prodotto\/tex-up-pomade-pate-modelante\/\",\"url\":\"https:\/\/ekre.it\/fr\/prodotto\/tex-up-pomade-pate-modelante\/\",\"name\":\"Tex up pomade - P\u00e2te modelante - Ekre - Be Natural\",\"isPartOf\":{\"@id\":\"https:\/\/ekre.it\/fr\/#website\"},\"primaryImageOfPage\":{\"@id\":\"https:\/\/ekre.it\/fr\/prodotto\/tex-up-pomade-pate-modelante\/#primaryimage\"},\"image\":{\"@id\":\"https:\/\/ekre.it\/fr\/prodotto\/tex-up-pomade-pate-modelante\/#primaryimage\"},\"thumbnailUrl\":\"https:\/\/ekre.it\/wp-content\/uploads\/2024\/07\/43014_ekre_project_tex_up_pomade_100ml.png\",\"datePublished\":\"2024-05-22T14:40:27+00:00\",\"dateModified\":\"2024-08-02T12:16:19+00:00\",\"breadcrumb\":{\"@id\":\"https:\/\/ekre.it\/fr\/prodotto\/tex-up-pomade-pate-modelante\/#breadcrumb\"},\"inLanguage\":\"fr-FR\",\"potentialAction\":[{\"@type\":\"ReadAction\",\"target\":[\"https:\/\/ekre.it\/fr\/prodotto\/tex-up-pomade-pate-modelante\/\"]}]},{\"@type\":\"ImageObject\",\"inLanguage\":\"fr-FR\",\"@id\":\"https:\/\/ekre.it\/fr\/prodotto\/tex-up-pomade-pate-modelante\/#primaryimage\",\"url\":\"https:\/\/ekre.it\/wp-content\/uploads\/2024\/07\/43014_ekre_project_tex_up_pomade_100ml.png\",\"contentUrl\":\"https:\/\/ekre.it\/wp-content\/uploads\/2024\/07\/43014_ekre_project_tex_up_pomade_100ml.png\",\"width\":800,\"height\":800},{\"@type\":\"BreadcrumbList\",\"@id\":\"https:\/\/ekre.it\/fr\/prodotto\/tex-up-pomade-pate-modelante\/#breadcrumb\",\"itemListElement\":[{\"@type\":\"ListItem\",\"position\":1,\"name\":\"Home\",\"item\":\"https:\/\/ekre.it\/fr\/home\/\"},{\"@type\":\"ListItem\",\"position\":2,\"name\":\"Produits\",\"item\":\"https:\/\/ekre.it\/fr\/shop\/\"},{\"@type\":\"ListItem\",\"position\":3,\"name\":\"Tex up pomade &#8211; P\u00e2te modelante\"}]},{\"@type\":\"WebSite\",\"@id\":\"https:\/\/ekre.it\/fr\/#website\",\"url\":\"https:\/\/ekre.it\/fr\/\",\"name\":\"Ekre - Be Natural\",\"description\":\"\",\"potentialAction\":[{\"@type\":\"SearchAction\",\"target\":{\"@type\":\"EntryPoint\",\"urlTemplate\":\"https:\/\/ekre.it\/fr\/?s={search_term_string}\"},\"query-input\":{\"@type\":\"PropertyValueSpecification\",\"valueRequired\":true,\"valueName\":\"search_term_string\"}}],\"inLanguage\":\"fr-FR\"}]}<\/script>\n<!-- \/ Yoast SEO plugin. -->","yoast_head_json":{"title":"Tex up pomade - P\u00e2te modelante - Ekre - Be Natural","robots":{"index":"index","follow":"follow","max-snippet":"max-snippet:-1","max-image-preview":"max-image-preview:large","max-video-preview":"max-video-preview:-1"},"canonical":"https:\/\/ekre.it\/fr\/prodotto\/tex-up-pomade-pate-modelante\/","og_locale":"fr_FR","og_type":"article","og_title":"Tex up pomade - P\u00e2te modelante - Ekre - Be Natural","og_description":"Project Tex up pomade est une p\u00e2te modelante \u00e0 effet toile d\u2019araign\u00e9e, indiqu\u00e9e pour sculpter, modeler et d\u00e9finir l'aspect du cheveu. Id\u00e9ale pour les coupes courtes, elle est utile pour construire et recr\u00e9er tous les styles et pour r\u00e9aliser des looks \u00e0 effet \u00e9volutif.  Convient pour cr\u00e9er les coiffures les plus cr\u00e9atives, elle donne un effet extra-cool en quelques gestes : sans alourdir les cheveux, elle fixe le coiffage d\u00e9sir\u00e9 et cr\u00e9e la tenue et la forme. Pour un style d\u00e9coiff\u00e9 et froiss\u00e9, la p\u00e2te modelante Ekre s\u2019applique sur chaque m\u00e8che en cr\u00e9ant un r\u00e9sultat mat et en effectuant une action intensive et cibl\u00e9e sur le look choisi.  Format 100 ml  Certifi\u00e9 VEGANOK,\u00a0ce produit\u00a0ne comporte aucun ingr\u00e9dient d\u2019origine animale et refl\u00e8te enti\u00e8rement les valeurs \u00e9thiques v\u00e9ganes.","og_url":"https:\/\/ekre.it\/fr\/prodotto\/tex-up-pomade-pate-modelante\/","og_site_name":"Ekre - Be Natural","article_modified_time":"2024-08-02T12:16:19+00:00","og_image":[{"width":800,"height":800,"url":"https:\/\/ekre.it\/wp-content\/uploads\/2024\/07\/43014_ekre_project_tex_up_pomade_100ml.png","type":"image\/png"}],"twitter_card":"summary_large_image","twitter_misc":{"Dur\u00e9e de lecture estim\u00e9e":"1 minute"},"schema":{"@context":"https:\/\/schema.org","@graph":[{"@type":"WebPage","@id":"https:\/\/ekre.it\/fr\/prodotto\/tex-up-pomade-pate-modelante\/","url":"https:\/\/ekre.it\/fr\/prodotto\/tex-up-pomade-pate-modelante\/","name":"Tex up pomade - P\u00e2te modelante - Ekre - Be Natural","isPartOf":{"@id":"https:\/\/ekre.it\/fr\/#website"},"primaryImageOfPage":{"@id":"https:\/\/ekre.it\/fr\/prodotto\/tex-up-pomade-pate-modelante\/#primaryimage"},"image":{"@id":"https:\/\/ekre.it\/fr\/prodotto\/tex-up-pomade-pate-modelante\/#primaryimage"},"thumbnailUrl":"https:\/\/ekre.it\/wp-content\/uploads\/2024\/07\/43014_ekre_project_tex_up_pomade_100ml.png","datePublished":"2024-05-22T14:40:27+00:00","dateModified":"2024-08-02T12:16:19+00:00","breadcrumb":{"@id":"https:\/\/ekre.it\/fr\/prodotto\/tex-up-pomade-pate-modelante\/#breadcrumb"},"inLanguage":"fr-FR","potentialAction":[{"@type":"ReadAction","target":["https:\/\/ekre.it\/fr\/prodotto\/tex-up-pomade-pate-modelante\/"]}]},{"@type":"ImageObject","inLanguage":"fr-FR","@id":"https:\/\/ekre.it\/fr\/prodotto\/tex-up-pomade-pate-modelante\/#primaryimage","url":"https:\/\/ekre.it\/wp-content\/uploads\/2024\/07\/43014_ekre_project_tex_up_pomade_100ml.png","contentUrl":"https:\/\/ekre.it\/wp-content\/uploads\/2024\/07\/43014_ekre_project_tex_up_pomade_100ml.png","width":800,"height":800},{"@type":"BreadcrumbList","@id":"https:\/\/ekre.it\/fr\/prodotto\/tex-up-pomade-pate-modelante\/#breadcrumb","itemListElement":[{"@type":"ListItem","position":1,"name":"Home","item":"https:\/\/ekre.it\/fr\/home\/"},{"@type":"ListItem","position":2,"name":"Produits","item":"https:\/\/ekre.it\/fr\/shop\/"},{"@type":"ListItem","position":3,"name":"Tex up pomade &#8211; P\u00e2te modelante"}]},{"@type":"WebSite","@id":"https:\/\/ekre.it\/fr\/#website","url":"https:\/\/ekre.it\/fr\/","name":"Ekre - Be Natural","description":"","potentialAction":[{"@type":"SearchAction","target":{"@type":"EntryPoint","urlTemplate":"https:\/\/ekre.it\/fr\/?s={search_term_string}"},"query-input":{"@type":"PropertyValueSpecification","valueRequired":true,"valueName":"search_term_string"}}],"inLanguage":"fr-FR"}]}},"_links":{"self":[{"href":"https:\/\/ekre.it\/fr\/wp-json\/wp\/v2\/product\/5941","targetHints":{"allow":["GET"]}}],"collection":[{"href":"https:\/\/ekre.it\/fr\/wp-json\/wp\/v2\/product"}],"about":[{"href":"https:\/\/ekre.it\/fr\/wp-json\/wp\/v2\/types\/product"}],"wp:featuredmedia":[{"embeddable":true,"href":"https:\/\/ekre.it\/fr\/wp-json\/wp\/v2\/media\/6997"}],"wp:attachment":[{"href":"https:\/\/ekre.it\/fr\/wp-json\/wp\/v2\/media?parent=5941"}],"wp:term":[{"taxonomy":"product_brand","embeddable":true,"href":"https:\/\/ekre.it\/fr\/wp-json\/wp\/v2\/product_brand?post=5941"},{"taxonomy":"product_cat","embeddable":true,"href":"https:\/\/ekre.it\/fr\/wp-json\/wp\/v2\/product_cat?post=5941"},{"taxonomy":"product_tag","embeddable":true,"href":"https:\/\/ekre.it\/fr\/wp-json\/wp\/v2\/product_tag?post=5941"}],"curies":[{"name":"wp","href":"https:\/\/api.w.org\/{rel}","templated":true}]}}