{"id":5945,"date":"2024-05-22T16:40:26","date_gmt":"2024-05-22T14:40:26","guid":{"rendered":"https:\/\/ekre.it\/prodotto\/water-wax-cire-modelante\/"},"modified":"2024-09-02T11:49:02","modified_gmt":"2024-09-02T09:49:02","slug":"joy-water-wax","status":"publish","type":"product","link":"https:\/\/ekre.it\/fr\/prodotto\/joy-water-wax\/","title":{"rendered":"Joy &#8211; Water wax"},"content":{"rendered":"<div class=\"wpb-content-wrapper\">[vc_row el_class=&#8221;bordo_benefici&#8221;][vc_column][vc_column_text css=&#8221;&#8221;]\n<h2 style=\"text-align: left;\">Avantages<\/h2>\n<ul>\n<li>Procure une <strong>tenue flexible<\/strong> et une <strong>brillance maximum<\/strong><\/li>\n<li><strong>Hydrate et renforce<\/strong> la chevelure<\/li>\n<li>N\u2019alourdit pas les<strong> cheveux<\/strong><\/li>\n<li>Poss\u00e8de une <strong>texture l\u00e9g\u00e8re et d\u00e9licate<\/strong><\/li>\n<li>Indiqu\u00e9e pour cr\u00e9er une <strong>coiffure naturelle et flexible<\/strong><\/li>\n<\/ul>\n[\/vc_column_text][\/vc_column][\/vc_row][vc_row][vc_column][vc_empty_space height=&#8221;80px&#8221;][\/vc_column][\/vc_row][vc_row][vc_column][vc_column_text css=&#8221;&#8221;]\n<h2 style=\"text-align: center;\">Produits en vedette<\/h2>\n[\/vc_column_text]<style type=\"text\/css\" data-type=\"the7_shortcodes-inline-css\">.products-carousel-shortcode.products-carousel-shortcode-id-b0e1d502e25b364009a9da5f9c356a7f.owl-carousel .owl-nav div {\n  width: 36px;\n  height: 36px;\n  border-radius: 500px;\n}\n.dt-arrow-border-on.products-carousel-shortcode.products-carousel-shortcode-id-b0e1d502e25b364009a9da5f9c356a7f.owl-carousel .owl-nav div:not(:hover):before {\n  border-width: 0px;\n}\n.dt-arrow-hover-border-on.products-carousel-shortcode.products-carousel-shortcode-id-b0e1d502e25b364009a9da5f9c356a7f.owl-carousel .owl-nav div:hover:after {\n  border-width: 0px;\n}\n.products-carousel-shortcode.products-carousel-shortcode-id-b0e1d502e25b364009a9da5f9c356a7f.owl-carousel .owl-nav div.owl-prev {\n  top: 50%;\n  transform: translateY(calc(-50% + 0px));\n  left: -43px;\n}\n@media all and (-ms-high-contrast: none) {\n  .products-carousel-shortcode.products-carousel-shortcode-id-b0e1d502e25b364009a9da5f9c356a7f.owl-carousel .owl-nav div.owl-prev {\n    transform: translateY(-50%);\n    margin-top: 0px;\n  }\n}\n.products-carousel-shortcode.products-carousel-shortcode-id-b0e1d502e25b364009a9da5f9c356a7f.owl-carousel .owl-nav div.owl-prev i {\n  padding: 0px 0px 0px 0px;\n}\n.products-carousel-shortcode.products-carousel-shortcode-id-b0e1d502e25b364009a9da5f9c356a7f.owl-carousel .owl-nav div.owl-next {\n  top: 50%;\n  transform: translateY(calc(-50% + 0px));\n  right: -43px;\n}\n@media all and (-ms-high-contrast: none) {\n  .products-carousel-shortcode.products-carousel-shortcode-id-b0e1d502e25b364009a9da5f9c356a7f.owl-carousel .owl-nav div.owl-next {\n    transform: translateY(-50%);\n    margin-top: 0px;\n  }\n}\n.products-carousel-shortcode.products-carousel-shortcode-id-b0e1d502e25b364009a9da5f9c356a7f.owl-carousel .owl-nav div.owl-next i {\n  padding: 0px 0px 0px 0px;\n}\n.products-carousel-shortcode.products-carousel-shortcode-id-b0e1d502e25b364009a9da5f9c356a7f.owl-carousel .owl-nav i {\n  font-size: 18px;\n}\n.products-carousel-shortcode.products-carousel-shortcode-id-b0e1d502e25b364009a9da5f9c356a7f.owl-carousel .owl-nav div:not(:hover) i,\n.products-carousel-shortcode.products-carousel-shortcode-id-b0e1d502e25b364009a9da5f9c356a7f.owl-carousel .owl-nav div:not(:hover) i:before {\n  color: #ffffff;\n  background: none;\n}\n.products-carousel-shortcode.products-carousel-shortcode-id-b0e1d502e25b364009a9da5f9c356a7f.owl-carousel .owl-nav div:hover i,\n.products-carousel-shortcode.products-carousel-shortcode-id-b0e1d502e25b364009a9da5f9c356a7f.owl-carousel .owl-nav div:hover i:before {\n  color: rgba(255,255,255,0.75);\n  background: none;\n}\n.products-carousel-shortcode.products-carousel-shortcode-id-b0e1d502e25b364009a9da5f9c356a7f .owl-dots {\n  top: calc(100% + 20px);\n  left: 50%;\n  transform: translateX(calc(-50% + 0px));\n}\n@media all and (-ms-high-contrast: none) {\n  .products-carousel-shortcode.products-carousel-shortcode-id-b0e1d502e25b364009a9da5f9c356a7f .owl-dots {\n    transform: translateX(-50%);\n    margin-left: 0px;\n  }\n}\n.products-carousel-shortcode.products-carousel-shortcode-id-b0e1d502e25b364009a9da5f9c356a7f .owl-dot {\n  width: 10px;\n  height: 10px;\n  margin: 0 8px;\n}\n.bullets-scale-up.products-carousel-shortcode.products-carousel-shortcode-id-b0e1d502e25b364009a9da5f9c356a7f .owl-dot:not(.active):not(:hover) span {\n  background: #dbd6cc;\n}\n.bullets-scale-up.products-carousel-shortcode.products-carousel-shortcode-id-b0e1d502e25b364009a9da5f9c356a7f .owl-dot:not(.active):hover span,\n.bullets-scale-up.products-carousel-shortcode.products-carousel-shortcode-id-b0e1d502e25b364009a9da5f9c356a7f .owl-dot.active span {\n  background: #8d847a;\n}\n.bullets-stroke.products-carousel-shortcode.products-carousel-shortcode-id-b0e1d502e25b364009a9da5f9c356a7f .owl-dot:not(.active):not(:hover) span {\n  background: #dbd6cc;\n}\n.bullets-stroke.products-carousel-shortcode.products-carousel-shortcode-id-b0e1d502e25b364009a9da5f9c356a7f .owl-dot:not(.active):hover span {\n  background: #8d847a;\n}\n.bullets-stroke.products-carousel-shortcode.products-carousel-shortcode-id-b0e1d502e25b364009a9da5f9c356a7f .owl-dot.active span {\n  box-shadow: 0 0 0 2px #8d847a;\n}\n.bullets-fill-in.products-carousel-shortcode.products-carousel-shortcode-id-b0e1d502e25b364009a9da5f9c356a7f .owl-dot:not(.active):not(:hover) span {\n  box-shadow: inset 0 0 0 2px #dbd6cc;\n}\n.bullets-fill-in.products-carousel-shortcode.products-carousel-shortcode-id-b0e1d502e25b364009a9da5f9c356a7f .owl-dot:not(.active):hover span {\n  box-shadow: inset 0 0 0 2px #8d847a;\n}\n.bullets-fill-in.products-carousel-shortcode.products-carousel-shortcode-id-b0e1d502e25b364009a9da5f9c356a7f .owl-dot.active span {\n  box-shadow: inset 0 0 0 20px #8d847a;\n}\n.bullets-small-dot-stroke.products-carousel-shortcode.products-carousel-shortcode-id-b0e1d502e25b364009a9da5f9c356a7f .owl-dot:not(.active):not(:hover) span {\n  background: #dbd6cc;\n}\n.bullets-small-dot-stroke.products-carousel-shortcode.products-carousel-shortcode-id-b0e1d502e25b364009a9da5f9c356a7f .owl-dot:not(.active):hover span,\n.bullets-small-dot-stroke.products-carousel-shortcode.products-carousel-shortcode-id-b0e1d502e25b364009a9da5f9c356a7f .owl-dot.active span {\n  background: #8d847a;\n}\n.bullets-small-dot-stroke.products-carousel-shortcode.products-carousel-shortcode-id-b0e1d502e25b364009a9da5f9c356a7f .owl-dot.active {\n  box-shadow: 0 0 0 2px #8d847a;\n}\n.bullets-ubax.products-carousel-shortcode.products-carousel-shortcode-id-b0e1d502e25b364009a9da5f9c356a7f .owl-dot span {\n  background: #dbd6cc;\n}\n.bullets-ubax.products-carousel-shortcode.products-carousel-shortcode-id-b0e1d502e25b364009a9da5f9c356a7f .owl-dot.active span {\n  border-color: #8d847a;\n}\n.bullets-ubax.products-carousel-shortcode.products-carousel-shortcode-id-b0e1d502e25b364009a9da5f9c356a7f .owl-dot:not(.active):hover span {\n  background: #8d847a;\n}\n.bullets-etefu.products-carousel-shortcode.products-carousel-shortcode-id-b0e1d502e25b364009a9da5f9c356a7f .owl-dot span {\n  background: #dbd6cc;\n}\n.bullets-etefu.products-carousel-shortcode.products-carousel-shortcode-id-b0e1d502e25b364009a9da5f9c356a7f .owl-dot:not(.active):hover span {\n  background: #8d847a;\n}\n.bullets-etefu.products-carousel-shortcode.products-carousel-shortcode-id-b0e1d502e25b364009a9da5f9c356a7f .owl-dot span:before {\n  background: #8d847a;\n}\n.accent-gradient .bullets-etefu.products-carousel-shortcode.products-carousel-shortcode-id-b0e1d502e25b364009a9da5f9c356a7f .owl-dot span:before {\n  background: #8d847a;\n}\n@media screen and (max-width: 778px) {\n  .products-carousel-shortcode.products-carousel-shortcode-id-b0e1d502e25b364009a9da5f9c356a7f.hide-arrows .owl-nav a {\n    display: none;\n  }\n}\n@media screen and (max-width: 778px) {\n  .products-carousel-shortcode.products-carousel-shortcode-id-b0e1d502e25b364009a9da5f9c356a7f.reposition-arrows .owl-nav .owl-prev {\n    top: 50%;\n    transform: translateY(calc(-50% + 0px));\n    left: 10px;\n  }\n  .products-carousel-shortcode.products-carousel-shortcode-id-b0e1d502e25b364009a9da5f9c356a7f.reposition-arrows .owl-nav .owl-next {\n    top: 50%;\n    transform: translateY(calc(-50% + 0px));\n    right: 10px;\n  }\n}\n@media screen and (max-width: 778px) and all and (-ms-high-contrast: none) {\n  .products-carousel-shortcode.products-carousel-shortcode-id-b0e1d502e25b364009a9da5f9c356a7f.reposition-arrows .owl-nav .owl-prev {\n    transform: translateY(-50%);\n    margin-top: 0px;\n  }\n}\n@media screen and (max-width: 778px) and all and (-ms-high-contrast: none) {\n  .products-carousel-shortcode.products-carousel-shortcode-id-b0e1d502e25b364009a9da5f9c356a7f.reposition-arrows .owl-nav .owl-next {\n    transform: translateY(-50%);\n    margin-top: 0px;\n  }\n}<\/style><div class=\"owl-carousel products-carousel-shortcode dt-owl-carousel-call products-carousel-shortcode-id-b0e1d502e25b364009a9da5f9c356a7f cart-btn-below-img bullets-ubax reposition-arrows arrows-bg-on dt-arrow-border-on dt-arrow-hover-border-on disable-arrows-hover-bg arrows-hover-bg-on  wc-img-hover hide-description hide-rating bordo_prodotti_correlati\" data-scroll-mode=\"1\" data-wide-col-num=\"4\" data-col-num=\"3\" data-laptop-col=\"3\" data-h-tablet-columns-num=\"3\" data-v-tablet-columns-num=\"2\" data-phone-columns-num=\"1\" data-auto-height=\"true\" data-col-gap=\"30\" data-stage-padding=\"0\" data-speed=\"600\" data-autoplay=\"false\" data-autoplay_speed=\"6000\" data-arrows=\"false\" data-bullet=\"true\" data-next-icon=\"icon-ar-017-r\" data-prev-icon=\"icon-ar-017-l\"><article class=\"post post-5941 product type-product status-publish has-post-thumbnail product_cat-styling-finishing-fr description-off first instock shipping-taxable product-type-simple\" ><figure class=\"woocom-project\">\n\t<div class=\"woo-buttons-on-img\">\n\n\t\t<a href=\"https:\/\/ekre.it\/fr\/prodotto\/tex-up-pomade-pate-modelante\/\" class=\"alignnone layzr-bg\"><img loading=\"lazy\" decoding=\"async\" width=\"300\" height=\"300\" src=\"data:image\/svg+xml;charset=utf-8,%3Csvg xmlns%3D&#039;http%3A%2F%2Fwww.w3.org%2F2000%2Fsvg&#039; viewBox%3D&#039;0 0 300 300&#039;%2F%3E\" class=\"attachment-woocommerce_thumbnail size-woocommerce_thumbnail owl-lazy-load preload-me\" alt=\"Tex up pomade - P\u00e2te modelante\" data-src=\"https:\/\/ekre.it\/wp-content\/uploads\/2024\/07\/43014_ekre_project_tex_up_pomade_100ml-300x300.png\" data-srcset=\"https:\/\/ekre.it\/wp-content\/uploads\/2024\/07\/43014_ekre_project_tex_up_pomade_100ml-300x300.png 300w, https:\/\/ekre.it\/wp-content\/uploads\/2024\/07\/43014_ekre_project_tex_up_pomade_100ml-150x150.png 150w, https:\/\/ekre.it\/wp-content\/uploads\/2024\/07\/43014_ekre_project_tex_up_pomade_100ml-768x768.png 768w, https:\/\/ekre.it\/wp-content\/uploads\/2024\/07\/43014_ekre_project_tex_up_pomade_100ml-600x600.png 600w, https:\/\/ekre.it\/wp-content\/uploads\/2024\/07\/43014_ekre_project_tex_up_pomade_100ml-200x200.png 200w, https:\/\/ekre.it\/wp-content\/uploads\/2024\/07\/43014_ekre_project_tex_up_pomade_100ml.png 800w\" \/><\/a>\n\t<\/div>\n\t<figcaption class=\"woocom-list-content\">\n\n\t\t<div class=\"woo-buttons\"><a href=\"https:\/\/ekre.it\/fr\/prodotto\/tex-up-pomade-pate-modelante\/\" aria-describedby=\"woocommerce_loop_add_to_cart_link_describedby_5941\" data-quantity=\"1\" class=\"product_type_simple ajax_add_to_cart\" data-product_id=\"5941\" data-product_sku=\"\" aria-label=\"En savoir plus sur &ldquo;Tex up pomade - P\u00e2te modelante&rdquo;\" rel=\"nofollow\" data-success_message=\"\">Lire la suite<\/a>\t<span id=\"woocommerce_loop_add_to_cart_link_describedby_5941\" class=\"screen-reader-text\">\n\t\t\t<\/span>\n<\/div>\n\t<\/figcaption>\n<\/figure>\n<\/article><article class=\"post post-5949 product type-product status-publish has-post-thumbnail product_cat-styling-finishing-fr description-off  instock shipping-taxable product-type-simple\" ><figure class=\"woocom-project\">\n\t<div class=\"woo-buttons-on-img\">\n\n\t\t<a href=\"https:\/\/ekre.it\/fr\/prodotto\/crazy-matt-cire-a-effet-opaque\/\" class=\"alignnone layzr-bg\"><img loading=\"lazy\" decoding=\"async\" width=\"300\" height=\"300\" src=\"data:image\/svg+xml;charset=utf-8,%3Csvg xmlns%3D&#039;http%3A%2F%2Fwww.w3.org%2F2000%2Fsvg&#039; viewBox%3D&#039;0 0 300 300&#039;%2F%3E\" class=\"attachment-woocommerce_thumbnail size-woocommerce_thumbnail owl-lazy-load preload-me\" alt=\"Crazy matt - Cire \u00e0 effet opaque\" data-src=\"https:\/\/ekre.it\/wp-content\/uploads\/2024\/08\/43004_ekre_project_matt_crazy_matt_wax_90ml-300x300.png\" data-srcset=\"https:\/\/ekre.it\/wp-content\/uploads\/2024\/08\/43004_ekre_project_matt_crazy_matt_wax_90ml-300x300.png 300w, https:\/\/ekre.it\/wp-content\/uploads\/2024\/08\/43004_ekre_project_matt_crazy_matt_wax_90ml-150x150.png 150w, https:\/\/ekre.it\/wp-content\/uploads\/2024\/08\/43004_ekre_project_matt_crazy_matt_wax_90ml-768x768.png 768w, https:\/\/ekre.it\/wp-content\/uploads\/2024\/08\/43004_ekre_project_matt_crazy_matt_wax_90ml-600x600.png 600w, https:\/\/ekre.it\/wp-content\/uploads\/2024\/08\/43004_ekre_project_matt_crazy_matt_wax_90ml-200x200.png 200w, https:\/\/ekre.it\/wp-content\/uploads\/2024\/08\/43004_ekre_project_matt_crazy_matt_wax_90ml.png 800w\" \/><\/a>\n\t<\/div>\n\t<figcaption class=\"woocom-list-content\">\n\n\t\t<div class=\"woo-buttons\"><a href=\"https:\/\/ekre.it\/fr\/prodotto\/crazy-matt-cire-a-effet-opaque\/\" aria-describedby=\"woocommerce_loop_add_to_cart_link_describedby_5949\" data-quantity=\"1\" class=\"product_type_simple ajax_add_to_cart\" data-product_id=\"5949\" data-product_sku=\"\" aria-label=\"En savoir plus sur &ldquo;Crazy matt - Cire \u00e0 effet opaque&rdquo;\" rel=\"nofollow\" data-success_message=\"\">Lire la suite<\/a>\t<span id=\"woocommerce_loop_add_to_cart_link_describedby_5949\" class=\"screen-reader-text\">\n\t\t\t<\/span>\n<\/div>\n\t<\/figcaption>\n<\/figure>\n<\/article><article class=\"post post-5957 product type-product status-publish has-post-thumbnail product_cat-styling-finishing-fr description-off  instock shipping-taxable product-type-simple\" ><figure class=\"woocom-project\">\n\t<div class=\"woo-buttons-on-img\">\n\n\t\t<a href=\"https:\/\/ekre.it\/fr\/prodotto\/brilliance-gloss-spray-brillance\/\" class=\"alignnone layzr-bg\"><img loading=\"lazy\" decoding=\"async\" width=\"300\" height=\"300\" src=\"data:image\/svg+xml;charset=utf-8,%3Csvg xmlns%3D&#039;http%3A%2F%2Fwww.w3.org%2F2000%2Fsvg&#039; viewBox%3D&#039;0 0 300 300&#039;%2F%3E\" class=\"attachment-woocommerce_thumbnail size-woocommerce_thumbnail owl-lazy-load preload-me\" alt=\"Brilliance - Spray brillance\" data-src=\"https:\/\/ekre.it\/wp-content\/uploads\/2024\/07\/43000_ekre_project_brillance_gloss_300ml-300x300.png\" data-srcset=\"https:\/\/ekre.it\/wp-content\/uploads\/2024\/07\/43000_ekre_project_brillance_gloss_300ml-300x300.png 300w, https:\/\/ekre.it\/wp-content\/uploads\/2024\/07\/43000_ekre_project_brillance_gloss_300ml-150x150.png 150w, https:\/\/ekre.it\/wp-content\/uploads\/2024\/07\/43000_ekre_project_brillance_gloss_300ml-768x768.png 768w, https:\/\/ekre.it\/wp-content\/uploads\/2024\/07\/43000_ekre_project_brillance_gloss_300ml-600x600.png 600w, https:\/\/ekre.it\/wp-content\/uploads\/2024\/07\/43000_ekre_project_brillance_gloss_300ml-200x200.png 200w, https:\/\/ekre.it\/wp-content\/uploads\/2024\/07\/43000_ekre_project_brillance_gloss_300ml.png 800w\" \/><\/a>\n\t<\/div>\n\t<figcaption class=\"woocom-list-content\">\n\n\t\t<div class=\"woo-buttons\"><a href=\"https:\/\/ekre.it\/fr\/prodotto\/brilliance-gloss-spray-brillance\/\" aria-describedby=\"woocommerce_loop_add_to_cart_link_describedby_5957\" data-quantity=\"1\" class=\"product_type_simple ajax_add_to_cart\" data-product_id=\"5957\" data-product_sku=\"\" aria-label=\"En savoir plus sur &ldquo;Brilliance - Spray brillance&rdquo;\" rel=\"nofollow\" data-success_message=\"\">Lire la suite<\/a>\t<span id=\"woocommerce_loop_add_to_cart_link_describedby_5957\" class=\"screen-reader-text\">\n\t\t\t<\/span>\n<\/div>\n\t<\/figcaption>\n<\/figure>\n<\/article><\/div>[\/vc_column][\/vc_row]\n<\/div>","protected":false},"excerpt":{"rendered":"<p><b>Project Joy<\/b>\u00a0est une cire transparente \u00e0 la consistance cristalline, id\u00e9ale pour une tenue flexible et un maximum de brillance. Avec une formule enrichie en <strong>actifs renfor\u00e7ants<\/strong>, elle prot\u00e8ge la chevelure et permet de cr\u00e9er des coiffures naturelles \u00e0 l\u2019effet invisible.<\/p>\n<p>Coiffures tendance et respect du bien-\u00eatre de la fibre : la cire \u00e0 l&#8217;eau Ekre<strong> donne de la brillance au look<\/strong>, sans alourdir les cheveux, gr\u00e2ce \u00e0 sa texture l\u00e9g\u00e8re et d\u00e9licate. Indiqu\u00e9e pour sublimer des coiffures \u00e0 la mode, water wax assure une hydratation constante de la fibre capillaire, en emp\u00eachant l&#8217;apparition de l&#8217;effet graisseux inesth\u00e9tique.<\/p>\n<p>Format 100 ml<\/p>\n<p><b>Certifi\u00e9 VEGANOK,\u00a0<\/b>ce produit<b>\u00a0ne comporte aucun ingr\u00e9dient d\u2019origine animale et refl\u00e8te enti\u00e8rement les valeurs \u00e9thiques v\u00e9ganes.<\/b><br \/>\n<img loading=\"lazy\" decoding=\"async\" class=\"alignnone size-full wp-image-5185\" src=\"https:\/\/ekre.it\/wp-content\/uploads\/2021\/06\/vegan_3.png\" alt=\"\" width=\"60\" height=\"68\" \/><\/p>\n","protected":false},"featured_media":7051,"template":"","meta":[],"product_brand":[],"product_cat":[902],"product_tag":[],"class_list":{"0":"post-5945","1":"product","2":"type-product","3":"status-publish","4":"has-post-thumbnail","6":"product_cat-styling-finishing-fr","7":"description-off","9":"last","10":"instock","11":"featured","12":"shipping-taxable","13":"product-type-simple"},"yoast_head":"<!-- This site is optimized with the Yoast SEO plugin v26.7 - https:\/\/yoast.com\/wordpress\/plugins\/seo\/ -->\n<title>Joy - Water wax - Ekre - Be Natural<\/title>\n<meta name=\"robots\" content=\"index, follow, max-snippet:-1, max-image-preview:large, max-video-preview:-1\" \/>\n<link rel=\"canonical\" href=\"https:\/\/ekre.it\/fr\/prodotto\/joy-water-wax\/\" \/>\n<meta property=\"og:locale\" content=\"fr_FR\" \/>\n<meta property=\"og:type\" content=\"article\" \/>\n<meta property=\"og:title\" content=\"Joy - Water wax - Ekre - Be Natural\" \/>\n<meta property=\"og:description\" content=\"Project Joy\u00a0est une cire transparente \u00e0 la consistance cristalline, id\u00e9ale pour une tenue flexible et un maximum de brillance. Avec une formule enrichie en actifs renfor\u00e7ants, elle prot\u00e8ge la chevelure et permet de cr\u00e9er des coiffures naturelles \u00e0 l\u2019effet invisible.  Coiffures tendance et respect du bien-\u00eatre de la fibre : la cire \u00e0 l&#039;eau Ekre donne de la brillance au look, sans alourdir les cheveux, gr\u00e2ce \u00e0 sa texture l\u00e9g\u00e8re et d\u00e9licate. Indiqu\u00e9e pour sublimer des coiffures \u00e0 la mode, water wax assure une hydratation constante de la fibre capillaire, en emp\u00eachant l&#039;apparition de l&#039;effet graisseux inesth\u00e9tique.  Format 100 ml  Certifi\u00e9 VEGANOK,\u00a0ce produit\u00a0ne comporte aucun ingr\u00e9dient d\u2019origine animale et refl\u00e8te enti\u00e8rement les valeurs \u00e9thiques v\u00e9ganes.\" \/>\n<meta property=\"og:url\" content=\"https:\/\/ekre.it\/fr\/prodotto\/joy-water-wax\/\" \/>\n<meta property=\"og:site_name\" content=\"Ekre - Be Natural\" \/>\n<meta property=\"article:modified_time\" content=\"2024-09-02T09:49:02+00:00\" \/>\n<meta property=\"og:image\" content=\"https:\/\/ekre.it\/wp-content\/uploads\/2024\/05\/43005_ekre_project_water_wax_500ml-2.png\" \/>\n\t<meta property=\"og:image:width\" content=\"2000\" \/>\n\t<meta property=\"og:image:height\" content=\"2000\" \/>\n\t<meta property=\"og:image:type\" content=\"image\/png\" \/>\n<meta name=\"twitter:card\" content=\"summary_large_image\" \/>\n<meta name=\"twitter:label1\" content=\"Dur\u00e9e de lecture estim\u00e9e\" \/>\n\t<meta name=\"twitter:data1\" content=\"1 minute\" \/>\n<script type=\"application\/ld+json\" class=\"yoast-schema-graph\">{\"@context\":\"https:\/\/schema.org\",\"@graph\":[{\"@type\":\"WebPage\",\"@id\":\"https:\/\/ekre.it\/fr\/prodotto\/joy-water-wax\/\",\"url\":\"https:\/\/ekre.it\/fr\/prodotto\/joy-water-wax\/\",\"name\":\"Joy - Water wax - Ekre - Be Natural\",\"isPartOf\":{\"@id\":\"https:\/\/ekre.it\/fr\/#website\"},\"primaryImageOfPage\":{\"@id\":\"https:\/\/ekre.it\/fr\/prodotto\/joy-water-wax\/#primaryimage\"},\"image\":{\"@id\":\"https:\/\/ekre.it\/fr\/prodotto\/joy-water-wax\/#primaryimage\"},\"thumbnailUrl\":\"https:\/\/ekre.it\/wp-content\/uploads\/2024\/05\/43005_ekre_project_water_wax_500ml-2.png\",\"datePublished\":\"2024-05-22T14:40:26+00:00\",\"dateModified\":\"2024-09-02T09:49:02+00:00\",\"breadcrumb\":{\"@id\":\"https:\/\/ekre.it\/fr\/prodotto\/joy-water-wax\/#breadcrumb\"},\"inLanguage\":\"fr-FR\",\"potentialAction\":[{\"@type\":\"ReadAction\",\"target\":[\"https:\/\/ekre.it\/fr\/prodotto\/joy-water-wax\/\"]}]},{\"@type\":\"ImageObject\",\"inLanguage\":\"fr-FR\",\"@id\":\"https:\/\/ekre.it\/fr\/prodotto\/joy-water-wax\/#primaryimage\",\"url\":\"https:\/\/ekre.it\/wp-content\/uploads\/2024\/05\/43005_ekre_project_water_wax_500ml-2.png\",\"contentUrl\":\"https:\/\/ekre.it\/wp-content\/uploads\/2024\/05\/43005_ekre_project_water_wax_500ml-2.png\",\"width\":2000,\"height\":2000},{\"@type\":\"BreadcrumbList\",\"@id\":\"https:\/\/ekre.it\/fr\/prodotto\/joy-water-wax\/#breadcrumb\",\"itemListElement\":[{\"@type\":\"ListItem\",\"position\":1,\"name\":\"Home\",\"item\":\"https:\/\/ekre.it\/fr\/home\/\"},{\"@type\":\"ListItem\",\"position\":2,\"name\":\"Produits\",\"item\":\"https:\/\/ekre.it\/fr\/shop\/\"},{\"@type\":\"ListItem\",\"position\":3,\"name\":\"Joy &#8211; Water wax\"}]},{\"@type\":\"WebSite\",\"@id\":\"https:\/\/ekre.it\/fr\/#website\",\"url\":\"https:\/\/ekre.it\/fr\/\",\"name\":\"Ekre - Be Natural\",\"description\":\"\",\"potentialAction\":[{\"@type\":\"SearchAction\",\"target\":{\"@type\":\"EntryPoint\",\"urlTemplate\":\"https:\/\/ekre.it\/fr\/?s={search_term_string}\"},\"query-input\":{\"@type\":\"PropertyValueSpecification\",\"valueRequired\":true,\"valueName\":\"search_term_string\"}}],\"inLanguage\":\"fr-FR\"}]}<\/script>\n<!-- \/ Yoast SEO plugin. -->","yoast_head_json":{"title":"Joy - Water wax - Ekre - Be Natural","robots":{"index":"index","follow":"follow","max-snippet":"max-snippet:-1","max-image-preview":"max-image-preview:large","max-video-preview":"max-video-preview:-1"},"canonical":"https:\/\/ekre.it\/fr\/prodotto\/joy-water-wax\/","og_locale":"fr_FR","og_type":"article","og_title":"Joy - Water wax - Ekre - Be Natural","og_description":"Project Joy\u00a0est une cire transparente \u00e0 la consistance cristalline, id\u00e9ale pour une tenue flexible et un maximum de brillance. Avec une formule enrichie en actifs renfor\u00e7ants, elle prot\u00e8ge la chevelure et permet de cr\u00e9er des coiffures naturelles \u00e0 l\u2019effet invisible.  Coiffures tendance et respect du bien-\u00eatre de la fibre : la cire \u00e0 l'eau Ekre donne de la brillance au look, sans alourdir les cheveux, gr\u00e2ce \u00e0 sa texture l\u00e9g\u00e8re et d\u00e9licate. Indiqu\u00e9e pour sublimer des coiffures \u00e0 la mode, water wax assure une hydratation constante de la fibre capillaire, en emp\u00eachant l'apparition de l'effet graisseux inesth\u00e9tique.  Format 100 ml  Certifi\u00e9 VEGANOK,\u00a0ce produit\u00a0ne comporte aucun ingr\u00e9dient d\u2019origine animale et refl\u00e8te enti\u00e8rement les valeurs \u00e9thiques v\u00e9ganes.","og_url":"https:\/\/ekre.it\/fr\/prodotto\/joy-water-wax\/","og_site_name":"Ekre - Be Natural","article_modified_time":"2024-09-02T09:49:02+00:00","og_image":[{"width":2000,"height":2000,"url":"https:\/\/ekre.it\/wp-content\/uploads\/2024\/05\/43005_ekre_project_water_wax_500ml-2.png","type":"image\/png"}],"twitter_card":"summary_large_image","twitter_misc":{"Dur\u00e9e de lecture estim\u00e9e":"1 minute"},"schema":{"@context":"https:\/\/schema.org","@graph":[{"@type":"WebPage","@id":"https:\/\/ekre.it\/fr\/prodotto\/joy-water-wax\/","url":"https:\/\/ekre.it\/fr\/prodotto\/joy-water-wax\/","name":"Joy - Water wax - Ekre - Be Natural","isPartOf":{"@id":"https:\/\/ekre.it\/fr\/#website"},"primaryImageOfPage":{"@id":"https:\/\/ekre.it\/fr\/prodotto\/joy-water-wax\/#primaryimage"},"image":{"@id":"https:\/\/ekre.it\/fr\/prodotto\/joy-water-wax\/#primaryimage"},"thumbnailUrl":"https:\/\/ekre.it\/wp-content\/uploads\/2024\/05\/43005_ekre_project_water_wax_500ml-2.png","datePublished":"2024-05-22T14:40:26+00:00","dateModified":"2024-09-02T09:49:02+00:00","breadcrumb":{"@id":"https:\/\/ekre.it\/fr\/prodotto\/joy-water-wax\/#breadcrumb"},"inLanguage":"fr-FR","potentialAction":[{"@type":"ReadAction","target":["https:\/\/ekre.it\/fr\/prodotto\/joy-water-wax\/"]}]},{"@type":"ImageObject","inLanguage":"fr-FR","@id":"https:\/\/ekre.it\/fr\/prodotto\/joy-water-wax\/#primaryimage","url":"https:\/\/ekre.it\/wp-content\/uploads\/2024\/05\/43005_ekre_project_water_wax_500ml-2.png","contentUrl":"https:\/\/ekre.it\/wp-content\/uploads\/2024\/05\/43005_ekre_project_water_wax_500ml-2.png","width":2000,"height":2000},{"@type":"BreadcrumbList","@id":"https:\/\/ekre.it\/fr\/prodotto\/joy-water-wax\/#breadcrumb","itemListElement":[{"@type":"ListItem","position":1,"name":"Home","item":"https:\/\/ekre.it\/fr\/home\/"},{"@type":"ListItem","position":2,"name":"Produits","item":"https:\/\/ekre.it\/fr\/shop\/"},{"@type":"ListItem","position":3,"name":"Joy &#8211; Water wax"}]},{"@type":"WebSite","@id":"https:\/\/ekre.it\/fr\/#website","url":"https:\/\/ekre.it\/fr\/","name":"Ekre - Be Natural","description":"","potentialAction":[{"@type":"SearchAction","target":{"@type":"EntryPoint","urlTemplate":"https:\/\/ekre.it\/fr\/?s={search_term_string}"},"query-input":{"@type":"PropertyValueSpecification","valueRequired":true,"valueName":"search_term_string"}}],"inLanguage":"fr-FR"}]}},"_links":{"self":[{"href":"https:\/\/ekre.it\/fr\/wp-json\/wp\/v2\/product\/5945","targetHints":{"allow":["GET"]}}],"collection":[{"href":"https:\/\/ekre.it\/fr\/wp-json\/wp\/v2\/product"}],"about":[{"href":"https:\/\/ekre.it\/fr\/wp-json\/wp\/v2\/types\/product"}],"wp:featuredmedia":[{"embeddable":true,"href":"https:\/\/ekre.it\/fr\/wp-json\/wp\/v2\/media\/7051"}],"wp:attachment":[{"href":"https:\/\/ekre.it\/fr\/wp-json\/wp\/v2\/media?parent=5945"}],"wp:term":[{"taxonomy":"product_brand","embeddable":true,"href":"https:\/\/ekre.it\/fr\/wp-json\/wp\/v2\/product_brand?post=5945"},{"taxonomy":"product_cat","embeddable":true,"href":"https:\/\/ekre.it\/fr\/wp-json\/wp\/v2\/product_cat?post=5945"},{"taxonomy":"product_tag","embeddable":true,"href":"https:\/\/ekre.it\/fr\/wp-json\/wp\/v2\/product_tag?post=5945"}],"curies":[{"name":"wp","href":"https:\/\/api.w.org\/{rel}","templated":true}]}}