{"id":5957,"date":"2024-05-22T16:40:26","date_gmt":"2024-05-22T14:40:26","guid":{"rendered":"https:\/\/ekre.it\/prodotto\/brilliance-gloss-spray-brillance\/"},"modified":"2024-09-02T14:21:26","modified_gmt":"2024-09-02T12:21:26","slug":"brilliance-gloss-spray-brillance","status":"publish","type":"product","link":"https:\/\/ekre.it\/fr\/prodotto\/brilliance-gloss-spray-brillance\/","title":{"rendered":"Brilliance &#8211; Spray brillance"},"content":{"rendered":"<div class=\"wpb-content-wrapper\">[vc_row el_class=&#8221;bordo_benefici&#8221;][vc_column][vc_column_text css=&#8221;&#8221;]\n<h2 style=\"text-align: left;\">Avantages<\/h2>\n<ul>\n<li>Poss\u00e8de des <strong>propri\u00e9t\u00e9s anti-frisottis<\/strong> efficaces<\/li>\n<li>Formule riche en<strong> actifs fonctionnels<\/strong><\/li>\n<li>Rend les cheveux <strong>faciles \u00e0 coiffer<\/strong> et plus doux<\/li>\n<li>Met en valeur la<strong> coiffure<\/strong><\/li>\n<li><strong>N\u2019alourdit<\/strong> pas les cheveux<\/li>\n<\/ul>\n[\/vc_column_text][\/vc_column][\/vc_row][vc_row][vc_column][vc_empty_space height=&#8221;80px&#8221;][\/vc_column][\/vc_row][vc_row][vc_column][vc_column_text css=&#8221;&#8221;]\n<h2 style=\"text-align: center;\">Produits en vedette<\/h2>\n<p>&nbsp;<br \/>\n[\/vc_column_text]<style type=\"text\/css\" data-type=\"the7_shortcodes-inline-css\">.products-carousel-shortcode.products-carousel-shortcode-id-92c8e113927a47efaa915e7a7aec7e9e.owl-carousel .owl-nav div {\n  width: 36px;\n  height: 36px;\n  border-radius: 500px;\n}\n.dt-arrow-border-on.products-carousel-shortcode.products-carousel-shortcode-id-92c8e113927a47efaa915e7a7aec7e9e.owl-carousel .owl-nav div:not(:hover):before {\n  border-width: 0px;\n}\n.dt-arrow-hover-border-on.products-carousel-shortcode.products-carousel-shortcode-id-92c8e113927a47efaa915e7a7aec7e9e.owl-carousel .owl-nav div:hover:after {\n  border-width: 0px;\n}\n.products-carousel-shortcode.products-carousel-shortcode-id-92c8e113927a47efaa915e7a7aec7e9e.owl-carousel .owl-nav div.owl-prev {\n  top: 50%;\n  transform: translateY(calc(-50% + 0px));\n  left: -43px;\n}\n@media all and (-ms-high-contrast: none) {\n  .products-carousel-shortcode.products-carousel-shortcode-id-92c8e113927a47efaa915e7a7aec7e9e.owl-carousel .owl-nav div.owl-prev {\n    transform: translateY(-50%);\n    margin-top: 0px;\n  }\n}\n.products-carousel-shortcode.products-carousel-shortcode-id-92c8e113927a47efaa915e7a7aec7e9e.owl-carousel .owl-nav div.owl-prev i {\n  padding: 0px 0px 0px 0px;\n}\n.products-carousel-shortcode.products-carousel-shortcode-id-92c8e113927a47efaa915e7a7aec7e9e.owl-carousel .owl-nav div.owl-next {\n  top: 50%;\n  transform: translateY(calc(-50% + 0px));\n  right: -43px;\n}\n@media all and (-ms-high-contrast: none) {\n  .products-carousel-shortcode.products-carousel-shortcode-id-92c8e113927a47efaa915e7a7aec7e9e.owl-carousel .owl-nav div.owl-next {\n    transform: translateY(-50%);\n    margin-top: 0px;\n  }\n}\n.products-carousel-shortcode.products-carousel-shortcode-id-92c8e113927a47efaa915e7a7aec7e9e.owl-carousel .owl-nav div.owl-next i {\n  padding: 0px 0px 0px 0px;\n}\n.products-carousel-shortcode.products-carousel-shortcode-id-92c8e113927a47efaa915e7a7aec7e9e.owl-carousel .owl-nav i {\n  font-size: 18px;\n}\n.products-carousel-shortcode.products-carousel-shortcode-id-92c8e113927a47efaa915e7a7aec7e9e.owl-carousel .owl-nav div:not(:hover) i,\n.products-carousel-shortcode.products-carousel-shortcode-id-92c8e113927a47efaa915e7a7aec7e9e.owl-carousel .owl-nav div:not(:hover) i:before {\n  color: #ffffff;\n  background: none;\n}\n.products-carousel-shortcode.products-carousel-shortcode-id-92c8e113927a47efaa915e7a7aec7e9e.owl-carousel .owl-nav div:hover i,\n.products-carousel-shortcode.products-carousel-shortcode-id-92c8e113927a47efaa915e7a7aec7e9e.owl-carousel .owl-nav div:hover i:before {\n  color: rgba(255,255,255,0.75);\n  background: none;\n}\n.products-carousel-shortcode.products-carousel-shortcode-id-92c8e113927a47efaa915e7a7aec7e9e .owl-dots {\n  top: calc(100% + 20px);\n  left: 50%;\n  transform: translateX(calc(-50% + 0px));\n}\n@media all and (-ms-high-contrast: none) {\n  .products-carousel-shortcode.products-carousel-shortcode-id-92c8e113927a47efaa915e7a7aec7e9e .owl-dots {\n    transform: translateX(-50%);\n    margin-left: 0px;\n  }\n}\n.products-carousel-shortcode.products-carousel-shortcode-id-92c8e113927a47efaa915e7a7aec7e9e .owl-dot {\n  width: 10px;\n  height: 10px;\n  margin: 0 8px;\n}\n.bullets-scale-up.products-carousel-shortcode.products-carousel-shortcode-id-92c8e113927a47efaa915e7a7aec7e9e .owl-dot:not(.active):not(:hover) span {\n  background: #dbd6cc;\n}\n.bullets-scale-up.products-carousel-shortcode.products-carousel-shortcode-id-92c8e113927a47efaa915e7a7aec7e9e .owl-dot:not(.active):hover span,\n.bullets-scale-up.products-carousel-shortcode.products-carousel-shortcode-id-92c8e113927a47efaa915e7a7aec7e9e .owl-dot.active span {\n  background: #8d847a;\n}\n.bullets-stroke.products-carousel-shortcode.products-carousel-shortcode-id-92c8e113927a47efaa915e7a7aec7e9e .owl-dot:not(.active):not(:hover) span {\n  background: #dbd6cc;\n}\n.bullets-stroke.products-carousel-shortcode.products-carousel-shortcode-id-92c8e113927a47efaa915e7a7aec7e9e .owl-dot:not(.active):hover span {\n  background: #8d847a;\n}\n.bullets-stroke.products-carousel-shortcode.products-carousel-shortcode-id-92c8e113927a47efaa915e7a7aec7e9e .owl-dot.active span {\n  box-shadow: 0 0 0 2px #8d847a;\n}\n.bullets-fill-in.products-carousel-shortcode.products-carousel-shortcode-id-92c8e113927a47efaa915e7a7aec7e9e .owl-dot:not(.active):not(:hover) span {\n  box-shadow: inset 0 0 0 2px #dbd6cc;\n}\n.bullets-fill-in.products-carousel-shortcode.products-carousel-shortcode-id-92c8e113927a47efaa915e7a7aec7e9e .owl-dot:not(.active):hover span {\n  box-shadow: inset 0 0 0 2px #8d847a;\n}\n.bullets-fill-in.products-carousel-shortcode.products-carousel-shortcode-id-92c8e113927a47efaa915e7a7aec7e9e .owl-dot.active span {\n  box-shadow: inset 0 0 0 20px #8d847a;\n}\n.bullets-small-dot-stroke.products-carousel-shortcode.products-carousel-shortcode-id-92c8e113927a47efaa915e7a7aec7e9e .owl-dot:not(.active):not(:hover) span {\n  background: #dbd6cc;\n}\n.bullets-small-dot-stroke.products-carousel-shortcode.products-carousel-shortcode-id-92c8e113927a47efaa915e7a7aec7e9e .owl-dot:not(.active):hover span,\n.bullets-small-dot-stroke.products-carousel-shortcode.products-carousel-shortcode-id-92c8e113927a47efaa915e7a7aec7e9e .owl-dot.active span {\n  background: #8d847a;\n}\n.bullets-small-dot-stroke.products-carousel-shortcode.products-carousel-shortcode-id-92c8e113927a47efaa915e7a7aec7e9e .owl-dot.active {\n  box-shadow: 0 0 0 2px #8d847a;\n}\n.bullets-ubax.products-carousel-shortcode.products-carousel-shortcode-id-92c8e113927a47efaa915e7a7aec7e9e .owl-dot span {\n  background: #dbd6cc;\n}\n.bullets-ubax.products-carousel-shortcode.products-carousel-shortcode-id-92c8e113927a47efaa915e7a7aec7e9e .owl-dot.active span {\n  border-color: #8d847a;\n}\n.bullets-ubax.products-carousel-shortcode.products-carousel-shortcode-id-92c8e113927a47efaa915e7a7aec7e9e .owl-dot:not(.active):hover span {\n  background: #8d847a;\n}\n.bullets-etefu.products-carousel-shortcode.products-carousel-shortcode-id-92c8e113927a47efaa915e7a7aec7e9e .owl-dot span {\n  background: #dbd6cc;\n}\n.bullets-etefu.products-carousel-shortcode.products-carousel-shortcode-id-92c8e113927a47efaa915e7a7aec7e9e .owl-dot:not(.active):hover span {\n  background: #8d847a;\n}\n.bullets-etefu.products-carousel-shortcode.products-carousel-shortcode-id-92c8e113927a47efaa915e7a7aec7e9e .owl-dot span:before {\n  background: #8d847a;\n}\n.accent-gradient .bullets-etefu.products-carousel-shortcode.products-carousel-shortcode-id-92c8e113927a47efaa915e7a7aec7e9e .owl-dot span:before {\n  background: #8d847a;\n}\n@media screen and (max-width: 778px) {\n  .products-carousel-shortcode.products-carousel-shortcode-id-92c8e113927a47efaa915e7a7aec7e9e.hide-arrows .owl-nav a {\n    display: none;\n  }\n}\n@media screen and (max-width: 778px) {\n  .products-carousel-shortcode.products-carousel-shortcode-id-92c8e113927a47efaa915e7a7aec7e9e.reposition-arrows .owl-nav .owl-prev {\n    top: 50%;\n    transform: translateY(calc(-50% + 0px));\n    left: 10px;\n  }\n  .products-carousel-shortcode.products-carousel-shortcode-id-92c8e113927a47efaa915e7a7aec7e9e.reposition-arrows .owl-nav .owl-next {\n    top: 50%;\n    transform: translateY(calc(-50% + 0px));\n    right: 10px;\n  }\n}\n@media screen and (max-width: 778px) and all and (-ms-high-contrast: none) {\n  .products-carousel-shortcode.products-carousel-shortcode-id-92c8e113927a47efaa915e7a7aec7e9e.reposition-arrows .owl-nav .owl-prev {\n    transform: translateY(-50%);\n    margin-top: 0px;\n  }\n}\n@media screen and (max-width: 778px) and all and (-ms-high-contrast: none) {\n  .products-carousel-shortcode.products-carousel-shortcode-id-92c8e113927a47efaa915e7a7aec7e9e.reposition-arrows .owl-nav .owl-next {\n    transform: translateY(-50%);\n    margin-top: 0px;\n  }\n}<\/style><div class=\"owl-carousel products-carousel-shortcode dt-owl-carousel-call products-carousel-shortcode-id-92c8e113927a47efaa915e7a7aec7e9e cart-btn-below-img bullets-ubax reposition-arrows arrows-bg-on dt-arrow-border-on dt-arrow-hover-border-on disable-arrows-hover-bg arrows-hover-bg-on  wc-img-hover hide-description hide-rating bordo_prodotti_correlati\" data-scroll-mode=\"1\" data-wide-col-num=\"4\" data-col-num=\"3\" data-laptop-col=\"3\" data-h-tablet-columns-num=\"3\" data-v-tablet-columns-num=\"2\" data-phone-columns-num=\"1\" data-auto-height=\"true\" data-col-gap=\"30\" data-stage-padding=\"0\" data-speed=\"600\" data-autoplay=\"false\" data-autoplay_speed=\"6000\" data-arrows=\"false\" data-bullet=\"true\" data-next-icon=\"icon-ar-017-r\" data-prev-icon=\"icon-ar-017-l\"><article class=\"post post-5941 product type-product status-publish has-post-thumbnail product_cat-styling-finishing-fr description-off first instock shipping-taxable product-type-simple\" ><figure class=\"woocom-project\">\n\t<div class=\"woo-buttons-on-img\">\n\n\t\t<a href=\"https:\/\/ekre.it\/fr\/prodotto\/tex-up-pomade-pate-modelante\/\" class=\"alignnone layzr-bg\"><img loading=\"lazy\" decoding=\"async\" width=\"300\" height=\"300\" src=\"data:image\/svg+xml;charset=utf-8,%3Csvg xmlns%3D&#039;http%3A%2F%2Fwww.w3.org%2F2000%2Fsvg&#039; viewBox%3D&#039;0 0 300 300&#039;%2F%3E\" class=\"attachment-woocommerce_thumbnail size-woocommerce_thumbnail owl-lazy-load preload-me\" alt=\"Tex up pomade - P\u00e2te modelante\" data-src=\"https:\/\/ekre.it\/wp-content\/uploads\/2024\/07\/43014_ekre_project_tex_up_pomade_100ml-300x300.png\" data-srcset=\"https:\/\/ekre.it\/wp-content\/uploads\/2024\/07\/43014_ekre_project_tex_up_pomade_100ml-300x300.png 300w, https:\/\/ekre.it\/wp-content\/uploads\/2024\/07\/43014_ekre_project_tex_up_pomade_100ml-150x150.png 150w, https:\/\/ekre.it\/wp-content\/uploads\/2024\/07\/43014_ekre_project_tex_up_pomade_100ml-768x768.png 768w, https:\/\/ekre.it\/wp-content\/uploads\/2024\/07\/43014_ekre_project_tex_up_pomade_100ml-600x600.png 600w, https:\/\/ekre.it\/wp-content\/uploads\/2024\/07\/43014_ekre_project_tex_up_pomade_100ml-200x200.png 200w, https:\/\/ekre.it\/wp-content\/uploads\/2024\/07\/43014_ekre_project_tex_up_pomade_100ml.png 800w\" \/><\/a>\n\t<\/div>\n\t<figcaption class=\"woocom-list-content\">\n\n\t\t<div class=\"woo-buttons\"><a href=\"https:\/\/ekre.it\/fr\/prodotto\/tex-up-pomade-pate-modelante\/\" aria-describedby=\"woocommerce_loop_add_to_cart_link_describedby_5941\" data-quantity=\"1\" class=\"product_type_simple ajax_add_to_cart\" data-product_id=\"5941\" data-product_sku=\"\" aria-label=\"En savoir plus sur &ldquo;Tex up pomade - P\u00e2te modelante&rdquo;\" rel=\"nofollow\" data-success_message=\"\">Lire la suite<\/a>\t<span id=\"woocommerce_loop_add_to_cart_link_describedby_5941\" class=\"screen-reader-text\">\n\t\t\t<\/span>\n<\/div>\n\t<\/figcaption>\n<\/figure>\n<\/article><article class=\"post post-5945 product type-product status-publish has-post-thumbnail product_cat-styling-finishing-fr description-off  instock featured shipping-taxable product-type-simple\" ><figure class=\"woocom-project\">\n\t<div class=\"woo-buttons-on-img\">\n\n\t\t<a href=\"https:\/\/ekre.it\/fr\/prodotto\/joy-water-wax\/\" class=\"alignnone layzr-bg\"><img loading=\"lazy\" decoding=\"async\" width=\"300\" height=\"300\" src=\"data:image\/svg+xml;charset=utf-8,%3Csvg xmlns%3D&#039;http%3A%2F%2Fwww.w3.org%2F2000%2Fsvg&#039; viewBox%3D&#039;0 0 300 300&#039;%2F%3E\" class=\"attachment-woocommerce_thumbnail size-woocommerce_thumbnail owl-lazy-load preload-me\" alt=\"Joy - Water wax\" data-src=\"https:\/\/ekre.it\/wp-content\/uploads\/2024\/05\/43005_ekre_project_water_wax_500ml-2-300x300.png\" data-srcset=\"https:\/\/ekre.it\/wp-content\/uploads\/2024\/05\/43005_ekre_project_water_wax_500ml-2-300x300.png 300w, https:\/\/ekre.it\/wp-content\/uploads\/2024\/05\/43005_ekre_project_water_wax_500ml-2-1024x1024.png 1024w, https:\/\/ekre.it\/wp-content\/uploads\/2024\/05\/43005_ekre_project_water_wax_500ml-2-150x150.png 150w, https:\/\/ekre.it\/wp-content\/uploads\/2024\/05\/43005_ekre_project_water_wax_500ml-2-768x768.png 768w, https:\/\/ekre.it\/wp-content\/uploads\/2024\/05\/43005_ekre_project_water_wax_500ml-2-1536x1536.png 1536w, https:\/\/ekre.it\/wp-content\/uploads\/2024\/05\/43005_ekre_project_water_wax_500ml-2-600x600.png 600w, https:\/\/ekre.it\/wp-content\/uploads\/2024\/05\/43005_ekre_project_water_wax_500ml-2-200x200.png 200w, https:\/\/ekre.it\/wp-content\/uploads\/2024\/05\/43005_ekre_project_water_wax_500ml-2.png 2000w\" \/><\/a>\n\t<\/div>\n\t<figcaption class=\"woocom-list-content\">\n\n\t\t<div class=\"woo-buttons\"><a href=\"https:\/\/ekre.it\/fr\/prodotto\/joy-water-wax\/\" aria-describedby=\"woocommerce_loop_add_to_cart_link_describedby_5945\" data-quantity=\"1\" class=\"product_type_simple ajax_add_to_cart\" data-product_id=\"5945\" data-product_sku=\"\" aria-label=\"En savoir plus sur &ldquo;Joy - Water wax&rdquo;\" rel=\"nofollow\" data-success_message=\"\">Lire la suite<\/a>\t<span id=\"woocommerce_loop_add_to_cart_link_describedby_5945\" class=\"screen-reader-text\">\n\t\t\t<\/span>\n<\/div>\n\t<\/figcaption>\n<\/figure>\n<\/article><article class=\"post post-5949 product type-product status-publish has-post-thumbnail product_cat-styling-finishing-fr description-off  instock shipping-taxable product-type-simple\" ><figure class=\"woocom-project\">\n\t<div class=\"woo-buttons-on-img\">\n\n\t\t<a href=\"https:\/\/ekre.it\/fr\/prodotto\/crazy-matt-cire-a-effet-opaque\/\" class=\"alignnone layzr-bg\"><img loading=\"lazy\" decoding=\"async\" width=\"300\" height=\"300\" src=\"data:image\/svg+xml;charset=utf-8,%3Csvg xmlns%3D&#039;http%3A%2F%2Fwww.w3.org%2F2000%2Fsvg&#039; viewBox%3D&#039;0 0 300 300&#039;%2F%3E\" class=\"attachment-woocommerce_thumbnail size-woocommerce_thumbnail owl-lazy-load preload-me\" alt=\"Crazy matt - Cire \u00e0 effet opaque\" data-src=\"https:\/\/ekre.it\/wp-content\/uploads\/2024\/08\/43004_ekre_project_matt_crazy_matt_wax_90ml-300x300.png\" data-srcset=\"https:\/\/ekre.it\/wp-content\/uploads\/2024\/08\/43004_ekre_project_matt_crazy_matt_wax_90ml-300x300.png 300w, https:\/\/ekre.it\/wp-content\/uploads\/2024\/08\/43004_ekre_project_matt_crazy_matt_wax_90ml-150x150.png 150w, https:\/\/ekre.it\/wp-content\/uploads\/2024\/08\/43004_ekre_project_matt_crazy_matt_wax_90ml-768x768.png 768w, https:\/\/ekre.it\/wp-content\/uploads\/2024\/08\/43004_ekre_project_matt_crazy_matt_wax_90ml-600x600.png 600w, https:\/\/ekre.it\/wp-content\/uploads\/2024\/08\/43004_ekre_project_matt_crazy_matt_wax_90ml-200x200.png 200w, https:\/\/ekre.it\/wp-content\/uploads\/2024\/08\/43004_ekre_project_matt_crazy_matt_wax_90ml.png 800w\" \/><\/a>\n\t<\/div>\n\t<figcaption class=\"woocom-list-content\">\n\n\t\t<div class=\"woo-buttons\"><a href=\"https:\/\/ekre.it\/fr\/prodotto\/crazy-matt-cire-a-effet-opaque\/\" aria-describedby=\"woocommerce_loop_add_to_cart_link_describedby_5949\" data-quantity=\"1\" class=\"product_type_simple ajax_add_to_cart\" data-product_id=\"5949\" data-product_sku=\"\" aria-label=\"En savoir plus sur &ldquo;Crazy matt - Cire \u00e0 effet opaque&rdquo;\" rel=\"nofollow\" data-success_message=\"\">Lire la suite<\/a>\t<span id=\"woocommerce_loop_add_to_cart_link_describedby_5949\" class=\"screen-reader-text\">\n\t\t\t<\/span>\n<\/div>\n\t<\/figcaption>\n<\/figure>\n<\/article><\/div>[\/vc_column][\/vc_row]\n<\/div>","protected":false},"excerpt":{"rendered":"<p><strong>Project Brilliance<\/strong> pure m\u00e8ne une action intense glossy et anti-frisottis et donne aux cheveux un aspect lumineux. Particuli\u00e8rement adapt\u00e9 \u00e0 la finition des coiffures, le spray Ekre souligne la <strong>beaut\u00e9 et la brillance<\/strong> des cheveux, en caract\u00e9risant la finition d\u2019une touche professionnelle.<\/p>\n<p>Dot\u00e9 d\u2019une composition riche en ingr\u00e9dients actifs fonctionnels, il aide \u00e0 rendre les <strong>cheveux faciles \u00e0 coiffer<\/strong>, doux et d\u00e9finis tous les jours. La formule l\u00e9g\u00e8re et douce ne laisse aucun r\u00e9sidu et n\u2019alourdit pas les cheveux.<\/p>\n<p>Format 300 ml<\/p>\n<p>&nbsp;<\/p>\n<p><b>Certifi\u00e9 VEGANOK, <\/b><span style=\"font-weight: 400;\">ce produit<\/span><b> ne comporte aucun ingr\u00e9dient d&#8217;origine animale et refl\u00e8te enti\u00e8rement les valeurs \u00e9thiques v\u00e9ganes.<\/b><br \/>\n<img loading=\"lazy\" decoding=\"async\" class=\"alignnone size-full wp-image-5185\" src=\"https:\/\/ekre.it\/wp-content\/uploads\/2021\/06\/vegan_3.png\" alt=\"\" width=\"60\" height=\"68\" \/><\/p>\n","protected":false},"featured_media":6903,"template":"","meta":[],"product_brand":[],"product_cat":[902],"product_tag":[],"class_list":{"0":"post-5957","1":"product","2":"type-product","3":"status-publish","4":"has-post-thumbnail","6":"product_cat-styling-finishing-fr","7":"description-off","9":"last","10":"instock","11":"shipping-taxable","12":"product-type-simple"},"yoast_head":"<!-- This site is optimized with the Yoast SEO plugin v26.7 - https:\/\/yoast.com\/wordpress\/plugins\/seo\/ -->\n<title>Brilliance - Spray brillance - Ekre - Be Natural<\/title>\n<meta name=\"robots\" content=\"index, follow, max-snippet:-1, max-image-preview:large, max-video-preview:-1\" \/>\n<link rel=\"canonical\" href=\"https:\/\/ekre.it\/fr\/prodotto\/brilliance-gloss-spray-brillance\/\" \/>\n<meta property=\"og:locale\" content=\"fr_FR\" \/>\n<meta property=\"og:type\" content=\"article\" \/>\n<meta property=\"og:title\" content=\"Brilliance - Spray brillance - Ekre - Be Natural\" \/>\n<meta property=\"og:description\" content=\"Project Brilliance pure m\u00e8ne une action intense glossy et anti-frisottis et donne aux cheveux un aspect lumineux. Particuli\u00e8rement adapt\u00e9 \u00e0 la finition des coiffures, le spray Ekre souligne la beaut\u00e9 et la brillance des cheveux, en caract\u00e9risant la finition d\u2019une touche professionnelle.  Dot\u00e9 d\u2019une composition riche en ingr\u00e9dients actifs fonctionnels, il aide \u00e0 rendre les cheveux faciles \u00e0 coiffer, doux et d\u00e9finis tous les jours. La formule l\u00e9g\u00e8re et douce ne laisse aucun r\u00e9sidu et n\u2019alourdit pas les cheveux.  Format 300 ml  &nbsp;  Certifi\u00e9 VEGANOK, ce produit ne comporte aucun ingr\u00e9dient d&#039;origine animale et refl\u00e8te enti\u00e8rement les valeurs \u00e9thiques v\u00e9ganes.\" \/>\n<meta property=\"og:url\" content=\"https:\/\/ekre.it\/fr\/prodotto\/brilliance-gloss-spray-brillance\/\" \/>\n<meta property=\"og:site_name\" content=\"Ekre - Be Natural\" \/>\n<meta property=\"article:modified_time\" content=\"2024-09-02T12:21:26+00:00\" \/>\n<meta property=\"og:image\" content=\"https:\/\/ekre.it\/wp-content\/uploads\/2024\/07\/43000_ekre_project_brillance_gloss_300ml.png\" \/>\n\t<meta property=\"og:image:width\" content=\"800\" \/>\n\t<meta property=\"og:image:height\" content=\"800\" \/>\n\t<meta property=\"og:image:type\" content=\"image\/png\" \/>\n<meta name=\"twitter:card\" content=\"summary_large_image\" \/>\n<meta name=\"twitter:label1\" content=\"Dur\u00e9e de lecture estim\u00e9e\" \/>\n\t<meta name=\"twitter:data1\" content=\"1 minute\" \/>\n<script type=\"application\/ld+json\" class=\"yoast-schema-graph\">{\"@context\":\"https:\/\/schema.org\",\"@graph\":[{\"@type\":\"WebPage\",\"@id\":\"https:\/\/ekre.it\/fr\/prodotto\/brilliance-gloss-spray-brillance\/\",\"url\":\"https:\/\/ekre.it\/fr\/prodotto\/brilliance-gloss-spray-brillance\/\",\"name\":\"Brilliance - Spray brillance - Ekre - Be Natural\",\"isPartOf\":{\"@id\":\"https:\/\/ekre.it\/fr\/#website\"},\"primaryImageOfPage\":{\"@id\":\"https:\/\/ekre.it\/fr\/prodotto\/brilliance-gloss-spray-brillance\/#primaryimage\"},\"image\":{\"@id\":\"https:\/\/ekre.it\/fr\/prodotto\/brilliance-gloss-spray-brillance\/#primaryimage\"},\"thumbnailUrl\":\"https:\/\/ekre.it\/wp-content\/uploads\/2024\/07\/43000_ekre_project_brillance_gloss_300ml.png\",\"datePublished\":\"2024-05-22T14:40:26+00:00\",\"dateModified\":\"2024-09-02T12:21:26+00:00\",\"breadcrumb\":{\"@id\":\"https:\/\/ekre.it\/fr\/prodotto\/brilliance-gloss-spray-brillance\/#breadcrumb\"},\"inLanguage\":\"fr-FR\",\"potentialAction\":[{\"@type\":\"ReadAction\",\"target\":[\"https:\/\/ekre.it\/fr\/prodotto\/brilliance-gloss-spray-brillance\/\"]}]},{\"@type\":\"ImageObject\",\"inLanguage\":\"fr-FR\",\"@id\":\"https:\/\/ekre.it\/fr\/prodotto\/brilliance-gloss-spray-brillance\/#primaryimage\",\"url\":\"https:\/\/ekre.it\/wp-content\/uploads\/2024\/07\/43000_ekre_project_brillance_gloss_300ml.png\",\"contentUrl\":\"https:\/\/ekre.it\/wp-content\/uploads\/2024\/07\/43000_ekre_project_brillance_gloss_300ml.png\",\"width\":800,\"height\":800},{\"@type\":\"BreadcrumbList\",\"@id\":\"https:\/\/ekre.it\/fr\/prodotto\/brilliance-gloss-spray-brillance\/#breadcrumb\",\"itemListElement\":[{\"@type\":\"ListItem\",\"position\":1,\"name\":\"Home\",\"item\":\"https:\/\/ekre.it\/fr\/home\/\"},{\"@type\":\"ListItem\",\"position\":2,\"name\":\"Produits\",\"item\":\"https:\/\/ekre.it\/fr\/shop\/\"},{\"@type\":\"ListItem\",\"position\":3,\"name\":\"Brilliance &#8211; Spray brillance\"}]},{\"@type\":\"WebSite\",\"@id\":\"https:\/\/ekre.it\/fr\/#website\",\"url\":\"https:\/\/ekre.it\/fr\/\",\"name\":\"Ekre - Be Natural\",\"description\":\"\",\"potentialAction\":[{\"@type\":\"SearchAction\",\"target\":{\"@type\":\"EntryPoint\",\"urlTemplate\":\"https:\/\/ekre.it\/fr\/?s={search_term_string}\"},\"query-input\":{\"@type\":\"PropertyValueSpecification\",\"valueRequired\":true,\"valueName\":\"search_term_string\"}}],\"inLanguage\":\"fr-FR\"}]}<\/script>\n<!-- \/ Yoast SEO plugin. -->","yoast_head_json":{"title":"Brilliance - Spray brillance - Ekre - Be Natural","robots":{"index":"index","follow":"follow","max-snippet":"max-snippet:-1","max-image-preview":"max-image-preview:large","max-video-preview":"max-video-preview:-1"},"canonical":"https:\/\/ekre.it\/fr\/prodotto\/brilliance-gloss-spray-brillance\/","og_locale":"fr_FR","og_type":"article","og_title":"Brilliance - Spray brillance - Ekre - Be Natural","og_description":"Project Brilliance pure m\u00e8ne une action intense glossy et anti-frisottis et donne aux cheveux un aspect lumineux. Particuli\u00e8rement adapt\u00e9 \u00e0 la finition des coiffures, le spray Ekre souligne la beaut\u00e9 et la brillance des cheveux, en caract\u00e9risant la finition d\u2019une touche professionnelle.  Dot\u00e9 d\u2019une composition riche en ingr\u00e9dients actifs fonctionnels, il aide \u00e0 rendre les cheveux faciles \u00e0 coiffer, doux et d\u00e9finis tous les jours. La formule l\u00e9g\u00e8re et douce ne laisse aucun r\u00e9sidu et n\u2019alourdit pas les cheveux.  Format 300 ml  &nbsp;  Certifi\u00e9 VEGANOK, ce produit ne comporte aucun ingr\u00e9dient d'origine animale et refl\u00e8te enti\u00e8rement les valeurs \u00e9thiques v\u00e9ganes.","og_url":"https:\/\/ekre.it\/fr\/prodotto\/brilliance-gloss-spray-brillance\/","og_site_name":"Ekre - Be Natural","article_modified_time":"2024-09-02T12:21:26+00:00","og_image":[{"width":800,"height":800,"url":"https:\/\/ekre.it\/wp-content\/uploads\/2024\/07\/43000_ekre_project_brillance_gloss_300ml.png","type":"image\/png"}],"twitter_card":"summary_large_image","twitter_misc":{"Dur\u00e9e de lecture estim\u00e9e":"1 minute"},"schema":{"@context":"https:\/\/schema.org","@graph":[{"@type":"WebPage","@id":"https:\/\/ekre.it\/fr\/prodotto\/brilliance-gloss-spray-brillance\/","url":"https:\/\/ekre.it\/fr\/prodotto\/brilliance-gloss-spray-brillance\/","name":"Brilliance - Spray brillance - Ekre - Be Natural","isPartOf":{"@id":"https:\/\/ekre.it\/fr\/#website"},"primaryImageOfPage":{"@id":"https:\/\/ekre.it\/fr\/prodotto\/brilliance-gloss-spray-brillance\/#primaryimage"},"image":{"@id":"https:\/\/ekre.it\/fr\/prodotto\/brilliance-gloss-spray-brillance\/#primaryimage"},"thumbnailUrl":"https:\/\/ekre.it\/wp-content\/uploads\/2024\/07\/43000_ekre_project_brillance_gloss_300ml.png","datePublished":"2024-05-22T14:40:26+00:00","dateModified":"2024-09-02T12:21:26+00:00","breadcrumb":{"@id":"https:\/\/ekre.it\/fr\/prodotto\/brilliance-gloss-spray-brillance\/#breadcrumb"},"inLanguage":"fr-FR","potentialAction":[{"@type":"ReadAction","target":["https:\/\/ekre.it\/fr\/prodotto\/brilliance-gloss-spray-brillance\/"]}]},{"@type":"ImageObject","inLanguage":"fr-FR","@id":"https:\/\/ekre.it\/fr\/prodotto\/brilliance-gloss-spray-brillance\/#primaryimage","url":"https:\/\/ekre.it\/wp-content\/uploads\/2024\/07\/43000_ekre_project_brillance_gloss_300ml.png","contentUrl":"https:\/\/ekre.it\/wp-content\/uploads\/2024\/07\/43000_ekre_project_brillance_gloss_300ml.png","width":800,"height":800},{"@type":"BreadcrumbList","@id":"https:\/\/ekre.it\/fr\/prodotto\/brilliance-gloss-spray-brillance\/#breadcrumb","itemListElement":[{"@type":"ListItem","position":1,"name":"Home","item":"https:\/\/ekre.it\/fr\/home\/"},{"@type":"ListItem","position":2,"name":"Produits","item":"https:\/\/ekre.it\/fr\/shop\/"},{"@type":"ListItem","position":3,"name":"Brilliance &#8211; Spray brillance"}]},{"@type":"WebSite","@id":"https:\/\/ekre.it\/fr\/#website","url":"https:\/\/ekre.it\/fr\/","name":"Ekre - Be Natural","description":"","potentialAction":[{"@type":"SearchAction","target":{"@type":"EntryPoint","urlTemplate":"https:\/\/ekre.it\/fr\/?s={search_term_string}"},"query-input":{"@type":"PropertyValueSpecification","valueRequired":true,"valueName":"search_term_string"}}],"inLanguage":"fr-FR"}]}},"_links":{"self":[{"href":"https:\/\/ekre.it\/fr\/wp-json\/wp\/v2\/product\/5957","targetHints":{"allow":["GET"]}}],"collection":[{"href":"https:\/\/ekre.it\/fr\/wp-json\/wp\/v2\/product"}],"about":[{"href":"https:\/\/ekre.it\/fr\/wp-json\/wp\/v2\/types\/product"}],"wp:featuredmedia":[{"embeddable":true,"href":"https:\/\/ekre.it\/fr\/wp-json\/wp\/v2\/media\/6903"}],"wp:attachment":[{"href":"https:\/\/ekre.it\/fr\/wp-json\/wp\/v2\/media?parent=5957"}],"wp:term":[{"taxonomy":"product_brand","embeddable":true,"href":"https:\/\/ekre.it\/fr\/wp-json\/wp\/v2\/product_brand?post=5957"},{"taxonomy":"product_cat","embeddable":true,"href":"https:\/\/ekre.it\/fr\/wp-json\/wp\/v2\/product_cat?post=5957"},{"taxonomy":"product_tag","embeddable":true,"href":"https:\/\/ekre.it\/fr\/wp-json\/wp\/v2\/product_tag?post=5957"}],"curies":[{"name":"wp","href":"https:\/\/api.w.org\/{rel}","templated":true}]}}