{"id":5973,"date":"2024-05-22T16:40:25","date_gmt":"2024-05-22T14:40:25","guid":{"rendered":"https:\/\/ekre.it\/prodotto\/laque-ecologique-volumisante\/"},"modified":"2024-10-30T14:18:58","modified_gmt":"2024-10-30T13:18:58","slug":"laque-ecologique-volumisante","status":"publish","type":"product","link":"https:\/\/ekre.it\/fr\/prodotto\/laque-ecologique-volumisante\/","title":{"rendered":"Dreamy &#8211; Laque \u00e9cologique volumisante"},"content":{"rendered":"<div class=\"wpb-content-wrapper\">[vc_row el_class=&#8221;bordo_benefici&#8221;][vc_column][vc_column_text css=&#8221;&#8221;]\n<h2 style=\"text-align: left;\">Avantages<\/h2>\n<ul>\n<li><strong>Mod\u00e8le et donne forme<\/strong> \u00e0 la coiffure<\/li>\n<li>Assure une <strong>fixation naturelle<\/strong><\/li>\n<li>Rend les <strong>cheveux brillants, souples et doux<\/strong><\/li>\n<li><strong>Ne laisse<\/strong> aucun r\u00e9sidu ni n\u2019alourdit les cheveux<\/li>\n<li><strong>S\u2019\u00e9limine<\/strong> en quelques coups de brosse<\/li>\n<\/ul>\n[\/vc_column_text][\/vc_column][\/vc_row][vc_row][vc_column][vc_empty_space height=&#8221;80px&#8221;][\/vc_column][\/vc_row][vc_row][vc_column][vc_column_text css=&#8221;&#8221;]\n<h2 style=\"text-align: center;\">Produits en vedette<\/h2>\n[\/vc_column_text]<style type=\"text\/css\" data-type=\"the7_shortcodes-inline-css\">.products-carousel-shortcode.products-carousel-shortcode-id-0d7f2ad0f34a304e6b5fd97cf46ae51d.owl-carousel .owl-nav div {\n  width: 36px;\n  height: 36px;\n  border-radius: 500px;\n}\n.dt-arrow-border-on.products-carousel-shortcode.products-carousel-shortcode-id-0d7f2ad0f34a304e6b5fd97cf46ae51d.owl-carousel .owl-nav div:not(:hover):before {\n  border-width: 0px;\n}\n.dt-arrow-hover-border-on.products-carousel-shortcode.products-carousel-shortcode-id-0d7f2ad0f34a304e6b5fd97cf46ae51d.owl-carousel .owl-nav div:hover:after {\n  border-width: 0px;\n}\n.products-carousel-shortcode.products-carousel-shortcode-id-0d7f2ad0f34a304e6b5fd97cf46ae51d.owl-carousel .owl-nav div.owl-prev {\n  top: 50%;\n  transform: translateY(calc(-50% + 0px));\n  left: -43px;\n}\n@media all and (-ms-high-contrast: none) {\n  .products-carousel-shortcode.products-carousel-shortcode-id-0d7f2ad0f34a304e6b5fd97cf46ae51d.owl-carousel .owl-nav div.owl-prev {\n    transform: translateY(-50%);\n    margin-top: 0px;\n  }\n}\n.products-carousel-shortcode.products-carousel-shortcode-id-0d7f2ad0f34a304e6b5fd97cf46ae51d.owl-carousel .owl-nav div.owl-prev i {\n  padding: 0px 0px 0px 0px;\n}\n.products-carousel-shortcode.products-carousel-shortcode-id-0d7f2ad0f34a304e6b5fd97cf46ae51d.owl-carousel .owl-nav div.owl-next {\n  top: 50%;\n  transform: translateY(calc(-50% + 0px));\n  right: -43px;\n}\n@media all and (-ms-high-contrast: none) {\n  .products-carousel-shortcode.products-carousel-shortcode-id-0d7f2ad0f34a304e6b5fd97cf46ae51d.owl-carousel .owl-nav div.owl-next {\n    transform: translateY(-50%);\n    margin-top: 0px;\n  }\n}\n.products-carousel-shortcode.products-carousel-shortcode-id-0d7f2ad0f34a304e6b5fd97cf46ae51d.owl-carousel .owl-nav div.owl-next i {\n  padding: 0px 0px 0px 0px;\n}\n.products-carousel-shortcode.products-carousel-shortcode-id-0d7f2ad0f34a304e6b5fd97cf46ae51d.owl-carousel .owl-nav i {\n  font-size: 18px;\n}\n.products-carousel-shortcode.products-carousel-shortcode-id-0d7f2ad0f34a304e6b5fd97cf46ae51d.owl-carousel .owl-nav div:not(:hover) i,\n.products-carousel-shortcode.products-carousel-shortcode-id-0d7f2ad0f34a304e6b5fd97cf46ae51d.owl-carousel .owl-nav div:not(:hover) i:before {\n  color: #ffffff;\n  background: none;\n}\n.products-carousel-shortcode.products-carousel-shortcode-id-0d7f2ad0f34a304e6b5fd97cf46ae51d.owl-carousel .owl-nav div:hover i,\n.products-carousel-shortcode.products-carousel-shortcode-id-0d7f2ad0f34a304e6b5fd97cf46ae51d.owl-carousel .owl-nav div:hover i:before {\n  color: rgba(255,255,255,0.75);\n  background: none;\n}\n.products-carousel-shortcode.products-carousel-shortcode-id-0d7f2ad0f34a304e6b5fd97cf46ae51d .owl-dots {\n  top: calc(100% + 20px);\n  left: 50%;\n  transform: translateX(calc(-50% + 0px));\n}\n@media all and (-ms-high-contrast: none) {\n  .products-carousel-shortcode.products-carousel-shortcode-id-0d7f2ad0f34a304e6b5fd97cf46ae51d .owl-dots {\n    transform: translateX(-50%);\n    margin-left: 0px;\n  }\n}\n.products-carousel-shortcode.products-carousel-shortcode-id-0d7f2ad0f34a304e6b5fd97cf46ae51d .owl-dot {\n  width: 10px;\n  height: 10px;\n  margin: 0 8px;\n}\n.bullets-scale-up.products-carousel-shortcode.products-carousel-shortcode-id-0d7f2ad0f34a304e6b5fd97cf46ae51d .owl-dot:not(.active):not(:hover) span {\n  background: #dbd6cc;\n}\n.bullets-scale-up.products-carousel-shortcode.products-carousel-shortcode-id-0d7f2ad0f34a304e6b5fd97cf46ae51d .owl-dot:not(.active):hover span,\n.bullets-scale-up.products-carousel-shortcode.products-carousel-shortcode-id-0d7f2ad0f34a304e6b5fd97cf46ae51d .owl-dot.active span {\n  background: #8d847a;\n}\n.bullets-stroke.products-carousel-shortcode.products-carousel-shortcode-id-0d7f2ad0f34a304e6b5fd97cf46ae51d .owl-dot:not(.active):not(:hover) span {\n  background: #dbd6cc;\n}\n.bullets-stroke.products-carousel-shortcode.products-carousel-shortcode-id-0d7f2ad0f34a304e6b5fd97cf46ae51d .owl-dot:not(.active):hover span {\n  background: #8d847a;\n}\n.bullets-stroke.products-carousel-shortcode.products-carousel-shortcode-id-0d7f2ad0f34a304e6b5fd97cf46ae51d .owl-dot.active span {\n  box-shadow: 0 0 0 2px #8d847a;\n}\n.bullets-fill-in.products-carousel-shortcode.products-carousel-shortcode-id-0d7f2ad0f34a304e6b5fd97cf46ae51d .owl-dot:not(.active):not(:hover) span {\n  box-shadow: inset 0 0 0 2px #dbd6cc;\n}\n.bullets-fill-in.products-carousel-shortcode.products-carousel-shortcode-id-0d7f2ad0f34a304e6b5fd97cf46ae51d .owl-dot:not(.active):hover span {\n  box-shadow: inset 0 0 0 2px #8d847a;\n}\n.bullets-fill-in.products-carousel-shortcode.products-carousel-shortcode-id-0d7f2ad0f34a304e6b5fd97cf46ae51d .owl-dot.active span {\n  box-shadow: inset 0 0 0 20px #8d847a;\n}\n.bullets-small-dot-stroke.products-carousel-shortcode.products-carousel-shortcode-id-0d7f2ad0f34a304e6b5fd97cf46ae51d .owl-dot:not(.active):not(:hover) span {\n  background: #dbd6cc;\n}\n.bullets-small-dot-stroke.products-carousel-shortcode.products-carousel-shortcode-id-0d7f2ad0f34a304e6b5fd97cf46ae51d .owl-dot:not(.active):hover span,\n.bullets-small-dot-stroke.products-carousel-shortcode.products-carousel-shortcode-id-0d7f2ad0f34a304e6b5fd97cf46ae51d .owl-dot.active span {\n  background: #8d847a;\n}\n.bullets-small-dot-stroke.products-carousel-shortcode.products-carousel-shortcode-id-0d7f2ad0f34a304e6b5fd97cf46ae51d .owl-dot.active {\n  box-shadow: 0 0 0 2px #8d847a;\n}\n.bullets-ubax.products-carousel-shortcode.products-carousel-shortcode-id-0d7f2ad0f34a304e6b5fd97cf46ae51d .owl-dot span {\n  background: #dbd6cc;\n}\n.bullets-ubax.products-carousel-shortcode.products-carousel-shortcode-id-0d7f2ad0f34a304e6b5fd97cf46ae51d .owl-dot.active span {\n  border-color: #8d847a;\n}\n.bullets-ubax.products-carousel-shortcode.products-carousel-shortcode-id-0d7f2ad0f34a304e6b5fd97cf46ae51d .owl-dot:not(.active):hover span {\n  background: #8d847a;\n}\n.bullets-etefu.products-carousel-shortcode.products-carousel-shortcode-id-0d7f2ad0f34a304e6b5fd97cf46ae51d .owl-dot span {\n  background: #dbd6cc;\n}\n.bullets-etefu.products-carousel-shortcode.products-carousel-shortcode-id-0d7f2ad0f34a304e6b5fd97cf46ae51d .owl-dot:not(.active):hover span {\n  background: #8d847a;\n}\n.bullets-etefu.products-carousel-shortcode.products-carousel-shortcode-id-0d7f2ad0f34a304e6b5fd97cf46ae51d .owl-dot span:before {\n  background: #8d847a;\n}\n.accent-gradient .bullets-etefu.products-carousel-shortcode.products-carousel-shortcode-id-0d7f2ad0f34a304e6b5fd97cf46ae51d .owl-dot span:before {\n  background: #8d847a;\n}\n@media screen and (max-width: 778px) {\n  .products-carousel-shortcode.products-carousel-shortcode-id-0d7f2ad0f34a304e6b5fd97cf46ae51d.hide-arrows .owl-nav a {\n    display: none;\n  }\n}\n@media screen and (max-width: 778px) {\n  .products-carousel-shortcode.products-carousel-shortcode-id-0d7f2ad0f34a304e6b5fd97cf46ae51d.reposition-arrows .owl-nav .owl-prev {\n    top: 50%;\n    transform: translateY(calc(-50% + 0px));\n    left: 10px;\n  }\n  .products-carousel-shortcode.products-carousel-shortcode-id-0d7f2ad0f34a304e6b5fd97cf46ae51d.reposition-arrows .owl-nav .owl-next {\n    top: 50%;\n    transform: translateY(calc(-50% + 0px));\n    right: 10px;\n  }\n}\n@media screen and (max-width: 778px) and all and (-ms-high-contrast: none) {\n  .products-carousel-shortcode.products-carousel-shortcode-id-0d7f2ad0f34a304e6b5fd97cf46ae51d.reposition-arrows .owl-nav .owl-prev {\n    transform: translateY(-50%);\n    margin-top: 0px;\n  }\n}\n@media screen and (max-width: 778px) and all and (-ms-high-contrast: none) {\n  .products-carousel-shortcode.products-carousel-shortcode-id-0d7f2ad0f34a304e6b5fd97cf46ae51d.reposition-arrows .owl-nav .owl-next {\n    transform: translateY(-50%);\n    margin-top: 0px;\n  }\n}<\/style><div class=\"owl-carousel products-carousel-shortcode dt-owl-carousel-call products-carousel-shortcode-id-0d7f2ad0f34a304e6b5fd97cf46ae51d cart-btn-below-img bullets-ubax reposition-arrows arrows-bg-on dt-arrow-border-on dt-arrow-hover-border-on disable-arrows-hover-bg arrows-hover-bg-on  wc-img-hover hide-description hide-rating bordo_prodotti_correlati\" data-scroll-mode=\"1\" data-wide-col-num=\"4\" data-col-num=\"3\" data-laptop-col=\"3\" data-h-tablet-columns-num=\"3\" data-v-tablet-columns-num=\"2\" data-phone-columns-num=\"1\" data-auto-height=\"true\" data-col-gap=\"30\" data-stage-padding=\"0\" data-speed=\"600\" data-autoplay=\"false\" data-autoplay_speed=\"6000\" data-arrows=\"false\" data-bullet=\"true\" data-next-icon=\"icon-ar-017-r\" data-prev-icon=\"icon-ar-017-l\"><article class=\"post post-5941 product type-product status-publish has-post-thumbnail product_cat-styling-finishing-fr description-off first instock shipping-taxable product-type-simple\" ><figure class=\"woocom-project\">\n\t<div class=\"woo-buttons-on-img\">\n\n\t\t<a href=\"https:\/\/ekre.it\/fr\/prodotto\/tex-up-pomade-pate-modelante\/\" class=\"alignnone layzr-bg\"><img loading=\"lazy\" decoding=\"async\" width=\"300\" height=\"300\" src=\"data:image\/svg+xml;charset=utf-8,%3Csvg xmlns%3D&#039;http%3A%2F%2Fwww.w3.org%2F2000%2Fsvg&#039; viewBox%3D&#039;0 0 300 300&#039;%2F%3E\" class=\"attachment-woocommerce_thumbnail size-woocommerce_thumbnail owl-lazy-load preload-me\" alt=\"Tex up pomade - P\u00e2te modelante\" data-src=\"https:\/\/ekre.it\/wp-content\/uploads\/2024\/07\/43014_ekre_project_tex_up_pomade_100ml-300x300.png\" data-srcset=\"https:\/\/ekre.it\/wp-content\/uploads\/2024\/07\/43014_ekre_project_tex_up_pomade_100ml-300x300.png 300w, https:\/\/ekre.it\/wp-content\/uploads\/2024\/07\/43014_ekre_project_tex_up_pomade_100ml-150x150.png 150w, https:\/\/ekre.it\/wp-content\/uploads\/2024\/07\/43014_ekre_project_tex_up_pomade_100ml-768x768.png 768w, https:\/\/ekre.it\/wp-content\/uploads\/2024\/07\/43014_ekre_project_tex_up_pomade_100ml-600x600.png 600w, https:\/\/ekre.it\/wp-content\/uploads\/2024\/07\/43014_ekre_project_tex_up_pomade_100ml-200x200.png 200w, https:\/\/ekre.it\/wp-content\/uploads\/2024\/07\/43014_ekre_project_tex_up_pomade_100ml.png 800w\" \/><\/a>\n\t<\/div>\n\t<figcaption class=\"woocom-list-content\">\n\n\t\t<div class=\"woo-buttons\"><a href=\"https:\/\/ekre.it\/fr\/prodotto\/tex-up-pomade-pate-modelante\/\" aria-describedby=\"woocommerce_loop_add_to_cart_link_describedby_5941\" data-quantity=\"1\" class=\"product_type_simple ajax_add_to_cart\" data-product_id=\"5941\" data-product_sku=\"\" aria-label=\"En savoir plus sur &ldquo;Tex up pomade - P\u00e2te modelante&rdquo;\" rel=\"nofollow\" data-success_message=\"\">Lire la suite<\/a>\t<span id=\"woocommerce_loop_add_to_cart_link_describedby_5941\" class=\"screen-reader-text\">\n\t\t\t<\/span>\n<\/div>\n\t<\/figcaption>\n<\/figure>\n<\/article><article class=\"post post-5945 product type-product status-publish has-post-thumbnail product_cat-styling-finishing-fr description-off  instock featured shipping-taxable product-type-simple\" ><figure class=\"woocom-project\">\n\t<div class=\"woo-buttons-on-img\">\n\n\t\t<a href=\"https:\/\/ekre.it\/fr\/prodotto\/joy-water-wax\/\" class=\"alignnone layzr-bg\"><img loading=\"lazy\" decoding=\"async\" width=\"300\" height=\"300\" src=\"data:image\/svg+xml;charset=utf-8,%3Csvg xmlns%3D&#039;http%3A%2F%2Fwww.w3.org%2F2000%2Fsvg&#039; viewBox%3D&#039;0 0 300 300&#039;%2F%3E\" class=\"attachment-woocommerce_thumbnail size-woocommerce_thumbnail owl-lazy-load preload-me\" alt=\"Joy - Water wax\" data-src=\"https:\/\/ekre.it\/wp-content\/uploads\/2024\/05\/43005_ekre_project_water_wax_500ml-2-300x300.png\" data-srcset=\"https:\/\/ekre.it\/wp-content\/uploads\/2024\/05\/43005_ekre_project_water_wax_500ml-2-300x300.png 300w, https:\/\/ekre.it\/wp-content\/uploads\/2024\/05\/43005_ekre_project_water_wax_500ml-2-1024x1024.png 1024w, https:\/\/ekre.it\/wp-content\/uploads\/2024\/05\/43005_ekre_project_water_wax_500ml-2-150x150.png 150w, https:\/\/ekre.it\/wp-content\/uploads\/2024\/05\/43005_ekre_project_water_wax_500ml-2-768x768.png 768w, https:\/\/ekre.it\/wp-content\/uploads\/2024\/05\/43005_ekre_project_water_wax_500ml-2-1536x1536.png 1536w, https:\/\/ekre.it\/wp-content\/uploads\/2024\/05\/43005_ekre_project_water_wax_500ml-2-600x600.png 600w, https:\/\/ekre.it\/wp-content\/uploads\/2024\/05\/43005_ekre_project_water_wax_500ml-2-200x200.png 200w, https:\/\/ekre.it\/wp-content\/uploads\/2024\/05\/43005_ekre_project_water_wax_500ml-2.png 2000w\" \/><\/a>\n\t<\/div>\n\t<figcaption class=\"woocom-list-content\">\n\n\t\t<div class=\"woo-buttons\"><a href=\"https:\/\/ekre.it\/fr\/prodotto\/joy-water-wax\/\" aria-describedby=\"woocommerce_loop_add_to_cart_link_describedby_5945\" data-quantity=\"1\" class=\"product_type_simple ajax_add_to_cart\" data-product_id=\"5945\" data-product_sku=\"\" aria-label=\"En savoir plus sur &ldquo;Joy - Water wax&rdquo;\" rel=\"nofollow\" data-success_message=\"\">Lire la suite<\/a>\t<span id=\"woocommerce_loop_add_to_cart_link_describedby_5945\" class=\"screen-reader-text\">\n\t\t\t<\/span>\n<\/div>\n\t<\/figcaption>\n<\/figure>\n<\/article><article class=\"post post-5949 product type-product status-publish has-post-thumbnail product_cat-styling-finishing-fr description-off  instock shipping-taxable product-type-simple\" ><figure class=\"woocom-project\">\n\t<div class=\"woo-buttons-on-img\">\n\n\t\t<a href=\"https:\/\/ekre.it\/fr\/prodotto\/crazy-matt-cire-a-effet-opaque\/\" class=\"alignnone layzr-bg\"><img loading=\"lazy\" decoding=\"async\" width=\"300\" height=\"300\" src=\"data:image\/svg+xml;charset=utf-8,%3Csvg xmlns%3D&#039;http%3A%2F%2Fwww.w3.org%2F2000%2Fsvg&#039; viewBox%3D&#039;0 0 300 300&#039;%2F%3E\" class=\"attachment-woocommerce_thumbnail size-woocommerce_thumbnail owl-lazy-load preload-me\" alt=\"Crazy matt - Cire \u00e0 effet opaque\" data-src=\"https:\/\/ekre.it\/wp-content\/uploads\/2024\/08\/43004_ekre_project_matt_crazy_matt_wax_90ml-300x300.png\" data-srcset=\"https:\/\/ekre.it\/wp-content\/uploads\/2024\/08\/43004_ekre_project_matt_crazy_matt_wax_90ml-300x300.png 300w, https:\/\/ekre.it\/wp-content\/uploads\/2024\/08\/43004_ekre_project_matt_crazy_matt_wax_90ml-150x150.png 150w, https:\/\/ekre.it\/wp-content\/uploads\/2024\/08\/43004_ekre_project_matt_crazy_matt_wax_90ml-768x768.png 768w, https:\/\/ekre.it\/wp-content\/uploads\/2024\/08\/43004_ekre_project_matt_crazy_matt_wax_90ml-600x600.png 600w, https:\/\/ekre.it\/wp-content\/uploads\/2024\/08\/43004_ekre_project_matt_crazy_matt_wax_90ml-200x200.png 200w, https:\/\/ekre.it\/wp-content\/uploads\/2024\/08\/43004_ekre_project_matt_crazy_matt_wax_90ml.png 800w\" \/><\/a>\n\t<\/div>\n\t<figcaption class=\"woocom-list-content\">\n\n\t\t<div class=\"woo-buttons\"><a href=\"https:\/\/ekre.it\/fr\/prodotto\/crazy-matt-cire-a-effet-opaque\/\" aria-describedby=\"woocommerce_loop_add_to_cart_link_describedby_5949\" data-quantity=\"1\" class=\"product_type_simple ajax_add_to_cart\" data-product_id=\"5949\" data-product_sku=\"\" aria-label=\"En savoir plus sur &ldquo;Crazy matt - Cire \u00e0 effet opaque&rdquo;\" rel=\"nofollow\" data-success_message=\"\">Lire la suite<\/a>\t<span id=\"woocommerce_loop_add_to_cart_link_describedby_5949\" class=\"screen-reader-text\">\n\t\t\t<\/span>\n<\/div>\n\t<\/figcaption>\n<\/figure>\n<\/article><\/div>[\/vc_column][\/vc_row]\n<\/div>","protected":false},"excerpt":{"rendered":"<p><strong>Dreamy laque \u00e9cologique<\/strong> est le produit optimal pour tous les besoins de finition dans les salons. Avec une application facile et gr\u00e2ce \u00e0 quelques gestes, il permet au professionnel de <strong>modeler et diriger<\/strong> la coiffure, en assurant une longue tenue.<\/p>\n<p>Con\u00e7ue pour cr\u00e9er des looks innovants et faire tenir toutes les techniques de coiffage, il s\u00e8che rapidement, laissant les <strong>cheveux brillants, doux et souples<\/strong>. En vaporisant la laque \u00e9cologique sur la chevelure, il donne de la consistance \u00e0 la coiffure d\u00e9sir\u00e9e et prot\u00e8ge les cheveux de<strong> l&#8217;action de l&#8217;humidit\u00e9<\/strong>. S\u2019\u00e9limine en quelques coups de brosse. Il n\u2019alourdit pas ni ne laisse de r\u00e9sidus sur les cheveux. Elle peut \u00eatre utilis\u00e9e sur cheveux secs ou mouill\u00e9s. Formule sans gaz.<\/p>\n<p>Format 400 ml<\/p>\n","protected":false},"featured_media":7072,"template":"","meta":[],"product_brand":[],"product_cat":[902],"product_tag":[],"class_list":{"0":"post-5973","1":"product","2":"type-product","3":"status-publish","4":"has-post-thumbnail","6":"product_cat-styling-finishing-fr","7":"description-off","9":"last","10":"instock","11":"shipping-taxable","12":"product-type-simple"},"yoast_head":"<!-- This site is optimized with the Yoast SEO plugin v26.7 - https:\/\/yoast.com\/wordpress\/plugins\/seo\/ -->\n<title>Dreamy - Laque \u00e9cologique volumisante - Ekre - Be Natural<\/title>\n<meta name=\"robots\" content=\"index, follow, max-snippet:-1, max-image-preview:large, max-video-preview:-1\" \/>\n<link rel=\"canonical\" href=\"https:\/\/ekre.it\/fr\/prodotto\/laque-ecologique-volumisante\/\" \/>\n<meta property=\"og:locale\" content=\"fr_FR\" \/>\n<meta property=\"og:type\" content=\"article\" \/>\n<meta property=\"og:title\" content=\"Dreamy - Laque \u00e9cologique volumisante - Ekre - Be Natural\" \/>\n<meta property=\"og:description\" content=\"Dreamy laque \u00e9cologique est le produit optimal pour tous les besoins de finition dans les salons. Avec une application facile et gr\u00e2ce \u00e0 quelques gestes, il permet au professionnel de modeler et diriger la coiffure, en assurant une longue tenue.  Con\u00e7ue pour cr\u00e9er des looks innovants et faire tenir toutes les techniques de coiffage, il s\u00e8che rapidement, laissant les cheveux brillants, doux et souples. En vaporisant la laque \u00e9cologique sur la chevelure, il donne de la consistance \u00e0 la coiffure d\u00e9sir\u00e9e et prot\u00e8ge les cheveux de l&#039;action de l&#039;humidit\u00e9. S\u2019\u00e9limine en quelques coups de brosse. Il n\u2019alourdit pas ni ne laisse de r\u00e9sidus sur les cheveux. Elle peut \u00eatre utilis\u00e9e sur cheveux secs ou mouill\u00e9s. Formule sans gaz.  Format 400 ml\" \/>\n<meta property=\"og:url\" content=\"https:\/\/ekre.it\/fr\/prodotto\/laque-ecologique-volumisante\/\" \/>\n<meta property=\"og:site_name\" content=\"Ekre - Be Natural\" \/>\n<meta property=\"article:modified_time\" content=\"2024-10-30T13:18:58+00:00\" \/>\n<meta property=\"og:image\" content=\"https:\/\/ekre.it\/wp-content\/uploads\/2024\/05\/ekre_project_dreamy_no_gas_400ml.png\" \/>\n\t<meta property=\"og:image:width\" content=\"800\" \/>\n\t<meta property=\"og:image:height\" content=\"800\" \/>\n\t<meta property=\"og:image:type\" content=\"image\/png\" \/>\n<meta name=\"twitter:card\" content=\"summary_large_image\" \/>\n<meta name=\"twitter:label1\" content=\"Dur\u00e9e de lecture estim\u00e9e\" \/>\n\t<meta name=\"twitter:data1\" content=\"1 minute\" \/>\n<script type=\"application\/ld+json\" class=\"yoast-schema-graph\">{\"@context\":\"https:\/\/schema.org\",\"@graph\":[{\"@type\":\"WebPage\",\"@id\":\"https:\/\/ekre.it\/fr\/prodotto\/laque-ecologique-volumisante\/\",\"url\":\"https:\/\/ekre.it\/fr\/prodotto\/laque-ecologique-volumisante\/\",\"name\":\"Dreamy - Laque \u00e9cologique volumisante - Ekre - Be Natural\",\"isPartOf\":{\"@id\":\"https:\/\/ekre.it\/fr\/#website\"},\"primaryImageOfPage\":{\"@id\":\"https:\/\/ekre.it\/fr\/prodotto\/laque-ecologique-volumisante\/#primaryimage\"},\"image\":{\"@id\":\"https:\/\/ekre.it\/fr\/prodotto\/laque-ecologique-volumisante\/#primaryimage\"},\"thumbnailUrl\":\"https:\/\/ekre.it\/wp-content\/uploads\/2024\/05\/ekre_project_dreamy_no_gas_400ml.png\",\"datePublished\":\"2024-05-22T14:40:25+00:00\",\"dateModified\":\"2024-10-30T13:18:58+00:00\",\"breadcrumb\":{\"@id\":\"https:\/\/ekre.it\/fr\/prodotto\/laque-ecologique-volumisante\/#breadcrumb\"},\"inLanguage\":\"fr-FR\",\"potentialAction\":[{\"@type\":\"ReadAction\",\"target\":[\"https:\/\/ekre.it\/fr\/prodotto\/laque-ecologique-volumisante\/\"]}]},{\"@type\":\"ImageObject\",\"inLanguage\":\"fr-FR\",\"@id\":\"https:\/\/ekre.it\/fr\/prodotto\/laque-ecologique-volumisante\/#primaryimage\",\"url\":\"https:\/\/ekre.it\/wp-content\/uploads\/2024\/05\/ekre_project_dreamy_no_gas_400ml.png\",\"contentUrl\":\"https:\/\/ekre.it\/wp-content\/uploads\/2024\/05\/ekre_project_dreamy_no_gas_400ml.png\",\"width\":800,\"height\":800},{\"@type\":\"BreadcrumbList\",\"@id\":\"https:\/\/ekre.it\/fr\/prodotto\/laque-ecologique-volumisante\/#breadcrumb\",\"itemListElement\":[{\"@type\":\"ListItem\",\"position\":1,\"name\":\"Home\",\"item\":\"https:\/\/ekre.it\/fr\/home\/\"},{\"@type\":\"ListItem\",\"position\":2,\"name\":\"Produits\",\"item\":\"https:\/\/ekre.it\/fr\/shop\/\"},{\"@type\":\"ListItem\",\"position\":3,\"name\":\"Dreamy &#8211; Laque \u00e9cologique volumisante\"}]},{\"@type\":\"WebSite\",\"@id\":\"https:\/\/ekre.it\/fr\/#website\",\"url\":\"https:\/\/ekre.it\/fr\/\",\"name\":\"Ekre - Be Natural\",\"description\":\"\",\"potentialAction\":[{\"@type\":\"SearchAction\",\"target\":{\"@type\":\"EntryPoint\",\"urlTemplate\":\"https:\/\/ekre.it\/fr\/?s={search_term_string}\"},\"query-input\":{\"@type\":\"PropertyValueSpecification\",\"valueRequired\":true,\"valueName\":\"search_term_string\"}}],\"inLanguage\":\"fr-FR\"}]}<\/script>\n<!-- \/ Yoast SEO plugin. -->","yoast_head_json":{"title":"Dreamy - Laque \u00e9cologique volumisante - Ekre - Be Natural","robots":{"index":"index","follow":"follow","max-snippet":"max-snippet:-1","max-image-preview":"max-image-preview:large","max-video-preview":"max-video-preview:-1"},"canonical":"https:\/\/ekre.it\/fr\/prodotto\/laque-ecologique-volumisante\/","og_locale":"fr_FR","og_type":"article","og_title":"Dreamy - Laque \u00e9cologique volumisante - Ekre - Be Natural","og_description":"Dreamy laque \u00e9cologique est le produit optimal pour tous les besoins de finition dans les salons. Avec une application facile et gr\u00e2ce \u00e0 quelques gestes, il permet au professionnel de modeler et diriger la coiffure, en assurant une longue tenue.  Con\u00e7ue pour cr\u00e9er des looks innovants et faire tenir toutes les techniques de coiffage, il s\u00e8che rapidement, laissant les cheveux brillants, doux et souples. En vaporisant la laque \u00e9cologique sur la chevelure, il donne de la consistance \u00e0 la coiffure d\u00e9sir\u00e9e et prot\u00e8ge les cheveux de l'action de l'humidit\u00e9. S\u2019\u00e9limine en quelques coups de brosse. Il n\u2019alourdit pas ni ne laisse de r\u00e9sidus sur les cheveux. Elle peut \u00eatre utilis\u00e9e sur cheveux secs ou mouill\u00e9s. Formule sans gaz.  Format 400 ml","og_url":"https:\/\/ekre.it\/fr\/prodotto\/laque-ecologique-volumisante\/","og_site_name":"Ekre - Be Natural","article_modified_time":"2024-10-30T13:18:58+00:00","og_image":[{"width":800,"height":800,"url":"https:\/\/ekre.it\/wp-content\/uploads\/2024\/05\/ekre_project_dreamy_no_gas_400ml.png","type":"image\/png"}],"twitter_card":"summary_large_image","twitter_misc":{"Dur\u00e9e de lecture estim\u00e9e":"1 minute"},"schema":{"@context":"https:\/\/schema.org","@graph":[{"@type":"WebPage","@id":"https:\/\/ekre.it\/fr\/prodotto\/laque-ecologique-volumisante\/","url":"https:\/\/ekre.it\/fr\/prodotto\/laque-ecologique-volumisante\/","name":"Dreamy - Laque \u00e9cologique volumisante - Ekre - Be Natural","isPartOf":{"@id":"https:\/\/ekre.it\/fr\/#website"},"primaryImageOfPage":{"@id":"https:\/\/ekre.it\/fr\/prodotto\/laque-ecologique-volumisante\/#primaryimage"},"image":{"@id":"https:\/\/ekre.it\/fr\/prodotto\/laque-ecologique-volumisante\/#primaryimage"},"thumbnailUrl":"https:\/\/ekre.it\/wp-content\/uploads\/2024\/05\/ekre_project_dreamy_no_gas_400ml.png","datePublished":"2024-05-22T14:40:25+00:00","dateModified":"2024-10-30T13:18:58+00:00","breadcrumb":{"@id":"https:\/\/ekre.it\/fr\/prodotto\/laque-ecologique-volumisante\/#breadcrumb"},"inLanguage":"fr-FR","potentialAction":[{"@type":"ReadAction","target":["https:\/\/ekre.it\/fr\/prodotto\/laque-ecologique-volumisante\/"]}]},{"@type":"ImageObject","inLanguage":"fr-FR","@id":"https:\/\/ekre.it\/fr\/prodotto\/laque-ecologique-volumisante\/#primaryimage","url":"https:\/\/ekre.it\/wp-content\/uploads\/2024\/05\/ekre_project_dreamy_no_gas_400ml.png","contentUrl":"https:\/\/ekre.it\/wp-content\/uploads\/2024\/05\/ekre_project_dreamy_no_gas_400ml.png","width":800,"height":800},{"@type":"BreadcrumbList","@id":"https:\/\/ekre.it\/fr\/prodotto\/laque-ecologique-volumisante\/#breadcrumb","itemListElement":[{"@type":"ListItem","position":1,"name":"Home","item":"https:\/\/ekre.it\/fr\/home\/"},{"@type":"ListItem","position":2,"name":"Produits","item":"https:\/\/ekre.it\/fr\/shop\/"},{"@type":"ListItem","position":3,"name":"Dreamy &#8211; Laque \u00e9cologique volumisante"}]},{"@type":"WebSite","@id":"https:\/\/ekre.it\/fr\/#website","url":"https:\/\/ekre.it\/fr\/","name":"Ekre - Be Natural","description":"","potentialAction":[{"@type":"SearchAction","target":{"@type":"EntryPoint","urlTemplate":"https:\/\/ekre.it\/fr\/?s={search_term_string}"},"query-input":{"@type":"PropertyValueSpecification","valueRequired":true,"valueName":"search_term_string"}}],"inLanguage":"fr-FR"}]}},"_links":{"self":[{"href":"https:\/\/ekre.it\/fr\/wp-json\/wp\/v2\/product\/5973","targetHints":{"allow":["GET"]}}],"collection":[{"href":"https:\/\/ekre.it\/fr\/wp-json\/wp\/v2\/product"}],"about":[{"href":"https:\/\/ekre.it\/fr\/wp-json\/wp\/v2\/types\/product"}],"wp:featuredmedia":[{"embeddable":true,"href":"https:\/\/ekre.it\/fr\/wp-json\/wp\/v2\/media\/7072"}],"wp:attachment":[{"href":"https:\/\/ekre.it\/fr\/wp-json\/wp\/v2\/media?parent=5973"}],"wp:term":[{"taxonomy":"product_brand","embeddable":true,"href":"https:\/\/ekre.it\/fr\/wp-json\/wp\/v2\/product_brand?post=5973"},{"taxonomy":"product_cat","embeddable":true,"href":"https:\/\/ekre.it\/fr\/wp-json\/wp\/v2\/product_cat?post=5973"},{"taxonomy":"product_tag","embeddable":true,"href":"https:\/\/ekre.it\/fr\/wp-json\/wp\/v2\/product_tag?post=5973"}],"curies":[{"name":"wp","href":"https:\/\/api.w.org\/{rel}","templated":true}]}}