{"id":6013,"date":"2024-05-22T16:40:22","date_gmt":"2024-05-22T14:40:22","guid":{"rendered":"https:\/\/ekre.it\/prodotto\/nature-shampooing-nourrissant\/"},"modified":"2024-06-04T09:51:47","modified_gmt":"2024-06-04T07:51:47","slug":"nature-shampooing-nourrissant","status":"publish","type":"product","link":"https:\/\/ekre.it\/fr\/prodotto\/nature-shampooing-nourrissant\/","title":{"rendered":"Natur\u00e9 \u2013 Shampooing nourrissant"},"content":{"rendered":"<div class=\"wpb-content-wrapper\">[vc_row el_class=&#8221;bordo_benefici&#8221;][vc_column][vc_column_text css=&#8221;&#8221;]\n<h2 style=\"text-align: left;\">Avantages<\/h2>\n<ul>\n<li>Nourrit les cheveux <strong>secs et cassants<\/strong><\/li>\n<li>Nettoie en <strong>profondeur<\/strong><\/li>\n<li><strong>Rend<\/strong> les cheveux doux, brillants et faciles \u00e0 coiffer<\/li>\n<li>Assure un effet de <strong>fra\u00eecheur et de d\u00e9tente<\/strong><\/li>\n<li>Respecte les <strong>cheveux et le cuir chevelu<\/strong><\/li>\n<\/ul>\n[\/vc_column_text][\/vc_column][\/vc_row][vc_row][vc_column][vc_empty_space height=&#8221;80px&#8221;][\/vc_column][\/vc_row][vc_row][vc_column][vc_column_text css=&#8221;&#8221;]\n<h2 style=\"text-align: center;\">Produits en vedette<\/h2>\n<p>&nbsp;[\/vc_column_text]<style type=\"text\/css\" data-type=\"the7_shortcodes-inline-css\">.products-carousel-shortcode.products-carousel-shortcode-id-c6af1168198a4059cc9b3f0d2545cfb7 .owl-nav a {\n  width: 36px;\n  height: 36px;\n  border-radius: 500px;\n}\n.dt-arrow-border-on.products-carousel-shortcode.products-carousel-shortcode-id-c6af1168198a4059cc9b3f0d2545cfb7 .owl-nav a:not(:hover):before {\n  border-width: 0px;\n}\n.dt-arrow-hover-border-on.products-carousel-shortcode.products-carousel-shortcode-id-c6af1168198a4059cc9b3f0d2545cfb7 .owl-nav a:hover:after {\n  border-width: 0px;\n}\n.products-carousel-shortcode.products-carousel-shortcode-id-c6af1168198a4059cc9b3f0d2545cfb7 .owl-nav a.owl-prev {\n  top: 50%;\n  transform: translateY(calc(-50% + 0px));\n  left: -43px;\n}\n@media all and (-ms-high-contrast: none) {\n  .products-carousel-shortcode.products-carousel-shortcode-id-c6af1168198a4059cc9b3f0d2545cfb7 .owl-nav a.owl-prev {\n    transform: translateY(-50%);\n    margin-top: 0px;\n  }\n}\n.products-carousel-shortcode.products-carousel-shortcode-id-c6af1168198a4059cc9b3f0d2545cfb7 .owl-nav a.owl-prev i {\n  padding: 0px 0px 0px 0px;\n}\n.products-carousel-shortcode.products-carousel-shortcode-id-c6af1168198a4059cc9b3f0d2545cfb7 .owl-nav a.owl-next {\n  top: 50%;\n  transform: translateY(calc(-50% + 0px));\n  right: -43px;\n}\n@media all and (-ms-high-contrast: none) {\n  .products-carousel-shortcode.products-carousel-shortcode-id-c6af1168198a4059cc9b3f0d2545cfb7 .owl-nav a.owl-next {\n    transform: translateY(-50%);\n    margin-top: 0px;\n  }\n}\n.products-carousel-shortcode.products-carousel-shortcode-id-c6af1168198a4059cc9b3f0d2545cfb7 .owl-nav a.owl-next i {\n  padding: 0px 0px 0px 0px;\n}\n.products-carousel-shortcode.products-carousel-shortcode-id-c6af1168198a4059cc9b3f0d2545cfb7 .owl-nav i {\n  font-size: 18px;\n}\n.products-carousel-shortcode.products-carousel-shortcode-id-c6af1168198a4059cc9b3f0d2545cfb7 .owl-nav a:not(:hover) i,\n.products-carousel-shortcode.products-carousel-shortcode-id-c6af1168198a4059cc9b3f0d2545cfb7 .owl-nav a:not(:hover) i:before {\n  color: #ffffff;\n  background: none;\n}\n.products-carousel-shortcode.products-carousel-shortcode-id-c6af1168198a4059cc9b3f0d2545cfb7 .owl-nav a:hover i,\n.products-carousel-shortcode.products-carousel-shortcode-id-c6af1168198a4059cc9b3f0d2545cfb7 .owl-nav a:hover i:before {\n  color: rgba(255,255,255,0.75);\n  background: none;\n}\n.products-carousel-shortcode.products-carousel-shortcode-id-c6af1168198a4059cc9b3f0d2545cfb7 .owl-dots {\n  top: calc(100% + 20px);\n  left: 50%;\n  transform: translateX(calc(-50% + 0px));\n}\n@media all and (-ms-high-contrast: none) {\n  .products-carousel-shortcode.products-carousel-shortcode-id-c6af1168198a4059cc9b3f0d2545cfb7 .owl-dots {\n    transform: translateX(-50%);\n    margin-left: 0px;\n  }\n}\n.products-carousel-shortcode.products-carousel-shortcode-id-c6af1168198a4059cc9b3f0d2545cfb7 .owl-dot {\n  width: 10px;\n  height: 10px;\n  margin: 0 8px;\n}\n.bullets-scale-up.products-carousel-shortcode.products-carousel-shortcode-id-c6af1168198a4059cc9b3f0d2545cfb7 .owl-dot:not(.active):not(:hover) span {\n  background: #dbd6cc;\n}\n.bullets-scale-up.products-carousel-shortcode.products-carousel-shortcode-id-c6af1168198a4059cc9b3f0d2545cfb7 .owl-dot:not(.active):hover span,\n.bullets-scale-up.products-carousel-shortcode.products-carousel-shortcode-id-c6af1168198a4059cc9b3f0d2545cfb7 .owl-dot.active span {\n  background: #8d847a;\n}\n.bullets-stroke.products-carousel-shortcode.products-carousel-shortcode-id-c6af1168198a4059cc9b3f0d2545cfb7 .owl-dot:not(.active):not(:hover) span {\n  background: #dbd6cc;\n}\n.bullets-stroke.products-carousel-shortcode.products-carousel-shortcode-id-c6af1168198a4059cc9b3f0d2545cfb7 .owl-dot:not(.active):hover span {\n  background: #8d847a;\n}\n.bullets-stroke.products-carousel-shortcode.products-carousel-shortcode-id-c6af1168198a4059cc9b3f0d2545cfb7 .owl-dot.active span {\n  box-shadow: 0 0 0 2px #8d847a;\n}\n.bullets-fill-in.products-carousel-shortcode.products-carousel-shortcode-id-c6af1168198a4059cc9b3f0d2545cfb7 .owl-dot:not(.active):not(:hover) span {\n  box-shadow: inset 0 0 0 2px #dbd6cc;\n}\n.bullets-fill-in.products-carousel-shortcode.products-carousel-shortcode-id-c6af1168198a4059cc9b3f0d2545cfb7 .owl-dot:not(.active):hover span {\n  box-shadow: inset 0 0 0 2px #8d847a;\n}\n.bullets-fill-in.products-carousel-shortcode.products-carousel-shortcode-id-c6af1168198a4059cc9b3f0d2545cfb7 .owl-dot.active span {\n  box-shadow: inset 0 0 0 20px #8d847a;\n}\n.bullets-small-dot-stroke.products-carousel-shortcode.products-carousel-shortcode-id-c6af1168198a4059cc9b3f0d2545cfb7 .owl-dot:not(.active):not(:hover) span {\n  background: #dbd6cc;\n}\n.bullets-small-dot-stroke.products-carousel-shortcode.products-carousel-shortcode-id-c6af1168198a4059cc9b3f0d2545cfb7 .owl-dot:not(.active):hover span,\n.bullets-small-dot-stroke.products-carousel-shortcode.products-carousel-shortcode-id-c6af1168198a4059cc9b3f0d2545cfb7 .owl-dot.active span {\n  background: #8d847a;\n}\n.bullets-small-dot-stroke.products-carousel-shortcode.products-carousel-shortcode-id-c6af1168198a4059cc9b3f0d2545cfb7 .owl-dot.active {\n  box-shadow: 0 0 0 2px #8d847a;\n}\n.bullets-ubax.products-carousel-shortcode.products-carousel-shortcode-id-c6af1168198a4059cc9b3f0d2545cfb7 .owl-dot span {\n  background: #dbd6cc;\n}\n.bullets-ubax.products-carousel-shortcode.products-carousel-shortcode-id-c6af1168198a4059cc9b3f0d2545cfb7 .owl-dot.active span {\n  border-color: #8d847a;\n}\n.bullets-ubax.products-carousel-shortcode.products-carousel-shortcode-id-c6af1168198a4059cc9b3f0d2545cfb7 .owl-dot:not(.active):hover span {\n  background: #8d847a;\n}\n.bullets-etefu.products-carousel-shortcode.products-carousel-shortcode-id-c6af1168198a4059cc9b3f0d2545cfb7 .owl-dot span {\n  background: #dbd6cc;\n}\n.bullets-etefu.products-carousel-shortcode.products-carousel-shortcode-id-c6af1168198a4059cc9b3f0d2545cfb7 .owl-dot:not(.active):hover span {\n  background: #8d847a;\n}\n.bullets-etefu.products-carousel-shortcode.products-carousel-shortcode-id-c6af1168198a4059cc9b3f0d2545cfb7 .owl-dot span:before {\n  background: #8d847a;\n}\n.accent-gradient .bullets-etefu.products-carousel-shortcode.products-carousel-shortcode-id-c6af1168198a4059cc9b3f0d2545cfb7 .owl-dot span:before {\n  background: #8d847a;\n}\n@media screen and (max-width: 778px) {\n  .products-carousel-shortcode.products-carousel-shortcode-id-c6af1168198a4059cc9b3f0d2545cfb7.hide-arrows .owl-nav a {\n    display: none;\n  }\n}\n@media screen and (max-width: 778px) {\n  .products-carousel-shortcode.products-carousel-shortcode-id-c6af1168198a4059cc9b3f0d2545cfb7.reposition-arrows .owl-nav .owl-prev {\n    top: 50%;\n    transform: translateY(calc(-50% + 0px));\n    left: 10px;\n  }\n  .products-carousel-shortcode.products-carousel-shortcode-id-c6af1168198a4059cc9b3f0d2545cfb7.reposition-arrows .owl-nav .owl-next {\n    top: 50%;\n    transform: translateY(calc(-50% + 0px));\n    right: 10px;\n  }\n}\n@media screen and (max-width: 778px) and all and (-ms-high-contrast: none) {\n  .products-carousel-shortcode.products-carousel-shortcode-id-c6af1168198a4059cc9b3f0d2545cfb7.reposition-arrows .owl-nav .owl-prev {\n    transform: translateY(-50%);\n    margin-top: 0px;\n  }\n}\n@media screen and (max-width: 778px) and all and (-ms-high-contrast: none) {\n  .products-carousel-shortcode.products-carousel-shortcode-id-c6af1168198a4059cc9b3f0d2545cfb7.reposition-arrows .owl-nav .owl-next {\n    transform: translateY(-50%);\n    margin-top: 0px;\n  }\n}<\/style><div class=\"owl-carousel products-carousel-shortcode dt-owl-carousel-call products-carousel-shortcode-id-c6af1168198a4059cc9b3f0d2545cfb7 cart-btn-below-img bullets-ubax reposition-arrows arrows-bg-on dt-arrow-border-on dt-arrow-hover-border-on disable-arrows-hover-bg arrows-hover-bg-on  wc-img-hover hide-description hide-rating bordo_prodotti_correlati\" data-scroll-mode=\"1\" data-wide-col-num=\"4\" data-col-num=\"3\" data-laptop-col=\"3\" data-h-tablet-columns-num=\"3\" data-v-tablet-columns-num=\"2\" data-phone-columns-num=\"1\" data-auto-height=\"true\" data-col-gap=\"30\" data-stage-padding=\"0\" data-speed=\"600\" data-autoplay=\"false\" data-autoplay_speed=\"6000\" data-arrows=\"false\" data-bullet=\"true\" data-next-icon=\"icon-ar-017-r\" data-prev-icon=\"icon-ar-017-l\"><article class=\"post post-5989 product type-product status-publish has-post-thumbnail product_cat-nature-fr product_cat-soins description-off first instock shipping-taxable product-type-simple\" ><figure class=\"woocom-project\">\n\t<div class=\"woo-buttons-on-img\">\n\n\t\t<a href=\"https:\/\/ekre.it\/fr\/prodotto\/nature-cristaux-liquides\/\" class=\"alignnone layzr-bg\"><img loading=\"lazy\" decoding=\"async\" width=\"300\" height=\"300\" src=\"data:image\/svg+xml;charset=utf-8,%3Csvg xmlns%3D&#039;http%3A%2F%2Fwww.w3.org%2F2000%2Fsvg&#039; viewBox%3D&#039;0 0 300 300&#039;%2F%3E\" class=\"attachment-woocommerce_thumbnail size-woocommerce_thumbnail owl-lazy-load preload-me\" alt=\"Natur\u00e9 - Cristaux liquides\" data-src=\"https:\/\/ekre.it\/wp-content\/uploads\/2024\/05\/42028_ekre_iquid_crystals_flax-seeds_100ml-1-300x300.png\" data-srcset=\"https:\/\/ekre.it\/wp-content\/uploads\/2024\/05\/42028_ekre_iquid_crystals_flax-seeds_100ml-1-300x300.png 300w, https:\/\/ekre.it\/wp-content\/uploads\/2024\/05\/42028_ekre_iquid_crystals_flax-seeds_100ml-1-200x200.png 200w, https:\/\/ekre.it\/wp-content\/uploads\/2024\/05\/42028_ekre_iquid_crystals_flax-seeds_100ml-1-150x150.png 150w, https:\/\/ekre.it\/wp-content\/uploads\/2024\/05\/42028_ekre_iquid_crystals_flax-seeds_100ml-1.png 600w\" \/><\/a>\n\t<\/div>\n\t<figcaption class=\"woocom-list-content\">\n\n\t\t<div class=\"woo-buttons\"><a href=\"https:\/\/ekre.it\/fr\/prodotto\/nature-cristaux-liquides\/\" aria-describedby=\"woocommerce_loop_add_to_cart_link_describedby_5989\" data-quantity=\"1\" class=\"product_type_simple ajax_add_to_cart\" data-product_id=\"5989\" data-product_sku=\"\" aria-label=\"En savoir plus sur &ldquo;Natur\u00e9 - Cristaux liquides&rdquo;\" rel=\"nofollow\" data-success_message=\"\">Lire la suite<\/a>\t<span id=\"woocommerce_loop_add_to_cart_link_describedby_5989\" class=\"screen-reader-text\">\n\t\t\t<\/span>\n<\/div>\n\t<\/figcaption>\n<\/figure>\n<\/article><article class=\"post post-6009 product type-product status-publish has-post-thumbnail product_cat-nature-fr product_cat-soins description-off  instock shipping-taxable product-type-simple\" ><figure class=\"woocom-project\">\n\t<div class=\"woo-buttons-on-img\">\n\n\t\t<a href=\"https:\/\/ekre.it\/fr\/prodotto\/nature-masque-nourrissant\/\" class=\"alignnone layzr-bg\"><img loading=\"lazy\" decoding=\"async\" width=\"300\" height=\"300\" src=\"data:image\/svg+xml;charset=utf-8,%3Csvg xmlns%3D&#039;http%3A%2F%2Fwww.w3.org%2F2000%2Fsvg&#039; viewBox%3D&#039;0 0 300 300&#039;%2F%3E\" class=\"attachment-woocommerce_thumbnail size-woocommerce_thumbnail owl-lazy-load preload-me\" alt=\"Natur\u00e9 \u2013 Masque nourrissant\" data-src=\"https:\/\/ekre.it\/wp-content\/uploads\/2024\/05\/42072_ekre_nature_nourishing_mask_1000ml-1-300x300.png\" data-srcset=\"https:\/\/ekre.it\/wp-content\/uploads\/2024\/05\/42072_ekre_nature_nourishing_mask_1000ml-1-300x300.png 300w, https:\/\/ekre.it\/wp-content\/uploads\/2024\/05\/42072_ekre_nature_nourishing_mask_1000ml-1-200x200.png 200w, https:\/\/ekre.it\/wp-content\/uploads\/2024\/05\/42072_ekre_nature_nourishing_mask_1000ml-1-600x600.png 600w, https:\/\/ekre.it\/wp-content\/uploads\/2024\/05\/42072_ekre_nature_nourishing_mask_1000ml-1-150x150.png 150w, https:\/\/ekre.it\/wp-content\/uploads\/2024\/05\/42072_ekre_nature_nourishing_mask_1000ml-1-768x768.png 768w, https:\/\/ekre.it\/wp-content\/uploads\/2024\/05\/42072_ekre_nature_nourishing_mask_1000ml-1.png 800w\" \/><\/a>\n\t<\/div>\n\t<figcaption class=\"woocom-list-content\">\n\n\t\t<div class=\"woo-buttons\"><a href=\"https:\/\/ekre.it\/fr\/prodotto\/nature-masque-nourrissant\/\" aria-describedby=\"woocommerce_loop_add_to_cart_link_describedby_6009\" data-quantity=\"1\" class=\"product_type_simple ajax_add_to_cart\" data-product_id=\"6009\" data-product_sku=\"\" aria-label=\"En savoir plus sur &ldquo;Natur\u00e9 \u2013 Masque nourrissant&rdquo;\" rel=\"nofollow\" data-success_message=\"\">Lire la suite<\/a>\t<span id=\"woocommerce_loop_add_to_cart_link_describedby_6009\" class=\"screen-reader-text\">\n\t\t\t<\/span>\n<\/div>\n\t<\/figcaption>\n<\/figure>\n<\/article><\/div>[\/vc_column][\/vc_row]\n<\/div>","protected":false},"excerpt":{"rendered":"<p><b>Natur\u00e9<\/b> shampooing <b>cassonade e noix de coco<\/b> nettoie en nourrissant les <b>cheveux secs et ab\u00eem\u00e9s<\/b>. Les ingr\u00e9dients actifs d\u00e9licats de sa formulation agissent sur les cheveux et sur le cuir chevelu, en effectuant un nettoyage profond, mais dans le plein respect de la cuticule.<\/p>\n<p>Natur\u00e9 r\u00e9g\u00e9n\u00e8re la structure des cheveux en lui conf\u00e9rant une <b>douceur et une brillance<\/b> exceptionnelles. La pr\u00e9sence du <b>cassonade<\/b> et de la <b>noix de coco<\/b>, qui compl\u00e8tent sa formulation, poss\u00e8dent des effets apaisants, cicatrisants et antiseptiques essentiels. Sa formule particuli\u00e8re fait du shampooing un produit indiqu\u00e9 pour mener une action d\u00e9congestionnante qui d\u00e9clenche une sensation de fra\u00eecheur agr\u00e9able et de d\u00e9tente pour la chevelure, qui retrouve une nouvelle brillance et est facile \u00e0 coiffer.<\/p>\n<p><b>Certifi\u00e9 VEGANOK,\u00a0<\/b>ce produit<b>\u00a0ne comporte aucun ingr\u00e9dient d\u2019origine animale et refl\u00e8te enti\u00e8rement les valeurs \u00e9thiques v\u00e9ganes.<\/b><\/p>\n<p>Usage professionnel<\/p>\n<p>Format 1000 ml<\/p>\n<p><img loading=\"lazy\" decoding=\"async\" class=\"alignnone size-full wp-image-5185\" src=\"https:\/\/ekre.it\/wp-content\/uploads\/2021\/06\/vegan_3.png\" alt=\"\" width=\"60\" height=\"68\" \/><\/p>\n","protected":false},"featured_media":2137,"template":"","meta":[],"product_brand":[],"product_cat":[970,922],"product_tag":[],"class_list":{"0":"post-6013","1":"product","2":"type-product","3":"status-publish","4":"has-post-thumbnail","6":"product_cat-nature-fr","7":"product_cat-soins","8":"description-off","10":"","11":"instock","12":"featured","13":"shipping-taxable","14":"product-type-simple"},"yoast_head":"<!-- This site is optimized with the Yoast SEO plugin v26.7 - https:\/\/yoast.com\/wordpress\/plugins\/seo\/ -->\n<title>Natur\u00e9 \u2013 Shampooing nourrissant - Ekre - Be Natural<\/title>\n<meta name=\"robots\" content=\"index, follow, max-snippet:-1, max-image-preview:large, max-video-preview:-1\" \/>\n<link rel=\"canonical\" href=\"https:\/\/ekre.it\/fr\/prodotto\/nature-shampooing-nourrissant\/\" \/>\n<meta property=\"og:locale\" content=\"fr_FR\" \/>\n<meta property=\"og:type\" content=\"article\" \/>\n<meta property=\"og:title\" content=\"Natur\u00e9 \u2013 Shampooing nourrissant - Ekre - Be Natural\" \/>\n<meta property=\"og:description\" content=\"Natur\u00e9 shampooing cassonade e noix de coco nettoie en nourrissant les cheveux secs et ab\u00eem\u00e9s. Les ingr\u00e9dients actifs d\u00e9licats de sa formulation agissent sur les cheveux et sur le cuir chevelu, en effectuant un nettoyage profond, mais dans le plein respect de la cuticule.  Natur\u00e9 r\u00e9g\u00e9n\u00e8re la structure des cheveux en lui conf\u00e9rant une douceur et une brillance exceptionnelles. La pr\u00e9sence du cassonade et de la noix de coco, qui compl\u00e8tent sa formulation, poss\u00e8dent des effets apaisants, cicatrisants et antiseptiques essentiels. Sa formule particuli\u00e8re fait du shampooing un produit indiqu\u00e9 pour mener une action d\u00e9congestionnante qui d\u00e9clenche une sensation de fra\u00eecheur agr\u00e9able et de d\u00e9tente pour la chevelure, qui retrouve une nouvelle brillance et est facile \u00e0 coiffer.  Certifi\u00e9 VEGANOK,\u00a0ce produit\u00a0ne comporte aucun ingr\u00e9dient d\u2019origine animale et refl\u00e8te enti\u00e8rement les valeurs \u00e9thiques v\u00e9ganes.  Usage professionnel  Format 1000 ml\" \/>\n<meta property=\"og:url\" content=\"https:\/\/ekre.it\/fr\/prodotto\/nature-shampooing-nourrissant\/\" \/>\n<meta property=\"og:site_name\" content=\"Ekre - Be Natural\" \/>\n<meta property=\"article:modified_time\" content=\"2024-06-04T07:51:47+00:00\" \/>\n<meta property=\"og:image\" content=\"https:\/\/ekre.it\/wp-content\/uploads\/2024\/05\/42037_ekre_nature_nourishing_shampoo_100ml-1.png\" \/>\n\t<meta property=\"og:image:width\" content=\"600\" \/>\n\t<meta property=\"og:image:height\" content=\"600\" \/>\n\t<meta property=\"og:image:type\" content=\"image\/png\" \/>\n<meta name=\"twitter:card\" content=\"summary_large_image\" \/>\n<meta name=\"twitter:label1\" content=\"Dur\u00e9e de lecture estim\u00e9e\" \/>\n\t<meta name=\"twitter:data1\" content=\"1 minute\" \/>\n<script type=\"application\/ld+json\" class=\"yoast-schema-graph\">{\"@context\":\"https:\/\/schema.org\",\"@graph\":[{\"@type\":\"WebPage\",\"@id\":\"https:\/\/ekre.it\/fr\/prodotto\/nature-shampooing-nourrissant\/\",\"url\":\"https:\/\/ekre.it\/fr\/prodotto\/nature-shampooing-nourrissant\/\",\"name\":\"Natur\u00e9 \u2013 Shampooing nourrissant - Ekre - Be Natural\",\"isPartOf\":{\"@id\":\"https:\/\/ekre.it\/fr\/#website\"},\"primaryImageOfPage\":{\"@id\":\"https:\/\/ekre.it\/fr\/prodotto\/nature-shampooing-nourrissant\/#primaryimage\"},\"image\":{\"@id\":\"https:\/\/ekre.it\/fr\/prodotto\/nature-shampooing-nourrissant\/#primaryimage\"},\"thumbnailUrl\":\"https:\/\/ekre.it\/wp-content\/uploads\/2024\/05\/42037_ekre_nature_nourishing_shampoo_100ml-1.png\",\"datePublished\":\"2024-05-22T14:40:22+00:00\",\"dateModified\":\"2024-06-04T07:51:47+00:00\",\"breadcrumb\":{\"@id\":\"https:\/\/ekre.it\/fr\/prodotto\/nature-shampooing-nourrissant\/#breadcrumb\"},\"inLanguage\":\"fr-FR\",\"potentialAction\":[{\"@type\":\"ReadAction\",\"target\":[\"https:\/\/ekre.it\/fr\/prodotto\/nature-shampooing-nourrissant\/\"]}]},{\"@type\":\"ImageObject\",\"inLanguage\":\"fr-FR\",\"@id\":\"https:\/\/ekre.it\/fr\/prodotto\/nature-shampooing-nourrissant\/#primaryimage\",\"url\":\"https:\/\/ekre.it\/wp-content\/uploads\/2024\/05\/42037_ekre_nature_nourishing_shampoo_100ml-1.png\",\"contentUrl\":\"https:\/\/ekre.it\/wp-content\/uploads\/2024\/05\/42037_ekre_nature_nourishing_shampoo_100ml-1.png\",\"width\":600,\"height\":600},{\"@type\":\"BreadcrumbList\",\"@id\":\"https:\/\/ekre.it\/fr\/prodotto\/nature-shampooing-nourrissant\/#breadcrumb\",\"itemListElement\":[{\"@type\":\"ListItem\",\"position\":1,\"name\":\"Home\",\"item\":\"https:\/\/ekre.it\/fr\/home\/\"},{\"@type\":\"ListItem\",\"position\":2,\"name\":\"Produits\",\"item\":\"https:\/\/ekre.it\/fr\/shop\/\"},{\"@type\":\"ListItem\",\"position\":3,\"name\":\"Natur\u00e9 \u2013 Shampooing nourrissant\"}]},{\"@type\":\"WebSite\",\"@id\":\"https:\/\/ekre.it\/fr\/#website\",\"url\":\"https:\/\/ekre.it\/fr\/\",\"name\":\"Ekre - Be Natural\",\"description\":\"\",\"potentialAction\":[{\"@type\":\"SearchAction\",\"target\":{\"@type\":\"EntryPoint\",\"urlTemplate\":\"https:\/\/ekre.it\/fr\/?s={search_term_string}\"},\"query-input\":{\"@type\":\"PropertyValueSpecification\",\"valueRequired\":true,\"valueName\":\"search_term_string\"}}],\"inLanguage\":\"fr-FR\"}]}<\/script>\n<!-- \/ Yoast SEO plugin. -->","yoast_head_json":{"title":"Natur\u00e9 \u2013 Shampooing nourrissant - Ekre - Be Natural","robots":{"index":"index","follow":"follow","max-snippet":"max-snippet:-1","max-image-preview":"max-image-preview:large","max-video-preview":"max-video-preview:-1"},"canonical":"https:\/\/ekre.it\/fr\/prodotto\/nature-shampooing-nourrissant\/","og_locale":"fr_FR","og_type":"article","og_title":"Natur\u00e9 \u2013 Shampooing nourrissant - Ekre - Be Natural","og_description":"Natur\u00e9 shampooing cassonade e noix de coco nettoie en nourrissant les cheveux secs et ab\u00eem\u00e9s. Les ingr\u00e9dients actifs d\u00e9licats de sa formulation agissent sur les cheveux et sur le cuir chevelu, en effectuant un nettoyage profond, mais dans le plein respect de la cuticule.  Natur\u00e9 r\u00e9g\u00e9n\u00e8re la structure des cheveux en lui conf\u00e9rant une douceur et une brillance exceptionnelles. La pr\u00e9sence du cassonade et de la noix de coco, qui compl\u00e8tent sa formulation, poss\u00e8dent des effets apaisants, cicatrisants et antiseptiques essentiels. Sa formule particuli\u00e8re fait du shampooing un produit indiqu\u00e9 pour mener une action d\u00e9congestionnante qui d\u00e9clenche une sensation de fra\u00eecheur agr\u00e9able et de d\u00e9tente pour la chevelure, qui retrouve une nouvelle brillance et est facile \u00e0 coiffer.  Certifi\u00e9 VEGANOK,\u00a0ce produit\u00a0ne comporte aucun ingr\u00e9dient d\u2019origine animale et refl\u00e8te enti\u00e8rement les valeurs \u00e9thiques v\u00e9ganes.  Usage professionnel  Format 1000 ml","og_url":"https:\/\/ekre.it\/fr\/prodotto\/nature-shampooing-nourrissant\/","og_site_name":"Ekre - Be Natural","article_modified_time":"2024-06-04T07:51:47+00:00","og_image":[{"width":600,"height":600,"url":"https:\/\/ekre.it\/wp-content\/uploads\/2024\/05\/42037_ekre_nature_nourishing_shampoo_100ml-1.png","type":"image\/png"}],"twitter_card":"summary_large_image","twitter_misc":{"Dur\u00e9e de lecture estim\u00e9e":"1 minute"},"schema":{"@context":"https:\/\/schema.org","@graph":[{"@type":"WebPage","@id":"https:\/\/ekre.it\/fr\/prodotto\/nature-shampooing-nourrissant\/","url":"https:\/\/ekre.it\/fr\/prodotto\/nature-shampooing-nourrissant\/","name":"Natur\u00e9 \u2013 Shampooing nourrissant - Ekre - Be Natural","isPartOf":{"@id":"https:\/\/ekre.it\/fr\/#website"},"primaryImageOfPage":{"@id":"https:\/\/ekre.it\/fr\/prodotto\/nature-shampooing-nourrissant\/#primaryimage"},"image":{"@id":"https:\/\/ekre.it\/fr\/prodotto\/nature-shampooing-nourrissant\/#primaryimage"},"thumbnailUrl":"https:\/\/ekre.it\/wp-content\/uploads\/2024\/05\/42037_ekre_nature_nourishing_shampoo_100ml-1.png","datePublished":"2024-05-22T14:40:22+00:00","dateModified":"2024-06-04T07:51:47+00:00","breadcrumb":{"@id":"https:\/\/ekre.it\/fr\/prodotto\/nature-shampooing-nourrissant\/#breadcrumb"},"inLanguage":"fr-FR","potentialAction":[{"@type":"ReadAction","target":["https:\/\/ekre.it\/fr\/prodotto\/nature-shampooing-nourrissant\/"]}]},{"@type":"ImageObject","inLanguage":"fr-FR","@id":"https:\/\/ekre.it\/fr\/prodotto\/nature-shampooing-nourrissant\/#primaryimage","url":"https:\/\/ekre.it\/wp-content\/uploads\/2024\/05\/42037_ekre_nature_nourishing_shampoo_100ml-1.png","contentUrl":"https:\/\/ekre.it\/wp-content\/uploads\/2024\/05\/42037_ekre_nature_nourishing_shampoo_100ml-1.png","width":600,"height":600},{"@type":"BreadcrumbList","@id":"https:\/\/ekre.it\/fr\/prodotto\/nature-shampooing-nourrissant\/#breadcrumb","itemListElement":[{"@type":"ListItem","position":1,"name":"Home","item":"https:\/\/ekre.it\/fr\/home\/"},{"@type":"ListItem","position":2,"name":"Produits","item":"https:\/\/ekre.it\/fr\/shop\/"},{"@type":"ListItem","position":3,"name":"Natur\u00e9 \u2013 Shampooing nourrissant"}]},{"@type":"WebSite","@id":"https:\/\/ekre.it\/fr\/#website","url":"https:\/\/ekre.it\/fr\/","name":"Ekre - Be Natural","description":"","potentialAction":[{"@type":"SearchAction","target":{"@type":"EntryPoint","urlTemplate":"https:\/\/ekre.it\/fr\/?s={search_term_string}"},"query-input":{"@type":"PropertyValueSpecification","valueRequired":true,"valueName":"search_term_string"}}],"inLanguage":"fr-FR"}]}},"_links":{"self":[{"href":"https:\/\/ekre.it\/fr\/wp-json\/wp\/v2\/product\/6013","targetHints":{"allow":["GET"]}}],"collection":[{"href":"https:\/\/ekre.it\/fr\/wp-json\/wp\/v2\/product"}],"about":[{"href":"https:\/\/ekre.it\/fr\/wp-json\/wp\/v2\/types\/product"}],"wp:featuredmedia":[{"embeddable":true,"href":"https:\/\/ekre.it\/fr\/wp-json\/wp\/v2\/media\/2137"}],"wp:attachment":[{"href":"https:\/\/ekre.it\/fr\/wp-json\/wp\/v2\/media?parent=6013"}],"wp:term":[{"taxonomy":"product_brand","embeddable":true,"href":"https:\/\/ekre.it\/fr\/wp-json\/wp\/v2\/product_brand?post=6013"},{"taxonomy":"product_cat","embeddable":true,"href":"https:\/\/ekre.it\/fr\/wp-json\/wp\/v2\/product_cat?post=6013"},{"taxonomy":"product_tag","embeddable":true,"href":"https:\/\/ekre.it\/fr\/wp-json\/wp\/v2\/product_tag?post=6013"}],"curies":[{"name":"wp","href":"https:\/\/api.w.org\/{rel}","templated":true}]}}