{"id":7483,"date":"2025-07-10T09:38:43","date_gmt":"2025-07-10T07:38:43","guid":{"rendered":"https:\/\/ekre.it\/?post_type=product&#038;p=7483"},"modified":"2025-07-10T09:38:44","modified_gmt":"2025-07-10T07:38:44","slug":"armony-melange-aromatique-enveloppant","status":"publish","type":"product","link":"https:\/\/ekre.it\/fr\/prodotto\/armony-melange-aromatique-enveloppant\/","title":{"rendered":"Armony \u2013 M\u00e9lange aromatique enveloppant"},"content":{"rendered":"<div class=\"wpb-content-wrapper\">[vc_row el_class=&#8221;bordo_benefici&#8221;][vc_column][vc_column_text css=&#8221;&#8221;]\n<h2 style=\"text-align: left;\">Avantages<\/h2>\n<ul>\n<li>\n<p class=\"p1\">Aide \u00e0 r\u00e9duire la sensibilisation cutan\u00e9e<\/p>\n<\/li>\n<li>\n<p class=\"p1\">Avec du bisabolol et de l\u2019huile essentielle de menthe poivr\u00e9e<\/p>\n<\/li>\n<\/ul>\n[\/vc_column_text][\/vc_column][\/vc_row][vc_row][vc_column][vc_empty_space height=&#8221;80px&#8221;][\/vc_column][\/vc_row][vc_row][vc_column][vc_column_text css=&#8221;&#8221;]\n<h2 style=\"text-align: center;\">Produits en vedette<\/h2>\n[\/vc_column_text]<style type=\"text\/css\" data-type=\"the7_shortcodes-inline-css\">.products-carousel-shortcode.products-carousel-shortcode-id-f4d73a9adcc8430ebddc9d974cc4d4f1.owl-carousel .owl-nav div {\n  width: 36px;\n  height: 36px;\n  border-radius: 500px;\n}\n.dt-arrow-border-on.products-carousel-shortcode.products-carousel-shortcode-id-f4d73a9adcc8430ebddc9d974cc4d4f1.owl-carousel .owl-nav div:not(:hover):before {\n  border-width: 0px;\n}\n.dt-arrow-hover-border-on.products-carousel-shortcode.products-carousel-shortcode-id-f4d73a9adcc8430ebddc9d974cc4d4f1.owl-carousel .owl-nav div:hover:after {\n  border-width: 0px;\n}\n.products-carousel-shortcode.products-carousel-shortcode-id-f4d73a9adcc8430ebddc9d974cc4d4f1.owl-carousel .owl-nav div.owl-prev {\n  top: 50%;\n  transform: translateY(calc(-50% + 0px));\n  left: -43px;\n}\n@media all and (-ms-high-contrast: none) {\n  .products-carousel-shortcode.products-carousel-shortcode-id-f4d73a9adcc8430ebddc9d974cc4d4f1.owl-carousel .owl-nav div.owl-prev {\n    transform: translateY(-50%);\n    margin-top: 0px;\n  }\n}\n.products-carousel-shortcode.products-carousel-shortcode-id-f4d73a9adcc8430ebddc9d974cc4d4f1.owl-carousel .owl-nav div.owl-prev i {\n  padding: 0px 0px 0px 0px;\n}\n.products-carousel-shortcode.products-carousel-shortcode-id-f4d73a9adcc8430ebddc9d974cc4d4f1.owl-carousel .owl-nav div.owl-next {\n  top: 50%;\n  transform: translateY(calc(-50% + 0px));\n  right: -43px;\n}\n@media all and (-ms-high-contrast: none) {\n  .products-carousel-shortcode.products-carousel-shortcode-id-f4d73a9adcc8430ebddc9d974cc4d4f1.owl-carousel .owl-nav div.owl-next {\n    transform: translateY(-50%);\n    margin-top: 0px;\n  }\n}\n.products-carousel-shortcode.products-carousel-shortcode-id-f4d73a9adcc8430ebddc9d974cc4d4f1.owl-carousel .owl-nav div.owl-next i {\n  padding: 0px 0px 0px 0px;\n}\n.products-carousel-shortcode.products-carousel-shortcode-id-f4d73a9adcc8430ebddc9d974cc4d4f1.owl-carousel .owl-nav i {\n  font-size: 18px;\n}\n.products-carousel-shortcode.products-carousel-shortcode-id-f4d73a9adcc8430ebddc9d974cc4d4f1.owl-carousel .owl-nav div:not(:hover) i,\n.products-carousel-shortcode.products-carousel-shortcode-id-f4d73a9adcc8430ebddc9d974cc4d4f1.owl-carousel .owl-nav div:not(:hover) i:before {\n  color: #ffffff;\n  background: none;\n}\n.products-carousel-shortcode.products-carousel-shortcode-id-f4d73a9adcc8430ebddc9d974cc4d4f1.owl-carousel .owl-nav div:hover i,\n.products-carousel-shortcode.products-carousel-shortcode-id-f4d73a9adcc8430ebddc9d974cc4d4f1.owl-carousel .owl-nav div:hover i:before {\n  color: rgba(255,255,255,0.75);\n  background: none;\n}\n.products-carousel-shortcode.products-carousel-shortcode-id-f4d73a9adcc8430ebddc9d974cc4d4f1 .owl-dots {\n  top: calc(100% + 20px);\n  left: 50%;\n  transform: translateX(calc(-50% + 0px));\n}\n@media all and (-ms-high-contrast: none) {\n  .products-carousel-shortcode.products-carousel-shortcode-id-f4d73a9adcc8430ebddc9d974cc4d4f1 .owl-dots {\n    transform: translateX(-50%);\n    margin-left: 0px;\n  }\n}\n.products-carousel-shortcode.products-carousel-shortcode-id-f4d73a9adcc8430ebddc9d974cc4d4f1 .owl-dot {\n  width: 10px;\n  height: 10px;\n  margin: 0 8px;\n}\n.bullets-scale-up.products-carousel-shortcode.products-carousel-shortcode-id-f4d73a9adcc8430ebddc9d974cc4d4f1 .owl-dot:not(.active):not(:hover) span {\n  background: #dbd6cc;\n}\n.bullets-scale-up.products-carousel-shortcode.products-carousel-shortcode-id-f4d73a9adcc8430ebddc9d974cc4d4f1 .owl-dot:not(.active):hover span,\n.bullets-scale-up.products-carousel-shortcode.products-carousel-shortcode-id-f4d73a9adcc8430ebddc9d974cc4d4f1 .owl-dot.active span {\n  background: #8d847a;\n}\n.bullets-stroke.products-carousel-shortcode.products-carousel-shortcode-id-f4d73a9adcc8430ebddc9d974cc4d4f1 .owl-dot:not(.active):not(:hover) span {\n  background: #dbd6cc;\n}\n.bullets-stroke.products-carousel-shortcode.products-carousel-shortcode-id-f4d73a9adcc8430ebddc9d974cc4d4f1 .owl-dot:not(.active):hover span {\n  background: #8d847a;\n}\n.bullets-stroke.products-carousel-shortcode.products-carousel-shortcode-id-f4d73a9adcc8430ebddc9d974cc4d4f1 .owl-dot.active span {\n  box-shadow: 0 0 0 2px #8d847a;\n}\n.bullets-fill-in.products-carousel-shortcode.products-carousel-shortcode-id-f4d73a9adcc8430ebddc9d974cc4d4f1 .owl-dot:not(.active):not(:hover) span {\n  box-shadow: inset 0 0 0 2px #dbd6cc;\n}\n.bullets-fill-in.products-carousel-shortcode.products-carousel-shortcode-id-f4d73a9adcc8430ebddc9d974cc4d4f1 .owl-dot:not(.active):hover span {\n  box-shadow: inset 0 0 0 2px #8d847a;\n}\n.bullets-fill-in.products-carousel-shortcode.products-carousel-shortcode-id-f4d73a9adcc8430ebddc9d974cc4d4f1 .owl-dot.active span {\n  box-shadow: inset 0 0 0 20px #8d847a;\n}\n.bullets-small-dot-stroke.products-carousel-shortcode.products-carousel-shortcode-id-f4d73a9adcc8430ebddc9d974cc4d4f1 .owl-dot:not(.active):not(:hover) span {\n  background: #dbd6cc;\n}\n.bullets-small-dot-stroke.products-carousel-shortcode.products-carousel-shortcode-id-f4d73a9adcc8430ebddc9d974cc4d4f1 .owl-dot:not(.active):hover span,\n.bullets-small-dot-stroke.products-carousel-shortcode.products-carousel-shortcode-id-f4d73a9adcc8430ebddc9d974cc4d4f1 .owl-dot.active span {\n  background: #8d847a;\n}\n.bullets-small-dot-stroke.products-carousel-shortcode.products-carousel-shortcode-id-f4d73a9adcc8430ebddc9d974cc4d4f1 .owl-dot.active {\n  box-shadow: 0 0 0 2px #8d847a;\n}\n.bullets-ubax.products-carousel-shortcode.products-carousel-shortcode-id-f4d73a9adcc8430ebddc9d974cc4d4f1 .owl-dot span {\n  background: #dbd6cc;\n}\n.bullets-ubax.products-carousel-shortcode.products-carousel-shortcode-id-f4d73a9adcc8430ebddc9d974cc4d4f1 .owl-dot.active span {\n  border-color: #8d847a;\n}\n.bullets-ubax.products-carousel-shortcode.products-carousel-shortcode-id-f4d73a9adcc8430ebddc9d974cc4d4f1 .owl-dot:not(.active):hover span {\n  background: #8d847a;\n}\n.bullets-etefu.products-carousel-shortcode.products-carousel-shortcode-id-f4d73a9adcc8430ebddc9d974cc4d4f1 .owl-dot span {\n  background: #dbd6cc;\n}\n.bullets-etefu.products-carousel-shortcode.products-carousel-shortcode-id-f4d73a9adcc8430ebddc9d974cc4d4f1 .owl-dot:not(.active):hover span {\n  background: #8d847a;\n}\n.bullets-etefu.products-carousel-shortcode.products-carousel-shortcode-id-f4d73a9adcc8430ebddc9d974cc4d4f1 .owl-dot span:before {\n  background: #8d847a;\n}\n.accent-gradient .bullets-etefu.products-carousel-shortcode.products-carousel-shortcode-id-f4d73a9adcc8430ebddc9d974cc4d4f1 .owl-dot span:before {\n  background: #8d847a;\n}\n@media screen and (max-width: 778px) {\n  .products-carousel-shortcode.products-carousel-shortcode-id-f4d73a9adcc8430ebddc9d974cc4d4f1.hide-arrows .owl-nav a {\n    display: none;\n  }\n}\n@media screen and (max-width: 778px) {\n  .products-carousel-shortcode.products-carousel-shortcode-id-f4d73a9adcc8430ebddc9d974cc4d4f1.reposition-arrows .owl-nav .owl-prev {\n    top: 50%;\n    transform: translateY(calc(-50% + 0px));\n    left: 10px;\n  }\n  .products-carousel-shortcode.products-carousel-shortcode-id-f4d73a9adcc8430ebddc9d974cc4d4f1.reposition-arrows .owl-nav .owl-next {\n    top: 50%;\n    transform: translateY(calc(-50% + 0px));\n    right: 10px;\n  }\n}\n@media screen and (max-width: 778px) and all and (-ms-high-contrast: none) {\n  .products-carousel-shortcode.products-carousel-shortcode-id-f4d73a9adcc8430ebddc9d974cc4d4f1.reposition-arrows .owl-nav .owl-prev {\n    transform: translateY(-50%);\n    margin-top: 0px;\n  }\n}\n@media screen and (max-width: 778px) and all and (-ms-high-contrast: none) {\n  .products-carousel-shortcode.products-carousel-shortcode-id-f4d73a9adcc8430ebddc9d974cc4d4f1.reposition-arrows .owl-nav .owl-next {\n    transform: translateY(-50%);\n    margin-top: 0px;\n  }\n}<\/style><div class=\"owl-carousel products-carousel-shortcode dt-owl-carousel-call products-carousel-shortcode-id-f4d73a9adcc8430ebddc9d974cc4d4f1 cart-btn-below-img bullets-ubax reposition-arrows arrows-bg-on dt-arrow-border-on dt-arrow-hover-border-on disable-arrows-hover-bg arrows-hover-bg-on  wc-img-hover hide-description hide-rating bordo_prodotti_correlati\" data-scroll-mode=\"1\" data-wide-col-num=\"4\" data-col-num=\"3\" data-laptop-col=\"3\" data-h-tablet-columns-num=\"3\" data-v-tablet-columns-num=\"2\" data-phone-columns-num=\"1\" data-auto-height=\"true\" data-col-gap=\"30\" data-stage-padding=\"0\" data-speed=\"600\" data-autoplay=\"false\" data-autoplay_speed=\"6000\" data-arrows=\"false\" data-bullet=\"true\" data-next-icon=\"icon-ar-017-r\" data-prev-icon=\"icon-ar-017-l\"><article class=\"post post-5042 product type-product status-publish has-post-thumbnail product_cat-coloration description-off first instock shipping-taxable purchasable product-type-variable\" ><figure class=\"woocom-project\">\n\t<div class=\"woo-buttons-on-img\">\n\n\t\t<a href=\"https:\/\/ekre.it\/fr\/prodotto\/lightkrome-coloration-ton-sur-ton\/\" class=\"alignnone layzr-bg\"><img loading=\"lazy\" decoding=\"async\" width=\"300\" height=\"300\" src=\"data:image\/svg+xml;charset=utf-8,%3Csvg xmlns%3D&#039;http%3A%2F%2Fwww.w3.org%2F2000%2Fsvg&#039; viewBox%3D&#039;0 0 300 300&#039;%2F%3E\" class=\"attachment-woocommerce_thumbnail size-woocommerce_thumbnail owl-lazy-load preload-me\" alt=\"Lightkrome \u2013 Coloration ton sur ton\" data-src=\"https:\/\/ekre.it\/wp-content\/uploads\/2024\/05\/40100_ekre_lightkrome_delicate_tone_on_tone_hair_colour_100ml-1-300x300.png\" data-srcset=\"https:\/\/ekre.it\/wp-content\/uploads\/2024\/05\/40100_ekre_lightkrome_delicate_tone_on_tone_hair_colour_100ml-1-300x300.png 300w, https:\/\/ekre.it\/wp-content\/uploads\/2024\/05\/40100_ekre_lightkrome_delicate_tone_on_tone_hair_colour_100ml-1-150x150.png 150w, https:\/\/ekre.it\/wp-content\/uploads\/2024\/05\/40100_ekre_lightkrome_delicate_tone_on_tone_hair_colour_100ml-1-200x200.png 200w, https:\/\/ekre.it\/wp-content\/uploads\/2024\/05\/40100_ekre_lightkrome_delicate_tone_on_tone_hair_colour_100ml-1.png 600w\" \/><\/a>\n\t<\/div>\n\t<figcaption class=\"woocom-list-content\">\n\n\t\t<div class=\"woo-buttons\"><a href=\"https:\/\/ekre.it\/fr\/prodotto\/lightkrome-coloration-ton-sur-ton\/\" aria-describedby=\"woocommerce_loop_add_to_cart_link_describedby_5042\" data-quantity=\"1\" class=\"product_type_variable add_to_cart_button\" data-product_id=\"5042\" data-product_sku=\"\" aria-label=\"S\u00e9lectionner les options pour &ldquo;Lightkrome \u2013 Coloration ton sur ton&rdquo;\" rel=\"nofollow\">Choix des options<\/a>\t<span id=\"woocommerce_loop_add_to_cart_link_describedby_5042\" class=\"screen-reader-text\">\n\t\tCe produit a plusieurs variations. Les options peuvent \u00eatre choisies sur la page du produit\t<\/span>\n<\/div>\n\t<\/figcaption>\n<\/figure>\n<\/article><article class=\"post post-5156 product type-product status-publish has-post-thumbnail product_cat-coloration description-off  instock shipping-taxable purchasable product-type-variable\" ><figure class=\"woocom-project\">\n\t<div class=\"woo-buttons-on-img\">\n\n\t\t<a href=\"https:\/\/ekre.it\/fr\/prodotto\/estensy-creme-cosmetique-colorante-sans-ammoniaque\/\" class=\"alignnone layzr-bg\"><img loading=\"lazy\" decoding=\"async\" width=\"300\" height=\"300\" src=\"data:image\/svg+xml;charset=utf-8,%3Csvg xmlns%3D&#039;http%3A%2F%2Fwww.w3.org%2F2000%2Fsvg&#039; viewBox%3D&#039;0 0 300 300&#039;%2F%3E\" class=\"attachment-woocommerce_thumbnail size-woocommerce_thumbnail owl-lazy-load preload-me\" alt=\"Estensy - Cr\u00e8me cosm\u00e9tique colorante sans ammoniaque\" data-src=\"https:\/\/ekre.it\/wp-content\/uploads\/2024\/05\/40170_ekre_estency_100ml-1-300x300.png\" data-srcset=\"https:\/\/ekre.it\/wp-content\/uploads\/2024\/05\/40170_ekre_estency_100ml-1-300x300.png 300w, https:\/\/ekre.it\/wp-content\/uploads\/2024\/05\/40170_ekre_estency_100ml-1-150x150.png 150w, https:\/\/ekre.it\/wp-content\/uploads\/2024\/05\/40170_ekre_estency_100ml-1-768x768.png 768w, https:\/\/ekre.it\/wp-content\/uploads\/2024\/05\/40170_ekre_estency_100ml-1-600x600.png 600w, https:\/\/ekre.it\/wp-content\/uploads\/2024\/05\/40170_ekre_estency_100ml-1-200x200.png 200w, https:\/\/ekre.it\/wp-content\/uploads\/2024\/05\/40170_ekre_estency_100ml-1.png 800w\" \/><\/a>\n\t<\/div>\n\t<figcaption class=\"woocom-list-content\">\n\n\t\t<div class=\"woo-buttons\"><a href=\"https:\/\/ekre.it\/fr\/prodotto\/estensy-creme-cosmetique-colorante-sans-ammoniaque\/\" aria-describedby=\"woocommerce_loop_add_to_cart_link_describedby_5156\" data-quantity=\"1\" class=\"product_type_variable add_to_cart_button\" data-product_id=\"5156\" data-product_sku=\"\" aria-label=\"S\u00e9lectionner les options pour &ldquo;Estensy - Cr\u00e8me cosm\u00e9tique colorante sans ammoniaque&rdquo;\" rel=\"nofollow\">Choix des options<\/a>\t<span id=\"woocommerce_loop_add_to_cart_link_describedby_5156\" class=\"screen-reader-text\">\n\t\tCe produit a plusieurs variations. Les options peuvent \u00eatre choisies sur la page du produit\t<\/span>\n<\/div>\n\t<\/figcaption>\n<\/figure>\n<\/article><article class=\"post post-5375 product type-product status-publish has-post-thumbnail product_cat-coloration description-off  instock shipping-taxable purchasable product-type-variable\" ><figure class=\"woocom-project\">\n\t<div class=\"woo-buttons-on-img\">\n\n\t\t<a href=\"https:\/\/ekre.it\/fr\/prodotto\/artcolor-creme-colorante-cosmetique\/\" class=\"alignnone layzr-bg\"><img loading=\"lazy\" decoding=\"async\" width=\"300\" height=\"300\" src=\"data:image\/svg+xml;charset=utf-8,%3Csvg xmlns%3D&#039;http%3A%2F%2Fwww.w3.org%2F2000%2Fsvg&#039; viewBox%3D&#039;0 0 300 300&#039;%2F%3E\" class=\"attachment-woocommerce_thumbnail size-woocommerce_thumbnail owl-lazy-load preload-me\" alt=\"Artcolor - Cr\u00e8me colorante cosm\u00e9tique\" data-src=\"https:\/\/ekre.it\/wp-content\/uploads\/2024\/05\/ekre_art_color_cosmetic_colouring_cream_100ml-2-1-300x300.png\" data-srcset=\"https:\/\/ekre.it\/wp-content\/uploads\/2024\/05\/ekre_art_color_cosmetic_colouring_cream_100ml-2-1-300x300.png 300w, https:\/\/ekre.it\/wp-content\/uploads\/2024\/05\/ekre_art_color_cosmetic_colouring_cream_100ml-2-1-150x150.png 150w, https:\/\/ekre.it\/wp-content\/uploads\/2024\/05\/ekre_art_color_cosmetic_colouring_cream_100ml-2-1-200x200.png 200w, https:\/\/ekre.it\/wp-content\/uploads\/2024\/05\/ekre_art_color_cosmetic_colouring_cream_100ml-2-1.png 600w\" \/><\/a>\n\t<\/div>\n\t<figcaption class=\"woocom-list-content\">\n\n\t\t<div class=\"woo-buttons\"><a href=\"https:\/\/ekre.it\/fr\/prodotto\/artcolor-creme-colorante-cosmetique\/\" aria-describedby=\"woocommerce_loop_add_to_cart_link_describedby_5375\" data-quantity=\"1\" class=\"product_type_variable add_to_cart_button\" data-product_id=\"5375\" data-product_sku=\"\" aria-label=\"S\u00e9lectionner les options pour &ldquo;Artcolor - Cr\u00e8me colorante cosm\u00e9tique&rdquo;\" rel=\"nofollow\">Choix des options<\/a>\t<span id=\"woocommerce_loop_add_to_cart_link_describedby_5375\" class=\"screen-reader-text\">\n\t\tCe produit a plusieurs variations. Les options peuvent \u00eatre choisies sur la page du produit\t<\/span>\n<\/div>\n\t<\/figcaption>\n<\/figure>\n<\/article><\/div>[\/vc_column][\/vc_row]\n<\/div>","protected":false},"excerpt":{"rendered":"<p class=\"p1\">M\u00e9lange aromatique enveloppant avec du bisabolol et de l\u2019huile essentielle de menthe poivr\u00e9e. Aide \u00e0 r\u00e9duire la sensibilisation cutan\u00e9e caus\u00e9e par les traitements colorants, tout en pr\u00e9servant la barri\u00e8re \u00e9pidermique. Certifi\u00e9 VEGANOK, ce produit ne contient aucun ingr\u00e9dient d\u2019origine animale et refl\u00e8te pleinement les valeurs \u00e9thiques v\u00e9ganes.<\/p>\n<p class=\"p1\">Usage professionnel. Usage externe uniquement.<\/p>\n<p class=\"p1\">Format : 50 ml<\/p>\n<p><b>Certifi\u00e9 VEGANOK,\u00a0<\/b>ce produit<b>\u00a0ne comporte aucun ingr\u00e9dient d\u2019origine animale et refl\u00e8te enti\u00e8rement les valeurs \u00e9thiques v\u00e9ganes.<\/b><br \/>\n<img loading=\"lazy\" decoding=\"async\" class=\"alignnone size-full wp-image-5185\" src=\"https:\/\/ekre.it\/wp-content\/uploads\/2021\/06\/vegan_3.png\" alt=\"\" width=\"60\" height=\"68\" \/><\/p>\n","protected":false},"featured_media":7473,"template":"","meta":[],"product_brand":[],"product_cat":[894],"product_tag":[],"class_list":{"0":"post-7483","1":"product","2":"type-product","3":"status-publish","4":"has-post-thumbnail","6":"product_cat-coloration","7":"description-off","9":"last","10":"instock","11":"shipping-taxable","12":"product-type-simple"},"yoast_head":"<!-- This site is optimized with the Yoast SEO plugin v26.7 - https:\/\/yoast.com\/wordpress\/plugins\/seo\/ -->\n<title>Armony \u2013 M\u00e9lange aromatique enveloppant - Ekre - Be Natural<\/title>\n<meta name=\"robots\" content=\"index, follow, max-snippet:-1, max-image-preview:large, max-video-preview:-1\" \/>\n<link rel=\"canonical\" href=\"https:\/\/ekre.it\/fr\/prodotto\/armony-melange-aromatique-enveloppant\/\" \/>\n<meta property=\"og:locale\" content=\"fr_FR\" \/>\n<meta property=\"og:type\" content=\"article\" \/>\n<meta property=\"og:title\" content=\"Armony \u2013 M\u00e9lange aromatique enveloppant - Ekre - Be Natural\" \/>\n<meta property=\"og:description\" content=\"M\u00e9lange aromatique enveloppant avec du bisabolol et de l\u2019huile essentielle de menthe poivr\u00e9e. Aide \u00e0 r\u00e9duire la sensibilisation cutan\u00e9e caus\u00e9e par les traitements colorants, tout en pr\u00e9servant la barri\u00e8re \u00e9pidermique. Certifi\u00e9 VEGANOK, ce produit ne contient aucun ingr\u00e9dient d\u2019origine animale et refl\u00e8te pleinement les valeurs \u00e9thiques v\u00e9ganes. Usage professionnel. Usage externe uniquement. Format : 50 ml Certifi\u00e9 VEGANOK,\u00a0ce produit\u00a0ne comporte aucun ingr\u00e9dient d\u2019origine animale et refl\u00e8te enti\u00e8rement les valeurs \u00e9thiques v\u00e9ganes.\" \/>\n<meta property=\"og:url\" content=\"https:\/\/ekre.it\/fr\/prodotto\/armony-melange-aromatique-enveloppant\/\" \/>\n<meta property=\"og:site_name\" content=\"Ekre - Be Natural\" \/>\n<meta property=\"article:modified_time\" content=\"2025-07-10T07:38:44+00:00\" \/>\n<meta property=\"og:image\" content=\"https:\/\/ekre.it\/wp-content\/uploads\/2025\/06\/42083_ekre_armony_50ml.png\" \/>\n\t<meta property=\"og:image:width\" content=\"800\" \/>\n\t<meta property=\"og:image:height\" content=\"800\" \/>\n\t<meta property=\"og:image:type\" content=\"image\/png\" \/>\n<meta name=\"twitter:card\" content=\"summary_large_image\" \/>\n<meta name=\"twitter:label1\" content=\"Dur\u00e9e de lecture estim\u00e9e\" \/>\n\t<meta name=\"twitter:data1\" content=\"1 minute\" \/>\n<script type=\"application\/ld+json\" class=\"yoast-schema-graph\">{\"@context\":\"https:\/\/schema.org\",\"@graph\":[{\"@type\":\"WebPage\",\"@id\":\"https:\/\/ekre.it\/fr\/prodotto\/armony-melange-aromatique-enveloppant\/\",\"url\":\"https:\/\/ekre.it\/fr\/prodotto\/armony-melange-aromatique-enveloppant\/\",\"name\":\"Armony \u2013 M\u00e9lange aromatique enveloppant - Ekre - Be Natural\",\"isPartOf\":{\"@id\":\"https:\/\/ekre.it\/fr\/#website\"},\"primaryImageOfPage\":{\"@id\":\"https:\/\/ekre.it\/fr\/prodotto\/armony-melange-aromatique-enveloppant\/#primaryimage\"},\"image\":{\"@id\":\"https:\/\/ekre.it\/fr\/prodotto\/armony-melange-aromatique-enveloppant\/#primaryimage\"},\"thumbnailUrl\":\"https:\/\/ekre.it\/wp-content\/uploads\/2025\/06\/42083_ekre_armony_50ml.png\",\"datePublished\":\"2025-07-10T07:38:43+00:00\",\"dateModified\":\"2025-07-10T07:38:44+00:00\",\"breadcrumb\":{\"@id\":\"https:\/\/ekre.it\/fr\/prodotto\/armony-melange-aromatique-enveloppant\/#breadcrumb\"},\"inLanguage\":\"fr-FR\",\"potentialAction\":[{\"@type\":\"ReadAction\",\"target\":[\"https:\/\/ekre.it\/fr\/prodotto\/armony-melange-aromatique-enveloppant\/\"]}]},{\"@type\":\"ImageObject\",\"inLanguage\":\"fr-FR\",\"@id\":\"https:\/\/ekre.it\/fr\/prodotto\/armony-melange-aromatique-enveloppant\/#primaryimage\",\"url\":\"https:\/\/ekre.it\/wp-content\/uploads\/2025\/06\/42083_ekre_armony_50ml.png\",\"contentUrl\":\"https:\/\/ekre.it\/wp-content\/uploads\/2025\/06\/42083_ekre_armony_50ml.png\",\"width\":800,\"height\":800},{\"@type\":\"BreadcrumbList\",\"@id\":\"https:\/\/ekre.it\/fr\/prodotto\/armony-melange-aromatique-enveloppant\/#breadcrumb\",\"itemListElement\":[{\"@type\":\"ListItem\",\"position\":1,\"name\":\"Home\",\"item\":\"https:\/\/ekre.it\/fr\/home\/\"},{\"@type\":\"ListItem\",\"position\":2,\"name\":\"Produits\",\"item\":\"https:\/\/ekre.it\/fr\/shop\/\"},{\"@type\":\"ListItem\",\"position\":3,\"name\":\"Armony \u2013 M\u00e9lange aromatique enveloppant\"}]},{\"@type\":\"WebSite\",\"@id\":\"https:\/\/ekre.it\/fr\/#website\",\"url\":\"https:\/\/ekre.it\/fr\/\",\"name\":\"Ekre - Be Natural\",\"description\":\"\",\"potentialAction\":[{\"@type\":\"SearchAction\",\"target\":{\"@type\":\"EntryPoint\",\"urlTemplate\":\"https:\/\/ekre.it\/fr\/?s={search_term_string}\"},\"query-input\":{\"@type\":\"PropertyValueSpecification\",\"valueRequired\":true,\"valueName\":\"search_term_string\"}}],\"inLanguage\":\"fr-FR\"}]}<\/script>\n<!-- \/ Yoast SEO plugin. -->","yoast_head_json":{"title":"Armony \u2013 M\u00e9lange aromatique enveloppant - Ekre - Be Natural","robots":{"index":"index","follow":"follow","max-snippet":"max-snippet:-1","max-image-preview":"max-image-preview:large","max-video-preview":"max-video-preview:-1"},"canonical":"https:\/\/ekre.it\/fr\/prodotto\/armony-melange-aromatique-enveloppant\/","og_locale":"fr_FR","og_type":"article","og_title":"Armony \u2013 M\u00e9lange aromatique enveloppant - Ekre - Be Natural","og_description":"M\u00e9lange aromatique enveloppant avec du bisabolol et de l\u2019huile essentielle de menthe poivr\u00e9e. Aide \u00e0 r\u00e9duire la sensibilisation cutan\u00e9e caus\u00e9e par les traitements colorants, tout en pr\u00e9servant la barri\u00e8re \u00e9pidermique. Certifi\u00e9 VEGANOK, ce produit ne contient aucun ingr\u00e9dient d\u2019origine animale et refl\u00e8te pleinement les valeurs \u00e9thiques v\u00e9ganes. Usage professionnel. Usage externe uniquement. Format : 50 ml Certifi\u00e9 VEGANOK,\u00a0ce produit\u00a0ne comporte aucun ingr\u00e9dient d\u2019origine animale et refl\u00e8te enti\u00e8rement les valeurs \u00e9thiques v\u00e9ganes.","og_url":"https:\/\/ekre.it\/fr\/prodotto\/armony-melange-aromatique-enveloppant\/","og_site_name":"Ekre - Be Natural","article_modified_time":"2025-07-10T07:38:44+00:00","og_image":[{"width":800,"height":800,"url":"https:\/\/ekre.it\/wp-content\/uploads\/2025\/06\/42083_ekre_armony_50ml.png","type":"image\/png"}],"twitter_card":"summary_large_image","twitter_misc":{"Dur\u00e9e de lecture estim\u00e9e":"1 minute"},"schema":{"@context":"https:\/\/schema.org","@graph":[{"@type":"WebPage","@id":"https:\/\/ekre.it\/fr\/prodotto\/armony-melange-aromatique-enveloppant\/","url":"https:\/\/ekre.it\/fr\/prodotto\/armony-melange-aromatique-enveloppant\/","name":"Armony \u2013 M\u00e9lange aromatique enveloppant - Ekre - Be Natural","isPartOf":{"@id":"https:\/\/ekre.it\/fr\/#website"},"primaryImageOfPage":{"@id":"https:\/\/ekre.it\/fr\/prodotto\/armony-melange-aromatique-enveloppant\/#primaryimage"},"image":{"@id":"https:\/\/ekre.it\/fr\/prodotto\/armony-melange-aromatique-enveloppant\/#primaryimage"},"thumbnailUrl":"https:\/\/ekre.it\/wp-content\/uploads\/2025\/06\/42083_ekre_armony_50ml.png","datePublished":"2025-07-10T07:38:43+00:00","dateModified":"2025-07-10T07:38:44+00:00","breadcrumb":{"@id":"https:\/\/ekre.it\/fr\/prodotto\/armony-melange-aromatique-enveloppant\/#breadcrumb"},"inLanguage":"fr-FR","potentialAction":[{"@type":"ReadAction","target":["https:\/\/ekre.it\/fr\/prodotto\/armony-melange-aromatique-enveloppant\/"]}]},{"@type":"ImageObject","inLanguage":"fr-FR","@id":"https:\/\/ekre.it\/fr\/prodotto\/armony-melange-aromatique-enveloppant\/#primaryimage","url":"https:\/\/ekre.it\/wp-content\/uploads\/2025\/06\/42083_ekre_armony_50ml.png","contentUrl":"https:\/\/ekre.it\/wp-content\/uploads\/2025\/06\/42083_ekre_armony_50ml.png","width":800,"height":800},{"@type":"BreadcrumbList","@id":"https:\/\/ekre.it\/fr\/prodotto\/armony-melange-aromatique-enveloppant\/#breadcrumb","itemListElement":[{"@type":"ListItem","position":1,"name":"Home","item":"https:\/\/ekre.it\/fr\/home\/"},{"@type":"ListItem","position":2,"name":"Produits","item":"https:\/\/ekre.it\/fr\/shop\/"},{"@type":"ListItem","position":3,"name":"Armony \u2013 M\u00e9lange aromatique enveloppant"}]},{"@type":"WebSite","@id":"https:\/\/ekre.it\/fr\/#website","url":"https:\/\/ekre.it\/fr\/","name":"Ekre - Be Natural","description":"","potentialAction":[{"@type":"SearchAction","target":{"@type":"EntryPoint","urlTemplate":"https:\/\/ekre.it\/fr\/?s={search_term_string}"},"query-input":{"@type":"PropertyValueSpecification","valueRequired":true,"valueName":"search_term_string"}}],"inLanguage":"fr-FR"}]}},"_links":{"self":[{"href":"https:\/\/ekre.it\/fr\/wp-json\/wp\/v2\/product\/7483","targetHints":{"allow":["GET"]}}],"collection":[{"href":"https:\/\/ekre.it\/fr\/wp-json\/wp\/v2\/product"}],"about":[{"href":"https:\/\/ekre.it\/fr\/wp-json\/wp\/v2\/types\/product"}],"wp:featuredmedia":[{"embeddable":true,"href":"https:\/\/ekre.it\/fr\/wp-json\/wp\/v2\/media\/7473"}],"wp:attachment":[{"href":"https:\/\/ekre.it\/fr\/wp-json\/wp\/v2\/media?parent=7483"}],"wp:term":[{"taxonomy":"product_brand","embeddable":true,"href":"https:\/\/ekre.it\/fr\/wp-json\/wp\/v2\/product_brand?post=7483"},{"taxonomy":"product_cat","embeddable":true,"href":"https:\/\/ekre.it\/fr\/wp-json\/wp\/v2\/product_cat?post=7483"},{"taxonomy":"product_tag","embeddable":true,"href":"https:\/\/ekre.it\/fr\/wp-json\/wp\/v2\/product_tag?post=7483"}],"curies":[{"name":"wp","href":"https:\/\/api.w.org\/{rel}","templated":true}]}}