{"id":7578,"date":"2026-03-06T11:34:49","date_gmt":"2026-03-06T10:34:49","guid":{"rendered":"https:\/\/ekre.it\/?post_type=product&#038;p=7578"},"modified":"2026-03-06T12:32:07","modified_gmt":"2026-03-06T11:32:07","slug":"life-gentle-masque-apaisant-pre-shampooing","status":"publish","type":"product","link":"https:\/\/ekre.it\/fr\/prodotto\/life-gentle-masque-apaisant-pre-shampooing\/","title":{"rendered":"Life.Gentle \u2013 Masque Apaisant Pr\u00e9-Shampooing"},"content":{"rendered":"<div class=\"wpb-content-wrapper\">[vc_row el_class=&#8221;bordo_benefici&#8221;][vc_column][vc_column_text css=&#8221;&#8221;]\n<h2 style=\"text-align: left;\">Avantages<\/h2>\n<ul>\n<li style=\"font-weight: 400;\" aria-level=\"1\"><span style=\"font-weight: 400;\">Aide \u00e0 apaiser les d\u00e9mangeaisons et les rougeurs<\/span><\/li>\n<li style=\"font-weight: 400;\" aria-level=\"1\"><span style=\"font-weight: 400;\">Soutient la barri\u00e8re cutan\u00e9e avant le lavage<\/span><\/li>\n<li style=\"font-weight: 400;\" aria-level=\"1\"><span style=\"font-weight: 400;\">Procure une sensation imm\u00e9diate de confort<\/span><\/li>\n<li style=\"font-weight: 400;\" aria-level=\"1\"><span style=\"font-weight: 400;\">Id\u00e9al pour cuir chevelu sensible ou r\u00e9actif<\/span><\/li>\n<li style=\"font-weight: 400;\" aria-level=\"1\"><span style=\"font-weight: 400;\">V\u00e9gan et dermo-affine<\/span><\/li>\n<\/ul>\n[\/vc_column_text][\/vc_column][\/vc_row][vc_row][vc_column][vc_empty_space height=&#8221;80px&#8221;][\/vc_column][\/vc_row][vc_row][vc_column][vc_column_text css=&#8221;&#8221;]\n<h2 style=\"text-align: center;\">Produits en vedette<\/h2>\n[\/vc_column_text]<style type=\"text\/css\" data-type=\"the7_shortcodes-inline-css\">.products-carousel-shortcode.products-carousel-shortcode-id-42d373411047d637d776cf1bfbcc5f56.owl-carousel .owl-nav div {\n  width: 36px;\n  height: 36px;\n  border-radius: 500px;\n}\n.dt-arrow-border-on.products-carousel-shortcode.products-carousel-shortcode-id-42d373411047d637d776cf1bfbcc5f56.owl-carousel .owl-nav div:not(:hover):before {\n  border-width: 0px;\n}\n.dt-arrow-hover-border-on.products-carousel-shortcode.products-carousel-shortcode-id-42d373411047d637d776cf1bfbcc5f56.owl-carousel .owl-nav div:hover:after {\n  border-width: 0px;\n}\n.products-carousel-shortcode.products-carousel-shortcode-id-42d373411047d637d776cf1bfbcc5f56.owl-carousel .owl-nav div.owl-prev {\n  top: 50%;\n  transform: translateY(calc(-50% + 0px));\n  left: -43px;\n}\n@media all and (-ms-high-contrast: none) {\n  .products-carousel-shortcode.products-carousel-shortcode-id-42d373411047d637d776cf1bfbcc5f56.owl-carousel .owl-nav div.owl-prev {\n    transform: translateY(-50%);\n    margin-top: 0px;\n  }\n}\n.products-carousel-shortcode.products-carousel-shortcode-id-42d373411047d637d776cf1bfbcc5f56.owl-carousel .owl-nav div.owl-prev i {\n  padding: 0px 0px 0px 0px;\n}\n.products-carousel-shortcode.products-carousel-shortcode-id-42d373411047d637d776cf1bfbcc5f56.owl-carousel .owl-nav div.owl-next {\n  top: 50%;\n  transform: translateY(calc(-50% + 0px));\n  right: -43px;\n}\n@media all and (-ms-high-contrast: none) {\n  .products-carousel-shortcode.products-carousel-shortcode-id-42d373411047d637d776cf1bfbcc5f56.owl-carousel .owl-nav div.owl-next {\n    transform: translateY(-50%);\n    margin-top: 0px;\n  }\n}\n.products-carousel-shortcode.products-carousel-shortcode-id-42d373411047d637d776cf1bfbcc5f56.owl-carousel .owl-nav div.owl-next i {\n  padding: 0px 0px 0px 0px;\n}\n.products-carousel-shortcode.products-carousel-shortcode-id-42d373411047d637d776cf1bfbcc5f56.owl-carousel .owl-nav i {\n  font-size: 18px;\n}\n.products-carousel-shortcode.products-carousel-shortcode-id-42d373411047d637d776cf1bfbcc5f56.owl-carousel .owl-nav div:not(:hover) i,\n.products-carousel-shortcode.products-carousel-shortcode-id-42d373411047d637d776cf1bfbcc5f56.owl-carousel .owl-nav div:not(:hover) i:before {\n  color: #ffffff;\n  background: none;\n}\n.products-carousel-shortcode.products-carousel-shortcode-id-42d373411047d637d776cf1bfbcc5f56.owl-carousel .owl-nav div:hover i,\n.products-carousel-shortcode.products-carousel-shortcode-id-42d373411047d637d776cf1bfbcc5f56.owl-carousel .owl-nav div:hover i:before {\n  color: rgba(255,255,255,0.75);\n  background: none;\n}\n.products-carousel-shortcode.products-carousel-shortcode-id-42d373411047d637d776cf1bfbcc5f56 .owl-dots {\n  top: calc(100% + 20px);\n  left: 50%;\n  transform: translateX(calc(-50% + 0px));\n}\n@media all and (-ms-high-contrast: none) {\n  .products-carousel-shortcode.products-carousel-shortcode-id-42d373411047d637d776cf1bfbcc5f56 .owl-dots {\n    transform: translateX(-50%);\n    margin-left: 0px;\n  }\n}\n.products-carousel-shortcode.products-carousel-shortcode-id-42d373411047d637d776cf1bfbcc5f56 .owl-dot {\n  width: 10px;\n  height: 10px;\n  margin: 0 8px;\n}\n.bullets-scale-up.products-carousel-shortcode.products-carousel-shortcode-id-42d373411047d637d776cf1bfbcc5f56 .owl-dot:not(.active):not(:hover) span {\n  background: #dbd6cc;\n}\n.bullets-scale-up.products-carousel-shortcode.products-carousel-shortcode-id-42d373411047d637d776cf1bfbcc5f56 .owl-dot:not(.active):hover span,\n.bullets-scale-up.products-carousel-shortcode.products-carousel-shortcode-id-42d373411047d637d776cf1bfbcc5f56 .owl-dot.active span {\n  background: #8d847a;\n}\n.bullets-stroke.products-carousel-shortcode.products-carousel-shortcode-id-42d373411047d637d776cf1bfbcc5f56 .owl-dot:not(.active):not(:hover) span {\n  background: #dbd6cc;\n}\n.bullets-stroke.products-carousel-shortcode.products-carousel-shortcode-id-42d373411047d637d776cf1bfbcc5f56 .owl-dot:not(.active):hover span {\n  background: #8d847a;\n}\n.bullets-stroke.products-carousel-shortcode.products-carousel-shortcode-id-42d373411047d637d776cf1bfbcc5f56 .owl-dot.active span {\n  box-shadow: 0 0 0 2px #8d847a;\n}\n.bullets-fill-in.products-carousel-shortcode.products-carousel-shortcode-id-42d373411047d637d776cf1bfbcc5f56 .owl-dot:not(.active):not(:hover) span {\n  box-shadow: inset 0 0 0 2px #dbd6cc;\n}\n.bullets-fill-in.products-carousel-shortcode.products-carousel-shortcode-id-42d373411047d637d776cf1bfbcc5f56 .owl-dot:not(.active):hover span {\n  box-shadow: inset 0 0 0 2px #8d847a;\n}\n.bullets-fill-in.products-carousel-shortcode.products-carousel-shortcode-id-42d373411047d637d776cf1bfbcc5f56 .owl-dot.active span {\n  box-shadow: inset 0 0 0 20px #8d847a;\n}\n.bullets-small-dot-stroke.products-carousel-shortcode.products-carousel-shortcode-id-42d373411047d637d776cf1bfbcc5f56 .owl-dot:not(.active):not(:hover) span {\n  background: #dbd6cc;\n}\n.bullets-small-dot-stroke.products-carousel-shortcode.products-carousel-shortcode-id-42d373411047d637d776cf1bfbcc5f56 .owl-dot:not(.active):hover span,\n.bullets-small-dot-stroke.products-carousel-shortcode.products-carousel-shortcode-id-42d373411047d637d776cf1bfbcc5f56 .owl-dot.active span {\n  background: #8d847a;\n}\n.bullets-small-dot-stroke.products-carousel-shortcode.products-carousel-shortcode-id-42d373411047d637d776cf1bfbcc5f56 .owl-dot.active {\n  box-shadow: 0 0 0 2px #8d847a;\n}\n.bullets-ubax.products-carousel-shortcode.products-carousel-shortcode-id-42d373411047d637d776cf1bfbcc5f56 .owl-dot span {\n  background: #dbd6cc;\n}\n.bullets-ubax.products-carousel-shortcode.products-carousel-shortcode-id-42d373411047d637d776cf1bfbcc5f56 .owl-dot.active span {\n  border-color: #8d847a;\n}\n.bullets-ubax.products-carousel-shortcode.products-carousel-shortcode-id-42d373411047d637d776cf1bfbcc5f56 .owl-dot:not(.active):hover span {\n  background: #8d847a;\n}\n.bullets-etefu.products-carousel-shortcode.products-carousel-shortcode-id-42d373411047d637d776cf1bfbcc5f56 .owl-dot span {\n  background: #dbd6cc;\n}\n.bullets-etefu.products-carousel-shortcode.products-carousel-shortcode-id-42d373411047d637d776cf1bfbcc5f56 .owl-dot:not(.active):hover span {\n  background: #8d847a;\n}\n.bullets-etefu.products-carousel-shortcode.products-carousel-shortcode-id-42d373411047d637d776cf1bfbcc5f56 .owl-dot span:before {\n  background: #8d847a;\n}\n.accent-gradient .bullets-etefu.products-carousel-shortcode.products-carousel-shortcode-id-42d373411047d637d776cf1bfbcc5f56 .owl-dot span:before {\n  background: #8d847a;\n}\n@media screen and (max-width: 778px) {\n  .products-carousel-shortcode.products-carousel-shortcode-id-42d373411047d637d776cf1bfbcc5f56.hide-arrows .owl-nav a {\n    display: none;\n  }\n}\n@media screen and (max-width: 778px) {\n  .products-carousel-shortcode.products-carousel-shortcode-id-42d373411047d637d776cf1bfbcc5f56.reposition-arrows .owl-nav div.owl-prev {\n    top: 50%;\n    transform: translateY(calc(-50% + 0px));\n    left: 10px;\n  }\n  .products-carousel-shortcode.products-carousel-shortcode-id-42d373411047d637d776cf1bfbcc5f56.reposition-arrows .owl-nav div.owl-next {\n    top: 50%;\n    transform: translateY(calc(-50% + 0px));\n    right: 10px;\n  }\n}\n@media screen and (max-width: 778px) and all and (-ms-high-contrast: none) {\n  .products-carousel-shortcode.products-carousel-shortcode-id-42d373411047d637d776cf1bfbcc5f56.reposition-arrows .owl-nav div.owl-prev {\n    transform: translateY(-50%);\n    margin-top: 0px;\n  }\n}\n@media screen and (max-width: 778px) and all and (-ms-high-contrast: none) {\n  .products-carousel-shortcode.products-carousel-shortcode-id-42d373411047d637d776cf1bfbcc5f56.reposition-arrows .owl-nav div.owl-next {\n    transform: translateY(-50%);\n    margin-top: 0px;\n  }\n}<\/style><div class=\"owl-carousel products-carousel-shortcode dt-owl-carousel-call products-carousel-shortcode-id-42d373411047d637d776cf1bfbcc5f56 cart-btn-below-img bullets-ubax reposition-arrows arrows-bg-on dt-arrow-border-on dt-arrow-hover-border-on disable-arrows-hover-bg arrows-hover-bg-on  wc-img-hover hide-description hide-rating bordo_prodotti_correlati\" data-scroll-mode=\"1\" data-wide-col-num=\"4\" data-col-num=\"3\" data-laptop-col=\"3\" data-h-tablet-columns-num=\"3\" data-v-tablet-columns-num=\"2\" data-phone-columns-num=\"1\" data-auto-height=\"true\" data-col-gap=\"30\" data-stage-padding=\"0\" data-speed=\"600\" data-autoplay=\"false\" data-autoplay_speed=\"6000\" data-arrows=\"false\" data-bullet=\"true\" data-next-icon=\"icon-ar-017-r\" data-prev-icon=\"icon-ar-017-l\"><article class=\"post post-7605 product type-product status-publish has-post-thumbnail product_cat-life-gentle-traitement-pour-cuir-chevelu-sensible product_cat-soins description-off first instock featured shipping-taxable product-type-simple\" ><figure class=\"woocom-project\">\n\t<div class=\"woo-buttons-on-img\">\n\n\t\t<a href=\"https:\/\/ekre.it\/fr\/prodotto\/life-gentle-spray-apaisant\/\" class=\"alignnone layzr-bg\"><img loading=\"lazy\" decoding=\"async\" width=\"300\" height=\"300\" src=\"data:image\/svg+xml;charset=utf-8,%3Csvg xmlns%3D&#039;http%3A%2F%2Fwww.w3.org%2F2000%2Fsvg&#039; viewBox%3D&#039;0 0 300 300&#039;%2F%3E\" class=\"attachment-woocommerce_thumbnail size-woocommerce_thumbnail owl-lazy-load preload-me\" alt=\"Life.Gentle \u2013 Spray Apaisant\" data-src=\"https:\/\/ekre.it\/wp-content\/uploads\/2026\/02\/42088_ekre_life_gentle_spray_150ml-300x300.png\" data-srcset=\"https:\/\/ekre.it\/wp-content\/uploads\/2026\/02\/42088_ekre_life_gentle_spray_150ml-300x300.png 300w, https:\/\/ekre.it\/wp-content\/uploads\/2026\/02\/42088_ekre_life_gentle_spray_150ml-150x150.png 150w, https:\/\/ekre.it\/wp-content\/uploads\/2026\/02\/42088_ekre_life_gentle_spray_150ml-768x768.png 768w, https:\/\/ekre.it\/wp-content\/uploads\/2026\/02\/42088_ekre_life_gentle_spray_150ml-600x600.png 600w, https:\/\/ekre.it\/wp-content\/uploads\/2026\/02\/42088_ekre_life_gentle_spray_150ml-200x200.png 200w, https:\/\/ekre.it\/wp-content\/uploads\/2026\/02\/42088_ekre_life_gentle_spray_150ml.png 800w\" \/><\/a>\n\t<\/div>\n\t<figcaption class=\"woocom-list-content\">\n\n\t\t<div class=\"woo-buttons\"><a href=\"https:\/\/ekre.it\/fr\/prodotto\/life-gentle-spray-apaisant\/\" aria-describedby=\"woocommerce_loop_add_to_cart_link_describedby_7605\" data-quantity=\"1\" class=\"product_type_simple ajax_add_to_cart\" data-product_id=\"7605\" data-product_sku=\"\" aria-label=\"En savoir plus sur &ldquo;Life.Gentle \u2013 Spray Apaisant&rdquo;\" rel=\"nofollow\" data-success_message=\"\">Lire la suite<\/a>\t<span id=\"woocommerce_loop_add_to_cart_link_describedby_7605\" class=\"screen-reader-text\">\n\t\t\t<\/span>\n<\/div>\n\t<\/figcaption>\n<\/figure>\n<\/article><article class=\"post post-7595 product type-product status-publish has-post-thumbnail product_cat-life-gentle-traitement-pour-cuir-chevelu-sensible product_cat-soins description-off  instock featured shipping-taxable product-type-simple\" ><figure class=\"woocom-project\">\n\t<div class=\"woo-buttons-on-img\">\n\n\t\t<a href=\"https:\/\/ekre.it\/fr\/prodotto\/life-gentle-apres-shampooing-creme-hydratant\/\" class=\"alignnone layzr-bg\"><img loading=\"lazy\" decoding=\"async\" width=\"300\" height=\"300\" src=\"data:image\/svg+xml;charset=utf-8,%3Csvg xmlns%3D&#039;http%3A%2F%2Fwww.w3.org%2F2000%2Fsvg&#039; viewBox%3D&#039;0 0 300 300&#039;%2F%3E\" class=\"attachment-woocommerce_thumbnail size-woocommerce_thumbnail owl-lazy-load preload-me\" alt=\"Life.Gentle \u2013 Apr\u00e8s-Shampooing Cr\u00e8me Hydratant\" data-src=\"https:\/\/ekre.it\/wp-content\/uploads\/2026\/02\/42051_ekre_life_gentle_conditioner_500ml-300x300.png\" data-srcset=\"https:\/\/ekre.it\/wp-content\/uploads\/2026\/02\/42051_ekre_life_gentle_conditioner_500ml-300x300.png 300w, https:\/\/ekre.it\/wp-content\/uploads\/2026\/02\/42051_ekre_life_gentle_conditioner_500ml-150x150.png 150w, https:\/\/ekre.it\/wp-content\/uploads\/2026\/02\/42051_ekre_life_gentle_conditioner_500ml-768x768.png 768w, https:\/\/ekre.it\/wp-content\/uploads\/2026\/02\/42051_ekre_life_gentle_conditioner_500ml-600x600.png 600w, https:\/\/ekre.it\/wp-content\/uploads\/2026\/02\/42051_ekre_life_gentle_conditioner_500ml-200x200.png 200w, https:\/\/ekre.it\/wp-content\/uploads\/2026\/02\/42051_ekre_life_gentle_conditioner_500ml.png 800w\" \/><\/a>\n\t<\/div>\n\t<figcaption class=\"woocom-list-content\">\n\n\t\t<div class=\"woo-buttons\"><a href=\"https:\/\/ekre.it\/fr\/prodotto\/life-gentle-apres-shampooing-creme-hydratant\/\" aria-describedby=\"woocommerce_loop_add_to_cart_link_describedby_7595\" data-quantity=\"1\" class=\"product_type_simple ajax_add_to_cart\" data-product_id=\"7595\" data-product_sku=\"\" aria-label=\"En savoir plus sur &ldquo;Life.Gentle \u2013 Apr\u00e8s-Shampooing Cr\u00e8me Hydratant&rdquo;\" rel=\"nofollow\" data-success_message=\"\">Lire la suite<\/a>\t<span id=\"woocommerce_loop_add_to_cart_link_describedby_7595\" class=\"screen-reader-text\">\n\t\t\t<\/span>\n<\/div>\n\t<\/figcaption>\n<\/figure>\n<\/article><article class=\"post post-7585 product type-product status-publish has-post-thumbnail product_cat-life-gentle-traitement-pour-cuir-chevelu-sensible product_cat-soins description-off  instock featured shipping-taxable product-type-simple\" ><figure class=\"woocom-project\">\n\t<div class=\"woo-buttons-on-img\">\n\n\t\t<a href=\"https:\/\/ekre.it\/fr\/prodotto\/life-gentle-shampooing-apaisant\/\" class=\"alignnone layzr-bg\"><img loading=\"lazy\" decoding=\"async\" width=\"300\" height=\"300\" src=\"data:image\/svg+xml;charset=utf-8,%3Csvg xmlns%3D&#039;http%3A%2F%2Fwww.w3.org%2F2000%2Fsvg&#039; viewBox%3D&#039;0 0 300 300&#039;%2F%3E\" class=\"attachment-woocommerce_thumbnail size-woocommerce_thumbnail owl-lazy-load preload-me\" alt=\"Life.Gentle \u2013 Shampooing Apaisant\" data-src=\"https:\/\/ekre.it\/wp-content\/uploads\/2026\/02\/42084_ekre_life_gentle_shampoo_1000ml-300x300.png\" data-srcset=\"https:\/\/ekre.it\/wp-content\/uploads\/2026\/02\/42084_ekre_life_gentle_shampoo_1000ml-300x300.png 300w, https:\/\/ekre.it\/wp-content\/uploads\/2026\/02\/42084_ekre_life_gentle_shampoo_1000ml-150x150.png 150w, https:\/\/ekre.it\/wp-content\/uploads\/2026\/02\/42084_ekre_life_gentle_shampoo_1000ml-768x768.png 768w, https:\/\/ekre.it\/wp-content\/uploads\/2026\/02\/42084_ekre_life_gentle_shampoo_1000ml-600x600.png 600w, https:\/\/ekre.it\/wp-content\/uploads\/2026\/02\/42084_ekre_life_gentle_shampoo_1000ml-200x200.png 200w, https:\/\/ekre.it\/wp-content\/uploads\/2026\/02\/42084_ekre_life_gentle_shampoo_1000ml.png 800w\" \/><\/a>\n\t<\/div>\n\t<figcaption class=\"woocom-list-content\">\n\n\t\t<div class=\"woo-buttons\"><a href=\"https:\/\/ekre.it\/fr\/prodotto\/life-gentle-shampooing-apaisant\/\" aria-describedby=\"woocommerce_loop_add_to_cart_link_describedby_7585\" data-quantity=\"1\" class=\"product_type_simple ajax_add_to_cart\" data-product_id=\"7585\" data-product_sku=\"\" aria-label=\"En savoir plus sur &ldquo;Life.Gentle \u2013 Shampooing Apaisant&rdquo;\" rel=\"nofollow\" data-success_message=\"\">Lire la suite<\/a>\t<span id=\"woocommerce_loop_add_to_cart_link_describedby_7585\" class=\"screen-reader-text\">\n\t\t\t<\/span>\n<\/div>\n\t<\/figcaption>\n<\/figure>\n<\/article><\/div>[\/vc_column][\/vc_row]\n<\/div>","protected":false},"excerpt":{"rendered":"<p><span style=\"font-weight: 400;\">Le Masque Apaisant Pr\u00e9-Shampooing Life.Gentle est un traitement cibl\u00e9 con\u00e7u pour apaiser le cuir chevelu avant le lavage. Appliqu\u00e9 sur cuir chevelu sec, il aide \u00e0 renforcer la barri\u00e8re cutan\u00e9e et \u00e0 r\u00e9duire les sensations d\u2019inconfort, pr\u00e9parant la peau \u00e0 un shampooing plus doux et confortable.<\/span><\/p>\n<p><span style=\"font-weight: 400;\">150 ml<\/span><\/p>\n<p>&nbsp;<\/p>\n<p><b>Certifi\u00e9 VEGANOK, ce produit ne comporte aucun ingr\u00e9dient d\u2019origine animale et refl\u00e8te enti\u00e8rement les valeurs \u00e9thiques v\u00e9ganes.<\/b><\/p>\n<p><img loading=\"lazy\" decoding=\"async\" class=\"alignnone size-full wp-image-5064\" src=\"https:\/\/ekre.it\/wp-content\/uploads\/2021\/06\/vegan_3.png\" alt=\"\" width=\"60\" height=\"68\" \/><\/p>\n","protected":false},"featured_media":7572,"template":"","meta":[],"product_brand":[],"product_cat":[1009,922],"product_tag":[],"class_list":{"0":"post-7578","1":"product","2":"type-product","3":"status-publish","4":"has-post-thumbnail","6":"product_cat-life-gentle-traitement-pour-cuir-chevelu-sensible","7":"product_cat-soins","8":"description-off","10":"last","11":"instock","12":"featured","13":"shipping-taxable","14":"product-type-simple"},"yoast_head":"<!-- This site is optimized with the Yoast SEO plugin v26.7 - https:\/\/yoast.com\/wordpress\/plugins\/seo\/ -->\n<title>Life.Gentle \u2013 Masque Apaisant Pr\u00e9-Shampooing - Ekre - Be Natural<\/title>\n<meta name=\"robots\" content=\"index, follow, max-snippet:-1, max-image-preview:large, max-video-preview:-1\" \/>\n<link rel=\"canonical\" href=\"https:\/\/ekre.it\/fr\/prodotto\/life-gentle-masque-apaisant-pre-shampooing\/\" \/>\n<meta property=\"og:locale\" content=\"fr_FR\" \/>\n<meta property=\"og:type\" content=\"article\" \/>\n<meta property=\"og:title\" content=\"Life.Gentle \u2013 Masque Apaisant Pr\u00e9-Shampooing - Ekre - Be Natural\" \/>\n<meta property=\"og:description\" content=\"Le Masque Apaisant Pr\u00e9-Shampooing Life.Gentle est un traitement cibl\u00e9 con\u00e7u pour apaiser le cuir chevelu avant le lavage. Appliqu\u00e9 sur cuir chevelu sec, il aide \u00e0 renforcer la barri\u00e8re cutan\u00e9e et \u00e0 r\u00e9duire les sensations d\u2019inconfort, pr\u00e9parant la peau \u00e0 un shampooing plus doux et confortable.  150 ml  &nbsp;  Certifi\u00e9 VEGANOK, ce produit ne comporte aucun ingr\u00e9dient d\u2019origine animale et refl\u00e8te enti\u00e8rement les valeurs \u00e9thiques v\u00e9ganes.\" \/>\n<meta property=\"og:url\" content=\"https:\/\/ekre.it\/fr\/prodotto\/life-gentle-masque-apaisant-pre-shampooing\/\" \/>\n<meta property=\"og:site_name\" content=\"Ekre - Be Natural\" \/>\n<meta property=\"article:modified_time\" content=\"2026-03-06T11:32:07+00:00\" \/>\n<meta property=\"og:image\" content=\"https:\/\/ekre.it\/wp-content\/uploads\/2026\/02\/42089_ekre_life_gentle_mask_150ml.png\" \/>\n\t<meta property=\"og:image:width\" content=\"800\" \/>\n\t<meta property=\"og:image:height\" content=\"800\" \/>\n\t<meta property=\"og:image:type\" content=\"image\/png\" \/>\n<meta name=\"twitter:card\" content=\"summary_large_image\" \/>\n<meta name=\"twitter:label1\" content=\"Dur\u00e9e de lecture estim\u00e9e\" \/>\n\t<meta name=\"twitter:data1\" content=\"1 minute\" \/>\n<script type=\"application\/ld+json\" class=\"yoast-schema-graph\">{\"@context\":\"https:\/\/schema.org\",\"@graph\":[{\"@type\":\"WebPage\",\"@id\":\"https:\/\/ekre.it\/fr\/prodotto\/life-gentle-masque-apaisant-pre-shampooing\/\",\"url\":\"https:\/\/ekre.it\/fr\/prodotto\/life-gentle-masque-apaisant-pre-shampooing\/\",\"name\":\"Life.Gentle \u2013 Masque Apaisant Pr\u00e9-Shampooing - Ekre - Be Natural\",\"isPartOf\":{\"@id\":\"https:\/\/ekre.it\/fr\/#website\"},\"primaryImageOfPage\":{\"@id\":\"https:\/\/ekre.it\/fr\/prodotto\/life-gentle-masque-apaisant-pre-shampooing\/#primaryimage\"},\"image\":{\"@id\":\"https:\/\/ekre.it\/fr\/prodotto\/life-gentle-masque-apaisant-pre-shampooing\/#primaryimage\"},\"thumbnailUrl\":\"https:\/\/ekre.it\/wp-content\/uploads\/2026\/02\/42089_ekre_life_gentle_mask_150ml.png\",\"datePublished\":\"2026-03-06T10:34:49+00:00\",\"dateModified\":\"2026-03-06T11:32:07+00:00\",\"breadcrumb\":{\"@id\":\"https:\/\/ekre.it\/fr\/prodotto\/life-gentle-masque-apaisant-pre-shampooing\/#breadcrumb\"},\"inLanguage\":\"fr-FR\",\"potentialAction\":[{\"@type\":\"ReadAction\",\"target\":[\"https:\/\/ekre.it\/fr\/prodotto\/life-gentle-masque-apaisant-pre-shampooing\/\"]}]},{\"@type\":\"ImageObject\",\"inLanguage\":\"fr-FR\",\"@id\":\"https:\/\/ekre.it\/fr\/prodotto\/life-gentle-masque-apaisant-pre-shampooing\/#primaryimage\",\"url\":\"https:\/\/ekre.it\/wp-content\/uploads\/2026\/02\/42089_ekre_life_gentle_mask_150ml.png\",\"contentUrl\":\"https:\/\/ekre.it\/wp-content\/uploads\/2026\/02\/42089_ekre_life_gentle_mask_150ml.png\",\"width\":800,\"height\":800},{\"@type\":\"BreadcrumbList\",\"@id\":\"https:\/\/ekre.it\/fr\/prodotto\/life-gentle-masque-apaisant-pre-shampooing\/#breadcrumb\",\"itemListElement\":[{\"@type\":\"ListItem\",\"position\":1,\"name\":\"Home\",\"item\":\"https:\/\/ekre.it\/fr\/home\/\"},{\"@type\":\"ListItem\",\"position\":2,\"name\":\"Produits\",\"item\":\"https:\/\/ekre.it\/fr\/shop\/\"},{\"@type\":\"ListItem\",\"position\":3,\"name\":\"Life.Gentle \u2013 Masque Apaisant Pr\u00e9-Shampooing\"}]},{\"@type\":\"WebSite\",\"@id\":\"https:\/\/ekre.it\/fr\/#website\",\"url\":\"https:\/\/ekre.it\/fr\/\",\"name\":\"Ekre - Be Natural\",\"description\":\"\",\"potentialAction\":[{\"@type\":\"SearchAction\",\"target\":{\"@type\":\"EntryPoint\",\"urlTemplate\":\"https:\/\/ekre.it\/fr\/?s={search_term_string}\"},\"query-input\":{\"@type\":\"PropertyValueSpecification\",\"valueRequired\":true,\"valueName\":\"search_term_string\"}}],\"inLanguage\":\"fr-FR\"}]}<\/script>\n<!-- \/ Yoast SEO plugin. -->","yoast_head_json":{"title":"Life.Gentle \u2013 Masque Apaisant Pr\u00e9-Shampooing - Ekre - Be Natural","robots":{"index":"index","follow":"follow","max-snippet":"max-snippet:-1","max-image-preview":"max-image-preview:large","max-video-preview":"max-video-preview:-1"},"canonical":"https:\/\/ekre.it\/fr\/prodotto\/life-gentle-masque-apaisant-pre-shampooing\/","og_locale":"fr_FR","og_type":"article","og_title":"Life.Gentle \u2013 Masque Apaisant Pr\u00e9-Shampooing - Ekre - Be Natural","og_description":"Le Masque Apaisant Pr\u00e9-Shampooing Life.Gentle est un traitement cibl\u00e9 con\u00e7u pour apaiser le cuir chevelu avant le lavage. Appliqu\u00e9 sur cuir chevelu sec, il aide \u00e0 renforcer la barri\u00e8re cutan\u00e9e et \u00e0 r\u00e9duire les sensations d\u2019inconfort, pr\u00e9parant la peau \u00e0 un shampooing plus doux et confortable.  150 ml  &nbsp;  Certifi\u00e9 VEGANOK, ce produit ne comporte aucun ingr\u00e9dient d\u2019origine animale et refl\u00e8te enti\u00e8rement les valeurs \u00e9thiques v\u00e9ganes.","og_url":"https:\/\/ekre.it\/fr\/prodotto\/life-gentle-masque-apaisant-pre-shampooing\/","og_site_name":"Ekre - Be Natural","article_modified_time":"2026-03-06T11:32:07+00:00","og_image":[{"width":800,"height":800,"url":"https:\/\/ekre.it\/wp-content\/uploads\/2026\/02\/42089_ekre_life_gentle_mask_150ml.png","type":"image\/png"}],"twitter_card":"summary_large_image","twitter_misc":{"Dur\u00e9e de lecture estim\u00e9e":"1 minute"},"schema":{"@context":"https:\/\/schema.org","@graph":[{"@type":"WebPage","@id":"https:\/\/ekre.it\/fr\/prodotto\/life-gentle-masque-apaisant-pre-shampooing\/","url":"https:\/\/ekre.it\/fr\/prodotto\/life-gentle-masque-apaisant-pre-shampooing\/","name":"Life.Gentle \u2013 Masque Apaisant Pr\u00e9-Shampooing - Ekre - Be Natural","isPartOf":{"@id":"https:\/\/ekre.it\/fr\/#website"},"primaryImageOfPage":{"@id":"https:\/\/ekre.it\/fr\/prodotto\/life-gentle-masque-apaisant-pre-shampooing\/#primaryimage"},"image":{"@id":"https:\/\/ekre.it\/fr\/prodotto\/life-gentle-masque-apaisant-pre-shampooing\/#primaryimage"},"thumbnailUrl":"https:\/\/ekre.it\/wp-content\/uploads\/2026\/02\/42089_ekre_life_gentle_mask_150ml.png","datePublished":"2026-03-06T10:34:49+00:00","dateModified":"2026-03-06T11:32:07+00:00","breadcrumb":{"@id":"https:\/\/ekre.it\/fr\/prodotto\/life-gentle-masque-apaisant-pre-shampooing\/#breadcrumb"},"inLanguage":"fr-FR","potentialAction":[{"@type":"ReadAction","target":["https:\/\/ekre.it\/fr\/prodotto\/life-gentle-masque-apaisant-pre-shampooing\/"]}]},{"@type":"ImageObject","inLanguage":"fr-FR","@id":"https:\/\/ekre.it\/fr\/prodotto\/life-gentle-masque-apaisant-pre-shampooing\/#primaryimage","url":"https:\/\/ekre.it\/wp-content\/uploads\/2026\/02\/42089_ekre_life_gentle_mask_150ml.png","contentUrl":"https:\/\/ekre.it\/wp-content\/uploads\/2026\/02\/42089_ekre_life_gentle_mask_150ml.png","width":800,"height":800},{"@type":"BreadcrumbList","@id":"https:\/\/ekre.it\/fr\/prodotto\/life-gentle-masque-apaisant-pre-shampooing\/#breadcrumb","itemListElement":[{"@type":"ListItem","position":1,"name":"Home","item":"https:\/\/ekre.it\/fr\/home\/"},{"@type":"ListItem","position":2,"name":"Produits","item":"https:\/\/ekre.it\/fr\/shop\/"},{"@type":"ListItem","position":3,"name":"Life.Gentle \u2013 Masque Apaisant Pr\u00e9-Shampooing"}]},{"@type":"WebSite","@id":"https:\/\/ekre.it\/fr\/#website","url":"https:\/\/ekre.it\/fr\/","name":"Ekre - Be Natural","description":"","potentialAction":[{"@type":"SearchAction","target":{"@type":"EntryPoint","urlTemplate":"https:\/\/ekre.it\/fr\/?s={search_term_string}"},"query-input":{"@type":"PropertyValueSpecification","valueRequired":true,"valueName":"search_term_string"}}],"inLanguage":"fr-FR"}]}},"_links":{"self":[{"href":"https:\/\/ekre.it\/fr\/wp-json\/wp\/v2\/product\/7578","targetHints":{"allow":["GET"]}}],"collection":[{"href":"https:\/\/ekre.it\/fr\/wp-json\/wp\/v2\/product"}],"about":[{"href":"https:\/\/ekre.it\/fr\/wp-json\/wp\/v2\/types\/product"}],"wp:featuredmedia":[{"embeddable":true,"href":"https:\/\/ekre.it\/fr\/wp-json\/wp\/v2\/media\/7572"}],"wp:attachment":[{"href":"https:\/\/ekre.it\/fr\/wp-json\/wp\/v2\/media?parent=7578"}],"wp:term":[{"taxonomy":"product_brand","embeddable":true,"href":"https:\/\/ekre.it\/fr\/wp-json\/wp\/v2\/product_brand?post=7578"},{"taxonomy":"product_cat","embeddable":true,"href":"https:\/\/ekre.it\/fr\/wp-json\/wp\/v2\/product_cat?post=7578"},{"taxonomy":"product_tag","embeddable":true,"href":"https:\/\/ekre.it\/fr\/wp-json\/wp\/v2\/product_tag?post=7578"}],"curies":[{"name":"wp","href":"https:\/\/api.w.org\/{rel}","templated":true}]}}