{"id":7600,"date":"2026-03-06T12:14:16","date_gmt":"2026-03-06T11:14:16","guid":{"rendered":"https:\/\/ekre.it\/?post_type=product&#038;p=7600"},"modified":"2026-03-06T12:45:09","modified_gmt":"2026-03-06T11:45:09","slug":"life-gentle-apres-shampooing-creme-hydratant-2","status":"publish","type":"product","link":"https:\/\/ekre.it\/fr\/prodotto\/life-gentle-apres-shampooing-creme-hydratant-2\/","title":{"rendered":"Life.Gentle \u2013 Apr\u00e8s-Shampooing Cr\u00e8me Hydratant"},"content":{"rendered":"<div class=\"wpb-content-wrapper\">[vc_row el_class=&#8221;bordo_benefici&#8221;][vc_column][vc_column_text css=&#8221;&#8221;]\n<h2 style=\"text-align: left;\">Avantages<\/h2>\n<ul>\n<li style=\"font-weight: 400;\" aria-level=\"1\"><span style=\"font-weight: 400;\">Hydrate les longueurs en douceur<\/span><\/li>\n<li style=\"font-weight: 400;\" aria-level=\"1\"><span style=\"font-weight: 400;\">Am\u00e9liore la facilit\u00e9 de coiffage<\/span><\/li>\n<li style=\"font-weight: 400;\" aria-level=\"1\"><span style=\"font-weight: 400;\">Apporte douceur et discipline aux cheveux<\/span><\/li>\n<li style=\"font-weight: 400;\" aria-level=\"1\"><span style=\"font-weight: 400;\">Texture cr\u00e9meuse et l\u00e9g\u00e8re<\/span><\/li>\n<li style=\"font-weight: 400;\" aria-level=\"1\"><span style=\"font-weight: 400;\">Id\u00e9al pour cheveux sensibilis\u00e9s<\/span><\/li>\n<\/ul>\n[\/vc_column_text][\/vc_column][\/vc_row][vc_row][vc_column][vc_empty_space height=&#8221;80px&#8221;][\/vc_column][\/vc_row][vc_row][vc_column][vc_column_text css=&#8221;&#8221;]\n<h2 style=\"text-align: center;\">Produits en vedette<\/h2>\n[\/vc_column_text]<style type=\"text\/css\" data-type=\"the7_shortcodes-inline-css\">.products-carousel-shortcode.products-carousel-shortcode-id-b158afcb909ef785a009781cfa7d3587.owl-carousel .owl-nav div {\n  width: 36px;\n  height: 36px;\n  border-radius: 500px;\n}\n.dt-arrow-border-on.products-carousel-shortcode.products-carousel-shortcode-id-b158afcb909ef785a009781cfa7d3587.owl-carousel .owl-nav div:not(:hover):before {\n  border-width: 0px;\n}\n.dt-arrow-hover-border-on.products-carousel-shortcode.products-carousel-shortcode-id-b158afcb909ef785a009781cfa7d3587.owl-carousel .owl-nav div:hover:after {\n  border-width: 0px;\n}\n.products-carousel-shortcode.products-carousel-shortcode-id-b158afcb909ef785a009781cfa7d3587.owl-carousel .owl-nav div.owl-prev {\n  top: 50%;\n  transform: translateY(calc(-50% + 0px));\n  left: -43px;\n}\n@media all and (-ms-high-contrast: none) {\n  .products-carousel-shortcode.products-carousel-shortcode-id-b158afcb909ef785a009781cfa7d3587.owl-carousel .owl-nav div.owl-prev {\n    transform: translateY(-50%);\n    margin-top: 0px;\n  }\n}\n.products-carousel-shortcode.products-carousel-shortcode-id-b158afcb909ef785a009781cfa7d3587.owl-carousel .owl-nav div.owl-prev i {\n  padding: 0px 0px 0px 0px;\n}\n.products-carousel-shortcode.products-carousel-shortcode-id-b158afcb909ef785a009781cfa7d3587.owl-carousel .owl-nav div.owl-next {\n  top: 50%;\n  transform: translateY(calc(-50% + 0px));\n  right: -43px;\n}\n@media all and (-ms-high-contrast: none) {\n  .products-carousel-shortcode.products-carousel-shortcode-id-b158afcb909ef785a009781cfa7d3587.owl-carousel .owl-nav div.owl-next {\n    transform: translateY(-50%);\n    margin-top: 0px;\n  }\n}\n.products-carousel-shortcode.products-carousel-shortcode-id-b158afcb909ef785a009781cfa7d3587.owl-carousel .owl-nav div.owl-next i {\n  padding: 0px 0px 0px 0px;\n}\n.products-carousel-shortcode.products-carousel-shortcode-id-b158afcb909ef785a009781cfa7d3587.owl-carousel .owl-nav i {\n  font-size: 18px;\n}\n.products-carousel-shortcode.products-carousel-shortcode-id-b158afcb909ef785a009781cfa7d3587.owl-carousel .owl-nav div:not(:hover) i,\n.products-carousel-shortcode.products-carousel-shortcode-id-b158afcb909ef785a009781cfa7d3587.owl-carousel .owl-nav div:not(:hover) i:before {\n  color: #ffffff;\n  background: none;\n}\n.products-carousel-shortcode.products-carousel-shortcode-id-b158afcb909ef785a009781cfa7d3587.owl-carousel .owl-nav div:hover i,\n.products-carousel-shortcode.products-carousel-shortcode-id-b158afcb909ef785a009781cfa7d3587.owl-carousel .owl-nav div:hover i:before {\n  color: rgba(255,255,255,0.75);\n  background: none;\n}\n.products-carousel-shortcode.products-carousel-shortcode-id-b158afcb909ef785a009781cfa7d3587 .owl-dots {\n  top: calc(100% + 20px);\n  left: 50%;\n  transform: translateX(calc(-50% + 0px));\n}\n@media all and (-ms-high-contrast: none) {\n  .products-carousel-shortcode.products-carousel-shortcode-id-b158afcb909ef785a009781cfa7d3587 .owl-dots {\n    transform: translateX(-50%);\n    margin-left: 0px;\n  }\n}\n.products-carousel-shortcode.products-carousel-shortcode-id-b158afcb909ef785a009781cfa7d3587 .owl-dot {\n  width: 10px;\n  height: 10px;\n  margin: 0 8px;\n}\n.bullets-scale-up.products-carousel-shortcode.products-carousel-shortcode-id-b158afcb909ef785a009781cfa7d3587 .owl-dot:not(.active):not(:hover) span {\n  background: #dbd6cc;\n}\n.bullets-scale-up.products-carousel-shortcode.products-carousel-shortcode-id-b158afcb909ef785a009781cfa7d3587 .owl-dot:not(.active):hover span,\n.bullets-scale-up.products-carousel-shortcode.products-carousel-shortcode-id-b158afcb909ef785a009781cfa7d3587 .owl-dot.active span {\n  background: #8d847a;\n}\n.bullets-stroke.products-carousel-shortcode.products-carousel-shortcode-id-b158afcb909ef785a009781cfa7d3587 .owl-dot:not(.active):not(:hover) span {\n  background: #dbd6cc;\n}\n.bullets-stroke.products-carousel-shortcode.products-carousel-shortcode-id-b158afcb909ef785a009781cfa7d3587 .owl-dot:not(.active):hover span {\n  background: #8d847a;\n}\n.bullets-stroke.products-carousel-shortcode.products-carousel-shortcode-id-b158afcb909ef785a009781cfa7d3587 .owl-dot.active span {\n  box-shadow: 0 0 0 2px #8d847a;\n}\n.bullets-fill-in.products-carousel-shortcode.products-carousel-shortcode-id-b158afcb909ef785a009781cfa7d3587 .owl-dot:not(.active):not(:hover) span {\n  box-shadow: inset 0 0 0 2px #dbd6cc;\n}\n.bullets-fill-in.products-carousel-shortcode.products-carousel-shortcode-id-b158afcb909ef785a009781cfa7d3587 .owl-dot:not(.active):hover span {\n  box-shadow: inset 0 0 0 2px #8d847a;\n}\n.bullets-fill-in.products-carousel-shortcode.products-carousel-shortcode-id-b158afcb909ef785a009781cfa7d3587 .owl-dot.active span {\n  box-shadow: inset 0 0 0 20px #8d847a;\n}\n.bullets-small-dot-stroke.products-carousel-shortcode.products-carousel-shortcode-id-b158afcb909ef785a009781cfa7d3587 .owl-dot:not(.active):not(:hover) span {\n  background: #dbd6cc;\n}\n.bullets-small-dot-stroke.products-carousel-shortcode.products-carousel-shortcode-id-b158afcb909ef785a009781cfa7d3587 .owl-dot:not(.active):hover span,\n.bullets-small-dot-stroke.products-carousel-shortcode.products-carousel-shortcode-id-b158afcb909ef785a009781cfa7d3587 .owl-dot.active span {\n  background: #8d847a;\n}\n.bullets-small-dot-stroke.products-carousel-shortcode.products-carousel-shortcode-id-b158afcb909ef785a009781cfa7d3587 .owl-dot.active {\n  box-shadow: 0 0 0 2px #8d847a;\n}\n.bullets-ubax.products-carousel-shortcode.products-carousel-shortcode-id-b158afcb909ef785a009781cfa7d3587 .owl-dot span {\n  background: #dbd6cc;\n}\n.bullets-ubax.products-carousel-shortcode.products-carousel-shortcode-id-b158afcb909ef785a009781cfa7d3587 .owl-dot.active span {\n  border-color: #8d847a;\n}\n.bullets-ubax.products-carousel-shortcode.products-carousel-shortcode-id-b158afcb909ef785a009781cfa7d3587 .owl-dot:not(.active):hover span {\n  background: #8d847a;\n}\n.bullets-etefu.products-carousel-shortcode.products-carousel-shortcode-id-b158afcb909ef785a009781cfa7d3587 .owl-dot span {\n  background: #dbd6cc;\n}\n.bullets-etefu.products-carousel-shortcode.products-carousel-shortcode-id-b158afcb909ef785a009781cfa7d3587 .owl-dot:not(.active):hover span {\n  background: #8d847a;\n}\n.bullets-etefu.products-carousel-shortcode.products-carousel-shortcode-id-b158afcb909ef785a009781cfa7d3587 .owl-dot span:before {\n  background: #8d847a;\n}\n.accent-gradient .bullets-etefu.products-carousel-shortcode.products-carousel-shortcode-id-b158afcb909ef785a009781cfa7d3587 .owl-dot span:before {\n  background: #8d847a;\n}\n@media screen and (max-width: 778px) {\n  .products-carousel-shortcode.products-carousel-shortcode-id-b158afcb909ef785a009781cfa7d3587.hide-arrows .owl-nav a {\n    display: none;\n  }\n}\n@media screen and (max-width: 778px) {\n  .products-carousel-shortcode.products-carousel-shortcode-id-b158afcb909ef785a009781cfa7d3587.reposition-arrows .owl-nav div.owl-prev {\n    top: 50%;\n    transform: translateY(calc(-50% + 0px));\n    left: 10px;\n  }\n  .products-carousel-shortcode.products-carousel-shortcode-id-b158afcb909ef785a009781cfa7d3587.reposition-arrows .owl-nav div.owl-next {\n    top: 50%;\n    transform: translateY(calc(-50% + 0px));\n    right: 10px;\n  }\n}\n@media screen and (max-width: 778px) and all and (-ms-high-contrast: none) {\n  .products-carousel-shortcode.products-carousel-shortcode-id-b158afcb909ef785a009781cfa7d3587.reposition-arrows .owl-nav div.owl-prev {\n    transform: translateY(-50%);\n    margin-top: 0px;\n  }\n}\n@media screen and (max-width: 778px) and all and (-ms-high-contrast: none) {\n  .products-carousel-shortcode.products-carousel-shortcode-id-b158afcb909ef785a009781cfa7d3587.reposition-arrows .owl-nav div.owl-next {\n    transform: translateY(-50%);\n    margin-top: 0px;\n  }\n}<\/style><div class=\"owl-carousel products-carousel-shortcode dt-owl-carousel-call products-carousel-shortcode-id-b158afcb909ef785a009781cfa7d3587 cart-btn-below-img bullets-ubax reposition-arrows arrows-bg-on dt-arrow-border-on dt-arrow-hover-border-on disable-arrows-hover-bg arrows-hover-bg-on  wc-img-hover hide-description hide-rating bordo_prodotti_correlati\" data-scroll-mode=\"1\" data-wide-col-num=\"4\" data-col-num=\"3\" data-laptop-col=\"3\" data-h-tablet-columns-num=\"3\" data-v-tablet-columns-num=\"2\" data-phone-columns-num=\"1\" data-auto-height=\"true\" data-col-gap=\"30\" data-stage-padding=\"0\" data-speed=\"600\" data-autoplay=\"false\" data-autoplay_speed=\"6000\" data-arrows=\"false\" data-bullet=\"true\" data-next-icon=\"icon-ar-017-r\" data-prev-icon=\"icon-ar-017-l\"><article class=\"post post-7605 product type-product status-publish has-post-thumbnail product_cat-life-gentle-traitement-pour-cuir-chevelu-sensible product_cat-soins description-off first instock featured shipping-taxable product-type-simple\" ><figure class=\"woocom-project\">\n\t<div class=\"woo-buttons-on-img\">\n\n\t\t<a href=\"https:\/\/ekre.it\/fr\/prodotto\/life-gentle-spray-apaisant\/\" class=\"alignnone layzr-bg\"><img loading=\"lazy\" decoding=\"async\" width=\"300\" height=\"300\" src=\"data:image\/svg+xml;charset=utf-8,%3Csvg xmlns%3D&#039;http%3A%2F%2Fwww.w3.org%2F2000%2Fsvg&#039; viewBox%3D&#039;0 0 300 300&#039;%2F%3E\" class=\"attachment-woocommerce_thumbnail size-woocommerce_thumbnail owl-lazy-load preload-me\" alt=\"Life.Gentle \u2013 Spray Apaisant\" data-src=\"https:\/\/ekre.it\/wp-content\/uploads\/2026\/02\/42088_ekre_life_gentle_spray_150ml-300x300.png\" data-srcset=\"https:\/\/ekre.it\/wp-content\/uploads\/2026\/02\/42088_ekre_life_gentle_spray_150ml-300x300.png 300w, https:\/\/ekre.it\/wp-content\/uploads\/2026\/02\/42088_ekre_life_gentle_spray_150ml-150x150.png 150w, https:\/\/ekre.it\/wp-content\/uploads\/2026\/02\/42088_ekre_life_gentle_spray_150ml-768x768.png 768w, https:\/\/ekre.it\/wp-content\/uploads\/2026\/02\/42088_ekre_life_gentle_spray_150ml-600x600.png 600w, https:\/\/ekre.it\/wp-content\/uploads\/2026\/02\/42088_ekre_life_gentle_spray_150ml-200x200.png 200w, https:\/\/ekre.it\/wp-content\/uploads\/2026\/02\/42088_ekre_life_gentle_spray_150ml.png 800w\" \/><\/a>\n\t<\/div>\n\t<figcaption class=\"woocom-list-content\">\n\n\t\t<div class=\"woo-buttons\"><a href=\"https:\/\/ekre.it\/fr\/prodotto\/life-gentle-spray-apaisant\/\" aria-describedby=\"woocommerce_loop_add_to_cart_link_describedby_7605\" data-quantity=\"1\" class=\"product_type_simple ajax_add_to_cart\" data-product_id=\"7605\" data-product_sku=\"\" aria-label=\"En savoir plus sur &ldquo;Life.Gentle \u2013 Spray Apaisant&rdquo;\" rel=\"nofollow\" data-success_message=\"\">Lire la suite<\/a>\t<span id=\"woocommerce_loop_add_to_cart_link_describedby_7605\" class=\"screen-reader-text\">\n\t\t\t<\/span>\n<\/div>\n\t<\/figcaption>\n<\/figure>\n<\/article><article class=\"post post-7590 product type-product status-publish has-post-thumbnail product_cat-life-gentle-traitement-pour-cuir-chevelu-sensible product_cat-soins description-off  instock featured shipping-taxable product-type-simple\" ><figure class=\"woocom-project\">\n\t<div class=\"woo-buttons-on-img\">\n\n\t\t<a href=\"https:\/\/ekre.it\/fr\/prodotto\/life-gentle-shampooing-apaisant-2\/\" class=\"alignnone layzr-bg\"><img loading=\"lazy\" decoding=\"async\" width=\"300\" height=\"300\" src=\"data:image\/svg+xml;charset=utf-8,%3Csvg xmlns%3D&#039;http%3A%2F%2Fwww.w3.org%2F2000%2Fsvg&#039; viewBox%3D&#039;0 0 300 300&#039;%2F%3E\" class=\"attachment-woocommerce_thumbnail size-woocommerce_thumbnail owl-lazy-load preload-me\" alt=\"Life.Gentle \u2013 Shampooing Apaisant\" data-src=\"https:\/\/ekre.it\/wp-content\/uploads\/2026\/02\/42012_ekre_life_gentle_shampoo_300ml-300x300.png\" data-srcset=\"https:\/\/ekre.it\/wp-content\/uploads\/2026\/02\/42012_ekre_life_gentle_shampoo_300ml-300x300.png 300w, https:\/\/ekre.it\/wp-content\/uploads\/2026\/02\/42012_ekre_life_gentle_shampoo_300ml-150x150.png 150w, https:\/\/ekre.it\/wp-content\/uploads\/2026\/02\/42012_ekre_life_gentle_shampoo_300ml-768x768.png 768w, https:\/\/ekre.it\/wp-content\/uploads\/2026\/02\/42012_ekre_life_gentle_shampoo_300ml-600x600.png 600w, https:\/\/ekre.it\/wp-content\/uploads\/2026\/02\/42012_ekre_life_gentle_shampoo_300ml-200x200.png 200w, https:\/\/ekre.it\/wp-content\/uploads\/2026\/02\/42012_ekre_life_gentle_shampoo_300ml.png 800w\" \/><\/a>\n\t<\/div>\n\t<figcaption class=\"woocom-list-content\">\n\n\t\t<div class=\"woo-buttons\"><a href=\"https:\/\/ekre.it\/fr\/prodotto\/life-gentle-shampooing-apaisant-2\/\" aria-describedby=\"woocommerce_loop_add_to_cart_link_describedby_7590\" data-quantity=\"1\" class=\"product_type_simple ajax_add_to_cart\" data-product_id=\"7590\" data-product_sku=\"\" aria-label=\"En savoir plus sur &ldquo;Life.Gentle \u2013 Shampooing Apaisant&rdquo;\" rel=\"nofollow\" data-success_message=\"\">Lire la suite<\/a>\t<span id=\"woocommerce_loop_add_to_cart_link_describedby_7590\" class=\"screen-reader-text\">\n\t\t\t<\/span>\n<\/div>\n\t<\/figcaption>\n<\/figure>\n<\/article><article class=\"post post-7578 product type-product status-publish has-post-thumbnail product_cat-life-gentle-traitement-pour-cuir-chevelu-sensible product_cat-soins description-off  instock featured shipping-taxable product-type-simple\" ><figure class=\"woocom-project\">\n\t<div class=\"woo-buttons-on-img\">\n\n\t\t<a href=\"https:\/\/ekre.it\/fr\/prodotto\/life-gentle-masque-apaisant-pre-shampooing\/\" class=\"alignnone layzr-bg\"><img loading=\"lazy\" decoding=\"async\" width=\"300\" height=\"300\" src=\"data:image\/svg+xml;charset=utf-8,%3Csvg xmlns%3D&#039;http%3A%2F%2Fwww.w3.org%2F2000%2Fsvg&#039; viewBox%3D&#039;0 0 300 300&#039;%2F%3E\" class=\"attachment-woocommerce_thumbnail size-woocommerce_thumbnail owl-lazy-load preload-me\" alt=\"Life.Gentle \u2013 Masque Apaisant Pr\u00e9-Shampooing\" data-src=\"https:\/\/ekre.it\/wp-content\/uploads\/2026\/02\/42089_ekre_life_gentle_mask_150ml-300x300.png\" data-srcset=\"https:\/\/ekre.it\/wp-content\/uploads\/2026\/02\/42089_ekre_life_gentle_mask_150ml-300x300.png 300w, https:\/\/ekre.it\/wp-content\/uploads\/2026\/02\/42089_ekre_life_gentle_mask_150ml-150x150.png 150w, https:\/\/ekre.it\/wp-content\/uploads\/2026\/02\/42089_ekre_life_gentle_mask_150ml-768x768.png 768w, https:\/\/ekre.it\/wp-content\/uploads\/2026\/02\/42089_ekre_life_gentle_mask_150ml-600x600.png 600w, https:\/\/ekre.it\/wp-content\/uploads\/2026\/02\/42089_ekre_life_gentle_mask_150ml-200x200.png 200w, https:\/\/ekre.it\/wp-content\/uploads\/2026\/02\/42089_ekre_life_gentle_mask_150ml.png 800w\" \/><\/a>\n\t<\/div>\n\t<figcaption class=\"woocom-list-content\">\n\n\t\t<div class=\"woo-buttons\"><a href=\"https:\/\/ekre.it\/fr\/prodotto\/life-gentle-masque-apaisant-pre-shampooing\/\" aria-describedby=\"woocommerce_loop_add_to_cart_link_describedby_7578\" data-quantity=\"1\" class=\"product_type_simple ajax_add_to_cart\" data-product_id=\"7578\" data-product_sku=\"\" aria-label=\"En savoir plus sur &ldquo;Life.Gentle \u2013 Masque Apaisant Pr\u00e9-Shampooing&rdquo;\" rel=\"nofollow\" data-success_message=\"\">Lire la suite<\/a>\t<span id=\"woocommerce_loop_add_to_cart_link_describedby_7578\" class=\"screen-reader-text\">\n\t\t\t<\/span>\n<\/div>\n\t<\/figcaption>\n<\/figure>\n<\/article><\/div>[\/vc_column][\/vc_row]\n<\/div>","protected":false},"excerpt":{"rendered":"<p><span style=\"font-weight: 400;\">L\u2019Apr\u00e8s-Shampooing Cr\u00e8me Hydratant Life.Gentle est con\u00e7u pour prendre soin des longueurs en douceur. Sa formule cr\u00e9meuse aide \u00e0 maintenir les cheveux doux et hydrat\u00e9s, am\u00e9liore la facilit\u00e9 de coiffage sans alourdir et respecte l\u2019\u00e9quilibre du cuir chevelu.<\/span><\/p>\n<p><span style=\"font-weight: 400;\">200 ml<\/span><\/p>\n<p>&nbsp;<\/p>\n<p><b>Certifi\u00e9 VEGANOK, ce produit ne comporte aucun ingr\u00e9dient d\u2019origine animale et refl\u00e8te enti\u00e8rement les valeurs \u00e9thiques v\u00e9ganes.<\/b><\/p>\n<p><img loading=\"lazy\" decoding=\"async\" class=\"alignnone size-full wp-image-5064\" src=\"https:\/\/ekre.it\/wp-content\/uploads\/2021\/06\/vegan_3.png\" alt=\"\" width=\"60\" height=\"68\" \/><\/p>\n","protected":false},"featured_media":7562,"template":"","meta":[],"product_brand":[],"product_cat":[1009,922],"product_tag":[],"class_list":{"0":"post-7600","1":"product","2":"type-product","3":"status-publish","4":"has-post-thumbnail","6":"product_cat-life-gentle-traitement-pour-cuir-chevelu-sensible","7":"product_cat-soins","8":"description-off","10":"last","11":"instock","12":"featured","13":"shipping-taxable","14":"product-type-simple"},"yoast_head":"<!-- This site is optimized with the Yoast SEO plugin v26.7 - https:\/\/yoast.com\/wordpress\/plugins\/seo\/ -->\n<title>Life.Gentle \u2013 Apr\u00e8s-Shampooing Cr\u00e8me Hydratant - Ekre - Be Natural<\/title>\n<meta name=\"robots\" content=\"index, follow, max-snippet:-1, max-image-preview:large, max-video-preview:-1\" \/>\n<link rel=\"canonical\" href=\"https:\/\/ekre.it\/fr\/prodotto\/life-gentle-apres-shampooing-creme-hydratant-2\/\" \/>\n<meta property=\"og:locale\" content=\"fr_FR\" \/>\n<meta property=\"og:type\" content=\"article\" \/>\n<meta property=\"og:title\" content=\"Life.Gentle \u2013 Apr\u00e8s-Shampooing Cr\u00e8me Hydratant - Ekre - Be Natural\" \/>\n<meta property=\"og:description\" content=\"L\u2019Apr\u00e8s-Shampooing Cr\u00e8me Hydratant Life.Gentle est con\u00e7u pour prendre soin des longueurs en douceur. Sa formule cr\u00e9meuse aide \u00e0 maintenir les cheveux doux et hydrat\u00e9s, am\u00e9liore la facilit\u00e9 de coiffage sans alourdir et respecte l\u2019\u00e9quilibre du cuir chevelu.  200 ml  &nbsp;  Certifi\u00e9 VEGANOK, ce produit ne comporte aucun ingr\u00e9dient d\u2019origine animale et refl\u00e8te enti\u00e8rement les valeurs \u00e9thiques v\u00e9ganes.\" \/>\n<meta property=\"og:url\" content=\"https:\/\/ekre.it\/fr\/prodotto\/life-gentle-apres-shampooing-creme-hydratant-2\/\" \/>\n<meta property=\"og:site_name\" content=\"Ekre - Be Natural\" \/>\n<meta property=\"article:modified_time\" content=\"2026-03-06T11:45:09+00:00\" \/>\n<meta property=\"og:image\" content=\"https:\/\/ekre.it\/wp-content\/uploads\/2026\/02\/42087_ekre_life_gentle_contitioner_200ml.png\" \/>\n\t<meta property=\"og:image:width\" content=\"800\" \/>\n\t<meta property=\"og:image:height\" content=\"800\" \/>\n\t<meta property=\"og:image:type\" content=\"image\/png\" \/>\n<meta name=\"twitter:card\" content=\"summary_large_image\" \/>\n<meta name=\"twitter:label1\" content=\"Dur\u00e9e de lecture estim\u00e9e\" \/>\n\t<meta name=\"twitter:data1\" content=\"1 minute\" \/>\n<script type=\"application\/ld+json\" class=\"yoast-schema-graph\">{\"@context\":\"https:\/\/schema.org\",\"@graph\":[{\"@type\":\"WebPage\",\"@id\":\"https:\/\/ekre.it\/fr\/prodotto\/life-gentle-apres-shampooing-creme-hydratant-2\/\",\"url\":\"https:\/\/ekre.it\/fr\/prodotto\/life-gentle-apres-shampooing-creme-hydratant-2\/\",\"name\":\"Life.Gentle \u2013 Apr\u00e8s-Shampooing Cr\u00e8me Hydratant - Ekre - Be Natural\",\"isPartOf\":{\"@id\":\"https:\/\/ekre.it\/fr\/#website\"},\"primaryImageOfPage\":{\"@id\":\"https:\/\/ekre.it\/fr\/prodotto\/life-gentle-apres-shampooing-creme-hydratant-2\/#primaryimage\"},\"image\":{\"@id\":\"https:\/\/ekre.it\/fr\/prodotto\/life-gentle-apres-shampooing-creme-hydratant-2\/#primaryimage\"},\"thumbnailUrl\":\"https:\/\/ekre.it\/wp-content\/uploads\/2026\/02\/42087_ekre_life_gentle_contitioner_200ml.png\",\"datePublished\":\"2026-03-06T11:14:16+00:00\",\"dateModified\":\"2026-03-06T11:45:09+00:00\",\"breadcrumb\":{\"@id\":\"https:\/\/ekre.it\/fr\/prodotto\/life-gentle-apres-shampooing-creme-hydratant-2\/#breadcrumb\"},\"inLanguage\":\"fr-FR\",\"potentialAction\":[{\"@type\":\"ReadAction\",\"target\":[\"https:\/\/ekre.it\/fr\/prodotto\/life-gentle-apres-shampooing-creme-hydratant-2\/\"]}]},{\"@type\":\"ImageObject\",\"inLanguage\":\"fr-FR\",\"@id\":\"https:\/\/ekre.it\/fr\/prodotto\/life-gentle-apres-shampooing-creme-hydratant-2\/#primaryimage\",\"url\":\"https:\/\/ekre.it\/wp-content\/uploads\/2026\/02\/42087_ekre_life_gentle_contitioner_200ml.png\",\"contentUrl\":\"https:\/\/ekre.it\/wp-content\/uploads\/2026\/02\/42087_ekre_life_gentle_contitioner_200ml.png\",\"width\":800,\"height\":800},{\"@type\":\"BreadcrumbList\",\"@id\":\"https:\/\/ekre.it\/fr\/prodotto\/life-gentle-apres-shampooing-creme-hydratant-2\/#breadcrumb\",\"itemListElement\":[{\"@type\":\"ListItem\",\"position\":1,\"name\":\"Home\",\"item\":\"https:\/\/ekre.it\/fr\/home\/\"},{\"@type\":\"ListItem\",\"position\":2,\"name\":\"Produits\",\"item\":\"https:\/\/ekre.it\/fr\/shop\/\"},{\"@type\":\"ListItem\",\"position\":3,\"name\":\"Life.Gentle \u2013 Apr\u00e8s-Shampooing Cr\u00e8me Hydratant\"}]},{\"@type\":\"WebSite\",\"@id\":\"https:\/\/ekre.it\/fr\/#website\",\"url\":\"https:\/\/ekre.it\/fr\/\",\"name\":\"Ekre - Be Natural\",\"description\":\"\",\"potentialAction\":[{\"@type\":\"SearchAction\",\"target\":{\"@type\":\"EntryPoint\",\"urlTemplate\":\"https:\/\/ekre.it\/fr\/?s={search_term_string}\"},\"query-input\":{\"@type\":\"PropertyValueSpecification\",\"valueRequired\":true,\"valueName\":\"search_term_string\"}}],\"inLanguage\":\"fr-FR\"}]}<\/script>\n<!-- \/ Yoast SEO plugin. -->","yoast_head_json":{"title":"Life.Gentle \u2013 Apr\u00e8s-Shampooing Cr\u00e8me Hydratant - Ekre - Be Natural","robots":{"index":"index","follow":"follow","max-snippet":"max-snippet:-1","max-image-preview":"max-image-preview:large","max-video-preview":"max-video-preview:-1"},"canonical":"https:\/\/ekre.it\/fr\/prodotto\/life-gentle-apres-shampooing-creme-hydratant-2\/","og_locale":"fr_FR","og_type":"article","og_title":"Life.Gentle \u2013 Apr\u00e8s-Shampooing Cr\u00e8me Hydratant - Ekre - Be Natural","og_description":"L\u2019Apr\u00e8s-Shampooing Cr\u00e8me Hydratant Life.Gentle est con\u00e7u pour prendre soin des longueurs en douceur. Sa formule cr\u00e9meuse aide \u00e0 maintenir les cheveux doux et hydrat\u00e9s, am\u00e9liore la facilit\u00e9 de coiffage sans alourdir et respecte l\u2019\u00e9quilibre du cuir chevelu.  200 ml  &nbsp;  Certifi\u00e9 VEGANOK, ce produit ne comporte aucun ingr\u00e9dient d\u2019origine animale et refl\u00e8te enti\u00e8rement les valeurs \u00e9thiques v\u00e9ganes.","og_url":"https:\/\/ekre.it\/fr\/prodotto\/life-gentle-apres-shampooing-creme-hydratant-2\/","og_site_name":"Ekre - Be Natural","article_modified_time":"2026-03-06T11:45:09+00:00","og_image":[{"width":800,"height":800,"url":"https:\/\/ekre.it\/wp-content\/uploads\/2026\/02\/42087_ekre_life_gentle_contitioner_200ml.png","type":"image\/png"}],"twitter_card":"summary_large_image","twitter_misc":{"Dur\u00e9e de lecture estim\u00e9e":"1 minute"},"schema":{"@context":"https:\/\/schema.org","@graph":[{"@type":"WebPage","@id":"https:\/\/ekre.it\/fr\/prodotto\/life-gentle-apres-shampooing-creme-hydratant-2\/","url":"https:\/\/ekre.it\/fr\/prodotto\/life-gentle-apres-shampooing-creme-hydratant-2\/","name":"Life.Gentle \u2013 Apr\u00e8s-Shampooing Cr\u00e8me Hydratant - Ekre - Be Natural","isPartOf":{"@id":"https:\/\/ekre.it\/fr\/#website"},"primaryImageOfPage":{"@id":"https:\/\/ekre.it\/fr\/prodotto\/life-gentle-apres-shampooing-creme-hydratant-2\/#primaryimage"},"image":{"@id":"https:\/\/ekre.it\/fr\/prodotto\/life-gentle-apres-shampooing-creme-hydratant-2\/#primaryimage"},"thumbnailUrl":"https:\/\/ekre.it\/wp-content\/uploads\/2026\/02\/42087_ekre_life_gentle_contitioner_200ml.png","datePublished":"2026-03-06T11:14:16+00:00","dateModified":"2026-03-06T11:45:09+00:00","breadcrumb":{"@id":"https:\/\/ekre.it\/fr\/prodotto\/life-gentle-apres-shampooing-creme-hydratant-2\/#breadcrumb"},"inLanguage":"fr-FR","potentialAction":[{"@type":"ReadAction","target":["https:\/\/ekre.it\/fr\/prodotto\/life-gentle-apres-shampooing-creme-hydratant-2\/"]}]},{"@type":"ImageObject","inLanguage":"fr-FR","@id":"https:\/\/ekre.it\/fr\/prodotto\/life-gentle-apres-shampooing-creme-hydratant-2\/#primaryimage","url":"https:\/\/ekre.it\/wp-content\/uploads\/2026\/02\/42087_ekre_life_gentle_contitioner_200ml.png","contentUrl":"https:\/\/ekre.it\/wp-content\/uploads\/2026\/02\/42087_ekre_life_gentle_contitioner_200ml.png","width":800,"height":800},{"@type":"BreadcrumbList","@id":"https:\/\/ekre.it\/fr\/prodotto\/life-gentle-apres-shampooing-creme-hydratant-2\/#breadcrumb","itemListElement":[{"@type":"ListItem","position":1,"name":"Home","item":"https:\/\/ekre.it\/fr\/home\/"},{"@type":"ListItem","position":2,"name":"Produits","item":"https:\/\/ekre.it\/fr\/shop\/"},{"@type":"ListItem","position":3,"name":"Life.Gentle \u2013 Apr\u00e8s-Shampooing Cr\u00e8me Hydratant"}]},{"@type":"WebSite","@id":"https:\/\/ekre.it\/fr\/#website","url":"https:\/\/ekre.it\/fr\/","name":"Ekre - Be Natural","description":"","potentialAction":[{"@type":"SearchAction","target":{"@type":"EntryPoint","urlTemplate":"https:\/\/ekre.it\/fr\/?s={search_term_string}"},"query-input":{"@type":"PropertyValueSpecification","valueRequired":true,"valueName":"search_term_string"}}],"inLanguage":"fr-FR"}]}},"_links":{"self":[{"href":"https:\/\/ekre.it\/fr\/wp-json\/wp\/v2\/product\/7600","targetHints":{"allow":["GET"]}}],"collection":[{"href":"https:\/\/ekre.it\/fr\/wp-json\/wp\/v2\/product"}],"about":[{"href":"https:\/\/ekre.it\/fr\/wp-json\/wp\/v2\/types\/product"}],"wp:featuredmedia":[{"embeddable":true,"href":"https:\/\/ekre.it\/fr\/wp-json\/wp\/v2\/media\/7562"}],"wp:attachment":[{"href":"https:\/\/ekre.it\/fr\/wp-json\/wp\/v2\/media?parent=7600"}],"wp:term":[{"taxonomy":"product_brand","embeddable":true,"href":"https:\/\/ekre.it\/fr\/wp-json\/wp\/v2\/product_brand?post=7600"},{"taxonomy":"product_cat","embeddable":true,"href":"https:\/\/ekre.it\/fr\/wp-json\/wp\/v2\/product_cat?post=7600"},{"taxonomy":"product_tag","embeddable":true,"href":"https:\/\/ekre.it\/fr\/wp-json\/wp\/v2\/product_tag?post=7600"}],"curies":[{"name":"wp","href":"https:\/\/api.w.org\/{rel}","templated":true}]}}