{"id":5672,"date":"2024-05-29T10:19:58","date_gmt":"2024-05-29T08:19:58","guid":{"rendered":"https:\/\/ekre.it\/prodotto\/switch-on-maska-koloryzujaca\/"},"modified":"2024-05-30T14:08:27","modified_gmt":"2024-05-30T12:08:27","slug":"switch-on-maska-koloryzujaca","status":"publish","type":"product","link":"https:\/\/ekre.it\/pl\/prodotto\/switch-on-maska-koloryzujaca\/","title":{"rendered":"Switch On \u2013 Maska koloryzuj\u0105ca"},"content":{"rendered":"<div class=\"wpb-content-wrapper\">[vc_row el_class=&#8221;bordo_benefici&#8221;][vc_column][vc_column_text css=&#8221;&#8221;]\n<h2 style=\"text-align: left;\">Zalety<\/h2>\n<ul>\n<li style=\"font-weight: 400;\" aria-level=\"1\"><b>Podkre\u015bla refleksy<\/b><span style=\"font-weight: 400;\"> i <\/span><b>o\u017cywia kolor<\/b><span style=\"font-weight: 400;\"> kosmetyczny lub naturalny<\/span><\/li>\n<li style=\"font-weight: 400;\" aria-level=\"1\"><b>Wyci\u0105g z Kwiatu Dziewanny <\/b><span style=\"font-weight: 400;\">zawarty w formule wzmacnia blask w\u0142os\u00f3w, nadaj\u0105c <\/span><b>niezwykle l\u015bni\u0105cy kolor<\/b><\/li>\n<li style=\"font-weight: 400;\" aria-level=\"1\"><b>Bez amoniaku <\/b><span style=\"font-weight: 400;\">\u00a0i <\/span><b>oksydant\u00f3w<\/b><\/li>\n<\/ul>\n[\/vc_column_text][\/vc_column][\/vc_row][vc_row][vc_column][vc_empty_space height=&#8221;80px&#8221;][\/vc_column][\/vc_row][vc_row][vc_column][vc_column_text css=&#8221;&#8221;]\n<h2 style=\"text-align: center;\">Produkty Powi\u0105zane<\/h2>\n[\/vc_column_text]<style type=\"text\/css\" data-type=\"the7_shortcodes-inline-css\">.products-carousel-shortcode.products-carousel-shortcode-id-f4d73a9adcc8430ebddc9d974cc4d4f1 .owl-nav a {\n  width: 36px;\n  height: 36px;\n  border-radius: 500px;\n}\n.dt-arrow-border-on.products-carousel-shortcode.products-carousel-shortcode-id-f4d73a9adcc8430ebddc9d974cc4d4f1 .owl-nav a:not(:hover):before {\n  border-width: 0px;\n}\n.dt-arrow-hover-border-on.products-carousel-shortcode.products-carousel-shortcode-id-f4d73a9adcc8430ebddc9d974cc4d4f1 .owl-nav a:hover:after {\n  border-width: 0px;\n}\n.products-carousel-shortcode.products-carousel-shortcode-id-f4d73a9adcc8430ebddc9d974cc4d4f1 .owl-nav a.owl-prev {\n  top: 50%;\n  transform: translateY(calc(-50% + 0px));\n  left: -43px;\n}\n@media all and (-ms-high-contrast: none) {\n  .products-carousel-shortcode.products-carousel-shortcode-id-f4d73a9adcc8430ebddc9d974cc4d4f1 .owl-nav a.owl-prev {\n    transform: translateY(-50%);\n    margin-top: 0px;\n  }\n}\n.products-carousel-shortcode.products-carousel-shortcode-id-f4d73a9adcc8430ebddc9d974cc4d4f1 .owl-nav a.owl-prev i {\n  padding: 0px 0px 0px 0px;\n}\n.products-carousel-shortcode.products-carousel-shortcode-id-f4d73a9adcc8430ebddc9d974cc4d4f1 .owl-nav a.owl-next {\n  top: 50%;\n  transform: translateY(calc(-50% + 0px));\n  right: -43px;\n}\n@media all and (-ms-high-contrast: none) {\n  .products-carousel-shortcode.products-carousel-shortcode-id-f4d73a9adcc8430ebddc9d974cc4d4f1 .owl-nav a.owl-next {\n    transform: translateY(-50%);\n    margin-top: 0px;\n  }\n}\n.products-carousel-shortcode.products-carousel-shortcode-id-f4d73a9adcc8430ebddc9d974cc4d4f1 .owl-nav a.owl-next i {\n  padding: 0px 0px 0px 0px;\n}\n.products-carousel-shortcode.products-carousel-shortcode-id-f4d73a9adcc8430ebddc9d974cc4d4f1 .owl-nav i {\n  font-size: 18px;\n}\n.products-carousel-shortcode.products-carousel-shortcode-id-f4d73a9adcc8430ebddc9d974cc4d4f1 .owl-nav a:not(:hover) i,\n.products-carousel-shortcode.products-carousel-shortcode-id-f4d73a9adcc8430ebddc9d974cc4d4f1 .owl-nav a:not(:hover) i:before {\n  color: #ffffff;\n  background: none;\n}\n.products-carousel-shortcode.products-carousel-shortcode-id-f4d73a9adcc8430ebddc9d974cc4d4f1 .owl-nav a:hover i,\n.products-carousel-shortcode.products-carousel-shortcode-id-f4d73a9adcc8430ebddc9d974cc4d4f1 .owl-nav a:hover i:before {\n  color: rgba(255,255,255,0.75);\n  background: none;\n}\n.products-carousel-shortcode.products-carousel-shortcode-id-f4d73a9adcc8430ebddc9d974cc4d4f1 .owl-dots {\n  top: calc(100% + 20px);\n  left: 50%;\n  transform: translateX(calc(-50% + 0px));\n}\n@media all and (-ms-high-contrast: none) {\n  .products-carousel-shortcode.products-carousel-shortcode-id-f4d73a9adcc8430ebddc9d974cc4d4f1 .owl-dots {\n    transform: translateX(-50%);\n    margin-left: 0px;\n  }\n}\n.products-carousel-shortcode.products-carousel-shortcode-id-f4d73a9adcc8430ebddc9d974cc4d4f1 .owl-dot {\n  width: 10px;\n  height: 10px;\n  margin: 0 8px;\n}\n.bullets-scale-up.products-carousel-shortcode.products-carousel-shortcode-id-f4d73a9adcc8430ebddc9d974cc4d4f1 .owl-dot:not(.active):not(:hover) span {\n  background: #dbd6cc;\n}\n.bullets-scale-up.products-carousel-shortcode.products-carousel-shortcode-id-f4d73a9adcc8430ebddc9d974cc4d4f1 .owl-dot:not(.active):hover span,\n.bullets-scale-up.products-carousel-shortcode.products-carousel-shortcode-id-f4d73a9adcc8430ebddc9d974cc4d4f1 .owl-dot.active span {\n  background: #8d847a;\n}\n.bullets-stroke.products-carousel-shortcode.products-carousel-shortcode-id-f4d73a9adcc8430ebddc9d974cc4d4f1 .owl-dot:not(.active):not(:hover) span {\n  background: #dbd6cc;\n}\n.bullets-stroke.products-carousel-shortcode.products-carousel-shortcode-id-f4d73a9adcc8430ebddc9d974cc4d4f1 .owl-dot:not(.active):hover span {\n  background: #8d847a;\n}\n.bullets-stroke.products-carousel-shortcode.products-carousel-shortcode-id-f4d73a9adcc8430ebddc9d974cc4d4f1 .owl-dot.active span {\n  box-shadow: 0 0 0 2px #8d847a;\n}\n.bullets-fill-in.products-carousel-shortcode.products-carousel-shortcode-id-f4d73a9adcc8430ebddc9d974cc4d4f1 .owl-dot:not(.active):not(:hover) span {\n  box-shadow: inset 0 0 0 2px #dbd6cc;\n}\n.bullets-fill-in.products-carousel-shortcode.products-carousel-shortcode-id-f4d73a9adcc8430ebddc9d974cc4d4f1 .owl-dot:not(.active):hover span {\n  box-shadow: inset 0 0 0 2px #8d847a;\n}\n.bullets-fill-in.products-carousel-shortcode.products-carousel-shortcode-id-f4d73a9adcc8430ebddc9d974cc4d4f1 .owl-dot.active span {\n  box-shadow: inset 0 0 0 20px #8d847a;\n}\n.bullets-small-dot-stroke.products-carousel-shortcode.products-carousel-shortcode-id-f4d73a9adcc8430ebddc9d974cc4d4f1 .owl-dot:not(.active):not(:hover) span {\n  background: #dbd6cc;\n}\n.bullets-small-dot-stroke.products-carousel-shortcode.products-carousel-shortcode-id-f4d73a9adcc8430ebddc9d974cc4d4f1 .owl-dot:not(.active):hover span,\n.bullets-small-dot-stroke.products-carousel-shortcode.products-carousel-shortcode-id-f4d73a9adcc8430ebddc9d974cc4d4f1 .owl-dot.active span {\n  background: #8d847a;\n}\n.bullets-small-dot-stroke.products-carousel-shortcode.products-carousel-shortcode-id-f4d73a9adcc8430ebddc9d974cc4d4f1 .owl-dot.active {\n  box-shadow: 0 0 0 2px #8d847a;\n}\n.bullets-ubax.products-carousel-shortcode.products-carousel-shortcode-id-f4d73a9adcc8430ebddc9d974cc4d4f1 .owl-dot span {\n  background: #dbd6cc;\n}\n.bullets-ubax.products-carousel-shortcode.products-carousel-shortcode-id-f4d73a9adcc8430ebddc9d974cc4d4f1 .owl-dot.active span {\n  border-color: #8d847a;\n}\n.bullets-ubax.products-carousel-shortcode.products-carousel-shortcode-id-f4d73a9adcc8430ebddc9d974cc4d4f1 .owl-dot:not(.active):hover span {\n  background: #8d847a;\n}\n.bullets-etefu.products-carousel-shortcode.products-carousel-shortcode-id-f4d73a9adcc8430ebddc9d974cc4d4f1 .owl-dot span {\n  background: #dbd6cc;\n}\n.bullets-etefu.products-carousel-shortcode.products-carousel-shortcode-id-f4d73a9adcc8430ebddc9d974cc4d4f1 .owl-dot:not(.active):hover span {\n  background: #8d847a;\n}\n.bullets-etefu.products-carousel-shortcode.products-carousel-shortcode-id-f4d73a9adcc8430ebddc9d974cc4d4f1 .owl-dot span:before {\n  background: #8d847a;\n}\n.accent-gradient .bullets-etefu.products-carousel-shortcode.products-carousel-shortcode-id-f4d73a9adcc8430ebddc9d974cc4d4f1 .owl-dot span:before {\n  background: #8d847a;\n}\n@media screen and (max-width: 778px) {\n  .products-carousel-shortcode.products-carousel-shortcode-id-f4d73a9adcc8430ebddc9d974cc4d4f1.hide-arrows .owl-nav a {\n    display: none;\n  }\n}\n@media screen and (max-width: 778px) {\n  .products-carousel-shortcode.products-carousel-shortcode-id-f4d73a9adcc8430ebddc9d974cc4d4f1.reposition-arrows .owl-nav .owl-prev {\n    top: 50%;\n    transform: translateY(calc(-50% + 0px));\n    left: 10px;\n  }\n  .products-carousel-shortcode.products-carousel-shortcode-id-f4d73a9adcc8430ebddc9d974cc4d4f1.reposition-arrows .owl-nav .owl-next {\n    top: 50%;\n    transform: translateY(calc(-50% + 0px));\n    right: 10px;\n  }\n}\n@media screen and (max-width: 778px) and all and (-ms-high-contrast: none) {\n  .products-carousel-shortcode.products-carousel-shortcode-id-f4d73a9adcc8430ebddc9d974cc4d4f1.reposition-arrows .owl-nav .owl-prev {\n    transform: translateY(-50%);\n    margin-top: 0px;\n  }\n}\n@media screen and (max-width: 778px) and all and (-ms-high-contrast: none) {\n  .products-carousel-shortcode.products-carousel-shortcode-id-f4d73a9adcc8430ebddc9d974cc4d4f1.reposition-arrows .owl-nav .owl-next {\n    transform: translateY(-50%);\n    margin-top: 0px;\n  }\n}<\/style><div class=\"owl-carousel products-carousel-shortcode dt-owl-carousel-call products-carousel-shortcode-id-f4d73a9adcc8430ebddc9d974cc4d4f1 cart-btn-below-img bullets-ubax reposition-arrows arrows-bg-on dt-arrow-border-on dt-arrow-hover-border-on disable-arrows-hover-bg arrows-hover-bg-on  wc-img-hover hide-description hide-rating bordo_prodotti_correlati\" data-scroll-mode=\"1\" data-wide-col-num=\"4\" data-col-num=\"3\" data-laptop-col=\"3\" data-h-tablet-columns-num=\"3\" data-v-tablet-columns-num=\"2\" data-phone-columns-num=\"1\" data-auto-height=\"true\" data-col-gap=\"30\" data-stage-padding=\"0\" data-speed=\"600\" data-autoplay=\"false\" data-autoplay_speed=\"6000\" data-arrows=\"false\" data-bullet=\"true\" data-next-icon=\"icon-ar-017-r\" data-prev-icon=\"icon-ar-017-l\"><article class=\"post post-5066 product type-product status-publish has-post-thumbnail product_cat-koloryzacja description-off first instock shipping-taxable purchasable product-type-variable\" ><figure class=\"woocom-project\">\n\t<div class=\"woo-buttons-on-img\">\n\n\t\t<a href=\"https:\/\/ekre.it\/pl\/prodotto\/lightkrome-koloryzacja-ton-w-ton\/\" class=\"alignnone layzr-bg\"><img loading=\"lazy\" decoding=\"async\" width=\"300\" height=\"300\" src=\"data:image\/svg+xml;charset=utf-8,%3Csvg xmlns%3D&#039;http%3A%2F%2Fwww.w3.org%2F2000%2Fsvg&#039; viewBox%3D&#039;0 0 300 300&#039;%2F%3E\" class=\"attachment-woocommerce_thumbnail size-woocommerce_thumbnail owl-lazy-load preload-me\" alt=\"Lightkrome \u2013 Koloryzacja ton w ton\" data-src=\"https:\/\/ekre.it\/wp-content\/uploads\/2024\/05\/40100_ekre_lightkrome_delicate_tone_on_tone_hair_colour_100ml-1-300x300.png\" data-srcset=\"https:\/\/ekre.it\/wp-content\/uploads\/2024\/05\/40100_ekre_lightkrome_delicate_tone_on_tone_hair_colour_100ml-1-300x300.png 300w, https:\/\/ekre.it\/wp-content\/uploads\/2024\/05\/40100_ekre_lightkrome_delicate_tone_on_tone_hair_colour_100ml-1-150x150.png 150w, https:\/\/ekre.it\/wp-content\/uploads\/2024\/05\/40100_ekre_lightkrome_delicate_tone_on_tone_hair_colour_100ml-1-200x200.png 200w, https:\/\/ekre.it\/wp-content\/uploads\/2024\/05\/40100_ekre_lightkrome_delicate_tone_on_tone_hair_colour_100ml-1.png 600w\" \/><\/a>\n\t<\/div>\n\t<figcaption class=\"woocom-list-content\">\n\n\t\t<div class=\"woo-buttons\"><a href=\"https:\/\/ekre.it\/pl\/prodotto\/lightkrome-koloryzacja-ton-w-ton\/\" aria-describedby=\"woocommerce_loop_add_to_cart_link_describedby_5066\" data-quantity=\"1\" class=\"product_type_variable add_to_cart_button\" data-product_id=\"5066\" data-product_sku=\"\" aria-label=\"Wybierz opcje dla &bdquo;Lightkrome \u2013 Koloryzacja ton w ton&rdquo;\" rel=\"nofollow\">Wybierz opcje<\/a>\t<span id=\"woocommerce_loop_add_to_cart_link_describedby_5066\" class=\"screen-reader-text\">\n\t\tTen produkt ma wiele wariant\u00f3w. Opcje mo\u017cna wybra\u0107 na stronie produktu\t<\/span>\n<\/div>\n\t<\/figcaption>\n<\/figure>\n<\/article><article class=\"post post-5198 product type-product status-publish has-post-thumbnail product_cat-koloryzacja description-off  instock shipping-taxable purchasable product-type-variable\" ><figure class=\"woocom-project\">\n\t<div class=\"woo-buttons-on-img\">\n\n\t\t<a href=\"https:\/\/ekre.it\/pl\/prodotto\/estensy-kosmetyczny-krem-koloryzujacy-bez-amoniaku\/\" class=\"alignnone layzr-bg\"><img loading=\"lazy\" decoding=\"async\" width=\"300\" height=\"300\" src=\"data:image\/svg+xml;charset=utf-8,%3Csvg xmlns%3D&#039;http%3A%2F%2Fwww.w3.org%2F2000%2Fsvg&#039; viewBox%3D&#039;0 0 300 300&#039;%2F%3E\" class=\"attachment-woocommerce_thumbnail size-woocommerce_thumbnail owl-lazy-load preload-me\" alt=\"Estensy - Kosmetyczny krem koloryzuj\u0105cy bez amoniaku\" data-src=\"https:\/\/ekre.it\/wp-content\/uploads\/2024\/05\/40170_ekre_estency_100ml-1-300x300.png\" data-srcset=\"https:\/\/ekre.it\/wp-content\/uploads\/2024\/05\/40170_ekre_estency_100ml-1-300x300.png 300w, https:\/\/ekre.it\/wp-content\/uploads\/2024\/05\/40170_ekre_estency_100ml-1-150x150.png 150w, https:\/\/ekre.it\/wp-content\/uploads\/2024\/05\/40170_ekre_estency_100ml-1-768x768.png 768w, https:\/\/ekre.it\/wp-content\/uploads\/2024\/05\/40170_ekre_estency_100ml-1-600x600.png 600w, https:\/\/ekre.it\/wp-content\/uploads\/2024\/05\/40170_ekre_estency_100ml-1-200x200.png 200w, https:\/\/ekre.it\/wp-content\/uploads\/2024\/05\/40170_ekre_estency_100ml-1.png 800w\" \/><\/a>\n\t<\/div>\n\t<figcaption class=\"woocom-list-content\">\n\n\t\t<div class=\"woo-buttons\"><a href=\"https:\/\/ekre.it\/pl\/prodotto\/estensy-kosmetyczny-krem-koloryzujacy-bez-amoniaku\/\" aria-describedby=\"woocommerce_loop_add_to_cart_link_describedby_5198\" data-quantity=\"1\" class=\"product_type_variable add_to_cart_button\" data-product_id=\"5198\" data-product_sku=\"\" aria-label=\"Wybierz opcje dla &bdquo;Estensy - Kosmetyczny krem koloryzuj\u0105cy bez amoniaku&rdquo;\" rel=\"nofollow\">Wybierz opcje<\/a>\t<span id=\"woocommerce_loop_add_to_cart_link_describedby_5198\" class=\"screen-reader-text\">\n\t\tTen produkt ma wiele wariant\u00f3w. Opcje mo\u017cna wybra\u0107 na stronie produktu\t<\/span>\n<\/div>\n\t<\/figcaption>\n<\/figure>\n<\/article><article class=\"post post-5468 product type-product status-publish has-post-thumbnail product_cat-koloryzacja description-off  instock shipping-taxable purchasable product-type-variable\" ><figure class=\"woocom-project\">\n\t<div class=\"woo-buttons-on-img\">\n\n\t\t<a href=\"https:\/\/ekre.it\/pl\/prodotto\/artcolor-kosmetyczny-krem-koloryzujacy\/\" class=\"alignnone layzr-bg\"><img loading=\"lazy\" decoding=\"async\" width=\"300\" height=\"300\" src=\"data:image\/svg+xml;charset=utf-8,%3Csvg xmlns%3D&#039;http%3A%2F%2Fwww.w3.org%2F2000%2Fsvg&#039; viewBox%3D&#039;0 0 300 300&#039;%2F%3E\" class=\"attachment-woocommerce_thumbnail size-woocommerce_thumbnail owl-lazy-load preload-me\" alt=\"Artcolor \u2013 Kosmetyczny krem koloryzuj\u0105cy\" data-src=\"https:\/\/ekre.it\/wp-content\/uploads\/2024\/05\/ekre_art_color_cosmetic_colouring_cream_100ml-2-1-300x300.png\" data-srcset=\"https:\/\/ekre.it\/wp-content\/uploads\/2024\/05\/ekre_art_color_cosmetic_colouring_cream_100ml-2-1-300x300.png 300w, https:\/\/ekre.it\/wp-content\/uploads\/2024\/05\/ekre_art_color_cosmetic_colouring_cream_100ml-2-1-150x150.png 150w, https:\/\/ekre.it\/wp-content\/uploads\/2024\/05\/ekre_art_color_cosmetic_colouring_cream_100ml-2-1-200x200.png 200w, https:\/\/ekre.it\/wp-content\/uploads\/2024\/05\/ekre_art_color_cosmetic_colouring_cream_100ml-2-1.png 600w\" \/><\/a>\n\t<\/div>\n\t<figcaption class=\"woocom-list-content\">\n\n\t\t<div class=\"woo-buttons\"><a href=\"https:\/\/ekre.it\/pl\/prodotto\/artcolor-kosmetyczny-krem-koloryzujacy\/\" aria-describedby=\"woocommerce_loop_add_to_cart_link_describedby_5468\" data-quantity=\"1\" class=\"product_type_variable add_to_cart_button\" data-product_id=\"5468\" data-product_sku=\"\" aria-label=\"Wybierz opcje dla &bdquo;Artcolor \u2013 Kosmetyczny krem koloryzuj\u0105cy&rdquo;\" rel=\"nofollow\">Wybierz opcje<\/a>\t<span id=\"woocommerce_loop_add_to_cart_link_describedby_5468\" class=\"screen-reader-text\">\n\t\tTen produkt ma wiele wariant\u00f3w. Opcje mo\u017cna wybra\u0107 na stronie produktu\t<\/span>\n<\/div>\n\t<\/figcaption>\n<\/figure>\n<\/article><\/div>[\/vc_column][\/vc_row]\n<\/div>","protected":false},"excerpt":{"rendered":"<p><span style=\"font-weight: 400;\"><strong>Switch On<\/strong> to <strong>maska<\/strong> z b\u0142yszcz\u0105cymi pigmentami, kt\u00f3ra podkre\u015bla <strong>pasemka i o\u017cywia kolor<\/strong> \u2014 zar\u00f3wno naturalny, jak i kosmetyczny \u2014 <strong>nie ingeruj\u0105c w struktur\u0119 w\u0142osa<\/strong>.<\/span><\/p>\n<p><span style=\"font-weight: 400;\">Wykorzystuj\u0105c luminescencyjne w\u0142a\u015bciwo\u015bci ekstraktu z <strong>Kwiat\u00f3w Dziewanny <\/strong>zawartego w formule, jest w stanie wzmocni\u0107 jasno\u015b\u0107 i <strong>blask koloru<\/strong>. Nie zawiera amoniaku ani utleniaczy. Maska zapewnia profesjonaln\u0105 i ultraszybk\u0105 us\u0142ug\u0119, wystarczy pozostawi\u0107 j\u0105 na w\u0142osach na jedynie <strong>3-5 minut<\/strong>.<\/span><\/p>\n<p>&nbsp;<\/p>\n<p><span style=\"font-weight: 400;\">Do u\u017cytku profesjonalnego<\/span><\/p>\n<p><span style=\"font-weight: 400;\">Pojemno\u015b\u0107 200 ml<\/span><\/p>\n<p><b>Posiada certyfikat VEGANOK,\u00a0<\/b>produkt<b>\u00a0nie zawiera \u017cadnego sk\u0142adnika pochodzenia zwierz\u0119cego i w pe\u0142ni odzwierciedla Wega\u0144skie warto\u015bci etyczne.<\/b><br \/>\n<img loading=\"lazy\" decoding=\"async\" class=\"alignnone size-full wp-image-5185\" src=\"https:\/\/ekre.it\/wp-content\/uploads\/2021\/06\/vegan_3.png\" alt=\"\" width=\"60\" height=\"68\" \/><\/p>\n","protected":false},"featured_media":3086,"template":"","meta":[],"product_brand":[],"product_cat":[895],"product_tag":[],"class_list":{"0":"post-5672","1":"product","2":"type-product","3":"status-publish","4":"has-post-thumbnail","6":"product_cat-koloryzacja","7":"description-off","9":"last","10":"instock","11":"shipping-taxable","12":"purchasable","13":"product-type-variable"},"yoast_head":"<!-- This site is optimized with the Yoast SEO plugin v26.7 - https:\/\/yoast.com\/wordpress\/plugins\/seo\/ -->\n<title>Switch On \u2013 Maska koloryzuj\u0105ca - Ekre - Be Natural<\/title>\n<meta name=\"robots\" content=\"index, follow, max-snippet:-1, max-image-preview:large, max-video-preview:-1\" \/>\n<link rel=\"canonical\" href=\"https:\/\/ekre.it\/pl\/prodotto\/switch-on-maska-koloryzujaca\/\" \/>\n<meta property=\"og:locale\" content=\"pl_PL\" \/>\n<meta property=\"og:type\" content=\"article\" \/>\n<meta property=\"og:title\" content=\"Switch On \u2013 Maska koloryzuj\u0105ca - Ekre - Be Natural\" \/>\n<meta property=\"og:description\" content=\"Switch On to maska z b\u0142yszcz\u0105cymi pigmentami, kt\u00f3ra podkre\u015bla pasemka i o\u017cywia kolor \u2014 zar\u00f3wno naturalny, jak i kosmetyczny \u2014 nie ingeruj\u0105c w struktur\u0119 w\u0142osa.  Wykorzystuj\u0105c luminescencyjne w\u0142a\u015bciwo\u015bci ekstraktu z Kwiat\u00f3w Dziewanny zawartego w formule, jest w stanie wzmocni\u0107 jasno\u015b\u0107 i blask koloru. Nie zawiera amoniaku ani utleniaczy. Maska zapewnia profesjonaln\u0105 i ultraszybk\u0105 us\u0142ug\u0119, wystarczy pozostawi\u0107 j\u0105 na w\u0142osach na jedynie 3-5 minut.  &nbsp;  Do u\u017cytku profesjonalnego  Pojemno\u015b\u0107 200 ml  Posiada certyfikat VEGANOK,\u00a0produkt\u00a0nie zawiera \u017cadnego sk\u0142adnika pochodzenia zwierz\u0119cego i w pe\u0142ni odzwierciedla Wega\u0144skie warto\u015bci etyczne.\" \/>\n<meta property=\"og:url\" content=\"https:\/\/ekre.it\/pl\/prodotto\/switch-on-maska-koloryzujaca\/\" \/>\n<meta property=\"og:site_name\" content=\"Ekre - Be Natural\" \/>\n<meta property=\"article:modified_time\" content=\"2024-05-30T12:08:27+00:00\" \/>\n<meta property=\"og:image\" content=\"https:\/\/ekre.it\/wp-content\/uploads\/2024\/05\/40303_ekre_switchon_colour_reflection_mask_violet_200ml-1.png\" \/>\n\t<meta property=\"og:image:width\" content=\"800\" \/>\n\t<meta property=\"og:image:height\" content=\"800\" \/>\n\t<meta property=\"og:image:type\" content=\"image\/png\" \/>\n<meta name=\"twitter:card\" content=\"summary_large_image\" \/>\n<meta name=\"twitter:label1\" content=\"Szacowany czas czytania\" \/>\n\t<meta name=\"twitter:data1\" content=\"1 minuta\" \/>\n<script type=\"application\/ld+json\" class=\"yoast-schema-graph\">{\"@context\":\"https:\/\/schema.org\",\"@graph\":[{\"@type\":\"WebPage\",\"@id\":\"https:\/\/ekre.it\/pl\/prodotto\/switch-on-maska-koloryzujaca\/\",\"url\":\"https:\/\/ekre.it\/pl\/prodotto\/switch-on-maska-koloryzujaca\/\",\"name\":\"Switch On \u2013 Maska koloryzuj\u0105ca - Ekre - Be Natural\",\"isPartOf\":{\"@id\":\"https:\/\/ekre.it\/pl\/#website\"},\"primaryImageOfPage\":{\"@id\":\"https:\/\/ekre.it\/pl\/prodotto\/switch-on-maska-koloryzujaca\/#primaryimage\"},\"image\":{\"@id\":\"https:\/\/ekre.it\/pl\/prodotto\/switch-on-maska-koloryzujaca\/#primaryimage\"},\"thumbnailUrl\":\"https:\/\/ekre.it\/wp-content\/uploads\/2024\/05\/40303_ekre_switchon_colour_reflection_mask_violet_200ml-1.png\",\"datePublished\":\"2024-05-29T08:19:58+00:00\",\"dateModified\":\"2024-05-30T12:08:27+00:00\",\"breadcrumb\":{\"@id\":\"https:\/\/ekre.it\/pl\/prodotto\/switch-on-maska-koloryzujaca\/#breadcrumb\"},\"inLanguage\":\"pl-PL\",\"potentialAction\":[{\"@type\":\"ReadAction\",\"target\":[\"https:\/\/ekre.it\/pl\/prodotto\/switch-on-maska-koloryzujaca\/\"]}]},{\"@type\":\"ImageObject\",\"inLanguage\":\"pl-PL\",\"@id\":\"https:\/\/ekre.it\/pl\/prodotto\/switch-on-maska-koloryzujaca\/#primaryimage\",\"url\":\"https:\/\/ekre.it\/wp-content\/uploads\/2024\/05\/40303_ekre_switchon_colour_reflection_mask_violet_200ml-1.png\",\"contentUrl\":\"https:\/\/ekre.it\/wp-content\/uploads\/2024\/05\/40303_ekre_switchon_colour_reflection_mask_violet_200ml-1.png\",\"width\":800,\"height\":800},{\"@type\":\"BreadcrumbList\",\"@id\":\"https:\/\/ekre.it\/pl\/prodotto\/switch-on-maska-koloryzujaca\/#breadcrumb\",\"itemListElement\":[{\"@type\":\"ListItem\",\"position\":1,\"name\":\"Home\",\"item\":\"https:\/\/ekre.it\/pl\/home\/\"},{\"@type\":\"ListItem\",\"position\":2,\"name\":\"Produkty\",\"item\":\"https:\/\/ekre.it\/pl\/shop\/\"},{\"@type\":\"ListItem\",\"position\":3,\"name\":\"Switch On \u2013 Maska koloryzuj\u0105ca\"}]},{\"@type\":\"WebSite\",\"@id\":\"https:\/\/ekre.it\/pl\/#website\",\"url\":\"https:\/\/ekre.it\/pl\/\",\"name\":\"Ekre - Be Natural\",\"description\":\"\",\"potentialAction\":[{\"@type\":\"SearchAction\",\"target\":{\"@type\":\"EntryPoint\",\"urlTemplate\":\"https:\/\/ekre.it\/pl\/?s={search_term_string}\"},\"query-input\":{\"@type\":\"PropertyValueSpecification\",\"valueRequired\":true,\"valueName\":\"search_term_string\"}}],\"inLanguage\":\"pl-PL\"}]}<\/script>\n<!-- \/ Yoast SEO plugin. -->","yoast_head_json":{"title":"Switch On \u2013 Maska koloryzuj\u0105ca - Ekre - Be Natural","robots":{"index":"index","follow":"follow","max-snippet":"max-snippet:-1","max-image-preview":"max-image-preview:large","max-video-preview":"max-video-preview:-1"},"canonical":"https:\/\/ekre.it\/pl\/prodotto\/switch-on-maska-koloryzujaca\/","og_locale":"pl_PL","og_type":"article","og_title":"Switch On \u2013 Maska koloryzuj\u0105ca - Ekre - Be Natural","og_description":"Switch On to maska z b\u0142yszcz\u0105cymi pigmentami, kt\u00f3ra podkre\u015bla pasemka i o\u017cywia kolor \u2014 zar\u00f3wno naturalny, jak i kosmetyczny \u2014 nie ingeruj\u0105c w struktur\u0119 w\u0142osa.  Wykorzystuj\u0105c luminescencyjne w\u0142a\u015bciwo\u015bci ekstraktu z Kwiat\u00f3w Dziewanny zawartego w formule, jest w stanie wzmocni\u0107 jasno\u015b\u0107 i blask koloru. Nie zawiera amoniaku ani utleniaczy. Maska zapewnia profesjonaln\u0105 i ultraszybk\u0105 us\u0142ug\u0119, wystarczy pozostawi\u0107 j\u0105 na w\u0142osach na jedynie 3-5 minut.  &nbsp;  Do u\u017cytku profesjonalnego  Pojemno\u015b\u0107 200 ml  Posiada certyfikat VEGANOK,\u00a0produkt\u00a0nie zawiera \u017cadnego sk\u0142adnika pochodzenia zwierz\u0119cego i w pe\u0142ni odzwierciedla Wega\u0144skie warto\u015bci etyczne.","og_url":"https:\/\/ekre.it\/pl\/prodotto\/switch-on-maska-koloryzujaca\/","og_site_name":"Ekre - Be Natural","article_modified_time":"2024-05-30T12:08:27+00:00","og_image":[{"width":800,"height":800,"url":"https:\/\/ekre.it\/wp-content\/uploads\/2024\/05\/40303_ekre_switchon_colour_reflection_mask_violet_200ml-1.png","type":"image\/png"}],"twitter_card":"summary_large_image","twitter_misc":{"Szacowany czas czytania":"1 minuta"},"schema":{"@context":"https:\/\/schema.org","@graph":[{"@type":"WebPage","@id":"https:\/\/ekre.it\/pl\/prodotto\/switch-on-maska-koloryzujaca\/","url":"https:\/\/ekre.it\/pl\/prodotto\/switch-on-maska-koloryzujaca\/","name":"Switch On \u2013 Maska koloryzuj\u0105ca - Ekre - Be Natural","isPartOf":{"@id":"https:\/\/ekre.it\/pl\/#website"},"primaryImageOfPage":{"@id":"https:\/\/ekre.it\/pl\/prodotto\/switch-on-maska-koloryzujaca\/#primaryimage"},"image":{"@id":"https:\/\/ekre.it\/pl\/prodotto\/switch-on-maska-koloryzujaca\/#primaryimage"},"thumbnailUrl":"https:\/\/ekre.it\/wp-content\/uploads\/2024\/05\/40303_ekre_switchon_colour_reflection_mask_violet_200ml-1.png","datePublished":"2024-05-29T08:19:58+00:00","dateModified":"2024-05-30T12:08:27+00:00","breadcrumb":{"@id":"https:\/\/ekre.it\/pl\/prodotto\/switch-on-maska-koloryzujaca\/#breadcrumb"},"inLanguage":"pl-PL","potentialAction":[{"@type":"ReadAction","target":["https:\/\/ekre.it\/pl\/prodotto\/switch-on-maska-koloryzujaca\/"]}]},{"@type":"ImageObject","inLanguage":"pl-PL","@id":"https:\/\/ekre.it\/pl\/prodotto\/switch-on-maska-koloryzujaca\/#primaryimage","url":"https:\/\/ekre.it\/wp-content\/uploads\/2024\/05\/40303_ekre_switchon_colour_reflection_mask_violet_200ml-1.png","contentUrl":"https:\/\/ekre.it\/wp-content\/uploads\/2024\/05\/40303_ekre_switchon_colour_reflection_mask_violet_200ml-1.png","width":800,"height":800},{"@type":"BreadcrumbList","@id":"https:\/\/ekre.it\/pl\/prodotto\/switch-on-maska-koloryzujaca\/#breadcrumb","itemListElement":[{"@type":"ListItem","position":1,"name":"Home","item":"https:\/\/ekre.it\/pl\/home\/"},{"@type":"ListItem","position":2,"name":"Produkty","item":"https:\/\/ekre.it\/pl\/shop\/"},{"@type":"ListItem","position":3,"name":"Switch On \u2013 Maska koloryzuj\u0105ca"}]},{"@type":"WebSite","@id":"https:\/\/ekre.it\/pl\/#website","url":"https:\/\/ekre.it\/pl\/","name":"Ekre - Be Natural","description":"","potentialAction":[{"@type":"SearchAction","target":{"@type":"EntryPoint","urlTemplate":"https:\/\/ekre.it\/pl\/?s={search_term_string}"},"query-input":{"@type":"PropertyValueSpecification","valueRequired":true,"valueName":"search_term_string"}}],"inLanguage":"pl-PL"}]}},"_links":{"self":[{"href":"https:\/\/ekre.it\/pl\/wp-json\/wp\/v2\/product\/5672","targetHints":{"allow":["GET"]}}],"collection":[{"href":"https:\/\/ekre.it\/pl\/wp-json\/wp\/v2\/product"}],"about":[{"href":"https:\/\/ekre.it\/pl\/wp-json\/wp\/v2\/types\/product"}],"wp:featuredmedia":[{"embeddable":true,"href":"https:\/\/ekre.it\/pl\/wp-json\/wp\/v2\/media\/3086"}],"wp:attachment":[{"href":"https:\/\/ekre.it\/pl\/wp-json\/wp\/v2\/media?parent=5672"}],"wp:term":[{"taxonomy":"product_brand","embeddable":true,"href":"https:\/\/ekre.it\/pl\/wp-json\/wp\/v2\/product_brand?post=5672"},{"taxonomy":"product_cat","embeddable":true,"href":"https:\/\/ekre.it\/pl\/wp-json\/wp\/v2\/product_cat?post=5672"},{"taxonomy":"product_tag","embeddable":true,"href":"https:\/\/ekre.it\/pl\/wp-json\/wp\/v2\/product_tag?post=5672"}],"curies":[{"name":"wp","href":"https:\/\/api.w.org\/{rel}","templated":true}]}}