{"id":5732,"date":"2024-05-22T16:57:28","date_gmt":"2024-05-22T14:57:28","guid":{"rendered":"https:\/\/ekre.it\/prodotto\/hairwave-plyn-do-trwalej-ondulacji-do-wlosow-farbowanych\/"},"modified":"2024-05-31T16:28:45","modified_gmt":"2024-05-31T14:28:45","slug":"hairwave-plyn-do-trwalej-ondulacji-do-wlosow-farbowanych","status":"publish","type":"product","link":"https:\/\/ekre.it\/pl\/prodotto\/hairwave-plyn-do-trwalej-ondulacji-do-wlosow-farbowanych\/","title":{"rendered":"HairWave &#8211; P\u0142yn do trwa\u0142ej ondulacji do w\u0142os\u00f3w farbowanych"},"content":{"rendered":"<div class=\"wpb-content-wrapper\">[vc_row el_class=&#8221;bordo_benefici&#8221;][vc_column][vc_column_text css=&#8221;&#8221;]\n<h2 style=\"text-align: left;\"> Zalety<\/h2>\n<ul>\n<li><span style=\"font-weight: 400;\">Opracowany do <\/span><b>w\u0142os\u00f3w farbowanych<\/b><\/li>\n<li><span style=\"font-weight: 400;\">Daje efekt <\/span><b>doskona\u0142ej stylizacji<\/b><\/li>\n<li><span style=\"font-weight: 400;\">Definiuje <\/span><b>kr\u0119cone w\u0142osy<\/b><\/li>\n<li><span style=\"font-weight: 400;\">Nadaje w\u0142osom<\/span><b> mi\u0119kko\u015b\u0107 i blask<\/b><\/li>\n<\/ul>\n[\/vc_column_text][\/vc_column][\/vc_row][vc_row][vc_column][vc_empty_space height=&#8221;80px&#8221;][\/vc_column][\/vc_row][vc_row][vc_column][vc_column_text css=&#8221;&#8221;]\n<h2 style=\"text-align: center;\">Produkty Powi\u0105zane<\/h2>\n[\/vc_column_text]<style type=\"text\/css\" data-type=\"the7_shortcodes-inline-css\">.products-carousel-shortcode.products-carousel-shortcode-id-248c54c8577caed3c8e70085a8b337e3 .owl-nav a {\n  width: 36px;\n  height: 36px;\n  border-radius: 500px;\n}\n.dt-arrow-border-on.products-carousel-shortcode.products-carousel-shortcode-id-248c54c8577caed3c8e70085a8b337e3 .owl-nav a:not(:hover):before {\n  border-width: 0px;\n}\n.dt-arrow-hover-border-on.products-carousel-shortcode.products-carousel-shortcode-id-248c54c8577caed3c8e70085a8b337e3 .owl-nav a:hover:after {\n  border-width: 0px;\n}\n.products-carousel-shortcode.products-carousel-shortcode-id-248c54c8577caed3c8e70085a8b337e3 .owl-nav a.owl-prev {\n  top: 50%;\n  transform: translateY(calc(-50% + 0px));\n  left: -43px;\n}\n@media all and (-ms-high-contrast: none) {\n  .products-carousel-shortcode.products-carousel-shortcode-id-248c54c8577caed3c8e70085a8b337e3 .owl-nav a.owl-prev {\n    transform: translateY(-50%);\n    margin-top: 0px;\n  }\n}\n.products-carousel-shortcode.products-carousel-shortcode-id-248c54c8577caed3c8e70085a8b337e3 .owl-nav a.owl-prev i {\n  padding: 0px 0px 0px 0px;\n}\n.products-carousel-shortcode.products-carousel-shortcode-id-248c54c8577caed3c8e70085a8b337e3 .owl-nav a.owl-next {\n  top: 50%;\n  transform: translateY(calc(-50% + 0px));\n  right: -43px;\n}\n@media all and (-ms-high-contrast: none) {\n  .products-carousel-shortcode.products-carousel-shortcode-id-248c54c8577caed3c8e70085a8b337e3 .owl-nav a.owl-next {\n    transform: translateY(-50%);\n    margin-top: 0px;\n  }\n}\n.products-carousel-shortcode.products-carousel-shortcode-id-248c54c8577caed3c8e70085a8b337e3 .owl-nav a.owl-next i {\n  padding: 0px 0px 0px 0px;\n}\n.products-carousel-shortcode.products-carousel-shortcode-id-248c54c8577caed3c8e70085a8b337e3 .owl-nav i {\n  font-size: 18px;\n}\n.products-carousel-shortcode.products-carousel-shortcode-id-248c54c8577caed3c8e70085a8b337e3 .owl-nav a:not(:hover) i,\n.products-carousel-shortcode.products-carousel-shortcode-id-248c54c8577caed3c8e70085a8b337e3 .owl-nav a:not(:hover) i:before {\n  color: #ffffff;\n  background: none;\n}\n.products-carousel-shortcode.products-carousel-shortcode-id-248c54c8577caed3c8e70085a8b337e3 .owl-nav a:hover i,\n.products-carousel-shortcode.products-carousel-shortcode-id-248c54c8577caed3c8e70085a8b337e3 .owl-nav a:hover i:before {\n  color: rgba(255,255,255,0.75);\n  background: none;\n}\n.products-carousel-shortcode.products-carousel-shortcode-id-248c54c8577caed3c8e70085a8b337e3 .owl-dots {\n  top: calc(100% + 20px);\n  left: 50%;\n  transform: translateX(calc(-50% + 0px));\n}\n@media all and (-ms-high-contrast: none) {\n  .products-carousel-shortcode.products-carousel-shortcode-id-248c54c8577caed3c8e70085a8b337e3 .owl-dots {\n    transform: translateX(-50%);\n    margin-left: 0px;\n  }\n}\n.products-carousel-shortcode.products-carousel-shortcode-id-248c54c8577caed3c8e70085a8b337e3 .owl-dot {\n  width: 10px;\n  height: 10px;\n  margin: 0 8px;\n}\n.bullets-scale-up.products-carousel-shortcode.products-carousel-shortcode-id-248c54c8577caed3c8e70085a8b337e3 .owl-dot:not(.active):not(:hover) span {\n  background: #dbd6cc;\n}\n.bullets-scale-up.products-carousel-shortcode.products-carousel-shortcode-id-248c54c8577caed3c8e70085a8b337e3 .owl-dot:not(.active):hover span,\n.bullets-scale-up.products-carousel-shortcode.products-carousel-shortcode-id-248c54c8577caed3c8e70085a8b337e3 .owl-dot.active span {\n  background: #8d847a;\n}\n.bullets-stroke.products-carousel-shortcode.products-carousel-shortcode-id-248c54c8577caed3c8e70085a8b337e3 .owl-dot:not(.active):not(:hover) span {\n  background: #dbd6cc;\n}\n.bullets-stroke.products-carousel-shortcode.products-carousel-shortcode-id-248c54c8577caed3c8e70085a8b337e3 .owl-dot:not(.active):hover span {\n  background: #8d847a;\n}\n.bullets-stroke.products-carousel-shortcode.products-carousel-shortcode-id-248c54c8577caed3c8e70085a8b337e3 .owl-dot.active span {\n  box-shadow: 0 0 0 2px #8d847a;\n}\n.bullets-fill-in.products-carousel-shortcode.products-carousel-shortcode-id-248c54c8577caed3c8e70085a8b337e3 .owl-dot:not(.active):not(:hover) span {\n  box-shadow: inset 0 0 0 2px #dbd6cc;\n}\n.bullets-fill-in.products-carousel-shortcode.products-carousel-shortcode-id-248c54c8577caed3c8e70085a8b337e3 .owl-dot:not(.active):hover span {\n  box-shadow: inset 0 0 0 2px #8d847a;\n}\n.bullets-fill-in.products-carousel-shortcode.products-carousel-shortcode-id-248c54c8577caed3c8e70085a8b337e3 .owl-dot.active span {\n  box-shadow: inset 0 0 0 20px #8d847a;\n}\n.bullets-small-dot-stroke.products-carousel-shortcode.products-carousel-shortcode-id-248c54c8577caed3c8e70085a8b337e3 .owl-dot:not(.active):not(:hover) span {\n  background: #dbd6cc;\n}\n.bullets-small-dot-stroke.products-carousel-shortcode.products-carousel-shortcode-id-248c54c8577caed3c8e70085a8b337e3 .owl-dot:not(.active):hover span,\n.bullets-small-dot-stroke.products-carousel-shortcode.products-carousel-shortcode-id-248c54c8577caed3c8e70085a8b337e3 .owl-dot.active span {\n  background: #8d847a;\n}\n.bullets-small-dot-stroke.products-carousel-shortcode.products-carousel-shortcode-id-248c54c8577caed3c8e70085a8b337e3 .owl-dot.active {\n  box-shadow: 0 0 0 2px #8d847a;\n}\n.bullets-ubax.products-carousel-shortcode.products-carousel-shortcode-id-248c54c8577caed3c8e70085a8b337e3 .owl-dot span {\n  background: #dbd6cc;\n}\n.bullets-ubax.products-carousel-shortcode.products-carousel-shortcode-id-248c54c8577caed3c8e70085a8b337e3 .owl-dot.active span {\n  border-color: #8d847a;\n}\n.bullets-ubax.products-carousel-shortcode.products-carousel-shortcode-id-248c54c8577caed3c8e70085a8b337e3 .owl-dot:not(.active):hover span {\n  background: #8d847a;\n}\n.bullets-etefu.products-carousel-shortcode.products-carousel-shortcode-id-248c54c8577caed3c8e70085a8b337e3 .owl-dot span {\n  background: #dbd6cc;\n}\n.bullets-etefu.products-carousel-shortcode.products-carousel-shortcode-id-248c54c8577caed3c8e70085a8b337e3 .owl-dot:not(.active):hover span {\n  background: #8d847a;\n}\n.bullets-etefu.products-carousel-shortcode.products-carousel-shortcode-id-248c54c8577caed3c8e70085a8b337e3 .owl-dot span:before {\n  background: #8d847a;\n}\n.accent-gradient .bullets-etefu.products-carousel-shortcode.products-carousel-shortcode-id-248c54c8577caed3c8e70085a8b337e3 .owl-dot span:before {\n  background: #8d847a;\n}\n@media screen and (max-width: 778px) {\n  .products-carousel-shortcode.products-carousel-shortcode-id-248c54c8577caed3c8e70085a8b337e3.hide-arrows .owl-nav a {\n    display: none;\n  }\n}\n@media screen and (max-width: 778px) {\n  .products-carousel-shortcode.products-carousel-shortcode-id-248c54c8577caed3c8e70085a8b337e3.reposition-arrows .owl-nav .owl-prev {\n    top: 50%;\n    transform: translateY(calc(-50% + 0px));\n    left: 10px;\n  }\n  .products-carousel-shortcode.products-carousel-shortcode-id-248c54c8577caed3c8e70085a8b337e3.reposition-arrows .owl-nav .owl-next {\n    top: 50%;\n    transform: translateY(calc(-50% + 0px));\n    right: 10px;\n  }\n}\n@media screen and (max-width: 778px) and all and (-ms-high-contrast: none) {\n  .products-carousel-shortcode.products-carousel-shortcode-id-248c54c8577caed3c8e70085a8b337e3.reposition-arrows .owl-nav .owl-prev {\n    transform: translateY(-50%);\n    margin-top: 0px;\n  }\n}\n@media screen and (max-width: 778px) and all and (-ms-high-contrast: none) {\n  .products-carousel-shortcode.products-carousel-shortcode-id-248c54c8577caed3c8e70085a8b337e3.reposition-arrows .owl-nav .owl-next {\n    transform: translateY(-50%);\n    margin-top: 0px;\n  }\n}<\/style><div class=\"owl-carousel products-carousel-shortcode dt-owl-carousel-call products-carousel-shortcode-id-248c54c8577caed3c8e70085a8b337e3 cart-btn-below-img bullets-ubax reposition-arrows arrows-bg-on dt-arrow-border-on dt-arrow-hover-border-on disable-arrows-hover-bg arrows-hover-bg-on  wc-img-hover hide-description hide-rating bordo_prodotti_correlati\" data-scroll-mode=\"1\" data-wide-col-num=\"4\" data-col-num=\"3\" data-laptop-col=\"3\" data-h-tablet-columns-num=\"3\" data-v-tablet-columns-num=\"2\" data-phone-columns-num=\"1\" data-auto-height=\"true\" data-col-gap=\"30\" data-stage-padding=\"0\" data-speed=\"600\" data-autoplay=\"false\" data-autoplay_speed=\"6000\" data-arrows=\"false\" data-bullet=\"true\" data-next-icon=\"icon-ar-017-r\" data-prev-icon=\"icon-ar-017-l\"><article class=\"post post-5728 product type-product status-publish has-post-thumbnail product_cat-hairwave-pl description-off first instock shipping-taxable product-type-simple\" ><figure class=\"woocom-project\">\n\t<div class=\"woo-buttons-on-img\">\n\n\t\t<a href=\"https:\/\/ekre.it\/pl\/prodotto\/hairwave-plyn-neutralizujacy\/\" class=\"alignnone layzr-bg\"><img loading=\"lazy\" decoding=\"async\" width=\"300\" height=\"300\" src=\"data:image\/svg+xml;charset=utf-8,%3Csvg xmlns%3D&#039;http%3A%2F%2Fwww.w3.org%2F2000%2Fsvg&#039; viewBox%3D&#039;0 0 300 300&#039;%2F%3E\" class=\"attachment-woocommerce_thumbnail size-woocommerce_thumbnail owl-lazy-load preload-me\" alt=\"HairWave - P\u0142yn neutralizuj\u0105cy\" data-src=\"https:\/\/ekre.it\/wp-content\/uploads\/2024\/05\/41019_ekre_hair_wave_neutralizer_1000ml-1-1-300x300.png\" data-srcset=\"https:\/\/ekre.it\/wp-content\/uploads\/2024\/05\/41019_ekre_hair_wave_neutralizer_1000ml-1-1-300x300.png 300w, https:\/\/ekre.it\/wp-content\/uploads\/2024\/05\/41019_ekre_hair_wave_neutralizer_1000ml-1-1-200x200.png 200w, https:\/\/ekre.it\/wp-content\/uploads\/2024\/05\/41019_ekre_hair_wave_neutralizer_1000ml-1-1-150x150.png 150w, https:\/\/ekre.it\/wp-content\/uploads\/2024\/05\/41019_ekre_hair_wave_neutralizer_1000ml-1-1.png 600w\" \/><\/a>\n\t<\/div>\n\t<figcaption class=\"woocom-list-content\">\n\n\t\t<div class=\"woo-buttons\"><a href=\"https:\/\/ekre.it\/pl\/prodotto\/hairwave-plyn-neutralizujacy\/\" aria-describedby=\"woocommerce_loop_add_to_cart_link_describedby_5728\" data-quantity=\"1\" class=\"product_type_simple ajax_add_to_cart\" data-product_id=\"5728\" data-product_sku=\"\" aria-label=\"Przeczytaj wi\u0119cej o &bdquo;HairWave - P\u0142yn neutralizuj\u0105cy&rdquo;\" rel=\"nofollow\" data-success_message=\"\">Dowiedz si\u0119 wi\u0119cej<\/a>\t<span id=\"woocommerce_loop_add_to_cart_link_describedby_5728\" class=\"screen-reader-text\">\n\t\t\t<\/span>\n<\/div>\n\t<\/figcaption>\n<\/figure>\n<\/article><article class=\"post post-5736 product type-product status-publish has-post-thumbnail product_cat-hairwave-pl description-off  instock shipping-taxable product-type-simple\" ><figure class=\"woocom-project\">\n\t<div class=\"woo-buttons-on-img\">\n\n\t\t<a href=\"https:\/\/ekre.it\/pl\/prodotto\/hairwave-plyn-do-trwalej-ondulacji-do-wlosow-normalnych\/\" class=\"alignnone layzr-bg\"><img loading=\"lazy\" decoding=\"async\" width=\"300\" height=\"300\" src=\"data:image\/svg+xml;charset=utf-8,%3Csvg xmlns%3D&#039;http%3A%2F%2Fwww.w3.org%2F2000%2Fsvg&#039; viewBox%3D&#039;0 0 300 300&#039;%2F%3E\" class=\"attachment-woocommerce_thumbnail size-woocommerce_thumbnail owl-lazy-load preload-me\" alt=\"HairWave - P\u0142yn do trwa\u0142ej ondulacji do w\u0142os\u00f3w normalnych\" data-src=\"https:\/\/ekre.it\/wp-content\/uploads\/2024\/05\/41017_ekre_hair_wave_waving_lotion_1_500ml-1-1-300x300.png\" data-srcset=\"https:\/\/ekre.it\/wp-content\/uploads\/2024\/05\/41017_ekre_hair_wave_waving_lotion_1_500ml-1-1-300x300.png 300w, https:\/\/ekre.it\/wp-content\/uploads\/2024\/05\/41017_ekre_hair_wave_waving_lotion_1_500ml-1-1-200x200.png 200w, https:\/\/ekre.it\/wp-content\/uploads\/2024\/05\/41017_ekre_hair_wave_waving_lotion_1_500ml-1-1-150x150.png 150w, https:\/\/ekre.it\/wp-content\/uploads\/2024\/05\/41017_ekre_hair_wave_waving_lotion_1_500ml-1-1.png 600w\" \/><\/a>\n\t<\/div>\n\t<figcaption class=\"woocom-list-content\">\n\n\t\t<div class=\"woo-buttons\"><a href=\"https:\/\/ekre.it\/pl\/prodotto\/hairwave-plyn-do-trwalej-ondulacji-do-wlosow-normalnych\/\" aria-describedby=\"woocommerce_loop_add_to_cart_link_describedby_5736\" data-quantity=\"1\" class=\"product_type_simple ajax_add_to_cart\" data-product_id=\"5736\" data-product_sku=\"\" aria-label=\"Przeczytaj wi\u0119cej o &bdquo;HairWave - P\u0142yn do trwa\u0142ej ondulacji do w\u0142os\u00f3w normalnych&rdquo;\" rel=\"nofollow\" data-success_message=\"\">Dowiedz si\u0119 wi\u0119cej<\/a>\t<span id=\"woocommerce_loop_add_to_cart_link_describedby_5736\" class=\"screen-reader-text\">\n\t\t\t<\/span>\n<\/div>\n\t<\/figcaption>\n<\/figure>\n<\/article><\/div>[\/vc_column][\/vc_row]\n<\/div>","protected":false},"excerpt":{"rendered":"<p><span style=\"font-weight: 400;\">HairWave p\u0142yn do trwa\u0142ej ondulacji do w\u0142os\u00f3w farbowanych sprawdzi si\u0119 idealnie u wszystkich klientek, kt\u00f3re marz\u0105 o lokach: mi\u0119kkich i utrwalonych, w\u0105skich i zdefiniowanych lub z efektem \u201ebeach waves\u201d. <\/span><span style=\"font-weight: 400;\">Formu\u0142a bez Amoniaku i Kwasu Tioglikolowego zawiera \u0142agodne preparaty, kt\u00f3re chroni\u0105 kolor w\u0142os\u00f3w oraz sprawiaj\u0105, \u017ce us\u0142uga trwa\u0142ej ondulacji jest bezpieczna i skuteczna.<\/span><\/p>\n<p><b>Posiada certyfikat VEGANOK, produkt nie zawiera \u017cadnego sk\u0142adnika pochodzenia zwierz\u0119cego i w pe\u0142ni odzwierciedla Wega\u0144skie warto\u015bci etyczne.<\/b><\/p>\n<p><span style=\"font-weight: 400;\">Do u\u017cytku profesjonalnego\u00a0<\/span><\/p>\n<p><span style=\"font-weight: 400;\">500 ml<\/span><\/p>\n<p><img loading=\"lazy\" decoding=\"async\" class=\"alignnone size-full wp-image-5185\" src=\"https:\/\/ekre.it\/wp-content\/uploads\/2021\/06\/vegan_3.png\" alt=\"\" width=\"60\" height=\"68\" \/><\/p>\n","protected":false},"featured_media":2670,"template":"","meta":[],"product_brand":[],"product_cat":[915],"product_tag":[],"class_list":{"0":"post-5732","1":"product","2":"type-product","3":"status-publish","4":"has-post-thumbnail","6":"product_cat-hairwave-pl","7":"description-off","9":"","10":"instock","11":"shipping-taxable","12":"product-type-simple"},"yoast_head":"<!-- This site is optimized with the Yoast SEO plugin v26.7 - https:\/\/yoast.com\/wordpress\/plugins\/seo\/ -->\n<title>HairWave - P\u0142yn do trwa\u0142ej ondulacji do w\u0142os\u00f3w farbowanych - Ekre - Be Natural<\/title>\n<meta name=\"robots\" content=\"index, follow, max-snippet:-1, max-image-preview:large, max-video-preview:-1\" \/>\n<link rel=\"canonical\" href=\"https:\/\/ekre.it\/pl\/prodotto\/hairwave-plyn-do-trwalej-ondulacji-do-wlosow-farbowanych\/\" \/>\n<meta property=\"og:locale\" content=\"pl_PL\" \/>\n<meta property=\"og:type\" content=\"article\" \/>\n<meta property=\"og:title\" content=\"HairWave - P\u0142yn do trwa\u0142ej ondulacji do w\u0142os\u00f3w farbowanych - Ekre - Be Natural\" \/>\n<meta property=\"og:description\" content=\"HairWave p\u0142yn do trwa\u0142ej ondulacji do w\u0142os\u00f3w farbowanych sprawdzi si\u0119 idealnie u wszystkich klientek, kt\u00f3re marz\u0105 o lokach: mi\u0119kkich i utrwalonych, w\u0105skich i zdefiniowanych lub z efektem \u201ebeach waves\u201d. Formu\u0142a bez Amoniaku i Kwasu Tioglikolowego zawiera \u0142agodne preparaty, kt\u00f3re chroni\u0105 kolor w\u0142os\u00f3w oraz sprawiaj\u0105, \u017ce us\u0142uga trwa\u0142ej ondulacji jest bezpieczna i skuteczna.  Posiada certyfikat VEGANOK, produkt nie zawiera \u017cadnego sk\u0142adnika pochodzenia zwierz\u0119cego i w pe\u0142ni odzwierciedla Wega\u0144skie warto\u015bci etyczne.  Do u\u017cytku profesjonalnego\u00a0  500 ml\" \/>\n<meta property=\"og:url\" content=\"https:\/\/ekre.it\/pl\/prodotto\/hairwave-plyn-do-trwalej-ondulacji-do-wlosow-farbowanych\/\" \/>\n<meta property=\"og:site_name\" content=\"Ekre - Be Natural\" \/>\n<meta property=\"article:modified_time\" content=\"2024-05-31T14:28:45+00:00\" \/>\n<meta property=\"og:image\" content=\"https:\/\/ekre.it\/wp-content\/uploads\/2024\/05\/41018_ekre_hair_wave_waving_lotion_2_500ml-1.png\" \/>\n\t<meta property=\"og:image:width\" content=\"600\" \/>\n\t<meta property=\"og:image:height\" content=\"600\" \/>\n\t<meta property=\"og:image:type\" content=\"image\/png\" \/>\n<meta name=\"twitter:card\" content=\"summary_large_image\" \/>\n<meta name=\"twitter:label1\" content=\"Szacowany czas czytania\" \/>\n\t<meta name=\"twitter:data1\" content=\"1 minuta\" \/>\n<script type=\"application\/ld+json\" class=\"yoast-schema-graph\">{\"@context\":\"https:\/\/schema.org\",\"@graph\":[{\"@type\":\"WebPage\",\"@id\":\"https:\/\/ekre.it\/pl\/prodotto\/hairwave-plyn-do-trwalej-ondulacji-do-wlosow-farbowanych\/\",\"url\":\"https:\/\/ekre.it\/pl\/prodotto\/hairwave-plyn-do-trwalej-ondulacji-do-wlosow-farbowanych\/\",\"name\":\"HairWave - P\u0142yn do trwa\u0142ej ondulacji do w\u0142os\u00f3w farbowanych - Ekre - Be Natural\",\"isPartOf\":{\"@id\":\"https:\/\/ekre.it\/pl\/#website\"},\"primaryImageOfPage\":{\"@id\":\"https:\/\/ekre.it\/pl\/prodotto\/hairwave-plyn-do-trwalej-ondulacji-do-wlosow-farbowanych\/#primaryimage\"},\"image\":{\"@id\":\"https:\/\/ekre.it\/pl\/prodotto\/hairwave-plyn-do-trwalej-ondulacji-do-wlosow-farbowanych\/#primaryimage\"},\"thumbnailUrl\":\"https:\/\/ekre.it\/wp-content\/uploads\/2024\/05\/41018_ekre_hair_wave_waving_lotion_2_500ml-1.png\",\"datePublished\":\"2024-05-22T14:57:28+00:00\",\"dateModified\":\"2024-05-31T14:28:45+00:00\",\"breadcrumb\":{\"@id\":\"https:\/\/ekre.it\/pl\/prodotto\/hairwave-plyn-do-trwalej-ondulacji-do-wlosow-farbowanych\/#breadcrumb\"},\"inLanguage\":\"pl-PL\",\"potentialAction\":[{\"@type\":\"ReadAction\",\"target\":[\"https:\/\/ekre.it\/pl\/prodotto\/hairwave-plyn-do-trwalej-ondulacji-do-wlosow-farbowanych\/\"]}]},{\"@type\":\"ImageObject\",\"inLanguage\":\"pl-PL\",\"@id\":\"https:\/\/ekre.it\/pl\/prodotto\/hairwave-plyn-do-trwalej-ondulacji-do-wlosow-farbowanych\/#primaryimage\",\"url\":\"https:\/\/ekre.it\/wp-content\/uploads\/2024\/05\/41018_ekre_hair_wave_waving_lotion_2_500ml-1.png\",\"contentUrl\":\"https:\/\/ekre.it\/wp-content\/uploads\/2024\/05\/41018_ekre_hair_wave_waving_lotion_2_500ml-1.png\",\"width\":600,\"height\":600},{\"@type\":\"BreadcrumbList\",\"@id\":\"https:\/\/ekre.it\/pl\/prodotto\/hairwave-plyn-do-trwalej-ondulacji-do-wlosow-farbowanych\/#breadcrumb\",\"itemListElement\":[{\"@type\":\"ListItem\",\"position\":1,\"name\":\"Home\",\"item\":\"https:\/\/ekre.it\/pl\/home\/\"},{\"@type\":\"ListItem\",\"position\":2,\"name\":\"Produkty\",\"item\":\"https:\/\/ekre.it\/pl\/shop\/\"},{\"@type\":\"ListItem\",\"position\":3,\"name\":\"HairWave &#8211; P\u0142yn do trwa\u0142ej ondulacji do w\u0142os\u00f3w farbowanych\"}]},{\"@type\":\"WebSite\",\"@id\":\"https:\/\/ekre.it\/pl\/#website\",\"url\":\"https:\/\/ekre.it\/pl\/\",\"name\":\"Ekre - Be Natural\",\"description\":\"\",\"potentialAction\":[{\"@type\":\"SearchAction\",\"target\":{\"@type\":\"EntryPoint\",\"urlTemplate\":\"https:\/\/ekre.it\/pl\/?s={search_term_string}\"},\"query-input\":{\"@type\":\"PropertyValueSpecification\",\"valueRequired\":true,\"valueName\":\"search_term_string\"}}],\"inLanguage\":\"pl-PL\"}]}<\/script>\n<!-- \/ Yoast SEO plugin. -->","yoast_head_json":{"title":"HairWave - P\u0142yn do trwa\u0142ej ondulacji do w\u0142os\u00f3w farbowanych - Ekre - Be Natural","robots":{"index":"index","follow":"follow","max-snippet":"max-snippet:-1","max-image-preview":"max-image-preview:large","max-video-preview":"max-video-preview:-1"},"canonical":"https:\/\/ekre.it\/pl\/prodotto\/hairwave-plyn-do-trwalej-ondulacji-do-wlosow-farbowanych\/","og_locale":"pl_PL","og_type":"article","og_title":"HairWave - P\u0142yn do trwa\u0142ej ondulacji do w\u0142os\u00f3w farbowanych - Ekre - Be Natural","og_description":"HairWave p\u0142yn do trwa\u0142ej ondulacji do w\u0142os\u00f3w farbowanych sprawdzi si\u0119 idealnie u wszystkich klientek, kt\u00f3re marz\u0105 o lokach: mi\u0119kkich i utrwalonych, w\u0105skich i zdefiniowanych lub z efektem \u201ebeach waves\u201d. Formu\u0142a bez Amoniaku i Kwasu Tioglikolowego zawiera \u0142agodne preparaty, kt\u00f3re chroni\u0105 kolor w\u0142os\u00f3w oraz sprawiaj\u0105, \u017ce us\u0142uga trwa\u0142ej ondulacji jest bezpieczna i skuteczna.  Posiada certyfikat VEGANOK, produkt nie zawiera \u017cadnego sk\u0142adnika pochodzenia zwierz\u0119cego i w pe\u0142ni odzwierciedla Wega\u0144skie warto\u015bci etyczne.  Do u\u017cytku profesjonalnego\u00a0  500 ml","og_url":"https:\/\/ekre.it\/pl\/prodotto\/hairwave-plyn-do-trwalej-ondulacji-do-wlosow-farbowanych\/","og_site_name":"Ekre - Be Natural","article_modified_time":"2024-05-31T14:28:45+00:00","og_image":[{"width":600,"height":600,"url":"https:\/\/ekre.it\/wp-content\/uploads\/2024\/05\/41018_ekre_hair_wave_waving_lotion_2_500ml-1.png","type":"image\/png"}],"twitter_card":"summary_large_image","twitter_misc":{"Szacowany czas czytania":"1 minuta"},"schema":{"@context":"https:\/\/schema.org","@graph":[{"@type":"WebPage","@id":"https:\/\/ekre.it\/pl\/prodotto\/hairwave-plyn-do-trwalej-ondulacji-do-wlosow-farbowanych\/","url":"https:\/\/ekre.it\/pl\/prodotto\/hairwave-plyn-do-trwalej-ondulacji-do-wlosow-farbowanych\/","name":"HairWave - P\u0142yn do trwa\u0142ej ondulacji do w\u0142os\u00f3w farbowanych - Ekre - Be Natural","isPartOf":{"@id":"https:\/\/ekre.it\/pl\/#website"},"primaryImageOfPage":{"@id":"https:\/\/ekre.it\/pl\/prodotto\/hairwave-plyn-do-trwalej-ondulacji-do-wlosow-farbowanych\/#primaryimage"},"image":{"@id":"https:\/\/ekre.it\/pl\/prodotto\/hairwave-plyn-do-trwalej-ondulacji-do-wlosow-farbowanych\/#primaryimage"},"thumbnailUrl":"https:\/\/ekre.it\/wp-content\/uploads\/2024\/05\/41018_ekre_hair_wave_waving_lotion_2_500ml-1.png","datePublished":"2024-05-22T14:57:28+00:00","dateModified":"2024-05-31T14:28:45+00:00","breadcrumb":{"@id":"https:\/\/ekre.it\/pl\/prodotto\/hairwave-plyn-do-trwalej-ondulacji-do-wlosow-farbowanych\/#breadcrumb"},"inLanguage":"pl-PL","potentialAction":[{"@type":"ReadAction","target":["https:\/\/ekre.it\/pl\/prodotto\/hairwave-plyn-do-trwalej-ondulacji-do-wlosow-farbowanych\/"]}]},{"@type":"ImageObject","inLanguage":"pl-PL","@id":"https:\/\/ekre.it\/pl\/prodotto\/hairwave-plyn-do-trwalej-ondulacji-do-wlosow-farbowanych\/#primaryimage","url":"https:\/\/ekre.it\/wp-content\/uploads\/2024\/05\/41018_ekre_hair_wave_waving_lotion_2_500ml-1.png","contentUrl":"https:\/\/ekre.it\/wp-content\/uploads\/2024\/05\/41018_ekre_hair_wave_waving_lotion_2_500ml-1.png","width":600,"height":600},{"@type":"BreadcrumbList","@id":"https:\/\/ekre.it\/pl\/prodotto\/hairwave-plyn-do-trwalej-ondulacji-do-wlosow-farbowanych\/#breadcrumb","itemListElement":[{"@type":"ListItem","position":1,"name":"Home","item":"https:\/\/ekre.it\/pl\/home\/"},{"@type":"ListItem","position":2,"name":"Produkty","item":"https:\/\/ekre.it\/pl\/shop\/"},{"@type":"ListItem","position":3,"name":"HairWave &#8211; P\u0142yn do trwa\u0142ej ondulacji do w\u0142os\u00f3w farbowanych"}]},{"@type":"WebSite","@id":"https:\/\/ekre.it\/pl\/#website","url":"https:\/\/ekre.it\/pl\/","name":"Ekre - Be Natural","description":"","potentialAction":[{"@type":"SearchAction","target":{"@type":"EntryPoint","urlTemplate":"https:\/\/ekre.it\/pl\/?s={search_term_string}"},"query-input":{"@type":"PropertyValueSpecification","valueRequired":true,"valueName":"search_term_string"}}],"inLanguage":"pl-PL"}]}},"_links":{"self":[{"href":"https:\/\/ekre.it\/pl\/wp-json\/wp\/v2\/product\/5732","targetHints":{"allow":["GET"]}}],"collection":[{"href":"https:\/\/ekre.it\/pl\/wp-json\/wp\/v2\/product"}],"about":[{"href":"https:\/\/ekre.it\/pl\/wp-json\/wp\/v2\/types\/product"}],"wp:featuredmedia":[{"embeddable":true,"href":"https:\/\/ekre.it\/pl\/wp-json\/wp\/v2\/media\/2670"}],"wp:attachment":[{"href":"https:\/\/ekre.it\/pl\/wp-json\/wp\/v2\/media?parent=5732"}],"wp:term":[{"taxonomy":"product_brand","embeddable":true,"href":"https:\/\/ekre.it\/pl\/wp-json\/wp\/v2\/product_brand?post=5732"},{"taxonomy":"product_cat","embeddable":true,"href":"https:\/\/ekre.it\/pl\/wp-json\/wp\/v2\/product_cat?post=5732"},{"taxonomy":"product_tag","embeddable":true,"href":"https:\/\/ekre.it\/pl\/wp-json\/wp\/v2\/product_tag?post=5732"}],"curies":[{"name":"wp","href":"https:\/\/api.w.org\/{rel}","templated":true}]}}