{"id":5808,"date":"2024-05-22T16:48:34","date_gmt":"2024-05-22T14:48:34","guid":{"rendered":"https:\/\/ekre.it\/prodotto\/decor-puder-do-dekoloryzacji-przeciw-zolknieciu\/"},"modified":"2024-06-03T10:13:51","modified_gmt":"2024-06-03T08:13:51","slug":"decor-puder-do-dekoloryzacji-przeciw-zolknieciu","status":"publish","type":"product","link":"https:\/\/ekre.it\/pl\/prodotto\/decor-puder-do-dekoloryzacji-przeciw-zolknieciu\/","title":{"rendered":"Decor \u2013 Puder do dekoloryzacji przeciw \u017c\u00f3\u0142kni\u0119ciu"},"content":{"rendered":"<div class=\"wpb-content-wrapper\">[vc_row el_class=&#8221;bordo_benefici&#8221;][vc_column][vc_column_text css=&#8221;&#8221;]\n<h2 style=\"text-align: left;\">Zalety<\/h2>\n<ul>\n<li style=\"font-weight: 400;\" aria-level=\"1\"><span style=\"font-weight: 400;\">Zalecany do <\/span><b>szybkiego i intensywnego rozja\u015bniania<\/b><\/li>\n<li style=\"font-weight: 400;\" aria-level=\"1\"><span style=\"font-weight: 400;\">Zapewnia rozja\u015bnienie a\u017c do <\/span><b>7\/8 ton\u00f3w<\/b><\/li>\n<li style=\"font-weight: 400;\" aria-level=\"1\"><span style=\"font-weight: 400;\">Idealny do wszystkich technik <\/span><b>dekoloryzacji w\u0142os\u00f3w naturalnych i farbowanych<\/b><\/li>\n<\/ul>\n[\/vc_column_text][\/vc_column][\/vc_row][vc_row][vc_column][vc_empty_space height=&#8221;80px&#8221;][\/vc_column][\/vc_row][vc_row][vc_column][vc_column_text css=&#8221;&#8221;]\n<h2 style=\"text-align: center;\">Produkty Powi\u0105zane<\/h2>\n[\/vc_column_text]<style type=\"text\/css\" data-type=\"the7_shortcodes-inline-css\">.products-carousel-shortcode.products-carousel-shortcode-id-529858b0b76535b354158218434c4e67 .owl-nav a {\n  width: 36px;\n  height: 36px;\n  border-radius: 500px;\n}\n.dt-arrow-border-on.products-carousel-shortcode.products-carousel-shortcode-id-529858b0b76535b354158218434c4e67 .owl-nav a:not(:hover):before {\n  border-width: 0px;\n}\n.dt-arrow-hover-border-on.products-carousel-shortcode.products-carousel-shortcode-id-529858b0b76535b354158218434c4e67 .owl-nav a:hover:after {\n  border-width: 0px;\n}\n.products-carousel-shortcode.products-carousel-shortcode-id-529858b0b76535b354158218434c4e67 .owl-nav a.owl-prev {\n  top: 50%;\n  transform: translateY(calc(-50% + 0px));\n  left: -43px;\n}\n@media all and (-ms-high-contrast: none) {\n  .products-carousel-shortcode.products-carousel-shortcode-id-529858b0b76535b354158218434c4e67 .owl-nav a.owl-prev {\n    transform: translateY(-50%);\n    margin-top: 0px;\n  }\n}\n.products-carousel-shortcode.products-carousel-shortcode-id-529858b0b76535b354158218434c4e67 .owl-nav a.owl-prev i {\n  padding: 0px 0px 0px 0px;\n}\n.products-carousel-shortcode.products-carousel-shortcode-id-529858b0b76535b354158218434c4e67 .owl-nav a.owl-next {\n  top: 50%;\n  transform: translateY(calc(-50% + 0px));\n  right: -43px;\n}\n@media all and (-ms-high-contrast: none) {\n  .products-carousel-shortcode.products-carousel-shortcode-id-529858b0b76535b354158218434c4e67 .owl-nav a.owl-next {\n    transform: translateY(-50%);\n    margin-top: 0px;\n  }\n}\n.products-carousel-shortcode.products-carousel-shortcode-id-529858b0b76535b354158218434c4e67 .owl-nav a.owl-next i {\n  padding: 0px 0px 0px 0px;\n}\n.products-carousel-shortcode.products-carousel-shortcode-id-529858b0b76535b354158218434c4e67 .owl-nav i {\n  font-size: 18px;\n}\n.products-carousel-shortcode.products-carousel-shortcode-id-529858b0b76535b354158218434c4e67 .owl-nav a:not(:hover) i,\n.products-carousel-shortcode.products-carousel-shortcode-id-529858b0b76535b354158218434c4e67 .owl-nav a:not(:hover) i:before {\n  color: #ffffff;\n  background: none;\n}\n.products-carousel-shortcode.products-carousel-shortcode-id-529858b0b76535b354158218434c4e67 .owl-nav a:hover i,\n.products-carousel-shortcode.products-carousel-shortcode-id-529858b0b76535b354158218434c4e67 .owl-nav a:hover i:before {\n  color: rgba(255,255,255,0.75);\n  background: none;\n}\n.products-carousel-shortcode.products-carousel-shortcode-id-529858b0b76535b354158218434c4e67 .owl-dots {\n  top: calc(100% + 20px);\n  left: 50%;\n  transform: translateX(calc(-50% + 0px));\n}\n@media all and (-ms-high-contrast: none) {\n  .products-carousel-shortcode.products-carousel-shortcode-id-529858b0b76535b354158218434c4e67 .owl-dots {\n    transform: translateX(-50%);\n    margin-left: 0px;\n  }\n}\n.products-carousel-shortcode.products-carousel-shortcode-id-529858b0b76535b354158218434c4e67 .owl-dot {\n  width: 10px;\n  height: 10px;\n  margin: 0 8px;\n}\n.bullets-scale-up.products-carousel-shortcode.products-carousel-shortcode-id-529858b0b76535b354158218434c4e67 .owl-dot:not(.active):not(:hover) span {\n  background: #dbd6cc;\n}\n.bullets-scale-up.products-carousel-shortcode.products-carousel-shortcode-id-529858b0b76535b354158218434c4e67 .owl-dot:not(.active):hover span,\n.bullets-scale-up.products-carousel-shortcode.products-carousel-shortcode-id-529858b0b76535b354158218434c4e67 .owl-dot.active span {\n  background: #8d847a;\n}\n.bullets-stroke.products-carousel-shortcode.products-carousel-shortcode-id-529858b0b76535b354158218434c4e67 .owl-dot:not(.active):not(:hover) span {\n  background: #dbd6cc;\n}\n.bullets-stroke.products-carousel-shortcode.products-carousel-shortcode-id-529858b0b76535b354158218434c4e67 .owl-dot:not(.active):hover span {\n  background: #8d847a;\n}\n.bullets-stroke.products-carousel-shortcode.products-carousel-shortcode-id-529858b0b76535b354158218434c4e67 .owl-dot.active span {\n  box-shadow: 0 0 0 2px #8d847a;\n}\n.bullets-fill-in.products-carousel-shortcode.products-carousel-shortcode-id-529858b0b76535b354158218434c4e67 .owl-dot:not(.active):not(:hover) span {\n  box-shadow: inset 0 0 0 2px #dbd6cc;\n}\n.bullets-fill-in.products-carousel-shortcode.products-carousel-shortcode-id-529858b0b76535b354158218434c4e67 .owl-dot:not(.active):hover span {\n  box-shadow: inset 0 0 0 2px #8d847a;\n}\n.bullets-fill-in.products-carousel-shortcode.products-carousel-shortcode-id-529858b0b76535b354158218434c4e67 .owl-dot.active span {\n  box-shadow: inset 0 0 0 20px #8d847a;\n}\n.bullets-small-dot-stroke.products-carousel-shortcode.products-carousel-shortcode-id-529858b0b76535b354158218434c4e67 .owl-dot:not(.active):not(:hover) span {\n  background: #dbd6cc;\n}\n.bullets-small-dot-stroke.products-carousel-shortcode.products-carousel-shortcode-id-529858b0b76535b354158218434c4e67 .owl-dot:not(.active):hover span,\n.bullets-small-dot-stroke.products-carousel-shortcode.products-carousel-shortcode-id-529858b0b76535b354158218434c4e67 .owl-dot.active span {\n  background: #8d847a;\n}\n.bullets-small-dot-stroke.products-carousel-shortcode.products-carousel-shortcode-id-529858b0b76535b354158218434c4e67 .owl-dot.active {\n  box-shadow: 0 0 0 2px #8d847a;\n}\n.bullets-ubax.products-carousel-shortcode.products-carousel-shortcode-id-529858b0b76535b354158218434c4e67 .owl-dot span {\n  background: #dbd6cc;\n}\n.bullets-ubax.products-carousel-shortcode.products-carousel-shortcode-id-529858b0b76535b354158218434c4e67 .owl-dot.active span {\n  border-color: #8d847a;\n}\n.bullets-ubax.products-carousel-shortcode.products-carousel-shortcode-id-529858b0b76535b354158218434c4e67 .owl-dot:not(.active):hover span {\n  background: #8d847a;\n}\n.bullets-etefu.products-carousel-shortcode.products-carousel-shortcode-id-529858b0b76535b354158218434c4e67 .owl-dot span {\n  background: #dbd6cc;\n}\n.bullets-etefu.products-carousel-shortcode.products-carousel-shortcode-id-529858b0b76535b354158218434c4e67 .owl-dot:not(.active):hover span {\n  background: #8d847a;\n}\n.bullets-etefu.products-carousel-shortcode.products-carousel-shortcode-id-529858b0b76535b354158218434c4e67 .owl-dot span:before {\n  background: #8d847a;\n}\n.accent-gradient .bullets-etefu.products-carousel-shortcode.products-carousel-shortcode-id-529858b0b76535b354158218434c4e67 .owl-dot span:before {\n  background: #8d847a;\n}\n@media screen and (max-width: 778px) {\n  .products-carousel-shortcode.products-carousel-shortcode-id-529858b0b76535b354158218434c4e67.hide-arrows .owl-nav a {\n    display: none;\n  }\n}\n@media screen and (max-width: 778px) {\n  .products-carousel-shortcode.products-carousel-shortcode-id-529858b0b76535b354158218434c4e67.reposition-arrows .owl-nav .owl-prev {\n    top: 50%;\n    transform: translateY(calc(-50% + 0px));\n    left: 10px;\n  }\n  .products-carousel-shortcode.products-carousel-shortcode-id-529858b0b76535b354158218434c4e67.reposition-arrows .owl-nav .owl-next {\n    top: 50%;\n    transform: translateY(calc(-50% + 0px));\n    right: 10px;\n  }\n}\n@media screen and (max-width: 778px) and all and (-ms-high-contrast: none) {\n  .products-carousel-shortcode.products-carousel-shortcode-id-529858b0b76535b354158218434c4e67.reposition-arrows .owl-nav .owl-prev {\n    transform: translateY(-50%);\n    margin-top: 0px;\n  }\n}\n@media screen and (max-width: 778px) and all and (-ms-high-contrast: none) {\n  .products-carousel-shortcode.products-carousel-shortcode-id-529858b0b76535b354158218434c4e67.reposition-arrows .owl-nav .owl-next {\n    transform: translateY(-50%);\n    margin-top: 0px;\n  }\n}<\/style><div class=\"owl-carousel products-carousel-shortcode dt-owl-carousel-call products-carousel-shortcode-id-529858b0b76535b354158218434c4e67 cart-btn-below-img bullets-ubax reposition-arrows arrows-bg-on dt-arrow-border-on dt-arrow-hover-border-on disable-arrows-hover-bg arrows-hover-bg-on  wc-img-hover hide-description hide-rating bordo_prodotti_correlati\" data-scroll-mode=\"1\" data-wide-col-num=\"4\" data-col-num=\"3\" data-laptop-col=\"3\" data-h-tablet-columns-num=\"3\" data-v-tablet-columns-num=\"2\" data-phone-columns-num=\"1\" data-auto-height=\"true\" data-col-gap=\"30\" data-stage-padding=\"0\" data-speed=\"600\" data-autoplay=\"false\" data-autoplay_speed=\"6000\" data-arrows=\"false\" data-bullet=\"true\" data-next-icon=\"icon-ar-017-r\" data-prev-icon=\"icon-ar-017-l\"><article class=\"post post-5925 product type-product status-publish has-post-thumbnail product_cat-srodki-odbarwiajace product_cat-techniczne description-off first instock shipping-taxable product-type-simple\" ><figure class=\"woocom-project\">\n\t<div class=\"woo-buttons-on-img\">\n\n\t\t<a href=\"https:\/\/ekre.it\/pl\/prodotto\/decor-puder-do-szybkiej-dekoloryzacji-opakowanie-24-sztuki\/\" class=\"alignnone layzr-bg\"><img loading=\"lazy\" decoding=\"async\" width=\"300\" height=\"300\" src=\"data:image\/svg+xml;charset=utf-8,%3Csvg xmlns%3D&#039;http%3A%2F%2Fwww.w3.org%2F2000%2Fsvg&#039; viewBox%3D&#039;0 0 300 300&#039;%2F%3E\" class=\"attachment-woocommerce_thumbnail size-woocommerce_thumbnail owl-lazy-load preload-me\" alt=\"Decor \u2013 Puder do szybkiej dekoloryzacji opakowanie 24 sztuki\" data-src=\"https:\/\/ekre.it\/wp-content\/uploads\/2024\/05\/41009_ekre_basic_decor_rapid_bleaching_powder-1-300x300.png\" data-srcset=\"https:\/\/ekre.it\/wp-content\/uploads\/2024\/05\/41009_ekre_basic_decor_rapid_bleaching_powder-1-300x300.png 300w, https:\/\/ekre.it\/wp-content\/uploads\/2024\/05\/41009_ekre_basic_decor_rapid_bleaching_powder-1-200x200.png 200w, https:\/\/ekre.it\/wp-content\/uploads\/2024\/05\/41009_ekre_basic_decor_rapid_bleaching_powder-1-150x150.png 150w, https:\/\/ekre.it\/wp-content\/uploads\/2024\/05\/41009_ekre_basic_decor_rapid_bleaching_powder-1.png 600w\" \/><\/a>\n\t<\/div>\n\t<figcaption class=\"woocom-list-content\">\n\n\t\t<div class=\"woo-buttons\"><a href=\"https:\/\/ekre.it\/pl\/prodotto\/decor-puder-do-szybkiej-dekoloryzacji-opakowanie-24-sztuki\/\" aria-describedby=\"woocommerce_loop_add_to_cart_link_describedby_5925\" data-quantity=\"1\" class=\"product_type_simple ajax_add_to_cart\" data-product_id=\"5925\" data-product_sku=\"\" aria-label=\"Przeczytaj wi\u0119cej o &bdquo;Decor \u2013 Puder do szybkiej dekoloryzacji opakowanie 24 sztuki&rdquo;\" rel=\"nofollow\" data-success_message=\"\">Dowiedz si\u0119 wi\u0119cej<\/a>\t<span id=\"woocommerce_loop_add_to_cart_link_describedby_5925\" class=\"screen-reader-text\">\n\t\t\t<\/span>\n<\/div>\n\t<\/figcaption>\n<\/figure>\n<\/article><article class=\"post post-5929 product type-product status-publish has-post-thumbnail product_cat-srodki-odbarwiajace product_cat-techniczne description-off  instock shipping-taxable product-type-simple\" ><figure class=\"woocom-project\">\n\t<div class=\"woo-buttons-on-img\">\n\n\t\t<a href=\"https:\/\/ekre.it\/pl\/prodotto\/decor-niebieski-kompaktowy-puder-do-dekoloryzacji\/\" class=\"alignnone layzr-bg\"><img loading=\"lazy\" decoding=\"async\" width=\"300\" height=\"300\" src=\"data:image\/svg+xml;charset=utf-8,%3Csvg xmlns%3D&#039;http%3A%2F%2Fwww.w3.org%2F2000%2Fsvg&#039; viewBox%3D&#039;0 0 300 300&#039;%2F%3E\" class=\"attachment-woocommerce_thumbnail size-woocommerce_thumbnail owl-lazy-load preload-me\" alt=\"Decor \u2013 Niebieski kompaktowy puder do dekoloryzacji\" data-src=\"https:\/\/ekre.it\/wp-content\/uploads\/2024\/05\/41021_ekre_decor_bleaching_powder_blue_500g-1-300x300.png\" data-srcset=\"https:\/\/ekre.it\/wp-content\/uploads\/2024\/05\/41021_ekre_decor_bleaching_powder_blue_500g-1-300x300.png 300w, https:\/\/ekre.it\/wp-content\/uploads\/2024\/05\/41021_ekre_decor_bleaching_powder_blue_500g-1-200x200.png 200w, https:\/\/ekre.it\/wp-content\/uploads\/2024\/05\/41021_ekre_decor_bleaching_powder_blue_500g-1-600x600.png 600w, https:\/\/ekre.it\/wp-content\/uploads\/2024\/05\/41021_ekre_decor_bleaching_powder_blue_500g-1-150x150.png 150w, https:\/\/ekre.it\/wp-content\/uploads\/2024\/05\/41021_ekre_decor_bleaching_powder_blue_500g-1-768x768.png 768w, https:\/\/ekre.it\/wp-content\/uploads\/2024\/05\/41021_ekre_decor_bleaching_powder_blue_500g-1.png 800w\" \/><\/a>\n\t<\/div>\n\t<figcaption class=\"woocom-list-content\">\n\n\t\t<div class=\"woo-buttons\"><a href=\"https:\/\/ekre.it\/pl\/prodotto\/decor-niebieski-kompaktowy-puder-do-dekoloryzacji\/\" aria-describedby=\"woocommerce_loop_add_to_cart_link_describedby_5929\" data-quantity=\"1\" class=\"product_type_simple ajax_add_to_cart\" data-product_id=\"5929\" data-product_sku=\"\" aria-label=\"Przeczytaj wi\u0119cej o &bdquo;Decor \u2013 Niebieski kompaktowy puder do dekoloryzacji&rdquo;\" rel=\"nofollow\" data-success_message=\"\">Dowiedz si\u0119 wi\u0119cej<\/a>\t<span id=\"woocommerce_loop_add_to_cart_link_describedby_5929\" class=\"screen-reader-text\">\n\t\t\t<\/span>\n<\/div>\n\t<\/figcaption>\n<\/figure>\n<\/article><\/div>[\/vc_column][\/vc_row]\n<\/div>","protected":false},"excerpt":{"rendered":"<p><span style=\"font-weight: 400;\">Puder do dekoloryzacji o dzia\u0142aniu przeciw \u017c\u00f3\u0142kni\u0119ciu, niezb\u0119dny we wszystkich technikach dekoloryzacji. Idealny do szybkiego, intensywnego i stopniowego rozja\u015bniania do 7\/8 ton\u00f3w. Szczeg\u00f3lnie zalecany do w\u0142os\u00f3w naturalnych i farbowanych, wzbogacony niebieskimi pigmentami, kt\u00f3re neutralizuj\u0105 nieestetyczne \u017c\u00f3\u0142te odcienie typowe dla w\u0142os\u00f3w po dekoloryzacji. Zapewnia profesjonalny rezultat dzi\u0119ki wysokiej mocy rozja\u015bniania, dbaj\u0105c jednocze\u015bnie o dobre samopoczucie fryzjera i klientki. W celu prawid\u0142owego u\u017cytkowania nale\u017cy zapozna\u0107 si\u0119 z ostrze\u017ceniami i instrukcjami u\u017cytkowania umieszczonymi na produkcie.<\/span><\/p>\n<p><span style=\"font-weight: 400;\">Do u\u017cytku profesjonalnego<\/span><\/p>\n<p><span style=\"font-weight: 400;\">Pojemno\u015b\u0107 500 g<\/span><\/p>\n","protected":false},"featured_media":2540,"template":"","meta":[],"product_brand":[],"product_cat":[911,907],"product_tag":[],"class_list":{"0":"post-5808","1":"product","2":"type-product","3":"status-publish","4":"has-post-thumbnail","6":"product_cat-srodki-odbarwiajace","7":"product_cat-techniczne","8":"description-off","10":"","11":"instock","12":"shipping-taxable","13":"product-type-simple"},"yoast_head":"<!-- This site is optimized with the Yoast SEO plugin v26.7 - https:\/\/yoast.com\/wordpress\/plugins\/seo\/ -->\n<title>Decor \u2013 Puder do dekoloryzacji przeciw \u017c\u00f3\u0142kni\u0119ciu - Ekre - Be Natural<\/title>\n<meta name=\"robots\" content=\"index, follow, max-snippet:-1, max-image-preview:large, max-video-preview:-1\" \/>\n<link rel=\"canonical\" href=\"https:\/\/ekre.it\/pl\/prodotto\/decor-puder-do-dekoloryzacji-przeciw-zolknieciu\/\" \/>\n<meta property=\"og:locale\" content=\"pl_PL\" \/>\n<meta property=\"og:type\" content=\"article\" \/>\n<meta property=\"og:title\" content=\"Decor \u2013 Puder do dekoloryzacji przeciw \u017c\u00f3\u0142kni\u0119ciu - Ekre - Be Natural\" \/>\n<meta property=\"og:description\" content=\"Puder do dekoloryzacji o dzia\u0142aniu przeciw \u017c\u00f3\u0142kni\u0119ciu, niezb\u0119dny we wszystkich technikach dekoloryzacji. Idealny do szybkiego, intensywnego i stopniowego rozja\u015bniania do 7\/8 ton\u00f3w. Szczeg\u00f3lnie zalecany do w\u0142os\u00f3w naturalnych i farbowanych, wzbogacony niebieskimi pigmentami, kt\u00f3re neutralizuj\u0105 nieestetyczne \u017c\u00f3\u0142te odcienie typowe dla w\u0142os\u00f3w po dekoloryzacji. Zapewnia profesjonalny rezultat dzi\u0119ki wysokiej mocy rozja\u015bniania, dbaj\u0105c jednocze\u015bnie o dobre samopoczucie fryzjera i klientki. W celu prawid\u0142owego u\u017cytkowania nale\u017cy zapozna\u0107 si\u0119 z ostrze\u017ceniami i instrukcjami u\u017cytkowania umieszczonymi na produkcie.  Do u\u017cytku profesjonalnego  Pojemno\u015b\u0107 500 g\" \/>\n<meta property=\"og:url\" content=\"https:\/\/ekre.it\/pl\/prodotto\/decor-puder-do-dekoloryzacji-przeciw-zolknieciu\/\" \/>\n<meta property=\"og:site_name\" content=\"Ekre - Be Natural\" \/>\n<meta property=\"article:modified_time\" content=\"2024-06-03T08:13:51+00:00\" \/>\n<meta property=\"og:image\" content=\"https:\/\/ekre.it\/wp-content\/uploads\/2024\/05\/ekre_basic_decor_bleaching_powder_500g-1.png\" \/>\n\t<meta property=\"og:image:width\" content=\"600\" \/>\n\t<meta property=\"og:image:height\" content=\"600\" \/>\n\t<meta property=\"og:image:type\" content=\"image\/png\" \/>\n<meta name=\"twitter:card\" content=\"summary_large_image\" \/>\n<meta name=\"twitter:label1\" content=\"Szacowany czas czytania\" \/>\n\t<meta name=\"twitter:data1\" content=\"1 minuta\" \/>\n<script type=\"application\/ld+json\" class=\"yoast-schema-graph\">{\"@context\":\"https:\/\/schema.org\",\"@graph\":[{\"@type\":\"WebPage\",\"@id\":\"https:\/\/ekre.it\/pl\/prodotto\/decor-puder-do-dekoloryzacji-przeciw-zolknieciu\/\",\"url\":\"https:\/\/ekre.it\/pl\/prodotto\/decor-puder-do-dekoloryzacji-przeciw-zolknieciu\/\",\"name\":\"Decor \u2013 Puder do dekoloryzacji przeciw \u017c\u00f3\u0142kni\u0119ciu - Ekre - Be Natural\",\"isPartOf\":{\"@id\":\"https:\/\/ekre.it\/pl\/#website\"},\"primaryImageOfPage\":{\"@id\":\"https:\/\/ekre.it\/pl\/prodotto\/decor-puder-do-dekoloryzacji-przeciw-zolknieciu\/#primaryimage\"},\"image\":{\"@id\":\"https:\/\/ekre.it\/pl\/prodotto\/decor-puder-do-dekoloryzacji-przeciw-zolknieciu\/#primaryimage\"},\"thumbnailUrl\":\"https:\/\/ekre.it\/wp-content\/uploads\/2024\/05\/ekre_basic_decor_bleaching_powder_500g-1.png\",\"datePublished\":\"2024-05-22T14:48:34+00:00\",\"dateModified\":\"2024-06-03T08:13:51+00:00\",\"breadcrumb\":{\"@id\":\"https:\/\/ekre.it\/pl\/prodotto\/decor-puder-do-dekoloryzacji-przeciw-zolknieciu\/#breadcrumb\"},\"inLanguage\":\"pl-PL\",\"potentialAction\":[{\"@type\":\"ReadAction\",\"target\":[\"https:\/\/ekre.it\/pl\/prodotto\/decor-puder-do-dekoloryzacji-przeciw-zolknieciu\/\"]}]},{\"@type\":\"ImageObject\",\"inLanguage\":\"pl-PL\",\"@id\":\"https:\/\/ekre.it\/pl\/prodotto\/decor-puder-do-dekoloryzacji-przeciw-zolknieciu\/#primaryimage\",\"url\":\"https:\/\/ekre.it\/wp-content\/uploads\/2024\/05\/ekre_basic_decor_bleaching_powder_500g-1.png\",\"contentUrl\":\"https:\/\/ekre.it\/wp-content\/uploads\/2024\/05\/ekre_basic_decor_bleaching_powder_500g-1.png\",\"width\":600,\"height\":600},{\"@type\":\"BreadcrumbList\",\"@id\":\"https:\/\/ekre.it\/pl\/prodotto\/decor-puder-do-dekoloryzacji-przeciw-zolknieciu\/#breadcrumb\",\"itemListElement\":[{\"@type\":\"ListItem\",\"position\":1,\"name\":\"Home\",\"item\":\"https:\/\/ekre.it\/pl\/home\/\"},{\"@type\":\"ListItem\",\"position\":2,\"name\":\"Produkty\",\"item\":\"https:\/\/ekre.it\/pl\/shop\/\"},{\"@type\":\"ListItem\",\"position\":3,\"name\":\"Decor \u2013 Puder do dekoloryzacji przeciw \u017c\u00f3\u0142kni\u0119ciu\"}]},{\"@type\":\"WebSite\",\"@id\":\"https:\/\/ekre.it\/pl\/#website\",\"url\":\"https:\/\/ekre.it\/pl\/\",\"name\":\"Ekre - Be Natural\",\"description\":\"\",\"potentialAction\":[{\"@type\":\"SearchAction\",\"target\":{\"@type\":\"EntryPoint\",\"urlTemplate\":\"https:\/\/ekre.it\/pl\/?s={search_term_string}\"},\"query-input\":{\"@type\":\"PropertyValueSpecification\",\"valueRequired\":true,\"valueName\":\"search_term_string\"}}],\"inLanguage\":\"pl-PL\"}]}<\/script>\n<!-- \/ Yoast SEO plugin. -->","yoast_head_json":{"title":"Decor \u2013 Puder do dekoloryzacji przeciw \u017c\u00f3\u0142kni\u0119ciu - Ekre - Be Natural","robots":{"index":"index","follow":"follow","max-snippet":"max-snippet:-1","max-image-preview":"max-image-preview:large","max-video-preview":"max-video-preview:-1"},"canonical":"https:\/\/ekre.it\/pl\/prodotto\/decor-puder-do-dekoloryzacji-przeciw-zolknieciu\/","og_locale":"pl_PL","og_type":"article","og_title":"Decor \u2013 Puder do dekoloryzacji przeciw \u017c\u00f3\u0142kni\u0119ciu - Ekre - Be Natural","og_description":"Puder do dekoloryzacji o dzia\u0142aniu przeciw \u017c\u00f3\u0142kni\u0119ciu, niezb\u0119dny we wszystkich technikach dekoloryzacji. Idealny do szybkiego, intensywnego i stopniowego rozja\u015bniania do 7\/8 ton\u00f3w. Szczeg\u00f3lnie zalecany do w\u0142os\u00f3w naturalnych i farbowanych, wzbogacony niebieskimi pigmentami, kt\u00f3re neutralizuj\u0105 nieestetyczne \u017c\u00f3\u0142te odcienie typowe dla w\u0142os\u00f3w po dekoloryzacji. Zapewnia profesjonalny rezultat dzi\u0119ki wysokiej mocy rozja\u015bniania, dbaj\u0105c jednocze\u015bnie o dobre samopoczucie fryzjera i klientki. W celu prawid\u0142owego u\u017cytkowania nale\u017cy zapozna\u0107 si\u0119 z ostrze\u017ceniami i instrukcjami u\u017cytkowania umieszczonymi na produkcie.  Do u\u017cytku profesjonalnego  Pojemno\u015b\u0107 500 g","og_url":"https:\/\/ekre.it\/pl\/prodotto\/decor-puder-do-dekoloryzacji-przeciw-zolknieciu\/","og_site_name":"Ekre - Be Natural","article_modified_time":"2024-06-03T08:13:51+00:00","og_image":[{"width":600,"height":600,"url":"https:\/\/ekre.it\/wp-content\/uploads\/2024\/05\/ekre_basic_decor_bleaching_powder_500g-1.png","type":"image\/png"}],"twitter_card":"summary_large_image","twitter_misc":{"Szacowany czas czytania":"1 minuta"},"schema":{"@context":"https:\/\/schema.org","@graph":[{"@type":"WebPage","@id":"https:\/\/ekre.it\/pl\/prodotto\/decor-puder-do-dekoloryzacji-przeciw-zolknieciu\/","url":"https:\/\/ekre.it\/pl\/prodotto\/decor-puder-do-dekoloryzacji-przeciw-zolknieciu\/","name":"Decor \u2013 Puder do dekoloryzacji przeciw \u017c\u00f3\u0142kni\u0119ciu - Ekre - Be Natural","isPartOf":{"@id":"https:\/\/ekre.it\/pl\/#website"},"primaryImageOfPage":{"@id":"https:\/\/ekre.it\/pl\/prodotto\/decor-puder-do-dekoloryzacji-przeciw-zolknieciu\/#primaryimage"},"image":{"@id":"https:\/\/ekre.it\/pl\/prodotto\/decor-puder-do-dekoloryzacji-przeciw-zolknieciu\/#primaryimage"},"thumbnailUrl":"https:\/\/ekre.it\/wp-content\/uploads\/2024\/05\/ekre_basic_decor_bleaching_powder_500g-1.png","datePublished":"2024-05-22T14:48:34+00:00","dateModified":"2024-06-03T08:13:51+00:00","breadcrumb":{"@id":"https:\/\/ekre.it\/pl\/prodotto\/decor-puder-do-dekoloryzacji-przeciw-zolknieciu\/#breadcrumb"},"inLanguage":"pl-PL","potentialAction":[{"@type":"ReadAction","target":["https:\/\/ekre.it\/pl\/prodotto\/decor-puder-do-dekoloryzacji-przeciw-zolknieciu\/"]}]},{"@type":"ImageObject","inLanguage":"pl-PL","@id":"https:\/\/ekre.it\/pl\/prodotto\/decor-puder-do-dekoloryzacji-przeciw-zolknieciu\/#primaryimage","url":"https:\/\/ekre.it\/wp-content\/uploads\/2024\/05\/ekre_basic_decor_bleaching_powder_500g-1.png","contentUrl":"https:\/\/ekre.it\/wp-content\/uploads\/2024\/05\/ekre_basic_decor_bleaching_powder_500g-1.png","width":600,"height":600},{"@type":"BreadcrumbList","@id":"https:\/\/ekre.it\/pl\/prodotto\/decor-puder-do-dekoloryzacji-przeciw-zolknieciu\/#breadcrumb","itemListElement":[{"@type":"ListItem","position":1,"name":"Home","item":"https:\/\/ekre.it\/pl\/home\/"},{"@type":"ListItem","position":2,"name":"Produkty","item":"https:\/\/ekre.it\/pl\/shop\/"},{"@type":"ListItem","position":3,"name":"Decor \u2013 Puder do dekoloryzacji przeciw \u017c\u00f3\u0142kni\u0119ciu"}]},{"@type":"WebSite","@id":"https:\/\/ekre.it\/pl\/#website","url":"https:\/\/ekre.it\/pl\/","name":"Ekre - Be Natural","description":"","potentialAction":[{"@type":"SearchAction","target":{"@type":"EntryPoint","urlTemplate":"https:\/\/ekre.it\/pl\/?s={search_term_string}"},"query-input":{"@type":"PropertyValueSpecification","valueRequired":true,"valueName":"search_term_string"}}],"inLanguage":"pl-PL"}]}},"_links":{"self":[{"href":"https:\/\/ekre.it\/pl\/wp-json\/wp\/v2\/product\/5808","targetHints":{"allow":["GET"]}}],"collection":[{"href":"https:\/\/ekre.it\/pl\/wp-json\/wp\/v2\/product"}],"about":[{"href":"https:\/\/ekre.it\/pl\/wp-json\/wp\/v2\/types\/product"}],"wp:featuredmedia":[{"embeddable":true,"href":"https:\/\/ekre.it\/pl\/wp-json\/wp\/v2\/media\/2540"}],"wp:attachment":[{"href":"https:\/\/ekre.it\/pl\/wp-json\/wp\/v2\/media?parent=5808"}],"wp:term":[{"taxonomy":"product_brand","embeddable":true,"href":"https:\/\/ekre.it\/pl\/wp-json\/wp\/v2\/product_brand?post=5808"},{"taxonomy":"product_cat","embeddable":true,"href":"https:\/\/ekre.it\/pl\/wp-json\/wp\/v2\/product_cat?post=5808"},{"taxonomy":"product_tag","embeddable":true,"href":"https:\/\/ekre.it\/pl\/wp-json\/wp\/v2\/product_tag?post=5808"}],"curies":[{"name":"wp","href":"https:\/\/api.w.org\/{rel}","templated":true}]}}