{"id":5946,"date":"2024-05-22T16:40:26","date_gmt":"2024-05-22T14:40:26","guid":{"rendered":"https:\/\/ekre.it\/prodotto\/water-wax-wosk-efekt-modelujacy\/"},"modified":"2024-09-02T11:49:29","modified_gmt":"2024-09-02T09:49:29","slug":"joy-water-wax","status":"publish","type":"product","link":"https:\/\/ekre.it\/pl\/prodotto\/joy-water-wax\/","title":{"rendered":"Joy &#8211; Water wax"},"content":{"rendered":"<div class=\"wpb-content-wrapper\">[vc_row el_class=&#8221;bordo_benefici&#8221;][vc_column][vc_column_text css=&#8221;&#8221;]\n<h2 style=\"text-align: left;\">Zalety<\/h2>\n<ul>\n<li style=\"font-weight: 400;\" aria-level=\"1\"><span style=\"font-weight: 400;\">Zapewnia <\/span><b>elastyczne utrwalenie<\/b><span style=\"font-weight: 400;\"> i <\/span><b>maksymalny blask<\/b><\/li>\n<li style=\"font-weight: 400;\" aria-level=\"1\"><b>Nawil\u017ca i wzmacnia<\/b><span style=\"font-weight: 400;\"> w\u0142osy<\/span><\/li>\n<li style=\"font-weight: 400;\" aria-level=\"1\"><b>Nie<\/b><span style=\"font-weight: 400;\"> obci\u0105\u017ca w\u0142os\u00f3w<\/span><\/li>\n<li style=\"font-weight: 400;\" aria-level=\"1\"><b>Lekka <\/b><span style=\"font-weight: 400;\">i<\/span><b> delikatna konsystencja<\/b><\/li>\n<li style=\"font-weight: 400;\" aria-level=\"1\"><span style=\"font-weight: 400;\">Idealny do tworzenia <\/span><b>naturalnych stylizacji<\/b><\/li>\n<\/ul>\n[\/vc_column_text][\/vc_column][\/vc_row][vc_row][vc_column][vc_empty_space height=&#8221;80px&#8221;][\/vc_column][\/vc_row][vc_row][vc_column][vc_column_text css=&#8221;&#8221;]\n<h2 style=\"text-align: center;\">Produkty Powi\u0105zane<\/h2>\n[\/vc_column_text]<style type=\"text\/css\" data-type=\"the7_shortcodes-inline-css\">.products-carousel-shortcode.products-carousel-shortcode-id-b0e1d502e25b364009a9da5f9c356a7f.owl-carousel .owl-nav div {\n  width: 36px;\n  height: 36px;\n  border-radius: 500px;\n}\n.dt-arrow-border-on.products-carousel-shortcode.products-carousel-shortcode-id-b0e1d502e25b364009a9da5f9c356a7f.owl-carousel .owl-nav div:not(:hover):before {\n  border-width: 0px;\n}\n.dt-arrow-hover-border-on.products-carousel-shortcode.products-carousel-shortcode-id-b0e1d502e25b364009a9da5f9c356a7f.owl-carousel .owl-nav div:hover:after {\n  border-width: 0px;\n}\n.products-carousel-shortcode.products-carousel-shortcode-id-b0e1d502e25b364009a9da5f9c356a7f.owl-carousel .owl-nav div.owl-prev {\n  top: 50%;\n  transform: translateY(calc(-50% + 0px));\n  left: -43px;\n}\n@media all and (-ms-high-contrast: none) {\n  .products-carousel-shortcode.products-carousel-shortcode-id-b0e1d502e25b364009a9da5f9c356a7f.owl-carousel .owl-nav div.owl-prev {\n    transform: translateY(-50%);\n    margin-top: 0px;\n  }\n}\n.products-carousel-shortcode.products-carousel-shortcode-id-b0e1d502e25b364009a9da5f9c356a7f.owl-carousel .owl-nav div.owl-prev i {\n  padding: 0px 0px 0px 0px;\n}\n.products-carousel-shortcode.products-carousel-shortcode-id-b0e1d502e25b364009a9da5f9c356a7f.owl-carousel .owl-nav div.owl-next {\n  top: 50%;\n  transform: translateY(calc(-50% + 0px));\n  right: -43px;\n}\n@media all and (-ms-high-contrast: none) {\n  .products-carousel-shortcode.products-carousel-shortcode-id-b0e1d502e25b364009a9da5f9c356a7f.owl-carousel .owl-nav div.owl-next {\n    transform: translateY(-50%);\n    margin-top: 0px;\n  }\n}\n.products-carousel-shortcode.products-carousel-shortcode-id-b0e1d502e25b364009a9da5f9c356a7f.owl-carousel .owl-nav div.owl-next i {\n  padding: 0px 0px 0px 0px;\n}\n.products-carousel-shortcode.products-carousel-shortcode-id-b0e1d502e25b364009a9da5f9c356a7f.owl-carousel .owl-nav i {\n  font-size: 18px;\n}\n.products-carousel-shortcode.products-carousel-shortcode-id-b0e1d502e25b364009a9da5f9c356a7f.owl-carousel .owl-nav div:not(:hover) i,\n.products-carousel-shortcode.products-carousel-shortcode-id-b0e1d502e25b364009a9da5f9c356a7f.owl-carousel .owl-nav div:not(:hover) i:before {\n  color: #ffffff;\n  background: none;\n}\n.products-carousel-shortcode.products-carousel-shortcode-id-b0e1d502e25b364009a9da5f9c356a7f.owl-carousel .owl-nav div:hover i,\n.products-carousel-shortcode.products-carousel-shortcode-id-b0e1d502e25b364009a9da5f9c356a7f.owl-carousel .owl-nav div:hover i:before {\n  color: rgba(255,255,255,0.75);\n  background: none;\n}\n.products-carousel-shortcode.products-carousel-shortcode-id-b0e1d502e25b364009a9da5f9c356a7f .owl-dots {\n  top: calc(100% + 20px);\n  left: 50%;\n  transform: translateX(calc(-50% + 0px));\n}\n@media all and (-ms-high-contrast: none) {\n  .products-carousel-shortcode.products-carousel-shortcode-id-b0e1d502e25b364009a9da5f9c356a7f .owl-dots {\n    transform: translateX(-50%);\n    margin-left: 0px;\n  }\n}\n.products-carousel-shortcode.products-carousel-shortcode-id-b0e1d502e25b364009a9da5f9c356a7f .owl-dot {\n  width: 10px;\n  height: 10px;\n  margin: 0 8px;\n}\n.bullets-scale-up.products-carousel-shortcode.products-carousel-shortcode-id-b0e1d502e25b364009a9da5f9c356a7f .owl-dot:not(.active):not(:hover) span {\n  background: #dbd6cc;\n}\n.bullets-scale-up.products-carousel-shortcode.products-carousel-shortcode-id-b0e1d502e25b364009a9da5f9c356a7f .owl-dot:not(.active):hover span,\n.bullets-scale-up.products-carousel-shortcode.products-carousel-shortcode-id-b0e1d502e25b364009a9da5f9c356a7f .owl-dot.active span {\n  background: #8d847a;\n}\n.bullets-stroke.products-carousel-shortcode.products-carousel-shortcode-id-b0e1d502e25b364009a9da5f9c356a7f .owl-dot:not(.active):not(:hover) span {\n  background: #dbd6cc;\n}\n.bullets-stroke.products-carousel-shortcode.products-carousel-shortcode-id-b0e1d502e25b364009a9da5f9c356a7f .owl-dot:not(.active):hover span {\n  background: #8d847a;\n}\n.bullets-stroke.products-carousel-shortcode.products-carousel-shortcode-id-b0e1d502e25b364009a9da5f9c356a7f .owl-dot.active span {\n  box-shadow: 0 0 0 2px #8d847a;\n}\n.bullets-fill-in.products-carousel-shortcode.products-carousel-shortcode-id-b0e1d502e25b364009a9da5f9c356a7f .owl-dot:not(.active):not(:hover) span {\n  box-shadow: inset 0 0 0 2px #dbd6cc;\n}\n.bullets-fill-in.products-carousel-shortcode.products-carousel-shortcode-id-b0e1d502e25b364009a9da5f9c356a7f .owl-dot:not(.active):hover span {\n  box-shadow: inset 0 0 0 2px #8d847a;\n}\n.bullets-fill-in.products-carousel-shortcode.products-carousel-shortcode-id-b0e1d502e25b364009a9da5f9c356a7f .owl-dot.active span {\n  box-shadow: inset 0 0 0 20px #8d847a;\n}\n.bullets-small-dot-stroke.products-carousel-shortcode.products-carousel-shortcode-id-b0e1d502e25b364009a9da5f9c356a7f .owl-dot:not(.active):not(:hover) span {\n  background: #dbd6cc;\n}\n.bullets-small-dot-stroke.products-carousel-shortcode.products-carousel-shortcode-id-b0e1d502e25b364009a9da5f9c356a7f .owl-dot:not(.active):hover span,\n.bullets-small-dot-stroke.products-carousel-shortcode.products-carousel-shortcode-id-b0e1d502e25b364009a9da5f9c356a7f .owl-dot.active span {\n  background: #8d847a;\n}\n.bullets-small-dot-stroke.products-carousel-shortcode.products-carousel-shortcode-id-b0e1d502e25b364009a9da5f9c356a7f .owl-dot.active {\n  box-shadow: 0 0 0 2px #8d847a;\n}\n.bullets-ubax.products-carousel-shortcode.products-carousel-shortcode-id-b0e1d502e25b364009a9da5f9c356a7f .owl-dot span {\n  background: #dbd6cc;\n}\n.bullets-ubax.products-carousel-shortcode.products-carousel-shortcode-id-b0e1d502e25b364009a9da5f9c356a7f .owl-dot.active span {\n  border-color: #8d847a;\n}\n.bullets-ubax.products-carousel-shortcode.products-carousel-shortcode-id-b0e1d502e25b364009a9da5f9c356a7f .owl-dot:not(.active):hover span {\n  background: #8d847a;\n}\n.bullets-etefu.products-carousel-shortcode.products-carousel-shortcode-id-b0e1d502e25b364009a9da5f9c356a7f .owl-dot span {\n  background: #dbd6cc;\n}\n.bullets-etefu.products-carousel-shortcode.products-carousel-shortcode-id-b0e1d502e25b364009a9da5f9c356a7f .owl-dot:not(.active):hover span {\n  background: #8d847a;\n}\n.bullets-etefu.products-carousel-shortcode.products-carousel-shortcode-id-b0e1d502e25b364009a9da5f9c356a7f .owl-dot span:before {\n  background: #8d847a;\n}\n.accent-gradient .bullets-etefu.products-carousel-shortcode.products-carousel-shortcode-id-b0e1d502e25b364009a9da5f9c356a7f .owl-dot span:before {\n  background: #8d847a;\n}\n@media screen and (max-width: 778px) {\n  .products-carousel-shortcode.products-carousel-shortcode-id-b0e1d502e25b364009a9da5f9c356a7f.hide-arrows .owl-nav a {\n    display: none;\n  }\n}\n@media screen and (max-width: 778px) {\n  .products-carousel-shortcode.products-carousel-shortcode-id-b0e1d502e25b364009a9da5f9c356a7f.reposition-arrows .owl-nav .owl-prev {\n    top: 50%;\n    transform: translateY(calc(-50% + 0px));\n    left: 10px;\n  }\n  .products-carousel-shortcode.products-carousel-shortcode-id-b0e1d502e25b364009a9da5f9c356a7f.reposition-arrows .owl-nav .owl-next {\n    top: 50%;\n    transform: translateY(calc(-50% + 0px));\n    right: 10px;\n  }\n}\n@media screen and (max-width: 778px) and all and (-ms-high-contrast: none) {\n  .products-carousel-shortcode.products-carousel-shortcode-id-b0e1d502e25b364009a9da5f9c356a7f.reposition-arrows .owl-nav .owl-prev {\n    transform: translateY(-50%);\n    margin-top: 0px;\n  }\n}\n@media screen and (max-width: 778px) and all and (-ms-high-contrast: none) {\n  .products-carousel-shortcode.products-carousel-shortcode-id-b0e1d502e25b364009a9da5f9c356a7f.reposition-arrows .owl-nav .owl-next {\n    transform: translateY(-50%);\n    margin-top: 0px;\n  }\n}<\/style><div class=\"owl-carousel products-carousel-shortcode dt-owl-carousel-call products-carousel-shortcode-id-b0e1d502e25b364009a9da5f9c356a7f cart-btn-below-img bullets-ubax reposition-arrows arrows-bg-on dt-arrow-border-on dt-arrow-hover-border-on disable-arrows-hover-bg arrows-hover-bg-on  wc-img-hover hide-description hide-rating bordo_prodotti_correlati\" data-scroll-mode=\"1\" data-wide-col-num=\"4\" data-col-num=\"3\" data-laptop-col=\"3\" data-h-tablet-columns-num=\"3\" data-v-tablet-columns-num=\"2\" data-phone-columns-num=\"1\" data-auto-height=\"true\" data-col-gap=\"30\" data-stage-padding=\"0\" data-speed=\"600\" data-autoplay=\"false\" data-autoplay_speed=\"6000\" data-arrows=\"false\" data-bullet=\"true\" data-next-icon=\"icon-ar-017-r\" data-prev-icon=\"icon-ar-017-l\"><article class=\"post post-5942 product type-product status-publish has-post-thumbnail product_cat-styling-finishing-pl description-off first instock shipping-taxable product-type-simple\" ><figure class=\"woocom-project\">\n\t<div class=\"woo-buttons-on-img\">\n\n\t\t<a href=\"https:\/\/ekre.it\/pl\/prodotto\/tex-up-pomade-pasta-modelujaca\/\" class=\"alignnone layzr-bg\"><img loading=\"lazy\" decoding=\"async\" width=\"300\" height=\"300\" src=\"data:image\/svg+xml;charset=utf-8,%3Csvg xmlns%3D&#039;http%3A%2F%2Fwww.w3.org%2F2000%2Fsvg&#039; viewBox%3D&#039;0 0 300 300&#039;%2F%3E\" class=\"attachment-woocommerce_thumbnail size-woocommerce_thumbnail owl-lazy-load preload-me\" alt=\"Tex up pomade \u2013 Pasta modeluj\u0105ca\" data-src=\"https:\/\/ekre.it\/wp-content\/uploads\/2024\/07\/43014_ekre_project_tex_up_pomade_100ml-300x300.png\" data-srcset=\"https:\/\/ekre.it\/wp-content\/uploads\/2024\/07\/43014_ekre_project_tex_up_pomade_100ml-300x300.png 300w, https:\/\/ekre.it\/wp-content\/uploads\/2024\/07\/43014_ekre_project_tex_up_pomade_100ml-150x150.png 150w, https:\/\/ekre.it\/wp-content\/uploads\/2024\/07\/43014_ekre_project_tex_up_pomade_100ml-768x768.png 768w, https:\/\/ekre.it\/wp-content\/uploads\/2024\/07\/43014_ekre_project_tex_up_pomade_100ml-600x600.png 600w, https:\/\/ekre.it\/wp-content\/uploads\/2024\/07\/43014_ekre_project_tex_up_pomade_100ml-200x200.png 200w, https:\/\/ekre.it\/wp-content\/uploads\/2024\/07\/43014_ekre_project_tex_up_pomade_100ml.png 800w\" \/><\/a>\n\t<\/div>\n\t<figcaption class=\"woocom-list-content\">\n\n\t\t<div class=\"woo-buttons\"><a href=\"https:\/\/ekre.it\/pl\/prodotto\/tex-up-pomade-pasta-modelujaca\/\" aria-describedby=\"woocommerce_loop_add_to_cart_link_describedby_5942\" data-quantity=\"1\" class=\"product_type_simple ajax_add_to_cart\" data-product_id=\"5942\" data-product_sku=\"\" aria-label=\"Przeczytaj wi\u0119cej o &bdquo;Tex up pomade \u2013 Pasta modeluj\u0105ca&rdquo;\" rel=\"nofollow\" data-success_message=\"\">Dowiedz si\u0119 wi\u0119cej<\/a>\t<span id=\"woocommerce_loop_add_to_cart_link_describedby_5942\" class=\"screen-reader-text\">\n\t\t\t<\/span>\n<\/div>\n\t<\/figcaption>\n<\/figure>\n<\/article><article class=\"post post-5950 product type-product status-publish has-post-thumbnail product_cat-styling-finishing-pl description-off  instock shipping-taxable product-type-simple\" ><figure class=\"woocom-project\">\n\t<div class=\"woo-buttons-on-img\">\n\n\t\t<a href=\"https:\/\/ekre.it\/pl\/prodotto\/crazy-matt-wosk-matowy-efekt\/\" class=\"alignnone layzr-bg\"><img loading=\"lazy\" decoding=\"async\" width=\"300\" height=\"300\" src=\"data:image\/svg+xml;charset=utf-8,%3Csvg xmlns%3D&#039;http%3A%2F%2Fwww.w3.org%2F2000%2Fsvg&#039; viewBox%3D&#039;0 0 300 300&#039;%2F%3E\" class=\"attachment-woocommerce_thumbnail size-woocommerce_thumbnail owl-lazy-load preload-me\" alt=\"Crazy matt \u2013 Wosk matowy efekt\" data-src=\"https:\/\/ekre.it\/wp-content\/uploads\/2024\/08\/43004_ekre_project_matt_crazy_matt_wax_90ml-300x300.png\" data-srcset=\"https:\/\/ekre.it\/wp-content\/uploads\/2024\/08\/43004_ekre_project_matt_crazy_matt_wax_90ml-300x300.png 300w, https:\/\/ekre.it\/wp-content\/uploads\/2024\/08\/43004_ekre_project_matt_crazy_matt_wax_90ml-150x150.png 150w, https:\/\/ekre.it\/wp-content\/uploads\/2024\/08\/43004_ekre_project_matt_crazy_matt_wax_90ml-768x768.png 768w, https:\/\/ekre.it\/wp-content\/uploads\/2024\/08\/43004_ekre_project_matt_crazy_matt_wax_90ml-600x600.png 600w, https:\/\/ekre.it\/wp-content\/uploads\/2024\/08\/43004_ekre_project_matt_crazy_matt_wax_90ml-200x200.png 200w, https:\/\/ekre.it\/wp-content\/uploads\/2024\/08\/43004_ekre_project_matt_crazy_matt_wax_90ml.png 800w\" \/><\/a>\n\t<\/div>\n\t<figcaption class=\"woocom-list-content\">\n\n\t\t<div class=\"woo-buttons\"><a href=\"https:\/\/ekre.it\/pl\/prodotto\/crazy-matt-wosk-matowy-efekt\/\" aria-describedby=\"woocommerce_loop_add_to_cart_link_describedby_5950\" data-quantity=\"1\" class=\"product_type_simple ajax_add_to_cart\" data-product_id=\"5950\" data-product_sku=\"\" aria-label=\"Przeczytaj wi\u0119cej o &bdquo;Crazy matt \u2013 Wosk matowy efekt&rdquo;\" rel=\"nofollow\" data-success_message=\"\">Dowiedz si\u0119 wi\u0119cej<\/a>\t<span id=\"woocommerce_loop_add_to_cart_link_describedby_5950\" class=\"screen-reader-text\">\n\t\t\t<\/span>\n<\/div>\n\t<\/figcaption>\n<\/figure>\n<\/article><article class=\"post post-5958 product type-product status-publish has-post-thumbnail product_cat-styling-finishing-pl description-off  instock shipping-taxable product-type-simple\" ><figure class=\"woocom-project\">\n\t<div class=\"woo-buttons-on-img\">\n\n\t\t<a href=\"https:\/\/ekre.it\/pl\/prodotto\/brilliance-gloss-spray-lsniacy-efekt\/\" class=\"alignnone layzr-bg\"><img loading=\"lazy\" decoding=\"async\" width=\"300\" height=\"300\" src=\"data:image\/svg+xml;charset=utf-8,%3Csvg xmlns%3D&#039;http%3A%2F%2Fwww.w3.org%2F2000%2Fsvg&#039; viewBox%3D&#039;0 0 300 300&#039;%2F%3E\" class=\"attachment-woocommerce_thumbnail size-woocommerce_thumbnail owl-lazy-load preload-me\" alt=\"Brilliance \u2013 Spray l\u015bni\u0105cy efekt\" data-src=\"https:\/\/ekre.it\/wp-content\/uploads\/2024\/07\/43000_ekre_project_brillance_gloss_300ml-300x300.png\" data-srcset=\"https:\/\/ekre.it\/wp-content\/uploads\/2024\/07\/43000_ekre_project_brillance_gloss_300ml-300x300.png 300w, https:\/\/ekre.it\/wp-content\/uploads\/2024\/07\/43000_ekre_project_brillance_gloss_300ml-150x150.png 150w, https:\/\/ekre.it\/wp-content\/uploads\/2024\/07\/43000_ekre_project_brillance_gloss_300ml-768x768.png 768w, https:\/\/ekre.it\/wp-content\/uploads\/2024\/07\/43000_ekre_project_brillance_gloss_300ml-600x600.png 600w, https:\/\/ekre.it\/wp-content\/uploads\/2024\/07\/43000_ekre_project_brillance_gloss_300ml-200x200.png 200w, https:\/\/ekre.it\/wp-content\/uploads\/2024\/07\/43000_ekre_project_brillance_gloss_300ml.png 800w\" \/><\/a>\n\t<\/div>\n\t<figcaption class=\"woocom-list-content\">\n\n\t\t<div class=\"woo-buttons\"><a href=\"https:\/\/ekre.it\/pl\/prodotto\/brilliance-gloss-spray-lsniacy-efekt\/\" aria-describedby=\"woocommerce_loop_add_to_cart_link_describedby_5958\" data-quantity=\"1\" class=\"product_type_simple ajax_add_to_cart\" data-product_id=\"5958\" data-product_sku=\"\" aria-label=\"Przeczytaj wi\u0119cej o &bdquo;Brilliance \u2013 Spray l\u015bni\u0105cy efekt&rdquo;\" rel=\"nofollow\" data-success_message=\"\">Dowiedz si\u0119 wi\u0119cej<\/a>\t<span id=\"woocommerce_loop_add_to_cart_link_describedby_5958\" class=\"screen-reader-text\">\n\t\t\t<\/span>\n<\/div>\n\t<\/figcaption>\n<\/figure>\n<\/article><\/div>[\/vc_column][\/vc_row]\n<\/div>","protected":false},"excerpt":{"rendered":"<p><span style=\"font-weight: 400;\"><b>Project Joy<\/b>\u00a0to przezroczysty wosk o krystalicznej konsystencji idealny do elastycznego utrwalenia i maksymalnego blasku. Formu\u0142a wzbogacona wzmacniaj\u0105cymi sk\u0142adnikami aktywnymi chroni w\u0142osy i umo\u017cliwia tworzenie naturalnych stylizacji.<\/span><\/p>\n<p><span style=\"font-weight: 400;\">Modna stylizacja i dbanie o dobr\u0105 kondycj\u0119 w\u0142\u00f3kien: wodny wosk Ekre sprawia, \u017ce look staje si\u0119 pe\u0142en blasku, a dzi\u0119ki lekkiej i delikatnej konsystencji wosk nie obci\u0105\u017ca w\u0142os\u00f3w.\u00a0 Otrzymany rezultat to naturalna stylizacja, dzi\u0119ki kt\u00f3rej unikniemy nieestetycznego, t\u0142ustego efektu.<\/span><\/p>\n<p><span style=\"font-weight: 400;\">Do u\u017cytku profesjonalnego<\/span><\/p>\n<p><span style=\"font-weight: 400;\">Pojemno\u015b\u0107 100 ml<\/span><\/p>\n<p><b>Posiada certyfikat VEGANOK,\u00a0<\/b>produkt<b>\u00a0nie zawiera \u017cadnego sk\u0142adnika pochodzenia zwierz\u0119cego i w pe\u0142ni odzwierciedla Wega\u0144skie warto\u015bci etyczne.<\/b><br \/>\n<img loading=\"lazy\" decoding=\"async\" class=\"alignnone size-full wp-image-5185\" src=\"https:\/\/ekre.it\/wp-content\/uploads\/2021\/06\/vegan_3.png\" alt=\"\" width=\"60\" height=\"68\" \/><\/p>\n","protected":false},"featured_media":7052,"template":"","meta":[],"product_brand":[],"product_cat":[903],"product_tag":[],"class_list":{"0":"post-5946","1":"product","2":"type-product","3":"status-publish","4":"has-post-thumbnail","6":"product_cat-styling-finishing-pl","7":"description-off","9":"last","10":"instock","11":"featured","12":"shipping-taxable","13":"product-type-simple"},"yoast_head":"<!-- This site is optimized with the Yoast SEO plugin v26.7 - https:\/\/yoast.com\/wordpress\/plugins\/seo\/ -->\n<title>Joy - Water wax - Ekre - Be Natural<\/title>\n<meta name=\"robots\" content=\"index, follow, max-snippet:-1, max-image-preview:large, max-video-preview:-1\" \/>\n<link rel=\"canonical\" href=\"https:\/\/ekre.it\/pl\/prodotto\/joy-water-wax\/\" \/>\n<meta property=\"og:locale\" content=\"pl_PL\" \/>\n<meta property=\"og:type\" content=\"article\" \/>\n<meta property=\"og:title\" content=\"Joy - Water wax - Ekre - Be Natural\" \/>\n<meta property=\"og:description\" content=\"Project Joy\u00a0to przezroczysty wosk o krystalicznej konsystencji idealny do elastycznego utrwalenia i maksymalnego blasku. Formu\u0142a wzbogacona wzmacniaj\u0105cymi sk\u0142adnikami aktywnymi chroni w\u0142osy i umo\u017cliwia tworzenie naturalnych stylizacji.  Modna stylizacja i dbanie o dobr\u0105 kondycj\u0119 w\u0142\u00f3kien: wodny wosk Ekre sprawia, \u017ce look staje si\u0119 pe\u0142en blasku, a dzi\u0119ki lekkiej i delikatnej konsystencji wosk nie obci\u0105\u017ca w\u0142os\u00f3w.\u00a0 Otrzymany rezultat to naturalna stylizacja, dzi\u0119ki kt\u00f3rej unikniemy nieestetycznego, t\u0142ustego efektu.  Do u\u017cytku profesjonalnego  Pojemno\u015b\u0107 100 ml  Posiada certyfikat VEGANOK,\u00a0produkt\u00a0nie zawiera \u017cadnego sk\u0142adnika pochodzenia zwierz\u0119cego i w pe\u0142ni odzwierciedla Wega\u0144skie warto\u015bci etyczne.\" \/>\n<meta property=\"og:url\" content=\"https:\/\/ekre.it\/pl\/prodotto\/joy-water-wax\/\" \/>\n<meta property=\"og:site_name\" content=\"Ekre - Be Natural\" \/>\n<meta property=\"article:modified_time\" content=\"2024-09-02T09:49:29+00:00\" \/>\n<meta property=\"og:image\" content=\"https:\/\/ekre.it\/wp-content\/uploads\/2024\/05\/43005_ekre_project_water_wax_500ml-2.png\" \/>\n\t<meta property=\"og:image:width\" content=\"2000\" \/>\n\t<meta property=\"og:image:height\" content=\"2000\" \/>\n\t<meta property=\"og:image:type\" content=\"image\/png\" \/>\n<meta name=\"twitter:card\" content=\"summary_large_image\" \/>\n<meta name=\"twitter:label1\" content=\"Szacowany czas czytania\" \/>\n\t<meta name=\"twitter:data1\" content=\"1 minuta\" \/>\n<script type=\"application\/ld+json\" class=\"yoast-schema-graph\">{\"@context\":\"https:\/\/schema.org\",\"@graph\":[{\"@type\":\"WebPage\",\"@id\":\"https:\/\/ekre.it\/pl\/prodotto\/joy-water-wax\/\",\"url\":\"https:\/\/ekre.it\/pl\/prodotto\/joy-water-wax\/\",\"name\":\"Joy - Water wax - Ekre - Be Natural\",\"isPartOf\":{\"@id\":\"https:\/\/ekre.it\/pl\/#website\"},\"primaryImageOfPage\":{\"@id\":\"https:\/\/ekre.it\/pl\/prodotto\/joy-water-wax\/#primaryimage\"},\"image\":{\"@id\":\"https:\/\/ekre.it\/pl\/prodotto\/joy-water-wax\/#primaryimage\"},\"thumbnailUrl\":\"https:\/\/ekre.it\/wp-content\/uploads\/2024\/05\/43005_ekre_project_water_wax_500ml-2.png\",\"datePublished\":\"2024-05-22T14:40:26+00:00\",\"dateModified\":\"2024-09-02T09:49:29+00:00\",\"breadcrumb\":{\"@id\":\"https:\/\/ekre.it\/pl\/prodotto\/joy-water-wax\/#breadcrumb\"},\"inLanguage\":\"pl-PL\",\"potentialAction\":[{\"@type\":\"ReadAction\",\"target\":[\"https:\/\/ekre.it\/pl\/prodotto\/joy-water-wax\/\"]}]},{\"@type\":\"ImageObject\",\"inLanguage\":\"pl-PL\",\"@id\":\"https:\/\/ekre.it\/pl\/prodotto\/joy-water-wax\/#primaryimage\",\"url\":\"https:\/\/ekre.it\/wp-content\/uploads\/2024\/05\/43005_ekre_project_water_wax_500ml-2.png\",\"contentUrl\":\"https:\/\/ekre.it\/wp-content\/uploads\/2024\/05\/43005_ekre_project_water_wax_500ml-2.png\",\"width\":2000,\"height\":2000},{\"@type\":\"BreadcrumbList\",\"@id\":\"https:\/\/ekre.it\/pl\/prodotto\/joy-water-wax\/#breadcrumb\",\"itemListElement\":[{\"@type\":\"ListItem\",\"position\":1,\"name\":\"Home\",\"item\":\"https:\/\/ekre.it\/pl\/home\/\"},{\"@type\":\"ListItem\",\"position\":2,\"name\":\"Produkty\",\"item\":\"https:\/\/ekre.it\/pl\/shop\/\"},{\"@type\":\"ListItem\",\"position\":3,\"name\":\"Joy &#8211; Water wax\"}]},{\"@type\":\"WebSite\",\"@id\":\"https:\/\/ekre.it\/pl\/#website\",\"url\":\"https:\/\/ekre.it\/pl\/\",\"name\":\"Ekre - Be Natural\",\"description\":\"\",\"potentialAction\":[{\"@type\":\"SearchAction\",\"target\":{\"@type\":\"EntryPoint\",\"urlTemplate\":\"https:\/\/ekre.it\/pl\/?s={search_term_string}\"},\"query-input\":{\"@type\":\"PropertyValueSpecification\",\"valueRequired\":true,\"valueName\":\"search_term_string\"}}],\"inLanguage\":\"pl-PL\"}]}<\/script>\n<!-- \/ Yoast SEO plugin. -->","yoast_head_json":{"title":"Joy - Water wax - Ekre - Be Natural","robots":{"index":"index","follow":"follow","max-snippet":"max-snippet:-1","max-image-preview":"max-image-preview:large","max-video-preview":"max-video-preview:-1"},"canonical":"https:\/\/ekre.it\/pl\/prodotto\/joy-water-wax\/","og_locale":"pl_PL","og_type":"article","og_title":"Joy - Water wax - Ekre - Be Natural","og_description":"Project Joy\u00a0to przezroczysty wosk o krystalicznej konsystencji idealny do elastycznego utrwalenia i maksymalnego blasku. Formu\u0142a wzbogacona wzmacniaj\u0105cymi sk\u0142adnikami aktywnymi chroni w\u0142osy i umo\u017cliwia tworzenie naturalnych stylizacji.  Modna stylizacja i dbanie o dobr\u0105 kondycj\u0119 w\u0142\u00f3kien: wodny wosk Ekre sprawia, \u017ce look staje si\u0119 pe\u0142en blasku, a dzi\u0119ki lekkiej i delikatnej konsystencji wosk nie obci\u0105\u017ca w\u0142os\u00f3w.\u00a0 Otrzymany rezultat to naturalna stylizacja, dzi\u0119ki kt\u00f3rej unikniemy nieestetycznego, t\u0142ustego efektu.  Do u\u017cytku profesjonalnego  Pojemno\u015b\u0107 100 ml  Posiada certyfikat VEGANOK,\u00a0produkt\u00a0nie zawiera \u017cadnego sk\u0142adnika pochodzenia zwierz\u0119cego i w pe\u0142ni odzwierciedla Wega\u0144skie warto\u015bci etyczne.","og_url":"https:\/\/ekre.it\/pl\/prodotto\/joy-water-wax\/","og_site_name":"Ekre - Be Natural","article_modified_time":"2024-09-02T09:49:29+00:00","og_image":[{"width":2000,"height":2000,"url":"https:\/\/ekre.it\/wp-content\/uploads\/2024\/05\/43005_ekre_project_water_wax_500ml-2.png","type":"image\/png"}],"twitter_card":"summary_large_image","twitter_misc":{"Szacowany czas czytania":"1 minuta"},"schema":{"@context":"https:\/\/schema.org","@graph":[{"@type":"WebPage","@id":"https:\/\/ekre.it\/pl\/prodotto\/joy-water-wax\/","url":"https:\/\/ekre.it\/pl\/prodotto\/joy-water-wax\/","name":"Joy - Water wax - Ekre - Be Natural","isPartOf":{"@id":"https:\/\/ekre.it\/pl\/#website"},"primaryImageOfPage":{"@id":"https:\/\/ekre.it\/pl\/prodotto\/joy-water-wax\/#primaryimage"},"image":{"@id":"https:\/\/ekre.it\/pl\/prodotto\/joy-water-wax\/#primaryimage"},"thumbnailUrl":"https:\/\/ekre.it\/wp-content\/uploads\/2024\/05\/43005_ekre_project_water_wax_500ml-2.png","datePublished":"2024-05-22T14:40:26+00:00","dateModified":"2024-09-02T09:49:29+00:00","breadcrumb":{"@id":"https:\/\/ekre.it\/pl\/prodotto\/joy-water-wax\/#breadcrumb"},"inLanguage":"pl-PL","potentialAction":[{"@type":"ReadAction","target":["https:\/\/ekre.it\/pl\/prodotto\/joy-water-wax\/"]}]},{"@type":"ImageObject","inLanguage":"pl-PL","@id":"https:\/\/ekre.it\/pl\/prodotto\/joy-water-wax\/#primaryimage","url":"https:\/\/ekre.it\/wp-content\/uploads\/2024\/05\/43005_ekre_project_water_wax_500ml-2.png","contentUrl":"https:\/\/ekre.it\/wp-content\/uploads\/2024\/05\/43005_ekre_project_water_wax_500ml-2.png","width":2000,"height":2000},{"@type":"BreadcrumbList","@id":"https:\/\/ekre.it\/pl\/prodotto\/joy-water-wax\/#breadcrumb","itemListElement":[{"@type":"ListItem","position":1,"name":"Home","item":"https:\/\/ekre.it\/pl\/home\/"},{"@type":"ListItem","position":2,"name":"Produkty","item":"https:\/\/ekre.it\/pl\/shop\/"},{"@type":"ListItem","position":3,"name":"Joy &#8211; Water wax"}]},{"@type":"WebSite","@id":"https:\/\/ekre.it\/pl\/#website","url":"https:\/\/ekre.it\/pl\/","name":"Ekre - Be Natural","description":"","potentialAction":[{"@type":"SearchAction","target":{"@type":"EntryPoint","urlTemplate":"https:\/\/ekre.it\/pl\/?s={search_term_string}"},"query-input":{"@type":"PropertyValueSpecification","valueRequired":true,"valueName":"search_term_string"}}],"inLanguage":"pl-PL"}]}},"_links":{"self":[{"href":"https:\/\/ekre.it\/pl\/wp-json\/wp\/v2\/product\/5946","targetHints":{"allow":["GET"]}}],"collection":[{"href":"https:\/\/ekre.it\/pl\/wp-json\/wp\/v2\/product"}],"about":[{"href":"https:\/\/ekre.it\/pl\/wp-json\/wp\/v2\/types\/product"}],"wp:featuredmedia":[{"embeddable":true,"href":"https:\/\/ekre.it\/pl\/wp-json\/wp\/v2\/media\/7052"}],"wp:attachment":[{"href":"https:\/\/ekre.it\/pl\/wp-json\/wp\/v2\/media?parent=5946"}],"wp:term":[{"taxonomy":"product_brand","embeddable":true,"href":"https:\/\/ekre.it\/pl\/wp-json\/wp\/v2\/product_brand?post=5946"},{"taxonomy":"product_cat","embeddable":true,"href":"https:\/\/ekre.it\/pl\/wp-json\/wp\/v2\/product_cat?post=5946"},{"taxonomy":"product_tag","embeddable":true,"href":"https:\/\/ekre.it\/pl\/wp-json\/wp\/v2\/product_tag?post=5946"}],"curies":[{"name":"wp","href":"https:\/\/api.w.org\/{rel}","templated":true}]}}