{"id":5982,"date":"2024-05-22T16:40:24","date_gmt":"2024-05-22T14:40:24","guid":{"rendered":"https:\/\/ekre.it\/prodotto\/elysium-lakier-w-sprayu\/"},"modified":"2024-06-04T09:06:38","modified_gmt":"2024-06-04T07:06:38","slug":"elysium-lakier-w-sprayu","status":"publish","type":"product","link":"https:\/\/ekre.it\/pl\/prodotto\/elysium-lakier-w-sprayu\/","title":{"rendered":"Elysium &#8211; Lakier w sprayu"},"content":{"rendered":"<div class=\"wpb-content-wrapper\">[vc_row el_class=&#8221;bordo_benefici&#8221;][vc_column][vc_column_text css=&#8221;&#8221;]\n<h2 style=\"text-align: left;\"> Zalety <\/h2>\n<ul>\n<li style=\"font-weight: 400;\" aria-level=\"1\"><span style=\"font-weight: 400;\">Formu\u0142a <\/span><b>VeganOK<\/b><\/li>\n<li style=\"font-weight: 400;\" aria-level=\"1\"><b>Modeluje<\/b><span style=\"font-weight: 400;\"> ka\u017cd\u0105 fryzur\u0119<\/span><\/li>\n<li style=\"font-weight: 400;\" aria-level=\"1\"><b>Utrwala i uelastycznia <\/b><span style=\"font-weight: 400;\">ka\u017cd\u0105 stylizacj\u0119<\/span><\/li>\n<li style=\"font-weight: 400;\" aria-level=\"1\"><b>Chroni<\/b><span style=\"font-weight: 400;\"> w\u0142osy przed szkodliwym dzia\u0142aniem czynnik\u00f3w zewn\u0119trznych<\/span><\/li>\n<li style=\"font-weight: 400;\" aria-level=\"1\"><b>Lakier mo\u017cna z \u0142atwo\u015bci\u0105 usun\u0105\u0107<\/b><span style=\"font-weight: 400;\"> szczotk\u0105<\/span><\/li>\n<\/ul>\n[\/vc_column_text][\/vc_column][\/vc_row][vc_row][vc_column][vc_empty_space height=&#8221;80px&#8221;][\/vc_column][\/vc_row][vc_row][vc_column][vc_column_text css=&#8221;&#8221;]\n<h2 style=\"text-align: center;\">Produkty Powi\u0105zane<\/h2>\n<p>&nbsp;[\/vc_column_text]<style type=\"text\/css\" data-type=\"the7_shortcodes-inline-css\">.products-carousel-shortcode.products-carousel-shortcode-id-0abca136f7748bb484925704673ecfbb .owl-nav a {\n  width: 36px;\n  height: 36px;\n  border-radius: 500px;\n}\n.dt-arrow-border-on.products-carousel-shortcode.products-carousel-shortcode-id-0abca136f7748bb484925704673ecfbb .owl-nav a:not(:hover):before {\n  border-width: 0px;\n}\n.dt-arrow-hover-border-on.products-carousel-shortcode.products-carousel-shortcode-id-0abca136f7748bb484925704673ecfbb .owl-nav a:hover:after {\n  border-width: 0px;\n}\n.products-carousel-shortcode.products-carousel-shortcode-id-0abca136f7748bb484925704673ecfbb .owl-nav a.owl-prev {\n  top: 50%;\n  transform: translateY(calc(-50% + 0px));\n  left: -43px;\n}\n@media all and (-ms-high-contrast: none) {\n  .products-carousel-shortcode.products-carousel-shortcode-id-0abca136f7748bb484925704673ecfbb .owl-nav a.owl-prev {\n    transform: translateY(-50%);\n    margin-top: 0px;\n  }\n}\n.products-carousel-shortcode.products-carousel-shortcode-id-0abca136f7748bb484925704673ecfbb .owl-nav a.owl-prev i {\n  padding: 0px 0px 0px 0px;\n}\n.products-carousel-shortcode.products-carousel-shortcode-id-0abca136f7748bb484925704673ecfbb .owl-nav a.owl-next {\n  top: 50%;\n  transform: translateY(calc(-50% + 0px));\n  right: -43px;\n}\n@media all and (-ms-high-contrast: none) {\n  .products-carousel-shortcode.products-carousel-shortcode-id-0abca136f7748bb484925704673ecfbb .owl-nav a.owl-next {\n    transform: translateY(-50%);\n    margin-top: 0px;\n  }\n}\n.products-carousel-shortcode.products-carousel-shortcode-id-0abca136f7748bb484925704673ecfbb .owl-nav a.owl-next i {\n  padding: 0px 0px 0px 0px;\n}\n.products-carousel-shortcode.products-carousel-shortcode-id-0abca136f7748bb484925704673ecfbb .owl-nav i {\n  font-size: 18px;\n}\n.products-carousel-shortcode.products-carousel-shortcode-id-0abca136f7748bb484925704673ecfbb .owl-nav a:not(:hover) i,\n.products-carousel-shortcode.products-carousel-shortcode-id-0abca136f7748bb484925704673ecfbb .owl-nav a:not(:hover) i:before {\n  color: #ffffff;\n  background: none;\n}\n.products-carousel-shortcode.products-carousel-shortcode-id-0abca136f7748bb484925704673ecfbb .owl-nav a:hover i,\n.products-carousel-shortcode.products-carousel-shortcode-id-0abca136f7748bb484925704673ecfbb .owl-nav a:hover i:before {\n  color: rgba(255,255,255,0.75);\n  background: none;\n}\n.products-carousel-shortcode.products-carousel-shortcode-id-0abca136f7748bb484925704673ecfbb .owl-dots {\n  top: calc(100% + 20px);\n  left: 50%;\n  transform: translateX(calc(-50% + 0px));\n}\n@media all and (-ms-high-contrast: none) {\n  .products-carousel-shortcode.products-carousel-shortcode-id-0abca136f7748bb484925704673ecfbb .owl-dots {\n    transform: translateX(-50%);\n    margin-left: 0px;\n  }\n}\n.products-carousel-shortcode.products-carousel-shortcode-id-0abca136f7748bb484925704673ecfbb .owl-dot {\n  width: 10px;\n  height: 10px;\n  margin: 0 8px;\n}\n.bullets-scale-up.products-carousel-shortcode.products-carousel-shortcode-id-0abca136f7748bb484925704673ecfbb .owl-dot:not(.active):not(:hover) span {\n  background: #dbd6cc;\n}\n.bullets-scale-up.products-carousel-shortcode.products-carousel-shortcode-id-0abca136f7748bb484925704673ecfbb .owl-dot:not(.active):hover span,\n.bullets-scale-up.products-carousel-shortcode.products-carousel-shortcode-id-0abca136f7748bb484925704673ecfbb .owl-dot.active span {\n  background: #8d847a;\n}\n.bullets-stroke.products-carousel-shortcode.products-carousel-shortcode-id-0abca136f7748bb484925704673ecfbb .owl-dot:not(.active):not(:hover) span {\n  background: #dbd6cc;\n}\n.bullets-stroke.products-carousel-shortcode.products-carousel-shortcode-id-0abca136f7748bb484925704673ecfbb .owl-dot:not(.active):hover span {\n  background: #8d847a;\n}\n.bullets-stroke.products-carousel-shortcode.products-carousel-shortcode-id-0abca136f7748bb484925704673ecfbb .owl-dot.active span {\n  box-shadow: 0 0 0 2px #8d847a;\n}\n.bullets-fill-in.products-carousel-shortcode.products-carousel-shortcode-id-0abca136f7748bb484925704673ecfbb .owl-dot:not(.active):not(:hover) span {\n  box-shadow: inset 0 0 0 2px #dbd6cc;\n}\n.bullets-fill-in.products-carousel-shortcode.products-carousel-shortcode-id-0abca136f7748bb484925704673ecfbb .owl-dot:not(.active):hover span {\n  box-shadow: inset 0 0 0 2px #8d847a;\n}\n.bullets-fill-in.products-carousel-shortcode.products-carousel-shortcode-id-0abca136f7748bb484925704673ecfbb .owl-dot.active span {\n  box-shadow: inset 0 0 0 20px #8d847a;\n}\n.bullets-small-dot-stroke.products-carousel-shortcode.products-carousel-shortcode-id-0abca136f7748bb484925704673ecfbb .owl-dot:not(.active):not(:hover) span {\n  background: #dbd6cc;\n}\n.bullets-small-dot-stroke.products-carousel-shortcode.products-carousel-shortcode-id-0abca136f7748bb484925704673ecfbb .owl-dot:not(.active):hover span,\n.bullets-small-dot-stroke.products-carousel-shortcode.products-carousel-shortcode-id-0abca136f7748bb484925704673ecfbb .owl-dot.active span {\n  background: #8d847a;\n}\n.bullets-small-dot-stroke.products-carousel-shortcode.products-carousel-shortcode-id-0abca136f7748bb484925704673ecfbb .owl-dot.active {\n  box-shadow: 0 0 0 2px #8d847a;\n}\n.bullets-ubax.products-carousel-shortcode.products-carousel-shortcode-id-0abca136f7748bb484925704673ecfbb .owl-dot span {\n  background: #dbd6cc;\n}\n.bullets-ubax.products-carousel-shortcode.products-carousel-shortcode-id-0abca136f7748bb484925704673ecfbb .owl-dot.active span {\n  border-color: #8d847a;\n}\n.bullets-ubax.products-carousel-shortcode.products-carousel-shortcode-id-0abca136f7748bb484925704673ecfbb .owl-dot:not(.active):hover span {\n  background: #8d847a;\n}\n.bullets-etefu.products-carousel-shortcode.products-carousel-shortcode-id-0abca136f7748bb484925704673ecfbb .owl-dot span {\n  background: #dbd6cc;\n}\n.bullets-etefu.products-carousel-shortcode.products-carousel-shortcode-id-0abca136f7748bb484925704673ecfbb .owl-dot:not(.active):hover span {\n  background: #8d847a;\n}\n.bullets-etefu.products-carousel-shortcode.products-carousel-shortcode-id-0abca136f7748bb484925704673ecfbb .owl-dot span:before {\n  background: #8d847a;\n}\n.accent-gradient .bullets-etefu.products-carousel-shortcode.products-carousel-shortcode-id-0abca136f7748bb484925704673ecfbb .owl-dot span:before {\n  background: #8d847a;\n}\n@media screen and (max-width: 778px) {\n  .products-carousel-shortcode.products-carousel-shortcode-id-0abca136f7748bb484925704673ecfbb.hide-arrows .owl-nav a {\n    display: none;\n  }\n}\n@media screen and (max-width: 778px) {\n  .products-carousel-shortcode.products-carousel-shortcode-id-0abca136f7748bb484925704673ecfbb.reposition-arrows .owl-nav .owl-prev {\n    top: 50%;\n    transform: translateY(calc(-50% + 0px));\n    left: 10px;\n  }\n  .products-carousel-shortcode.products-carousel-shortcode-id-0abca136f7748bb484925704673ecfbb.reposition-arrows .owl-nav .owl-next {\n    top: 50%;\n    transform: translateY(calc(-50% + 0px));\n    right: 10px;\n  }\n}\n@media screen and (max-width: 778px) and all and (-ms-high-contrast: none) {\n  .products-carousel-shortcode.products-carousel-shortcode-id-0abca136f7748bb484925704673ecfbb.reposition-arrows .owl-nav .owl-prev {\n    transform: translateY(-50%);\n    margin-top: 0px;\n  }\n}\n@media screen and (max-width: 778px) and all and (-ms-high-contrast: none) {\n  .products-carousel-shortcode.products-carousel-shortcode-id-0abca136f7748bb484925704673ecfbb.reposition-arrows .owl-nav .owl-next {\n    transform: translateY(-50%);\n    margin-top: 0px;\n  }\n}<\/style><div class=\"owl-carousel products-carousel-shortcode dt-owl-carousel-call products-carousel-shortcode-id-0abca136f7748bb484925704673ecfbb cart-btn-below-img bullets-ubax reposition-arrows arrows-bg-on dt-arrow-border-on dt-arrow-hover-border-on disable-arrows-hover-bg arrows-hover-bg-on  wc-img-hover hide-description hide-rating bordo_prodotti_correlati\" data-scroll-mode=\"1\" data-wide-col-num=\"4\" data-col-num=\"3\" data-laptop-col=\"3\" data-h-tablet-columns-num=\"3\" data-v-tablet-columns-num=\"2\" data-phone-columns-num=\"1\" data-auto-height=\"true\" data-col-gap=\"30\" data-stage-padding=\"0\" data-speed=\"600\" data-autoplay=\"false\" data-autoplay_speed=\"6000\" data-arrows=\"false\" data-bullet=\"true\" data-next-icon=\"icon-ar-017-r\" data-prev-icon=\"icon-ar-017-l\"><article class=\"post post-5864 product type-product status-publish has-post-thumbnail product_cat-styling-finishing-pl description-off first instock shipping-taxable product-type-simple\" ><figure class=\"woocom-project\">\n\t<div class=\"woo-buttons-on-img\">\n\n\t\t<a href=\"https:\/\/ekre.it\/pl\/prodotto\/glory-mus-do-definiowania-wlosow-kreconych\/\" class=\"alignnone layzr-bg\"><img loading=\"lazy\" decoding=\"async\" width=\"300\" height=\"300\" src=\"data:image\/svg+xml;charset=utf-8,%3Csvg xmlns%3D&#039;http%3A%2F%2Fwww.w3.org%2F2000%2Fsvg&#039; viewBox%3D&#039;0 0 300 300&#039;%2F%3E\" class=\"attachment-woocommerce_thumbnail size-woocommerce_thumbnail owl-lazy-load preload-me\" alt=\"Glory - Mus do definiowania w\u0142os\u00f3w kr\u0119conych\" data-src=\"https:\/\/ekre.it\/wp-content\/uploads\/2024\/05\/43021_ekre_project_glory_300ml-1-300x300.png\" data-srcset=\"https:\/\/ekre.it\/wp-content\/uploads\/2024\/05\/43021_ekre_project_glory_300ml-1-300x300.png 300w, https:\/\/ekre.it\/wp-content\/uploads\/2024\/05\/43021_ekre_project_glory_300ml-1-200x200.png 200w, https:\/\/ekre.it\/wp-content\/uploads\/2024\/05\/43021_ekre_project_glory_300ml-1-600x600.png 600w, https:\/\/ekre.it\/wp-content\/uploads\/2024\/05\/43021_ekre_project_glory_300ml-1-150x150.png 150w, https:\/\/ekre.it\/wp-content\/uploads\/2024\/05\/43021_ekre_project_glory_300ml-1-768x768.png 768w, https:\/\/ekre.it\/wp-content\/uploads\/2024\/05\/43021_ekre_project_glory_300ml-1.png 800w\" \/><\/a>\n\t<\/div>\n\t<figcaption class=\"woocom-list-content\">\n\n\t\t<div class=\"woo-buttons\"><a href=\"https:\/\/ekre.it\/pl\/prodotto\/glory-mus-do-definiowania-wlosow-kreconych\/\" aria-describedby=\"woocommerce_loop_add_to_cart_link_describedby_5864\" data-quantity=\"1\" class=\"product_type_simple ajax_add_to_cart\" data-product_id=\"5864\" data-product_sku=\"\" aria-label=\"Przeczytaj wi\u0119cej o &bdquo;Glory - Mus do definiowania w\u0142os\u00f3w kr\u0119conych&rdquo;\" rel=\"nofollow\" data-success_message=\"\">Dowiedz si\u0119 wi\u0119cej<\/a>\t<span id=\"woocommerce_loop_add_to_cart_link_describedby_5864\" class=\"screen-reader-text\">\n\t\t\t<\/span>\n<\/div>\n\t<\/figcaption>\n<\/figure>\n<\/article><article class=\"post post-5962 product type-product status-publish has-post-thumbnail product_cat-styling-finishing-pl description-off  instock shipping-taxable product-type-simple\" ><figure class=\"woocom-project\">\n\t<div class=\"woo-buttons-on-img\">\n\n\t\t<a href=\"https:\/\/ekre.it\/pl\/prodotto\/divine-zel-mus\/\" class=\"alignnone layzr-bg\"><img loading=\"lazy\" decoding=\"async\" width=\"300\" height=\"300\" src=\"data:image\/svg+xml;charset=utf-8,%3Csvg xmlns%3D&#039;http%3A%2F%2Fwww.w3.org%2F2000%2Fsvg&#039; viewBox%3D&#039;0 0 300 300&#039;%2F%3E\" class=\"attachment-woocommerce_thumbnail size-woocommerce_thumbnail owl-lazy-load preload-me\" alt=\"Divine - \u017bel-mus\" data-src=\"https:\/\/ekre.it\/wp-content\/uploads\/2024\/05\/43012_ekre_project_divine_300ml-1-300x300.png\" data-srcset=\"https:\/\/ekre.it\/wp-content\/uploads\/2024\/05\/43012_ekre_project_divine_300ml-1-300x300.png 300w, https:\/\/ekre.it\/wp-content\/uploads\/2024\/05\/43012_ekre_project_divine_300ml-1-200x200.png 200w, https:\/\/ekre.it\/wp-content\/uploads\/2024\/05\/43012_ekre_project_divine_300ml-1-150x150.png 150w, https:\/\/ekre.it\/wp-content\/uploads\/2024\/05\/43012_ekre_project_divine_300ml-1.png 600w\" \/><\/a>\n\t<\/div>\n\t<figcaption class=\"woocom-list-content\">\n\n\t\t<div class=\"woo-buttons\"><a href=\"https:\/\/ekre.it\/pl\/prodotto\/divine-zel-mus\/\" aria-describedby=\"woocommerce_loop_add_to_cart_link_describedby_5962\" data-quantity=\"1\" class=\"product_type_simple ajax_add_to_cart\" data-product_id=\"5962\" data-product_sku=\"\" aria-label=\"Przeczytaj wi\u0119cej o &bdquo;Divine - \u017bel-mus&rdquo;\" rel=\"nofollow\" data-success_message=\"\">Dowiedz si\u0119 wi\u0119cej<\/a>\t<span id=\"woocommerce_loop_add_to_cart_link_describedby_5962\" class=\"screen-reader-text\">\n\t\t\t<\/span>\n<\/div>\n\t<\/figcaption>\n<\/figure>\n<\/article><article class=\"post post-5970 product type-product status-publish has-post-thumbnail product_cat-styling-finishing-pl description-off  instock shipping-taxable product-type-simple\" ><figure class=\"woocom-project\">\n\t<div class=\"woo-buttons-on-img\">\n\n\t\t<a href=\"https:\/\/ekre.it\/pl\/prodotto\/hydro-essence-dwufazowy-spray-odzywczy\/\" class=\"alignnone layzr-bg\"><img loading=\"lazy\" decoding=\"async\" width=\"300\" height=\"300\" src=\"data:image\/svg+xml;charset=utf-8,%3Csvg xmlns%3D&#039;http%3A%2F%2Fwww.w3.org%2F2000%2Fsvg&#039; viewBox%3D&#039;0 0 300 300&#039;%2F%3E\" class=\"attachment-woocommerce_thumbnail size-woocommerce_thumbnail owl-lazy-load preload-me\" alt=\"Hydro essence \u2013 Dwufazowy spray od\u017cywczy\" data-src=\"https:\/\/ekre.it\/wp-content\/uploads\/2024\/05\/43008_ekre_project_hydro_essence_250ml-1-300x300.png\" data-srcset=\"https:\/\/ekre.it\/wp-content\/uploads\/2024\/05\/43008_ekre_project_hydro_essence_250ml-1-300x300.png 300w, https:\/\/ekre.it\/wp-content\/uploads\/2024\/05\/43008_ekre_project_hydro_essence_250ml-1-200x200.png 200w, https:\/\/ekre.it\/wp-content\/uploads\/2024\/05\/43008_ekre_project_hydro_essence_250ml-1-600x600.png 600w, https:\/\/ekre.it\/wp-content\/uploads\/2024\/05\/43008_ekre_project_hydro_essence_250ml-1-150x150.png 150w, https:\/\/ekre.it\/wp-content\/uploads\/2024\/05\/43008_ekre_project_hydro_essence_250ml-1-768x768.png 768w, https:\/\/ekre.it\/wp-content\/uploads\/2024\/05\/43008_ekre_project_hydro_essence_250ml-1.png 800w\" \/><\/a>\n\t<\/div>\n\t<figcaption class=\"woocom-list-content\">\n\n\t\t<div class=\"woo-buttons\"><a href=\"https:\/\/ekre.it\/pl\/prodotto\/hydro-essence-dwufazowy-spray-odzywczy\/\" aria-describedby=\"woocommerce_loop_add_to_cart_link_describedby_5970\" data-quantity=\"1\" class=\"product_type_simple ajax_add_to_cart\" data-product_id=\"5970\" data-product_sku=\"\" aria-label=\"Przeczytaj wi\u0119cej o &bdquo;Hydro essence \u2013 Dwufazowy spray od\u017cywczy&rdquo;\" rel=\"nofollow\" data-success_message=\"\">Dowiedz si\u0119 wi\u0119cej<\/a>\t<span id=\"woocommerce_loop_add_to_cart_link_describedby_5970\" class=\"screen-reader-text\">\n\t\t\t<\/span>\n<\/div>\n\t<\/figcaption>\n<\/figure>\n<\/article><\/div>[\/vc_column][\/vc_row]\n<\/div>","protected":false},"excerpt":{"rendered":"<p><span style=\"font-weight: 400;\">Elysium to <\/span><b>mocny lakier,<\/b><span style=\"font-weight: 400;\"> kt\u00f3ry utrwala wszystkie rodzaje fryzur, szybko schnie, nie obci\u0105\u017ca w\u0142os\u00f3w.<\/span><\/p>\n<p><b>Podtrzymuje w\u0142osy i dodaje im blasku, <\/b><span style=\"font-weight: 400;\">zapewniaj\u0105c wyj\u0105tkow\u0105 obj\u0119to\u015b\u0107 i utrwalenie niezale\u017cnie od fryzury, a tak\u017ce chroni w\u0142osy przed dzia\u0142aniem czynnik\u00f3w zewn\u0119trznych.<\/span><\/p>\n<p><span style=\"font-weight: 400;\">Dzi\u0119ki nowej<\/span><b> formule Vegan Ok<\/b><span style=\"font-weight: 400;\"> ten lakier pozwoli Ci stworzy\u0107 optymalny, osobisty styl z poszanowaniem etyki.\u00a0<\/span><\/p>\n<p><span style=\"font-weight: 400;\">Do u\u017cytku profesjonalnego<\/span><\/p>\n<p><span style=\"font-weight: 400;\">Pojemno\u015b\u0107 500 ml<\/span><\/p>\n<p><b>Posiada certyfikat VEGANOK, <\/b><span style=\"font-weight: 400;\">produkt<\/span><b> nie zawiera \u017cadnego sk\u0142adnika pochodzenia zwierz\u0119cego i w pe\u0142ni odzwierciedla Wega\u0144skie warto\u015bci etyczne.<\/b><br \/>\n<img loading=\"lazy\" decoding=\"async\" class=\"alignnone size-full wp-image-5185\" src=\"https:\/\/ekre.it\/wp-content\/uploads\/2021\/06\/vegan_3.png\" alt=\"\" width=\"60\" height=\"68\" \/><\/p>\n","protected":false},"featured_media":2186,"template":"","meta":[],"product_brand":[],"product_cat":[903],"product_tag":[],"class_list":{"0":"post-5982","1":"product","2":"type-product","3":"status-publish","4":"has-post-thumbnail","6":"product_cat-styling-finishing-pl","7":"description-off","9":"last","10":"instock","11":"shipping-taxable","12":"product-type-simple"},"yoast_head":"<!-- This site is optimized with the Yoast SEO plugin v26.7 - https:\/\/yoast.com\/wordpress\/plugins\/seo\/ -->\n<title>Elysium - Lakier w sprayu - Ekre - Be Natural<\/title>\n<meta name=\"robots\" content=\"index, follow, max-snippet:-1, max-image-preview:large, max-video-preview:-1\" \/>\n<link rel=\"canonical\" href=\"https:\/\/ekre.it\/pl\/prodotto\/elysium-lakier-w-sprayu\/\" \/>\n<meta property=\"og:locale\" content=\"pl_PL\" \/>\n<meta property=\"og:type\" content=\"article\" \/>\n<meta property=\"og:title\" content=\"Elysium - Lakier w sprayu - Ekre - Be Natural\" \/>\n<meta property=\"og:description\" content=\"Elysium to mocny lakier, kt\u00f3ry utrwala wszystkie rodzaje fryzur, szybko schnie, nie obci\u0105\u017ca w\u0142os\u00f3w.  Podtrzymuje w\u0142osy i dodaje im blasku, zapewniaj\u0105c wyj\u0105tkow\u0105 obj\u0119to\u015b\u0107 i utrwalenie niezale\u017cnie od fryzury, a tak\u017ce chroni w\u0142osy przed dzia\u0142aniem czynnik\u00f3w zewn\u0119trznych.  Dzi\u0119ki nowej formule Vegan Ok ten lakier pozwoli Ci stworzy\u0107 optymalny, osobisty styl z poszanowaniem etyki.\u00a0  Do u\u017cytku profesjonalnego  Pojemno\u015b\u0107 500 ml  Posiada certyfikat VEGANOK, produkt nie zawiera \u017cadnego sk\u0142adnika pochodzenia zwierz\u0119cego i w pe\u0142ni odzwierciedla Wega\u0144skie warto\u015bci etyczne.\" \/>\n<meta property=\"og:url\" content=\"https:\/\/ekre.it\/pl\/prodotto\/elysium-lakier-w-sprayu\/\" \/>\n<meta property=\"og:site_name\" content=\"Ekre - Be Natural\" \/>\n<meta property=\"article:modified_time\" content=\"2024-06-04T07:06:38+00:00\" \/>\n<meta property=\"og:image\" content=\"https:\/\/ekre.it\/wp-content\/uploads\/2024\/05\/43019_ekre_project_elysium_hairspray_instant_fixing_500ml-1-1.png\" \/>\n\t<meta property=\"og:image:width\" content=\"600\" \/>\n\t<meta property=\"og:image:height\" content=\"600\" \/>\n\t<meta property=\"og:image:type\" content=\"image\/png\" \/>\n<meta name=\"twitter:card\" content=\"summary_large_image\" \/>\n<meta name=\"twitter:label1\" content=\"Szacowany czas czytania\" \/>\n\t<meta name=\"twitter:data1\" content=\"1 minuta\" \/>\n<script type=\"application\/ld+json\" class=\"yoast-schema-graph\">{\"@context\":\"https:\/\/schema.org\",\"@graph\":[{\"@type\":\"WebPage\",\"@id\":\"https:\/\/ekre.it\/pl\/prodotto\/elysium-lakier-w-sprayu\/\",\"url\":\"https:\/\/ekre.it\/pl\/prodotto\/elysium-lakier-w-sprayu\/\",\"name\":\"Elysium - Lakier w sprayu - Ekre - Be Natural\",\"isPartOf\":{\"@id\":\"https:\/\/ekre.it\/pl\/#website\"},\"primaryImageOfPage\":{\"@id\":\"https:\/\/ekre.it\/pl\/prodotto\/elysium-lakier-w-sprayu\/#primaryimage\"},\"image\":{\"@id\":\"https:\/\/ekre.it\/pl\/prodotto\/elysium-lakier-w-sprayu\/#primaryimage\"},\"thumbnailUrl\":\"https:\/\/ekre.it\/wp-content\/uploads\/2024\/05\/43019_ekre_project_elysium_hairspray_instant_fixing_500ml-1-1.png\",\"datePublished\":\"2024-05-22T14:40:24+00:00\",\"dateModified\":\"2024-06-04T07:06:38+00:00\",\"breadcrumb\":{\"@id\":\"https:\/\/ekre.it\/pl\/prodotto\/elysium-lakier-w-sprayu\/#breadcrumb\"},\"inLanguage\":\"pl-PL\",\"potentialAction\":[{\"@type\":\"ReadAction\",\"target\":[\"https:\/\/ekre.it\/pl\/prodotto\/elysium-lakier-w-sprayu\/\"]}]},{\"@type\":\"ImageObject\",\"inLanguage\":\"pl-PL\",\"@id\":\"https:\/\/ekre.it\/pl\/prodotto\/elysium-lakier-w-sprayu\/#primaryimage\",\"url\":\"https:\/\/ekre.it\/wp-content\/uploads\/2024\/05\/43019_ekre_project_elysium_hairspray_instant_fixing_500ml-1-1.png\",\"contentUrl\":\"https:\/\/ekre.it\/wp-content\/uploads\/2024\/05\/43019_ekre_project_elysium_hairspray_instant_fixing_500ml-1-1.png\",\"width\":600,\"height\":600},{\"@type\":\"BreadcrumbList\",\"@id\":\"https:\/\/ekre.it\/pl\/prodotto\/elysium-lakier-w-sprayu\/#breadcrumb\",\"itemListElement\":[{\"@type\":\"ListItem\",\"position\":1,\"name\":\"Home\",\"item\":\"https:\/\/ekre.it\/pl\/home\/\"},{\"@type\":\"ListItem\",\"position\":2,\"name\":\"Produkty\",\"item\":\"https:\/\/ekre.it\/pl\/shop\/\"},{\"@type\":\"ListItem\",\"position\":3,\"name\":\"Elysium &#8211; Lakier w sprayu\"}]},{\"@type\":\"WebSite\",\"@id\":\"https:\/\/ekre.it\/pl\/#website\",\"url\":\"https:\/\/ekre.it\/pl\/\",\"name\":\"Ekre - Be Natural\",\"description\":\"\",\"potentialAction\":[{\"@type\":\"SearchAction\",\"target\":{\"@type\":\"EntryPoint\",\"urlTemplate\":\"https:\/\/ekre.it\/pl\/?s={search_term_string}\"},\"query-input\":{\"@type\":\"PropertyValueSpecification\",\"valueRequired\":true,\"valueName\":\"search_term_string\"}}],\"inLanguage\":\"pl-PL\"}]}<\/script>\n<!-- \/ Yoast SEO plugin. -->","yoast_head_json":{"title":"Elysium - Lakier w sprayu - Ekre - Be Natural","robots":{"index":"index","follow":"follow","max-snippet":"max-snippet:-1","max-image-preview":"max-image-preview:large","max-video-preview":"max-video-preview:-1"},"canonical":"https:\/\/ekre.it\/pl\/prodotto\/elysium-lakier-w-sprayu\/","og_locale":"pl_PL","og_type":"article","og_title":"Elysium - Lakier w sprayu - Ekre - Be Natural","og_description":"Elysium to mocny lakier, kt\u00f3ry utrwala wszystkie rodzaje fryzur, szybko schnie, nie obci\u0105\u017ca w\u0142os\u00f3w.  Podtrzymuje w\u0142osy i dodaje im blasku, zapewniaj\u0105c wyj\u0105tkow\u0105 obj\u0119to\u015b\u0107 i utrwalenie niezale\u017cnie od fryzury, a tak\u017ce chroni w\u0142osy przed dzia\u0142aniem czynnik\u00f3w zewn\u0119trznych.  Dzi\u0119ki nowej formule Vegan Ok ten lakier pozwoli Ci stworzy\u0107 optymalny, osobisty styl z poszanowaniem etyki.\u00a0  Do u\u017cytku profesjonalnego  Pojemno\u015b\u0107 500 ml  Posiada certyfikat VEGANOK, produkt nie zawiera \u017cadnego sk\u0142adnika pochodzenia zwierz\u0119cego i w pe\u0142ni odzwierciedla Wega\u0144skie warto\u015bci etyczne.","og_url":"https:\/\/ekre.it\/pl\/prodotto\/elysium-lakier-w-sprayu\/","og_site_name":"Ekre - Be Natural","article_modified_time":"2024-06-04T07:06:38+00:00","og_image":[{"width":600,"height":600,"url":"https:\/\/ekre.it\/wp-content\/uploads\/2024\/05\/43019_ekre_project_elysium_hairspray_instant_fixing_500ml-1-1.png","type":"image\/png"}],"twitter_card":"summary_large_image","twitter_misc":{"Szacowany czas czytania":"1 minuta"},"schema":{"@context":"https:\/\/schema.org","@graph":[{"@type":"WebPage","@id":"https:\/\/ekre.it\/pl\/prodotto\/elysium-lakier-w-sprayu\/","url":"https:\/\/ekre.it\/pl\/prodotto\/elysium-lakier-w-sprayu\/","name":"Elysium - Lakier w sprayu - Ekre - Be Natural","isPartOf":{"@id":"https:\/\/ekre.it\/pl\/#website"},"primaryImageOfPage":{"@id":"https:\/\/ekre.it\/pl\/prodotto\/elysium-lakier-w-sprayu\/#primaryimage"},"image":{"@id":"https:\/\/ekre.it\/pl\/prodotto\/elysium-lakier-w-sprayu\/#primaryimage"},"thumbnailUrl":"https:\/\/ekre.it\/wp-content\/uploads\/2024\/05\/43019_ekre_project_elysium_hairspray_instant_fixing_500ml-1-1.png","datePublished":"2024-05-22T14:40:24+00:00","dateModified":"2024-06-04T07:06:38+00:00","breadcrumb":{"@id":"https:\/\/ekre.it\/pl\/prodotto\/elysium-lakier-w-sprayu\/#breadcrumb"},"inLanguage":"pl-PL","potentialAction":[{"@type":"ReadAction","target":["https:\/\/ekre.it\/pl\/prodotto\/elysium-lakier-w-sprayu\/"]}]},{"@type":"ImageObject","inLanguage":"pl-PL","@id":"https:\/\/ekre.it\/pl\/prodotto\/elysium-lakier-w-sprayu\/#primaryimage","url":"https:\/\/ekre.it\/wp-content\/uploads\/2024\/05\/43019_ekre_project_elysium_hairspray_instant_fixing_500ml-1-1.png","contentUrl":"https:\/\/ekre.it\/wp-content\/uploads\/2024\/05\/43019_ekre_project_elysium_hairspray_instant_fixing_500ml-1-1.png","width":600,"height":600},{"@type":"BreadcrumbList","@id":"https:\/\/ekre.it\/pl\/prodotto\/elysium-lakier-w-sprayu\/#breadcrumb","itemListElement":[{"@type":"ListItem","position":1,"name":"Home","item":"https:\/\/ekre.it\/pl\/home\/"},{"@type":"ListItem","position":2,"name":"Produkty","item":"https:\/\/ekre.it\/pl\/shop\/"},{"@type":"ListItem","position":3,"name":"Elysium &#8211; Lakier w sprayu"}]},{"@type":"WebSite","@id":"https:\/\/ekre.it\/pl\/#website","url":"https:\/\/ekre.it\/pl\/","name":"Ekre - Be Natural","description":"","potentialAction":[{"@type":"SearchAction","target":{"@type":"EntryPoint","urlTemplate":"https:\/\/ekre.it\/pl\/?s={search_term_string}"},"query-input":{"@type":"PropertyValueSpecification","valueRequired":true,"valueName":"search_term_string"}}],"inLanguage":"pl-PL"}]}},"_links":{"self":[{"href":"https:\/\/ekre.it\/pl\/wp-json\/wp\/v2\/product\/5982","targetHints":{"allow":["GET"]}}],"collection":[{"href":"https:\/\/ekre.it\/pl\/wp-json\/wp\/v2\/product"}],"about":[{"href":"https:\/\/ekre.it\/pl\/wp-json\/wp\/v2\/types\/product"}],"wp:featuredmedia":[{"embeddable":true,"href":"https:\/\/ekre.it\/pl\/wp-json\/wp\/v2\/media\/2186"}],"wp:attachment":[{"href":"https:\/\/ekre.it\/pl\/wp-json\/wp\/v2\/media?parent=5982"}],"wp:term":[{"taxonomy":"product_brand","embeddable":true,"href":"https:\/\/ekre.it\/pl\/wp-json\/wp\/v2\/product_brand?post=5982"},{"taxonomy":"product_cat","embeddable":true,"href":"https:\/\/ekre.it\/pl\/wp-json\/wp\/v2\/product_cat?post=5982"},{"taxonomy":"product_tag","embeddable":true,"href":"https:\/\/ekre.it\/pl\/wp-json\/wp\/v2\/product_tag?post=5982"}],"curies":[{"name":"wp","href":"https:\/\/api.w.org\/{rel}","templated":true}]}}