{"id":7586,"date":"2026-03-06T11:43:58","date_gmt":"2026-03-06T10:43:58","guid":{"rendered":"https:\/\/ekre.it\/?post_type=product&#038;p=7586"},"modified":"2026-03-06T12:36:30","modified_gmt":"2026-03-06T11:36:30","slug":"life-gentle-kojacy-szampon","status":"publish","type":"product","link":"https:\/\/ekre.it\/pl\/prodotto\/life-gentle-kojacy-szampon\/","title":{"rendered":"Life.Gentle \u2013 Koj\u0105cy Szampon"},"content":{"rendered":"<div class=\"wpb-content-wrapper\">[vc_row el_class=&#8221;bordo_benefici&#8221;][vc_column][vc_column_text css=&#8221;&#8221;]\n<h2 style=\"text-align: left;\">Zalety<\/h2>\n<ul>\n<li style=\"font-weight: 400;\" aria-level=\"1\"><span style=\"font-weight: 400;\">Delikatnie oczyszcza<\/span><\/li>\n<li style=\"font-weight: 400;\" aria-level=\"1\"><span style=\"font-weight: 400;\">Szanuje naturaln\u0105 r\u00f3wnowag\u0119 sk\u00f3ry g\u0142owy<\/span><\/li>\n<li style=\"font-weight: 400;\" aria-level=\"1\"><span style=\"font-weight: 400;\">Odpowiedni do cz\u0119stego stosowania<\/span><\/li>\n<li style=\"font-weight: 400;\" aria-level=\"1\"><span style=\"font-weight: 400;\">Pomaga zmniejszy\u0107 uczucie podra\u017cnienia<\/span><\/li>\n<li style=\"font-weight: 400;\" aria-level=\"1\"><span style=\"font-weight: 400;\">Odpowiedni r\u00f3wnie\u017c jako wsparcie po zabiegach technicznych<\/span><\/li>\n<\/ul>\n[\/vc_column_text][\/vc_column][\/vc_row][vc_row][vc_column][vc_empty_space height=&#8221;80px&#8221;][\/vc_column][\/vc_row][vc_row][vc_column][vc_column_text css=&#8221;&#8221;]\n<h2 style=\"text-align: center;\">Produkty Powi\u0105zane<\/h2>\n[\/vc_column_text]<style type=\"text\/css\" data-type=\"the7_shortcodes-inline-css\">.products-carousel-shortcode.products-carousel-shortcode-id-8c3e62a8bfe5d232c94fa5acbf743c78.owl-carousel .owl-nav div {\n  width: 36px;\n  height: 36px;\n  border-radius: 500px;\n}\n.dt-arrow-border-on.products-carousel-shortcode.products-carousel-shortcode-id-8c3e62a8bfe5d232c94fa5acbf743c78.owl-carousel .owl-nav div:not(:hover):before {\n  border-width: 0px;\n}\n.dt-arrow-hover-border-on.products-carousel-shortcode.products-carousel-shortcode-id-8c3e62a8bfe5d232c94fa5acbf743c78.owl-carousel .owl-nav div:hover:after {\n  border-width: 0px;\n}\n.products-carousel-shortcode.products-carousel-shortcode-id-8c3e62a8bfe5d232c94fa5acbf743c78.owl-carousel .owl-nav div.owl-prev {\n  top: 50%;\n  transform: translateY(calc(-50% + 0px));\n  left: -43px;\n}\n@media all and (-ms-high-contrast: none) {\n  .products-carousel-shortcode.products-carousel-shortcode-id-8c3e62a8bfe5d232c94fa5acbf743c78.owl-carousel .owl-nav div.owl-prev {\n    transform: translateY(-50%);\n    margin-top: 0px;\n  }\n}\n.products-carousel-shortcode.products-carousel-shortcode-id-8c3e62a8bfe5d232c94fa5acbf743c78.owl-carousel .owl-nav div.owl-prev i {\n  padding: 0px 0px 0px 0px;\n}\n.products-carousel-shortcode.products-carousel-shortcode-id-8c3e62a8bfe5d232c94fa5acbf743c78.owl-carousel .owl-nav div.owl-next {\n  top: 50%;\n  transform: translateY(calc(-50% + 0px));\n  right: -43px;\n}\n@media all and (-ms-high-contrast: none) {\n  .products-carousel-shortcode.products-carousel-shortcode-id-8c3e62a8bfe5d232c94fa5acbf743c78.owl-carousel .owl-nav div.owl-next {\n    transform: translateY(-50%);\n    margin-top: 0px;\n  }\n}\n.products-carousel-shortcode.products-carousel-shortcode-id-8c3e62a8bfe5d232c94fa5acbf743c78.owl-carousel .owl-nav div.owl-next i {\n  padding: 0px 0px 0px 0px;\n}\n.products-carousel-shortcode.products-carousel-shortcode-id-8c3e62a8bfe5d232c94fa5acbf743c78.owl-carousel .owl-nav i {\n  font-size: 18px;\n}\n.products-carousel-shortcode.products-carousel-shortcode-id-8c3e62a8bfe5d232c94fa5acbf743c78.owl-carousel .owl-nav div:not(:hover) i,\n.products-carousel-shortcode.products-carousel-shortcode-id-8c3e62a8bfe5d232c94fa5acbf743c78.owl-carousel .owl-nav div:not(:hover) i:before {\n  color: #ffffff;\n  background: none;\n}\n.products-carousel-shortcode.products-carousel-shortcode-id-8c3e62a8bfe5d232c94fa5acbf743c78.owl-carousel .owl-nav div:hover i,\n.products-carousel-shortcode.products-carousel-shortcode-id-8c3e62a8bfe5d232c94fa5acbf743c78.owl-carousel .owl-nav div:hover i:before {\n  color: rgba(255,255,255,0.75);\n  background: none;\n}\n.products-carousel-shortcode.products-carousel-shortcode-id-8c3e62a8bfe5d232c94fa5acbf743c78 .owl-dots {\n  top: calc(100% + 20px);\n  left: 50%;\n  transform: translateX(calc(-50% + 0px));\n}\n@media all and (-ms-high-contrast: none) {\n  .products-carousel-shortcode.products-carousel-shortcode-id-8c3e62a8bfe5d232c94fa5acbf743c78 .owl-dots {\n    transform: translateX(-50%);\n    margin-left: 0px;\n  }\n}\n.products-carousel-shortcode.products-carousel-shortcode-id-8c3e62a8bfe5d232c94fa5acbf743c78 .owl-dot {\n  width: 10px;\n  height: 10px;\n  margin: 0 8px;\n}\n.bullets-scale-up.products-carousel-shortcode.products-carousel-shortcode-id-8c3e62a8bfe5d232c94fa5acbf743c78 .owl-dot:not(.active):not(:hover) span {\n  background: #dbd6cc;\n}\n.bullets-scale-up.products-carousel-shortcode.products-carousel-shortcode-id-8c3e62a8bfe5d232c94fa5acbf743c78 .owl-dot:not(.active):hover span,\n.bullets-scale-up.products-carousel-shortcode.products-carousel-shortcode-id-8c3e62a8bfe5d232c94fa5acbf743c78 .owl-dot.active span {\n  background: #8d847a;\n}\n.bullets-stroke.products-carousel-shortcode.products-carousel-shortcode-id-8c3e62a8bfe5d232c94fa5acbf743c78 .owl-dot:not(.active):not(:hover) span {\n  background: #dbd6cc;\n}\n.bullets-stroke.products-carousel-shortcode.products-carousel-shortcode-id-8c3e62a8bfe5d232c94fa5acbf743c78 .owl-dot:not(.active):hover span {\n  background: #8d847a;\n}\n.bullets-stroke.products-carousel-shortcode.products-carousel-shortcode-id-8c3e62a8bfe5d232c94fa5acbf743c78 .owl-dot.active span {\n  box-shadow: 0 0 0 2px #8d847a;\n}\n.bullets-fill-in.products-carousel-shortcode.products-carousel-shortcode-id-8c3e62a8bfe5d232c94fa5acbf743c78 .owl-dot:not(.active):not(:hover) span {\n  box-shadow: inset 0 0 0 2px #dbd6cc;\n}\n.bullets-fill-in.products-carousel-shortcode.products-carousel-shortcode-id-8c3e62a8bfe5d232c94fa5acbf743c78 .owl-dot:not(.active):hover span {\n  box-shadow: inset 0 0 0 2px #8d847a;\n}\n.bullets-fill-in.products-carousel-shortcode.products-carousel-shortcode-id-8c3e62a8bfe5d232c94fa5acbf743c78 .owl-dot.active span {\n  box-shadow: inset 0 0 0 20px #8d847a;\n}\n.bullets-small-dot-stroke.products-carousel-shortcode.products-carousel-shortcode-id-8c3e62a8bfe5d232c94fa5acbf743c78 .owl-dot:not(.active):not(:hover) span {\n  background: #dbd6cc;\n}\n.bullets-small-dot-stroke.products-carousel-shortcode.products-carousel-shortcode-id-8c3e62a8bfe5d232c94fa5acbf743c78 .owl-dot:not(.active):hover span,\n.bullets-small-dot-stroke.products-carousel-shortcode.products-carousel-shortcode-id-8c3e62a8bfe5d232c94fa5acbf743c78 .owl-dot.active span {\n  background: #8d847a;\n}\n.bullets-small-dot-stroke.products-carousel-shortcode.products-carousel-shortcode-id-8c3e62a8bfe5d232c94fa5acbf743c78 .owl-dot.active {\n  box-shadow: 0 0 0 2px #8d847a;\n}\n.bullets-ubax.products-carousel-shortcode.products-carousel-shortcode-id-8c3e62a8bfe5d232c94fa5acbf743c78 .owl-dot span {\n  background: #dbd6cc;\n}\n.bullets-ubax.products-carousel-shortcode.products-carousel-shortcode-id-8c3e62a8bfe5d232c94fa5acbf743c78 .owl-dot.active span {\n  border-color: #8d847a;\n}\n.bullets-ubax.products-carousel-shortcode.products-carousel-shortcode-id-8c3e62a8bfe5d232c94fa5acbf743c78 .owl-dot:not(.active):hover span {\n  background: #8d847a;\n}\n.bullets-etefu.products-carousel-shortcode.products-carousel-shortcode-id-8c3e62a8bfe5d232c94fa5acbf743c78 .owl-dot span {\n  background: #dbd6cc;\n}\n.bullets-etefu.products-carousel-shortcode.products-carousel-shortcode-id-8c3e62a8bfe5d232c94fa5acbf743c78 .owl-dot:not(.active):hover span {\n  background: #8d847a;\n}\n.bullets-etefu.products-carousel-shortcode.products-carousel-shortcode-id-8c3e62a8bfe5d232c94fa5acbf743c78 .owl-dot span:before {\n  background: #8d847a;\n}\n.accent-gradient .bullets-etefu.products-carousel-shortcode.products-carousel-shortcode-id-8c3e62a8bfe5d232c94fa5acbf743c78 .owl-dot span:before {\n  background: #8d847a;\n}\n@media screen and (max-width: 778px) {\n  .products-carousel-shortcode.products-carousel-shortcode-id-8c3e62a8bfe5d232c94fa5acbf743c78.hide-arrows .owl-nav a {\n    display: none;\n  }\n}\n@media screen and (max-width: 778px) {\n  .products-carousel-shortcode.products-carousel-shortcode-id-8c3e62a8bfe5d232c94fa5acbf743c78.reposition-arrows .owl-nav div.owl-prev {\n    top: 50%;\n    transform: translateY(calc(-50% + 0px));\n    left: 10px;\n  }\n  .products-carousel-shortcode.products-carousel-shortcode-id-8c3e62a8bfe5d232c94fa5acbf743c78.reposition-arrows .owl-nav div.owl-next {\n    top: 50%;\n    transform: translateY(calc(-50% + 0px));\n    right: 10px;\n  }\n}\n@media screen and (max-width: 778px) and all and (-ms-high-contrast: none) {\n  .products-carousel-shortcode.products-carousel-shortcode-id-8c3e62a8bfe5d232c94fa5acbf743c78.reposition-arrows .owl-nav div.owl-prev {\n    transform: translateY(-50%);\n    margin-top: 0px;\n  }\n}\n@media screen and (max-width: 778px) and all and (-ms-high-contrast: none) {\n  .products-carousel-shortcode.products-carousel-shortcode-id-8c3e62a8bfe5d232c94fa5acbf743c78.reposition-arrows .owl-nav div.owl-next {\n    transform: translateY(-50%);\n    margin-top: 0px;\n  }\n}<\/style><div class=\"owl-carousel products-carousel-shortcode dt-owl-carousel-call products-carousel-shortcode-id-8c3e62a8bfe5d232c94fa5acbf743c78 cart-btn-below-img bullets-ubax reposition-arrows arrows-bg-on dt-arrow-border-on dt-arrow-hover-border-on disable-arrows-hover-bg arrows-hover-bg-on  wc-img-hover hide-description hide-rating bordo_prodotti_correlati\" data-scroll-mode=\"1\" data-wide-col-num=\"4\" data-col-num=\"3\" data-laptop-col=\"3\" data-h-tablet-columns-num=\"3\" data-v-tablet-columns-num=\"2\" data-phone-columns-num=\"1\" data-auto-height=\"true\" data-col-gap=\"30\" data-stage-padding=\"0\" data-speed=\"600\" data-autoplay=\"false\" data-autoplay_speed=\"6000\" data-arrows=\"false\" data-bullet=\"true\" data-next-icon=\"icon-ar-017-r\" data-prev-icon=\"icon-ar-017-l\"><article class=\"post post-7606 product type-product status-publish has-post-thumbnail product_cat-kuracje product_cat-life-gentle-kuracja-do-skory-glowy-wrazliwej description-off first instock featured shipping-taxable product-type-simple\" ><figure class=\"woocom-project\">\n\t<div class=\"woo-buttons-on-img\">\n\n\t\t<a href=\"https:\/\/ekre.it\/pl\/prodotto\/life-gentle-kojacy-spray\/\" class=\"alignnone layzr-bg\"><img loading=\"lazy\" decoding=\"async\" width=\"300\" height=\"300\" src=\"data:image\/svg+xml;charset=utf-8,%3Csvg xmlns%3D&#039;http%3A%2F%2Fwww.w3.org%2F2000%2Fsvg&#039; viewBox%3D&#039;0 0 300 300&#039;%2F%3E\" class=\"attachment-woocommerce_thumbnail size-woocommerce_thumbnail owl-lazy-load preload-me\" alt=\"Life.Gentle \u2013 Koj\u0105cy Spray\" data-src=\"https:\/\/ekre.it\/wp-content\/uploads\/2026\/02\/42088_ekre_life_gentle_spray_150ml-300x300.png\" data-srcset=\"https:\/\/ekre.it\/wp-content\/uploads\/2026\/02\/42088_ekre_life_gentle_spray_150ml-300x300.png 300w, https:\/\/ekre.it\/wp-content\/uploads\/2026\/02\/42088_ekre_life_gentle_spray_150ml-150x150.png 150w, https:\/\/ekre.it\/wp-content\/uploads\/2026\/02\/42088_ekre_life_gentle_spray_150ml-768x768.png 768w, https:\/\/ekre.it\/wp-content\/uploads\/2026\/02\/42088_ekre_life_gentle_spray_150ml-600x600.png 600w, https:\/\/ekre.it\/wp-content\/uploads\/2026\/02\/42088_ekre_life_gentle_spray_150ml-200x200.png 200w, https:\/\/ekre.it\/wp-content\/uploads\/2026\/02\/42088_ekre_life_gentle_spray_150ml.png 800w\" \/><\/a>\n\t<\/div>\n\t<figcaption class=\"woocom-list-content\">\n\n\t\t<div class=\"woo-buttons\"><a href=\"https:\/\/ekre.it\/pl\/prodotto\/life-gentle-kojacy-spray\/\" aria-describedby=\"woocommerce_loop_add_to_cart_link_describedby_7606\" data-quantity=\"1\" class=\"product_type_simple ajax_add_to_cart\" data-product_id=\"7606\" data-product_sku=\"\" aria-label=\"Przeczytaj wi\u0119cej o &bdquo;Life.Gentle \u2013 Koj\u0105cy Spray&rdquo;\" rel=\"nofollow\" data-success_message=\"\">Dowiedz si\u0119 wi\u0119cej<\/a>\t<span id=\"woocommerce_loop_add_to_cart_link_describedby_7606\" class=\"screen-reader-text\">\n\t\t\t<\/span>\n<\/div>\n\t<\/figcaption>\n<\/figure>\n<\/article><article class=\"post post-7596 product type-product status-publish has-post-thumbnail product_cat-kuracje product_cat-life-gentle-kuracja-do-skory-glowy-wrazliwej description-off  instock featured shipping-taxable product-type-simple\" ><figure class=\"woocom-project\">\n\t<div class=\"woo-buttons-on-img\">\n\n\t\t<a href=\"https:\/\/ekre.it\/pl\/prodotto\/life-gentle-nawilzajaca-odzywka-w-kremie\/\" class=\"alignnone layzr-bg\"><img loading=\"lazy\" decoding=\"async\" width=\"300\" height=\"300\" src=\"data:image\/svg+xml;charset=utf-8,%3Csvg xmlns%3D&#039;http%3A%2F%2Fwww.w3.org%2F2000%2Fsvg&#039; viewBox%3D&#039;0 0 300 300&#039;%2F%3E\" class=\"attachment-woocommerce_thumbnail size-woocommerce_thumbnail owl-lazy-load preload-me\" alt=\"Life.Gentle \u2013 Nawil\u017caj\u0105ca Od\u017cywka w Kremie\" data-src=\"https:\/\/ekre.it\/wp-content\/uploads\/2026\/02\/42051_ekre_life_gentle_conditioner_500ml-300x300.png\" data-srcset=\"https:\/\/ekre.it\/wp-content\/uploads\/2026\/02\/42051_ekre_life_gentle_conditioner_500ml-300x300.png 300w, https:\/\/ekre.it\/wp-content\/uploads\/2026\/02\/42051_ekre_life_gentle_conditioner_500ml-150x150.png 150w, https:\/\/ekre.it\/wp-content\/uploads\/2026\/02\/42051_ekre_life_gentle_conditioner_500ml-768x768.png 768w, https:\/\/ekre.it\/wp-content\/uploads\/2026\/02\/42051_ekre_life_gentle_conditioner_500ml-600x600.png 600w, https:\/\/ekre.it\/wp-content\/uploads\/2026\/02\/42051_ekre_life_gentle_conditioner_500ml-200x200.png 200w, https:\/\/ekre.it\/wp-content\/uploads\/2026\/02\/42051_ekre_life_gentle_conditioner_500ml.png 800w\" \/><\/a>\n\t<\/div>\n\t<figcaption class=\"woocom-list-content\">\n\n\t\t<div class=\"woo-buttons\"><a href=\"https:\/\/ekre.it\/pl\/prodotto\/life-gentle-nawilzajaca-odzywka-w-kremie\/\" aria-describedby=\"woocommerce_loop_add_to_cart_link_describedby_7596\" data-quantity=\"1\" class=\"product_type_simple ajax_add_to_cart\" data-product_id=\"7596\" data-product_sku=\"\" aria-label=\"Przeczytaj wi\u0119cej o &bdquo;Life.Gentle \u2013 Nawil\u017caj\u0105ca Od\u017cywka w Kremie&rdquo;\" rel=\"nofollow\" data-success_message=\"\">Dowiedz si\u0119 wi\u0119cej<\/a>\t<span id=\"woocommerce_loop_add_to_cart_link_describedby_7596\" class=\"screen-reader-text\">\n\t\t\t<\/span>\n<\/div>\n\t<\/figcaption>\n<\/figure>\n<\/article><article class=\"post post-7579 product type-product status-publish has-post-thumbnail product_cat-kuracje product_cat-life-gentle-kuracja-do-skory-glowy-wrazliwej description-off  instock featured shipping-taxable product-type-simple\" ><figure class=\"woocom-project\">\n\t<div class=\"woo-buttons-on-img\">\n\n\t\t<a href=\"https:\/\/ekre.it\/pl\/prodotto\/life-gentle-kojaca-maska-pre-shampoo\/\" class=\"alignnone layzr-bg\"><img loading=\"lazy\" decoding=\"async\" width=\"300\" height=\"300\" src=\"data:image\/svg+xml;charset=utf-8,%3Csvg xmlns%3D&#039;http%3A%2F%2Fwww.w3.org%2F2000%2Fsvg&#039; viewBox%3D&#039;0 0 300 300&#039;%2F%3E\" class=\"attachment-woocommerce_thumbnail size-woocommerce_thumbnail owl-lazy-load preload-me\" alt=\"Life.Gentle \u2013 Koj\u0105ca Maska Pre-Shampoo\" data-src=\"https:\/\/ekre.it\/wp-content\/uploads\/2026\/02\/42089_ekre_life_gentle_mask_150ml-300x300.png\" data-srcset=\"https:\/\/ekre.it\/wp-content\/uploads\/2026\/02\/42089_ekre_life_gentle_mask_150ml-300x300.png 300w, https:\/\/ekre.it\/wp-content\/uploads\/2026\/02\/42089_ekre_life_gentle_mask_150ml-150x150.png 150w, https:\/\/ekre.it\/wp-content\/uploads\/2026\/02\/42089_ekre_life_gentle_mask_150ml-768x768.png 768w, https:\/\/ekre.it\/wp-content\/uploads\/2026\/02\/42089_ekre_life_gentle_mask_150ml-600x600.png 600w, https:\/\/ekre.it\/wp-content\/uploads\/2026\/02\/42089_ekre_life_gentle_mask_150ml-200x200.png 200w, https:\/\/ekre.it\/wp-content\/uploads\/2026\/02\/42089_ekre_life_gentle_mask_150ml.png 800w\" \/><\/a>\n\t<\/div>\n\t<figcaption class=\"woocom-list-content\">\n\n\t\t<div class=\"woo-buttons\"><a href=\"https:\/\/ekre.it\/pl\/prodotto\/life-gentle-kojaca-maska-pre-shampoo\/\" aria-describedby=\"woocommerce_loop_add_to_cart_link_describedby_7579\" data-quantity=\"1\" class=\"product_type_simple ajax_add_to_cart\" data-product_id=\"7579\" data-product_sku=\"\" aria-label=\"Przeczytaj wi\u0119cej o &bdquo;Life.Gentle \u2013 Koj\u0105ca Maska Pre-Shampoo&rdquo;\" rel=\"nofollow\" data-success_message=\"\">Dowiedz si\u0119 wi\u0119cej<\/a>\t<span id=\"woocommerce_loop_add_to_cart_link_describedby_7579\" class=\"screen-reader-text\">\n\t\t\t<\/span>\n<\/div>\n\t<\/figcaption>\n<\/figure>\n<\/article><\/div>[\/vc_column][\/vc_row]\n<\/div>","protected":false},"excerpt":{"rendered":"<p><span style=\"font-weight: 400;\">Koj\u0105cy Szampon Life.Gentle zosta\u0142 opracowany, aby zapewni\u0107 delikatne, a jednocze\u015bnie skuteczne oczyszczanie, z poszanowaniem wra\u017cliwej sk\u00f3ry g\u0142owy. Zawarto\u015b\u0107 rumianku oraz ekstraktu z nasion selera, znanych ze swoich w\u0142a\u015bciwo\u015bci \u0142agodz\u0105cych i r\u00f3wnowa\u017c\u0105cych, pomaga utrzyma\u0107 r\u00f3wnowag\u0119 sk\u00f3ry g\u0142owy podczas mycia.<\/span><\/p>\n<p><span style=\"font-weight: 400;\">1000 ml<\/span><\/p>\n<p>&nbsp;<\/p>\n<p><b>Posiada certyfikat VEGANOK, produkt nie zawiera \u017cadnego sk\u0142adnika pochodzenia zwierz\u0119cego i w pe\u0142ni odzwierciedla Wega\u0144skie warto\u015bci etyczne.<\/b><\/p>\n<p><img loading=\"lazy\" decoding=\"async\" class=\"alignnone size-full wp-image-5185\" src=\"https:\/\/ekre.it\/wp-content\/uploads\/2021\/06\/vegan_3.png\" alt=\"\" width=\"60\" height=\"68\" \/><\/p>\n","protected":false},"featured_media":7558,"template":"","meta":[],"product_brand":[],"product_cat":[923,1010],"product_tag":[],"class_list":{"0":"post-7586","1":"product","2":"type-product","3":"status-publish","4":"has-post-thumbnail","6":"product_cat-kuracje","7":"product_cat-life-gentle-kuracja-do-skory-glowy-wrazliwej","8":"description-off","10":"last","11":"instock","12":"featured","13":"shipping-taxable","14":"product-type-simple"},"yoast_head":"<!-- This site is optimized with the Yoast SEO plugin v26.7 - https:\/\/yoast.com\/wordpress\/plugins\/seo\/ -->\n<title>Life.Gentle \u2013 Koj\u0105cy Szampon - Ekre - Be Natural<\/title>\n<meta name=\"robots\" content=\"index, follow, max-snippet:-1, max-image-preview:large, max-video-preview:-1\" \/>\n<link rel=\"canonical\" href=\"https:\/\/ekre.it\/pl\/prodotto\/life-gentle-kojacy-szampon\/\" \/>\n<meta property=\"og:locale\" content=\"pl_PL\" \/>\n<meta property=\"og:type\" content=\"article\" \/>\n<meta property=\"og:title\" content=\"Life.Gentle \u2013 Koj\u0105cy Szampon - Ekre - Be Natural\" \/>\n<meta property=\"og:description\" content=\"Koj\u0105cy Szampon Life.Gentle zosta\u0142 opracowany, aby zapewni\u0107 delikatne, a jednocze\u015bnie skuteczne oczyszczanie, z poszanowaniem wra\u017cliwej sk\u00f3ry g\u0142owy. Zawarto\u015b\u0107 rumianku oraz ekstraktu z nasion selera, znanych ze swoich w\u0142a\u015bciwo\u015bci \u0142agodz\u0105cych i r\u00f3wnowa\u017c\u0105cych, pomaga utrzyma\u0107 r\u00f3wnowag\u0119 sk\u00f3ry g\u0142owy podczas mycia.  1000 ml  &nbsp;  Posiada certyfikat VEGANOK, produkt nie zawiera \u017cadnego sk\u0142adnika pochodzenia zwierz\u0119cego i w pe\u0142ni odzwierciedla Wega\u0144skie warto\u015bci etyczne.\" \/>\n<meta property=\"og:url\" content=\"https:\/\/ekre.it\/pl\/prodotto\/life-gentle-kojacy-szampon\/\" \/>\n<meta property=\"og:site_name\" content=\"Ekre - Be Natural\" \/>\n<meta property=\"article:modified_time\" content=\"2026-03-06T11:36:30+00:00\" \/>\n<meta property=\"og:image\" content=\"https:\/\/ekre.it\/wp-content\/uploads\/2026\/02\/42084_ekre_life_gentle_shampoo_1000ml.png\" \/>\n\t<meta property=\"og:image:width\" content=\"800\" \/>\n\t<meta property=\"og:image:height\" content=\"800\" \/>\n\t<meta property=\"og:image:type\" content=\"image\/png\" \/>\n<meta name=\"twitter:card\" content=\"summary_large_image\" \/>\n<meta name=\"twitter:label1\" content=\"Szacowany czas czytania\" \/>\n\t<meta name=\"twitter:data1\" content=\"1 minuta\" \/>\n<script type=\"application\/ld+json\" class=\"yoast-schema-graph\">{\"@context\":\"https:\/\/schema.org\",\"@graph\":[{\"@type\":\"WebPage\",\"@id\":\"https:\/\/ekre.it\/pl\/prodotto\/life-gentle-kojacy-szampon\/\",\"url\":\"https:\/\/ekre.it\/pl\/prodotto\/life-gentle-kojacy-szampon\/\",\"name\":\"Life.Gentle \u2013 Koj\u0105cy Szampon - Ekre - Be Natural\",\"isPartOf\":{\"@id\":\"https:\/\/ekre.it\/pl\/#website\"},\"primaryImageOfPage\":{\"@id\":\"https:\/\/ekre.it\/pl\/prodotto\/life-gentle-kojacy-szampon\/#primaryimage\"},\"image\":{\"@id\":\"https:\/\/ekre.it\/pl\/prodotto\/life-gentle-kojacy-szampon\/#primaryimage\"},\"thumbnailUrl\":\"https:\/\/ekre.it\/wp-content\/uploads\/2026\/02\/42084_ekre_life_gentle_shampoo_1000ml.png\",\"datePublished\":\"2026-03-06T10:43:58+00:00\",\"dateModified\":\"2026-03-06T11:36:30+00:00\",\"breadcrumb\":{\"@id\":\"https:\/\/ekre.it\/pl\/prodotto\/life-gentle-kojacy-szampon\/#breadcrumb\"},\"inLanguage\":\"pl-PL\",\"potentialAction\":[{\"@type\":\"ReadAction\",\"target\":[\"https:\/\/ekre.it\/pl\/prodotto\/life-gentle-kojacy-szampon\/\"]}]},{\"@type\":\"ImageObject\",\"inLanguage\":\"pl-PL\",\"@id\":\"https:\/\/ekre.it\/pl\/prodotto\/life-gentle-kojacy-szampon\/#primaryimage\",\"url\":\"https:\/\/ekre.it\/wp-content\/uploads\/2026\/02\/42084_ekre_life_gentle_shampoo_1000ml.png\",\"contentUrl\":\"https:\/\/ekre.it\/wp-content\/uploads\/2026\/02\/42084_ekre_life_gentle_shampoo_1000ml.png\",\"width\":800,\"height\":800},{\"@type\":\"BreadcrumbList\",\"@id\":\"https:\/\/ekre.it\/pl\/prodotto\/life-gentle-kojacy-szampon\/#breadcrumb\",\"itemListElement\":[{\"@type\":\"ListItem\",\"position\":1,\"name\":\"Home\",\"item\":\"https:\/\/ekre.it\/pl\/home\/\"},{\"@type\":\"ListItem\",\"position\":2,\"name\":\"Produkty\",\"item\":\"https:\/\/ekre.it\/pl\/shop\/\"},{\"@type\":\"ListItem\",\"position\":3,\"name\":\"Life.Gentle \u2013 Koj\u0105cy Szampon\"}]},{\"@type\":\"WebSite\",\"@id\":\"https:\/\/ekre.it\/pl\/#website\",\"url\":\"https:\/\/ekre.it\/pl\/\",\"name\":\"Ekre - Be Natural\",\"description\":\"\",\"potentialAction\":[{\"@type\":\"SearchAction\",\"target\":{\"@type\":\"EntryPoint\",\"urlTemplate\":\"https:\/\/ekre.it\/pl\/?s={search_term_string}\"},\"query-input\":{\"@type\":\"PropertyValueSpecification\",\"valueRequired\":true,\"valueName\":\"search_term_string\"}}],\"inLanguage\":\"pl-PL\"}]}<\/script>\n<!-- \/ Yoast SEO plugin. -->","yoast_head_json":{"title":"Life.Gentle \u2013 Koj\u0105cy Szampon - Ekre - Be Natural","robots":{"index":"index","follow":"follow","max-snippet":"max-snippet:-1","max-image-preview":"max-image-preview:large","max-video-preview":"max-video-preview:-1"},"canonical":"https:\/\/ekre.it\/pl\/prodotto\/life-gentle-kojacy-szampon\/","og_locale":"pl_PL","og_type":"article","og_title":"Life.Gentle \u2013 Koj\u0105cy Szampon - Ekre - Be Natural","og_description":"Koj\u0105cy Szampon Life.Gentle zosta\u0142 opracowany, aby zapewni\u0107 delikatne, a jednocze\u015bnie skuteczne oczyszczanie, z poszanowaniem wra\u017cliwej sk\u00f3ry g\u0142owy. Zawarto\u015b\u0107 rumianku oraz ekstraktu z nasion selera, znanych ze swoich w\u0142a\u015bciwo\u015bci \u0142agodz\u0105cych i r\u00f3wnowa\u017c\u0105cych, pomaga utrzyma\u0107 r\u00f3wnowag\u0119 sk\u00f3ry g\u0142owy podczas mycia.  1000 ml  &nbsp;  Posiada certyfikat VEGANOK, produkt nie zawiera \u017cadnego sk\u0142adnika pochodzenia zwierz\u0119cego i w pe\u0142ni odzwierciedla Wega\u0144skie warto\u015bci etyczne.","og_url":"https:\/\/ekre.it\/pl\/prodotto\/life-gentle-kojacy-szampon\/","og_site_name":"Ekre - Be Natural","article_modified_time":"2026-03-06T11:36:30+00:00","og_image":[{"width":800,"height":800,"url":"https:\/\/ekre.it\/wp-content\/uploads\/2026\/02\/42084_ekre_life_gentle_shampoo_1000ml.png","type":"image\/png"}],"twitter_card":"summary_large_image","twitter_misc":{"Szacowany czas czytania":"1 minuta"},"schema":{"@context":"https:\/\/schema.org","@graph":[{"@type":"WebPage","@id":"https:\/\/ekre.it\/pl\/prodotto\/life-gentle-kojacy-szampon\/","url":"https:\/\/ekre.it\/pl\/prodotto\/life-gentle-kojacy-szampon\/","name":"Life.Gentle \u2013 Koj\u0105cy Szampon - Ekre - Be Natural","isPartOf":{"@id":"https:\/\/ekre.it\/pl\/#website"},"primaryImageOfPage":{"@id":"https:\/\/ekre.it\/pl\/prodotto\/life-gentle-kojacy-szampon\/#primaryimage"},"image":{"@id":"https:\/\/ekre.it\/pl\/prodotto\/life-gentle-kojacy-szampon\/#primaryimage"},"thumbnailUrl":"https:\/\/ekre.it\/wp-content\/uploads\/2026\/02\/42084_ekre_life_gentle_shampoo_1000ml.png","datePublished":"2026-03-06T10:43:58+00:00","dateModified":"2026-03-06T11:36:30+00:00","breadcrumb":{"@id":"https:\/\/ekre.it\/pl\/prodotto\/life-gentle-kojacy-szampon\/#breadcrumb"},"inLanguage":"pl-PL","potentialAction":[{"@type":"ReadAction","target":["https:\/\/ekre.it\/pl\/prodotto\/life-gentle-kojacy-szampon\/"]}]},{"@type":"ImageObject","inLanguage":"pl-PL","@id":"https:\/\/ekre.it\/pl\/prodotto\/life-gentle-kojacy-szampon\/#primaryimage","url":"https:\/\/ekre.it\/wp-content\/uploads\/2026\/02\/42084_ekre_life_gentle_shampoo_1000ml.png","contentUrl":"https:\/\/ekre.it\/wp-content\/uploads\/2026\/02\/42084_ekre_life_gentle_shampoo_1000ml.png","width":800,"height":800},{"@type":"BreadcrumbList","@id":"https:\/\/ekre.it\/pl\/prodotto\/life-gentle-kojacy-szampon\/#breadcrumb","itemListElement":[{"@type":"ListItem","position":1,"name":"Home","item":"https:\/\/ekre.it\/pl\/home\/"},{"@type":"ListItem","position":2,"name":"Produkty","item":"https:\/\/ekre.it\/pl\/shop\/"},{"@type":"ListItem","position":3,"name":"Life.Gentle \u2013 Koj\u0105cy Szampon"}]},{"@type":"WebSite","@id":"https:\/\/ekre.it\/pl\/#website","url":"https:\/\/ekre.it\/pl\/","name":"Ekre - Be Natural","description":"","potentialAction":[{"@type":"SearchAction","target":{"@type":"EntryPoint","urlTemplate":"https:\/\/ekre.it\/pl\/?s={search_term_string}"},"query-input":{"@type":"PropertyValueSpecification","valueRequired":true,"valueName":"search_term_string"}}],"inLanguage":"pl-PL"}]}},"_links":{"self":[{"href":"https:\/\/ekre.it\/pl\/wp-json\/wp\/v2\/product\/7586","targetHints":{"allow":["GET"]}}],"collection":[{"href":"https:\/\/ekre.it\/pl\/wp-json\/wp\/v2\/product"}],"about":[{"href":"https:\/\/ekre.it\/pl\/wp-json\/wp\/v2\/types\/product"}],"wp:featuredmedia":[{"embeddable":true,"href":"https:\/\/ekre.it\/pl\/wp-json\/wp\/v2\/media\/7558"}],"wp:attachment":[{"href":"https:\/\/ekre.it\/pl\/wp-json\/wp\/v2\/media?parent=7586"}],"wp:term":[{"taxonomy":"product_brand","embeddable":true,"href":"https:\/\/ekre.it\/pl\/wp-json\/wp\/v2\/product_brand?post=7586"},{"taxonomy":"product_cat","embeddable":true,"href":"https:\/\/ekre.it\/pl\/wp-json\/wp\/v2\/product_cat?post=7586"},{"taxonomy":"product_tag","embeddable":true,"href":"https:\/\/ekre.it\/pl\/wp-json\/wp\/v2\/product_tag?post=7586"}],"curies":[{"name":"wp","href":"https:\/\/api.w.org\/{rel}","templated":true}]}}