{"id":6040,"date":"2024-05-09T10:28:22","date_gmt":"2024-05-09T08:28:22","guid":{"rendered":"https:\/\/ekre.it\/contatti\/"},"modified":"2026-04-09T15:59:02","modified_gmt":"2026-04-09T13:59:02","slug":"contacts","status":"publish","type":"page","link":"https:\/\/ekre.it\/pt-pt\/contacts\/","title":{"rendered":"Contacts"},"content":{"rendered":"<div class=\"wpb-content-wrapper\">[vc_row][vc_column]\n\t\t\t<!-- START Contatti REVOLUTION SLIDER 6.7.38 --><p class=\"rs-p-wp-fix\"><\/p>\n\t\t\t<rs-module-wrap id=\"rev_slider_7_1_wrapper\" data-source=\"gallery\" style=\"visibility:hidden;background:transparent;padding:0;margin:0px auto;margin-top:0;margin-bottom:0;\">\n\t\t\t\t<rs-module id=\"rev_slider_7_1\" style=\"\" data-version=\"6.7.38\">\n\t\t\t\t\t<rs-slides style=\"overflow: hidden; position: absolute;\">\n\t\t\t\t\t\t<rs-slide style=\"position: absolute;\" data-key=\"rs-27\" data-title=\"Slide\" data-in=\"o:0;\" data-out=\"a:false;\">\n\t\t\t\t\t\t\t<img decoding=\"async\" src=\"\/\/ekre.it\/wp-content\/plugins\/revslider\/sr6\/assets\/assets\/dummy.png\" alt=\"Slide\" title=\"img_hero_be_natural\" width=\"2560\" height=\"590\" class=\"rev-slidebg tp-rs-img rs-lazyload\" data-lazyload=\"\/\/ekre.it\/wp-content\/plugins\/revslider\/sr6\/assets\/assets\/transparent.png\" data-bg=\"c:#dbd6cc;\" data-no-retina>\n<!--\n\t\t\t\t\t\t\t--><rs-layer\n\t\t\t\t\t\t\t\tid=\"slider-7-slide-27-layer-0\" \n\t\t\t\t\t\t\t\tdata-type=\"text\"\n\t\t\t\t\t\t\t\tdata-color=\"#333333\"\n\t\t\t\t\t\t\t\tdata-rsp_ch=\"on\"\n\t\t\t\t\t\t\t\tdata-xy=\"x:c;y:m;\"\n\t\t\t\t\t\t\t\tdata-text=\"w:normal;s:35,35,30,30;l:25,13,9,28;a:center;\"\n\t\t\t\t\t\t\t\tdata-dim=\"w:auto,auto,auto,344px;\"\n\t\t\t\t\t\t\t\tdata-frame_999=\"o:0;st:w;\"\n\t\t\t\t\t\t\t\tstyle=\"z-index:5;font-family:'Courier Prime';\"\n\t\t\t\t\t\t\t>Contactos \n\t\t\t\t\t\t\t<\/rs-layer><!--\n-->\t\t\t\t\t<\/rs-slide>\n\t\t\t\t\t<\/rs-slides>\n\t\t\t\t<\/rs-module>\n\t\t\t\t<script>\n\t\t\t\t\tsetREVStartSize({c: 'rev_slider_7_1',rl:[1240,1024,778,480],el:[400,400,400,400],gw:[1920,1024,778,480],gh:[400,400,400,400],type:'standard',justify:'',layout:'fullwidth',mh:\"0\"});if (window.RS_MODULES!==undefined && window.RS_MODULES.modules!==undefined && window.RS_MODULES.modules[\"revslider71\"]!==undefined) {window.RS_MODULES.modules[\"revslider71\"].once = false;window.revapi7 = undefined;if (window.RS_MODULES.checkMinimal!==undefined) window.RS_MODULES.checkMinimal()}\n\t\t\t\t<\/script>\n\t\t\t<\/rs-module-wrap>\n\t\t\t<!-- END REVOLUTION SLIDER -->\n[\/vc_column][\/vc_row][vc_row][vc_column][vc_empty_space height=&#8221;100px&#8221;][\/vc_column][\/vc_row][vc_row][vc_column width=&#8221;1\/2&#8243; el_class=&#8221;ewa-contacts-external-padding&#8221;][vc_column_text css=&#8221;&#8221;]\n<h1>CUSTOMER SERVICE<\/h1>\n<p class=\"p1\">Para comunica\u00e7\u00f5es ou informa\u00e7\u00f5es, contactar o\u00a0<strong>n\u00famero verde<\/strong>:<\/p>\n<h3>800 273 708<\/h3>\n<h2><\/h2>\n[\/vc_column_text][vc_column_text css=&#8221;&#8221;]\n<p class=\"p1\">endere\u00e7o de e-mail:<\/p>\n<h3><a href=\"mailto:info@ekre.it\">info@ekre.it<\/a><\/h3>\n[\/vc_column_text][vc_column_text css=&#8221;&#8221;]\n<p class=\"p1\"><span class=\"s1\">Descarregue o Cat\u00e1logo de produtos<\/span><\/p>\n<h3><a href=\"https:\/\/ekre.it\/wp-content\/uploads\/2024\/06\/CATALOGO_EKRE_2024_LQ.pdf\" target=\"_blank\" rel=\"noopener\">Ekre Cat\u00e1logo 2024<\/a><\/h3>\n[\/vc_column_text][\/vc_column][vc_column width=&#8221;1\/2&#8243;][vc_raw_html css=&#8221;&#8221;]JTNDJTIxLS0lMjBDdXN0b20lMjBGb3JtJTNBJTIwRWtyZSUyMFBUJTIwLS0lM0UlMEElM0NsaW5rJTIwcmVsJTNEJTIyc3R5bGVzaGVldCUyMiUyMGhyZWYlM0QlMjJodHRwcyUzQSUyRiUyRmhlbHBkZXNrLmNvbXByb2YuaXQlMkZhc3NldHMlMkZjdXN0b20tZm9ybSUyRmN1c3RvbS1mb3JtLmNzcyUyMiUzRSUwQSUzQ2RpdiUyMGlkJTNEJTIyY3VzdG9tLWZvcm0tOHlPUlBIQ1IlMjIlM0UlM0MlMkZkaXYlM0UlMEElM0NzY3JpcHQlMjBzcmMlM0QlMjJodHRwcyUzQSUyRiUyRmhlbHBkZXNrLmNvbXByb2YuaXQlMkZhc3NldHMlMkZjdXN0b20tZm9ybSUyRmN1c3RvbS1mb3JtLmpzJTIyJTNFJTNDJTJGc2NyaXB0JTNFJTBBJTNDc2NyaXB0JTNFJTBBJTIwJTIwWmFtbWFkQ3VzdG9tRm9ybS5pbml0JTI4JTdCJTBBJTIwJTIwJTIwJTIwZWwlM0ElMjAlMjAlMjAlMjAlMjAlMjAlMjclMjNjdXN0b20tZm9ybS04eU9SUEhDUiUyNyUyQyUwQSUyMCUyMCUyMCUyMHRva2VuJTNBJTIwJTIwJTIwJTI3OHlPUlBIQ1IwRkxqVlhUeGRSUXJaNXItUTlIYmo5amNzMmh3cHVaSnowLTN0SUhJMW1EM1ZBd0kwdDZhNWNKTCUyNyUyQyUwQSUyMCUyMCUyMCUyMGJhc2VVcmwlM0ElMjAlMjdodHRwcyUzQSUyRiUyRmhlbHBkZXNrLmNvbXByb2YuaXQlMjclMEElMjAlMjAlN0QlMjklM0IlMEElM0MlMkZzY3JpcHQlM0U=[\/vc_raw_html][\/vc_column][\/vc_row]\n<\/div>","protected":false},"excerpt":{"rendered":"<p>[vc_row][vc_column][\/vc_column][\/vc_row][vc_row][vc_column][vc_empty_space height=&#8221;100px&#8221;][\/vc_column][\/vc_row][vc_row][vc_column width=&#8221;1\/2&#8243; el_class=&#8221;ewa-contacts-external-padding&#8221;][vc_column_text css=&#8221;&#8221;] CUSTOMER SERVICE Para comunica\u00e7\u00f5es ou informa\u00e7\u00f5es, contactar o\u00a0n\u00famero verde: 800 273 708 [\/vc_column_text][vc_column_text css=&#8221;&#8221;] endere\u00e7o de e-mail: info@ekre.it [\/vc_column_text][vc_column_text css=&#8221;&#8221;] Descarregue o Cat\u00e1logo de produtos Ekre Cat\u00e1logo 2024 [\/vc_column_text][\/vc_column][vc_column width=&#8221;1\/2&#8243;][vc_raw_html css=&#8221;&#8221;]JTNDJTIxLS0lMjBDdXN0b20lMjBGb3JtJTNBJTIwRWtyZSUyMFBUJTIwLS0lM0UlMEElM0NsaW5rJTIwcmVsJTNEJTIyc3R5bGVzaGVldCUyMiUyMGhyZWYlM0QlMjJodHRwcyUzQSUyRiUyRmhlbHBkZXNrLmNvbXByb2YuaXQlMkZhc3NldHMlMkZjdXN0b20tZm9ybSUyRmN1c3RvbS1mb3JtLmNzcyUyMiUzRSUwQSUzQ2RpdiUyMGlkJTNEJTIyY3VzdG9tLWZvcm0tOHlPUlBIQ1IlMjIlM0UlM0MlMkZkaXYlM0UlMEElM0NzY3JpcHQlMjBzcmMlM0QlMjJodHRwcyUzQSUyRiUyRmhlbHBkZXNrLmNvbXByb2YuaXQlMkZhc3NldHMlMkZjdXN0b20tZm9ybSUyRmN1c3RvbS1mb3JtLmpzJTIyJTNFJTNDJTJGc2NyaXB0JTNFJTBBJTNDc2NyaXB0JTNFJTBBJTIwJTIwWmFtbWFkQ3VzdG9tRm9ybS5pbml0JTI4JTdCJTBBJTIwJTIwJTIwJTIwZWwlM0ElMjAlMjAlMjAlMjAlMjAlMjAlMjclMjNjdXN0b20tZm9ybS04eU9SUEhDUiUyNyUyQyUwQSUyMCUyMCUyMCUyMHRva2VuJTNBJTIwJTIwJTIwJTI3OHlPUlBIQ1IwRkxqVlhUeGRSUXJaNXItUTlIYmo5amNzMmh3cHVaSnowLTN0SUhJMW1EM1ZBd0kwdDZhNWNKTCUyNyUyQyUwQSUyMCUyMCUyMCUyMGJhc2VVcmwlM0ElMjAlMjdodHRwcyUzQSUyRiUyRmhlbHBkZXNrLmNvbXByb2YuaXQlMjclMEElMjAlMjAlN0QlMjklM0IlMEElM0MlMkZzY3JpcHQlM0U=[\/vc_raw_html][\/vc_column][\/vc_row]<\/p>\n","protected":false},"author":1,"featured_media":0,"parent":0,"menu_order":0,"comment_status":"closed","ping_status":"closed","template":"","meta":{"footnotes":""},"class_list":["post-6040","page","type-page","status-publish","hentry","description-off"],"yoast_head":"<!-- This site is optimized with the Yoast SEO plugin v26.7 - https:\/\/yoast.com\/wordpress\/plugins\/seo\/ -->\n<title>Contacts - Ekre - Be Natural<\/title>\n<meta name=\"robots\" content=\"index, follow, max-snippet:-1, max-image-preview:large, max-video-preview:-1\" \/>\n<link rel=\"canonical\" href=\"https:\/\/ekre.it\/pt-pt\/contacts\/\" \/>\n<meta property=\"og:locale\" content=\"pt_PT\" \/>\n<meta property=\"og:type\" content=\"article\" \/>\n<meta property=\"og:title\" content=\"Contacts - Ekre - Be Natural\" \/>\n<meta property=\"og:description\" content=\"[vc_row][vc_column][\/vc_column][\/vc_row][vc_row][vc_column][vc_empty_space height=&#8221;100px&#8221;][\/vc_column][\/vc_row][vc_row][vc_column width=&#8221;1\/2&#8243; el_class=&#8221;ewa-contacts-external-padding&#8221;][vc_column_text css=&#8221;&#8221;] CUSTOMER SERVICE Para comunica\u00e7\u00f5es ou informa\u00e7\u00f5es, contactar o\u00a0n\u00famero verde: 800 273 708 [\/vc_column_text][vc_column_text css=&#8221;&#8221;] endere\u00e7o de e-mail: info@ekre.it [\/vc_column_text][vc_column_text css=&#8221;&#8221;] Descarregue o Cat\u00e1logo de produtos Ekre Cat\u00e1logo 2024 [\/vc_column_text][\/vc_column][vc_column width=&#8221;1\/2&#8243;][vc_raw_html css=&#8221;&#8221;]JTNDJTIxLS0lMjBDdXN0b20lMjBGb3JtJTNBJTIwRWtyZSUyMFBUJTIwLS0lM0UlMEElM0NsaW5rJTIwcmVsJTNEJTIyc3R5bGVzaGVldCUyMiUyMGhyZWYlM0QlMjJodHRwcyUzQSUyRiUyRmhlbHBkZXNrLmNvbXByb2YuaXQlMkZhc3NldHMlMkZjdXN0b20tZm9ybSUyRmN1c3RvbS1mb3JtLmNzcyUyMiUzRSUwQSUzQ2RpdiUyMGlkJTNEJTIyY3VzdG9tLWZvcm0tOHlPUlBIQ1IlMjIlM0UlM0MlMkZkaXYlM0UlMEElM0NzY3JpcHQlMjBzcmMlM0QlMjJodHRwcyUzQSUyRiUyRmhlbHBkZXNrLmNvbXByb2YuaXQlMkZhc3NldHMlMkZjdXN0b20tZm9ybSUyRmN1c3RvbS1mb3JtLmpzJTIyJTNFJTNDJTJGc2NyaXB0JTNFJTBBJTNDc2NyaXB0JTNFJTBBJTIwJTIwWmFtbWFkQ3VzdG9tRm9ybS5pbml0JTI4JTdCJTBBJTIwJTIwJTIwJTIwZWwlM0ElMjAlMjAlMjAlMjAlMjAlMjAlMjclMjNjdXN0b20tZm9ybS04eU9SUEhDUiUyNyUyQyUwQSUyMCUyMCUyMCUyMHRva2VuJTNBJTIwJTIwJTIwJTI3OHlPUlBIQ1IwRkxqVlhUeGRSUXJaNXItUTlIYmo5amNzMmh3cHVaSnowLTN0SUhJMW1EM1ZBd0kwdDZhNWNKTCUyNyUyQyUwQSUyMCUyMCUyMCUyMGJhc2VVcmwlM0ElMjAlMjdodHRwcyUzQSUyRiUyRmhlbHBkZXNrLmNvbXByb2YuaXQlMjclMEElMjAlMjAlN0QlMjklM0IlMEElM0MlMkZzY3JpcHQlM0U=[\/vc_raw_html][\/vc_column][\/vc_row]\" \/>\n<meta property=\"og:url\" content=\"https:\/\/ekre.it\/pt-pt\/contacts\/\" \/>\n<meta property=\"og:site_name\" content=\"Ekre - Be Natural\" \/>\n<meta property=\"article:modified_time\" content=\"2026-04-09T13:59:02+00:00\" \/>\n<meta name=\"twitter:card\" content=\"summary_large_image\" \/>\n<meta name=\"twitter:label1\" content=\"Tempo estimado de leitura\" \/>\n\t<meta name=\"twitter:data1\" content=\"1 minuto\" \/>\n<script type=\"application\/ld+json\" class=\"yoast-schema-graph\">{\"@context\":\"https:\/\/schema.org\",\"@graph\":[{\"@type\":\"WebPage\",\"@id\":\"https:\/\/ekre.it\/pt-pt\/contacts\/\",\"url\":\"https:\/\/ekre.it\/pt-pt\/contacts\/\",\"name\":\"Contacts - Ekre - Be Natural\",\"isPartOf\":{\"@id\":\"https:\/\/ekre.it\/pt-pt\/#website\"},\"datePublished\":\"2024-05-09T08:28:22+00:00\",\"dateModified\":\"2026-04-09T13:59:02+00:00\",\"breadcrumb\":{\"@id\":\"https:\/\/ekre.it\/pt-pt\/contacts\/#breadcrumb\"},\"inLanguage\":\"pt-PT\",\"potentialAction\":[{\"@type\":\"ReadAction\",\"target\":[\"https:\/\/ekre.it\/pt-pt\/contacts\/\"]}]},{\"@type\":\"BreadcrumbList\",\"@id\":\"https:\/\/ekre.it\/pt-pt\/contacts\/#breadcrumb\",\"itemListElement\":[{\"@type\":\"ListItem\",\"position\":1,\"name\":\"Home\",\"item\":\"https:\/\/ekre.it\/pt-pt\/\"},{\"@type\":\"ListItem\",\"position\":2,\"name\":\"Contacts\"}]},{\"@type\":\"WebSite\",\"@id\":\"https:\/\/ekre.it\/pt-pt\/#website\",\"url\":\"https:\/\/ekre.it\/pt-pt\/\",\"name\":\"Ekre - Be Natural\",\"description\":\"\",\"potentialAction\":[{\"@type\":\"SearchAction\",\"target\":{\"@type\":\"EntryPoint\",\"urlTemplate\":\"https:\/\/ekre.it\/pt-pt\/?s={search_term_string}\"},\"query-input\":{\"@type\":\"PropertyValueSpecification\",\"valueRequired\":true,\"valueName\":\"search_term_string\"}}],\"inLanguage\":\"pt-PT\"}]}<\/script>\n<!-- \/ Yoast SEO plugin. -->","yoast_head_json":{"title":"Contacts - Ekre - Be Natural","robots":{"index":"index","follow":"follow","max-snippet":"max-snippet:-1","max-image-preview":"max-image-preview:large","max-video-preview":"max-video-preview:-1"},"canonical":"https:\/\/ekre.it\/pt-pt\/contacts\/","og_locale":"pt_PT","og_type":"article","og_title":"Contacts - Ekre - Be Natural","og_description":"[vc_row][vc_column][\/vc_column][\/vc_row][vc_row][vc_column][vc_empty_space height=&#8221;100px&#8221;][\/vc_column][\/vc_row][vc_row][vc_column width=&#8221;1\/2&#8243; el_class=&#8221;ewa-contacts-external-padding&#8221;][vc_column_text css=&#8221;&#8221;] CUSTOMER SERVICE Para comunica\u00e7\u00f5es ou informa\u00e7\u00f5es, contactar o\u00a0n\u00famero verde: 800 273 708 [\/vc_column_text][vc_column_text css=&#8221;&#8221;] endere\u00e7o de e-mail: info@ekre.it [\/vc_column_text][vc_column_text css=&#8221;&#8221;] Descarregue o Cat\u00e1logo de produtos Ekre Cat\u00e1logo 2024 [\/vc_column_text][\/vc_column][vc_column width=&#8221;1\/2&#8243;][vc_raw_html css=&#8221;&#8221;]JTNDJTIxLS0lMjBDdXN0b20lMjBGb3JtJTNBJTIwRWtyZSUyMFBUJTIwLS0lM0UlMEElM0NsaW5rJTIwcmVsJTNEJTIyc3R5bGVzaGVldCUyMiUyMGhyZWYlM0QlMjJodHRwcyUzQSUyRiUyRmhlbHBkZXNrLmNvbXByb2YuaXQlMkZhc3NldHMlMkZjdXN0b20tZm9ybSUyRmN1c3RvbS1mb3JtLmNzcyUyMiUzRSUwQSUzQ2RpdiUyMGlkJTNEJTIyY3VzdG9tLWZvcm0tOHlPUlBIQ1IlMjIlM0UlM0MlMkZkaXYlM0UlMEElM0NzY3JpcHQlMjBzcmMlM0QlMjJodHRwcyUzQSUyRiUyRmhlbHBkZXNrLmNvbXByb2YuaXQlMkZhc3NldHMlMkZjdXN0b20tZm9ybSUyRmN1c3RvbS1mb3JtLmpzJTIyJTNFJTNDJTJGc2NyaXB0JTNFJTBBJTNDc2NyaXB0JTNFJTBBJTIwJTIwWmFtbWFkQ3VzdG9tRm9ybS5pbml0JTI4JTdCJTBBJTIwJTIwJTIwJTIwZWwlM0ElMjAlMjAlMjAlMjAlMjAlMjAlMjclMjNjdXN0b20tZm9ybS04eU9SUEhDUiUyNyUyQyUwQSUyMCUyMCUyMCUyMHRva2VuJTNBJTIwJTIwJTIwJTI3OHlPUlBIQ1IwRkxqVlhUeGRSUXJaNXItUTlIYmo5amNzMmh3cHVaSnowLTN0SUhJMW1EM1ZBd0kwdDZhNWNKTCUyNyUyQyUwQSUyMCUyMCUyMCUyMGJhc2VVcmwlM0ElMjAlMjdodHRwcyUzQSUyRiUyRmhlbHBkZXNrLmNvbXByb2YuaXQlMjclMEElMjAlMjAlN0QlMjklM0IlMEElM0MlMkZzY3JpcHQlM0U=[\/vc_raw_html][\/vc_column][\/vc_row]","og_url":"https:\/\/ekre.it\/pt-pt\/contacts\/","og_site_name":"Ekre - Be Natural","article_modified_time":"2026-04-09T13:59:02+00:00","twitter_card":"summary_large_image","twitter_misc":{"Tempo estimado de leitura":"1 minuto"},"schema":{"@context":"https:\/\/schema.org","@graph":[{"@type":"WebPage","@id":"https:\/\/ekre.it\/pt-pt\/contacts\/","url":"https:\/\/ekre.it\/pt-pt\/contacts\/","name":"Contacts - Ekre - Be Natural","isPartOf":{"@id":"https:\/\/ekre.it\/pt-pt\/#website"},"datePublished":"2024-05-09T08:28:22+00:00","dateModified":"2026-04-09T13:59:02+00:00","breadcrumb":{"@id":"https:\/\/ekre.it\/pt-pt\/contacts\/#breadcrumb"},"inLanguage":"pt-PT","potentialAction":[{"@type":"ReadAction","target":["https:\/\/ekre.it\/pt-pt\/contacts\/"]}]},{"@type":"BreadcrumbList","@id":"https:\/\/ekre.it\/pt-pt\/contacts\/#breadcrumb","itemListElement":[{"@type":"ListItem","position":1,"name":"Home","item":"https:\/\/ekre.it\/pt-pt\/"},{"@type":"ListItem","position":2,"name":"Contacts"}]},{"@type":"WebSite","@id":"https:\/\/ekre.it\/pt-pt\/#website","url":"https:\/\/ekre.it\/pt-pt\/","name":"Ekre - Be Natural","description":"","potentialAction":[{"@type":"SearchAction","target":{"@type":"EntryPoint","urlTemplate":"https:\/\/ekre.it\/pt-pt\/?s={search_term_string}"},"query-input":{"@type":"PropertyValueSpecification","valueRequired":true,"valueName":"search_term_string"}}],"inLanguage":"pt-PT"}]}},"_links":{"self":[{"href":"https:\/\/ekre.it\/pt-pt\/wp-json\/wp\/v2\/pages\/6040","targetHints":{"allow":["GET"]}}],"collection":[{"href":"https:\/\/ekre.it\/pt-pt\/wp-json\/wp\/v2\/pages"}],"about":[{"href":"https:\/\/ekre.it\/pt-pt\/wp-json\/wp\/v2\/types\/page"}],"author":[{"embeddable":true,"href":"https:\/\/ekre.it\/pt-pt\/wp-json\/wp\/v2\/users\/1"}],"replies":[{"embeddable":true,"href":"https:\/\/ekre.it\/pt-pt\/wp-json\/wp\/v2\/comments?post=6040"}],"version-history":[{"count":1,"href":"https:\/\/ekre.it\/pt-pt\/wp-json\/wp\/v2\/pages\/6040\/revisions"}],"predecessor-version":[{"id":7635,"href":"https:\/\/ekre.it\/pt-pt\/wp-json\/wp\/v2\/pages\/6040\/revisions\/7635"}],"wp:attachment":[{"href":"https:\/\/ekre.it\/pt-pt\/wp-json\/wp\/v2\/media?parent=6040"}],"curies":[{"name":"wp","href":"https:\/\/api.w.org\/{rel}","templated":true}]}}