{"id":6709,"date":"2024-05-09T10:29:34","date_gmt":"2024-05-09T08:29:34","guid":{"rendered":"https:\/\/ekre.it\/be-natural\/"},"modified":"2024-07-08T15:45:21","modified_gmt":"2024-07-08T13:45:21","slug":"be-natural","status":"publish","type":"page","link":"https:\/\/ekre.it\/pt-pt\/be-natural\/","title":{"rendered":"Be Natural"},"content":{"rendered":"<div class=\"wpb-content-wrapper\">[vc_row margin_top=&#8221;0px&#8221; margin_bottom=&#8221;0px&#8221; full_width_row=&#8221;true&#8221; padding_left=&#8221;0px&#8221; padding_right=&#8221;0px&#8221; css=&#8221;.vc_custom_1718349303767{margin-bottom: 0px !important;}&#8221;][vc_column el_class=&#8221;ewa-max-height&#8221;][vc_raw_html css=&#8221;&#8221;]JTNDZGl2JTIwY2xhc3MlM0QlMjJvLWhpZGRlbiUyMiUzRSU1QmFubm91bmNlciUyMGlkJTNEJTIyNjI0MiUyMiU1RCUzQyUyRmRpdiUzRQ==[\/vc_raw_html][\/vc_column][\/vc_row][vc_row][vc_column]\n\t\t\t<!-- START Be Natural REVOLUTION SLIDER 6.7.38 --><p class=\"rs-p-wp-fix\"><\/p>\n\t\t\t<rs-module-wrap id=\"rev_slider_6_1_wrapper\" data-source=\"gallery\" style=\"visibility:hidden;background:transparent;padding:0;margin:0px auto;margin-top:0;margin-bottom:0;\">\n\t\t\t\t<rs-module id=\"rev_slider_6_1\" style=\"\" data-version=\"6.7.38\">\n\t\t\t\t\t<rs-slides style=\"overflow: hidden; position: absolute;\">\n\t\t\t\t\t\t<rs-slide style=\"position: absolute;\" data-key=\"rs-23\" data-title=\"Slide\" data-in=\"o:0;\" data-out=\"a:false;\">\n\t\t\t\t\t\t\t<img decoding=\"async\" src=\"\/\/ekre.it\/wp-content\/plugins\/revslider\/sr6\/assets\/assets\/dummy.png\" alt=\"\" title=\"img_hero_be_natural\" width=\"2560\" height=\"590\" class=\"rev-slidebg tp-rs-img rs-lazyload\" data-lazyload=\"\/\/ekre.it\/wp-content\/uploads\/2024\/06\/img_hero_be_natural.jpg\" data-no-retina>\n<!--\n\t\t\t\t\t\t\t--><rs-layer\n\t\t\t\t\t\t\t\tid=\"slider-6-slide-23-layer-0\" \n\t\t\t\t\t\t\t\tdata-type=\"text\"\n\t\t\t\t\t\t\t\tdata-color=\"#333333\"\n\t\t\t\t\t\t\t\tdata-rsp_ch=\"on\"\n\t\t\t\t\t\t\t\tdata-xy=\"x:c;yo:126px,120px,124px,68px;\"\n\t\t\t\t\t\t\t\tdata-text=\"w:normal;s:35,35,30,30;l:25,13,9,28;a:center;\"\n\t\t\t\t\t\t\t\tdata-dim=\"w:auto,auto,auto,344px;\"\n\t\t\t\t\t\t\t\tdata-frame_999=\"o:0;st:w;\"\n\t\t\t\t\t\t\t\tstyle=\"z-index:5;font-family:'Courier Prime';\"\n\t\t\t\t\t\t\t>A FILOSOFIA DA CLEAN BEAUTY \n\t\t\t\t\t\t\t<\/rs-layer><!--\n\n\t\t\t\t\t\t\t--><rs-layer\n\t\t\t\t\t\t\t\tid=\"slider-6-slide-23-layer-1\" \n\t\t\t\t\t\t\t\tdata-type=\"text\"\n\t\t\t\t\t\t\t\tdata-color=\"#333333\"\n\t\t\t\t\t\t\t\tdata-rsp_ch=\"on\"\n\t\t\t\t\t\t\t\tdata-xy=\"x:c;xo:0,0,0,-3px;yo:185px,170px,163px,136px;\"\n\t\t\t\t\t\t\t\tdata-text=\"w:normal;s:16;l:25,25,25,25;a:center;\"\n\t\t\t\t\t\t\t\tdata-dim=\"w:902px,766px,605px,391px;\"\n\t\t\t\t\t\t\t\tdata-frame_999=\"o:0;st:w;\"\n\t\t\t\t\t\t\t\tstyle=\"z-index:6;font-family:'Open Sans';\"\n\t\t\t\t\t\t\t>Opt\u00e1mos por um caminho de equil\u00edbrio com a natureza, respeito pela comunidade e consumo consciente. Atrav\u00e9s do nosso <b>compromisso, difundimos o conceito de clean-beauty<\/b>, ou seja, uma beleza transparente e respons\u00e1vel, para nos tornarmos o aliado \"sustent\u00e1vel\" dos cabeleireiros e a alternativa profissional certa para quem deseja cuidar de si mesmo, <b>respeitando outras formas de vida<\/b>. \n\t\t\t\t\t\t\t<\/rs-layer><!--\n-->\t\t\t\t\t<\/rs-slide>\n\t\t\t\t\t<\/rs-slides>\n\t\t\t\t<\/rs-module>\n\t\t\t\t<script>\n\t\t\t\t\tsetREVStartSize({c: 'rev_slider_6_1',rl:[1240,1024,778,480],el:[400,400,400,400],gw:[1920,1024,778,480],gh:[400,400,400,400],type:'standard',justify:'',layout:'fullwidth',mh:\"0\"});if (window.RS_MODULES!==undefined && window.RS_MODULES.modules!==undefined && window.RS_MODULES.modules[\"revslider61\"]!==undefined) {window.RS_MODULES.modules[\"revslider61\"].once = false;window.revapi6 = undefined;if (window.RS_MODULES.checkMinimal!==undefined) window.RS_MODULES.checkMinimal()}\n\t\t\t\t<\/script>\n\t\t\t<\/rs-module-wrap>\n\t\t\t<!-- END REVOLUTION SLIDER -->\n[\/vc_column][\/vc_row][vc_row full_width_row=&#8221;true&#8221;][vc_column offset=&#8221;vc_hidden-sm vc_hidden-xs&#8221;][vc_empty_space height=&#8221;50px&#8221;][vc_row_inner][vc_column_inner width=&#8221;1\/2&#8243; css=&#8221;.vc_custom_1718370493551{background-image: url(https:\/\/ekre.it\/wp-content\/uploads\/2024\/06\/be_natural_vegan_sfondo.jpg?id=6565) !important;background-position: center !important;background-repeat: no-repeat !important;background-size: cover !important;}&#8221;][vc_single_image image=&#8221;6576&#8243; img_size=&#8221;full&#8221; alignment=&#8221;center&#8221; css=&#8221;.vc_custom_1718370791696{padding-top: 15% !important;padding-bottom: 15% !important;}&#8221;][\/vc_column_inner][vc_column_inner width=&#8221;1\/12&#8243;][\/vc_column_inner][vc_column_inner width=&#8221;1\/3&#8243;][vc_column_text css=&#8221;.vc_custom_1718893726552{padding-top: 10% !important;}&#8221;]\n<h1>CERTIFICA\u00c7\u00c3O VEGANOK<\/h1>\n<p>VEGANOK \u00e9 uma certifica\u00e7\u00e3o para a defini\u00e7\u00e3o de produtos veganos.<\/p>\n<p>VEGANOK \u00e9 sin\u00f3nimo de <strong>cruelty free<\/strong>, ou seja, &#8220;sem viol\u00eancia para com os animais&#8221;, e, portanto, que <strong>n\u00e3o causou sofrimento a nenhum ser vivo<\/strong>.<\/p>\n<p>&nbsp;<\/p>\n<h2>UMA ESCOLHA ESSENCIAL PARA O FUTURO DA NOSSA CIVILIZA\u00c7\u00c3O.<\/h2>\n<p>A <strong>n\u00e3o realiza\u00e7\u00e3o de testes em animais <\/strong>deve ser n\u00e3o s\u00f3 o produto acabado, mas o produto em <strong>todas as fases da cria\u00e7\u00e3o<\/strong>, e portanto em<strong>todos os seus componentes<\/strong>e as subst\u00e2ncias individuais que o comp\u00f5em. Os nossos produtos <strong>n\u00e3o cont\u00eam <\/strong>subst\u00e2ncias de origem animal, <strong>n\u00e3o s\u00e3o fabricados<\/strong> utilizando animais e <strong>n\u00e3o s\u00e3o testados <\/strong>em animais.[\/vc_column_text][vc_column_text css=&#8221;&#8221;]\n<h2>BE THE CHANGE. GO VEGAN.<\/h2>\n[\/vc_column_text][\/vc_column_inner][vc_column_inner width=&#8221;1\/12&#8243;][\/vc_column_inner][\/vc_row_inner][\/vc_column][\/vc_row][vc_row full_width_row=&#8221;true&#8221;][vc_column offset=&#8221;vc_hidden-lg vc_hidden-md&#8221;][vc_empty_space height=&#8221;50px&#8221;][vc_row_inner][vc_column_inner css=&#8221;.vc_custom_1718370493551{background-image: url(https:\/\/ekre.it\/wp-content\/uploads\/2024\/06\/be_natural_vegan_sfondo.jpg?id=6565) !important;background-position: center !important;background-repeat: no-repeat !important;background-size: cover !important;}&#8221;][vc_single_image image=&#8221;6576&#8243; img_size=&#8221;full&#8221; alignment=&#8221;center&#8221; css=&#8221;.vc_custom_1718370791696{padding-top: 15% !important;padding-bottom: 15% !important;}&#8221;][\/vc_column_inner][\/vc_row_inner][vc_row_inner css=&#8221;.vc_custom_1718800853980{margin-right: 10px !important;margin-left: 10px !important;}&#8221;][vc_column_inner][vc_column_text css=&#8221;.vc_custom_1718893801538{padding-top: 10% !important;}&#8221;]\n<h1 style=\"text-align: center;\">CERTIFICA\u00c7\u00c3O VEGANOK<\/h1>\n<p style=\"text-align: center;\">VEGANOK \u00e9 uma certifica\u00e7\u00e3o para a defini\u00e7\u00e3o de produtos veganos.<\/p>\n<p style=\"text-align: center;\">VEGANOK \u00e9 sin\u00f3nimo de <strong>cruelty free<\/strong>, ou seja, &#8220;sem viol\u00eancia para com os animais&#8221;, e, portanto, que <strong>n\u00e3o causou sofrimento a nenhum ser vivo<\/strong>.<\/p>\n<h2 style=\"text-align: center;\">UMA ESCOLHA ESSENCIAL PARA O FUTURO DA NOSSA CIVILIZA\u00c7\u00c3O.<\/h2>\n<p style=\"text-align: center;\">A <strong>n\u00e3o realiza\u00e7\u00e3o de testes em animais <\/strong>deve ser n\u00e3o s\u00f3 o produto acabado, mas o produto em <strong>todas as fases da cria\u00e7\u00e3o<\/strong>, e portanto em<strong>todos os seus componentes<\/strong>e as subst\u00e2ncias individuais que o comp\u00f5em. Os nossos produtos <strong>n\u00e3o cont\u00eam <\/strong>subst\u00e2ncias de origem animal, <strong>n\u00e3o s\u00e3o fabricados<\/strong> utilizando animais e <strong>n\u00e3o s\u00e3o testados <\/strong>em animais.<\/p>\n[\/vc_column_text][vc_column_text css=&#8221;&#8221;]\n<h2 style=\"text-align: center;\">BE THE CHANGE. GO VEGAN.<\/h2>\n[\/vc_column_text][\/vc_column_inner][\/vc_row_inner][\/vc_column][\/vc_row][vc_row][vc_column][vc_empty_space height=&#8221;50px&#8221;][\/vc_column][\/vc_row][vc_row type=&#8221;vc_default&#8221; full_width=&#8221;stretch_row_content&#8221; full_width_row=&#8221;true&#8221; css=&#8221;.vc_custom_1718801285705{background-image: url(https:\/\/ekre.it\/wp-content\/uploads\/2024\/06\/sfondo-riga-be_natural.png?id=6624) !important;background-position: 0 0 !important;background-repeat: repeat !important;}&#8221;][vc_column offset=&#8221;vc_hidden-sm vc_hidden-xs&#8221;][vc_empty_space height=&#8221;50px&#8221;][vc_row_inner gap=&#8221;20&#8243;][vc_column_inner width=&#8221;1\/5&#8243;][\/vc_column_inner][vc_column_inner width=&#8221;1\/5&#8243; css=&#8221;.vc_custom_1718783786895{background-color: #ffffff !important;border-color: #0f0f0f !important;}&#8221;][vc_column_text css=&#8221;.vc_custom_1718893793953{margin-top: 10% !important;margin-right: 10% !important;margin-bottom: 17% !important;margin-left: 10% !important;}&#8221;]\n<h2><span style=\"font-weight: 400;\">RESPEITO<\/span><\/h2>\n<p>Pretendemos desenvolver f\u00f3rmulas que respeitem n\u00e3o s\u00f3 os cabelos, mas tamb\u00e9m <strong>todas as formas de vida <\/strong>porque <strong>acreditamos no impacto <\/strong>das nossas a\u00e7\u00f5es.[\/vc_column_text][\/vc_column_inner][vc_column_inner width=&#8221;1\/5&#8243; css=&#8221;.vc_custom_1718782732098{background-color: #ffffff !important;}&#8221;][vc_column_text css=&#8221;.vc_custom_1718893824804{margin-top: 10% !important;margin-right: 10% !important;margin-bottom: 10% !important;margin-left: 10% !important;}&#8221;]\n<h2><span style=\"font-weight: 400;\">DIVERSIDADE<\/span><\/h2>\n<p>Respeitamos tudo <strong>sem preconceitos<\/strong> e <strong>valorizamos a diversidade<\/strong>, estamos abertos a todas as formas de inspira\u00e7\u00e3o e novas ideias que nos possam conduzir a uma produ\u00e7\u00e3o e consumo mais conscientes.[\/vc_column_text][\/vc_column_inner][vc_column_inner width=&#8221;1\/5&#8243; css=&#8221;.vc_custom_1718783703824{background-color: #ffffff !important;}&#8221;][vc_column_text css=&#8221;.vc_custom_1718893841038{margin-top: 10% !important;margin-right: 10% !important;margin-bottom: 10% !important;margin-left: 10% !important;}&#8221;]\n<h2><span style=\"font-weight: 400;\">BALAN\u00c7O<\/span><\/h2>\n<p>Estamos convencidos de que todos os nossos gestos devem ter como objetivo a <strong>perfeita harmonia connosco e com as outras formas de vida<\/strong>, raz\u00e3o pela qual selecionamos apenas ativos Veganos.[\/vc_column_text][\/vc_column_inner][vc_column_inner width=&#8221;1\/5&#8243;][\/vc_column_inner][\/vc_row_inner][vc_empty_space height=&#8221;50px&#8221;][\/vc_column][\/vc_row][vc_row type=&#8221;vc_default&#8221; full_width=&#8221;stretch_row_content&#8221; full_width_row=&#8221;true&#8221; css=&#8221;.vc_custom_1718802156886{background-image: url(https:\/\/ekre.it\/wp-content\/uploads\/2024\/06\/sfondo_mobile.png?id=6674) !important;background-position: center !important;background-repeat: no-repeat !important;background-size: cover !important;}&#8221;][vc_column offset=&#8221;vc_hidden-lg vc_hidden-md&#8221;][vc_empty_space height=&#8221;50px&#8221;][vc_row_inner gap=&#8221;20&#8243;][vc_column_inner][vc_column_text css=&#8221;.vc_custom_1718893891522{margin-top: 10% !important;margin-right: 10% !important;margin-bottom: 10% !important;margin-left: 10% !important;padding-top: 10% !important;padding-right: 10% !important;padding-bottom: 10% !important;padding-left: 10% !important;background-color: #ffffff !important;}&#8221;]\n<h2><span style=\"font-weight: 400;\">RESPEITO<\/span><\/h2>\n<p>Pretendemos desenvolver f\u00f3rmulas que respeitem n\u00e3o s\u00f3 os cabelos, mas tamb\u00e9m <strong>todas as formas de vida <\/strong>porque <strong>acreditamos no impacto <\/strong>das nossas a\u00e7\u00f5es.[\/vc_column_text][vc_column_text css=&#8221;.vc_custom_1718893878906{margin-top: 10% !important;margin-right: 10% !important;margin-bottom: 10% !important;margin-left: 10% !important;padding-top: 10% !important;padding-right: 10% !important;padding-bottom: 10% !important;padding-left: 10% !important;background-color: #ffffff !important;}&#8221;]\n<h2><span style=\"font-weight: 400;\">DIVERSIDADE<\/span><\/h2>\n<p>Respeitamos tudo <strong>sem preconceitos<\/strong> e <strong>valorizamos a diversidade<\/strong>, estamos abertos a todas as formas de inspira\u00e7\u00e3o e novas ideias que nos possam conduzir a uma produ\u00e7\u00e3o e consumo mais conscientes.[\/vc_column_text][vc_column_text css=&#8221;.vc_custom_1718893863622{margin-top: 10% !important;margin-right: 10% !important;margin-bottom: 10% !important;margin-left: 10% !important;padding-top: 10% !important;padding-right: 10% !important;padding-bottom: 10% !important;padding-left: 10% !important;background-color: #ffffff !important;}&#8221;]\n<h2><span style=\"font-weight: 400;\">BALAN\u00c7O<\/span><\/h2>\n<p>Estamos convencidos de que todos os nossos gestos devem ter como objetivo a <strong>perfeita harmonia connosco e com as outras formas de vida<\/strong>, raz\u00e3o pela qual selecionamos apenas ativos Veganos.[\/vc_column_text][\/vc_column_inner][\/vc_row_inner][vc_empty_space height=&#8221;50px&#8221;][\/vc_column][\/vc_row]\n<\/div>","protected":false},"excerpt":{"rendered":"<p>[vc_row margin_top=&#8221;0px&#8221; margin_bottom=&#8221;0px&#8221; full_width_row=&#8221;true&#8221; padding_left=&#8221;0px&#8221; padding_right=&#8221;0px&#8221; css=&#8221;.vc_custom_1718349303767{margin-bottom: 0px !important;}&#8221;][vc_column el_class=&#8221;ewa-max-height&#8221;][vc_raw_html css=&#8221;&#8221;]JTNDZGl2JTIwY2xhc3MlM0QlMjJvLWhpZGRlbiUyMiUzRSU1QmFubm91bmNlciUyMGlkJTNEJTIyNjI0MiUyMiU1RCUzQyUyRmRpdiUzRQ==[\/vc_raw_html][\/vc_column][\/vc_row][vc_row][vc_column][\/vc_column][\/vc_row][vc_row full_width_row=&#8221;true&#8221;][vc_column offset=&#8221;vc_hidden-sm vc_hidden-xs&#8221;][vc_empty_space height=&#8221;50px&#8221;][vc_row_inner][vc_column_inner width=&#8221;1\/2&#8243; css=&#8221;.vc_custom_1718370493551{background-image: url(https:\/\/ekre.it\/wp-content\/uploads\/2024\/06\/be_natural_vegan_sfondo.jpg?id=6565) !important;background-position: center !important;background-repeat: no-repeat !important;background-size: cover !important;}&#8221;][vc_single_image image=&#8221;6576&#8243; img_size=&#8221;full&#8221; alignment=&#8221;center&#8221; css=&#8221;.vc_custom_1718370791696{padding-top: 15% !important;padding-bottom: 15% !important;}&#8221;][\/vc_column_inner][vc_column_inner width=&#8221;1\/12&#8243;][\/vc_column_inner][vc_column_inner width=&#8221;1\/3&#8243;][vc_column_text css=&#8221;.vc_custom_1718893726552{padding-top: 10% !important;}&#8221;] CERTIFICA\u00c7\u00c3O VEGANOK VEGANOK \u00e9 uma certifica\u00e7\u00e3o para a defini\u00e7\u00e3o de produtos veganos. VEGANOK \u00e9 sin\u00f3nimo de cruelty&hellip;<\/p>\n","protected":false},"author":1,"featured_media":0,"parent":0,"menu_order":0,"comment_status":"closed","ping_status":"closed","template":"","meta":{"footnotes":""},"class_list":["post-6709","page","type-page","status-publish","hentry","description-off"],"yoast_head":"<!-- This site is optimized with the Yoast SEO plugin v26.7 - https:\/\/yoast.com\/wordpress\/plugins\/seo\/ -->\n<title>Be Natural - Ekre - Be Natural<\/title>\n<meta name=\"robots\" content=\"index, follow, max-snippet:-1, max-image-preview:large, max-video-preview:-1\" \/>\n<link rel=\"canonical\" href=\"https:\/\/ekre.it\/pt-pt\/be-natural\/\" \/>\n<meta property=\"og:locale\" content=\"pt_PT\" \/>\n<meta property=\"og:type\" content=\"article\" \/>\n<meta property=\"og:title\" content=\"Be Natural - Ekre - Be Natural\" \/>\n<meta property=\"og:description\" content=\"[vc_row margin_top=&#8221;0px&#8221; margin_bottom=&#8221;0px&#8221; full_width_row=&#8221;true&#8221; padding_left=&#8221;0px&#8221; padding_right=&#8221;0px&#8221; css=&#8221;.vc_custom_1718349303767{margin-bottom: 0px !important;}&#8221;][vc_column el_class=&#8221;ewa-max-height&#8221;][vc_raw_html css=&#8221;&#8221;]JTNDZGl2JTIwY2xhc3MlM0QlMjJvLWhpZGRlbiUyMiUzRSU1QmFubm91bmNlciUyMGlkJTNEJTIyNjI0MiUyMiU1RCUzQyUyRmRpdiUzRQ==[\/vc_raw_html][\/vc_column][\/vc_row][vc_row][vc_column][\/vc_column][\/vc_row][vc_row full_width_row=&#8221;true&#8221;][vc_column offset=&#8221;vc_hidden-sm vc_hidden-xs&#8221;][vc_empty_space height=&#8221;50px&#8221;][vc_row_inner][vc_column_inner width=&#8221;1\/2&#8243; css=&#8221;.vc_custom_1718370493551{background-image: url(https:\/\/ekre.it\/wp-content\/uploads\/2024\/06\/be_natural_vegan_sfondo.jpg?id=6565) !important;background-position: center !important;background-repeat: no-repeat !important;background-size: cover !important;}&#8221;][vc_single_image image=&#8221;6576&#8243; img_size=&#8221;full&#8221; alignment=&#8221;center&#8221; css=&#8221;.vc_custom_1718370791696{padding-top: 15% !important;padding-bottom: 15% !important;}&#8221;][\/vc_column_inner][vc_column_inner width=&#8221;1\/12&#8243;][\/vc_column_inner][vc_column_inner width=&#8221;1\/3&#8243;][vc_column_text css=&#8221;.vc_custom_1718893726552{padding-top: 10% !important;}&#8221;] CERTIFICA\u00c7\u00c3O VEGANOK VEGANOK \u00e9 uma certifica\u00e7\u00e3o para a defini\u00e7\u00e3o de produtos veganos. VEGANOK \u00e9 sin\u00f3nimo de cruelty&hellip;\" \/>\n<meta property=\"og:url\" content=\"https:\/\/ekre.it\/pt-pt\/be-natural\/\" \/>\n<meta property=\"og:site_name\" content=\"Ekre - Be Natural\" \/>\n<meta property=\"article:modified_time\" content=\"2024-07-08T13:45:21+00:00\" \/>\n<meta name=\"twitter:card\" content=\"summary_large_image\" \/>\n<meta name=\"twitter:label1\" content=\"Tempo estimado de leitura\" \/>\n\t<meta name=\"twitter:data1\" content=\"4 minutos\" \/>\n<script type=\"application\/ld+json\" class=\"yoast-schema-graph\">{\"@context\":\"https:\/\/schema.org\",\"@graph\":[{\"@type\":\"WebPage\",\"@id\":\"https:\/\/ekre.it\/pt-pt\/be-natural\/\",\"url\":\"https:\/\/ekre.it\/pt-pt\/be-natural\/\",\"name\":\"Be Natural - Ekre - Be Natural\",\"isPartOf\":{\"@id\":\"https:\/\/ekre.it\/pt-pt\/#website\"},\"datePublished\":\"2024-05-09T08:29:34+00:00\",\"dateModified\":\"2024-07-08T13:45:21+00:00\",\"breadcrumb\":{\"@id\":\"https:\/\/ekre.it\/pt-pt\/be-natural\/#breadcrumb\"},\"inLanguage\":\"pt-PT\",\"potentialAction\":[{\"@type\":\"ReadAction\",\"target\":[\"https:\/\/ekre.it\/pt-pt\/be-natural\/\"]}]},{\"@type\":\"BreadcrumbList\",\"@id\":\"https:\/\/ekre.it\/pt-pt\/be-natural\/#breadcrumb\",\"itemListElement\":[{\"@type\":\"ListItem\",\"position\":1,\"name\":\"Home\",\"item\":\"https:\/\/ekre.it\/pt-pt\/\"},{\"@type\":\"ListItem\",\"position\":2,\"name\":\"Be Natural\"}]},{\"@type\":\"WebSite\",\"@id\":\"https:\/\/ekre.it\/pt-pt\/#website\",\"url\":\"https:\/\/ekre.it\/pt-pt\/\",\"name\":\"Ekre - Be Natural\",\"description\":\"\",\"potentialAction\":[{\"@type\":\"SearchAction\",\"target\":{\"@type\":\"EntryPoint\",\"urlTemplate\":\"https:\/\/ekre.it\/pt-pt\/?s={search_term_string}\"},\"query-input\":{\"@type\":\"PropertyValueSpecification\",\"valueRequired\":true,\"valueName\":\"search_term_string\"}}],\"inLanguage\":\"pt-PT\"}]}<\/script>\n<!-- \/ Yoast SEO plugin. -->","yoast_head_json":{"title":"Be Natural - Ekre - Be Natural","robots":{"index":"index","follow":"follow","max-snippet":"max-snippet:-1","max-image-preview":"max-image-preview:large","max-video-preview":"max-video-preview:-1"},"canonical":"https:\/\/ekre.it\/pt-pt\/be-natural\/","og_locale":"pt_PT","og_type":"article","og_title":"Be Natural - Ekre - Be Natural","og_description":"[vc_row margin_top=&#8221;0px&#8221; margin_bottom=&#8221;0px&#8221; full_width_row=&#8221;true&#8221; padding_left=&#8221;0px&#8221; padding_right=&#8221;0px&#8221; css=&#8221;.vc_custom_1718349303767{margin-bottom: 0px !important;}&#8221;][vc_column el_class=&#8221;ewa-max-height&#8221;][vc_raw_html css=&#8221;&#8221;]JTNDZGl2JTIwY2xhc3MlM0QlMjJvLWhpZGRlbiUyMiUzRSU1QmFubm91bmNlciUyMGlkJTNEJTIyNjI0MiUyMiU1RCUzQyUyRmRpdiUzRQ==[\/vc_raw_html][\/vc_column][\/vc_row][vc_row][vc_column][\/vc_column][\/vc_row][vc_row full_width_row=&#8221;true&#8221;][vc_column offset=&#8221;vc_hidden-sm vc_hidden-xs&#8221;][vc_empty_space height=&#8221;50px&#8221;][vc_row_inner][vc_column_inner width=&#8221;1\/2&#8243; css=&#8221;.vc_custom_1718370493551{background-image: url(https:\/\/ekre.it\/wp-content\/uploads\/2024\/06\/be_natural_vegan_sfondo.jpg?id=6565) !important;background-position: center !important;background-repeat: no-repeat !important;background-size: cover !important;}&#8221;][vc_single_image image=&#8221;6576&#8243; img_size=&#8221;full&#8221; alignment=&#8221;center&#8221; css=&#8221;.vc_custom_1718370791696{padding-top: 15% !important;padding-bottom: 15% !important;}&#8221;][\/vc_column_inner][vc_column_inner width=&#8221;1\/12&#8243;][\/vc_column_inner][vc_column_inner width=&#8221;1\/3&#8243;][vc_column_text css=&#8221;.vc_custom_1718893726552{padding-top: 10% !important;}&#8221;] CERTIFICA\u00c7\u00c3O VEGANOK VEGANOK \u00e9 uma certifica\u00e7\u00e3o para a defini\u00e7\u00e3o de produtos veganos. VEGANOK \u00e9 sin\u00f3nimo de cruelty&hellip;","og_url":"https:\/\/ekre.it\/pt-pt\/be-natural\/","og_site_name":"Ekre - Be Natural","article_modified_time":"2024-07-08T13:45:21+00:00","twitter_card":"summary_large_image","twitter_misc":{"Tempo estimado de leitura":"4 minutos"},"schema":{"@context":"https:\/\/schema.org","@graph":[{"@type":"WebPage","@id":"https:\/\/ekre.it\/pt-pt\/be-natural\/","url":"https:\/\/ekre.it\/pt-pt\/be-natural\/","name":"Be Natural - Ekre - Be Natural","isPartOf":{"@id":"https:\/\/ekre.it\/pt-pt\/#website"},"datePublished":"2024-05-09T08:29:34+00:00","dateModified":"2024-07-08T13:45:21+00:00","breadcrumb":{"@id":"https:\/\/ekre.it\/pt-pt\/be-natural\/#breadcrumb"},"inLanguage":"pt-PT","potentialAction":[{"@type":"ReadAction","target":["https:\/\/ekre.it\/pt-pt\/be-natural\/"]}]},{"@type":"BreadcrumbList","@id":"https:\/\/ekre.it\/pt-pt\/be-natural\/#breadcrumb","itemListElement":[{"@type":"ListItem","position":1,"name":"Home","item":"https:\/\/ekre.it\/pt-pt\/"},{"@type":"ListItem","position":2,"name":"Be Natural"}]},{"@type":"WebSite","@id":"https:\/\/ekre.it\/pt-pt\/#website","url":"https:\/\/ekre.it\/pt-pt\/","name":"Ekre - Be Natural","description":"","potentialAction":[{"@type":"SearchAction","target":{"@type":"EntryPoint","urlTemplate":"https:\/\/ekre.it\/pt-pt\/?s={search_term_string}"},"query-input":{"@type":"PropertyValueSpecification","valueRequired":true,"valueName":"search_term_string"}}],"inLanguage":"pt-PT"}]}},"_links":{"self":[{"href":"https:\/\/ekre.it\/pt-pt\/wp-json\/wp\/v2\/pages\/6709","targetHints":{"allow":["GET"]}}],"collection":[{"href":"https:\/\/ekre.it\/pt-pt\/wp-json\/wp\/v2\/pages"}],"about":[{"href":"https:\/\/ekre.it\/pt-pt\/wp-json\/wp\/v2\/types\/page"}],"author":[{"embeddable":true,"href":"https:\/\/ekre.it\/pt-pt\/wp-json\/wp\/v2\/users\/1"}],"replies":[{"embeddable":true,"href":"https:\/\/ekre.it\/pt-pt\/wp-json\/wp\/v2\/comments?post=6709"}],"version-history":[{"count":0,"href":"https:\/\/ekre.it\/pt-pt\/wp-json\/wp\/v2\/pages\/6709\/revisions"}],"wp:attachment":[{"href":"https:\/\/ekre.it\/pt-pt\/wp-json\/wp\/v2\/media?parent=6709"}],"curies":[{"name":"wp","href":"https:\/\/api.w.org\/{rel}","templated":true}]}}