{"id":5240,"date":"2024-05-29T12:14:05","date_gmt":"2024-05-29T10:14:05","guid":{"rendered":"https:\/\/ekre.it\/prodotto\/5240\/"},"modified":"2024-05-30T12:23:49","modified_gmt":"2024-05-30T10:23:49","slug":"5240","status":"publish","type":"product","link":"https:\/\/ekre.it\/pt-pt\/prodotto\/5240\/","title":{"rendered":"Estensy &#8211; Creme cosm\u00e9tico colorante sem amon\u00edaco"},"content":{"rendered":"<div class=\"wpb-content-wrapper\">[vc_row el_class=&#8221;bordo_benefici&#8221;][vc_column][vc_column_text css=&#8221;&#8221;]\n<h2 style=\"text-align: left;\">Benef\u00edcios<\/h2>\n<ul>\n<li>Cobertura os cabelos brancos at\u00e9 100%<\/li>\n<li>Cor duradoura com reflexos intensos e naturais<\/li>\n<li>Respeito total pela pele<\/li>\n<li>Melhora o brilho do cabelo<\/li>\n<li>O \u00d3leo de Am\u00eandoas hidrata, suaviza e fortifica<\/li>\n<li>Os extratos de alperce e de cal\u00eandula oferecem propriedades nutritivas e calmantes incr\u00edveis<\/li>\n<\/ul>\n[\/vc_column_text][\/vc_column][\/vc_row][vc_row][vc_column][vc_empty_space height=&#8221;80px&#8221;][\/vc_column][\/vc_row][vc_row][vc_column][vc_column_text css=&#8221;&#8221;]\n<h2 style=\"text-align: center;\">Produtos Relacionados<\/h2>\n[\/vc_column_text]<style type=\"text\/css\" data-type=\"the7_shortcodes-inline-css\">.products-carousel-shortcode.products-carousel-shortcode-id-18480f36e05517e267ab51d06bdb2c1d .owl-nav a {\n  width: 36px;\n  height: 36px;\n  border-radius: 500px;\n}\n.dt-arrow-border-on.products-carousel-shortcode.products-carousel-shortcode-id-18480f36e05517e267ab51d06bdb2c1d .owl-nav a:not(:hover):before {\n  border-width: 0px;\n}\n.dt-arrow-hover-border-on.products-carousel-shortcode.products-carousel-shortcode-id-18480f36e05517e267ab51d06bdb2c1d .owl-nav a:hover:after {\n  border-width: 0px;\n}\n.products-carousel-shortcode.products-carousel-shortcode-id-18480f36e05517e267ab51d06bdb2c1d .owl-nav a.owl-prev {\n  top: 50%;\n  transform: translateY(calc(-50% + 0px));\n  left: -43px;\n}\n@media all and (-ms-high-contrast: none) {\n  .products-carousel-shortcode.products-carousel-shortcode-id-18480f36e05517e267ab51d06bdb2c1d .owl-nav a.owl-prev {\n    transform: translateY(-50%);\n    margin-top: 0px;\n  }\n}\n.products-carousel-shortcode.products-carousel-shortcode-id-18480f36e05517e267ab51d06bdb2c1d .owl-nav a.owl-prev i {\n  padding: 0px 0px 0px 0px;\n}\n.products-carousel-shortcode.products-carousel-shortcode-id-18480f36e05517e267ab51d06bdb2c1d .owl-nav a.owl-next {\n  top: 50%;\n  transform: translateY(calc(-50% + 0px));\n  right: -43px;\n}\n@media all and (-ms-high-contrast: none) {\n  .products-carousel-shortcode.products-carousel-shortcode-id-18480f36e05517e267ab51d06bdb2c1d .owl-nav a.owl-next {\n    transform: translateY(-50%);\n    margin-top: 0px;\n  }\n}\n.products-carousel-shortcode.products-carousel-shortcode-id-18480f36e05517e267ab51d06bdb2c1d .owl-nav a.owl-next i {\n  padding: 0px 0px 0px 0px;\n}\n.products-carousel-shortcode.products-carousel-shortcode-id-18480f36e05517e267ab51d06bdb2c1d .owl-nav i {\n  font-size: 18px;\n}\n.products-carousel-shortcode.products-carousel-shortcode-id-18480f36e05517e267ab51d06bdb2c1d .owl-nav a:not(:hover) i,\n.products-carousel-shortcode.products-carousel-shortcode-id-18480f36e05517e267ab51d06bdb2c1d .owl-nav a:not(:hover) i:before {\n  color: #ffffff;\n  background: none;\n}\n.products-carousel-shortcode.products-carousel-shortcode-id-18480f36e05517e267ab51d06bdb2c1d .owl-nav a:hover i,\n.products-carousel-shortcode.products-carousel-shortcode-id-18480f36e05517e267ab51d06bdb2c1d .owl-nav a:hover i:before {\n  color: rgba(255,255,255,0.75);\n  background: none;\n}\n.products-carousel-shortcode.products-carousel-shortcode-id-18480f36e05517e267ab51d06bdb2c1d .owl-dots {\n  top: calc(100% + 20px);\n  left: 50%;\n  transform: translateX(calc(-50% + 0px));\n}\n@media all and (-ms-high-contrast: none) {\n  .products-carousel-shortcode.products-carousel-shortcode-id-18480f36e05517e267ab51d06bdb2c1d .owl-dots {\n    transform: translateX(-50%);\n    margin-left: 0px;\n  }\n}\n.products-carousel-shortcode.products-carousel-shortcode-id-18480f36e05517e267ab51d06bdb2c1d .owl-dot {\n  width: 10px;\n  height: 10px;\n  margin: 0 8px;\n}\n.bullets-scale-up.products-carousel-shortcode.products-carousel-shortcode-id-18480f36e05517e267ab51d06bdb2c1d .owl-dot:not(.active):not(:hover) span {\n  background: #dbd6cc;\n}\n.bullets-scale-up.products-carousel-shortcode.products-carousel-shortcode-id-18480f36e05517e267ab51d06bdb2c1d .owl-dot:not(.active):hover span,\n.bullets-scale-up.products-carousel-shortcode.products-carousel-shortcode-id-18480f36e05517e267ab51d06bdb2c1d .owl-dot.active span {\n  background: #8d847a;\n}\n.bullets-stroke.products-carousel-shortcode.products-carousel-shortcode-id-18480f36e05517e267ab51d06bdb2c1d .owl-dot:not(.active):not(:hover) span {\n  background: #dbd6cc;\n}\n.bullets-stroke.products-carousel-shortcode.products-carousel-shortcode-id-18480f36e05517e267ab51d06bdb2c1d .owl-dot:not(.active):hover span {\n  background: #8d847a;\n}\n.bullets-stroke.products-carousel-shortcode.products-carousel-shortcode-id-18480f36e05517e267ab51d06bdb2c1d .owl-dot.active span {\n  box-shadow: 0 0 0 2px #8d847a;\n}\n.bullets-fill-in.products-carousel-shortcode.products-carousel-shortcode-id-18480f36e05517e267ab51d06bdb2c1d .owl-dot:not(.active):not(:hover) span {\n  box-shadow: inset 0 0 0 2px #dbd6cc;\n}\n.bullets-fill-in.products-carousel-shortcode.products-carousel-shortcode-id-18480f36e05517e267ab51d06bdb2c1d .owl-dot:not(.active):hover span {\n  box-shadow: inset 0 0 0 2px #8d847a;\n}\n.bullets-fill-in.products-carousel-shortcode.products-carousel-shortcode-id-18480f36e05517e267ab51d06bdb2c1d .owl-dot.active span {\n  box-shadow: inset 0 0 0 20px #8d847a;\n}\n.bullets-small-dot-stroke.products-carousel-shortcode.products-carousel-shortcode-id-18480f36e05517e267ab51d06bdb2c1d .owl-dot:not(.active):not(:hover) span {\n  background: #dbd6cc;\n}\n.bullets-small-dot-stroke.products-carousel-shortcode.products-carousel-shortcode-id-18480f36e05517e267ab51d06bdb2c1d .owl-dot:not(.active):hover span,\n.bullets-small-dot-stroke.products-carousel-shortcode.products-carousel-shortcode-id-18480f36e05517e267ab51d06bdb2c1d .owl-dot.active span {\n  background: #8d847a;\n}\n.bullets-small-dot-stroke.products-carousel-shortcode.products-carousel-shortcode-id-18480f36e05517e267ab51d06bdb2c1d .owl-dot.active {\n  box-shadow: 0 0 0 2px #8d847a;\n}\n.bullets-ubax.products-carousel-shortcode.products-carousel-shortcode-id-18480f36e05517e267ab51d06bdb2c1d .owl-dot span {\n  background: #dbd6cc;\n}\n.bullets-ubax.products-carousel-shortcode.products-carousel-shortcode-id-18480f36e05517e267ab51d06bdb2c1d .owl-dot.active span {\n  border-color: #8d847a;\n}\n.bullets-ubax.products-carousel-shortcode.products-carousel-shortcode-id-18480f36e05517e267ab51d06bdb2c1d .owl-dot:not(.active):hover span {\n  background: #8d847a;\n}\n.bullets-etefu.products-carousel-shortcode.products-carousel-shortcode-id-18480f36e05517e267ab51d06bdb2c1d .owl-dot span {\n  background: #dbd6cc;\n}\n.bullets-etefu.products-carousel-shortcode.products-carousel-shortcode-id-18480f36e05517e267ab51d06bdb2c1d .owl-dot:not(.active):hover span {\n  background: #8d847a;\n}\n.bullets-etefu.products-carousel-shortcode.products-carousel-shortcode-id-18480f36e05517e267ab51d06bdb2c1d .owl-dot span:before {\n  background: #8d847a;\n}\n.accent-gradient .bullets-etefu.products-carousel-shortcode.products-carousel-shortcode-id-18480f36e05517e267ab51d06bdb2c1d .owl-dot span:before {\n  background: #8d847a;\n}\n@media screen and (max-width: 778px) {\n  .products-carousel-shortcode.products-carousel-shortcode-id-18480f36e05517e267ab51d06bdb2c1d.hide-arrows .owl-nav a {\n    display: none;\n  }\n}\n@media screen and (max-width: 778px) {\n  .products-carousel-shortcode.products-carousel-shortcode-id-18480f36e05517e267ab51d06bdb2c1d.reposition-arrows .owl-nav .owl-prev {\n    top: 50%;\n    transform: translateY(calc(-50% + 0px));\n    left: 10px;\n  }\n  .products-carousel-shortcode.products-carousel-shortcode-id-18480f36e05517e267ab51d06bdb2c1d.reposition-arrows .owl-nav .owl-next {\n    top: 50%;\n    transform: translateY(calc(-50% + 0px));\n    right: 10px;\n  }\n}\n@media screen and (max-width: 778px) and all and (-ms-high-contrast: none) {\n  .products-carousel-shortcode.products-carousel-shortcode-id-18480f36e05517e267ab51d06bdb2c1d.reposition-arrows .owl-nav .owl-prev {\n    transform: translateY(-50%);\n    margin-top: 0px;\n  }\n}\n@media screen and (max-width: 778px) and all and (-ms-high-contrast: none) {\n  .products-carousel-shortcode.products-carousel-shortcode-id-18480f36e05517e267ab51d06bdb2c1d.reposition-arrows .owl-nav .owl-next {\n    transform: translateY(-50%);\n    margin-top: 0px;\n  }\n}<\/style><div class=\"owl-carousel products-carousel-shortcode dt-owl-carousel-call products-carousel-shortcode-id-18480f36e05517e267ab51d06bdb2c1d cart-btn-below-img bullets-ubax reposition-arrows arrows-bg-on dt-arrow-border-on dt-arrow-hover-border-on disable-arrows-hover-bg arrows-hover-bg-on  wc-img-hover hide-description hide-rating bordo_prodotti_correlati\" data-scroll-mode=\"1\" data-wide-col-num=\"4\" data-col-num=\"3\" data-laptop-col=\"3\" data-h-tablet-columns-num=\"3\" data-v-tablet-columns-num=\"2\" data-phone-columns-num=\"1\" data-auto-height=\"true\" data-col-gap=\"30\" data-stage-padding=\"0\" data-speed=\"600\" data-autoplay=\"false\" data-autoplay_speed=\"6000\" data-arrows=\"false\" data-bullet=\"true\" data-next-icon=\"icon-ar-017-r\" data-prev-icon=\"icon-ar-017-l\"><article class=\"post post-5090 product type-product status-publish has-post-thumbnail product_cat-coloracoes description-off first instock shipping-taxable purchasable product-type-variable\" ><figure class=\"woocom-project\">\n\t<div class=\"woo-buttons-on-img\">\n\n\t\t<a href=\"https:\/\/ekre.it\/pt-pt\/prodotto\/lightkrome-coloracao-tom-sobre-tom\/\" class=\"alignnone layzr-bg\"><img loading=\"lazy\" decoding=\"async\" width=\"300\" height=\"300\" src=\"data:image\/svg+xml;charset=utf-8,%3Csvg xmlns%3D&#039;http%3A%2F%2Fwww.w3.org%2F2000%2Fsvg&#039; viewBox%3D&#039;0 0 300 300&#039;%2F%3E\" class=\"attachment-woocommerce_thumbnail size-woocommerce_thumbnail owl-lazy-load preload-me\" alt=\"Lightkrome - Colora\u00e7\u00e3o tom sobre tom\" data-src=\"https:\/\/ekre.it\/wp-content\/uploads\/2024\/05\/40100_ekre_lightkrome_delicate_tone_on_tone_hair_colour_100ml-1-300x300.png\" data-srcset=\"https:\/\/ekre.it\/wp-content\/uploads\/2024\/05\/40100_ekre_lightkrome_delicate_tone_on_tone_hair_colour_100ml-1-300x300.png 300w, https:\/\/ekre.it\/wp-content\/uploads\/2024\/05\/40100_ekre_lightkrome_delicate_tone_on_tone_hair_colour_100ml-1-150x150.png 150w, https:\/\/ekre.it\/wp-content\/uploads\/2024\/05\/40100_ekre_lightkrome_delicate_tone_on_tone_hair_colour_100ml-1-200x200.png 200w, https:\/\/ekre.it\/wp-content\/uploads\/2024\/05\/40100_ekre_lightkrome_delicate_tone_on_tone_hair_colour_100ml-1.png 600w\" \/><\/a>\n\t<\/div>\n\t<figcaption class=\"woocom-list-content\">\n\n\t\t<div class=\"woo-buttons\"><a href=\"https:\/\/ekre.it\/pt-pt\/prodotto\/lightkrome-coloracao-tom-sobre-tom\/\" aria-describedby=\"woocommerce_loop_add_to_cart_link_describedby_5090\" data-quantity=\"1\" class=\"product_type_variable add_to_cart_button\" data-product_id=\"5090\" data-product_sku=\"\" aria-label=\"Seleccione as op\u00e7\u00f5es para &ldquo;Lightkrome - Colora\u00e7\u00e3o tom sobre tom&rdquo;\" rel=\"nofollow\">Ver op\u00e7\u00f5es<\/a>\t<span id=\"woocommerce_loop_add_to_cart_link_describedby_5090\" class=\"screen-reader-text\">\n\t\tThis product has multiple variants. The options may be chosen on the product page\t<\/span>\n<\/div>\n\t<\/figcaption>\n<\/figure>\n<\/article><article class=\"post post-5561 product type-product status-publish has-post-thumbnail product_cat-coloracoes description-off  instock shipping-taxable purchasable product-type-variable\" ><figure class=\"woocom-project\">\n\t<div class=\"woo-buttons-on-img\">\n\n\t\t<a href=\"https:\/\/ekre.it\/pt-pt\/prodotto\/artcolor-creme-de-coloracao-cosmetica\/\" class=\"alignnone layzr-bg\"><img loading=\"lazy\" decoding=\"async\" width=\"300\" height=\"300\" src=\"data:image\/svg+xml;charset=utf-8,%3Csvg xmlns%3D&#039;http%3A%2F%2Fwww.w3.org%2F2000%2Fsvg&#039; viewBox%3D&#039;0 0 300 300&#039;%2F%3E\" class=\"attachment-woocommerce_thumbnail size-woocommerce_thumbnail owl-lazy-load preload-me\" alt=\"Artcolor - Creme de colora\u00e7\u00e3o cosm\u00e9tica\" data-src=\"https:\/\/ekre.it\/wp-content\/uploads\/2024\/05\/ekre_art_color_cosmetic_colouring_cream_100ml-2-1-300x300.png\" data-srcset=\"https:\/\/ekre.it\/wp-content\/uploads\/2024\/05\/ekre_art_color_cosmetic_colouring_cream_100ml-2-1-300x300.png 300w, https:\/\/ekre.it\/wp-content\/uploads\/2024\/05\/ekre_art_color_cosmetic_colouring_cream_100ml-2-1-150x150.png 150w, https:\/\/ekre.it\/wp-content\/uploads\/2024\/05\/ekre_art_color_cosmetic_colouring_cream_100ml-2-1-200x200.png 200w, https:\/\/ekre.it\/wp-content\/uploads\/2024\/05\/ekre_art_color_cosmetic_colouring_cream_100ml-2-1.png 600w\" \/><\/a>\n\t<\/div>\n\t<figcaption class=\"woocom-list-content\">\n\n\t\t<div class=\"woo-buttons\"><a href=\"https:\/\/ekre.it\/pt-pt\/prodotto\/artcolor-creme-de-coloracao-cosmetica\/\" aria-describedby=\"woocommerce_loop_add_to_cart_link_describedby_5561\" data-quantity=\"1\" class=\"product_type_variable add_to_cart_button\" data-product_id=\"5561\" data-product_sku=\"\" aria-label=\"Seleccione as op\u00e7\u00f5es para &ldquo;Artcolor - Creme de colora\u00e7\u00e3o cosm\u00e9tica&rdquo;\" rel=\"nofollow\">Ver op\u00e7\u00f5es<\/a>\t<span id=\"woocommerce_loop_add_to_cart_link_describedby_5561\" class=\"screen-reader-text\">\n\t\tThis product has multiple variants. The options may be chosen on the product page\t<\/span>\n<\/div>\n\t<\/figcaption>\n<\/figure>\n<\/article><article class=\"post post-5681 product type-product status-publish has-post-thumbnail product_cat-coloracoes description-off  instock shipping-taxable purchasable product-type-variable\" ><figure class=\"woocom-project\">\n\t<div class=\"woo-buttons-on-img\">\n\n\t\t<a href=\"https:\/\/ekre.it\/pt-pt\/prodotto\/switch-on-mascara-com-cor-com-reflexosv\/\" class=\"alignnone layzr-bg\"><img loading=\"lazy\" decoding=\"async\" width=\"300\" height=\"300\" src=\"data:image\/svg+xml;charset=utf-8,%3Csvg xmlns%3D&#039;http%3A%2F%2Fwww.w3.org%2F2000%2Fsvg&#039; viewBox%3D&#039;0 0 300 300&#039;%2F%3E\" class=\"attachment-woocommerce_thumbnail size-woocommerce_thumbnail owl-lazy-load preload-me\" alt=\"Switch On - M\u00e1scara com cor com reflexosv\" data-src=\"https:\/\/ekre.it\/wp-content\/uploads\/2024\/05\/40303_ekre_switchon_colour_reflection_mask_violet_200ml-1-300x300.png\" data-srcset=\"https:\/\/ekre.it\/wp-content\/uploads\/2024\/05\/40303_ekre_switchon_colour_reflection_mask_violet_200ml-1-300x300.png 300w, https:\/\/ekre.it\/wp-content\/uploads\/2024\/05\/40303_ekre_switchon_colour_reflection_mask_violet_200ml-1-150x150.png 150w, https:\/\/ekre.it\/wp-content\/uploads\/2024\/05\/40303_ekre_switchon_colour_reflection_mask_violet_200ml-1-768x768.png 768w, https:\/\/ekre.it\/wp-content\/uploads\/2024\/05\/40303_ekre_switchon_colour_reflection_mask_violet_200ml-1-600x600.png 600w, https:\/\/ekre.it\/wp-content\/uploads\/2024\/05\/40303_ekre_switchon_colour_reflection_mask_violet_200ml-1-200x200.png 200w, https:\/\/ekre.it\/wp-content\/uploads\/2024\/05\/40303_ekre_switchon_colour_reflection_mask_violet_200ml-1.png 800w\" \/><\/a>\n\t<\/div>\n\t<figcaption class=\"woocom-list-content\">\n\n\t\t<div class=\"woo-buttons\"><a href=\"https:\/\/ekre.it\/pt-pt\/prodotto\/switch-on-mascara-com-cor-com-reflexosv\/\" aria-describedby=\"woocommerce_loop_add_to_cart_link_describedby_5681\" data-quantity=\"1\" class=\"product_type_variable add_to_cart_button\" data-product_id=\"5681\" data-product_sku=\"\" aria-label=\"Seleccione as op\u00e7\u00f5es para &ldquo;Switch On - M\u00e1scara com cor com reflexosv&rdquo;\" rel=\"nofollow\">Ver op\u00e7\u00f5es<\/a>\t<span id=\"woocommerce_loop_add_to_cart_link_describedby_5681\" class=\"screen-reader-text\">\n\t\tThis product has multiple variants. The options may be chosen on the product page\t<\/span>\n<\/div>\n\t<\/figcaption>\n<\/figure>\n<\/article><\/div>[\/vc_column][\/vc_row]\n<\/div>","protected":false},"excerpt":{"rendered":"<p class=\"p1\"><b>Estensy <\/b>\u00e9 o creme cosm\u00e9tico colorante, ideal tanto para <b>cobrir uniformemente os cabelosb brancos <\/b>como para dar <b>luminosidade e <\/b>durabilidade \u00e0s madeixas. Foi desenvolvido para garantir um <b>desempenho excecional<\/b> e transformar a experi\u00eancia de colora\u00e7\u00e3o num <b>ritual de beleza<\/b>.<\/p>\n<p class=\"p2\">Gra\u00e7as \u00e0 sua <b>formula\u00e7\u00e3o sem amon\u00edaco <\/b>e com <b>\u00f3leo de am\u00eandoas e extratos de alperce e cal\u00eandula, preciosos princ\u00edpios ativos <\/b>de origem natural, atua suavemente, <b>conferindo <\/b>brilho e hidrata\u00e7\u00e3o profunda aos cabelos.<\/p>\n<p class=\"p2\"><span class=\"Apple-converted-space\">\u00a0<\/span>Uso profissional<\/p>\n<p class=\"p1\">41 nuances<\/p>\n<p class=\"p1\">100 ml<\/p>\n<p><b>Certificado VEGANOK, <\/b><span style=\"font-weight: 400;\">este produto<\/span><b> n\u00e3o apresenta nenhum ingrediente de origem animal e respeita totalmente os valores \u00e9ticos Vegan.<\/b><br \/>\n<img loading=\"lazy\" decoding=\"async\" class=\"alignnone size-full wp-image-11033\" src=\"https:\/\/ekre.it\/wp-content\/uploads\/2023\/10\/vegan_3.png\" alt=\"\" width=\"60\" height=\"68\" \/><\/p>\n<p class=\"p2\">\n","protected":false},"featured_media":3099,"template":"","meta":[],"product_brand":[],"product_cat":[896],"product_tag":[],"class_list":{"0":"post-5240","1":"product","2":"type-product","3":"status-publish","4":"has-post-thumbnail","6":"product_cat-coloracoes","7":"description-off","9":"last","10":"instock","11":"shipping-taxable","12":"purchasable","13":"product-type-variable"},"yoast_head":"<!-- This site is optimized with the Yoast SEO plugin v26.7 - https:\/\/yoast.com\/wordpress\/plugins\/seo\/ -->\n<title>Estensy - Creme cosm\u00e9tico colorante sem amon\u00edaco - Ekre - Be Natural<\/title>\n<meta name=\"robots\" content=\"index, follow, max-snippet:-1, max-image-preview:large, max-video-preview:-1\" \/>\n<link rel=\"canonical\" href=\"https:\/\/ekre.it\/pt-pt\/prodotto\/5240\/\" \/>\n<meta property=\"og:locale\" content=\"pt_PT\" \/>\n<meta property=\"og:type\" content=\"article\" \/>\n<meta property=\"og:title\" content=\"Estensy - Creme cosm\u00e9tico colorante sem amon\u00edaco - Ekre - Be Natural\" \/>\n<meta property=\"og:description\" content=\"Estensy \u00e9 o creme cosm\u00e9tico colorante, ideal tanto para cobrir uniformemente os cabelosb brancos como para dar luminosidade e durabilidade \u00e0s madeixas. Foi desenvolvido para garantir um desempenho excecional e transformar a experi\u00eancia de colora\u00e7\u00e3o num ritual de beleza. Gra\u00e7as \u00e0 sua formula\u00e7\u00e3o sem amon\u00edaco e com \u00f3leo de am\u00eandoas e extratos de alperce e cal\u00eandula, preciosos princ\u00edpios ativos de origem natural, atua suavemente, conferindo brilho e hidrata\u00e7\u00e3o profunda aos cabelos. \u00a0Uso profissional 41 nuances 100 ml Certificado VEGANOK, este produto n\u00e3o apresenta nenhum ingrediente de origem animal e respeita totalmente os valores \u00e9ticos Vegan.\" \/>\n<meta property=\"og:url\" content=\"https:\/\/ekre.it\/pt-pt\/prodotto\/5240\/\" \/>\n<meta property=\"og:site_name\" content=\"Ekre - Be Natural\" \/>\n<meta property=\"article:modified_time\" content=\"2024-05-30T10:23:49+00:00\" \/>\n<meta property=\"og:image\" content=\"https:\/\/ekre.it\/wp-content\/uploads\/2024\/05\/40170_ekre_estency_100ml-1.png\" \/>\n\t<meta property=\"og:image:width\" content=\"800\" \/>\n\t<meta property=\"og:image:height\" content=\"800\" \/>\n\t<meta property=\"og:image:type\" content=\"image\/png\" \/>\n<meta name=\"twitter:card\" content=\"summary_large_image\" \/>\n<meta name=\"twitter:label1\" content=\"Tempo estimado de leitura\" \/>\n\t<meta name=\"twitter:data1\" content=\"1 minuto\" \/>\n<script type=\"application\/ld+json\" class=\"yoast-schema-graph\">{\"@context\":\"https:\/\/schema.org\",\"@graph\":[{\"@type\":\"WebPage\",\"@id\":\"https:\/\/ekre.it\/pt-pt\/prodotto\/5240\/\",\"url\":\"https:\/\/ekre.it\/pt-pt\/prodotto\/5240\/\",\"name\":\"Estensy - Creme cosm\u00e9tico colorante sem amon\u00edaco - Ekre - Be Natural\",\"isPartOf\":{\"@id\":\"https:\/\/ekre.it\/pt-pt\/#website\"},\"primaryImageOfPage\":{\"@id\":\"https:\/\/ekre.it\/pt-pt\/prodotto\/5240\/#primaryimage\"},\"image\":{\"@id\":\"https:\/\/ekre.it\/pt-pt\/prodotto\/5240\/#primaryimage\"},\"thumbnailUrl\":\"https:\/\/ekre.it\/wp-content\/uploads\/2024\/05\/40170_ekre_estency_100ml-1.png\",\"datePublished\":\"2024-05-29T10:14:05+00:00\",\"dateModified\":\"2024-05-30T10:23:49+00:00\",\"breadcrumb\":{\"@id\":\"https:\/\/ekre.it\/pt-pt\/prodotto\/5240\/#breadcrumb\"},\"inLanguage\":\"pt-PT\",\"potentialAction\":[{\"@type\":\"ReadAction\",\"target\":[\"https:\/\/ekre.it\/pt-pt\/prodotto\/5240\/\"]}]},{\"@type\":\"ImageObject\",\"inLanguage\":\"pt-PT\",\"@id\":\"https:\/\/ekre.it\/pt-pt\/prodotto\/5240\/#primaryimage\",\"url\":\"https:\/\/ekre.it\/wp-content\/uploads\/2024\/05\/40170_ekre_estency_100ml-1.png\",\"contentUrl\":\"https:\/\/ekre.it\/wp-content\/uploads\/2024\/05\/40170_ekre_estency_100ml-1.png\",\"width\":800,\"height\":800},{\"@type\":\"BreadcrumbList\",\"@id\":\"https:\/\/ekre.it\/pt-pt\/prodotto\/5240\/#breadcrumb\",\"itemListElement\":[{\"@type\":\"ListItem\",\"position\":1,\"name\":\"Home\",\"item\":\"https:\/\/ekre.it\/pt-pt\/\"},{\"@type\":\"ListItem\",\"position\":2,\"name\":\"Produtos\",\"item\":\"https:\/\/ekre.it\/pt-pt\/shop\/\"},{\"@type\":\"ListItem\",\"position\":3,\"name\":\"Estensy &#8211; Creme cosm\u00e9tico colorante sem amon\u00edaco\"}]},{\"@type\":\"WebSite\",\"@id\":\"https:\/\/ekre.it\/pt-pt\/#website\",\"url\":\"https:\/\/ekre.it\/pt-pt\/\",\"name\":\"Ekre - Be Natural\",\"description\":\"\",\"potentialAction\":[{\"@type\":\"SearchAction\",\"target\":{\"@type\":\"EntryPoint\",\"urlTemplate\":\"https:\/\/ekre.it\/pt-pt\/?s={search_term_string}\"},\"query-input\":{\"@type\":\"PropertyValueSpecification\",\"valueRequired\":true,\"valueName\":\"search_term_string\"}}],\"inLanguage\":\"pt-PT\"}]}<\/script>\n<!-- \/ Yoast SEO plugin. -->","yoast_head_json":{"title":"Estensy - Creme cosm\u00e9tico colorante sem amon\u00edaco - Ekre - Be Natural","robots":{"index":"index","follow":"follow","max-snippet":"max-snippet:-1","max-image-preview":"max-image-preview:large","max-video-preview":"max-video-preview:-1"},"canonical":"https:\/\/ekre.it\/pt-pt\/prodotto\/5240\/","og_locale":"pt_PT","og_type":"article","og_title":"Estensy - Creme cosm\u00e9tico colorante sem amon\u00edaco - Ekre - Be Natural","og_description":"Estensy \u00e9 o creme cosm\u00e9tico colorante, ideal tanto para cobrir uniformemente os cabelosb brancos como para dar luminosidade e durabilidade \u00e0s madeixas. Foi desenvolvido para garantir um desempenho excecional e transformar a experi\u00eancia de colora\u00e7\u00e3o num ritual de beleza. Gra\u00e7as \u00e0 sua formula\u00e7\u00e3o sem amon\u00edaco e com \u00f3leo de am\u00eandoas e extratos de alperce e cal\u00eandula, preciosos princ\u00edpios ativos de origem natural, atua suavemente, conferindo brilho e hidrata\u00e7\u00e3o profunda aos cabelos. \u00a0Uso profissional 41 nuances 100 ml Certificado VEGANOK, este produto n\u00e3o apresenta nenhum ingrediente de origem animal e respeita totalmente os valores \u00e9ticos Vegan.","og_url":"https:\/\/ekre.it\/pt-pt\/prodotto\/5240\/","og_site_name":"Ekre - Be Natural","article_modified_time":"2024-05-30T10:23:49+00:00","og_image":[{"width":800,"height":800,"url":"https:\/\/ekre.it\/wp-content\/uploads\/2024\/05\/40170_ekre_estency_100ml-1.png","type":"image\/png"}],"twitter_card":"summary_large_image","twitter_misc":{"Tempo estimado de leitura":"1 minuto"},"schema":{"@context":"https:\/\/schema.org","@graph":[{"@type":"WebPage","@id":"https:\/\/ekre.it\/pt-pt\/prodotto\/5240\/","url":"https:\/\/ekre.it\/pt-pt\/prodotto\/5240\/","name":"Estensy - Creme cosm\u00e9tico colorante sem amon\u00edaco - Ekre - Be Natural","isPartOf":{"@id":"https:\/\/ekre.it\/pt-pt\/#website"},"primaryImageOfPage":{"@id":"https:\/\/ekre.it\/pt-pt\/prodotto\/5240\/#primaryimage"},"image":{"@id":"https:\/\/ekre.it\/pt-pt\/prodotto\/5240\/#primaryimage"},"thumbnailUrl":"https:\/\/ekre.it\/wp-content\/uploads\/2024\/05\/40170_ekre_estency_100ml-1.png","datePublished":"2024-05-29T10:14:05+00:00","dateModified":"2024-05-30T10:23:49+00:00","breadcrumb":{"@id":"https:\/\/ekre.it\/pt-pt\/prodotto\/5240\/#breadcrumb"},"inLanguage":"pt-PT","potentialAction":[{"@type":"ReadAction","target":["https:\/\/ekre.it\/pt-pt\/prodotto\/5240\/"]}]},{"@type":"ImageObject","inLanguage":"pt-PT","@id":"https:\/\/ekre.it\/pt-pt\/prodotto\/5240\/#primaryimage","url":"https:\/\/ekre.it\/wp-content\/uploads\/2024\/05\/40170_ekre_estency_100ml-1.png","contentUrl":"https:\/\/ekre.it\/wp-content\/uploads\/2024\/05\/40170_ekre_estency_100ml-1.png","width":800,"height":800},{"@type":"BreadcrumbList","@id":"https:\/\/ekre.it\/pt-pt\/prodotto\/5240\/#breadcrumb","itemListElement":[{"@type":"ListItem","position":1,"name":"Home","item":"https:\/\/ekre.it\/pt-pt\/"},{"@type":"ListItem","position":2,"name":"Produtos","item":"https:\/\/ekre.it\/pt-pt\/shop\/"},{"@type":"ListItem","position":3,"name":"Estensy &#8211; Creme cosm\u00e9tico colorante sem amon\u00edaco"}]},{"@type":"WebSite","@id":"https:\/\/ekre.it\/pt-pt\/#website","url":"https:\/\/ekre.it\/pt-pt\/","name":"Ekre - Be Natural","description":"","potentialAction":[{"@type":"SearchAction","target":{"@type":"EntryPoint","urlTemplate":"https:\/\/ekre.it\/pt-pt\/?s={search_term_string}"},"query-input":{"@type":"PropertyValueSpecification","valueRequired":true,"valueName":"search_term_string"}}],"inLanguage":"pt-PT"}]}},"_links":{"self":[{"href":"https:\/\/ekre.it\/pt-pt\/wp-json\/wp\/v2\/product\/5240","targetHints":{"allow":["GET"]}}],"collection":[{"href":"https:\/\/ekre.it\/pt-pt\/wp-json\/wp\/v2\/product"}],"about":[{"href":"https:\/\/ekre.it\/pt-pt\/wp-json\/wp\/v2\/types\/product"}],"wp:featuredmedia":[{"embeddable":true,"href":"https:\/\/ekre.it\/pt-pt\/wp-json\/wp\/v2\/media\/3099"}],"wp:attachment":[{"href":"https:\/\/ekre.it\/pt-pt\/wp-json\/wp\/v2\/media?parent=5240"}],"wp:term":[{"taxonomy":"product_brand","embeddable":true,"href":"https:\/\/ekre.it\/pt-pt\/wp-json\/wp\/v2\/product_brand?post=5240"},{"taxonomy":"product_cat","embeddable":true,"href":"https:\/\/ekre.it\/pt-pt\/wp-json\/wp\/v2\/product_cat?post=5240"},{"taxonomy":"product_tag","embeddable":true,"href":"https:\/\/ekre.it\/pt-pt\/wp-json\/wp\/v2\/product_tag?post=5240"}],"curies":[{"name":"wp","href":"https:\/\/api.w.org\/{rel}","templated":true}]}}