{"id":5951,"date":"2024-05-22T16:40:26","date_gmt":"2024-05-22T14:40:26","guid":{"rendered":"https:\/\/ekre.it\/prodotto\/crazy-matt-cera-efeito-opaco\/"},"modified":"2024-08-05T09:03:23","modified_gmt":"2024-08-05T07:03:23","slug":"crazy-matt-cera-efeito-opaco","status":"publish","type":"product","link":"https:\/\/ekre.it\/pt-pt\/prodotto\/crazy-matt-cera-efeito-opaco\/","title":{"rendered":"Crazy matt &#8211; Cera efeito opaco"},"content":{"rendered":"<div class=\"wpb-content-wrapper\">[vc_row el_class=&#8221;bordo_benefici&#8221;][vc_column][vc_column_text css=&#8221;&#8221;]\n<h2 style=\"text-align: left;\">Benef\u00edcios<\/h2>\n<ul>\n<li><span style=\"font-weight: 400;\">Garante um <\/span><b>look natural e denso<\/b><\/li>\n<li style=\"font-weight: 400;\" aria-level=\"1\"><b>Caracteriza o estilo<\/b><span style=\"font-weight: 400;\"> com fixa\u00e7\u00e3o natural<\/span><\/li>\n<li style=\"font-weight: 400;\" aria-level=\"1\"><b>Textura suave<\/b><span style=\"font-weight: 400;\"> para um estilo sofisticado<\/span><\/li>\n<li style=\"font-weight: 400;\" aria-level=\"1\"><b>N\u00e3o<\/b><span style=\"font-weight: 400;\"> deixa o cabelo pesado<\/span><\/li>\n<\/ul>\n[\/vc_column_text][\/vc_column][\/vc_row][vc_row][vc_column][vc_empty_space height=&#8221;80px&#8221;][\/vc_column][\/vc_row][vc_row][vc_column][vc_column_text css=&#8221;&#8221;]\n<h2 style=\"text-align: center;\">Produtos Relacionados<\/h2>\n[\/vc_column_text]<style type=\"text\/css\" data-type=\"the7_shortcodes-inline-css\">.products-carousel-shortcode.products-carousel-shortcode-id-3f8a0c669cd55d1442f79e8158fdf0b1.owl-carousel .owl-nav div {\n  width: 36px;\n  height: 36px;\n  border-radius: 500px;\n}\n.dt-arrow-border-on.products-carousel-shortcode.products-carousel-shortcode-id-3f8a0c669cd55d1442f79e8158fdf0b1.owl-carousel .owl-nav div:not(:hover):before {\n  border-width: 0px;\n}\n.dt-arrow-hover-border-on.products-carousel-shortcode.products-carousel-shortcode-id-3f8a0c669cd55d1442f79e8158fdf0b1.owl-carousel .owl-nav div:hover:after {\n  border-width: 0px;\n}\n.products-carousel-shortcode.products-carousel-shortcode-id-3f8a0c669cd55d1442f79e8158fdf0b1.owl-carousel .owl-nav div.owl-prev {\n  top: 50%;\n  transform: translateY(calc(-50% + 0px));\n  left: -43px;\n}\n@media all and (-ms-high-contrast: none) {\n  .products-carousel-shortcode.products-carousel-shortcode-id-3f8a0c669cd55d1442f79e8158fdf0b1.owl-carousel .owl-nav div.owl-prev {\n    transform: translateY(-50%);\n    margin-top: 0px;\n  }\n}\n.products-carousel-shortcode.products-carousel-shortcode-id-3f8a0c669cd55d1442f79e8158fdf0b1.owl-carousel .owl-nav div.owl-prev i {\n  padding: 0px 0px 0px 0px;\n}\n.products-carousel-shortcode.products-carousel-shortcode-id-3f8a0c669cd55d1442f79e8158fdf0b1.owl-carousel .owl-nav div.owl-next {\n  top: 50%;\n  transform: translateY(calc(-50% + 0px));\n  right: -43px;\n}\n@media all and (-ms-high-contrast: none) {\n  .products-carousel-shortcode.products-carousel-shortcode-id-3f8a0c669cd55d1442f79e8158fdf0b1.owl-carousel .owl-nav div.owl-next {\n    transform: translateY(-50%);\n    margin-top: 0px;\n  }\n}\n.products-carousel-shortcode.products-carousel-shortcode-id-3f8a0c669cd55d1442f79e8158fdf0b1.owl-carousel .owl-nav div.owl-next i {\n  padding: 0px 0px 0px 0px;\n}\n.products-carousel-shortcode.products-carousel-shortcode-id-3f8a0c669cd55d1442f79e8158fdf0b1.owl-carousel .owl-nav i {\n  font-size: 18px;\n}\n.products-carousel-shortcode.products-carousel-shortcode-id-3f8a0c669cd55d1442f79e8158fdf0b1.owl-carousel .owl-nav div:not(:hover) i,\n.products-carousel-shortcode.products-carousel-shortcode-id-3f8a0c669cd55d1442f79e8158fdf0b1.owl-carousel .owl-nav div:not(:hover) i:before {\n  color: #ffffff;\n  background: none;\n}\n.products-carousel-shortcode.products-carousel-shortcode-id-3f8a0c669cd55d1442f79e8158fdf0b1.owl-carousel .owl-nav div:hover i,\n.products-carousel-shortcode.products-carousel-shortcode-id-3f8a0c669cd55d1442f79e8158fdf0b1.owl-carousel .owl-nav div:hover i:before {\n  color: rgba(255,255,255,0.75);\n  background: none;\n}\n.products-carousel-shortcode.products-carousel-shortcode-id-3f8a0c669cd55d1442f79e8158fdf0b1 .owl-dots {\n  top: calc(100% + 20px);\n  left: 50%;\n  transform: translateX(calc(-50% + 0px));\n}\n@media all and (-ms-high-contrast: none) {\n  .products-carousel-shortcode.products-carousel-shortcode-id-3f8a0c669cd55d1442f79e8158fdf0b1 .owl-dots {\n    transform: translateX(-50%);\n    margin-left: 0px;\n  }\n}\n.products-carousel-shortcode.products-carousel-shortcode-id-3f8a0c669cd55d1442f79e8158fdf0b1 .owl-dot {\n  width: 10px;\n  height: 10px;\n  margin: 0 8px;\n}\n.bullets-scale-up.products-carousel-shortcode.products-carousel-shortcode-id-3f8a0c669cd55d1442f79e8158fdf0b1 .owl-dot:not(.active):not(:hover) span {\n  background: #dbd6cc;\n}\n.bullets-scale-up.products-carousel-shortcode.products-carousel-shortcode-id-3f8a0c669cd55d1442f79e8158fdf0b1 .owl-dot:not(.active):hover span,\n.bullets-scale-up.products-carousel-shortcode.products-carousel-shortcode-id-3f8a0c669cd55d1442f79e8158fdf0b1 .owl-dot.active span {\n  background: #8d847a;\n}\n.bullets-stroke.products-carousel-shortcode.products-carousel-shortcode-id-3f8a0c669cd55d1442f79e8158fdf0b1 .owl-dot:not(.active):not(:hover) span {\n  background: #dbd6cc;\n}\n.bullets-stroke.products-carousel-shortcode.products-carousel-shortcode-id-3f8a0c669cd55d1442f79e8158fdf0b1 .owl-dot:not(.active):hover span {\n  background: #8d847a;\n}\n.bullets-stroke.products-carousel-shortcode.products-carousel-shortcode-id-3f8a0c669cd55d1442f79e8158fdf0b1 .owl-dot.active span {\n  box-shadow: 0 0 0 2px #8d847a;\n}\n.bullets-fill-in.products-carousel-shortcode.products-carousel-shortcode-id-3f8a0c669cd55d1442f79e8158fdf0b1 .owl-dot:not(.active):not(:hover) span {\n  box-shadow: inset 0 0 0 2px #dbd6cc;\n}\n.bullets-fill-in.products-carousel-shortcode.products-carousel-shortcode-id-3f8a0c669cd55d1442f79e8158fdf0b1 .owl-dot:not(.active):hover span {\n  box-shadow: inset 0 0 0 2px #8d847a;\n}\n.bullets-fill-in.products-carousel-shortcode.products-carousel-shortcode-id-3f8a0c669cd55d1442f79e8158fdf0b1 .owl-dot.active span {\n  box-shadow: inset 0 0 0 20px #8d847a;\n}\n.bullets-small-dot-stroke.products-carousel-shortcode.products-carousel-shortcode-id-3f8a0c669cd55d1442f79e8158fdf0b1 .owl-dot:not(.active):not(:hover) span {\n  background: #dbd6cc;\n}\n.bullets-small-dot-stroke.products-carousel-shortcode.products-carousel-shortcode-id-3f8a0c669cd55d1442f79e8158fdf0b1 .owl-dot:not(.active):hover span,\n.bullets-small-dot-stroke.products-carousel-shortcode.products-carousel-shortcode-id-3f8a0c669cd55d1442f79e8158fdf0b1 .owl-dot.active span {\n  background: #8d847a;\n}\n.bullets-small-dot-stroke.products-carousel-shortcode.products-carousel-shortcode-id-3f8a0c669cd55d1442f79e8158fdf0b1 .owl-dot.active {\n  box-shadow: 0 0 0 2px #8d847a;\n}\n.bullets-ubax.products-carousel-shortcode.products-carousel-shortcode-id-3f8a0c669cd55d1442f79e8158fdf0b1 .owl-dot span {\n  background: #dbd6cc;\n}\n.bullets-ubax.products-carousel-shortcode.products-carousel-shortcode-id-3f8a0c669cd55d1442f79e8158fdf0b1 .owl-dot.active span {\n  border-color: #8d847a;\n}\n.bullets-ubax.products-carousel-shortcode.products-carousel-shortcode-id-3f8a0c669cd55d1442f79e8158fdf0b1 .owl-dot:not(.active):hover span {\n  background: #8d847a;\n}\n.bullets-etefu.products-carousel-shortcode.products-carousel-shortcode-id-3f8a0c669cd55d1442f79e8158fdf0b1 .owl-dot span {\n  background: #dbd6cc;\n}\n.bullets-etefu.products-carousel-shortcode.products-carousel-shortcode-id-3f8a0c669cd55d1442f79e8158fdf0b1 .owl-dot:not(.active):hover span {\n  background: #8d847a;\n}\n.bullets-etefu.products-carousel-shortcode.products-carousel-shortcode-id-3f8a0c669cd55d1442f79e8158fdf0b1 .owl-dot span:before {\n  background: #8d847a;\n}\n.accent-gradient .bullets-etefu.products-carousel-shortcode.products-carousel-shortcode-id-3f8a0c669cd55d1442f79e8158fdf0b1 .owl-dot span:before {\n  background: #8d847a;\n}\n@media screen and (max-width: 778px) {\n  .products-carousel-shortcode.products-carousel-shortcode-id-3f8a0c669cd55d1442f79e8158fdf0b1.hide-arrows .owl-nav a {\n    display: none;\n  }\n}\n@media screen and (max-width: 778px) {\n  .products-carousel-shortcode.products-carousel-shortcode-id-3f8a0c669cd55d1442f79e8158fdf0b1.reposition-arrows .owl-nav .owl-prev {\n    top: 50%;\n    transform: translateY(calc(-50% + 0px));\n    left: 10px;\n  }\n  .products-carousel-shortcode.products-carousel-shortcode-id-3f8a0c669cd55d1442f79e8158fdf0b1.reposition-arrows .owl-nav .owl-next {\n    top: 50%;\n    transform: translateY(calc(-50% + 0px));\n    right: 10px;\n  }\n}\n@media screen and (max-width: 778px) and all and (-ms-high-contrast: none) {\n  .products-carousel-shortcode.products-carousel-shortcode-id-3f8a0c669cd55d1442f79e8158fdf0b1.reposition-arrows .owl-nav .owl-prev {\n    transform: translateY(-50%);\n    margin-top: 0px;\n  }\n}\n@media screen and (max-width: 778px) and all and (-ms-high-contrast: none) {\n  .products-carousel-shortcode.products-carousel-shortcode-id-3f8a0c669cd55d1442f79e8158fdf0b1.reposition-arrows .owl-nav .owl-next {\n    transform: translateY(-50%);\n    margin-top: 0px;\n  }\n}<\/style><div class=\"owl-carousel products-carousel-shortcode dt-owl-carousel-call products-carousel-shortcode-id-3f8a0c669cd55d1442f79e8158fdf0b1 cart-btn-below-img bullets-ubax reposition-arrows arrows-bg-on dt-arrow-border-on dt-arrow-hover-border-on disable-arrows-hover-bg arrows-hover-bg-on  wc-img-hover hide-description hide-rating bordo_prodotti_correlati\" data-scroll-mode=\"1\" data-wide-col-num=\"4\" data-col-num=\"3\" data-laptop-col=\"3\" data-h-tablet-columns-num=\"3\" data-v-tablet-columns-num=\"2\" data-phone-columns-num=\"1\" data-auto-height=\"true\" data-col-gap=\"30\" data-stage-padding=\"0\" data-speed=\"600\" data-autoplay=\"false\" data-autoplay_speed=\"6000\" data-arrows=\"false\" data-bullet=\"true\" data-next-icon=\"icon-ar-017-r\" data-prev-icon=\"icon-ar-017-l\"><article class=\"post post-5943 product type-product status-publish has-post-thumbnail product_cat-styling-finishing-pt-pt description-off first instock shipping-taxable product-type-simple\" ><figure class=\"woocom-project\">\n\t<div class=\"woo-buttons-on-img\">\n\n\t\t<a href=\"https:\/\/ekre.it\/pt-pt\/prodotto\/tex-up-pomade-pasta-modeladora\/\" class=\"alignnone layzr-bg\"><img loading=\"lazy\" decoding=\"async\" width=\"300\" height=\"300\" src=\"data:image\/svg+xml;charset=utf-8,%3Csvg xmlns%3D&#039;http%3A%2F%2Fwww.w3.org%2F2000%2Fsvg&#039; viewBox%3D&#039;0 0 300 300&#039;%2F%3E\" class=\"attachment-woocommerce_thumbnail size-woocommerce_thumbnail owl-lazy-load preload-me\" alt=\"Tex up pomade - Pasta modeladora\" data-src=\"https:\/\/ekre.it\/wp-content\/uploads\/2024\/07\/43014_ekre_project_tex_up_pomade_100ml-300x300.png\" data-srcset=\"https:\/\/ekre.it\/wp-content\/uploads\/2024\/07\/43014_ekre_project_tex_up_pomade_100ml-300x300.png 300w, https:\/\/ekre.it\/wp-content\/uploads\/2024\/07\/43014_ekre_project_tex_up_pomade_100ml-150x150.png 150w, https:\/\/ekre.it\/wp-content\/uploads\/2024\/07\/43014_ekre_project_tex_up_pomade_100ml-768x768.png 768w, https:\/\/ekre.it\/wp-content\/uploads\/2024\/07\/43014_ekre_project_tex_up_pomade_100ml-600x600.png 600w, https:\/\/ekre.it\/wp-content\/uploads\/2024\/07\/43014_ekre_project_tex_up_pomade_100ml-200x200.png 200w, https:\/\/ekre.it\/wp-content\/uploads\/2024\/07\/43014_ekre_project_tex_up_pomade_100ml.png 800w\" \/><\/a>\n\t<\/div>\n\t<figcaption class=\"woocom-list-content\">\n\n\t\t<div class=\"woo-buttons\"><a href=\"https:\/\/ekre.it\/pt-pt\/prodotto\/tex-up-pomade-pasta-modeladora\/\" aria-describedby=\"woocommerce_loop_add_to_cart_link_describedby_5943\" data-quantity=\"1\" class=\"product_type_simple ajax_add_to_cart\" data-product_id=\"5943\" data-product_sku=\"\" aria-label=\"Leia mais sobre &ldquo;Tex up pomade - Pasta modeladora&rdquo;\" rel=\"nofollow\" data-success_message=\"\">Ler mais<\/a>\t<span id=\"woocommerce_loop_add_to_cart_link_describedby_5943\" class=\"screen-reader-text\">\n\t\t\t<\/span>\n<\/div>\n\t<\/figcaption>\n<\/figure>\n<\/article><article class=\"post post-5947 product type-product status-publish has-post-thumbnail product_cat-styling-finishing-pt-pt description-off  instock featured shipping-taxable product-type-simple\" ><figure class=\"woocom-project\">\n\t<div class=\"woo-buttons-on-img\">\n\n\t\t<a href=\"https:\/\/ekre.it\/pt-pt\/prodotto\/joy-water-wax\/\" class=\"alignnone layzr-bg\"><img loading=\"lazy\" decoding=\"async\" width=\"300\" height=\"300\" src=\"data:image\/svg+xml;charset=utf-8,%3Csvg xmlns%3D&#039;http%3A%2F%2Fwww.w3.org%2F2000%2Fsvg&#039; viewBox%3D&#039;0 0 300 300&#039;%2F%3E\" class=\"attachment-woocommerce_thumbnail size-woocommerce_thumbnail owl-lazy-load preload-me\" alt=\"Joy - Water wax\" data-src=\"https:\/\/ekre.it\/wp-content\/uploads\/2024\/05\/43005_ekre_project_water_wax_500ml-2-300x300.png\" data-srcset=\"https:\/\/ekre.it\/wp-content\/uploads\/2024\/05\/43005_ekre_project_water_wax_500ml-2-300x300.png 300w, https:\/\/ekre.it\/wp-content\/uploads\/2024\/05\/43005_ekre_project_water_wax_500ml-2-1024x1024.png 1024w, https:\/\/ekre.it\/wp-content\/uploads\/2024\/05\/43005_ekre_project_water_wax_500ml-2-150x150.png 150w, https:\/\/ekre.it\/wp-content\/uploads\/2024\/05\/43005_ekre_project_water_wax_500ml-2-768x768.png 768w, https:\/\/ekre.it\/wp-content\/uploads\/2024\/05\/43005_ekre_project_water_wax_500ml-2-1536x1536.png 1536w, https:\/\/ekre.it\/wp-content\/uploads\/2024\/05\/43005_ekre_project_water_wax_500ml-2-600x600.png 600w, https:\/\/ekre.it\/wp-content\/uploads\/2024\/05\/43005_ekre_project_water_wax_500ml-2-200x200.png 200w, https:\/\/ekre.it\/wp-content\/uploads\/2024\/05\/43005_ekre_project_water_wax_500ml-2.png 2000w\" \/><\/a>\n\t<\/div>\n\t<figcaption class=\"woocom-list-content\">\n\n\t\t<div class=\"woo-buttons\"><a href=\"https:\/\/ekre.it\/pt-pt\/prodotto\/joy-water-wax\/\" aria-describedby=\"woocommerce_loop_add_to_cart_link_describedby_5947\" data-quantity=\"1\" class=\"product_type_simple ajax_add_to_cart\" data-product_id=\"5947\" data-product_sku=\"\" aria-label=\"Leia mais sobre &ldquo;Joy - Water wax&rdquo;\" rel=\"nofollow\" data-success_message=\"\">Ler mais<\/a>\t<span id=\"woocommerce_loop_add_to_cart_link_describedby_5947\" class=\"screen-reader-text\">\n\t\t\t<\/span>\n<\/div>\n\t<\/figcaption>\n<\/figure>\n<\/article><article class=\"post post-5959 product type-product status-publish has-post-thumbnail product_cat-styling-finishing-pt-pt description-off  instock shipping-taxable product-type-simple\" ><figure class=\"woocom-project\">\n\t<div class=\"woo-buttons-on-img\">\n\n\t\t<a href=\"https:\/\/ekre.it\/pt-pt\/prodotto\/brilliance-gloss-spray-efeito-brilhante\/\" class=\"alignnone layzr-bg\"><img loading=\"lazy\" decoding=\"async\" width=\"300\" height=\"300\" src=\"data:image\/svg+xml;charset=utf-8,%3Csvg xmlns%3D&#039;http%3A%2F%2Fwww.w3.org%2F2000%2Fsvg&#039; viewBox%3D&#039;0 0 300 300&#039;%2F%3E\" class=\"attachment-woocommerce_thumbnail size-woocommerce_thumbnail owl-lazy-load preload-me\" alt=\"Brilliance - Spray efeito brilhante\" data-src=\"https:\/\/ekre.it\/wp-content\/uploads\/2024\/07\/43000_ekre_project_brillance_gloss_300ml-300x300.png\" data-srcset=\"https:\/\/ekre.it\/wp-content\/uploads\/2024\/07\/43000_ekre_project_brillance_gloss_300ml-300x300.png 300w, https:\/\/ekre.it\/wp-content\/uploads\/2024\/07\/43000_ekre_project_brillance_gloss_300ml-150x150.png 150w, https:\/\/ekre.it\/wp-content\/uploads\/2024\/07\/43000_ekre_project_brillance_gloss_300ml-768x768.png 768w, https:\/\/ekre.it\/wp-content\/uploads\/2024\/07\/43000_ekre_project_brillance_gloss_300ml-600x600.png 600w, https:\/\/ekre.it\/wp-content\/uploads\/2024\/07\/43000_ekre_project_brillance_gloss_300ml-200x200.png 200w, https:\/\/ekre.it\/wp-content\/uploads\/2024\/07\/43000_ekre_project_brillance_gloss_300ml.png 800w\" \/><\/a>\n\t<\/div>\n\t<figcaption class=\"woocom-list-content\">\n\n\t\t<div class=\"woo-buttons\"><a href=\"https:\/\/ekre.it\/pt-pt\/prodotto\/brilliance-gloss-spray-efeito-brilhante\/\" aria-describedby=\"woocommerce_loop_add_to_cart_link_describedby_5959\" data-quantity=\"1\" class=\"product_type_simple ajax_add_to_cart\" data-product_id=\"5959\" data-product_sku=\"\" aria-label=\"Leia mais sobre &ldquo;Brilliance - Spray efeito brilhante&rdquo;\" rel=\"nofollow\" data-success_message=\"\">Ler mais<\/a>\t<span id=\"woocommerce_loop_add_to_cart_link_describedby_5959\" class=\"screen-reader-text\">\n\t\t\t<\/span>\n<\/div>\n\t<\/figcaption>\n<\/figure>\n<\/article><\/div>[\/vc_column][\/vc_row]\n<\/div>","protected":false},"excerpt":{"rendered":"<p><span style=\"font-weight: 400;\">Project Crazy matt \u00e9 uma cera suave com efeito opaco. Cria um look natural com fixa\u00e7\u00e3o leve.<\/span><\/p>\n<p><span style=\"font-weight: 400;\">A cera opaca Ekre foi desenvolvida para oferecer um styling personalizado, conferindo textura \u00e0 cabeleira. Crazy matt define cada madeixa da cabeleira, sem pesar. A cera opaca crazy matt aplica-se facilmente na cabeleira e permite criar um estilo sofisticado sem pesar.<\/span><\/p>\n<p><span style=\"font-weight: 400;\">Uso profissional<\/span><\/p>\n<p><span style=\"font-weight: 400;\">Formato de 90 ml<\/span><\/p>\n<p><b>Certificado VEGANOK,\u00a0<\/b>este produto<b>\u00a0n\u00e3o apresenta nenhum ingrediente de origem animal e respeita totalmente os valores \u00e9ticos Vegan.<\/b><br \/>\n<img loading=\"lazy\" decoding=\"async\" class=\"alignnone size-full wp-image-5185\" src=\"https:\/\/ekre.it\/wp-content\/uploads\/2021\/06\/vegan_3.png\" alt=\"\" width=\"60\" height=\"68\" \/><\/p>\n","protected":false},"featured_media":7020,"template":"","meta":[],"product_brand":[],"product_cat":[904],"product_tag":[],"class_list":{"0":"post-5951","1":"product","2":"type-product","3":"status-publish","4":"has-post-thumbnail","6":"product_cat-styling-finishing-pt-pt","7":"description-off","9":"last","10":"instock","11":"shipping-taxable","12":"product-type-simple"},"yoast_head":"<!-- This site is optimized with the Yoast SEO plugin v26.7 - https:\/\/yoast.com\/wordpress\/plugins\/seo\/ -->\n<title>Crazy matt - Cera efeito opaco - Ekre - Be Natural<\/title>\n<meta name=\"robots\" content=\"index, follow, max-snippet:-1, max-image-preview:large, max-video-preview:-1\" \/>\n<link rel=\"canonical\" href=\"https:\/\/ekre.it\/pt-pt\/prodotto\/crazy-matt-cera-efeito-opaco\/\" \/>\n<meta property=\"og:locale\" content=\"pt_PT\" \/>\n<meta property=\"og:type\" content=\"article\" \/>\n<meta property=\"og:title\" content=\"Crazy matt - Cera efeito opaco - Ekre - Be Natural\" \/>\n<meta property=\"og:description\" content=\"Project Crazy matt \u00e9 uma cera suave com efeito opaco. Cria um look natural com fixa\u00e7\u00e3o leve.  A cera opaca Ekre foi desenvolvida para oferecer um styling personalizado, conferindo textura \u00e0 cabeleira. Crazy matt define cada madeixa da cabeleira, sem pesar. A cera opaca crazy matt aplica-se facilmente na cabeleira e permite criar um estilo sofisticado sem pesar.  Uso profissional  Formato de 90 ml  Certificado VEGANOK,\u00a0este produto\u00a0n\u00e3o apresenta nenhum ingrediente de origem animal e respeita totalmente os valores \u00e9ticos Vegan.\" \/>\n<meta property=\"og:url\" content=\"https:\/\/ekre.it\/pt-pt\/prodotto\/crazy-matt-cera-efeito-opaco\/\" \/>\n<meta property=\"og:site_name\" content=\"Ekre - Be Natural\" \/>\n<meta property=\"article:modified_time\" content=\"2024-08-05T07:03:23+00:00\" \/>\n<meta property=\"og:image\" content=\"https:\/\/ekre.it\/wp-content\/uploads\/2024\/08\/43004_ekre_project_matt_crazy_matt_wax_90ml.png\" \/>\n\t<meta property=\"og:image:width\" content=\"800\" \/>\n\t<meta property=\"og:image:height\" content=\"800\" \/>\n\t<meta property=\"og:image:type\" content=\"image\/png\" \/>\n<meta name=\"twitter:card\" content=\"summary_large_image\" \/>\n<meta name=\"twitter:label1\" content=\"Tempo estimado de leitura\" \/>\n\t<meta name=\"twitter:data1\" content=\"1 minuto\" \/>\n<script type=\"application\/ld+json\" class=\"yoast-schema-graph\">{\"@context\":\"https:\/\/schema.org\",\"@graph\":[{\"@type\":\"WebPage\",\"@id\":\"https:\/\/ekre.it\/pt-pt\/prodotto\/crazy-matt-cera-efeito-opaco\/\",\"url\":\"https:\/\/ekre.it\/pt-pt\/prodotto\/crazy-matt-cera-efeito-opaco\/\",\"name\":\"Crazy matt - Cera efeito opaco - Ekre - Be Natural\",\"isPartOf\":{\"@id\":\"https:\/\/ekre.it\/pt-pt\/#website\"},\"primaryImageOfPage\":{\"@id\":\"https:\/\/ekre.it\/pt-pt\/prodotto\/crazy-matt-cera-efeito-opaco\/#primaryimage\"},\"image\":{\"@id\":\"https:\/\/ekre.it\/pt-pt\/prodotto\/crazy-matt-cera-efeito-opaco\/#primaryimage\"},\"thumbnailUrl\":\"https:\/\/ekre.it\/wp-content\/uploads\/2024\/08\/43004_ekre_project_matt_crazy_matt_wax_90ml.png\",\"datePublished\":\"2024-05-22T14:40:26+00:00\",\"dateModified\":\"2024-08-05T07:03:23+00:00\",\"breadcrumb\":{\"@id\":\"https:\/\/ekre.it\/pt-pt\/prodotto\/crazy-matt-cera-efeito-opaco\/#breadcrumb\"},\"inLanguage\":\"pt-PT\",\"potentialAction\":[{\"@type\":\"ReadAction\",\"target\":[\"https:\/\/ekre.it\/pt-pt\/prodotto\/crazy-matt-cera-efeito-opaco\/\"]}]},{\"@type\":\"ImageObject\",\"inLanguage\":\"pt-PT\",\"@id\":\"https:\/\/ekre.it\/pt-pt\/prodotto\/crazy-matt-cera-efeito-opaco\/#primaryimage\",\"url\":\"https:\/\/ekre.it\/wp-content\/uploads\/2024\/08\/43004_ekre_project_matt_crazy_matt_wax_90ml.png\",\"contentUrl\":\"https:\/\/ekre.it\/wp-content\/uploads\/2024\/08\/43004_ekre_project_matt_crazy_matt_wax_90ml.png\",\"width\":800,\"height\":800},{\"@type\":\"BreadcrumbList\",\"@id\":\"https:\/\/ekre.it\/pt-pt\/prodotto\/crazy-matt-cera-efeito-opaco\/#breadcrumb\",\"itemListElement\":[{\"@type\":\"ListItem\",\"position\":1,\"name\":\"Home\",\"item\":\"https:\/\/ekre.it\/pt-pt\/\"},{\"@type\":\"ListItem\",\"position\":2,\"name\":\"Produtos\",\"item\":\"https:\/\/ekre.it\/pt-pt\/shop\/\"},{\"@type\":\"ListItem\",\"position\":3,\"name\":\"Crazy matt &#8211; Cera efeito opaco\"}]},{\"@type\":\"WebSite\",\"@id\":\"https:\/\/ekre.it\/pt-pt\/#website\",\"url\":\"https:\/\/ekre.it\/pt-pt\/\",\"name\":\"Ekre - Be Natural\",\"description\":\"\",\"potentialAction\":[{\"@type\":\"SearchAction\",\"target\":{\"@type\":\"EntryPoint\",\"urlTemplate\":\"https:\/\/ekre.it\/pt-pt\/?s={search_term_string}\"},\"query-input\":{\"@type\":\"PropertyValueSpecification\",\"valueRequired\":true,\"valueName\":\"search_term_string\"}}],\"inLanguage\":\"pt-PT\"}]}<\/script>\n<!-- \/ Yoast SEO plugin. -->","yoast_head_json":{"title":"Crazy matt - Cera efeito opaco - Ekre - Be Natural","robots":{"index":"index","follow":"follow","max-snippet":"max-snippet:-1","max-image-preview":"max-image-preview:large","max-video-preview":"max-video-preview:-1"},"canonical":"https:\/\/ekre.it\/pt-pt\/prodotto\/crazy-matt-cera-efeito-opaco\/","og_locale":"pt_PT","og_type":"article","og_title":"Crazy matt - Cera efeito opaco - Ekre - Be Natural","og_description":"Project Crazy matt \u00e9 uma cera suave com efeito opaco. Cria um look natural com fixa\u00e7\u00e3o leve.  A cera opaca Ekre foi desenvolvida para oferecer um styling personalizado, conferindo textura \u00e0 cabeleira. Crazy matt define cada madeixa da cabeleira, sem pesar. A cera opaca crazy matt aplica-se facilmente na cabeleira e permite criar um estilo sofisticado sem pesar.  Uso profissional  Formato de 90 ml  Certificado VEGANOK,\u00a0este produto\u00a0n\u00e3o apresenta nenhum ingrediente de origem animal e respeita totalmente os valores \u00e9ticos Vegan.","og_url":"https:\/\/ekre.it\/pt-pt\/prodotto\/crazy-matt-cera-efeito-opaco\/","og_site_name":"Ekre - Be Natural","article_modified_time":"2024-08-05T07:03:23+00:00","og_image":[{"width":800,"height":800,"url":"https:\/\/ekre.it\/wp-content\/uploads\/2024\/08\/43004_ekre_project_matt_crazy_matt_wax_90ml.png","type":"image\/png"}],"twitter_card":"summary_large_image","twitter_misc":{"Tempo estimado de leitura":"1 minuto"},"schema":{"@context":"https:\/\/schema.org","@graph":[{"@type":"WebPage","@id":"https:\/\/ekre.it\/pt-pt\/prodotto\/crazy-matt-cera-efeito-opaco\/","url":"https:\/\/ekre.it\/pt-pt\/prodotto\/crazy-matt-cera-efeito-opaco\/","name":"Crazy matt - Cera efeito opaco - Ekre - Be Natural","isPartOf":{"@id":"https:\/\/ekre.it\/pt-pt\/#website"},"primaryImageOfPage":{"@id":"https:\/\/ekre.it\/pt-pt\/prodotto\/crazy-matt-cera-efeito-opaco\/#primaryimage"},"image":{"@id":"https:\/\/ekre.it\/pt-pt\/prodotto\/crazy-matt-cera-efeito-opaco\/#primaryimage"},"thumbnailUrl":"https:\/\/ekre.it\/wp-content\/uploads\/2024\/08\/43004_ekre_project_matt_crazy_matt_wax_90ml.png","datePublished":"2024-05-22T14:40:26+00:00","dateModified":"2024-08-05T07:03:23+00:00","breadcrumb":{"@id":"https:\/\/ekre.it\/pt-pt\/prodotto\/crazy-matt-cera-efeito-opaco\/#breadcrumb"},"inLanguage":"pt-PT","potentialAction":[{"@type":"ReadAction","target":["https:\/\/ekre.it\/pt-pt\/prodotto\/crazy-matt-cera-efeito-opaco\/"]}]},{"@type":"ImageObject","inLanguage":"pt-PT","@id":"https:\/\/ekre.it\/pt-pt\/prodotto\/crazy-matt-cera-efeito-opaco\/#primaryimage","url":"https:\/\/ekre.it\/wp-content\/uploads\/2024\/08\/43004_ekre_project_matt_crazy_matt_wax_90ml.png","contentUrl":"https:\/\/ekre.it\/wp-content\/uploads\/2024\/08\/43004_ekre_project_matt_crazy_matt_wax_90ml.png","width":800,"height":800},{"@type":"BreadcrumbList","@id":"https:\/\/ekre.it\/pt-pt\/prodotto\/crazy-matt-cera-efeito-opaco\/#breadcrumb","itemListElement":[{"@type":"ListItem","position":1,"name":"Home","item":"https:\/\/ekre.it\/pt-pt\/"},{"@type":"ListItem","position":2,"name":"Produtos","item":"https:\/\/ekre.it\/pt-pt\/shop\/"},{"@type":"ListItem","position":3,"name":"Crazy matt &#8211; Cera efeito opaco"}]},{"@type":"WebSite","@id":"https:\/\/ekre.it\/pt-pt\/#website","url":"https:\/\/ekre.it\/pt-pt\/","name":"Ekre - Be Natural","description":"","potentialAction":[{"@type":"SearchAction","target":{"@type":"EntryPoint","urlTemplate":"https:\/\/ekre.it\/pt-pt\/?s={search_term_string}"},"query-input":{"@type":"PropertyValueSpecification","valueRequired":true,"valueName":"search_term_string"}}],"inLanguage":"pt-PT"}]}},"_links":{"self":[{"href":"https:\/\/ekre.it\/pt-pt\/wp-json\/wp\/v2\/product\/5951","targetHints":{"allow":["GET"]}}],"collection":[{"href":"https:\/\/ekre.it\/pt-pt\/wp-json\/wp\/v2\/product"}],"about":[{"href":"https:\/\/ekre.it\/pt-pt\/wp-json\/wp\/v2\/types\/product"}],"wp:featuredmedia":[{"embeddable":true,"href":"https:\/\/ekre.it\/pt-pt\/wp-json\/wp\/v2\/media\/7020"}],"wp:attachment":[{"href":"https:\/\/ekre.it\/pt-pt\/wp-json\/wp\/v2\/media?parent=5951"}],"wp:term":[{"taxonomy":"product_brand","embeddable":true,"href":"https:\/\/ekre.it\/pt-pt\/wp-json\/wp\/v2\/product_brand?post=5951"},{"taxonomy":"product_cat","embeddable":true,"href":"https:\/\/ekre.it\/pt-pt\/wp-json\/wp\/v2\/product_cat?post=5951"},{"taxonomy":"product_tag","embeddable":true,"href":"https:\/\/ekre.it\/pt-pt\/wp-json\/wp\/v2\/product_tag?post=5951"}],"curies":[{"name":"wp","href":"https:\/\/api.w.org\/{rel}","templated":true}]}}